{"id":80946,"date":"2022-11-23T22:09:03","date_gmt":"2022-11-23T21:09:03","guid":{"rendered":"https:\/\/onlinelotto365.com\/?page_id=80946"},"modified":"2022-11-23T22:09:03","modified_gmt":"2022-11-23T21:09:03","slug":"oz-lotto","status":"publish","type":"page","link":"https:\/\/onlinelotto365.com\/sv\/vinnande-nummer\/oz-lotto\/","title":{"rendered":"Vinnande nummer fr\u00e5n Oz Lotto"},"content":{"rendered":"<p>Det finns m\u00e5nga internationella lotterier p\u00e5 v\u00e5r webbplats och n\u00e4r du spelar dessa spel vill du se till att du kan kontrollera de vinnande numren. Ett s\u00e4tt \u00e4r genom en tidning, men det kan vara sv\u00e5rt att hitta Oz Lotto resultat i tidningen. Ett annat alternativ \u00e4r p\u00e5 TV, men att hitta r\u00e4tt kanal f\u00f6r att titta p\u00e5 dragningen eller se resultaten kan ocks\u00e5 vara en sv\u00e5r situation f\u00f6r de flesta.<br \/>\n<a href=\"https:\/\/redfoxlotto.com\/play\/oz-lotto\/?ref=a8564250a2&amp;medium=ol365\" target=\"_blank\" rel=\"noopener noreferrer\"><img decoding=\"async\" class=\"aligncenter\" src=\"https:\/\/redfoxlotto.com\/image?size=8&amp;lottery=oz-lotto\" alt=\"Oz Lotto\" \/><\/a><br \/>\nD\u00e4refter kan du kolla den officiella webbplatsen f\u00f6r Oz Lotto och se om du kan f\u00e5 resultaten d\u00e4r. Vissa spel l\u00e5ter dig se dragningen live p\u00e5 deras webbplats. Men t\u00e4nk p\u00e5 att detta inte \u00e4r m\u00f6jligt med alla lottospel och att du kanske inte har den m\u00f6jligheten.<\/p>\n<p>Efter att dragningen har \u00e4gt rum kan du ibland g\u00f6ra en s\u00f6kning p\u00e5 YouTube f\u00f6r att se resultatet av den senaste dragningen av Oz Lotto. Dessa \u00e4r inte heller alltid tillg\u00e4ngliga, men ibland l\u00e4gger n\u00e5gon upp en video av den levande dragningen eller siffrorna.<\/p>\n<p>Det b\u00e4sta du kan g\u00f6ra, om du vill f\u00e5 de senaste vinnande numren, \u00e4r dock att kolla in v\u00e5r webbplats och v\u00e5r sida med lotto resultat. D\u00e4r l\u00e4gger vi upp resultaten f\u00f6r varje lottospel som du kan k\u00f6pa p\u00e5 v\u00e5r webbplats s\u00e5 att du vet var du ska leta.<\/p>\n<h2>S\u00e5 h\u00e4r tar du reda p\u00e5 om din lott p\u00e5 n\u00e4tet har vunnit<\/h2>\n<p>F\u00f6r dig som har k\u00f6pt lotter till n\u00e5got av de spel som vi erbjuder kan du logga in p\u00e5 ditt konto och g\u00e5 till sidan d\u00e4r dina lotter finns lagrade. P\u00e5 denna sida f\u00e5r du all information som du beh\u00f6ver. Du kommer att kunna se dina lottobiljetter samt de vinnande numren.<br \/>\nOm du har tur nog att matcha n\u00e5gra nummer kommer du ocks\u00e5 att se de nummer som matchar markerade p\u00e5 din sk\u00e4rm. Och du kan kontrollera antalet matchade nummer och vilken vinst du har vunnit. Om det \u00e4r mindre \u00e4n 2 500 euro kan du titta p\u00e5 ditt konto och hitta det direkt p\u00e5 ditt spelarkonto s\u00e5 snart resultaten har verifierats.<\/p>\n<h2>Oz Lotto resultatarkiv<\/h2>\n<p>F\u00f6r dem som vill titta p\u00e5 \u00e4ldre nummer fr\u00e5n Oz Lotto eller andra lotterispel kan du enkelt hitta arkivet l\u00e4nkat till varje sida d\u00e4r de aktuella numren visas. Detta g\u00f6r det l\u00e4ttare f\u00f6r dig att hitta de nummer som du letar efter f\u00f6r att hj\u00e4lpa dig med framtida tips.<\/p>\n<h2>Min lott har vunnit, vad h\u00e4nder h\u00e4rn\u00e4st?<\/h2>\n<p><img loading=\"lazy\" decoding=\"async\" class=\"alignright wp-image-3624\" src=\"https:\/\/onlinelotto365.com\/wp-content\/uploads\/2020\/11\/online_lottery-74-200x300.jpg\" alt=\"oz lotto vinnande nummer\" width=\"123\" height=\"185\" srcset=\"https:\/\/onlinelotto365.com\/wp-content\/uploads\/2020\/11\/online_lottery-74-200x300.jpg 200w, https:\/\/onlinelotto365.com\/wp-content\/uploads\/2020\/11\/online_lottery-74.jpg 320w\" sizes=\"auto, (max-width: 123px) 100vw, 123px\" \/><br \/>\nVi har redan talat om hur du kan f\u00e5 din vinst om din lott matchar de vinnande numren, men l\u00e5t oss ta en lite n\u00e4rmare titt ocks\u00e5. Om du har en lott som \u00e4r v\u00e4rd mindre \u00e4n 2 500 euro kommer pengarna automatiskt att l\u00e4ggas till p\u00e5 ditt konto s\u00e5 snart de vinnande numren har verifierats.<\/p>\n<p>Om du sedan har minst 10 \u20ac p\u00e5 ditt konto kan du ta ut pengarna med hj\u00e4lp av vilken betalningsmetod som helst som du redan har anv\u00e4nt p\u00e5 ditt konto. Du beh\u00f6ver bara fylla i ett par formul\u00e4r f\u00f6r att verifiera din identitet och dina pengar kommer att finnas p\u00e5 ditt konto p\u00e5 nolltid. Eller s\u00e5 kan du l\u00e5ta dem ligga kvar och anv\u00e4nda dem f\u00f6r att k\u00f6pa \u00e4nnu fler biljetter senare.<\/p>\n","protected":false},"excerpt":{"rendered":"<p>Det finns m\u00e5nga internationella lotterier p\u00e5 v\u00e5r webbplats och n\u00e4r du spelar dessa spel vill du se till att du kan kontrollera de vinnande numren. Ett s\u00e4tt \u00e4r genom en tidning, men det kan vara sv\u00e5rt att hitta Oz Lotto resultat i tidningen. Ett annat alternativ \u00e4r p\u00e5 TV, men att hitta r\u00e4tt kanal f\u00f6r [&hellip;]<\/p>\n","protected":false},"author":1,"featured_media":0,"parent":5869,"menu_order":14,"comment_status":"closed","ping_status":"closed","template":"template-rightsidebar.php","meta":{"_et_pb_use_builder":"","_et_pb_old_content":"","_et_gb_content_width":"","exclude_from_search":false,"footnotes":""},"class_list":["post-80946","page","type-page","status-publish","hentry"],"yoast_head":"<!-- This site is optimized with the Yoast SEO plugin v23.4 - https:\/\/yoast.com\/wordpress\/plugins\/seo\/ -->\n<title>Oz Lotto dragningsresultat och priser<\/title>\n<meta name=\"description\" content=\"Letar du efter dragningsresultaten f\u00f6r Oz Lotto? H\u00e4r \u00e4r de vinnande numren\" \/>\n<meta name=\"robots\" content=\"index, follow, max-snippet:-1, max-image-preview:large, max-video-preview:-1\" \/>\n<link rel=\"canonical\" href=\"https:\/\/onlinelotto365.com\/sv\/vinnande-nummer\/oz-lotto\/\" \/>\n<meta property=\"og:locale\" content=\"sv_SE\" \/>\n<meta property=\"og:type\" content=\"article\" \/>\n<meta property=\"og:title\" content=\"Oz Lotto dragningsresultat och priser\" \/>\n<meta property=\"og:description\" content=\"Letar du efter dragningsresultaten f\u00f6r Oz Lotto? H\u00e4r \u00e4r de vinnande numren\" \/>\n<meta property=\"og:url\" content=\"https:\/\/onlinelotto365.com\/sv\/vinnande-nummer\/oz-lotto\/\" \/>\n<meta property=\"og:site_name\" content=\"OnlineLotto365\" \/>\n<meta property=\"og:image\" content=\"https:\/\/redfoxlotto.com\/image?size=8&amp;lottery=oz-lotto\" \/>\n<meta name=\"twitter:card\" content=\"summary_large_image\" \/>\n<meta name=\"twitter:label1\" content=\"Ber\u00e4knad l\u00e4stid\" \/>\n\t<meta name=\"twitter:data1\" content=\"3 minuter\" \/>\n<script type=\"application\/ld+json\" class=\"yoast-schema-graph\">{\"@context\":\"https:\/\/schema.org\",\"@graph\":[{\"@type\":\"WebPage\",\"@id\":\"https:\/\/onlinelotto365.com\/sv\/vinnande-nummer\/oz-lotto\/\",\"url\":\"https:\/\/onlinelotto365.com\/sv\/vinnande-nummer\/oz-lotto\/\",\"name\":\"Oz Lotto dragningsresultat och priser\",\"isPartOf\":{\"@id\":\"https:\/\/onlinelotto365.com\/sv\/#website\"},\"primaryImageOfPage\":{\"@id\":\"https:\/\/onlinelotto365.com\/sv\/vinnande-nummer\/oz-lotto\/#primaryimage\"},\"image\":{\"@id\":\"https:\/\/onlinelotto365.com\/sv\/vinnande-nummer\/oz-lotto\/#primaryimage\"},\"thumbnailUrl\":\"https:\/\/redfoxlotto.com\/image?size=8&amp;lottery=oz-lotto\",\"datePublished\":\"2022-11-23T21:09:03+00:00\",\"dateModified\":\"2022-11-23T21:09:03+00:00\",\"description\":\"Letar du efter dragningsresultaten f\u00f6r Oz Lotto? H\u00e4r \u00e4r de vinnande numren\",\"breadcrumb\":{\"@id\":\"https:\/\/onlinelotto365.com\/sv\/vinnande-nummer\/oz-lotto\/#breadcrumb\"},\"inLanguage\":\"sv-SE\",\"potentialAction\":[{\"@type\":\"ReadAction\",\"target\":[\"https:\/\/onlinelotto365.com\/sv\/vinnande-nummer\/oz-lotto\/\"]}]},{\"@type\":\"ImageObject\",\"inLanguage\":\"sv-SE\",\"@id\":\"https:\/\/onlinelotto365.com\/sv\/vinnande-nummer\/oz-lotto\/#primaryimage\",\"url\":\"https:\/\/redfoxlotto.com\/image?size=8&amp;lottery=oz-lotto\",\"contentUrl\":\"https:\/\/redfoxlotto.com\/image?size=8&amp;lottery=oz-lotto\"},{\"@type\":\"BreadcrumbList\",\"@id\":\"https:\/\/onlinelotto365.com\/sv\/vinnande-nummer\/oz-lotto\/#breadcrumb\",\"itemListElement\":[{\"@type\":\"ListItem\",\"position\":1,\"name\":\"Home\",\"item\":\"https:\/\/onlinelotto365.com\/sv\/\"},{\"@type\":\"ListItem\",\"position\":2,\"name\":\"Hitta vinnande nummer och resultat f\u00f6r de senaste lottodragningarna\",\"item\":\"https:\/\/onlinelotto365.com\/sv\/vinnande-nummer\/\"},{\"@type\":\"ListItem\",\"position\":3,\"name\":\"Vinnande nummer fr\u00e5n Oz Lotto\"}]},{\"@type\":\"WebSite\",\"@id\":\"https:\/\/onlinelotto365.com\/sv\/#website\",\"url\":\"https:\/\/onlinelotto365.com\/sv\/\",\"name\":\"OnlineLotto365\",\"description\":\"\",\"potentialAction\":[{\"@type\":\"SearchAction\",\"target\":{\"@type\":\"EntryPoint\",\"urlTemplate\":\"https:\/\/onlinelotto365.com\/sv\/?s={search_term_string}\"},\"query-input\":{\"@type\":\"PropertyValueSpecification\",\"valueRequired\":true,\"valueName\":\"search_term_string\"}}],\"inLanguage\":\"sv-SE\"}]}<\/script>\n<!-- \/ Yoast SEO plugin. -->","yoast_head_json":{"title":"Oz Lotto dragningsresultat och priser","description":"Letar du efter dragningsresultaten f\u00f6r Oz Lotto? H\u00e4r \u00e4r de vinnande numren","robots":{"index":"index","follow":"follow","max-snippet":"max-snippet:-1","max-image-preview":"max-image-preview:large","max-video-preview":"max-video-preview:-1"},"canonical":"https:\/\/onlinelotto365.com\/sv\/vinnande-nummer\/oz-lotto\/","og_locale":"sv_SE","og_type":"article","og_title":"Oz Lotto dragningsresultat och priser","og_description":"Letar du efter dragningsresultaten f\u00f6r Oz Lotto? H\u00e4r \u00e4r de vinnande numren","og_url":"https:\/\/onlinelotto365.com\/sv\/vinnande-nummer\/oz-lotto\/","og_site_name":"OnlineLotto365","og_image":[{"url":"https:\/\/redfoxlotto.com\/image?size=8&amp;lottery=oz-lotto"}],"twitter_card":"summary_large_image","twitter_misc":{"Ber\u00e4knad l\u00e4stid":"3 minuter"},"schema":{"@context":"https:\/\/schema.org","@graph":[{"@type":"WebPage","@id":"https:\/\/onlinelotto365.com\/sv\/vinnande-nummer\/oz-lotto\/","url":"https:\/\/onlinelotto365.com\/sv\/vinnande-nummer\/oz-lotto\/","name":"Oz Lotto dragningsresultat och priser","isPartOf":{"@id":"https:\/\/onlinelotto365.com\/sv\/#website"},"primaryImageOfPage":{"@id":"https:\/\/onlinelotto365.com\/sv\/vinnande-nummer\/oz-lotto\/#primaryimage"},"image":{"@id":"https:\/\/onlinelotto365.com\/sv\/vinnande-nummer\/oz-lotto\/#primaryimage"},"thumbnailUrl":"https:\/\/redfoxlotto.com\/image?size=8&amp;lottery=oz-lotto","datePublished":"2022-11-23T21:09:03+00:00","dateModified":"2022-11-23T21:09:03+00:00","description":"Letar du efter dragningsresultaten f\u00f6r Oz Lotto? H\u00e4r \u00e4r de vinnande numren","breadcrumb":{"@id":"https:\/\/onlinelotto365.com\/sv\/vinnande-nummer\/oz-lotto\/#breadcrumb"},"inLanguage":"sv-SE","potentialAction":[{"@type":"ReadAction","target":["https:\/\/onlinelotto365.com\/sv\/vinnande-nummer\/oz-lotto\/"]}]},{"@type":"ImageObject","inLanguage":"sv-SE","@id":"https:\/\/onlinelotto365.com\/sv\/vinnande-nummer\/oz-lotto\/#primaryimage","url":"https:\/\/redfoxlotto.com\/image?size=8&amp;lottery=oz-lotto","contentUrl":"https:\/\/redfoxlotto.com\/image?size=8&amp;lottery=oz-lotto"},{"@type":"BreadcrumbList","@id":"https:\/\/onlinelotto365.com\/sv\/vinnande-nummer\/oz-lotto\/#breadcrumb","itemListElement":[{"@type":"ListItem","position":1,"name":"Home","item":"https:\/\/onlinelotto365.com\/sv\/"},{"@type":"ListItem","position":2,"name":"Hitta vinnande nummer och resultat f\u00f6r de senaste lottodragningarna","item":"https:\/\/onlinelotto365.com\/sv\/vinnande-nummer\/"},{"@type":"ListItem","position":3,"name":"Vinnande nummer fr\u00e5n Oz Lotto"}]},{"@type":"WebSite","@id":"https:\/\/onlinelotto365.com\/sv\/#website","url":"https:\/\/onlinelotto365.com\/sv\/","name":"OnlineLotto365","description":"","potentialAction":[{"@type":"SearchAction","target":{"@type":"EntryPoint","urlTemplate":"https:\/\/onlinelotto365.com\/sv\/?s={search_term_string}"},"query-input":{"@type":"PropertyValueSpecification","valueRequired":true,"valueName":"search_term_string"}}],"inLanguage":"sv-SE"}]}},"_links":{"self":[{"href":"https:\/\/onlinelotto365.com\/sv\/wp-json\/wp\/v2\/pages\/80946","targetHints":{"allow":["GET"]}}],"collection":[{"href":"https:\/\/onlinelotto365.com\/sv\/wp-json\/wp\/v2\/pages"}],"about":[{"href":"https:\/\/onlinelotto365.com\/sv\/wp-json\/wp\/v2\/types\/page"}],"author":[{"embeddable":true,"href":"https:\/\/onlinelotto365.com\/sv\/wp-json\/wp\/v2\/users\/1"}],"replies":[{"embeddable":true,"href":"https:\/\/onlinelotto365.com\/sv\/wp-json\/wp\/v2\/comments?post=80946"}],"version-history":[{"count":0,"href":"https:\/\/onlinelotto365.com\/sv\/wp-json\/wp\/v2\/pages\/80946\/revisions"}],"up":[{"embeddable":true,"href":"https:\/\/onlinelotto365.com\/sv\/wp-json\/wp\/v2\/pages\/5869"}],"wp:attachment":[{"href":"https:\/\/onlinelotto365.com\/sv\/wp-json\/wp\/v2\/media?parent=80946"}],"curies":[{"name":"wp","href":"https:\/\/api.w.org\/{rel}","templated":true}]}}