{"id":80976,"date":"2022-11-25T09:16:53","date_gmt":"2022-11-25T08:16:53","guid":{"rendered":"https:\/\/onlinelotto365.com\/?page_id=80976"},"modified":"2022-11-25T09:16:53","modified_gmt":"2022-11-25T08:16:53","slug":"saturday-lotto-australia","status":"publish","type":"page","link":"https:\/\/onlinelotto365.com\/sv\/vinnande-nummer\/saturday-lotto-australia\/","title":{"rendered":"Kontrollera vinnande nummer och belopp f\u00f6r Saturday Lotto Australia"},"content":{"rendered":"<p>Det finns m\u00e5nga olika internationella spel p\u00e5 v\u00e5r webbplats och vi vet att du vill kunna f\u00e5 fram de vinnande numren s\u00e5 snabbt som m\u00f6jligt. Tidningen \u00e4r i allm\u00e4nhet inte ett bra st\u00e4lle att hitta vinnande nummer f\u00f6r l\u00f6rdagslotto Australien. Det \u00e4r inte heller s\u00e4rskilt bra att titta p\u00e5 TV-kanaler och hoppas p\u00e5 att hitta r\u00e4tt f\u00f6r detta spel. S\u00e5 vart ska du g\u00e5 f\u00f6r att f\u00e5 dina resultat?<br \/>\n<a href=\"https:\/\/redfoxlotto.com\/play\/saturday-lotto-au\/?ref=a8564250a2&amp;medium=ol365\" target=\"_blank\" rel=\"noopener noreferrer\"><img decoding=\"async\" class=\"aligncenter\" src=\"https:\/\/redfoxlotto.com\/image?size=8&amp;lottery=saturday-lotto-au\" alt=\"L\u00f6rdag Lotto Australien\" \/><\/a><br \/>\nLotteriets webbplats \u00e4r ett st\u00e4lle att titta p\u00e5. Vissa lotterispel erbjuder direkts\u00e4ndningar av sina dragningar, men Saturday Lotto Australia kanske inte \u00e4r ett av dem. Du m\u00e5ste kolla p\u00e5 webbplatsen f\u00f6r att vara s\u00e4ker och sedan m\u00e5ste du se till att du tittar vid r\u00e4tt tidpunkt om de erbjuder dragningen live.<br \/>\nSlutligen, om dragningen redan har genomf\u00f6rts kan du kanske g\u00f6ra en s\u00f6kning p\u00e5 YouTube f\u00f6r att hitta resultaten som n\u00e5gon redan har lagt upp. De kanske har en video av live-utlottningen att l\u00e4gga upp.<\/p>\n<p>Det enklaste s\u00e4ttet f\u00f6r dig att f\u00e5 fram de resultat du s\u00f6ker \u00e4r dock att g\u00e5 tillbaka direkt till v\u00e5r webbplats. Det \u00e4r d\u00e4r du hittar alla nummer f\u00f6r l\u00f6rdagslotto Australien samt alla andra spel som du vill spela. Numren finns p\u00e5 v\u00e5r sida med lotteriresultat och \u00e4r l\u00e4tta att hitta.<\/p>\n<h2>S\u00e5 h\u00e4r f\u00e5r du reda p\u00e5 om din online-lott har vunnit<\/h2>\n<p>Den som redan har k\u00f6pt lotter f\u00f6r Saturday Lotto Australia p\u00e5 v\u00e5r webbplats kommer att f\u00e5 det \u00e4nnu enklare eftersom du bara kan g\u00e5 in p\u00e5 ditt konto. Logga in och kolla upp sidan d\u00e4r dina lotter \u00e4r lagrade. D\u00e4r hittar du inte bara dina lottnummer utan \u00e4ven vinstnumren f\u00f6r alla spel som du har spelat.<\/p>\n<p>D\u00e4rifr\u00e5n kan du leta efter matchningar, som vi markerar f\u00f6r dig i olika f\u00e4rger. P\u00e5 s\u00e5 s\u00e4tt kan du se hur mycket du har vunnit och du kan se var pengarna finns p\u00e5 ditt konto. Om det \u00e4r mindre \u00e4n 2 500 euro har vi redan satt in dem direkt p\u00e5 kontot \u00e5t dig s\u00e5 du beh\u00f6ver inte g\u00f6ra n\u00e5got.<\/p>\n<h2>L\u00f6rdag Lotto Australia resultatarkiv<\/h2>\n<p>F\u00f6r dig som vill titta p\u00e5 \u00e4ldre nummer f\u00f6r l\u00f6rdagslotto Australien beh\u00f6ver du inte oroa dig f\u00f6r n\u00e5gonting. Vi ser till att arkiven \u00e4r l\u00e4tta att hitta genom att bifoga dem till alla sidor d\u00e4r vi visar de aktuella lottoresultaten. P\u00e5 s\u00e5 s\u00e4tt kan du kolla alla nummer du vill ha, \u00e4ven fr\u00e5n en l\u00e5ng tid tillbaka.<\/p>\n<h2>Min lott har vunnit, vad h\u00e4nder h\u00e4rn\u00e4st?<\/h2>\n<p><img loading=\"lazy\" decoding=\"async\" class=\"alignright wp-image-3649\" src=\"https:\/\/onlinelotto365.com\/wp-content\/uploads\/2020\/11\/online_lottery-90-300x225.jpg\" alt=\"vinnande nummer l\u00f6rdag lotto australien\" width=\"207\" height=\"155\" srcset=\"https:\/\/onlinelotto365.com\/wp-content\/uploads\/2020\/11\/online_lottery-90-300x225.jpg 300w, https:\/\/onlinelotto365.com\/wp-content\/uploads\/2020\/11\/online_lottery-90.jpg 320w\" sizes=\"auto, (max-width: 207px) 100vw, 207px\" \/><br \/>\nVi har redan talat om de vinster som du kan f\u00e5 fr\u00e5n dina lotter. Om dessa vinster \u00e4r mindre \u00e4n 2 500 euro beh\u00f6ver du inte g\u00f6ra n\u00e5got f\u00f6r att h\u00e4mta ut dem. Vi kommer att s\u00e4tta in pengarna p\u00e5 ditt spelarkonto \u00e5t dig direkt. Om vinsterna \u00e4r mer \u00e4n 2 500 euro hj\u00e4lper vi dig genom processen f\u00f6r att kr\u00e4va dem.<\/p>\n<p>T\u00e4nk ocks\u00e5 p\u00e5 att du kan ta ut alla pengar p\u00e5 ditt konto s\u00e5 l\u00e4nge det finns minst 10 \u20ac. Allt du beh\u00f6ver g\u00f6ra \u00e4r att v\u00e4lja en betalningsmetod som du har anv\u00e4nt p\u00e5 kontot tidigare och fylla i n\u00e5gra verifieringsformul\u00e4r f\u00f6r v\u00e5r betalningsf\u00f6rmedlare.<\/p>\n","protected":false},"excerpt":{"rendered":"<p>Det finns m\u00e5nga olika internationella spel p\u00e5 v\u00e5r webbplats och vi vet att du vill kunna f\u00e5 fram de vinnande numren s\u00e5 snabbt som m\u00f6jligt. Tidningen \u00e4r i allm\u00e4nhet inte ett bra st\u00e4lle att hitta vinnande nummer f\u00f6r l\u00f6rdagslotto Australien. Det \u00e4r inte heller s\u00e4rskilt bra att titta p\u00e5 TV-kanaler och hoppas p\u00e5 att hitta [&hellip;]<\/p>\n","protected":false},"author":1,"featured_media":0,"parent":5869,"menu_order":15,"comment_status":"closed","ping_status":"closed","template":"saturday-lotto-results.php","meta":{"_et_pb_use_builder":"","_et_pb_old_content":"","_et_gb_content_width":"","exclude_from_search":false,"footnotes":""},"class_list":["post-80976","page","type-page","status-publish","hentry"],"yoast_head":"<!-- This site is optimized with the Yoast SEO plugin v23.4 - https:\/\/yoast.com\/wordpress\/plugins\/seo\/ -->\n<title>Kontrollera vinnande nummer och belopp f\u00f6r l\u00f6rdag Lotto Australien<\/title>\n<meta name=\"description\" content=\"Dragningsresultat, vinnande nummer l\u00f6rdagslotto Australien, plus resultatarkiv.\" \/>\n<meta name=\"robots\" content=\"index, follow, max-snippet:-1, max-image-preview:large, max-video-preview:-1\" \/>\n<link rel=\"canonical\" href=\"https:\/\/onlinelotto365.com\/sv\/vinnande-nummer\/saturday-lotto-australia\/\" \/>\n<meta property=\"og:locale\" content=\"sv_SE\" \/>\n<meta property=\"og:type\" content=\"article\" \/>\n<meta property=\"og:title\" content=\"Kontrollera vinnande nummer och belopp f\u00f6r l\u00f6rdag Lotto Australien\" \/>\n<meta property=\"og:description\" content=\"Dragningsresultat, vinnande nummer l\u00f6rdagslotto Australien, plus resultatarkiv.\" \/>\n<meta property=\"og:url\" content=\"https:\/\/onlinelotto365.com\/sv\/vinnande-nummer\/saturday-lotto-australia\/\" \/>\n<meta property=\"og:site_name\" content=\"OnlineLotto365\" \/>\n<meta property=\"og:image\" content=\"https:\/\/redfoxlotto.com\/image?size=8&amp;lottery=saturday-lotto-au\" \/>\n<meta name=\"twitter:card\" content=\"summary_large_image\" \/>\n<meta name=\"twitter:label1\" content=\"Ber\u00e4knad l\u00e4stid\" \/>\n\t<meta name=\"twitter:data1\" content=\"3 minuter\" \/>\n<script type=\"application\/ld+json\" class=\"yoast-schema-graph\">{\"@context\":\"https:\/\/schema.org\",\"@graph\":[{\"@type\":\"WebPage\",\"@id\":\"https:\/\/onlinelotto365.com\/sv\/vinnande-nummer\/saturday-lotto-australia\/\",\"url\":\"https:\/\/onlinelotto365.com\/sv\/vinnande-nummer\/saturday-lotto-australia\/\",\"name\":\"Kontrollera vinnande nummer och belopp f\u00f6r l\u00f6rdag Lotto Australien\",\"isPartOf\":{\"@id\":\"https:\/\/onlinelotto365.com\/sv\/#website\"},\"primaryImageOfPage\":{\"@id\":\"https:\/\/onlinelotto365.com\/sv\/vinnande-nummer\/saturday-lotto-australia\/#primaryimage\"},\"image\":{\"@id\":\"https:\/\/onlinelotto365.com\/sv\/vinnande-nummer\/saturday-lotto-australia\/#primaryimage\"},\"thumbnailUrl\":\"https:\/\/redfoxlotto.com\/image?size=8&amp;lottery=saturday-lotto-au\",\"datePublished\":\"2022-11-25T08:16:53+00:00\",\"dateModified\":\"2022-11-25T08:16:53+00:00\",\"description\":\"Dragningsresultat, vinnande nummer l\u00f6rdagslotto Australien, plus resultatarkiv.\",\"breadcrumb\":{\"@id\":\"https:\/\/onlinelotto365.com\/sv\/vinnande-nummer\/saturday-lotto-australia\/#breadcrumb\"},\"inLanguage\":\"sv-SE\",\"potentialAction\":[{\"@type\":\"ReadAction\",\"target\":[\"https:\/\/onlinelotto365.com\/sv\/vinnande-nummer\/saturday-lotto-australia\/\"]}]},{\"@type\":\"ImageObject\",\"inLanguage\":\"sv-SE\",\"@id\":\"https:\/\/onlinelotto365.com\/sv\/vinnande-nummer\/saturday-lotto-australia\/#primaryimage\",\"url\":\"https:\/\/redfoxlotto.com\/image?size=8&amp;lottery=saturday-lotto-au\",\"contentUrl\":\"https:\/\/redfoxlotto.com\/image?size=8&amp;lottery=saturday-lotto-au\"},{\"@type\":\"BreadcrumbList\",\"@id\":\"https:\/\/onlinelotto365.com\/sv\/vinnande-nummer\/saturday-lotto-australia\/#breadcrumb\",\"itemListElement\":[{\"@type\":\"ListItem\",\"position\":1,\"name\":\"Home\",\"item\":\"https:\/\/onlinelotto365.com\/sv\/\"},{\"@type\":\"ListItem\",\"position\":2,\"name\":\"Hitta vinnande nummer och resultat f\u00f6r de senaste lottodragningarna\",\"item\":\"https:\/\/onlinelotto365.com\/sv\/vinnande-nummer\/\"},{\"@type\":\"ListItem\",\"position\":3,\"name\":\"Kontrollera vinnande nummer och belopp f\u00f6r Saturday Lotto Australia\"}]},{\"@type\":\"WebSite\",\"@id\":\"https:\/\/onlinelotto365.com\/sv\/#website\",\"url\":\"https:\/\/onlinelotto365.com\/sv\/\",\"name\":\"OnlineLotto365\",\"description\":\"\",\"potentialAction\":[{\"@type\":\"SearchAction\",\"target\":{\"@type\":\"EntryPoint\",\"urlTemplate\":\"https:\/\/onlinelotto365.com\/sv\/?s={search_term_string}\"},\"query-input\":{\"@type\":\"PropertyValueSpecification\",\"valueRequired\":true,\"valueName\":\"search_term_string\"}}],\"inLanguage\":\"sv-SE\"}]}<\/script>\n<!-- \/ Yoast SEO plugin. -->","yoast_head_json":{"title":"Kontrollera vinnande nummer och belopp f\u00f6r l\u00f6rdag Lotto Australien","description":"Dragningsresultat, vinnande nummer l\u00f6rdagslotto Australien, plus resultatarkiv.","robots":{"index":"index","follow":"follow","max-snippet":"max-snippet:-1","max-image-preview":"max-image-preview:large","max-video-preview":"max-video-preview:-1"},"canonical":"https:\/\/onlinelotto365.com\/sv\/vinnande-nummer\/saturday-lotto-australia\/","og_locale":"sv_SE","og_type":"article","og_title":"Kontrollera vinnande nummer och belopp f\u00f6r l\u00f6rdag Lotto Australien","og_description":"Dragningsresultat, vinnande nummer l\u00f6rdagslotto Australien, plus resultatarkiv.","og_url":"https:\/\/onlinelotto365.com\/sv\/vinnande-nummer\/saturday-lotto-australia\/","og_site_name":"OnlineLotto365","og_image":[{"url":"https:\/\/redfoxlotto.com\/image?size=8&amp;lottery=saturday-lotto-au"}],"twitter_card":"summary_large_image","twitter_misc":{"Ber\u00e4knad l\u00e4stid":"3 minuter"},"schema":{"@context":"https:\/\/schema.org","@graph":[{"@type":"WebPage","@id":"https:\/\/onlinelotto365.com\/sv\/vinnande-nummer\/saturday-lotto-australia\/","url":"https:\/\/onlinelotto365.com\/sv\/vinnande-nummer\/saturday-lotto-australia\/","name":"Kontrollera vinnande nummer och belopp f\u00f6r l\u00f6rdag Lotto Australien","isPartOf":{"@id":"https:\/\/onlinelotto365.com\/sv\/#website"},"primaryImageOfPage":{"@id":"https:\/\/onlinelotto365.com\/sv\/vinnande-nummer\/saturday-lotto-australia\/#primaryimage"},"image":{"@id":"https:\/\/onlinelotto365.com\/sv\/vinnande-nummer\/saturday-lotto-australia\/#primaryimage"},"thumbnailUrl":"https:\/\/redfoxlotto.com\/image?size=8&amp;lottery=saturday-lotto-au","datePublished":"2022-11-25T08:16:53+00:00","dateModified":"2022-11-25T08:16:53+00:00","description":"Dragningsresultat, vinnande nummer l\u00f6rdagslotto Australien, plus resultatarkiv.","breadcrumb":{"@id":"https:\/\/onlinelotto365.com\/sv\/vinnande-nummer\/saturday-lotto-australia\/#breadcrumb"},"inLanguage":"sv-SE","potentialAction":[{"@type":"ReadAction","target":["https:\/\/onlinelotto365.com\/sv\/vinnande-nummer\/saturday-lotto-australia\/"]}]},{"@type":"ImageObject","inLanguage":"sv-SE","@id":"https:\/\/onlinelotto365.com\/sv\/vinnande-nummer\/saturday-lotto-australia\/#primaryimage","url":"https:\/\/redfoxlotto.com\/image?size=8&amp;lottery=saturday-lotto-au","contentUrl":"https:\/\/redfoxlotto.com\/image?size=8&amp;lottery=saturday-lotto-au"},{"@type":"BreadcrumbList","@id":"https:\/\/onlinelotto365.com\/sv\/vinnande-nummer\/saturday-lotto-australia\/#breadcrumb","itemListElement":[{"@type":"ListItem","position":1,"name":"Home","item":"https:\/\/onlinelotto365.com\/sv\/"},{"@type":"ListItem","position":2,"name":"Hitta vinnande nummer och resultat f\u00f6r de senaste lottodragningarna","item":"https:\/\/onlinelotto365.com\/sv\/vinnande-nummer\/"},{"@type":"ListItem","position":3,"name":"Kontrollera vinnande nummer och belopp f\u00f6r Saturday Lotto Australia"}]},{"@type":"WebSite","@id":"https:\/\/onlinelotto365.com\/sv\/#website","url":"https:\/\/onlinelotto365.com\/sv\/","name":"OnlineLotto365","description":"","potentialAction":[{"@type":"SearchAction","target":{"@type":"EntryPoint","urlTemplate":"https:\/\/onlinelotto365.com\/sv\/?s={search_term_string}"},"query-input":{"@type":"PropertyValueSpecification","valueRequired":true,"valueName":"search_term_string"}}],"inLanguage":"sv-SE"}]}},"_links":{"self":[{"href":"https:\/\/onlinelotto365.com\/sv\/wp-json\/wp\/v2\/pages\/80976","targetHints":{"allow":["GET"]}}],"collection":[{"href":"https:\/\/onlinelotto365.com\/sv\/wp-json\/wp\/v2\/pages"}],"about":[{"href":"https:\/\/onlinelotto365.com\/sv\/wp-json\/wp\/v2\/types\/page"}],"author":[{"embeddable":true,"href":"https:\/\/onlinelotto365.com\/sv\/wp-json\/wp\/v2\/users\/1"}],"replies":[{"embeddable":true,"href":"https:\/\/onlinelotto365.com\/sv\/wp-json\/wp\/v2\/comments?post=80976"}],"version-history":[{"count":0,"href":"https:\/\/onlinelotto365.com\/sv\/wp-json\/wp\/v2\/pages\/80976\/revisions"}],"up":[{"embeddable":true,"href":"https:\/\/onlinelotto365.com\/sv\/wp-json\/wp\/v2\/pages\/5869"}],"wp:attachment":[{"href":"https:\/\/onlinelotto365.com\/sv\/wp-json\/wp\/v2\/media?parent=80976"}],"curies":[{"name":"wp","href":"https:\/\/api.w.org\/{rel}","templated":true}]}}