{"id":81010,"date":"2022-11-25T10:23:00","date_gmt":"2022-11-25T09:23:00","guid":{"rendered":"https:\/\/onlinelotto365.com\/?page_id=81010"},"modified":"2022-11-25T10:23:00","modified_gmt":"2022-11-25T09:23:00","slug":"mon-wed-lotto","status":"publish","type":"page","link":"https:\/\/onlinelotto365.com\/sv\/vinnande-nummer\/mon-wed-lotto\/","title":{"rendered":"Alla m\u00e5ndag och onsdag Lotto Australia resultat"},"content":{"rendered":"<p>Det finns m\u00e5nga olika internationella spel som du kan spela n\u00e4r det g\u00e4ller lotteriet. Och du vill kunna f\u00e5 resultaten f\u00f6r dem s\u00e5 snabbt som m\u00f6jligt. Ett s\u00e4tt att g\u00f6ra det \u00e4r att leta efter en tidning som erbjuder Mon &amp; Wed Lotto Australia vinnande nummer. Men dessa kan vara sv\u00e5ra att hitta. Ett annat alternativ \u00e4r tv:n, men \u00e4ven de kanalerna kan vara sv\u00e5ra att hitta. S\u00e5 vad h\u00e4nder om du inte vill g\u00f6ra en massa efterforskningar?<br \/>\n<a href=\"https:\/\/redfoxlotto.com\/play\/monday-wednesday-lotto-au\/?ref=a8564250a2&amp;medium=ol365\" target=\"_blank\" rel=\"noopener noreferrer\"><img decoding=\"async\" class=\"aligncenter\" src=\"https:\/\/redfoxlotto.com\/image?size=8&amp;lottery=monday-wednesday-lotto-au\" alt=\"Mon &amp;amp; Wed Lotto Australien\" \/><\/a><br \/>\nKolla in Mon &amp; Wed Lotto Australia:s webbplats f\u00f6r att se om de erbjuder dragningar i direkts\u00e4ndning. Live-dragningar f\u00f6r alla spel kan vara v\u00e4ldigt roliga eftersom de ger dig en hel del omedelbar sp\u00e4nning medan du tittar. Men det \u00e4r inte alla spel som erbjuder den h\u00e4r typen av dragningar. Du m\u00e5ste se till att Mon &amp; Wed Lotto \u00e4r ett av dem som har det tillg\u00e4ngligt.<\/p>\n<p>D\u00e4refter kan du v\u00e4lja att kolla p\u00e5 YouTube f\u00f6r att se om resultaten kan hittas d\u00e4r. Du kan bli f\u00f6rv\u00e5nad \u00f6ver hur vissa personer l\u00e4gger upp resultaten f\u00f6r dragningar eller till och med livevideor av dragningarna f\u00f6r n\u00e4stan alla spel.<\/p>\n<p>Det \u00f6verl\u00e4gset enklaste alternativet f\u00f6r dig kommer dock att vara att titta p\u00e5 v\u00e5r webbplats. Vi erbjuder alla vinnande nummer och vinstbelopp f\u00f6r varje spel som du kan k\u00f6pa p\u00e5 v\u00e5r webbplats. Det g\u00f6r det mycket enklare f\u00f6r dig att f\u00e5 resultat p\u00e5 ett st\u00e4lle och s\u00e5 snabbt som du vill.<\/p>\n<h2>S\u00e5 h\u00e4r tar du reda p\u00e5 om din onlinebiljett har vunnit<\/h2>\n<p>Den \u00e4nnu b\u00e4ttre nyheten \u00e4r att om du har k\u00f6pt en lott f\u00f6r Mon &amp; Wed Lotto Australia hos oss kan du g\u00e5 direkt till ditt spelarkonto f\u00f6r att f\u00e5 resultaten. D\u00e4r hittar du de biljetter du har k\u00f6pt samt de vinnande numren f\u00f6r alla spel som du valde att spela.<\/p>\n<p>Du kommer att kunna se vilka nummer du valde som matchar de nummer som drogs och alla pengar som du har vunnit som \u00e4r mindre \u00e4n 2 500 euro kommer automatiskt att l\u00e4ggas till ditt konto. Vad kan vara enklare \u00e4n s\u00e5?<\/p>\n<h2>M\u00e5ndag och onsdag Lotto Australia resultatarkiv<\/h2>\n<p>Varje sida p\u00e5 v\u00e5r webbplats som visar de senaste Mon &amp; Wed Lotto Australia-resultaten visar \u00e4ven \u00e4ldre nummer som du kanske vill kolla in. Dessa kan hj\u00e4lpa dig n\u00e4r det g\u00e4ller att v\u00e4lja ut de nummer du vill spela n\u00e4sta g\u00e5ng du k\u00f6per en lott.<\/p>\n<h2>Min lott har vunnit, vad h\u00e4nder h\u00e4rn\u00e4st?<\/h2>\n<p><img loading=\"lazy\" decoding=\"async\" class=\"alignright wp-image-3542\" src=\"https:\/\/onlinelotto365.com\/wp-content\/uploads\/2020\/11\/online_lottery-154-300x200.jpg\" alt=\"Mon &amp;amp; Wed Lotto vinnande nummer\" width=\"197\" height=\"131\" srcset=\"https:\/\/onlinelotto365.com\/wp-content\/uploads\/2020\/11\/online_lottery-154-300x200.jpg 300w, https:\/\/onlinelotto365.com\/wp-content\/uploads\/2020\/11\/online_lottery-154.jpg 320w\" sizes=\"auto, (max-width: 197px) 100vw, 197px\" \/><br \/>\nOm du har vunnit p\u00e5 din lott beh\u00f6ver du bara ta en titt p\u00e5 hur mycket du har r\u00e4tt till. Om det \u00e4r mindre \u00e4n 2 500 euro tar vi hand om att f\u00e5 det bekr\u00e4ftat och in p\u00e5 ditt konto s\u00e5 snart som m\u00f6jligt. Om du sedan har minst 10 euro p\u00e5 ditt konto kan du ta ut dem till vilken betalningsmetod som helst som du tidigare har anv\u00e4nt med ditt konto. Du beh\u00f6ver bara ta hand om n\u00e5gra dokument som g\u00f6r att v\u00e5r betalningsf\u00f6rmedlare vet vem du \u00e4r och att du har r\u00e4tt till pengarna. Om du har mindre \u00e4n 10 euro eller om du v\u00e4ljer att l\u00e4mna pengarna p\u00e5 ditt konto kan du anv\u00e4nda dem f\u00f6r att k\u00f6pa fler biljetter.<\/p>\n","protected":false},"excerpt":{"rendered":"<p>Det finns m\u00e5nga olika internationella spel som du kan spela n\u00e4r det g\u00e4ller lotteriet. Och du vill kunna f\u00e5 resultaten f\u00f6r dem s\u00e5 snabbt som m\u00f6jligt. Ett s\u00e4tt att g\u00f6ra det \u00e4r att leta efter en tidning som erbjuder Mon &amp; Wed Lotto Australia vinnande nummer. Men dessa kan vara sv\u00e5ra att hitta. Ett annat [&hellip;]<\/p>\n","protected":false},"author":1,"featured_media":0,"parent":5869,"menu_order":16,"comment_status":"closed","ping_status":"closed","template":"template-rightsidebar.php","meta":{"_et_pb_use_builder":"","_et_pb_old_content":"","_et_gb_content_width":"","exclude_from_search":false,"footnotes":""},"class_list":["post-81010","page","type-page","status-publish","hentry"],"yoast_head":"<!-- This site is optimized with the Yoast SEO plugin v23.4 - https:\/\/yoast.com\/wordpress\/plugins\/seo\/ -->\n<title>Mon &amp; Wed Lotto Australia vinnande nummer<\/title>\n<meta name=\"description\" content=\"P\u00e5 v\u00e5r webbplats hittar du de senaste vinnande numren och beloppen f\u00f6r Mon &amp; Wed lotto.\" \/>\n<meta name=\"robots\" content=\"index, follow, max-snippet:-1, max-image-preview:large, max-video-preview:-1\" \/>\n<link rel=\"canonical\" href=\"https:\/\/onlinelotto365.com\/sv\/vinnande-nummer\/mon-wed-lotto\/\" \/>\n<meta property=\"og:locale\" content=\"sv_SE\" \/>\n<meta property=\"og:type\" content=\"article\" \/>\n<meta property=\"og:title\" content=\"Mon &amp; Wed Lotto Australia vinnande nummer\" \/>\n<meta property=\"og:description\" content=\"P\u00e5 v\u00e5r webbplats hittar du de senaste vinnande numren och beloppen f\u00f6r Mon &amp; Wed lotto.\" \/>\n<meta property=\"og:url\" content=\"https:\/\/onlinelotto365.com\/sv\/vinnande-nummer\/mon-wed-lotto\/\" \/>\n<meta property=\"og:site_name\" content=\"OnlineLotto365\" \/>\n<meta property=\"og:image\" content=\"https:\/\/redfoxlotto.com\/image?size=8&amp;lottery=monday-wednesday-lotto-au\" \/>\n<meta name=\"twitter:card\" content=\"summary_large_image\" \/>\n<meta name=\"twitter:label1\" content=\"Ber\u00e4knad l\u00e4stid\" \/>\n\t<meta name=\"twitter:data1\" content=\"3 minuter\" \/>\n<script type=\"application\/ld+json\" class=\"yoast-schema-graph\">{\"@context\":\"https:\/\/schema.org\",\"@graph\":[{\"@type\":\"WebPage\",\"@id\":\"https:\/\/onlinelotto365.com\/sv\/vinnande-nummer\/mon-wed-lotto\/\",\"url\":\"https:\/\/onlinelotto365.com\/sv\/vinnande-nummer\/mon-wed-lotto\/\",\"name\":\"Mon & Wed Lotto Australia vinnande nummer\",\"isPartOf\":{\"@id\":\"https:\/\/onlinelotto365.com\/sv\/#website\"},\"primaryImageOfPage\":{\"@id\":\"https:\/\/onlinelotto365.com\/sv\/vinnande-nummer\/mon-wed-lotto\/#primaryimage\"},\"image\":{\"@id\":\"https:\/\/onlinelotto365.com\/sv\/vinnande-nummer\/mon-wed-lotto\/#primaryimage\"},\"thumbnailUrl\":\"https:\/\/redfoxlotto.com\/image?size=8&amp;lottery=monday-wednesday-lotto-au\",\"datePublished\":\"2022-11-25T09:23:00+00:00\",\"dateModified\":\"2022-11-25T09:23:00+00:00\",\"description\":\"P\u00e5 v\u00e5r webbplats hittar du de senaste vinnande numren och beloppen f\u00f6r Mon & Wed lotto.\",\"breadcrumb\":{\"@id\":\"https:\/\/onlinelotto365.com\/sv\/vinnande-nummer\/mon-wed-lotto\/#breadcrumb\"},\"inLanguage\":\"sv-SE\",\"potentialAction\":[{\"@type\":\"ReadAction\",\"target\":[\"https:\/\/onlinelotto365.com\/sv\/vinnande-nummer\/mon-wed-lotto\/\"]}]},{\"@type\":\"ImageObject\",\"inLanguage\":\"sv-SE\",\"@id\":\"https:\/\/onlinelotto365.com\/sv\/vinnande-nummer\/mon-wed-lotto\/#primaryimage\",\"url\":\"https:\/\/redfoxlotto.com\/image?size=8&amp;lottery=monday-wednesday-lotto-au\",\"contentUrl\":\"https:\/\/redfoxlotto.com\/image?size=8&amp;lottery=monday-wednesday-lotto-au\"},{\"@type\":\"BreadcrumbList\",\"@id\":\"https:\/\/onlinelotto365.com\/sv\/vinnande-nummer\/mon-wed-lotto\/#breadcrumb\",\"itemListElement\":[{\"@type\":\"ListItem\",\"position\":1,\"name\":\"Home\",\"item\":\"https:\/\/onlinelotto365.com\/sv\/\"},{\"@type\":\"ListItem\",\"position\":2,\"name\":\"Hitta vinnande nummer och resultat f\u00f6r de senaste lottodragningarna\",\"item\":\"https:\/\/onlinelotto365.com\/sv\/vinnande-nummer\/\"},{\"@type\":\"ListItem\",\"position\":3,\"name\":\"Alla m\u00e5ndag och onsdag Lotto Australia resultat\"}]},{\"@type\":\"WebSite\",\"@id\":\"https:\/\/onlinelotto365.com\/sv\/#website\",\"url\":\"https:\/\/onlinelotto365.com\/sv\/\",\"name\":\"OnlineLotto365\",\"description\":\"\",\"potentialAction\":[{\"@type\":\"SearchAction\",\"target\":{\"@type\":\"EntryPoint\",\"urlTemplate\":\"https:\/\/onlinelotto365.com\/sv\/?s={search_term_string}\"},\"query-input\":{\"@type\":\"PropertyValueSpecification\",\"valueRequired\":true,\"valueName\":\"search_term_string\"}}],\"inLanguage\":\"sv-SE\"}]}<\/script>\n<!-- \/ Yoast SEO plugin. -->","yoast_head_json":{"title":"Mon & Wed Lotto Australia vinnande nummer","description":"P\u00e5 v\u00e5r webbplats hittar du de senaste vinnande numren och beloppen f\u00f6r Mon & Wed lotto.","robots":{"index":"index","follow":"follow","max-snippet":"max-snippet:-1","max-image-preview":"max-image-preview:large","max-video-preview":"max-video-preview:-1"},"canonical":"https:\/\/onlinelotto365.com\/sv\/vinnande-nummer\/mon-wed-lotto\/","og_locale":"sv_SE","og_type":"article","og_title":"Mon & Wed Lotto Australia vinnande nummer","og_description":"P\u00e5 v\u00e5r webbplats hittar du de senaste vinnande numren och beloppen f\u00f6r Mon & Wed lotto.","og_url":"https:\/\/onlinelotto365.com\/sv\/vinnande-nummer\/mon-wed-lotto\/","og_site_name":"OnlineLotto365","og_image":[{"url":"https:\/\/redfoxlotto.com\/image?size=8&amp;lottery=monday-wednesday-lotto-au"}],"twitter_card":"summary_large_image","twitter_misc":{"Ber\u00e4knad l\u00e4stid":"3 minuter"},"schema":{"@context":"https:\/\/schema.org","@graph":[{"@type":"WebPage","@id":"https:\/\/onlinelotto365.com\/sv\/vinnande-nummer\/mon-wed-lotto\/","url":"https:\/\/onlinelotto365.com\/sv\/vinnande-nummer\/mon-wed-lotto\/","name":"Mon & Wed Lotto Australia vinnande nummer","isPartOf":{"@id":"https:\/\/onlinelotto365.com\/sv\/#website"},"primaryImageOfPage":{"@id":"https:\/\/onlinelotto365.com\/sv\/vinnande-nummer\/mon-wed-lotto\/#primaryimage"},"image":{"@id":"https:\/\/onlinelotto365.com\/sv\/vinnande-nummer\/mon-wed-lotto\/#primaryimage"},"thumbnailUrl":"https:\/\/redfoxlotto.com\/image?size=8&amp;lottery=monday-wednesday-lotto-au","datePublished":"2022-11-25T09:23:00+00:00","dateModified":"2022-11-25T09:23:00+00:00","description":"P\u00e5 v\u00e5r webbplats hittar du de senaste vinnande numren och beloppen f\u00f6r Mon & Wed lotto.","breadcrumb":{"@id":"https:\/\/onlinelotto365.com\/sv\/vinnande-nummer\/mon-wed-lotto\/#breadcrumb"},"inLanguage":"sv-SE","potentialAction":[{"@type":"ReadAction","target":["https:\/\/onlinelotto365.com\/sv\/vinnande-nummer\/mon-wed-lotto\/"]}]},{"@type":"ImageObject","inLanguage":"sv-SE","@id":"https:\/\/onlinelotto365.com\/sv\/vinnande-nummer\/mon-wed-lotto\/#primaryimage","url":"https:\/\/redfoxlotto.com\/image?size=8&amp;lottery=monday-wednesday-lotto-au","contentUrl":"https:\/\/redfoxlotto.com\/image?size=8&amp;lottery=monday-wednesday-lotto-au"},{"@type":"BreadcrumbList","@id":"https:\/\/onlinelotto365.com\/sv\/vinnande-nummer\/mon-wed-lotto\/#breadcrumb","itemListElement":[{"@type":"ListItem","position":1,"name":"Home","item":"https:\/\/onlinelotto365.com\/sv\/"},{"@type":"ListItem","position":2,"name":"Hitta vinnande nummer och resultat f\u00f6r de senaste lottodragningarna","item":"https:\/\/onlinelotto365.com\/sv\/vinnande-nummer\/"},{"@type":"ListItem","position":3,"name":"Alla m\u00e5ndag och onsdag Lotto Australia resultat"}]},{"@type":"WebSite","@id":"https:\/\/onlinelotto365.com\/sv\/#website","url":"https:\/\/onlinelotto365.com\/sv\/","name":"OnlineLotto365","description":"","potentialAction":[{"@type":"SearchAction","target":{"@type":"EntryPoint","urlTemplate":"https:\/\/onlinelotto365.com\/sv\/?s={search_term_string}"},"query-input":{"@type":"PropertyValueSpecification","valueRequired":true,"valueName":"search_term_string"}}],"inLanguage":"sv-SE"}]}},"_links":{"self":[{"href":"https:\/\/onlinelotto365.com\/sv\/wp-json\/wp\/v2\/pages\/81010","targetHints":{"allow":["GET"]}}],"collection":[{"href":"https:\/\/onlinelotto365.com\/sv\/wp-json\/wp\/v2\/pages"}],"about":[{"href":"https:\/\/onlinelotto365.com\/sv\/wp-json\/wp\/v2\/types\/page"}],"author":[{"embeddable":true,"href":"https:\/\/onlinelotto365.com\/sv\/wp-json\/wp\/v2\/users\/1"}],"replies":[{"embeddable":true,"href":"https:\/\/onlinelotto365.com\/sv\/wp-json\/wp\/v2\/comments?post=81010"}],"version-history":[{"count":0,"href":"https:\/\/onlinelotto365.com\/sv\/wp-json\/wp\/v2\/pages\/81010\/revisions"}],"up":[{"embeddable":true,"href":"https:\/\/onlinelotto365.com\/sv\/wp-json\/wp\/v2\/pages\/5869"}],"wp:attachment":[{"href":"https:\/\/onlinelotto365.com\/sv\/wp-json\/wp\/v2\/media?parent=81010"}],"curies":[{"name":"wp","href":"https:\/\/api.w.org\/{rel}","templated":true}]}}