{"id":81121,"date":"2022-11-25T12:14:17","date_gmt":"2022-11-25T11:14:17","guid":{"rendered":"https:\/\/onlinelotto365.com\/?page_id=81121"},"modified":"2022-11-25T12:14:17","modified_gmt":"2022-11-25T11:14:17","slug":"404-sida","status":"publish","type":"page","link":"https:\/\/onlinelotto365.com\/sv\/404-sida\/","title":{"rendered":"404-sida"},"content":{"rendered":"<p style=\"text-align: center;\">Tyv\u00e4rr finns inte den sida som du har beg\u00e4rt inte.<\/p>\n<h4 style=\"text-align: center;\"><a href=\"https:\/\/onlinelotto365.com\/\">Klicka h\u00e4r f\u00f6r att komma tillbaka till hemsidan<\/a><\/h4>\n","protected":false},"excerpt":{"rendered":"<p>Tyv\u00e4rr finns inte den sida som du har beg\u00e4rt inte. Klicka h\u00e4r f\u00f6r att komma tillbaka till hemsidan<\/p>\n","protected":false},"author":1,"featured_media":0,"parent":0,"menu_order":50,"comment_status":"closed","ping_status":"closed","template":"404.php","meta":{"_et_pb_use_builder":"","_et_pb_old_content":"","_et_gb_content_width":"","exclude_from_search":false,"footnotes":""},"class_list":["post-81121","page","type-page","status-publish","hentry"],"yoast_head":"<!-- This site is optimized with the Yoast SEO plugin v23.4 - https:\/\/yoast.com\/wordpress\/plugins\/seo\/ -->\n<title>404-sida - OnlineLotto365<\/title>\n<meta name=\"robots\" content=\"index, follow, max-snippet:-1, max-image-preview:large, max-video-preview:-1\" \/>\n<link rel=\"canonical\" href=\"https:\/\/onlinelotto365.com\/sv\/404-sida\/\" \/>\n<meta property=\"og:locale\" content=\"sv_SE\" \/>\n<meta property=\"og:type\" content=\"article\" \/>\n<meta property=\"og:title\" content=\"404-sida - OnlineLotto365\" \/>\n<meta property=\"og:description\" content=\"Tyv\u00e4rr finns inte den sida som du har beg\u00e4rt inte. Klicka h\u00e4r f\u00f6r att komma tillbaka till hemsidan\" \/>\n<meta property=\"og:url\" content=\"https:\/\/onlinelotto365.com\/sv\/404-sida\/\" \/>\n<meta property=\"og:site_name\" content=\"OnlineLotto365\" \/>\n<meta name=\"twitter:card\" content=\"summary_large_image\" \/>\n<meta name=\"twitter:label1\" content=\"Ber\u00e4knad l\u00e4stid\" \/>\n\t<meta name=\"twitter:data1\" content=\"1 minut\" \/>\n<script type=\"application\/ld+json\" class=\"yoast-schema-graph\">{\"@context\":\"https:\/\/schema.org\",\"@graph\":[{\"@type\":\"WebPage\",\"@id\":\"https:\/\/onlinelotto365.com\/sv\/404-sida\/\",\"url\":\"https:\/\/onlinelotto365.com\/sv\/404-sida\/\",\"name\":\"404-sida - OnlineLotto365\",\"isPartOf\":{\"@id\":\"https:\/\/onlinelotto365.com\/sv\/#website\"},\"datePublished\":\"2022-11-25T11:14:17+00:00\",\"dateModified\":\"2022-11-25T11:14:17+00:00\",\"breadcrumb\":{\"@id\":\"https:\/\/onlinelotto365.com\/sv\/404-sida\/#breadcrumb\"},\"inLanguage\":\"sv-SE\",\"potentialAction\":[{\"@type\":\"ReadAction\",\"target\":[\"https:\/\/onlinelotto365.com\/sv\/404-sida\/\"]}]},{\"@type\":\"BreadcrumbList\",\"@id\":\"https:\/\/onlinelotto365.com\/sv\/404-sida\/#breadcrumb\",\"itemListElement\":[{\"@type\":\"ListItem\",\"position\":1,\"name\":\"Home\",\"item\":\"https:\/\/onlinelotto365.com\/sv\/\"},{\"@type\":\"ListItem\",\"position\":2,\"name\":\"404-sida\"}]},{\"@type\":\"WebSite\",\"@id\":\"https:\/\/onlinelotto365.com\/sv\/#website\",\"url\":\"https:\/\/onlinelotto365.com\/sv\/\",\"name\":\"OnlineLotto365\",\"description\":\"\",\"potentialAction\":[{\"@type\":\"SearchAction\",\"target\":{\"@type\":\"EntryPoint\",\"urlTemplate\":\"https:\/\/onlinelotto365.com\/sv\/?s={search_term_string}\"},\"query-input\":{\"@type\":\"PropertyValueSpecification\",\"valueRequired\":true,\"valueName\":\"search_term_string\"}}],\"inLanguage\":\"sv-SE\"}]}<\/script>\n<!-- \/ Yoast SEO plugin. -->","yoast_head_json":{"title":"404-sida - OnlineLotto365","robots":{"index":"index","follow":"follow","max-snippet":"max-snippet:-1","max-image-preview":"max-image-preview:large","max-video-preview":"max-video-preview:-1"},"canonical":"https:\/\/onlinelotto365.com\/sv\/404-sida\/","og_locale":"sv_SE","og_type":"article","og_title":"404-sida - OnlineLotto365","og_description":"Tyv\u00e4rr finns inte den sida som du har beg\u00e4rt inte. Klicka h\u00e4r f\u00f6r att komma tillbaka till hemsidan","og_url":"https:\/\/onlinelotto365.com\/sv\/404-sida\/","og_site_name":"OnlineLotto365","twitter_card":"summary_large_image","twitter_misc":{"Ber\u00e4knad l\u00e4stid":"1 minut"},"schema":{"@context":"https:\/\/schema.org","@graph":[{"@type":"WebPage","@id":"https:\/\/onlinelotto365.com\/sv\/404-sida\/","url":"https:\/\/onlinelotto365.com\/sv\/404-sida\/","name":"404-sida - OnlineLotto365","isPartOf":{"@id":"https:\/\/onlinelotto365.com\/sv\/#website"},"datePublished":"2022-11-25T11:14:17+00:00","dateModified":"2022-11-25T11:14:17+00:00","breadcrumb":{"@id":"https:\/\/onlinelotto365.com\/sv\/404-sida\/#breadcrumb"},"inLanguage":"sv-SE","potentialAction":[{"@type":"ReadAction","target":["https:\/\/onlinelotto365.com\/sv\/404-sida\/"]}]},{"@type":"BreadcrumbList","@id":"https:\/\/onlinelotto365.com\/sv\/404-sida\/#breadcrumb","itemListElement":[{"@type":"ListItem","position":1,"name":"Home","item":"https:\/\/onlinelotto365.com\/sv\/"},{"@type":"ListItem","position":2,"name":"404-sida"}]},{"@type":"WebSite","@id":"https:\/\/onlinelotto365.com\/sv\/#website","url":"https:\/\/onlinelotto365.com\/sv\/","name":"OnlineLotto365","description":"","potentialAction":[{"@type":"SearchAction","target":{"@type":"EntryPoint","urlTemplate":"https:\/\/onlinelotto365.com\/sv\/?s={search_term_string}"},"query-input":{"@type":"PropertyValueSpecification","valueRequired":true,"valueName":"search_term_string"}}],"inLanguage":"sv-SE"}]}},"_links":{"self":[{"href":"https:\/\/onlinelotto365.com\/sv\/wp-json\/wp\/v2\/pages\/81121","targetHints":{"allow":["GET"]}}],"collection":[{"href":"https:\/\/onlinelotto365.com\/sv\/wp-json\/wp\/v2\/pages"}],"about":[{"href":"https:\/\/onlinelotto365.com\/sv\/wp-json\/wp\/v2\/types\/page"}],"author":[{"embeddable":true,"href":"https:\/\/onlinelotto365.com\/sv\/wp-json\/wp\/v2\/users\/1"}],"replies":[{"embeddable":true,"href":"https:\/\/onlinelotto365.com\/sv\/wp-json\/wp\/v2\/comments?post=81121"}],"version-history":[{"count":0,"href":"https:\/\/onlinelotto365.com\/sv\/wp-json\/wp\/v2\/pages\/81121\/revisions"}],"wp:attachment":[{"href":"https:\/\/onlinelotto365.com\/sv\/wp-json\/wp\/v2\/media?parent=81121"}],"curies":[{"name":"wp","href":"https:\/\/api.w.org\/{rel}","templated":true}]}}