{"id":84232,"date":"2023-09-28T08:56:46","date_gmt":"2023-09-28T07:56:46","guid":{"rendered":"https:\/\/onlinelotto365.com\/vinnande-nummer\/kolla-eurojackpot-vinnande-nummer-har"},"modified":"2023-09-28T08:56:46","modified_gmt":"2023-09-28T07:56:46","slug":"kolla-eurojackpot-vinnande-nummer-har","status":"publish","type":"page","link":"https:\/\/onlinelotto365.com\/sv\/vinnande-nummer\/kolla-eurojackpot-vinnande-nummer-har\/","title":{"rendered":"Kolla Eurojackpot vinnande nummer h\u00e4r"},"content":{"rendered":"<p>Det finns m\u00e5nga olika internationella lotterier tillg\u00e4ngliga p\u00e5 v\u00e5r webbplats, vilket inneb\u00e4r att det kan vara sv\u00e5rt f\u00f6r vissa att hitta nummer och resultat. Och n\u00e4r det g\u00e4ller att hitta numren n\u00e5gon annanstans kan saker och ting vara \u00e4nnu v\u00e4rre. Du kommer f\u00f6rmodligen inte att hitta Eurojackpot-resultaten i din lokala tidning och de kan vara sv\u00e5ra att hitta p\u00e5 TV ocks\u00e5. Speciellt eftersom de ofta inte s\u00e4nds live.<\/p>\n<p>Du kan ocks\u00e5 kolla Eurojackpot-lotteriets webbplats, som ger dig tillg\u00e5ng till en direkts\u00e4ndning av resultaten och dragningen. Detta kan vara mycket roligt och l\u00e5ter dig veta om du har vunnit mycket snabbare. Men det \u00e4r inte alltid m\u00f6jligt och du m\u00e5ste ha r\u00e4tt timing.<\/p>\n<p>Om du letar efter siffrorna efter dragningen kan du alltid kolla p\u00e5 YouTube f\u00f6r att se om dragningen \u00e4r tillg\u00e4nglig eller om n\u00e5gon har en video med de vinnande siffrorna.<\/p>\n<p>Det enklaste s\u00e4ttet att hitta de vinnande numren, och \u00e4ven att se alla priser och resultat, \u00e4r att bes\u00f6ka v\u00e5r webbplats p\u00e5 sidan f\u00f6r lotteriresultat p\u00e5 v\u00e5r sida f\u00f6r lotteriresultat. D\u00e4r hittar du alla vinnande nummer fr\u00e5n Eurojackpot och alla andra spel vi erbjuder.<\/p>\n<h2>Hur du vet om du har vunnit<\/h2>\n<p><img decoding=\"async\" class=\"aligncenter\" src=\"https:\/\/redfoxlotto.com\/image?size=8&amp;lottery=eurojackpot\" alt=\"eurojackpot\" \/><br \/>\nHar du k\u00f6pt en lott till Eurojackpot? Om du gjorde det beh\u00f6ver du inte ens g\u00e5 till resultatsidan. G\u00e5 bara till ditt konto s\u00e5 ser du de vinnande numren precis bredvid din lott. Du kommer \u00e4ven att kunna se vilka nummer som var korrekta och vilka som inte var det och se hur mycket du vann som ett resultat. Om du har vunnit mindre \u00e4n 2 500 \u20ac kommer pengarna att s\u00e4ttas in p\u00e5 ditt konto omedelbart, s\u00e5 snart lotterinumren har bekr\u00e4ftats.<\/p>\n<p>V\u00e5r webbplats kommer att visa dig resultaten av den senaste Eurojackpot men kommer ocks\u00e5 att ge dig m\u00e5nga alternativ f\u00f6r att kontrollera \u00e4ldre dragningar. S\u00e5 du kan kontrollera \u00e4ldre lotter eller om du letar efter de b\u00e4sta numren att prova n\u00e4sta g\u00e5ng du k\u00f6per en lott. Faktum \u00e4r att detta \u00e4r en av de mest popul\u00e4ra lotteristrategierna som m\u00e4nniskor anv\u00e4nder.<\/p>\n<h2>Min lott vann, vad h\u00e4nder h\u00e4rn\u00e4st?<\/h2>\n<p><img loading=\"lazy\" decoding=\"async\" class=\"alignright wp-image-25127\" src=\"https:\/\/onlinelotto365.com\/wp-content\/uploads\/2021\/01\/lottery_balls1-300x160-1.jpg\" alt=\"Eurojackpot winning numbers\" width=\"265\" height=\"142\" \/><br \/>\nVi har redan pratat om priser under 2 500 euro. Dessa vinster s\u00e4tts omedelbart in p\u00e5 ditt konto och du kan sedan v\u00e4lja att k\u00f6pa fler lotter eller ta ut hela eller delar av pengarna. Allt du beh\u00f6ver g\u00f6ra \u00e4r att se till att du har minst 10 euro p\u00e5 ditt konto f\u00f6r att kunna ta ut dem med den metod du v\u00e4ljer.<\/p>\n<p>Du kan v\u00e4lja att ta ut pengarna till ditt bankkonto eller kreditkort, och vi g\u00f6r det enkelt f\u00f6r dig ocks\u00e5. Vi vill att du ska kunna ta ut dina pengar, men vi m\u00e5ste ta n\u00e5gra steg f\u00f6r att f\u00e5 in pengarna p\u00e5 ditt konto. Penning\u00f6verf\u00f6ringar online omfattas trots allt av strikta regler.<\/p>\n","protected":false},"excerpt":{"rendered":"<p>Det finns m\u00e5nga olika internationella lotterier tillg\u00e4ngliga p\u00e5 v\u00e5r webbplats, vilket inneb\u00e4r att det kan vara sv\u00e5rt f\u00f6r vissa att hitta nummer och resultat. Och n\u00e4r det g\u00e4ller att hitta numren n\u00e5gon annanstans kan saker och ting vara \u00e4nnu v\u00e4rre. Du kommer f\u00f6rmodligen inte att hitta Eurojackpot-resultaten i din lokala tidning och de kan vara [&hellip;]<\/p>\n","protected":false},"author":1,"featured_media":0,"parent":5869,"menu_order":4,"comment_status":"closed","ping_status":"closed","template":"eurojackpot-results.php","meta":{"_et_pb_use_builder":"","_et_pb_old_content":"","_et_gb_content_width":"","exclude_from_search":false,"footnotes":""},"class_list":["post-84232","page","type-page","status-publish","hentry"],"yoast_head":"<!-- This site is optimized with the Yoast SEO plugin v23.4 - https:\/\/yoast.com\/wordpress\/plugins\/seo\/ -->\n<title>Vinnande nummer Eurojackpot | Kontrollera dragresultat och vinster f\u00f6r Eurojackpot h\u00e4r<\/title>\n<meta name=\"description\" content=\"Vi publicerar Eurojackpot-resultat och vinnande nummer, plus ett arkiv f\u00f6r tidigare dragningar\" \/>\n<meta name=\"robots\" content=\"index, follow, max-snippet:-1, max-image-preview:large, max-video-preview:-1\" \/>\n<link rel=\"canonical\" href=\"https:\/\/onlinelotto365.com\/sv\/vinnande-nummer\/kolla-eurojackpot-vinnande-nummer-har\/\" \/>\n<meta property=\"og:locale\" content=\"sv_SE\" \/>\n<meta property=\"og:type\" content=\"article\" \/>\n<meta property=\"og:title\" content=\"Vinnande nummer Eurojackpot | Kontrollera dragresultat och vinster f\u00f6r Eurojackpot h\u00e4r\" \/>\n<meta property=\"og:description\" content=\"Vi publicerar Eurojackpot-resultat och vinnande nummer, plus ett arkiv f\u00f6r tidigare dragningar\" \/>\n<meta property=\"og:url\" content=\"https:\/\/onlinelotto365.com\/sv\/vinnande-nummer\/kolla-eurojackpot-vinnande-nummer-har\/\" \/>\n<meta property=\"og:site_name\" content=\"OnlineLotto365\" \/>\n<meta property=\"og:image\" content=\"https:\/\/redfoxlotto.com\/image?size=8&amp;lottery=eurojackpot\" \/>\n<meta name=\"twitter:card\" content=\"summary_large_image\" \/>\n<meta name=\"twitter:label1\" content=\"Ber\u00e4knad l\u00e4stid\" \/>\n\t<meta name=\"twitter:data1\" content=\"3 minuter\" \/>\n<script type=\"application\/ld+json\" class=\"yoast-schema-graph\">{\"@context\":\"https:\/\/schema.org\",\"@graph\":[{\"@type\":\"WebPage\",\"@id\":\"https:\/\/onlinelotto365.com\/sv\/vinnande-nummer\/kolla-eurojackpot-vinnande-nummer-har\/\",\"url\":\"https:\/\/onlinelotto365.com\/sv\/vinnande-nummer\/kolla-eurojackpot-vinnande-nummer-har\/\",\"name\":\"Vinnande nummer Eurojackpot | Kontrollera dragresultat och vinster f\u00f6r Eurojackpot h\u00e4r\",\"isPartOf\":{\"@id\":\"https:\/\/onlinelotto365.com\/sv\/#website\"},\"primaryImageOfPage\":{\"@id\":\"https:\/\/onlinelotto365.com\/sv\/vinnande-nummer\/kolla-eurojackpot-vinnande-nummer-har\/#primaryimage\"},\"image\":{\"@id\":\"https:\/\/onlinelotto365.com\/sv\/vinnande-nummer\/kolla-eurojackpot-vinnande-nummer-har\/#primaryimage\"},\"thumbnailUrl\":\"https:\/\/redfoxlotto.com\/image?size=8&amp;lottery=eurojackpot\",\"datePublished\":\"2023-09-28T07:56:46+00:00\",\"dateModified\":\"2023-09-28T07:56:46+00:00\",\"description\":\"Vi publicerar Eurojackpot-resultat och vinnande nummer, plus ett arkiv f\u00f6r tidigare dragningar\",\"breadcrumb\":{\"@id\":\"https:\/\/onlinelotto365.com\/sv\/vinnande-nummer\/kolla-eurojackpot-vinnande-nummer-har\/#breadcrumb\"},\"inLanguage\":\"sv-SE\",\"potentialAction\":[{\"@type\":\"ReadAction\",\"target\":[\"https:\/\/onlinelotto365.com\/sv\/vinnande-nummer\/kolla-eurojackpot-vinnande-nummer-har\/\"]}]},{\"@type\":\"ImageObject\",\"inLanguage\":\"sv-SE\",\"@id\":\"https:\/\/onlinelotto365.com\/sv\/vinnande-nummer\/kolla-eurojackpot-vinnande-nummer-har\/#primaryimage\",\"url\":\"https:\/\/redfoxlotto.com\/image?size=8&amp;lottery=eurojackpot\",\"contentUrl\":\"https:\/\/redfoxlotto.com\/image?size=8&amp;lottery=eurojackpot\"},{\"@type\":\"BreadcrumbList\",\"@id\":\"https:\/\/onlinelotto365.com\/sv\/vinnande-nummer\/kolla-eurojackpot-vinnande-nummer-har\/#breadcrumb\",\"itemListElement\":[{\"@type\":\"ListItem\",\"position\":1,\"name\":\"Home\",\"item\":\"https:\/\/onlinelotto365.com\/sv\/\"},{\"@type\":\"ListItem\",\"position\":2,\"name\":\"Hitta vinnande nummer och resultat f\u00f6r de senaste lottodragningarna\",\"item\":\"https:\/\/onlinelotto365.com\/sv\/vinnande-nummer\/\"},{\"@type\":\"ListItem\",\"position\":3,\"name\":\"Kolla Eurojackpot vinnande nummer h\u00e4r\"}]},{\"@type\":\"WebSite\",\"@id\":\"https:\/\/onlinelotto365.com\/sv\/#website\",\"url\":\"https:\/\/onlinelotto365.com\/sv\/\",\"name\":\"OnlineLotto365\",\"description\":\"\",\"potentialAction\":[{\"@type\":\"SearchAction\",\"target\":{\"@type\":\"EntryPoint\",\"urlTemplate\":\"https:\/\/onlinelotto365.com\/sv\/?s={search_term_string}\"},\"query-input\":{\"@type\":\"PropertyValueSpecification\",\"valueRequired\":true,\"valueName\":\"search_term_string\"}}],\"inLanguage\":\"sv-SE\"}]}<\/script>\n<!-- \/ Yoast SEO plugin. -->","yoast_head_json":{"title":"Vinnande nummer Eurojackpot | Kontrollera dragresultat och vinster f\u00f6r Eurojackpot h\u00e4r","description":"Vi publicerar Eurojackpot-resultat och vinnande nummer, plus ett arkiv f\u00f6r tidigare dragningar","robots":{"index":"index","follow":"follow","max-snippet":"max-snippet:-1","max-image-preview":"max-image-preview:large","max-video-preview":"max-video-preview:-1"},"canonical":"https:\/\/onlinelotto365.com\/sv\/vinnande-nummer\/kolla-eurojackpot-vinnande-nummer-har\/","og_locale":"sv_SE","og_type":"article","og_title":"Vinnande nummer Eurojackpot | Kontrollera dragresultat och vinster f\u00f6r Eurojackpot h\u00e4r","og_description":"Vi publicerar Eurojackpot-resultat och vinnande nummer, plus ett arkiv f\u00f6r tidigare dragningar","og_url":"https:\/\/onlinelotto365.com\/sv\/vinnande-nummer\/kolla-eurojackpot-vinnande-nummer-har\/","og_site_name":"OnlineLotto365","og_image":[{"url":"https:\/\/redfoxlotto.com\/image?size=8&amp;lottery=eurojackpot"}],"twitter_card":"summary_large_image","twitter_misc":{"Ber\u00e4knad l\u00e4stid":"3 minuter"},"schema":{"@context":"https:\/\/schema.org","@graph":[{"@type":"WebPage","@id":"https:\/\/onlinelotto365.com\/sv\/vinnande-nummer\/kolla-eurojackpot-vinnande-nummer-har\/","url":"https:\/\/onlinelotto365.com\/sv\/vinnande-nummer\/kolla-eurojackpot-vinnande-nummer-har\/","name":"Vinnande nummer Eurojackpot | Kontrollera dragresultat och vinster f\u00f6r Eurojackpot h\u00e4r","isPartOf":{"@id":"https:\/\/onlinelotto365.com\/sv\/#website"},"primaryImageOfPage":{"@id":"https:\/\/onlinelotto365.com\/sv\/vinnande-nummer\/kolla-eurojackpot-vinnande-nummer-har\/#primaryimage"},"image":{"@id":"https:\/\/onlinelotto365.com\/sv\/vinnande-nummer\/kolla-eurojackpot-vinnande-nummer-har\/#primaryimage"},"thumbnailUrl":"https:\/\/redfoxlotto.com\/image?size=8&amp;lottery=eurojackpot","datePublished":"2023-09-28T07:56:46+00:00","dateModified":"2023-09-28T07:56:46+00:00","description":"Vi publicerar Eurojackpot-resultat och vinnande nummer, plus ett arkiv f\u00f6r tidigare dragningar","breadcrumb":{"@id":"https:\/\/onlinelotto365.com\/sv\/vinnande-nummer\/kolla-eurojackpot-vinnande-nummer-har\/#breadcrumb"},"inLanguage":"sv-SE","potentialAction":[{"@type":"ReadAction","target":["https:\/\/onlinelotto365.com\/sv\/vinnande-nummer\/kolla-eurojackpot-vinnande-nummer-har\/"]}]},{"@type":"ImageObject","inLanguage":"sv-SE","@id":"https:\/\/onlinelotto365.com\/sv\/vinnande-nummer\/kolla-eurojackpot-vinnande-nummer-har\/#primaryimage","url":"https:\/\/redfoxlotto.com\/image?size=8&amp;lottery=eurojackpot","contentUrl":"https:\/\/redfoxlotto.com\/image?size=8&amp;lottery=eurojackpot"},{"@type":"BreadcrumbList","@id":"https:\/\/onlinelotto365.com\/sv\/vinnande-nummer\/kolla-eurojackpot-vinnande-nummer-har\/#breadcrumb","itemListElement":[{"@type":"ListItem","position":1,"name":"Home","item":"https:\/\/onlinelotto365.com\/sv\/"},{"@type":"ListItem","position":2,"name":"Hitta vinnande nummer och resultat f\u00f6r de senaste lottodragningarna","item":"https:\/\/onlinelotto365.com\/sv\/vinnande-nummer\/"},{"@type":"ListItem","position":3,"name":"Kolla Eurojackpot vinnande nummer h\u00e4r"}]},{"@type":"WebSite","@id":"https:\/\/onlinelotto365.com\/sv\/#website","url":"https:\/\/onlinelotto365.com\/sv\/","name":"OnlineLotto365","description":"","potentialAction":[{"@type":"SearchAction","target":{"@type":"EntryPoint","urlTemplate":"https:\/\/onlinelotto365.com\/sv\/?s={search_term_string}"},"query-input":{"@type":"PropertyValueSpecification","valueRequired":true,"valueName":"search_term_string"}}],"inLanguage":"sv-SE"}]}},"_links":{"self":[{"href":"https:\/\/onlinelotto365.com\/sv\/wp-json\/wp\/v2\/pages\/84232","targetHints":{"allow":["GET"]}}],"collection":[{"href":"https:\/\/onlinelotto365.com\/sv\/wp-json\/wp\/v2\/pages"}],"about":[{"href":"https:\/\/onlinelotto365.com\/sv\/wp-json\/wp\/v2\/types\/page"}],"author":[{"embeddable":true,"href":"https:\/\/onlinelotto365.com\/sv\/wp-json\/wp\/v2\/users\/1"}],"replies":[{"embeddable":true,"href":"https:\/\/onlinelotto365.com\/sv\/wp-json\/wp\/v2\/comments?post=84232"}],"version-history":[{"count":0,"href":"https:\/\/onlinelotto365.com\/sv\/wp-json\/wp\/v2\/pages\/84232\/revisions"}],"up":[{"embeddable":true,"href":"https:\/\/onlinelotto365.com\/sv\/wp-json\/wp\/v2\/pages\/5869"}],"wp:attachment":[{"href":"https:\/\/onlinelotto365.com\/sv\/wp-json\/wp\/v2\/media?parent=84232"}],"curies":[{"name":"wp","href":"https:\/\/api.w.org\/{rel}","templated":true}]}}