{"id":84455,"date":"2023-10-03T13:18:01","date_gmt":"2023-10-03T12:18:01","guid":{"rendered":"https:\/\/onlinelotto365.com\/vanliga-fragor"},"modified":"2023-10-03T13:18:01","modified_gmt":"2023-10-03T12:18:01","slug":"vanliga-fragor","status":"publish","type":"page","link":"https:\/\/onlinelotto365.com\/sv\/vanliga-fragor\/","title":{"rendered":"VANLIGA FR\u00c5GOR"},"content":{"rendered":"<h1>FAQ om lotterier online<\/h1>\n<p>H\u00e4r hittar du svaren p\u00e5 de vanligaste fr\u00e5gorna om hur lotteritj\u00e4nsten online fungerar.<\/p>\n<p>Hur f\u00e5r jag mina lotter?<\/p>\n<p>F\u00f6rst k\u00f6per ett av v\u00e5ra ombud p\u00e5 plats lotten i ditt namn och f\u00f6r din r\u00e4kning. D\u00e4refter skannas lotten och laddas upp till ditt kundkonto. Vi skickar ett e-postmeddelande till dig n\u00e4r du vinner, och i v\u00e5r tj\u00e4nst ing\u00e5r att du f\u00e5r dina vinster (se nedan f\u00f6r mer information). du vinner ocks\u00e5.<\/p>\n<p>Vilka \u00e4r f\u00f6rdelarna med att spela internationella lotterier online via oss?<\/p>\n<ul>\n<li>du kan v\u00e4lja mellan m\u00e5nga lotterier och det finns alltid en stor jackpot som v\u00e4ntar<\/li>\n<li>du f\u00e5r en riktig lott<\/li>\n<li>du kan spela var du \u00e4n befinner dig<\/li>\n<li>du kan bekv\u00e4mt betala online, vi har ett antal alternativ, inklusive kreditkort<\/li>\n<li>dina mindre vinster p\u00e5 upp till 2 500 euro krediteras ditt spelkonto omedelbart<\/li>\n<li>f\u00f6r vinster som \u00e4r h\u00f6gre \u00e4n 2 500 euro hanterar vi din utbetalning direkt fr\u00e5n lotteriet, utan kostnad<\/li>\n<\/ul>\n<p>Vem kan spela p\u00e5 lotterierna?<\/p>\n<p>Vem som helst kan spela &#8211; men du m\u00e5ste vara \u00e4ldre \u00e4n 18 \u00e5r f\u00f6r att spela p\u00e5 lotteriet.<\/p>\n<p>Kan jag spela p\u00e5 ett lotteri fr\u00e5n ett annat land?<\/p>\n<p>Ja, det kan du. Oavsett vilket land du bor i kan du delta i alla lotterier som visas p\u00e5 v\u00e5r webbplats.<\/p>\n<p>Kan jag best\u00e4mma mina egna lottonummer?<\/p>\n<p>Ja, du kan v\u00e4lja nummer manuellt eller anv\u00e4nda funktionen &#8221;Snabbval&#8221; och generera slumpm\u00e4ssiga nummer.<\/p>\n<p>Hur f\u00e5r jag min lott?<\/p>\n<p>Efter en lyckad betalning f\u00e5r du ett e-postmeddelande med en bekr\u00e4ftelse p\u00e5 k\u00f6pet. De nummer du valt kommer att synas p\u00e5 ditt konto. Sj\u00e4lvklart tar processen med att k\u00f6pa och skanna ett tag, men 2 eller 3 timmar senare kommer du att kunna hitta den skannade lotten efter att du loggat in p\u00e5 ditt konto.<\/p>\n<p>Hur kan jag betala f\u00f6r mina lottorader?<\/p>\n<p>Vi har olika betalningsalternativ f\u00f6r dig, inklusive betalning med kreditkort, omedelbar bank\u00f6verf\u00f6ring, olika kryptovalutor och mer.<br \/>\nDu kan ocks\u00e5 s\u00e4tta in pengar p\u00e5 ditt spelarkonto f\u00f6rst och sedan anv\u00e4nda ditt nya saldo f\u00f6r att k\u00f6pa lotter n\u00e4r du vill. Att ha ett saldo g\u00f6r betalningsprocessen mycket snabbare!<\/p>\n<p>Tar ni ut en provision om jag vinner?<\/p>\n<p>Nej, det g\u00f6r vi inte. Alla dina vinster kommer att betalas ut till fullo, utan debitering av n\u00e5gra avgifter f\u00f6rutom bank\u00f6verf\u00f6ringsavgifter i vissa fall.<\/p>\n<p>Hur f\u00e5r jag reda p\u00e5 om jag har vunnit?<\/p>\n<p>F\u00f6rst skickar vi ett e-postmeddelande till dig d\u00e4r vi ber\u00e4ttar om din vinst. Du kan ocks\u00e5 alltid logga in p\u00e5 ditt konto och kolla under &#8221;Mina lotter&#8221; och kontrollera statusen f\u00f6r dina lotter d\u00e4r. Uppdateringar med vinnande nummer f\u00f6r alla lotterier finns p\u00e5 v\u00e5r webbplats.<\/p>\n<p>Hur f\u00e5r jag betalt om jag vinner?<\/p>\n<p>Om du vinner ett pris p\u00e5 upp till 2500 \u20ac krediteras det omedelbart till ditt spelkonto. F\u00f6r h\u00f6gre vinster skickar vi ett formul\u00e4r till dig via e-post. Du m\u00e5ste identifiera dig och ge lite grundl\u00e4ggande information, som hur du vill f\u00e5 betalt. Vi presenterar sedan ditt anspr\u00e5k f\u00f6r lotterif\u00f6retaget. Lotterif\u00f6retaget kommer sedan att betala dig direkt.<br \/>\nOm du f\u00f6redrar det kan du ocks\u00e5 h\u00e4mta din lott p\u00e5 ett av v\u00e5ra ombuds kontor och sedan l\u00e4mna in den personligen till lotteriet.<\/p>\n<p>\u00c4r er tj\u00e4nst verkligen laglig?<\/p>\n<p>Ja, absolut. Det \u00e4r som att vara p\u00e5 semester i lotteriets land, och du k\u00f6per en lott sj\u00e4lv. Om den lotten skulle vinna har du samma anspr\u00e5k p\u00e5 vinsten som alla andra.<\/p>\n<p>Hur vet jag att en lott k\u00f6ps f\u00f6r min r\u00e4kning?<\/p>\n<p>N\u00e4r du har betalat f\u00f6r din lott kommer du f\u00f6rst att f\u00e5 en betalningsbekr\u00e4ftelse. Lite senare kommer du att kunna se din lott skannas i kundomr\u00e5det p\u00e5 v\u00e5r webbplats.<\/p>\n","protected":false},"excerpt":{"rendered":"<p>FAQ om lotterier online H\u00e4r hittar du svaren p\u00e5 de vanligaste fr\u00e5gorna om hur lotteritj\u00e4nsten online fungerar. Hur f\u00e5r jag mina lotter? F\u00f6rst k\u00f6per ett av v\u00e5ra ombud p\u00e5 plats lotten i ditt namn och f\u00f6r din r\u00e4kning. D\u00e4refter skannas lotten och laddas upp till ditt kundkonto. Vi skickar ett e-postmeddelande till dig n\u00e4r du [&hellip;]<\/p>\n","protected":false},"author":1,"featured_media":0,"parent":0,"menu_order":50,"comment_status":"closed","ping_status":"closed","template":"","meta":{"_et_pb_use_builder":"","_et_pb_old_content":"","_et_gb_content_width":"","exclude_from_search":false,"footnotes":""},"class_list":["post-84455","page","type-page","status-publish","hentry"],"yoast_head":"<!-- This site is optimized with the Yoast SEO plugin v23.4 - https:\/\/yoast.com\/wordpress\/plugins\/seo\/ -->\n<title>Svar p\u00e5 de vanligaste fr\u00e5gorna om v\u00e5r lotteritj\u00e4nst online<\/title>\n<meta name=\"description\" content=\"Vill du veta mer om hur v\u00e5r budtj\u00e4nst f\u00f6r lotter online fungerar? H\u00e4r hittar du svar p\u00e5 de vanligaste fr\u00e5gorna\" \/>\n<meta name=\"robots\" content=\"index, follow, max-snippet:-1, max-image-preview:large, max-video-preview:-1\" \/>\n<link rel=\"canonical\" href=\"https:\/\/onlinelotto365.com\/sv\/vanliga-fragor\/\" \/>\n<meta property=\"og:locale\" content=\"sv_SE\" \/>\n<meta property=\"og:type\" content=\"article\" \/>\n<meta property=\"og:title\" content=\"Svar p\u00e5 de vanligaste fr\u00e5gorna om v\u00e5r lotteritj\u00e4nst online\" \/>\n<meta property=\"og:description\" content=\"Vill du veta mer om hur v\u00e5r budtj\u00e4nst f\u00f6r lotter online fungerar? H\u00e4r hittar du svar p\u00e5 de vanligaste fr\u00e5gorna\" \/>\n<meta property=\"og:url\" content=\"https:\/\/onlinelotto365.com\/sv\/vanliga-fragor\/\" \/>\n<meta property=\"og:site_name\" content=\"OnlineLotto365\" \/>\n<meta name=\"twitter:card\" content=\"summary_large_image\" \/>\n<meta name=\"twitter:label1\" content=\"Ber\u00e4knad l\u00e4stid\" \/>\n\t<meta name=\"twitter:data1\" content=\"3 minuter\" \/>\n<script type=\"application\/ld+json\" class=\"yoast-schema-graph\">{\"@context\":\"https:\/\/schema.org\",\"@graph\":[{\"@type\":\"WebPage\",\"@id\":\"https:\/\/onlinelotto365.com\/sv\/vanliga-fragor\/\",\"url\":\"https:\/\/onlinelotto365.com\/sv\/vanliga-fragor\/\",\"name\":\"Svar p\u00e5 de vanligaste fr\u00e5gorna om v\u00e5r lotteritj\u00e4nst online\",\"isPartOf\":{\"@id\":\"https:\/\/onlinelotto365.com\/sv\/#website\"},\"datePublished\":\"2023-10-03T12:18:01+00:00\",\"dateModified\":\"2023-10-03T12:18:01+00:00\",\"description\":\"Vill du veta mer om hur v\u00e5r budtj\u00e4nst f\u00f6r lotter online fungerar? H\u00e4r hittar du svar p\u00e5 de vanligaste fr\u00e5gorna\",\"breadcrumb\":{\"@id\":\"https:\/\/onlinelotto365.com\/sv\/vanliga-fragor\/#breadcrumb\"},\"inLanguage\":\"sv-SE\",\"potentialAction\":[{\"@type\":\"ReadAction\",\"target\":[\"https:\/\/onlinelotto365.com\/sv\/vanliga-fragor\/\"]}]},{\"@type\":\"BreadcrumbList\",\"@id\":\"https:\/\/onlinelotto365.com\/sv\/vanliga-fragor\/#breadcrumb\",\"itemListElement\":[{\"@type\":\"ListItem\",\"position\":1,\"name\":\"Home\",\"item\":\"https:\/\/onlinelotto365.com\/sv\/\"},{\"@type\":\"ListItem\",\"position\":2,\"name\":\"VANLIGA FR\u00c5GOR\"}]},{\"@type\":\"WebSite\",\"@id\":\"https:\/\/onlinelotto365.com\/sv\/#website\",\"url\":\"https:\/\/onlinelotto365.com\/sv\/\",\"name\":\"OnlineLotto365\",\"description\":\"\",\"potentialAction\":[{\"@type\":\"SearchAction\",\"target\":{\"@type\":\"EntryPoint\",\"urlTemplate\":\"https:\/\/onlinelotto365.com\/sv\/?s={search_term_string}\"},\"query-input\":{\"@type\":\"PropertyValueSpecification\",\"valueRequired\":true,\"valueName\":\"search_term_string\"}}],\"inLanguage\":\"sv-SE\"}]}<\/script>\n<!-- \/ Yoast SEO plugin. -->","yoast_head_json":{"title":"Svar p\u00e5 de vanligaste fr\u00e5gorna om v\u00e5r lotteritj\u00e4nst online","description":"Vill du veta mer om hur v\u00e5r budtj\u00e4nst f\u00f6r lotter online fungerar? H\u00e4r hittar du svar p\u00e5 de vanligaste fr\u00e5gorna","robots":{"index":"index","follow":"follow","max-snippet":"max-snippet:-1","max-image-preview":"max-image-preview:large","max-video-preview":"max-video-preview:-1"},"canonical":"https:\/\/onlinelotto365.com\/sv\/vanliga-fragor\/","og_locale":"sv_SE","og_type":"article","og_title":"Svar p\u00e5 de vanligaste fr\u00e5gorna om v\u00e5r lotteritj\u00e4nst online","og_description":"Vill du veta mer om hur v\u00e5r budtj\u00e4nst f\u00f6r lotter online fungerar? H\u00e4r hittar du svar p\u00e5 de vanligaste fr\u00e5gorna","og_url":"https:\/\/onlinelotto365.com\/sv\/vanliga-fragor\/","og_site_name":"OnlineLotto365","twitter_card":"summary_large_image","twitter_misc":{"Ber\u00e4knad l\u00e4stid":"3 minuter"},"schema":{"@context":"https:\/\/schema.org","@graph":[{"@type":"WebPage","@id":"https:\/\/onlinelotto365.com\/sv\/vanliga-fragor\/","url":"https:\/\/onlinelotto365.com\/sv\/vanliga-fragor\/","name":"Svar p\u00e5 de vanligaste fr\u00e5gorna om v\u00e5r lotteritj\u00e4nst online","isPartOf":{"@id":"https:\/\/onlinelotto365.com\/sv\/#website"},"datePublished":"2023-10-03T12:18:01+00:00","dateModified":"2023-10-03T12:18:01+00:00","description":"Vill du veta mer om hur v\u00e5r budtj\u00e4nst f\u00f6r lotter online fungerar? H\u00e4r hittar du svar p\u00e5 de vanligaste fr\u00e5gorna","breadcrumb":{"@id":"https:\/\/onlinelotto365.com\/sv\/vanliga-fragor\/#breadcrumb"},"inLanguage":"sv-SE","potentialAction":[{"@type":"ReadAction","target":["https:\/\/onlinelotto365.com\/sv\/vanliga-fragor\/"]}]},{"@type":"BreadcrumbList","@id":"https:\/\/onlinelotto365.com\/sv\/vanliga-fragor\/#breadcrumb","itemListElement":[{"@type":"ListItem","position":1,"name":"Home","item":"https:\/\/onlinelotto365.com\/sv\/"},{"@type":"ListItem","position":2,"name":"VANLIGA FR\u00c5GOR"}]},{"@type":"WebSite","@id":"https:\/\/onlinelotto365.com\/sv\/#website","url":"https:\/\/onlinelotto365.com\/sv\/","name":"OnlineLotto365","description":"","potentialAction":[{"@type":"SearchAction","target":{"@type":"EntryPoint","urlTemplate":"https:\/\/onlinelotto365.com\/sv\/?s={search_term_string}"},"query-input":{"@type":"PropertyValueSpecification","valueRequired":true,"valueName":"search_term_string"}}],"inLanguage":"sv-SE"}]}},"_links":{"self":[{"href":"https:\/\/onlinelotto365.com\/sv\/wp-json\/wp\/v2\/pages\/84455","targetHints":{"allow":["GET"]}}],"collection":[{"href":"https:\/\/onlinelotto365.com\/sv\/wp-json\/wp\/v2\/pages"}],"about":[{"href":"https:\/\/onlinelotto365.com\/sv\/wp-json\/wp\/v2\/types\/page"}],"author":[{"embeddable":true,"href":"https:\/\/onlinelotto365.com\/sv\/wp-json\/wp\/v2\/users\/1"}],"replies":[{"embeddable":true,"href":"https:\/\/onlinelotto365.com\/sv\/wp-json\/wp\/v2\/comments?post=84455"}],"version-history":[{"count":0,"href":"https:\/\/onlinelotto365.com\/sv\/wp-json\/wp\/v2\/pages\/84455\/revisions"}],"wp:attachment":[{"href":"https:\/\/onlinelotto365.com\/sv\/wp-json\/wp\/v2\/media?parent=84455"}],"curies":[{"name":"wp","href":"https:\/\/api.w.org\/{rel}","templated":true}]}}