{"id":10464,"date":"2020-12-17T14:15:08","date_gmt":"2020-12-17T13:15:08","guid":{"rendered":"http:\/\/onlinelotto365.net\/?page_id=10464"},"modified":"2022-11-08T10:04:25","modified_gmt":"2022-11-08T09:04:25","slug":"powerball","status":"publish","type":"page","link":"https:\/\/onlinelotto365.com\/tr\/oyna\/powerball\/","title":{"rendered":"T\u00fcrkiye\u2019de ya\u015fayanlar Powerball\u2019u nas\u0131l \u00e7evrimi\u00e7i olarak oynayabilirler?"},"content":{"rendered":"<p>T\u00fcrkiye&#8217;de olsan\u0131z bile, \u00e7evrimi\u00e7i olarak Powerball oynamak asl\u0131nda hayli basit. Ve ayn\u0131 zamanda olduk\u00e7a pratik.<\/p>\n<p>Do\u011fru piyangoyu, yani \u015f\u00f6yle ki Powerball&#8217;u se\u00e7ti\u011finizden emin olun. Daha sonra say\u0131lar\u0131n\u0131z\u0131 se\u00e7in.<\/p>\n<p>Ayr\u0131ca bir\u00e7ok oyuncunun kullanmay\u0131 sevdi\u011fi bir y\u00f6ntem de var &#8211; h\u0131zl\u0131 se\u00e7im i\u015flevi. Tek yapman\u0131z gereken h\u0131zl\u0131 se\u00e7im d\u00fc\u011fmesine t\u0131klamak ve site sizin i\u00e7in rastgele birka\u00e7 say\u0131 se\u00e7ecektir.<\/p>\n<p>Powerball i\u00e7in say\u0131lar\u0131 se\u00e7meyi bitirdi\u011finizde, ba\u015fka bir piyango se\u00e7ebilir, daha fazla loto bileti oynayabilir ve bunlar\u0131 sipari\u015finize ekleyebilirsiniz. \u0130\u015finiz bitti\u011finde, \u00e7\u0131k\u0131\u015f yapmak i\u00e7in t\u0131klay\u0131n ve biletlerinizi g\u00fcvenle \u00f6deyin. \u015eu anda bizle bir hesap olu\u015fturman\u0131z gerekecek. Tabi isterseniz \u00f6nce hesab\u0131n\u0131z\u0131 olu\u015fturabilir ve bunun \u00fcst\u00fcne bilet sipari\u015fi verme s\u00fcrecini ba\u015flatabilirsiniz.<br \/>\n<a href=\"https:\/\/redfoxlotto.com\/play\/powerball\/?ref=a8564250a2&amp;medium=ol365\" target=\"_blank\" rel=\"noopener noreferrer\"><img loading=\"lazy\" decoding=\"async\" class=\"aligncenter\" src=\"https:\/\/redfoxlotto.com\/image?size=8&amp;lottery=powerball\" alt=\"powerball\" width=\"793\" height=\"98\" \/><\/a><\/p>\n<p>Hesab\u0131n\u0131z\u0131 olu\u015fturduktan sonra, sitemizdeki kayd\u0131n\u0131z do\u011frulanmal\u0131d\u0131r. Size, bir ba\u011flant\u0131 i\u00e7eren bir do\u011frulama e-postas\u0131 g\u00f6nderece\u011fiz. E-posta adresimizi g\u00fcvenilen bir g\u00f6nderen olarak i\u015faretlemek mant\u0131kl\u0131 olacakt\u0131r. Bu, kazan\u00e7 bildirimleri gibi \u00f6nemli mesajlar\u0131n size ger\u00e7ekten ula\u015fmas\u0131n\u0131 garantiye alacak. Bu, \u00e7evrimi\u00e7i olarak Powerball oynaman\u0131n avantajlar\u0131ndan biridir &#8211; asla bir kazanc\u0131 ka\u00e7\u0131rmayacaks\u0131n\u0131z \u00e7\u00fcnk\u00fc her zaman bizim taraf\u0131m\u0131zdan bilgilendirileceksiniz.<\/p>\n<p>Hizmetimiz ger\u00e7ekten piyango oynamay\u0131 21. y\u00fczy\u0131la getirdi ve bu, biletler ilk sat\u0131\u015fa \u00e7\u0131kt\u0131\u011f\u0131ndan beri, piyangolar\u0131n ba\u015f\u0131na gelen en b\u00fcy\u00fck \u015fey. E\u011fer bu \u00e7evrimi\u00e7i hizmetten faydalanm\u0131yorsan\u0131z, d\u0131\u015far\u0131da bir yerde sizi bekleyen t\u00fcm harika piyango faaliyetini ger\u00e7ekten ka\u00e7\u0131r\u0131yorsunuz.<\/p>\n<h2>Powerball Hakk\u0131nda<\/h2>\n<p><img loading=\"lazy\" decoding=\"async\" class=\"size-medium wp-image-1356 alignright\" src=\"https:\/\/onlinelotto365.com\/wp-content\/uploads\/2020\/11\/online_lottery-117-300x217.jpg\" alt=\"\u00e7evrimi\u00e7i Powerball oynay\u0131n\" width=\"300\" height=\"217\" \/><\/p>\n<ul>\n<li>\u00dclke: ABD<\/li>\n<li>Ana say\u0131lar s\u0131n\u0131r\u0131: 69<\/li>\n<li>Sizin se\u00e7ti\u011finiz: 5<\/li>\n<li>Ekstra say\u0131lar s\u0131n\u0131r\u0131: 26<\/li>\n<li>Sizin se\u00e7ti\u011finiz: 1<\/li>\n<li>\u00c7ekili\u015f g\u00fcnleri, saatleri: \u00c7ar\u015famba, Cumartesi, 21:00 EST, +1 g\u00fcn 3:00 CET<\/li>\n<li>En d\u00fc\u015f\u00fck b\u00fcy\u00fck ikramiye: 40 milyon $<\/li>\n<li>B\u00fcy\u00fck ikramiyede en y\u00fcksek s\u0131n\u0131rland\u0131rma: yok<\/li>\n<li>Powerball b\u00fcy\u00fck ikramiyesi\u2019ni kazanma olas\u0131l\u0131\u011f\u0131:175.223.510\u2019 de 1<\/li>\n<li>2 kat kazanman\u0131n olas\u0131l\u0131\u011f\u0131: 5.006.386\u2019 de 1<\/li>\n<li>Herhangi bir katta kazanma olas\u0131l\u0131\u011f\u0131: 24,87\u2019de 1<\/li>\n<li>\u00d6d\u00fcl kademeleri say\u0131s\u0131: 9<\/li>\n<\/ul>\n<h2>Powerball\u2019un en iyi belirleyici \u00f6zellikleri<\/h2>\n<p><img loading=\"lazy\" decoding=\"async\" class=\" wp-image-1521 alignright\" src=\"https:\/\/onlinelotto365.com\/wp-content\/uploads\/2020\/11\/online_lottery-133-300x212.jpg\" alt=\"T\u00fcrkiye'den Powerball ABD\" width=\"275\" height=\"194\" \/><br \/>\nHayalleriniz ne kadar b\u00fcy\u00fck oldu\u011fu farketmeksizin,\u00f6yle de olsa, Powerball Loto, hepsini ve hatta daha da fazlas\u0131n\u0131 tatmin edecek g\u00fcce sahip. D\u00fczenli olarak y\u00fcz milyonlarca dolarl\u0131k ikramiyeler ile , kesinlikle kazan\u0131lacak devasa miktarda para diyece\u011finiz \u015fey budur.<\/p>\n<p>Her ikramiye kazanan\u0131 olmad\u0131\u011f\u0131nda, ikramiye genellikle y\u00fcz milyona, iki y\u00fcz milyona ve hatta zaman zaman \u00fc\u00e7 y\u00fcz milyona y\u00fckselir. San\u0131r\u0131m \u00e7o\u011fumuz en az 40 milyon dolar\u0131n bile b\u00fct\u00fcn hayallerimizi ya\u015famam\u0131z i\u00e7in yeterli olaca\u011f\u0131 konusunda hemfikirizdir, ama konu piyangolar oldu\u011funda ne kadar b\u00fcy\u00fckse o kadar iyidir. Yani \u00e7o\u011fu insan gibiyseniz ve daha b\u00fcy\u00fck oynamay\u0131 seviyorsan\u0131z, bu, kesinlikle sizin i\u00e7in.<\/p>\n<h2>\u00c7evrimi\u00e7i olarak Powerball oynama hakk\u0131nda ba\u015fka neler bilmeniz gerekir<\/h2>\n<p>Powerball, b\u00fcy\u00fck ikramiye kazananlar\u0131na kazan\u00e7lar\u0131n\u0131n \u00f6denmesinin iki yolunu teklif eder. Ya \u015fimdi bir toplu \u00f6deme alabilirsiniz ya da 30 y\u0131ll\u0131k taksitte alarak, \u00e7ok daha fazla para elde edebilirsiniz.<\/p>\n<h2>Poweball sonu\u00e7lar\u0131n\u0131 T\u00fcrkiye\u2019den hangi yolla kontrol etme<\/h2>\n<p>Powerball&#8217;un kazanan say\u0131lar\u0131n\u0131 ve sonu\u00e7lar\u0131n\u0131 T\u00fcrkiye&#8217;den kontrol etmenin bir\u00e7ok yolu var. Ancak \u00e7evrimi\u00e7i olarak Powerball oynad\u0131ysan\u0131z, en kolay yol buraya, biletinizi ald\u0131\u011f\u0131n\u0131z yere geri gelmektir. Hesab\u0131n\u0131zda, say\u0131lar\u0131n\u0131z\u0131 son \u00e7ekili\u015fteki say\u0131larla kar\u015f\u0131la\u015ft\u0131rabileceksiniz. Biletlerinizden biri bir \u015fey kazand\u0131\u011f\u0131 her ne zamandada ayr\u0131ca bir e-posta mesaj\u0131 alacaks\u0131n\u0131z.<\/p>\n<h2>\u00c7evrimi\u00e7i olarak Powerball oynad\u0131n ve kazand\u0131n- daha sonra ne oluyor?<\/h2>\n<p>Hizmetimiz, \u00f6demelerin sizin i\u00e7in yap\u0131lmas\u0131n\u0131 da i\u00e7erir. \u00d6deme alma konusunda endi\u015felenmenize gerek yok. Ve kazanc\u0131n\u0131z \u00fczerinden herhangi bir komisyon alm\u0131yoruz.<\/p>\n<p>Prosed\u00fcr ne kadar kazand\u0131\u011f\u0131n\u0131za ba\u011fl\u0131d\u0131r. E\u011fer 2500 \u20ac veya daha az bir miktar kazand\u0131ysan\u0131z, bu miktar hesab\u0131n\u0131za yat\u0131r\u0131lacakt\u0131r. Bu tutar\u0131 \u00e7ekebilir veya hesab\u0131n\u0131zda b\u0131rakabilir ve daha fazla \u00e7evrimi\u00e7i piyango bileti oynamak i\u00e7in kullanabilirsiniz.<\/p>\n<p>Daha b\u00fcy\u00fck bir miktar kazan\u0131rsan\u0131z, size bir talep formu e-posta ile g\u00f6nderece\u011fiz. Daha sonra, \u00f6demeyi nas\u0131l almak istedi\u011finiz de dahil olmak \u00fczere baz\u0131 ki\u015fisel bilgileri doldurman\u0131z gerekir. \u0130ki se\u00e7enek vard\u0131r: banka havalesi veya \u00e7ek. Talep formunu piyango komisyonuna iletece\u011fiz ve onlar da talimatlar\u0131n\u0131za g\u00f6re size \u00f6deme yapacaklar.<\/p>\n","protected":false},"excerpt":{"rendered":"<p>T\u00fcrkiye&#8217;de olsan\u0131z bile, \u00e7evrimi\u00e7i olarak Powerball oynamak asl\u0131nda hayli basit. Ve ayn\u0131 zamanda olduk\u00e7a pratik. Do\u011fru piyangoyu, yani \u015f\u00f6yle ki Powerball&#8217;u se\u00e7ti\u011finizden emin olun. Daha sonra say\u0131lar\u0131n\u0131z\u0131 se\u00e7in. Ayr\u0131ca bir\u00e7ok oyuncunun kullanmay\u0131 sevdi\u011fi bir y\u00f6ntem de var &#8211; h\u0131zl\u0131 se\u00e7im i\u015flevi. Tek yapman\u0131z gereken h\u0131zl\u0131 se\u00e7im d\u00fc\u011fmesine t\u0131klamak ve site sizin i\u00e7in rastgele birka\u00e7 say\u0131 [&hellip;]<\/p>\n","protected":false},"author":1,"featured_media":0,"parent":5092,"menu_order":1,"comment_status":"closed","ping_status":"closed","template":"powerball-usa.php","meta":{"_et_pb_use_builder":"","_et_pb_old_content":"","_et_gb_content_width":"","exclude_from_search":false,"footnotes":""},"class_list":["post-10464","page","type-page","status-publish","hentry"],"yoast_head":"<!-- This site is optimized with the Yoast SEO plugin v23.4 - https:\/\/yoast.com\/wordpress\/plugins\/seo\/ -->\n<title>T\u00fcrkiye\u2019den \u00e7evrimi\u00e7i olarak Powerball oynay\u0131n| T\u00fcrkiye\u2019den Powerball\u2019u kazanabilir miyim<\/title>\n<meta name=\"description\" content=\"Burada Poweball Lotosu\u2019nu oynay\u0131n \u2013 ABD\u2019nin en b\u00fcy\u00fck piyangosu, T\u00fcrkiye\u2019den veya herhangi bir \u00fclkeden \u00e7evrimi\u00e7i kullan\u0131ma haz\u0131r\" \/>\n<meta name=\"robots\" content=\"index, follow, max-snippet:-1, max-image-preview:large, max-video-preview:-1\" \/>\n<link rel=\"canonical\" href=\"https:\/\/onlinelotto365.com\/tr\/oyna\/powerball\/\" \/>\n<meta property=\"og:locale\" content=\"tr_TR\" \/>\n<meta property=\"og:type\" content=\"article\" \/>\n<meta property=\"og:title\" content=\"T\u00fcrkiye\u2019den \u00e7evrimi\u00e7i olarak Powerball oynay\u0131n| T\u00fcrkiye\u2019den Powerball\u2019u kazanabilir miyim\" \/>\n<meta property=\"og:description\" content=\"Burada Poweball Lotosu\u2019nu oynay\u0131n \u2013 ABD\u2019nin en b\u00fcy\u00fck piyangosu, T\u00fcrkiye\u2019den veya herhangi bir \u00fclkeden \u00e7evrimi\u00e7i kullan\u0131ma haz\u0131r\" \/>\n<meta property=\"og:url\" content=\"https:\/\/onlinelotto365.com\/tr\/oyna\/powerball\/\" \/>\n<meta property=\"og:site_name\" content=\"OnlineLotto365\" \/>\n<meta property=\"article:modified_time\" content=\"2022-11-08T09:04:25+00:00\" \/>\n<meta property=\"og:image\" content=\"https:\/\/redfoxlotto.com\/image?size=8&amp;lottery=powerball\" \/>\n<meta name=\"twitter:card\" content=\"summary_large_image\" \/>\n<meta name=\"twitter:label1\" content=\"Tahmini okuma s\u00fcresi\" \/>\n\t<meta name=\"twitter:data1\" content=\"4 dakika\" \/>\n<script type=\"application\/ld+json\" class=\"yoast-schema-graph\">{\"@context\":\"https:\/\/schema.org\",\"@graph\":[{\"@type\":\"WebPage\",\"@id\":\"https:\/\/onlinelotto365.com\/tr\/oyna\/powerball\/\",\"url\":\"https:\/\/onlinelotto365.com\/tr\/oyna\/powerball\/\",\"name\":\"T\u00fcrkiye\u2019den \u00e7evrimi\u00e7i olarak Powerball oynay\u0131n| T\u00fcrkiye\u2019den Powerball\u2019u kazanabilir miyim\",\"isPartOf\":{\"@id\":\"https:\/\/onlinelotto365.com\/tr\/#website\"},\"primaryImageOfPage\":{\"@id\":\"https:\/\/onlinelotto365.com\/tr\/oyna\/powerball\/#primaryimage\"},\"image\":{\"@id\":\"https:\/\/onlinelotto365.com\/tr\/oyna\/powerball\/#primaryimage\"},\"thumbnailUrl\":\"https:\/\/redfoxlotto.com\/image?size=8&amp;lottery=powerball\",\"datePublished\":\"2020-12-17T13:15:08+00:00\",\"dateModified\":\"2022-11-08T09:04:25+00:00\",\"description\":\"Burada Poweball Lotosu\u2019nu oynay\u0131n \u2013 ABD\u2019nin en b\u00fcy\u00fck piyangosu, T\u00fcrkiye\u2019den veya herhangi bir \u00fclkeden \u00e7evrimi\u00e7i kullan\u0131ma haz\u0131r\",\"breadcrumb\":{\"@id\":\"https:\/\/onlinelotto365.com\/tr\/oyna\/powerball\/#breadcrumb\"},\"inLanguage\":\"tr\",\"potentialAction\":[{\"@type\":\"ReadAction\",\"target\":[\"https:\/\/onlinelotto365.com\/tr\/oyna\/powerball\/\"]}]},{\"@type\":\"ImageObject\",\"inLanguage\":\"tr\",\"@id\":\"https:\/\/onlinelotto365.com\/tr\/oyna\/powerball\/#primaryimage\",\"url\":\"https:\/\/redfoxlotto.com\/image?size=8&amp;lottery=powerball\",\"contentUrl\":\"https:\/\/redfoxlotto.com\/image?size=8&amp;lottery=powerball\"},{\"@type\":\"BreadcrumbList\",\"@id\":\"https:\/\/onlinelotto365.com\/tr\/oyna\/powerball\/#breadcrumb\",\"itemListElement\":[{\"@type\":\"ListItem\",\"position\":1,\"name\":\"Home\",\"item\":\"https:\/\/onlinelotto365.com\/tr\/\"},{\"@type\":\"ListItem\",\"position\":2,\"name\":\"En iyi \u00e7evrimi\u00e7i piyangolar\u0131 oynamak i\u00e7in se\u00e7enekleriniz hakk\u0131nda bilmeniz gereken her \u015fey\",\"item\":\"https:\/\/onlinelotto365.com\/tr\/oyna\/\"},{\"@type\":\"ListItem\",\"position\":3,\"name\":\"T\u00fcrkiye\u2019de ya\u015fayanlar Powerball\u2019u nas\u0131l \u00e7evrimi\u00e7i olarak oynayabilirler?\"}]},{\"@type\":\"WebSite\",\"@id\":\"https:\/\/onlinelotto365.com\/tr\/#website\",\"url\":\"https:\/\/onlinelotto365.com\/tr\/\",\"name\":\"OnlineLotto365\",\"description\":\"\",\"potentialAction\":[{\"@type\":\"SearchAction\",\"target\":{\"@type\":\"EntryPoint\",\"urlTemplate\":\"https:\/\/onlinelotto365.com\/tr\/?s={search_term_string}\"},\"query-input\":{\"@type\":\"PropertyValueSpecification\",\"valueRequired\":true,\"valueName\":\"search_term_string\"}}],\"inLanguage\":\"tr\"}]}<\/script>\n<!-- \/ Yoast SEO plugin. -->","yoast_head_json":{"title":"T\u00fcrkiye\u2019den \u00e7evrimi\u00e7i olarak Powerball oynay\u0131n| T\u00fcrkiye\u2019den Powerball\u2019u kazanabilir miyim","description":"Burada Poweball Lotosu\u2019nu oynay\u0131n \u2013 ABD\u2019nin en b\u00fcy\u00fck piyangosu, T\u00fcrkiye\u2019den veya herhangi bir \u00fclkeden \u00e7evrimi\u00e7i kullan\u0131ma haz\u0131r","robots":{"index":"index","follow":"follow","max-snippet":"max-snippet:-1","max-image-preview":"max-image-preview:large","max-video-preview":"max-video-preview:-1"},"canonical":"https:\/\/onlinelotto365.com\/tr\/oyna\/powerball\/","og_locale":"tr_TR","og_type":"article","og_title":"T\u00fcrkiye\u2019den \u00e7evrimi\u00e7i olarak Powerball oynay\u0131n| T\u00fcrkiye\u2019den Powerball\u2019u kazanabilir miyim","og_description":"Burada Poweball Lotosu\u2019nu oynay\u0131n \u2013 ABD\u2019nin en b\u00fcy\u00fck piyangosu, T\u00fcrkiye\u2019den veya herhangi bir \u00fclkeden \u00e7evrimi\u00e7i kullan\u0131ma haz\u0131r","og_url":"https:\/\/onlinelotto365.com\/tr\/oyna\/powerball\/","og_site_name":"OnlineLotto365","article_modified_time":"2022-11-08T09:04:25+00:00","og_image":[{"url":"https:\/\/redfoxlotto.com\/image?size=8&amp;lottery=powerball"}],"twitter_card":"summary_large_image","twitter_misc":{"Tahmini okuma s\u00fcresi":"4 dakika"},"schema":{"@context":"https:\/\/schema.org","@graph":[{"@type":"WebPage","@id":"https:\/\/onlinelotto365.com\/tr\/oyna\/powerball\/","url":"https:\/\/onlinelotto365.com\/tr\/oyna\/powerball\/","name":"T\u00fcrkiye\u2019den \u00e7evrimi\u00e7i olarak Powerball oynay\u0131n| T\u00fcrkiye\u2019den Powerball\u2019u kazanabilir miyim","isPartOf":{"@id":"https:\/\/onlinelotto365.com\/tr\/#website"},"primaryImageOfPage":{"@id":"https:\/\/onlinelotto365.com\/tr\/oyna\/powerball\/#primaryimage"},"image":{"@id":"https:\/\/onlinelotto365.com\/tr\/oyna\/powerball\/#primaryimage"},"thumbnailUrl":"https:\/\/redfoxlotto.com\/image?size=8&amp;lottery=powerball","datePublished":"2020-12-17T13:15:08+00:00","dateModified":"2022-11-08T09:04:25+00:00","description":"Burada Poweball Lotosu\u2019nu oynay\u0131n \u2013 ABD\u2019nin en b\u00fcy\u00fck piyangosu, T\u00fcrkiye\u2019den veya herhangi bir \u00fclkeden \u00e7evrimi\u00e7i kullan\u0131ma haz\u0131r","breadcrumb":{"@id":"https:\/\/onlinelotto365.com\/tr\/oyna\/powerball\/#breadcrumb"},"inLanguage":"tr","potentialAction":[{"@type":"ReadAction","target":["https:\/\/onlinelotto365.com\/tr\/oyna\/powerball\/"]}]},{"@type":"ImageObject","inLanguage":"tr","@id":"https:\/\/onlinelotto365.com\/tr\/oyna\/powerball\/#primaryimage","url":"https:\/\/redfoxlotto.com\/image?size=8&amp;lottery=powerball","contentUrl":"https:\/\/redfoxlotto.com\/image?size=8&amp;lottery=powerball"},{"@type":"BreadcrumbList","@id":"https:\/\/onlinelotto365.com\/tr\/oyna\/powerball\/#breadcrumb","itemListElement":[{"@type":"ListItem","position":1,"name":"Home","item":"https:\/\/onlinelotto365.com\/tr\/"},{"@type":"ListItem","position":2,"name":"En iyi \u00e7evrimi\u00e7i piyangolar\u0131 oynamak i\u00e7in se\u00e7enekleriniz hakk\u0131nda bilmeniz gereken her \u015fey","item":"https:\/\/onlinelotto365.com\/tr\/oyna\/"},{"@type":"ListItem","position":3,"name":"T\u00fcrkiye\u2019de ya\u015fayanlar Powerball\u2019u nas\u0131l \u00e7evrimi\u00e7i olarak oynayabilirler?"}]},{"@type":"WebSite","@id":"https:\/\/onlinelotto365.com\/tr\/#website","url":"https:\/\/onlinelotto365.com\/tr\/","name":"OnlineLotto365","description":"","potentialAction":[{"@type":"SearchAction","target":{"@type":"EntryPoint","urlTemplate":"https:\/\/onlinelotto365.com\/tr\/?s={search_term_string}"},"query-input":{"@type":"PropertyValueSpecification","valueRequired":true,"valueName":"search_term_string"}}],"inLanguage":"tr"}]}},"_links":{"self":[{"href":"https:\/\/onlinelotto365.com\/tr\/wp-json\/wp\/v2\/pages\/10464","targetHints":{"allow":["GET"]}}],"collection":[{"href":"https:\/\/onlinelotto365.com\/tr\/wp-json\/wp\/v2\/pages"}],"about":[{"href":"https:\/\/onlinelotto365.com\/tr\/wp-json\/wp\/v2\/types\/page"}],"author":[{"embeddable":true,"href":"https:\/\/onlinelotto365.com\/tr\/wp-json\/wp\/v2\/users\/1"}],"replies":[{"embeddable":true,"href":"https:\/\/onlinelotto365.com\/tr\/wp-json\/wp\/v2\/comments?post=10464"}],"version-history":[{"count":0,"href":"https:\/\/onlinelotto365.com\/tr\/wp-json\/wp\/v2\/pages\/10464\/revisions"}],"up":[{"embeddable":true,"href":"https:\/\/onlinelotto365.com\/tr\/wp-json\/wp\/v2\/pages\/5092"}],"wp:attachment":[{"href":"https:\/\/onlinelotto365.com\/tr\/wp-json\/wp\/v2\/media?parent=10464"}],"curies":[{"name":"wp","href":"https:\/\/api.w.org\/{rel}","templated":true}]}}