{"id":10467,"date":"2020-12-17T14:16:38","date_gmt":"2020-12-17T13:16:38","guid":{"rendered":"http:\/\/onlinelotto365.net\/?page_id=10467"},"modified":"2021-03-11T11:26:12","modified_gmt":"2021-03-11T10:26:12","slug":"mega-millions","status":"publish","type":"page","link":"https:\/\/onlinelotto365.com\/tr\/oyna\/mega-millions\/","title":{"rendered":"Mega Millions \u00c7evrimi\u00e7i"},"content":{"rendered":"<h2>Mega Millions Hakk\u0131nda<\/h2>\n<p>Bu b\u00fcy\u00fck olas\u0131l\u0131kla d\u00fcnyan\u0131n en \u00fcnl\u00fc piyangosu. T\u00fcrkiye&#8217;den loto tutkunlar\u0131na \u00e7evrimi\u00e7i Mega Millions oynama f\u0131rsat\u0131 sunmak, oyuncular\u0131n bir hayali ger\u00e7e\u011fe d\u00f6n\u00fc\u015ft\u00fcrmelerine yard\u0131mc\u0131 oluyor. T\u00fcrkiye&#8217;de ya\u015f\u0131yorsan\u0131z, yine de bir \u00e7evrimi\u00e7i bilet ile Mega Millions oynayabilirsiniz. Hizmetimiz tamamen yasal ve size ABD&#8217;den bu mega-piyangoya kat\u0131lma \u015fans\u0131 veriyoruz.<br \/>\n<a href=\"https:\/\/redfoxlotto.com\/play\/mega-millions\/?ref=a8564250a2&amp;medium=ol365\" target=\"_blank\" rel=\"noopener noreferrer\"><img decoding=\"async\" class=\"aligncenter\" src=\"https:\/\/redfoxlotto.com\/image?size=8&amp;lottery=mega-millions\" alt=\"mega millions\" \/><\/a><\/p>\n<ul>\n<li>\u00dclke: ABD<\/li>\n<li>Ana say\u0131lar s\u0131n\u0131r\u0131: 70<\/li>\n<li>Se\u00e7meniz gereken: 5<\/li>\n<li>Ekstra say\u0131lar s\u0131n\u0131r\u0131: 25<\/li>\n<li>Se\u00e7meniz gereken: 1<\/li>\n<li>\u00c7ekili\u015f g\u00fcn ve saatleri: Sal\u0131, Cuma, , 21:00 EST &#8211; +1 g\u00fcn 3:00 CET<\/li>\n<li>Mega Millions b\u00fcy\u00fck ikramiye\u2019si \u015fu kadardan ba\u015fl\u0131yor: 40 milyon $<\/li>\n<li>Mega Millions b\u00fcy\u00fck ikramiyesi\u2019nin en \u00fcst s\u0131n\u0131r\u0131: yok<\/li>\n<li>B\u00fcy\u00fck ikramiyeyi kazanma olas\u0131l\u0131\u011f\u0131: 175711536\u2019de 1<\/li>\n<li>\u0130kincilik \u00f6d\u00fcl\u00fcn\u00fc kazanma olas\u0131l\u0131\u011f\u0131: 3819816\u2019de 1<\/li>\n<li>Herhangi bir \u00f6d\u00fcl kazanma olas\u0131l\u0131\u011f\u0131: 24,12\u2019de 1<\/li>\n<li>\u00d6d\u00fcl kategorilerinin say\u0131s\u0131: 9<\/li>\n<\/ul>\n<h2>Mega Millions\u2019\u0131n en iyi belirleyici \u00f6zellikleri<\/h2>\n<p><img loading=\"lazy\" decoding=\"async\" class=\"alignright wp-image-1026\" src=\"https:\/\/onlinelotto365.com\/wp-content\/uploads\/2020\/11\/online_lottery-85.jpg\" alt=\"\u00c7evrimi\u00e7i olarak Mega millions oynay\u0131n\" width=\"189\" height=\"162\" \/><br \/>\nMega Millions\u2019\u0131n ba\u015fl\u0131ca albenisi,tabiki de, b\u00fcy\u00fck ikramiyenin b\u00fcy\u00fckl\u00fc\u011f\u00fcd\u00fcr. Mega Millions b\u00fcy\u00fck ikramiyesi 40 milyon dolardan daha d\u00fc\u015f\u00fck olamaz. Birinin b\u00fcy\u00fck ikramiyeyi kazand\u0131\u011f\u0131 her bir zamanda, bu en d\u00fc\u015f\u00fck mebla\u011f olan 40 milyon dolardan yeniden ba\u015flar. Haftal\u0131k iki \u00e7ekili\u015f ile, Mega Millions b\u00fcy\u00fck ikramiyesi olduk\u00e7a h\u0131zl\u0131 b\u00fcy\u00fcr. ABD&#8217;de milyonlarca insan her hafta Mega Millions oynuyor ve T\u00fcrkiye gibi di\u011fer \u00fclkelerden bir s\u00fcr\u00fc insan da \u00e7evrimi\u00e7i Mega Millions oynuyor.<\/p>\n<p>B\u00f6ylelikle, Mega Millions Jackpotu\u2019nun (birisi b\u00fcy\u00fck ikramiyeyi kazanmad\u0131k\u00e7a) her \u00e7ekili\u015f sonras\u0131 10 milyon $ kadar artmas\u0131 normaldir. Haftal\u0131k iki \u00e7ekili\u015f oldu\u011fu i\u00e7in bu, haftada yakla\u015f\u0131k 20 milyon dolar ediyor.<\/p>\n<p>Ve b\u00fcy\u00fck ikramiye 100 milyon dolar\u0131 a\u015far a\u015fmaz, hem loto d\u00fckkanlar\u0131nda hem de \u00e7evrimi\u00e7i oyunculara daha da fazla bilet sat\u0131l\u0131r. Bir\u00e7ok kere, b\u00fcy\u00fck ikramiye 400 milyon $ ve daha fazlas\u0131na ula\u015ft\u0131. Ve bu noktadan sonra, patlayan bilet sat\u0131\u015flar\u0131n\u0131n sayesinde haftal\u0131k 100 milyon $\u2019l\u0131k bir b\u00fcy\u00fcme normal. \u015eu anki rekor b\u00fcy\u00fck ikramiye 1500 milyon $ (evet, 1,5 milyar $!).<\/p>\n<h2>Mega Millions sonu\u00e7lar\u0131n\u0131 hangi yolla kontrol etme<\/h2>\n<p><img loading=\"lazy\" decoding=\"async\" class=\"alignright size-full wp-image-1103\" src=\"https:\/\/onlinelotto365.com\/wp-content\/uploads\/2020\/11\/online_lottery-93.jpg\" alt=\"Mega Millions T\u00fcrkiye\" width=\"212\" height=\"142\" \/><br \/>\nE\u011fer T\u00fcrkiye&#8217;de veya ABD d\u0131\u015f\u0131nda herhangi bir \u00fclkede ya\u015f\u0131yorsan\u0131z, yerel radyo veya tv kanallar\u0131n\u0131zdan kazanan numaralar\u0131 b\u00fcy\u00fck olas\u0131l\u0131kla alamayacaks\u0131n\u0131z. Mega Millions\u2019a dair resmi web sitesini ziyaret edebilirsiniz, ancak sizin i\u00e7in \u00e7ok daha kolay olan bir \u00e7\u00f6z\u00fcm var. Web sitemize geri d\u00f6n\u00fcn ve sonu\u00e7lar sayfam\u0131za bir g\u00f6z at\u0131n. B\u00fct\u00fcn piyangolar\u0131n sonu\u00e7lar\u0131n\u0131 burada yay\u0131nl\u0131yoruz.<\/p>\n<p>Ayr\u0131ca \u00e7evrimi\u00e7i oynad\u0131ysan\u0131z ve hesab\u0131n\u0131zda Mega Millions i\u00e7in bir biletiniz varsa, size kazan\u00e7 bildirimini i\u00e7eren bir e-posta da g\u00f6nderece\u011fiz.<\/p>\n<p>Ayn\u0131 zamanda ki\u015fisel piyango sonu\u00e7lar\u0131n\u0131z\u0131 oyuncu hesab\u0131n\u0131zda do\u011frulayabilirsiniz. \u0130nternet sitemizde Mega Millions\u2019\u0131 oynar oynamaz , oynad\u0131\u011f\u0131n\u0131z bilet veya biletler hesab\u0131n\u0131zda saklan\u0131r. Ve \u00e7ekili\u015ften sonra oraya geri d\u00f6nebilir ve Mega Millions biletinizi en son kazanan say\u0131larla hemen kar\u015f\u0131la\u015ft\u0131rabilirsiniz.<\/p>\n<h2>Mega Millions oynad\u0131n ve kazand\u0131n- daha sonra ne oluyor?<\/h2>\n<p>Daha b\u00fcy\u00fck bir \u00f6d\u00fcl kazand\u0131ysan\u0131z, destek ekibimiz size nas\u0131l devam edece\u011finize dair direktifler i\u00e7eren bir mesaj g\u00f6nderecektir. Bundan sonra, bizim taraf\u0131m\u0131zdan sa\u011flanan bir formu doldurman\u0131z gerekecektir. Servis ekibimiz, formunuzu piyango kuruluna g\u00f6nderecektir. Formda ayr\u0131ca banka hesab\u0131n\u0131z veya T\u00fcrkiye&#8217;deki (veya nerede ya\u015f\u0131yor olursan\u0131z olun) posta adresiniz hakk\u0131nda bilgiler bulunacakt\u0131r ve \u00f6deme y\u00f6ntemiyle ilgili istekleriniz de bu formda taraf\u0131n\u0131zca tan\u0131mlanm\u0131\u015ft\u0131r. Birka\u00e7 g\u00fcn i\u00e7inde, \u00f6deme i\u00e7in se\u00e7ti\u011finiz y\u00f6ntemle paran\u0131z\u0131 alacaks\u0131n\u0131z.<\/p>\n<p>Ve daha az miktarda para kazan\u0131rsan\u0131z ( 2500 \u20ac &#8216;ya kadar), \u00f6deme hemen oyuncu hesab\u0131n\u0131za yat\u0131r\u0131lacakt\u0131r &#8211; sadece oyuncu balans\u0131n\u0131z\u0131 kontrol edin. Ondan sonra fonlar\u0131 orada b\u0131rak\u0131p, daha fazla \u00e7evrimi\u00e7i piyango (veya Mega Millions) oynamaya devam etmek i\u00e7in kullanmay\u0131 isteyip istemedi\u011finize karar verebilir veya bir para \u00e7ekme i\u015flemi ba\u015flatabilirsiniz.<\/p>\n","protected":false},"excerpt":{"rendered":"<p>Mega Millions Hakk\u0131nda Bu b\u00fcy\u00fck olas\u0131l\u0131kla d\u00fcnyan\u0131n en \u00fcnl\u00fc piyangosu. T\u00fcrkiye&#8217;den loto tutkunlar\u0131na \u00e7evrimi\u00e7i Mega Millions oynama f\u0131rsat\u0131 sunmak, oyuncular\u0131n bir hayali ger\u00e7e\u011fe d\u00f6n\u00fc\u015ft\u00fcrmelerine yard\u0131mc\u0131 oluyor. T\u00fcrkiye&#8217;de ya\u015f\u0131yorsan\u0131z, yine de bir \u00e7evrimi\u00e7i bilet ile Mega Millions oynayabilirsiniz. Hizmetimiz tamamen yasal ve size ABD&#8217;den bu mega-piyangoya kat\u0131lma \u015fans\u0131 veriyoruz. \u00dclke: ABD Ana say\u0131lar s\u0131n\u0131r\u0131: 70 Se\u00e7meniz [&hellip;]<\/p>\n","protected":false},"author":1,"featured_media":0,"parent":5092,"menu_order":2,"comment_status":"closed","ping_status":"closed","template":"megamillion.php","meta":{"_et_pb_use_builder":"","_et_pb_old_content":"","_et_gb_content_width":"","exclude_from_search":false,"footnotes":""},"class_list":["post-10467","page","type-page","status-publish","hentry"],"yoast_head":"<!-- This site is optimized with the Yoast SEO plugin v23.4 - https:\/\/yoast.com\/wordpress\/plugins\/seo\/ -->\n<title>\u00c7evrimi\u00e7i olarak Mega Millions ABD oynay\u0131n | T\u00fcrkiyede ya\u015fayanlar Mega Millions\u2019a nas\u0131l yasal olarak kat\u0131labilirler<\/title>\n<meta name=\"description\" content=\"Art\u0131k siz de Mega Millions oynayabilirsiniz - \u00e7evrimi\u00e7i hizmetlerimiz, sizin T\u00fcrkiye\u2019den Mega Millions biletlerini temin etmenize imkan sa\u011fl\u0131yor\" \/>\n<meta name=\"robots\" content=\"index, follow, max-snippet:-1, max-image-preview:large, max-video-preview:-1\" \/>\n<link rel=\"canonical\" href=\"https:\/\/onlinelotto365.com\/tr\/oyna\/mega-millions\/\" \/>\n<meta property=\"og:locale\" content=\"tr_TR\" \/>\n<meta property=\"og:type\" content=\"article\" \/>\n<meta property=\"og:title\" content=\"\u00c7evrimi\u00e7i olarak Mega Millions ABD oynay\u0131n | T\u00fcrkiyede ya\u015fayanlar Mega Millions\u2019a nas\u0131l yasal olarak kat\u0131labilirler\" \/>\n<meta property=\"og:description\" content=\"Art\u0131k siz de Mega Millions oynayabilirsiniz - \u00e7evrimi\u00e7i hizmetlerimiz, sizin T\u00fcrkiye\u2019den Mega Millions biletlerini temin etmenize imkan sa\u011fl\u0131yor\" \/>\n<meta property=\"og:url\" content=\"https:\/\/onlinelotto365.com\/tr\/oyna\/mega-millions\/\" \/>\n<meta property=\"og:site_name\" content=\"OnlineLotto365\" \/>\n<meta property=\"article:modified_time\" content=\"2021-03-11T10:26:12+00:00\" \/>\n<meta property=\"og:image\" content=\"https:\/\/redfoxlotto.com\/image?size=8&amp;lottery=mega-millions\" \/>\n<meta name=\"twitter:card\" content=\"summary_large_image\" \/>\n<meta name=\"twitter:label1\" content=\"Tahmini okuma s\u00fcresi\" \/>\n\t<meta name=\"twitter:data1\" content=\"3 dakika\" \/>\n<script type=\"application\/ld+json\" class=\"yoast-schema-graph\">{\"@context\":\"https:\/\/schema.org\",\"@graph\":[{\"@type\":\"WebPage\",\"@id\":\"https:\/\/onlinelotto365.com\/tr\/oyna\/mega-millions\/\",\"url\":\"https:\/\/onlinelotto365.com\/tr\/oyna\/mega-millions\/\",\"name\":\"\u00c7evrimi\u00e7i olarak Mega Millions ABD oynay\u0131n | T\u00fcrkiyede ya\u015fayanlar Mega Millions\u2019a nas\u0131l yasal olarak kat\u0131labilirler\",\"isPartOf\":{\"@id\":\"https:\/\/onlinelotto365.com\/tr\/#website\"},\"primaryImageOfPage\":{\"@id\":\"https:\/\/onlinelotto365.com\/tr\/oyna\/mega-millions\/#primaryimage\"},\"image\":{\"@id\":\"https:\/\/onlinelotto365.com\/tr\/oyna\/mega-millions\/#primaryimage\"},\"thumbnailUrl\":\"https:\/\/redfoxlotto.com\/image?size=8&amp;lottery=mega-millions\",\"datePublished\":\"2020-12-17T13:16:38+00:00\",\"dateModified\":\"2021-03-11T10:26:12+00:00\",\"description\":\"Art\u0131k siz de Mega Millions oynayabilirsiniz - \u00e7evrimi\u00e7i hizmetlerimiz, sizin T\u00fcrkiye\u2019den Mega Millions biletlerini temin etmenize imkan sa\u011fl\u0131yor\",\"breadcrumb\":{\"@id\":\"https:\/\/onlinelotto365.com\/tr\/oyna\/mega-millions\/#breadcrumb\"},\"inLanguage\":\"tr\",\"potentialAction\":[{\"@type\":\"ReadAction\",\"target\":[\"https:\/\/onlinelotto365.com\/tr\/oyna\/mega-millions\/\"]}]},{\"@type\":\"ImageObject\",\"inLanguage\":\"tr\",\"@id\":\"https:\/\/onlinelotto365.com\/tr\/oyna\/mega-millions\/#primaryimage\",\"url\":\"https:\/\/redfoxlotto.com\/image?size=8&amp;lottery=mega-millions\",\"contentUrl\":\"https:\/\/redfoxlotto.com\/image?size=8&amp;lottery=mega-millions\"},{\"@type\":\"BreadcrumbList\",\"@id\":\"https:\/\/onlinelotto365.com\/tr\/oyna\/mega-millions\/#breadcrumb\",\"itemListElement\":[{\"@type\":\"ListItem\",\"position\":1,\"name\":\"Home\",\"item\":\"https:\/\/onlinelotto365.com\/tr\/\"},{\"@type\":\"ListItem\",\"position\":2,\"name\":\"En iyi \u00e7evrimi\u00e7i piyangolar\u0131 oynamak i\u00e7in se\u00e7enekleriniz hakk\u0131nda bilmeniz gereken her \u015fey\",\"item\":\"https:\/\/onlinelotto365.com\/tr\/oyna\/\"},{\"@type\":\"ListItem\",\"position\":3,\"name\":\"Mega Millions \u00c7evrimi\u00e7i\"}]},{\"@type\":\"WebSite\",\"@id\":\"https:\/\/onlinelotto365.com\/tr\/#website\",\"url\":\"https:\/\/onlinelotto365.com\/tr\/\",\"name\":\"OnlineLotto365\",\"description\":\"\",\"potentialAction\":[{\"@type\":\"SearchAction\",\"target\":{\"@type\":\"EntryPoint\",\"urlTemplate\":\"https:\/\/onlinelotto365.com\/tr\/?s={search_term_string}\"},\"query-input\":{\"@type\":\"PropertyValueSpecification\",\"valueRequired\":true,\"valueName\":\"search_term_string\"}}],\"inLanguage\":\"tr\"}]}<\/script>\n<!-- \/ Yoast SEO plugin. -->","yoast_head_json":{"title":"\u00c7evrimi\u00e7i olarak Mega Millions ABD oynay\u0131n | T\u00fcrkiyede ya\u015fayanlar Mega Millions\u2019a nas\u0131l yasal olarak kat\u0131labilirler","description":"Art\u0131k siz de Mega Millions oynayabilirsiniz - \u00e7evrimi\u00e7i hizmetlerimiz, sizin T\u00fcrkiye\u2019den Mega Millions biletlerini temin etmenize imkan sa\u011fl\u0131yor","robots":{"index":"index","follow":"follow","max-snippet":"max-snippet:-1","max-image-preview":"max-image-preview:large","max-video-preview":"max-video-preview:-1"},"canonical":"https:\/\/onlinelotto365.com\/tr\/oyna\/mega-millions\/","og_locale":"tr_TR","og_type":"article","og_title":"\u00c7evrimi\u00e7i olarak Mega Millions ABD oynay\u0131n | T\u00fcrkiyede ya\u015fayanlar Mega Millions\u2019a nas\u0131l yasal olarak kat\u0131labilirler","og_description":"Art\u0131k siz de Mega Millions oynayabilirsiniz - \u00e7evrimi\u00e7i hizmetlerimiz, sizin T\u00fcrkiye\u2019den Mega Millions biletlerini temin etmenize imkan sa\u011fl\u0131yor","og_url":"https:\/\/onlinelotto365.com\/tr\/oyna\/mega-millions\/","og_site_name":"OnlineLotto365","article_modified_time":"2021-03-11T10:26:12+00:00","og_image":[{"url":"https:\/\/redfoxlotto.com\/image?size=8&amp;lottery=mega-millions"}],"twitter_card":"summary_large_image","twitter_misc":{"Tahmini okuma s\u00fcresi":"3 dakika"},"schema":{"@context":"https:\/\/schema.org","@graph":[{"@type":"WebPage","@id":"https:\/\/onlinelotto365.com\/tr\/oyna\/mega-millions\/","url":"https:\/\/onlinelotto365.com\/tr\/oyna\/mega-millions\/","name":"\u00c7evrimi\u00e7i olarak Mega Millions ABD oynay\u0131n | T\u00fcrkiyede ya\u015fayanlar Mega Millions\u2019a nas\u0131l yasal olarak kat\u0131labilirler","isPartOf":{"@id":"https:\/\/onlinelotto365.com\/tr\/#website"},"primaryImageOfPage":{"@id":"https:\/\/onlinelotto365.com\/tr\/oyna\/mega-millions\/#primaryimage"},"image":{"@id":"https:\/\/onlinelotto365.com\/tr\/oyna\/mega-millions\/#primaryimage"},"thumbnailUrl":"https:\/\/redfoxlotto.com\/image?size=8&amp;lottery=mega-millions","datePublished":"2020-12-17T13:16:38+00:00","dateModified":"2021-03-11T10:26:12+00:00","description":"Art\u0131k siz de Mega Millions oynayabilirsiniz - \u00e7evrimi\u00e7i hizmetlerimiz, sizin T\u00fcrkiye\u2019den Mega Millions biletlerini temin etmenize imkan sa\u011fl\u0131yor","breadcrumb":{"@id":"https:\/\/onlinelotto365.com\/tr\/oyna\/mega-millions\/#breadcrumb"},"inLanguage":"tr","potentialAction":[{"@type":"ReadAction","target":["https:\/\/onlinelotto365.com\/tr\/oyna\/mega-millions\/"]}]},{"@type":"ImageObject","inLanguage":"tr","@id":"https:\/\/onlinelotto365.com\/tr\/oyna\/mega-millions\/#primaryimage","url":"https:\/\/redfoxlotto.com\/image?size=8&amp;lottery=mega-millions","contentUrl":"https:\/\/redfoxlotto.com\/image?size=8&amp;lottery=mega-millions"},{"@type":"BreadcrumbList","@id":"https:\/\/onlinelotto365.com\/tr\/oyna\/mega-millions\/#breadcrumb","itemListElement":[{"@type":"ListItem","position":1,"name":"Home","item":"https:\/\/onlinelotto365.com\/tr\/"},{"@type":"ListItem","position":2,"name":"En iyi \u00e7evrimi\u00e7i piyangolar\u0131 oynamak i\u00e7in se\u00e7enekleriniz hakk\u0131nda bilmeniz gereken her \u015fey","item":"https:\/\/onlinelotto365.com\/tr\/oyna\/"},{"@type":"ListItem","position":3,"name":"Mega Millions \u00c7evrimi\u00e7i"}]},{"@type":"WebSite","@id":"https:\/\/onlinelotto365.com\/tr\/#website","url":"https:\/\/onlinelotto365.com\/tr\/","name":"OnlineLotto365","description":"","potentialAction":[{"@type":"SearchAction","target":{"@type":"EntryPoint","urlTemplate":"https:\/\/onlinelotto365.com\/tr\/?s={search_term_string}"},"query-input":{"@type":"PropertyValueSpecification","valueRequired":true,"valueName":"search_term_string"}}],"inLanguage":"tr"}]}},"_links":{"self":[{"href":"https:\/\/onlinelotto365.com\/tr\/wp-json\/wp\/v2\/pages\/10467","targetHints":{"allow":["GET"]}}],"collection":[{"href":"https:\/\/onlinelotto365.com\/tr\/wp-json\/wp\/v2\/pages"}],"about":[{"href":"https:\/\/onlinelotto365.com\/tr\/wp-json\/wp\/v2\/types\/page"}],"author":[{"embeddable":true,"href":"https:\/\/onlinelotto365.com\/tr\/wp-json\/wp\/v2\/users\/1"}],"replies":[{"embeddable":true,"href":"https:\/\/onlinelotto365.com\/tr\/wp-json\/wp\/v2\/comments?post=10467"}],"version-history":[{"count":0,"href":"https:\/\/onlinelotto365.com\/tr\/wp-json\/wp\/v2\/pages\/10467\/revisions"}],"up":[{"embeddable":true,"href":"https:\/\/onlinelotto365.com\/tr\/wp-json\/wp\/v2\/pages\/5092"}],"wp:attachment":[{"href":"https:\/\/onlinelotto365.com\/tr\/wp-json\/wp\/v2\/media?parent=10467"}],"curies":[{"name":"wp","href":"https:\/\/api.w.org\/{rel}","templated":true}]}}