{"id":10469,"date":"2020-12-17T14:18:04","date_gmt":"2020-12-17T13:18:04","guid":{"rendered":"http:\/\/onlinelotto365.net\/?page_id=10469"},"modified":"2022-11-01T15:17:49","modified_gmt":"2022-11-01T14:17:49","slug":"euromillions","status":"publish","type":"page","link":"https:\/\/onlinelotto365.com\/tr\/oyna\/euromillions\/","title":{"rendered":"EuroMillions, Avrupa&#8217;n\u0131n en b\u00fcy\u00fck piyangosu"},"content":{"rendered":"<h2>T\u00fcrkiye&#8217;de yasayan loto oyunculari i\u00e7in daha fazla loto<\/h2>\n<p>Sadece ulasabildiginiz b\u00f6lgelerde loto oynamak size de pek \u00e7ekici gelmemeye mi basladi? T\u00fcrkiye&#8217;de yasiyorsaniz, Euromillions gibi lotolar artik \u00e7ok daha \u00e7ekici g\u00f6r\u00fcn\u00fcyor. T\u00fcrkiye vatandasi olarak, bu lotolar i\u00e7in bilet alamiyor olabilirsiniz. Ama durun &#8211; bu durumun bir \u00e7\u00f6z\u00fcm\u00fc var!<br \/>\n<a href=\"https:\/\/redfoxlotto.com\/play\/euromillions\/?ref=a8564250a2&amp;medium=ol365\" target=\"_blank\" rel=\"noopener noreferrer\"><img loading=\"lazy\" decoding=\"async\" class=\"aligncenter\" src=\"https:\/\/redfoxlotto.com\/image?size=8&amp;lottery=euromillions\" alt=\"Euromillions\" width=\"720\" height=\"90\" \/><\/a><\/p>\n<h2>Euromillions hakk\u0131nda daha fazla bilgi<\/h2>\n<p><img loading=\"lazy\" decoding=\"async\" class=\"alignright wp-image-1873\" style=\"font-size: 16px; font-weight: inherit;\" src=\"data:image\/jpeg;base64,\/9j\/4AAQSkZJRgABAQAAAQABAAD\/2wCEAAkGBxASDxAQEBAQEBUQFRUPEBAVDxAQEBAWFRUWGBUVFRUYHioiGBslGxUWITEhJysrLi4uGCAzODMvNygtLisBCgoKDg0OGhAQGi0lHyUtLS0tLystLS0tLS0tLS0tLS0tLS0tLS0tLS0tLS0tLS0tLS0tLS0tLS0tLS0tLS0tLf\/AABEIAO0A1QMBIgACEQEDEQH\/xAAbAAACAgMBAAAAAAAAAAAAAAAAAgEFAwQGB\/\/EAEAQAAICAQIDBgIHBwIEBwAAAAECAAMRBBIFITEGEyJBUWEycRQjQoGRobEHM1JTcsHwJGIVQ7LRY4KSs8Lh8f\/EABsBAAIDAQEBAAAAAAAAAAAAAAABAgMEBQYH\/8QANREAAgECAwUHAwMEAwEAAAAAAAECAxEEITESQVFhsQUicYGRofATwdEyQlIUM7LxI8LhBv\/aAAwDAQACEQMRAD8AoIQhMp74IQhAAhCEACEIQAISZGIDCEkCTiAEQhiGIDCRGxDEBCwjYkYgBEIQgIIQhAAhCEACEIQAIQhAAhCEACEIQAIQjAQGRJxACSBAdiMScRsQAgSsLtjYk4kgQHYXEMRsQxALGYaC3uDqNv1YsFJbI+Ijdtx16c5rkTpNR4eEUL\/N1Nlvz2VhP7znMQK6cnK\/JtejsJiGI+IYgTsYyIER8RcQFYWRJIhAiRCEICCEIQAIQhAAhCEACTCSBAYASQJMkCBJIMS61vC6\/odGqp3EZ7jUqTkpaOYb2Vh+HKU4Eu+zGvSt2ot\/c6od1d6J\/DYPdW55+cZCspKO1Hdnbit68d65pbrlJiTibfE9C1F1lLkEoxUkdG8ww+YIP3zXAgXRtJKSeT0MvD7+7tqs6926vj1w4P8AaWfbHTbNdfjox71PQiwB+X3sfwlRiNY7McsSxwBkkk4AwBz8gIridP8A5FNcGulvSz9TFiTiNiNiFyyxv8Q4gj6XR0KGBp7wvkDBZ2BGPuEq8R8ScQuQjTUVZcW\/Vtv3ZixNrScPssS50AK0pvckgADOB8yfT2mHEt34hWugXT1k77rDZqGxgYXw1oD5j7XzgRqbSSUVm2l4Le\/TTm0UREgiZMSMQJGPEUiZZn13DrahWbUKd6veICRkqTgEjqPvgVuyaT3mliRHMgwELCEICCEIQAIQkiAwEeQI4gSRAEbEgCXuu4GO4Gp0zm6vCi0EAW0P5iwDy9G6fqWDnGLSe\/Lz4X57uO7MpgIASQIwEVy6xGI2IARtvziJJNkQxNnTaG2zHd12PnOMIzdOvMCWem7K6x+Yq2jAOXIXr7E5+7EaTehXUrUqX9ySXi0upR4hidlp+wdh\/eX1jn0VWY4+8CWem7EacfG1rnHqqjPqBjI\/GSVKT3GGp2zg4fvb8E376e55yBMiUsxwoYkcyNpY\/lPV9N2d0iHK0JkHcCw34PzbMsKqFUAKqqByAAAAHoBLFQe9mCp\/9FT\/AGU2\/FpdL9TyK7gupWtrHotVFwGLIwxnpyPPHMc5X4nteu0gsqsrP20ZPPlkYB\/GeMWIQWBGCORHoR1EhUhss29mY94yM3JJNPdwf+mYiIpEykRMSs6djoOD6Cuin6dqhuGf9JQeRucfbYH\/AJY\/P8M0fEtZZfa91rbmY5Y+XsAPIDoBH1msstK967MUArTOPCq9AB5TWIjM0KTTc5\/qfolfRb+berfJJLGREImQiQYE2jHIjESIECIQhARMBARxAkiRJEzWaO1UR2rdVfmrGtgr\/wBLHkZiEZNZq5Im3otbbUW7p2XeprbHRlb4gQeRmqJkAiZJxTVmWHBOEWamw11soKgv4iQMAgeQPmRNrs5wTv7u7t3VgqWVgoYOUIDpnoGAP3ekOx+q7vW0k8gx7o\/JztH65+6X+t26fXBjsTberglkDMl2e8AGN2PrLOhxlOg5mTila74nMx2Jr06kqcHrG8eN80167O7RlppuxmkXqrv1+Jxg59lx0lrp+Daev4KKh0592CeXQknmTLEjHMnGOpyMD8ZpWcZ0qttOopLcjsWxXfxEgeFcnmVYZ9jNKjFaI8pUxder+upJ+bsbQrjbf85SmHaihktamu+01KLNvctVvVlJBQ27dwyApPkWAOOeKjWdvEApZKtosobUWd5lTSQCO7PkWVg25cgjb78pZmayR2IX\/OckLOB452m1qrU9B3Dd3rhacUtUBeO5dmO+u0siALgHJAOOYmhr+N9\/fpdhtsotBRdWuqYlkuLgi3SsoVNwpvQFs4wxG3Aw7AejXaypM77a1IGSC6hseuJUHthofpB0y2l7QFYoqP0fZt8RAU57xPP7U47ZVXT3VIpU6dGovdblN2mD0tUi7FU5JvdgN+ANo9MnnuL6lv8AiWluxttsNuj1NalXCXI5IGUJBAW6g8icYx5RpXBnsvBeIJqtNTqagwS5BYoYYdc+TAEgEHIPynmnbDR93rbgBgM3er8nGT+efwna9ga7Ep1FT12IteossoLIyhqr9t6hSeu02spx0K4lV+03R4am4D4gamPsp3L\/ANTfhM9ZZHa7Cq7GK2f5JrzWa6W8zhSIhEciQRMx7NoQiYzMhEK69zBcqu4hdzHCrk4yx8gOpMaK5ZGIxDOj1q6Git61\/wBXcwKm7OKKifOsDm5B8zy\/Sc8wgUwntq9mlzyv5a+qRjIkGOYhEAYsJMIEQEcRVmQQJItuF9oNTQuwMHrPWi1e8pPttPT7sTed+HagElW0NmM8gbdMx9Ao8SZ9uQnOCMIyDw8Nraj3XxWV\/FZp+aY6xhIEkSJrQ9ZIKkciOYPoR0nd9q072rTXguovqw+1yuSB3iq2FYsMPdyAPQfMcLOyoPfcEc\/E2ls7wc2HJCGPNSCPA7DkR0k4b0cztOH9qpwlbyll7NI5ziDO9tYud2BcU2guzqtepVtO45nye9jn0pHpKbsvhqKtNalm9NSNIBWD3lJe1WazKjK7Qb+eceGd12R4RptfTb36nKt3bVo7VoVKkqeR3Zyz893kD1E7XQ8A0lNlltWnqR7X72ywKC7OSx3Fj55ZvxM2Qqd1Hj8VRdKtKD3Prn0PN9OarUKvqH1OpShrK7hpmuFddjO3hWo5tbenMHn9bkcum3puyepsrrqtqa3vKD39t6qQN9Su9YYsHNjXuX3OG2mscxjE79uMaOu0aY6nTV2HktHfVrZ8gmc5lFrP2g6RbjRVTrNTbuesVVaV8u1ZIcK1m0NjByRmF3uRQYOH9kLlKLbZXYla1ld4eyw2762ssJP2sVqFJY+pBmTSfs\/0qMzF38SgbK9tNSMpt2PUoz3ZAtIAXAyM4yTMXHO1nEKr6aa+HIg1Nv0fT336oKjvtLDKVgsuQDyOOcp+OdouJrrn0b3tQVppuVNFw4622wuuLdrOfCosVgGYDkR5wtJhkdxpOzekrsvtShQ+pYPcSWYOQCoO0nC8mboB8Rm9RVUhbYtacy77Qi825lmx5nnzPWeU8XssOv7rUrxnVC3R6fVUaam5qLEYKUuN1aOFU7lBO3OGbzyJrcO0GpbhP\/EtFqGs1i13abWou619RXuZUS0YydRWhXDdeXmIbN94HrvDtfTqKxdRYttbZC2LzVsEg4PmMg85UdutNv0L8smtlt8+ePCfyaWHZnQLp9FpaEBxVTWgyMNkKMkjyJOT9829dpxZVbX\/ADEdOp+0CP7yuSTTRfhqv0a0KnBp+V8\/weHkRTHsHMg9RyMQiY0fR5KzsIYpmQxSIyDMRimZDEMZWzGRFMciKRArYkJJhAgSI4iCOIE0MI4lnwvgguTd9K0lRyV2W2mtuXn0xiYeJ8ONDBS9L7huDVWCxcZx1HSAo1oOWwnmaojLFEcRGlEidj+z1wx1WmbpdV0+Xhb8n\/KceBLzsbqNmuoOeTN3Z994Kj8yI4uzuZsfSdXC1IrW114rNdC67A6c6fUNWS2LqzkFdoWytuag558t56DHL1j9ke1NNGku0+v11aX6bUanTb77l76wCwlHwTuYYYDPtM2suFHEEyQA2p5ZtYcrcFm7vH\/jOM5HQzq14JpBa9w02n7xzue3uKzYx9S+M+U0U3ZOLPH9pXnONZ\/uV\/nlY8o0+kqr4bfw6\/hGpu1796htGkNgvtdmKagarGAvMHOeWDO11nANWycEsyll+gev6S7PjcjUmvUFTjmScfOdQ2vpDBe9rySoC7lJ8Xw8h0z5Zlc3afS7gqvvJODtxy+s7snmRnxEchnIIIyDmW7TZzbE9qOAjWV0L3ndNp9RTq67O734aps4xkdRkTBxzsfptXeuotbUK619we61D0B03FtrlMMRk9MzInF9RYhNWlsyCgxZurwCWFhbcF5rt6KTncPfGKnVaxnTfZp68Mu+tSLGK5AI5ZIODn23Lz6xZjNvhHZvR6UJ9HoVDUHVGJayxRY25wHck8zzPOb1upprHieuvJPVlXJxk4HmfzlGOG2OVL26iwZGV2sq43E4ItYBvCyqfDzCsOpM2NLwRVQV7PDlW8dzEggAZKoACebZOeuPuBGc9oNNkBbN+SQNoJXkASQ3QgAg8ifbMtv86ysr4ala8jXUBjmlNdY5Y6l93p\/nWbumZSgKvvHk24Nnn6+cTGeQ9qdP3et1Cn+YWHyc7x+TSqInW\/tI023Vq46WVrn3KllP5bZyZmOSs7H0TBVPq4anPjFeqVn7oQzGY5imBexTLPhum0Jr36m+8NkjuaqlLYHQ728POVpmMxopqR2la7Xhb7pl+3FOH1fuNC1p\/mai4n8a08JlDrb+8dnCLXuJO1BsVc+SjyExmLApjSjHPO\/Nt9X0ExJkyIDARxEEcQJIbMcRJkECxMYRxEEcRFiGWZaLCrK46qQR8wcj9JiWPmImuZ33a1VaymwEj6TWq17d2SykkYIB5nvV64HLmRiWp4eNSVtYXlbAlu3fWtfNFBHUsBy5EAEbnwec57jFrWcH0tqkqaSK2IYghQGQg48uSS17OcUu+g6UIm4gNWT3dlgyjKFXwfD4Wzljjw488jTBva8jxOMw+zhIv+E5Qflf7KJbafgqqQ2ypSDvyS9viJBYj4QCSOeBz2r6Tfr0hH\/Mb+lVRFzyzjAyOnr5\/Ka2jsvs09hdGV8sEB+pZgPhyQW2Z9eoz6zX4dor0trs1GpGShq7gMzITkMNrMQWIwee3dggEnGTYcg3FOm3isvW752hHs72wMBuxhiSDhM\/+UmTq+IVUtXWw2hhyOFFaAEDmSRjmQMD1E0dSumr1DWO1jPmvwqjMK9zkV52L5tuHiPm3qZs8d1CVVi5qG1DVnNaLWbGB6kjAO3AXOfYecAF0\/GO90tl9FbOybwtRADMy9By9Rg4688dZrcP1mse5N9IWoqQ52mvmN\/iCv4gMhcA4PiPLlmbug1llltyNWVRQprs7uxN2S2Qd\/UgBTy9T7E12ko4gWqa2xQqN4wxVCwyu4lasgjG8AFuXIn0gBTavSFdTd3n0cg2mys3XVZKMdxTaWLYyAAMdC3rOg7Irt0xr3IxqsdDtFgC5O\/b41B5bx5Su7QUgalj32zvK1bb9axLITl9irtIwFGSwxz6dZn7LXJutRS2SqOENSUqFXKeFQzEYK4IOCPSUxynY7uKnKrgk3paL32usm9\/Fp2azTytroftN031VFv8NhT\/ANa5\/wDhPPDPV+3VG\/Q2HHOsrYPuOD+TGeTmQqLvHZ7BqbWDUf4tr\/t9xTIMmQZA6whmMzIZaaPsxq7kWypUcNzAF1YPI45qTkRoz1KkIK85JeLsUpimbWv0VtLmu5DW4wSpwTz5jmOU1TAjdPNaCGEDCBEFjAxAZa8H4lVSG36Wq9jja1hcovXPgHI5jByaV0r+i6\/OhpIrEgBWJPQAZJ+4TNfpnrO2xGQ4B2sGVsHocHylu\/a\/VDIq7nTKfs00pWPxwT+cqNTq7LGL2u1jHkWLFm+WTEOm6jfeSS8bvol7iiOIgkrEaUOI4mMTIIiaO07OnvOFauo8zWxtxyIwFV8YwfNG8jLHgO9K7atPzC2rae67ksEethivvGK5D1rnJ\/iwBylX+zlwzamjysqzj5Haf\/cm3wB7GttrBKO+nBRi9QO9NhHhrAYLljnOSQDLoPQ8v2hTlfEwWmU\/XZv7xkdhw6u1ayLmDMSTuGftAEgchyBLAewEotNwjSmxEOpVnR1GythWXNZD4sUMcsTVuY9Tt8sSz4RpTRlX1AtNreDdhWYqCWPqxwOfptmFzRXqGdjfY\/eVg5XwVFgVrC8hlfrWHLdzLeYaaEzzRscUvqretnrLFyqK25FXcrEoCCwJwSzZAOACfKY9NxR7tPZZWFVkYoAN16NgjmpUAsCD1AODnkcERuOahalS01V2srbU3Z35byQhWOSQPQADJPKTwvWXutneooZT4PDZWjcjy+sG44I5sBjBGM84rZCMHCTrjaG1AVUNeWUBMCw7MBAPEAPrM7ic5HSYeJcKVjqPpGsZa7woKZrrVApO0ePIwdwBwBkjn1jaXRa3KNfcpKsCSr2KuO8LEbAAr7lOzxfCFBGTkx9fw6kXNY1rVtqAVKKAxu2Vjd9WwYOQieS5\/KPeBX9qqqtlFrvYyhSjELS62IwU5dnIAGVBzzySMTS7O6+pdRuwwLq6MXvFlg8TWYKIgUZKuRgn2mftTdUOHIUDslLKgBL1suzNZD5GTjJyMTkuz1n+pCkUjHe4AZnsByOeWYkZG4nkPL1mer3bz4HZw85Twqp527y+\/HmtUz0jiGoS\/TalEPM1PgEYOdpwfxxPIH6mejqxByDgzjON8GarxJl09fNfY+3vMsa\/1MpanX7H2KO1Tvq01fjvXSxTGKTHMxmWncYGYz65P4xjEMaK22tCHbPXnEMYxTArZEiRCBAFjiII4gNDCMIgMYQLEZQYwmdOG3GlrxWwrUhTYcKMk4AGevP0zNcGIkpJ6buvAyCSDMYMcQLEzpOwd+3XIP5gdPy3D81Et6HA170sQm62ysAN9ZtsFvMcvCfrE55Odq+nPlez923WaZvS1M\/IsoP5Ey+7T1mri9d2DjdRYzbfCPEAcnyyKz+cmnZX4HIxlJTxMov91N+qbt\/kdPoNDo++rYWb7FYvUa2eugHu9pRVT6vJRclepxnpM3G79Ottfe002OQWrex6goKK5z4slQAxBbHLvAPOb1PDakcuqnduaz43K7n3bm2k43YYjOM45dJkt1NKtlmrDAeqmzHM4A6+R\/AzUeKNSrX226QXIhR2Bwn7zmGK8iBzBxkNgjBzz814YdabN2o7oI1SDu1YFksABY42+ZL\/AGiMKuPMncOs\/hSx+vLYV9fN8A9PXzHkcwNlp6VqP6rBnz+yoPt5+ftACpq7PHvlta05R96DNjMg8GVVi2MHYM7gx5nnk5lrquHU2Oljpuav4G3ONvywZBSw9bQv9FeD5+blh6eXl74mlxOu76oU5sLvtcvZYERdrnJFZUDmAvQ9RyjAyavhmnGnNBRFr\/gY+HkQR8R9QJyNtFVD5qRcDzrryvv4lGPP1l5XTruqV6WgnY2SgZhkKXXIzkgnGeecE5GRNTjnBN7PZbexDCshOTBWVSrHJ5EHPTAHXlCyepLaklZPn83E02hlDDz5+49jGdAQQQCDyIPMGVfC6SpCITtQYOcc\/TpylrONiKSpT2U7\/N52MPVdWG01Y5Lj3AymbKgSnV16lfceq\/pOeM9PnG9qeGLUy2IMKxIK+St15ex5\/hJ0qt+6zvYTGOdqc9dz+fGUtGmdyVrRrCAWIVGYgDqcDymBhM+m1dlTh6nath0YMVP\/AOe0u14\/TfhdfplsPQ6ioLVqB7t9l\/vxNJqqTnF3Ubrk8\/R5Pyd+TOaMQyx4vp6EcfR7zcjjPiRkZD\/Cc8ifccpXEwFtXV+qt7PMUmTIhGIIwiRliAcTa4fqVrsR2rW4Lz2OCVbly3AdRnnj2mmI4gTtdWZZcU4xfqWHevlV+GsArUg9FUch+s0wZjkgwJQjGMdmKslwMgMyAzEDJBiLUzNW5BBHUHI+Y6T0PtUm6wMob62jaGAPhG5myxDA7QbEJ6jlzHSecg9J3nG23aPRWeHJpFeWqS0A7K2OA\/hB+rPM9JOOjOX2jlVoyvbOS9k1\/idZp6K3RHI371DeNmsHiGejk4+IzaUADAAUegAA\/ASr7P2k6TTZzkVqhB6gqNpyPulju\/zpNa0PF1I7M3Hg2vQfdIz\/AJiY90RrQOpA8uf\/ANx2IXRn3SC0q9RxzTJ8VyHqcKd55ewzzlbqO19A+BLbOn2Qin16nP5St1qcdZL1LY0aktIv0\/J0pac92ivPT\/tKm\/tjcf3dCL1GWZn+XIYx+cpNfxHVXc2YDpyVABy9+v5yn+tpLi\/IuWBqvWy8\/wAXOk4auKwf4sk\/p\/abUr+z7k6avcSSNysT1yGP9sSwnLqT25uXFnUpw2IqPBBKHtkf9Og9bB\/0tOioClgHJUHzAzj0+6c\/280jpWmeYD\/EOakFTgg\/51kqUXtJ8zThZL+oijiTEJkkyDNx3mKYhMYxTArCEiEBBJkQgA0cTGDGBgNMcGZa1JIVQSSQAAMkk9AB5mYQZ0vDb6tJpxqAyW6m4EUoCGXSjmC7elhOcDy\/GAVKjgsldvRfnglvZrcb4ZXplrrNm6\/G65BgpTnGEz5vjr9331IMh3JJJJJJJJJySTzJJ8zIzBk6aajaTu+Pzct3K2plzOn1PFqm4bp6u8xbU\/iQDcduLB0YbSPEvX+05UGOyEYyCNw3LkEbgehGeo9407EK9CFbZUtzvu4NWz3Z5nZcP7ZJTQE7p2YbyMuNvisYqC2MnCkc8TFf26vPwV1pz89zHHp8QnJZhmP6ktLlC7Lwm05OF23fNt68r2Lm\/tLrGGDc6gjB2nZnP9IErrdVYxy1jE9clixz65MwQzIN31NtOnTp\/oil4JLpYu+F6hHISzAY8lPkfb2MuhwwTigZ0nAuPdKrz7LYf0b\/ALzNUpb4nNxeC1nTXivx+PQtRw0Rxw8TfEJmOWa+kp7skDo3P5GbMdaCUZxghSAR5jPQ\/KIINCTTCJq6xbUabMsh+z6e49DHhBNrQZ55xvhD6dufiQ\/A\/r7H0MqiZ6pqKFsQo6hlbkQZwPH+CPp23DLVk+F\/Nf8Aa3v7+c2Uq21k9ep1sPivqd2WvX\/0qCYsmRLzSEIQgIIQhAAkyIQGMDHmOSIDTMgMnMQGSDAnc3uF6YXX1VlggdlVmJACj7RyfbP3zc7TcRF+pcpyrTFNA8hXXyXHz5\/jKfMAYEdlOanfRWXK+r6Ll5j5k5i5hnmIFqZkzFzOg7Z8m0afwaOhD88MT+s57MViulV+pBS4k5m+\/DSNKurDAg2mhlwcghdwJPuMyvzLPS8TVdFqNMysS7121EY2qwO1s\/NeXKMKjlls8VfwvZ\/nwXrt8F7QmsCu3LoPhI+Jfb3H6ToK+P6Y4+tAz6q4\/HInn+ZBMqlQjJ3M9TCU5va0fL\/R6zw3VKCGBDo42tg5DKfMEekNVQUcr181P8QPQzzjg3Gn07cssh+Nc\/mvoZ6Bp9cLq62VgygYU+Y9j8vSZ6kNhWfk\/t85nJr4aVKd1mn8Xn8vkNCEJQVhFurVlKsAwYYIIyCI0IAcD2h7PtSTZXlqj97J7N6j3\/w0U9aZQQQQCDyIPMEe84ntH2dNebaQSnVl6lPceq\/pNlKtfuyOjh8Vtd2evHj89\/HXm4QhNBtCEIQAIQhAAkyIQGTmNmJJgA+ZOZjBk5gSuODCLmGYySlZ3L7tpqUfW2mtldFWtEZSGUhEUHBHvmUcMyMwK6Ufp04wW5Jei+MbMMyMxd0RO4xMMxcyMwFcndLPgfGG0755sjfGn9195VZhE0mrMhJKas9D1bTahLEV0YMrDIImSedcA402nfBy1bHxp6f7l9\/1noVFyuodCGVhkEdDMNSm4PkcetRdJ8h4QhKikJMiEAOY4l2TDvvpZaw3NkKkqD\/tx0HtCdPCXKvUStc0RxVVKyZ5JCEJuOsEIQgAQhCABCEIAEmRCAyZGYQgBOYZkQgBOZEIQAmEiEACEIQEEuez3G207bWy1bHxL1K\/7l\/uPOU0IpRUlZkZQUlZnrFNquodCGVhkEdCI84LsnxWxLkp+JLW27SfhJx4h+HSd7MFSGw7HIrUnTlZhCEJWVBCEIAf\/9k=\" alt=\"Euromillions \u00e7evrimi\u00e7i oynay\u0131n\" width=\"282\" height=\"185\" \/><\/p>\n<ul>\n<li>\u00c7ekili\u015f \u015fu yerlerde yap\u0131l\u0131r: \u00e7e\u015fitli Avrupa \u00fclkeleri<\/li>\n<li>Se\u00e7ilecek ka\u00e7 ana numara: 50<\/li>\n<li>Se\u00e7melisiniz: 5<\/li>\n<li>Ekstra ka\u00e7 numara se\u00e7ilebilir: 12<\/li>\n<li>Se\u00e7melisiniz: 2<\/li>\n<li>\u00c7ekili\u015f g\u00fcnleri, saatleri: Sal\u0131, Cuma 19:30 GMT &#8211; 20:30 CET<\/li>\n<li>Minimum ikramiye: 17 milyon \u20ac<\/li>\n<li>Maksimum Jackpot miktar\u0131: 190 milyon \u20ac<\/li>\n<li>B\u00fcy\u00fck ikramiye kazanmak i\u00e7in olas\u0131 say\u0131 kombinasyonu: 186.450.880&#8217;de 1<\/li>\n<li>A\u015fama 2 galibiyeti i\u00e7in olas\u0131 say\u0131 kombinasyonu: 2.118.760&#8217;da 1<\/li>\n<li>Herhangi bir kademede kazanma olas\u0131l\u0131\u011f\u0131: 12,98&#8217;de 1<\/li>\n<li>Ka\u00e7 \u00f6d\u00fcl seviyesi: 13<\/li>\n<li>Euromillions i\u00e7in \u00f6zel \u00e7ekili\u015fler: Y\u0131lda \u00fc\u00e7 kez ikramiye 140 milyon Euro olarak belirlendi<\/li>\n<\/ul>\n<h2>RedFoxLotto, Euromillions erisebilmenizi sagliyor<\/h2>\n<p>Bu baglantiyi tiklayarak RedFoxLotto.com&#8217;u ziyaret ederseniz, ilk g\u00f6rd\u00fcg\u00fcn\u00fcz sey uluslararasi lotolarin listesi olacak. Liste jackpot b\u00fcy\u00fckl\u00fcg\u00fcne g\u00f6re siralanmaktadir. Listede Euromillions&#8217;i buldugunuzda \u00fczerine tiklayabilir veya daha y\u00fcksek bir jackpota sahip baska bir loto g\u00f6rd\u00fcg\u00fcn\u00fczde, rahatlikla se\u00e7ebilirsiniz. Ardindan, sayilarinizi se\u00e7ersiniz. Ka\u00e7 sayiya tiklamaniz gerektigini bilmiyorsaniz endiselenmeyin. Sayi eksik olup olmadigini web sitesi size s\u00f6yleyecektir. Tabii ki, daha fazla bilet ekleyebilir ve hatta daha fazla piyango oynayabilirsiniz.<\/p>\n<p>Ardindan, RedFoxlotto&#8217;da bir hesap a\u00e7arsiniz. Bu noktada, e-posta adresinizi onaylamaniz gerekir &#8211; sadece ekrandaki talimatlari izlemeniz yeterli. \u00d6deme yolu da olduk\u00e7a kolaydir. Skrill, kredi karti veya banka havalesi gibi \u00e7esitli \u00f6deme se\u00e7enekleri bulunmaktadir. \u00d6demeyi ger\u00e7eklestirdikten sonra, bilet hesabinizda g\u00f6r\u00fcnecektir. Sayilarinizi g\u00f6rebilirsiniz ve katildiginiz lotonun sayilari \u00e7ekildikten sonra, hesabiniz sayilarinizin yaninda se\u00e7ilen sayilari da g\u00f6sterecektir. Kazanan sayilar vurgulanir, b\u00f6ylece biletlerinizin \u00f6d\u00fcl kazanip kazanmadigini hizlica g\u00f6rebilirsiniz.<\/p>\n<h2>T\u00fcrkiye&#8217;de yasayan loto hayranlari i\u00e7in pek \u00e7ok loto se\u00e7enegi<\/h2>\n<p>Euromillions ve Eurojackpot&#8217;un yani sira, en b\u00fcy\u00fck ABD lotolari olan Powerball ve Mega Millions&#8217;a da bakmanizi \u00f6neririz. Jackpotlari genellikle daha b\u00fcy\u00fckt\u00fcr, \u00f6yle ki 300 milyon dolarin \u00fczerindeki jackpotlar siklikla g\u00f6r\u00fclmektedir. \u00d6te yandan Italya&#8217;nin Superenalotto&#8217;su da var. Yapacaginiz en iyi sey, oynamadan \u00f6nce ikramiyeleri karsilastirmaktir. Her zaman en b\u00fcy\u00fck jackpota sahip \u00e7ekilise katilmak ekonomik a\u00e7idan mantikli bir stratejidir! T\u00fcrkiye&#8217;de yasadiginiz ger\u00e7eginin sizi Euromillions oynamaktan alikoymasina izin vermeyin &#8211; hemen online oynayin!<\/p>\n<p>&nbsp;<\/p>\n","protected":false},"excerpt":{"rendered":"<p>T\u00fcrkiye&#8217;de yasayan loto oyunculari i\u00e7in daha fazla loto Sadece ulasabildiginiz b\u00f6lgelerde loto oynamak size de pek \u00e7ekici gelmemeye mi basladi? T\u00fcrkiye&#8217;de yasiyorsaniz, Euromillions gibi lotolar artik \u00e7ok daha \u00e7ekici g\u00f6r\u00fcn\u00fcyor. T\u00fcrkiye vatandasi olarak, bu lotolar i\u00e7in bilet alamiyor olabilirsiniz. Ama durun &#8211; bu durumun bir \u00e7\u00f6z\u00fcm\u00fc var! Euromillions hakk\u0131nda daha fazla bilgi \u00c7ekili\u015f \u015fu yerlerde [&hellip;]<\/p>\n","protected":false},"author":1,"featured_media":0,"parent":5092,"menu_order":3,"comment_status":"closed","ping_status":"closed","template":"euromillions.php","meta":{"_et_pb_use_builder":"","_et_pb_old_content":"","_et_gb_content_width":"","exclude_from_search":false,"footnotes":""},"class_list":["post-10469","page","type-page","status-publish","hentry"],"yoast_head":"<!-- This site is optimized with the Yoast SEO plugin v23.4 - https:\/\/yoast.com\/wordpress\/plugins\/seo\/ -->\n<title>Euromillions&#039;\u0131 T\u00fcrkiye&#039;den \u00e7evrimi\u00e7i oynay\u0131n | Euromillions hakk\u0131nda, nas\u0131l \u00e7evrimi\u00e7i bilet al\u0131n\u0131r<\/title>\n<meta name=\"description\" content=\"T\u00fcrkiye&#039;den bile online biletle EuroMillions Lotto oynay\u0131n.\" \/>\n<meta name=\"robots\" content=\"index, follow, max-snippet:-1, max-image-preview:large, max-video-preview:-1\" \/>\n<link rel=\"canonical\" href=\"https:\/\/onlinelotto365.com\/tr\/oyna\/euromillions\/\" \/>\n<meta property=\"og:locale\" content=\"tr_TR\" \/>\n<meta property=\"og:type\" content=\"article\" \/>\n<meta property=\"og:title\" content=\"Euromillions&#039;\u0131 T\u00fcrkiye&#039;den \u00e7evrimi\u00e7i oynay\u0131n | Euromillions hakk\u0131nda, nas\u0131l \u00e7evrimi\u00e7i bilet al\u0131n\u0131r\" \/>\n<meta property=\"og:description\" content=\"T\u00fcrkiye&#039;den bile online biletle EuroMillions Lotto oynay\u0131n.\" \/>\n<meta property=\"og:url\" content=\"https:\/\/onlinelotto365.com\/tr\/oyna\/euromillions\/\" \/>\n<meta property=\"og:site_name\" content=\"OnlineLotto365\" \/>\n<meta property=\"article:modified_time\" content=\"2022-11-01T14:17:49+00:00\" \/>\n<meta property=\"og:image\" content=\"https:\/\/redfoxlotto.com\/image?size=8&amp;lottery=euromillions\" \/>\n<meta name=\"twitter:card\" content=\"summary_large_image\" \/>\n<meta name=\"twitter:label1\" content=\"Tahmini okuma s\u00fcresi\" \/>\n\t<meta name=\"twitter:data1\" content=\"2 dakika\" \/>\n<script type=\"application\/ld+json\" class=\"yoast-schema-graph\">{\"@context\":\"https:\/\/schema.org\",\"@graph\":[{\"@type\":\"WebPage\",\"@id\":\"https:\/\/onlinelotto365.com\/tr\/oyna\/euromillions\/\",\"url\":\"https:\/\/onlinelotto365.com\/tr\/oyna\/euromillions\/\",\"name\":\"Euromillions'\u0131 T\u00fcrkiye'den \u00e7evrimi\u00e7i oynay\u0131n | Euromillions hakk\u0131nda, nas\u0131l \u00e7evrimi\u00e7i bilet al\u0131n\u0131r\",\"isPartOf\":{\"@id\":\"https:\/\/onlinelotto365.com\/tr\/#website\"},\"primaryImageOfPage\":{\"@id\":\"https:\/\/onlinelotto365.com\/tr\/oyna\/euromillions\/#primaryimage\"},\"image\":{\"@id\":\"https:\/\/onlinelotto365.com\/tr\/oyna\/euromillions\/#primaryimage\"},\"thumbnailUrl\":\"https:\/\/redfoxlotto.com\/image?size=8&amp;lottery=euromillions\",\"datePublished\":\"2020-12-17T13:18:04+00:00\",\"dateModified\":\"2022-11-01T14:17:49+00:00\",\"description\":\"T\u00fcrkiye'den bile online biletle EuroMillions Lotto oynay\u0131n.\",\"breadcrumb\":{\"@id\":\"https:\/\/onlinelotto365.com\/tr\/oyna\/euromillions\/#breadcrumb\"},\"inLanguage\":\"tr\",\"potentialAction\":[{\"@type\":\"ReadAction\",\"target\":[\"https:\/\/onlinelotto365.com\/tr\/oyna\/euromillions\/\"]}]},{\"@type\":\"ImageObject\",\"inLanguage\":\"tr\",\"@id\":\"https:\/\/onlinelotto365.com\/tr\/oyna\/euromillions\/#primaryimage\",\"url\":\"https:\/\/redfoxlotto.com\/image?size=8&amp;lottery=euromillions\",\"contentUrl\":\"https:\/\/redfoxlotto.com\/image?size=8&amp;lottery=euromillions\"},{\"@type\":\"BreadcrumbList\",\"@id\":\"https:\/\/onlinelotto365.com\/tr\/oyna\/euromillions\/#breadcrumb\",\"itemListElement\":[{\"@type\":\"ListItem\",\"position\":1,\"name\":\"Home\",\"item\":\"https:\/\/onlinelotto365.com\/tr\/\"},{\"@type\":\"ListItem\",\"position\":2,\"name\":\"En iyi \u00e7evrimi\u00e7i piyangolar\u0131 oynamak i\u00e7in se\u00e7enekleriniz hakk\u0131nda bilmeniz gereken her \u015fey\",\"item\":\"https:\/\/onlinelotto365.com\/tr\/oyna\/\"},{\"@type\":\"ListItem\",\"position\":3,\"name\":\"EuroMillions, Avrupa&#8217;n\u0131n en b\u00fcy\u00fck piyangosu\"}]},{\"@type\":\"WebSite\",\"@id\":\"https:\/\/onlinelotto365.com\/tr\/#website\",\"url\":\"https:\/\/onlinelotto365.com\/tr\/\",\"name\":\"OnlineLotto365\",\"description\":\"\",\"potentialAction\":[{\"@type\":\"SearchAction\",\"target\":{\"@type\":\"EntryPoint\",\"urlTemplate\":\"https:\/\/onlinelotto365.com\/tr\/?s={search_term_string}\"},\"query-input\":{\"@type\":\"PropertyValueSpecification\",\"valueRequired\":true,\"valueName\":\"search_term_string\"}}],\"inLanguage\":\"tr\"}]}<\/script>\n<!-- \/ Yoast SEO plugin. -->","yoast_head_json":{"title":"Euromillions'\u0131 T\u00fcrkiye'den \u00e7evrimi\u00e7i oynay\u0131n | Euromillions hakk\u0131nda, nas\u0131l \u00e7evrimi\u00e7i bilet al\u0131n\u0131r","description":"T\u00fcrkiye'den bile online biletle EuroMillions Lotto oynay\u0131n.","robots":{"index":"index","follow":"follow","max-snippet":"max-snippet:-1","max-image-preview":"max-image-preview:large","max-video-preview":"max-video-preview:-1"},"canonical":"https:\/\/onlinelotto365.com\/tr\/oyna\/euromillions\/","og_locale":"tr_TR","og_type":"article","og_title":"Euromillions'\u0131 T\u00fcrkiye'den \u00e7evrimi\u00e7i oynay\u0131n | Euromillions hakk\u0131nda, nas\u0131l \u00e7evrimi\u00e7i bilet al\u0131n\u0131r","og_description":"T\u00fcrkiye'den bile online biletle EuroMillions Lotto oynay\u0131n.","og_url":"https:\/\/onlinelotto365.com\/tr\/oyna\/euromillions\/","og_site_name":"OnlineLotto365","article_modified_time":"2022-11-01T14:17:49+00:00","og_image":[{"url":"https:\/\/redfoxlotto.com\/image?size=8&amp;lottery=euromillions"}],"twitter_card":"summary_large_image","twitter_misc":{"Tahmini okuma s\u00fcresi":"2 dakika"},"schema":{"@context":"https:\/\/schema.org","@graph":[{"@type":"WebPage","@id":"https:\/\/onlinelotto365.com\/tr\/oyna\/euromillions\/","url":"https:\/\/onlinelotto365.com\/tr\/oyna\/euromillions\/","name":"Euromillions'\u0131 T\u00fcrkiye'den \u00e7evrimi\u00e7i oynay\u0131n | Euromillions hakk\u0131nda, nas\u0131l \u00e7evrimi\u00e7i bilet al\u0131n\u0131r","isPartOf":{"@id":"https:\/\/onlinelotto365.com\/tr\/#website"},"primaryImageOfPage":{"@id":"https:\/\/onlinelotto365.com\/tr\/oyna\/euromillions\/#primaryimage"},"image":{"@id":"https:\/\/onlinelotto365.com\/tr\/oyna\/euromillions\/#primaryimage"},"thumbnailUrl":"https:\/\/redfoxlotto.com\/image?size=8&amp;lottery=euromillions","datePublished":"2020-12-17T13:18:04+00:00","dateModified":"2022-11-01T14:17:49+00:00","description":"T\u00fcrkiye'den bile online biletle EuroMillions Lotto oynay\u0131n.","breadcrumb":{"@id":"https:\/\/onlinelotto365.com\/tr\/oyna\/euromillions\/#breadcrumb"},"inLanguage":"tr","potentialAction":[{"@type":"ReadAction","target":["https:\/\/onlinelotto365.com\/tr\/oyna\/euromillions\/"]}]},{"@type":"ImageObject","inLanguage":"tr","@id":"https:\/\/onlinelotto365.com\/tr\/oyna\/euromillions\/#primaryimage","url":"https:\/\/redfoxlotto.com\/image?size=8&amp;lottery=euromillions","contentUrl":"https:\/\/redfoxlotto.com\/image?size=8&amp;lottery=euromillions"},{"@type":"BreadcrumbList","@id":"https:\/\/onlinelotto365.com\/tr\/oyna\/euromillions\/#breadcrumb","itemListElement":[{"@type":"ListItem","position":1,"name":"Home","item":"https:\/\/onlinelotto365.com\/tr\/"},{"@type":"ListItem","position":2,"name":"En iyi \u00e7evrimi\u00e7i piyangolar\u0131 oynamak i\u00e7in se\u00e7enekleriniz hakk\u0131nda bilmeniz gereken her \u015fey","item":"https:\/\/onlinelotto365.com\/tr\/oyna\/"},{"@type":"ListItem","position":3,"name":"EuroMillions, Avrupa&#8217;n\u0131n en b\u00fcy\u00fck piyangosu"}]},{"@type":"WebSite","@id":"https:\/\/onlinelotto365.com\/tr\/#website","url":"https:\/\/onlinelotto365.com\/tr\/","name":"OnlineLotto365","description":"","potentialAction":[{"@type":"SearchAction","target":{"@type":"EntryPoint","urlTemplate":"https:\/\/onlinelotto365.com\/tr\/?s={search_term_string}"},"query-input":{"@type":"PropertyValueSpecification","valueRequired":true,"valueName":"search_term_string"}}],"inLanguage":"tr"}]}},"_links":{"self":[{"href":"https:\/\/onlinelotto365.com\/tr\/wp-json\/wp\/v2\/pages\/10469","targetHints":{"allow":["GET"]}}],"collection":[{"href":"https:\/\/onlinelotto365.com\/tr\/wp-json\/wp\/v2\/pages"}],"about":[{"href":"https:\/\/onlinelotto365.com\/tr\/wp-json\/wp\/v2\/types\/page"}],"author":[{"embeddable":true,"href":"https:\/\/onlinelotto365.com\/tr\/wp-json\/wp\/v2\/users\/1"}],"replies":[{"embeddable":true,"href":"https:\/\/onlinelotto365.com\/tr\/wp-json\/wp\/v2\/comments?post=10469"}],"version-history":[{"count":0,"href":"https:\/\/onlinelotto365.com\/tr\/wp-json\/wp\/v2\/pages\/10469\/revisions"}],"up":[{"embeddable":true,"href":"https:\/\/onlinelotto365.com\/tr\/wp-json\/wp\/v2\/pages\/5092"}],"wp:attachment":[{"href":"https:\/\/onlinelotto365.com\/tr\/wp-json\/wp\/v2\/media?parent=10469"}],"curies":[{"name":"wp","href":"https:\/\/api.w.org\/{rel}","templated":true}]}}