{"id":10475,"date":"2020-12-17T14:22:20","date_gmt":"2020-12-17T13:22:20","guid":{"rendered":"http:\/\/onlinelotto365.net\/?page_id=10475"},"modified":"2022-11-09T11:00:29","modified_gmt":"2022-11-09T10:00:29","slug":"el-gordo","status":"publish","type":"page","link":"https:\/\/onlinelotto365.com\/tr\/oyna\/el-gordo\/","title":{"rendered":"T\u00fcrkiye&#8217;de ikamet edenler El Gordo&#8217;ya nas\u0131l kat\u0131labilir?"},"content":{"rendered":"<p>E\u011fer \u0130spanya&#8217;da ya\u015f\u0131yorsan\u0131z, El Gordo Loto&#8217;nun ne kadar heyecan verici oldu\u011funu s\u00f6ylememe gerek yok. Ancak, \u00e7o\u011fu piyango oyuncusu orada ya\u015fam\u0131yor ve \u00e7o\u011fu \u0130spanya&#8217;n\u0131n en b\u00fcy\u00fck piyangosunu hi\u00e7 duymam\u0131\u015f. Yak\u0131n zamana kadar bunun bir \u00f6nemi yoktu, \u00e7\u00fcnk\u00fc \u0130spanya bilet sat\u0131n alabilece\u011finiz tek yer oldu\u011fu i\u00e7in zaten oynayam\u0131yordunuz.<\/p>\n<p>\u0130nternetin b\u00fcy\u00fcs\u00fc sayesinde, bug\u00fcnlerde T\u00fcrkiye dahil 140&#8217;tan fazla \u00fclkeden 150.000&#8217;den fazla oyuncu El Gordo&#8217;yu \u00e7evrimi\u00e7i oynaman\u0131n keyfini \u00e7\u0131karabiliyor. Art\u0131k bilet sat\u0131n almak i\u00e7in tek yapman\u0131z gereken, online olarak nereden sat\u0131n alaca\u011f\u0131n\u0131z\u0131 bilmek. \u0130\u015fte bu noktada size yard\u0131mc\u0131 olmak i\u00e7in buraday\u0131z.<\/p>\n<p>Yeni ve harika hizmetimiz sayesinde sadece El Gordo Lotto i\u00e7in online bilet sat\u0131n almakla kalm\u0131yor, ayn\u0131 zamanda d\u00fcnyan\u0131n di\u011fer t\u00fcm b\u00fcy\u00fck piyangolar\u0131 i\u00e7in de online bilet sat\u0131n alabiliyorsunuz. T\u00fcm bunlar\u0131 sizin i\u00e7in inan\u0131lmaz derecede kolayla\u015ft\u0131r\u0131yoruz ve birka\u00e7 dakika i\u00e7inde istedi\u011finiz di\u011fer b\u00fcy\u00fck piyango biletlerine ek olarak bir sonraki \u00e7ekili\u015f i\u00e7in istedi\u011finiz kadar bilet alabilirsiniz.<\/p>\n<p>B\u00f6ylece \u00e7evrimi\u00e7i hizmetimiz sayesinde piyango oynaman\u0131n heyecan\u0131 destans\u0131 boyutlara ula\u015ft\u0131. \u015eu anda piyangodan ne kadar keyif ald\u0131\u011f\u0131n\u0131z\u0131 d\u00fc\u015f\u00fcn\u00fcn ve bunu on ya da yirmi kat\u0131yla \u00e7arp\u0131n ve bunun nas\u0131l bir \u015fey olaca\u011f\u0131n\u0131 hayal edin. O zaman, buradan bir hesap a\u00e7\u0131n ve her \u015feyi ger\u00e7ekle\u015ftirmeye haz\u0131r olun.<\/p>\n<p><a href=\"https:\/\/redfoxlotto.com\/play\/el-gordo-primitiva\/?ref=a8564250a2&amp;medium=ol365\" target=\"_blank\" rel=\"noopener noreferrer\"><img decoding=\"async\" class=\"aligncenter\" src=\"https:\/\/redfoxlotto.com\/image?size=8&amp;lottery=el-gordo-primitiva\" alt=\"el gordo la primitiva\" \/><\/a><\/p>\n<h2>El Gordo B\u00fcy\u00fck Olan Anlam\u0131na Gelir<\/h2>\n<p>El Gordo&#8217;nun ikramiyelerinin hepsi \u00e7ok b\u00fcy\u00fckt\u00fcr, bu da t\u00fcm piyango oyuncular\u0131n\u0131n kesinlikle sevdi\u011fi bir \u015feydir. En sevdi\u011finiz piyangonun ikramiyesinin, insanlar\u0131n bilet almak i\u00e7in kendilerini kaybedecekleri kadar b\u00fcy\u00fck olana kadar b\u00fcy\u00fcmesini ve b\u00fcy\u00fcmesini umarak bir s\u00fcre beklemeniz gereken g\u00fcnler geride kald\u0131. \u015eimdi, d\u00fcnya \u00e7ap\u0131nda muazzam ikramiyelerle ba\u015flayan ve gittik\u00e7e daha da muazzam hale gelen bir\u00e7ok piyango var. Bu piyango kesinlikle onlardan biri. \u00d6rnek olarak, bu yaz\u0131n\u0131n yaz\u0131ld\u0131\u011f\u0131 s\u0131rada mevcut ikramiye 23 milyon Euro&#8217;dur.<\/p>\n<p>Ayr\u0131ca, hepimizin sevdi\u011finden emin oldu\u011fum gibi, bunun gibi b\u00fcy\u00fck ikramiyeleri seviyorsan\u0131z, bunun geldi\u011fi yerde sizin i\u00e7in \u00e7ok daha fazlas\u0131 var, hatta baz\u0131lar\u0131 \u00e7ok daha b\u00fcy\u00fck ikramiyelerle. Ancak, mesele sadece bir tanesini oynamak de\u011fil, en az\u0131ndan bu piyangolardan birka\u00e7\u0131n\u0131 oynamak isteyeceksiniz ve El Gordo kesinlikle oynamaya de\u011fer bir piyango.<\/p>\n<h2>El Gordo Hakk\u0131nda<\/h2>\n<ul>\n<li>\u00dclke: \u0130spanya<\/li>\n<li><span style=\"font-size: 16px;\"> Ana say\u0131 aral\u0131\u011f\u0131: 54 <\/span><\/li>\n<li>Siz se\u00e7in: 5<\/li>\n<li>Ekstra say\u0131 aral\u0131\u011f\u0131: yok<\/li>\n<li>Siz se\u00e7ersiniz: yok<\/li>\n<li>G\u00fcnler, saatler \u00e7izme: Pazar, 21:30 CET, 21:30 CET<\/li>\n<li>Minimum ikramiye: 4 milyon \u20ac<\/li>\n<li>Jackpot maksimum s\u0131n\u0131rl\u0131d\u0131r: maksimum yok<\/li>\n<li>B\u00fcy\u00fck ikramiyeyi kazanma olas\u0131l\u0131\u011f\u0131: 31.625.100&#8217;de 1<\/li>\n<li>A\u015fama 2 kazanma olas\u0131l\u0131\u011f\u0131: 3.513.900&#8217;de 1<\/li>\n<li>Herhangi bir kademede kazanma olas\u0131l\u0131\u011f\u0131: 6,16&#8217;da 1<\/li>\n<li>El Gordo i\u00e7in \u00f6zel etkinlikler: Y\u0131lba\u015f\u0131 \u00d6zel<\/li>\n<\/ul>\n<p>Bir\u00e7ok b\u00fcy\u00fck piyangoda oldu\u011fu gibi, \u00e7ekili\u015fin iki b\u00f6l\u00fcm\u00fc vard\u0131r. Birincisi 54 say\u0131 aras\u0131ndan 5 say\u0131 se\u00e7meyi i\u00e7erir. Bunu yaparsan\u0131z, zaten sizi bekleyen \u00e7ok b\u00fcy\u00fck bir \u00f6d\u00fcl var. Ard\u0131ndan, hem 5 say\u0131n\u0131z\u0131 hem de 1 ile 9 aras\u0131ndaki anahtar numaran\u0131z\u0131 e\u015fle\u015ftirirseniz, ba\u015fard\u0131n\u0131z ve b\u00fcy\u00fck ikramiyeyi kazand\u0131n\u0131z demektir.<\/p>\n<p>El Gordo&#8217;da, sadece 1 ile 9 aras\u0131ndaki kritik say\u0131y\u0131 e\u015fle\u015ftirmekten ba\u015flayarak b\u00fcy\u00fck \u00f6d\u00fcle kadar toplam 9 farkl\u0131 \u00f6d\u00fcl kategorisi bulunmaktad\u0131r. Hepimiz ger\u00e7ekten b\u00fcy\u00fck ikramiyeleri kazanmak istesek de, herhangi bir miktarda bir \u00f6d\u00fcl kazanmak kesinlikle g\u00fczeldir ve \u0130spanya&#8217;n\u0131n en pop\u00fcler piyangosu size bunu ba\u015farmak i\u00e7in di\u011fer baz\u0131 piyangolardan daha iyi bir \u015fans verir.<\/p>\n<p>Ayr\u0131ca, baz\u0131 \u00fclkelerin aksine, \u0130spanya&#8217;da piyango kazan\u00e7lar\u0131 vergiden muaft\u0131r. Ya\u015fad\u0131\u011f\u0131n\u0131z yere ba\u011fl\u0131 olarak kazanc\u0131n\u0131z\u0131 devlete beyan etmeniz gerekebilir veya gerekmeyebilir, ancak baz\u0131 yerler \u00fclkenizde piyango kazan\u00e7lar\u0131 vergiden muaf olsa bile piyango kazan\u00e7lar\u0131ndan vergi kesmektedir. Bu paray\u0131 geri alabilseniz de, El Gordo ile bu konuda endi\u015felenmenize gerek yok.<\/p>\n<p>Bununla birlikte, bunu yapan \u00fclkelerde bile, b\u00fcy\u00fck ikramiyeyi vurdu\u011funuzda, vergi stopaj\u0131 olsun ya da olmas\u0131n pe\u015fin olarak ald\u0131\u011f\u0131n\u0131z para kesinlikle size uzun s\u00fcre yetecektir, bu y\u00fczden bu sizi ger\u00e7ekten endi\u015felendirmemelidir. Milyonlar\u0131n\u0131z\u0131 almak i\u00e7in \u0130spanya&#8217;ya gitmek zorunda da kalmayacaks\u0131n\u0131z. Muhtemelen bundan \u00e7ok daha fazla seyahat edeceksiniz ve bu seyahatle kariyerinize bir jet sosyete olarak da ba\u015flayabilirsiniz.<\/p>\n<h2>\u015eimdi Mecbur Olmad\u0131\u011f\u0131n\u0131za G\u00f6re Neden El Gordo&#8217;yu Ka\u00e7\u0131ras\u0131n\u0131z?<\/h2>\n<p>Y\u0131llard\u0131r El Gordo Loto oynamamak i\u00e7in iyi bir bahaneniz vard\u0131 \u00e7\u00fcnk\u00fc \u0130spanya&#8217;da de\u011fil T\u00fcrkiye&#8217;de ya\u015f\u0131yordunuz. Neyse ki art\u0131k b\u00f6yle bir durum s\u00f6z konusu de\u011fil. Ba\u015f\u0131ndan beri bu ve d\u00fcnyan\u0131n di\u011fer t\u00fcm b\u00fcy\u00fck piyangolar\u0131n\u0131 oynam\u0131\u015f olsayd\u0131n\u0131z ne kadar para kazanabilece\u011finizi kim bilebilir?<\/p>\n<p>Art\u0131k bunu merak etmenize gerek yok, \u00e7\u00fcnk\u00fc art\u0131k El Gordo&#8217;yu do\u011frudan evinize, \u015fu anda oturdu\u011funuz yere getiriyoruz. Piyango oynamay\u0131 sevdi\u011finizi biliyorum, yoksa bu yaz\u0131y\u0131 okuyor olmazd\u0131n\u0131z. Neden hemen \u015fimdi kendinize bir El Gordo piyango bileti \u0131smarlam\u0131yorsunuz? Haz\u0131r ba\u015flam\u0131\u015fken, neden size sunabilece\u011fimiz di\u011fer her \u015feye g\u00f6z atm\u0131yorsunuz?<\/p>\n<h2>El Gordo sonu\u00e7lar\u0131 nas\u0131l kontrol edilir<\/h2>\n<p>Kazanan numaralar\u0131 kontrol etmek ve bunlar\u0131 El Gordo biletlerinizle kar\u015f\u0131la\u015ft\u0131rmak i\u00e7in buraya geri d\u00f6nebilirsiniz. Size en son kazanan numaralar\u0131 kendi biletinizin numaralar\u0131yla yan yana g\u00f6sterece\u011fiz. Tabii ki, e\u011fer kazand\u0131ysan\u0131z ne kadar kazand\u0131\u011f\u0131n\u0131z\u0131 da g\u00f6rebilirsiniz.<\/p>\n<p>Kazanc\u0131n\u0131z\u0131 hesab\u0131n\u0131za yat\u0131rmak da hizmetimizin bir par\u00e7as\u0131d\u0131r. Nas\u0131l \u00f6deme alaca\u011f\u0131n\u0131z ne kadar kazand\u0131\u011f\u0131n\u0131za ba\u011fl\u0131d\u0131r. Bu hizmet i\u00e7in kazanc\u0131n\u0131zdan herhangi bir para alm\u0131yoruz.<\/p>\n","protected":false},"excerpt":{"rendered":"<p>E\u011fer \u0130spanya&#8217;da ya\u015f\u0131yorsan\u0131z, El Gordo Loto&#8217;nun ne kadar heyecan verici oldu\u011funu s\u00f6ylememe gerek yok. Ancak, \u00e7o\u011fu piyango oyuncusu orada ya\u015fam\u0131yor ve \u00e7o\u011fu \u0130spanya&#8217;n\u0131n en b\u00fcy\u00fck piyangosunu hi\u00e7 duymam\u0131\u015f. Yak\u0131n zamana kadar bunun bir \u00f6nemi yoktu, \u00e7\u00fcnk\u00fc \u0130spanya bilet sat\u0131n alabilece\u011finiz tek yer oldu\u011fu i\u00e7in zaten oynayam\u0131yordunuz. \u0130nternetin b\u00fcy\u00fcs\u00fc sayesinde, bug\u00fcnlerde T\u00fcrkiye dahil 140&#8217;tan fazla \u00fclkeden [&hellip;]<\/p>\n","protected":false},"author":1,"featured_media":0,"parent":5092,"menu_order":6,"comment_status":"closed","ping_status":"closed","template":"el-gordo.php","meta":{"_et_pb_use_builder":"","_et_pb_old_content":"","_et_gb_content_width":"","exclude_from_search":false,"footnotes":""},"class_list":["post-10475","page","type-page","status-publish","hentry"],"yoast_head":"<!-- This site is optimized with the Yoast SEO plugin v23.4 - https:\/\/yoast.com\/wordpress\/plugins\/seo\/ -->\n<title>T\u00fcrkiye&#039;den online El Gordo oynay\u0131n | T\u00fcrkiye&#039;de ya\u015f\u0131yorsam El Gordo&#039;ya kat\u0131labilir miyim<\/title>\n<meta name=\"description\" content=\"El Gordo Lotto&#039;yu burada oynay\u0131n - \u0130spanya&#039;n\u0131n en b\u00fcy\u00fck piyangosu, her \u00fclkeden \u00e7evrimi\u00e7i olarak oynanabilir\" \/>\n<meta name=\"robots\" content=\"index, follow, max-snippet:-1, max-image-preview:large, max-video-preview:-1\" \/>\n<link rel=\"canonical\" href=\"https:\/\/onlinelotto365.com\/tr\/oyna\/el-gordo\/\" \/>\n<meta property=\"og:locale\" content=\"tr_TR\" \/>\n<meta property=\"og:type\" content=\"article\" \/>\n<meta property=\"og:title\" content=\"T\u00fcrkiye&#039;den online El Gordo oynay\u0131n | T\u00fcrkiye&#039;de ya\u015f\u0131yorsam El Gordo&#039;ya kat\u0131labilir miyim\" \/>\n<meta property=\"og:description\" content=\"El Gordo Lotto&#039;yu burada oynay\u0131n - \u0130spanya&#039;n\u0131n en b\u00fcy\u00fck piyangosu, her \u00fclkeden \u00e7evrimi\u00e7i olarak oynanabilir\" \/>\n<meta property=\"og:url\" content=\"https:\/\/onlinelotto365.com\/tr\/oyna\/el-gordo\/\" \/>\n<meta property=\"og:site_name\" content=\"OnlineLotto365\" \/>\n<meta property=\"article:modified_time\" content=\"2022-11-09T10:00:29+00:00\" \/>\n<meta property=\"og:image\" content=\"https:\/\/redfoxlotto.com\/image?size=8&amp;lottery=el-gordo-primitiva\" \/>\n<meta name=\"twitter:card\" content=\"summary_large_image\" \/>\n<meta name=\"twitter:label1\" content=\"Tahmini okuma s\u00fcresi\" \/>\n\t<meta name=\"twitter:data1\" content=\"4 dakika\" \/>\n<script type=\"application\/ld+json\" class=\"yoast-schema-graph\">{\"@context\":\"https:\/\/schema.org\",\"@graph\":[{\"@type\":\"WebPage\",\"@id\":\"https:\/\/onlinelotto365.com\/tr\/oyna\/el-gordo\/\",\"url\":\"https:\/\/onlinelotto365.com\/tr\/oyna\/el-gordo\/\",\"name\":\"T\u00fcrkiye'den online El Gordo oynay\u0131n | T\u00fcrkiye'de ya\u015f\u0131yorsam El Gordo'ya kat\u0131labilir miyim\",\"isPartOf\":{\"@id\":\"https:\/\/onlinelotto365.com\/tr\/#website\"},\"primaryImageOfPage\":{\"@id\":\"https:\/\/onlinelotto365.com\/tr\/oyna\/el-gordo\/#primaryimage\"},\"image\":{\"@id\":\"https:\/\/onlinelotto365.com\/tr\/oyna\/el-gordo\/#primaryimage\"},\"thumbnailUrl\":\"https:\/\/redfoxlotto.com\/image?size=8&amp;lottery=el-gordo-primitiva\",\"datePublished\":\"2020-12-17T13:22:20+00:00\",\"dateModified\":\"2022-11-09T10:00:29+00:00\",\"description\":\"El Gordo Lotto'yu burada oynay\u0131n - \u0130spanya'n\u0131n en b\u00fcy\u00fck piyangosu, her \u00fclkeden \u00e7evrimi\u00e7i olarak oynanabilir\",\"breadcrumb\":{\"@id\":\"https:\/\/onlinelotto365.com\/tr\/oyna\/el-gordo\/#breadcrumb\"},\"inLanguage\":\"tr\",\"potentialAction\":[{\"@type\":\"ReadAction\",\"target\":[\"https:\/\/onlinelotto365.com\/tr\/oyna\/el-gordo\/\"]}]},{\"@type\":\"ImageObject\",\"inLanguage\":\"tr\",\"@id\":\"https:\/\/onlinelotto365.com\/tr\/oyna\/el-gordo\/#primaryimage\",\"url\":\"https:\/\/redfoxlotto.com\/image?size=8&amp;lottery=el-gordo-primitiva\",\"contentUrl\":\"https:\/\/redfoxlotto.com\/image?size=8&amp;lottery=el-gordo-primitiva\"},{\"@type\":\"BreadcrumbList\",\"@id\":\"https:\/\/onlinelotto365.com\/tr\/oyna\/el-gordo\/#breadcrumb\",\"itemListElement\":[{\"@type\":\"ListItem\",\"position\":1,\"name\":\"Home\",\"item\":\"https:\/\/onlinelotto365.com\/tr\/\"},{\"@type\":\"ListItem\",\"position\":2,\"name\":\"En iyi \u00e7evrimi\u00e7i piyangolar\u0131 oynamak i\u00e7in se\u00e7enekleriniz hakk\u0131nda bilmeniz gereken her \u015fey\",\"item\":\"https:\/\/onlinelotto365.com\/tr\/oyna\/\"},{\"@type\":\"ListItem\",\"position\":3,\"name\":\"T\u00fcrkiye&#8217;de ikamet edenler El Gordo&#8217;ya nas\u0131l kat\u0131labilir?\"}]},{\"@type\":\"WebSite\",\"@id\":\"https:\/\/onlinelotto365.com\/tr\/#website\",\"url\":\"https:\/\/onlinelotto365.com\/tr\/\",\"name\":\"OnlineLotto365\",\"description\":\"\",\"potentialAction\":[{\"@type\":\"SearchAction\",\"target\":{\"@type\":\"EntryPoint\",\"urlTemplate\":\"https:\/\/onlinelotto365.com\/tr\/?s={search_term_string}\"},\"query-input\":{\"@type\":\"PropertyValueSpecification\",\"valueRequired\":true,\"valueName\":\"search_term_string\"}}],\"inLanguage\":\"tr\"}]}<\/script>\n<!-- \/ Yoast SEO plugin. -->","yoast_head_json":{"title":"T\u00fcrkiye'den online El Gordo oynay\u0131n | T\u00fcrkiye'de ya\u015f\u0131yorsam El Gordo'ya kat\u0131labilir miyim","description":"El Gordo Lotto'yu burada oynay\u0131n - \u0130spanya'n\u0131n en b\u00fcy\u00fck piyangosu, her \u00fclkeden \u00e7evrimi\u00e7i olarak oynanabilir","robots":{"index":"index","follow":"follow","max-snippet":"max-snippet:-1","max-image-preview":"max-image-preview:large","max-video-preview":"max-video-preview:-1"},"canonical":"https:\/\/onlinelotto365.com\/tr\/oyna\/el-gordo\/","og_locale":"tr_TR","og_type":"article","og_title":"T\u00fcrkiye'den online El Gordo oynay\u0131n | T\u00fcrkiye'de ya\u015f\u0131yorsam El Gordo'ya kat\u0131labilir miyim","og_description":"El Gordo Lotto'yu burada oynay\u0131n - \u0130spanya'n\u0131n en b\u00fcy\u00fck piyangosu, her \u00fclkeden \u00e7evrimi\u00e7i olarak oynanabilir","og_url":"https:\/\/onlinelotto365.com\/tr\/oyna\/el-gordo\/","og_site_name":"OnlineLotto365","article_modified_time":"2022-11-09T10:00:29+00:00","og_image":[{"url":"https:\/\/redfoxlotto.com\/image?size=8&amp;lottery=el-gordo-primitiva"}],"twitter_card":"summary_large_image","twitter_misc":{"Tahmini okuma s\u00fcresi":"4 dakika"},"schema":{"@context":"https:\/\/schema.org","@graph":[{"@type":"WebPage","@id":"https:\/\/onlinelotto365.com\/tr\/oyna\/el-gordo\/","url":"https:\/\/onlinelotto365.com\/tr\/oyna\/el-gordo\/","name":"T\u00fcrkiye'den online El Gordo oynay\u0131n | T\u00fcrkiye'de ya\u015f\u0131yorsam El Gordo'ya kat\u0131labilir miyim","isPartOf":{"@id":"https:\/\/onlinelotto365.com\/tr\/#website"},"primaryImageOfPage":{"@id":"https:\/\/onlinelotto365.com\/tr\/oyna\/el-gordo\/#primaryimage"},"image":{"@id":"https:\/\/onlinelotto365.com\/tr\/oyna\/el-gordo\/#primaryimage"},"thumbnailUrl":"https:\/\/redfoxlotto.com\/image?size=8&amp;lottery=el-gordo-primitiva","datePublished":"2020-12-17T13:22:20+00:00","dateModified":"2022-11-09T10:00:29+00:00","description":"El Gordo Lotto'yu burada oynay\u0131n - \u0130spanya'n\u0131n en b\u00fcy\u00fck piyangosu, her \u00fclkeden \u00e7evrimi\u00e7i olarak oynanabilir","breadcrumb":{"@id":"https:\/\/onlinelotto365.com\/tr\/oyna\/el-gordo\/#breadcrumb"},"inLanguage":"tr","potentialAction":[{"@type":"ReadAction","target":["https:\/\/onlinelotto365.com\/tr\/oyna\/el-gordo\/"]}]},{"@type":"ImageObject","inLanguage":"tr","@id":"https:\/\/onlinelotto365.com\/tr\/oyna\/el-gordo\/#primaryimage","url":"https:\/\/redfoxlotto.com\/image?size=8&amp;lottery=el-gordo-primitiva","contentUrl":"https:\/\/redfoxlotto.com\/image?size=8&amp;lottery=el-gordo-primitiva"},{"@type":"BreadcrumbList","@id":"https:\/\/onlinelotto365.com\/tr\/oyna\/el-gordo\/#breadcrumb","itemListElement":[{"@type":"ListItem","position":1,"name":"Home","item":"https:\/\/onlinelotto365.com\/tr\/"},{"@type":"ListItem","position":2,"name":"En iyi \u00e7evrimi\u00e7i piyangolar\u0131 oynamak i\u00e7in se\u00e7enekleriniz hakk\u0131nda bilmeniz gereken her \u015fey","item":"https:\/\/onlinelotto365.com\/tr\/oyna\/"},{"@type":"ListItem","position":3,"name":"T\u00fcrkiye&#8217;de ikamet edenler El Gordo&#8217;ya nas\u0131l kat\u0131labilir?"}]},{"@type":"WebSite","@id":"https:\/\/onlinelotto365.com\/tr\/#website","url":"https:\/\/onlinelotto365.com\/tr\/","name":"OnlineLotto365","description":"","potentialAction":[{"@type":"SearchAction","target":{"@type":"EntryPoint","urlTemplate":"https:\/\/onlinelotto365.com\/tr\/?s={search_term_string}"},"query-input":{"@type":"PropertyValueSpecification","valueRequired":true,"valueName":"search_term_string"}}],"inLanguage":"tr"}]}},"_links":{"self":[{"href":"https:\/\/onlinelotto365.com\/tr\/wp-json\/wp\/v2\/pages\/10475","targetHints":{"allow":["GET"]}}],"collection":[{"href":"https:\/\/onlinelotto365.com\/tr\/wp-json\/wp\/v2\/pages"}],"about":[{"href":"https:\/\/onlinelotto365.com\/tr\/wp-json\/wp\/v2\/types\/page"}],"author":[{"embeddable":true,"href":"https:\/\/onlinelotto365.com\/tr\/wp-json\/wp\/v2\/users\/1"}],"replies":[{"embeddable":true,"href":"https:\/\/onlinelotto365.com\/tr\/wp-json\/wp\/v2\/comments?post=10475"}],"version-history":[{"count":0,"href":"https:\/\/onlinelotto365.com\/tr\/wp-json\/wp\/v2\/pages\/10475\/revisions"}],"up":[{"embeddable":true,"href":"https:\/\/onlinelotto365.com\/tr\/wp-json\/wp\/v2\/pages\/5092"}],"wp:attachment":[{"href":"https:\/\/onlinelotto365.com\/tr\/wp-json\/wp\/v2\/media?parent=10475"}],"curies":[{"name":"wp","href":"https:\/\/api.w.org\/{rel}","templated":true}]}}