{"id":10498,"date":"2020-12-17T14:35:49","date_gmt":"2020-12-17T13:35:49","guid":{"rendered":"http:\/\/onlinelotto365.net\/?page_id=10498"},"modified":"2022-11-10T12:50:17","modified_gmt":"2022-11-10T11:50:17","slug":"powerball","status":"publish","type":"page","link":"https:\/\/onlinelotto365.com\/tr\/bilet-satin-al\/powerball\/","title":{"rendered":"T\u00fcrkiye&#8217;den online Powerball bileti nas\u0131l al\u0131n\u0131r"},"content":{"rendered":"<p>A\u00e7\u0131k\u00e7as\u0131, bu b\u00fcy\u00fck ABD piyangolar\u0131 i\u00e7in \u00e7evrimi\u00e7i bir bilet alman\u0131z\u0131 sa\u011flayan \u015fey internettir. Kat\u0131lmak ve bu inan\u0131lmaz ikramiyeleri kazanma \u015fans\u0131na sahip olmak i\u00e7in ABD&#8217;de ya\u015famak zorunda de\u011filsiniz. Online hizmetimizi kullanarak biletinizi T\u00fcrkiye&#8217;den sat\u0131n alabilirsiniz.<\/p>\n<p>\u00d6nce bizde bir hesap a\u00e7abilir ve ard\u0131ndan piyangolar\u0131m\u0131zdan herhangi birini se\u00e7ip numaralar\u0131n\u0131z\u0131 belirleyebilirsiniz. Ya da \u00f6nce piyangolar\u0131 kontrol edebilir ve numaralar\u0131n\u0131zla bilet olu\u015fturabilirsiniz. Se\u00e7iminizden memnun oldu\u011funuzda, \u00f6deme i\u015flemini yapabilirsiniz. Bu noktada sizden bir hesap olu\u015fturman\u0131z istenecektir.<\/p>\n<p>Her iki durumda da, yeni hesab\u0131n\u0131z\u0131 kaydettikten sonra, e-posta gelen kutunuzu kontrol etmeniz gerekecektir. \u0130\u00e7inde bir ba\u011flant\u0131 bulunan bir do\u011frulama e-postas\u0131 alacaks\u0131n\u0131z. E-posta adresinizi do\u011frulamak i\u00e7in bu ba\u011flant\u0131ya t\u0131klay\u0131n. Bunu yapt\u0131ktan sonra hesab\u0131n\u0131z etkinle\u015ftirilir. Do\u011frulama e-postas\u0131n\u0131 bulamazsan\u0131z, l\u00fctfen spam klas\u00f6r\u00fcn\u00fcz\u00fc kontrol edin. E-postay\u0131 buldu\u011funuzda, onu &#8220;spam de\u011fil&#8221; veya &#8220;\u00f6nemsiz de\u011fil&#8221; olarak i\u015faretlemeniz \u00f6nemlidir. Bu, bizden gelecek e-postalar\u0131n spam klas\u00f6r\u00fcn\u00fcze d\u00fc\u015fmemesini sa\u011flar. E-posta bildirimini almad\u0131\u011f\u0131n\u0131z i\u00e7in bir kazanc\u0131 ka\u00e7\u0131rd\u0131\u011f\u0131n\u0131z\u0131 d\u00fc\u015f\u00fcn\u00fcn!<br \/>\n<a href=\"https:\/\/redfoxlotto.com\/play\/powerball\/?ref=a8564250a2&amp;medium=ol365\" target=\"_blank\" rel=\"noopener noreferrer\"><img loading=\"lazy\" decoding=\"async\" class=\"aligncenter\" src=\"https:\/\/redfoxlotto.com\/image?size=8&amp;lottery=powerball\" alt=\"powerball\" width=\"793\" height=\"98\" \/><\/a><\/p>\n<h2>Powerball biletiniz i\u00e7in online \u00f6deme nas\u0131l yap\u0131l\u0131r<\/h2>\n<p>\u0130stedi\u011finiz \u00e7evrimi\u00e7i piyango biletleri i\u00e7in \u00f6deme yapman\u0131n iki yolu vard\u0131r.<\/p>\n<ul>\n<li>\u0130lk olarak, hesab\u0131n\u0131za para yat\u0131rabilirsiniz. Bundan sonra, istedi\u011finiz kadar bilet sat\u0131n alabilir ve bunlar\u0131 \u00f6demek i\u00e7in bakiyenizi kullanabilirsiniz.<\/li>\n<li>\u0130kincisi, \u00f6nce biletlerinizi se\u00e7er ve ard\u0131ndan sipari\u015f miktar\u0131 i\u00e7in \u00f6deme yapars\u0131n\u0131z.<\/li>\n<\/ul>\n<p>Kullanabilece\u011finiz bir dizi \u00f6deme se\u00e7ene\u011fi vard\u0131r ve hepsi g\u00fcvenli bir \u015fekilde \u015fifrelenmi\u015ftir. En pop\u00fcler y\u00f6ntemler kredi kart\u0131 ve Bitcoin&#8217;dir.<\/p>\n<h2>Powerball hakk\u0131nda daha fazla bilgi<\/h2>\n<ul>\n<li>Piyango nerede d\u00fczenlenir? ABD<\/li>\n<li>Ka\u00e7 ana numara aras\u0131ndan se\u00e7im yap\u0131labilir: 69<\/li>\n<li>Se\u00e7meniz gerekir: 5<\/li>\n<li>Aralar\u0131ndan se\u00e7im yapabilece\u011finiz ka\u00e7 ekstra numara var: 26<\/li>\n<li>Se\u00e7meniz gerekir: 1<\/li>\n<li>\u00c7ekili\u015f g\u00fcnleri, saatleri: \u00c7ar\u015famba, Cumartesi, 21:00 EST, +1 g\u00fcn 3:00 CET<\/li>\n<li>Minimum ikramiye: 40 milyon dolar<\/li>\n<li>Maksimum Jackpot miktar\u0131: yok<\/li>\n<li>\u0130kramiye kazanmak i\u00e7in olas\u0131 say\u0131 kombinasyonu: 175.223.510&#8217;da 1<\/li>\n<li>Kademe 2 kazan\u0131m\u0131 i\u00e7in olas\u0131 say\u0131 kombinasyonu: 5.006.386&#8217;da 1<\/li>\n<li>Herhangi bir kademede kazanma olas\u0131l\u0131\u011f\u0131: 24,87&#8217;de 1<\/li>\n<li>Ka\u00e7 \u00f6d\u00fcl seviyesi var: 9<\/li>\n<\/ul>\n<p>K\u0131sa bir s\u00fcre \u00f6nce, 13 \u015eubat 2016&#8217;da, ABD tarihinin en b\u00fcy\u00fck piyango ikramiyesi \u00fc\u00e7 \u015fansl\u0131 oyuncu taraf\u0131ndan kazan\u0131ld\u0131. Toplam 1,5 milyar ABD dolar\u0131 gibi inan\u0131lmaz bir ikramiye b\u00fcy\u00fckl\u00fc\u011f\u00fc ile ABD&#8217;nin d\u00f6rt bir yan\u0131ndaki loto hayranlar\u0131 bir bilet i\u00e7in saatlerce kuyrukta bekledi. Peki ya T\u00fcrkiye&#8217;den loto oyuncular\u0131? Onlar o s\u0131rada ABD&#8217;de bulunmad\u0131klar\u0131 s\u00fcrece Powerball bileti alamayacaklar m\u0131yd\u0131? Hay\u0131r, de\u011fillerdi &#8211; e\u011fer T\u00fcrkiye&#8217;den Powerball veya Mega Millions loto oynayabilece\u011finizi bilselerdi!<\/p>\n<h2>\u0130nternetten Powerball bileti alman\u0131n avantajlar\u0131<\/h2>\n<p>Bu \u00e7evrimi\u00e7i piyango bileti kurye hizmeti arac\u0131l\u0131\u011f\u0131yla, bu gezegendeki en b\u00fcy\u00fck piyangolardan 20&#8217;den fazlas\u0131 i\u00e7in bilet sat\u0131n alabilirsiniz. T\u00fcrkiye&#8217;de ya\u015f\u0131yor olsan\u0131z bile, di\u011fer \u00fclkelerde \u00e7ekilen piyangolar\u0131 se\u00e7ebilirsiniz. Tabii ki, T\u00fcrkiye&#8217;de ya\u015fam\u0131yorsan\u0131z, ancak T\u00fcrkiye piyangosu i\u00e7in bir bilet almak istiyorsan\u0131z, bu da \u00e7evrimi\u00e7i olarak yapabilece\u011finiz bir \u015fey!<\/p>\n<h2>\u0130nternetten Powerball bileti sat\u0131n almak yasal m\u0131?<\/h2>\n<p>Bunun yasal ve g\u00fcvenilir bir bilet kurye hizmeti oldu\u011funu bilmek \u00f6nemlidir. \u00c7evrimi\u00e7i bir loto bileti sat\u0131n alarak, piyangonun kendisiyle bir s\u00f6zle\u015fme yapm\u0131\u015f olursunuz &#8211; bu da kazanabilece\u011finiz paran\u0131n onlardan gelmesini sa\u011flar!<\/p>\n<h2>\u00c7evrimi\u00e7i Powerball kazan\u0131rsam nas\u0131l \u00f6deme al\u0131r\u0131m?<\/h2>\n<p><img loading=\"lazy\" decoding=\"async\" class=\"size-medium wp-image-1356 alignright\" src=\"https:\/\/onlinelotto365.com\/wp-content\/uploads\/2020\/11\/online_lottery-117-300x217.jpg\" alt=\"online powerball oyna\" width=\"300\" height=\"217\" \/><br \/>\nE\u011fer kazan\u0131rsan\u0131z, \u00f6deme prosed\u00fcr\u00fc kazand\u0131\u011f\u0131n\u0131z miktara ba\u011fl\u0131d\u0131r. 2500\u20ac&#8217;nun alt\u0131ndaki daha k\u00fc\u00e7\u00fck tutarlar \u00e7evrimi\u00e7i hesab\u0131n\u0131za yat\u0131r\u0131lacakt\u0131r. Bu paray\u0131 nakde \u00e7evirebilir veya daha fazla \u00e7evrimi\u00e7i loto bileti sat\u0131n almak i\u00e7in kullanabilirsiniz. Daha y\u00fcksek bir miktar kazan\u0131rsan\u0131z, size doldurman\u0131z ve bize e-posta ile geri g\u00f6ndermeniz gereken bir form g\u00f6nderece\u011fiz. Daha sonra formu piyango komisyonuna g\u00f6ndeririz ve onlar da size \u00f6deme yapar. Bu hizmet sizin i\u00e7in \u00fccretsizdir.<\/p>\n<p>\u00c7evrimi\u00e7i biletinizle Powerball ikramiyesini kazan\u0131rsan\u0131z, bir se\u00e7im yapman\u0131z gerekecektir. Ger\u00e7ek ikramiyeden daha d\u00fc\u015f\u00fck olacak tek seferlik bir \u00f6deme alabilir ya da 30 y\u0131ll\u0131k taksitler halinde art\u0131 faizle \u00f6deme alabilirsiniz.<\/p>\n","protected":false},"excerpt":{"rendered":"<p>A\u00e7\u0131k\u00e7as\u0131, bu b\u00fcy\u00fck ABD piyangolar\u0131 i\u00e7in \u00e7evrimi\u00e7i bir bilet alman\u0131z\u0131 sa\u011flayan \u015fey internettir. Kat\u0131lmak ve bu inan\u0131lmaz ikramiyeleri kazanma \u015fans\u0131na sahip olmak i\u00e7in ABD&#8217;de ya\u015famak zorunda de\u011filsiniz. Online hizmetimizi kullanarak biletinizi T\u00fcrkiye&#8217;den sat\u0131n alabilirsiniz. \u00d6nce bizde bir hesap a\u00e7abilir ve ard\u0131ndan piyangolar\u0131m\u0131zdan herhangi birini se\u00e7ip numaralar\u0131n\u0131z\u0131 belirleyebilirsiniz. Ya da \u00f6nce piyangolar\u0131 kontrol edebilir ve numaralar\u0131n\u0131zla [&hellip;]<\/p>\n","protected":false},"author":1,"featured_media":0,"parent":5682,"menu_order":0,"comment_status":"closed","ping_status":"closed","template":"powerball-usa-info.php","meta":{"_et_pb_use_builder":"","_et_pb_old_content":"","_et_gb_content_width":"","exclude_from_search":false,"footnotes":""},"class_list":["post-10498","page","type-page","status-publish","hentry"],"yoast_head":"<!-- This site is optimized with the Yoast SEO plugin v23.4 - https:\/\/yoast.com\/wordpress\/plugins\/seo\/ -->\n<title>Powerball i\u00e7in T\u00fcrkiye&#039;den online bilet sat\u0131n al\u0131n | Powerball hakk\u0131nda, online bilet nas\u0131l al\u0131n\u0131r<\/title>\n<meta name=\"description\" content=\"\u00dcnl\u00fc Powerball piyangosu i\u00e7in bilet almak art\u0131k \u00e7ok kolay, T\u00fcrkiye&#039;den ve ba\u015fka yerlerden online al\u0131n\" \/>\n<meta name=\"robots\" content=\"index, follow, max-snippet:-1, max-image-preview:large, max-video-preview:-1\" \/>\n<link rel=\"canonical\" href=\"https:\/\/onlinelotto365.com\/tr\/bilet-satin-al\/powerball\/\" \/>\n<meta property=\"og:locale\" content=\"tr_TR\" \/>\n<meta property=\"og:type\" content=\"article\" \/>\n<meta property=\"og:title\" content=\"Powerball i\u00e7in T\u00fcrkiye&#039;den online bilet sat\u0131n al\u0131n | Powerball hakk\u0131nda, online bilet nas\u0131l al\u0131n\u0131r\" \/>\n<meta property=\"og:description\" content=\"\u00dcnl\u00fc Powerball piyangosu i\u00e7in bilet almak art\u0131k \u00e7ok kolay, T\u00fcrkiye&#039;den ve ba\u015fka yerlerden online al\u0131n\" \/>\n<meta property=\"og:url\" content=\"https:\/\/onlinelotto365.com\/tr\/bilet-satin-al\/powerball\/\" \/>\n<meta property=\"og:site_name\" content=\"OnlineLotto365\" \/>\n<meta property=\"article:modified_time\" content=\"2022-11-10T11:50:17+00:00\" \/>\n<meta property=\"og:image\" content=\"https:\/\/redfoxlotto.com\/image?size=8&amp;lottery=powerball\" \/>\n<meta name=\"twitter:card\" content=\"summary_large_image\" \/>\n<meta name=\"twitter:label1\" content=\"Tahmini okuma s\u00fcresi\" \/>\n\t<meta name=\"twitter:data1\" content=\"3 dakika\" \/>\n<script type=\"application\/ld+json\" class=\"yoast-schema-graph\">{\"@context\":\"https:\/\/schema.org\",\"@graph\":[{\"@type\":\"WebPage\",\"@id\":\"https:\/\/onlinelotto365.com\/tr\/bilet-satin-al\/powerball\/\",\"url\":\"https:\/\/onlinelotto365.com\/tr\/bilet-satin-al\/powerball\/\",\"name\":\"Powerball i\u00e7in T\u00fcrkiye'den online bilet sat\u0131n al\u0131n | Powerball hakk\u0131nda, online bilet nas\u0131l al\u0131n\u0131r\",\"isPartOf\":{\"@id\":\"https:\/\/onlinelotto365.com\/tr\/#website\"},\"primaryImageOfPage\":{\"@id\":\"https:\/\/onlinelotto365.com\/tr\/bilet-satin-al\/powerball\/#primaryimage\"},\"image\":{\"@id\":\"https:\/\/onlinelotto365.com\/tr\/bilet-satin-al\/powerball\/#primaryimage\"},\"thumbnailUrl\":\"https:\/\/redfoxlotto.com\/image?size=8&amp;lottery=powerball\",\"datePublished\":\"2020-12-17T13:35:49+00:00\",\"dateModified\":\"2022-11-10T11:50:17+00:00\",\"description\":\"\u00dcnl\u00fc Powerball piyangosu i\u00e7in bilet almak art\u0131k \u00e7ok kolay, T\u00fcrkiye'den ve ba\u015fka yerlerden online al\u0131n\",\"breadcrumb\":{\"@id\":\"https:\/\/onlinelotto365.com\/tr\/bilet-satin-al\/powerball\/#breadcrumb\"},\"inLanguage\":\"tr\",\"potentialAction\":[{\"@type\":\"ReadAction\",\"target\":[\"https:\/\/onlinelotto365.com\/tr\/bilet-satin-al\/powerball\/\"]}]},{\"@type\":\"ImageObject\",\"inLanguage\":\"tr\",\"@id\":\"https:\/\/onlinelotto365.com\/tr\/bilet-satin-al\/powerball\/#primaryimage\",\"url\":\"https:\/\/redfoxlotto.com\/image?size=8&amp;lottery=powerball\",\"contentUrl\":\"https:\/\/redfoxlotto.com\/image?size=8&amp;lottery=powerball\"},{\"@type\":\"BreadcrumbList\",\"@id\":\"https:\/\/onlinelotto365.com\/tr\/bilet-satin-al\/powerball\/#breadcrumb\",\"itemListElement\":[{\"@type\":\"ListItem\",\"position\":1,\"name\":\"Home\",\"item\":\"https:\/\/onlinelotto365.com\/tr\/\"},{\"@type\":\"ListItem\",\"position\":2,\"name\":\"Uluslararasi Loto Etkinlikleri i\u00e7in Online Bilet Servisi\",\"item\":\"https:\/\/onlinelotto365.com\/tr\/bilet-satin-al\/\"},{\"@type\":\"ListItem\",\"position\":3,\"name\":\"T\u00fcrkiye&#8217;den online Powerball bileti nas\u0131l al\u0131n\u0131r\"}]},{\"@type\":\"WebSite\",\"@id\":\"https:\/\/onlinelotto365.com\/tr\/#website\",\"url\":\"https:\/\/onlinelotto365.com\/tr\/\",\"name\":\"OnlineLotto365\",\"description\":\"\",\"potentialAction\":[{\"@type\":\"SearchAction\",\"target\":{\"@type\":\"EntryPoint\",\"urlTemplate\":\"https:\/\/onlinelotto365.com\/tr\/?s={search_term_string}\"},\"query-input\":{\"@type\":\"PropertyValueSpecification\",\"valueRequired\":true,\"valueName\":\"search_term_string\"}}],\"inLanguage\":\"tr\"}]}<\/script>\n<!-- \/ Yoast SEO plugin. -->","yoast_head_json":{"title":"Powerball i\u00e7in T\u00fcrkiye'den online bilet sat\u0131n al\u0131n | Powerball hakk\u0131nda, online bilet nas\u0131l al\u0131n\u0131r","description":"\u00dcnl\u00fc Powerball piyangosu i\u00e7in bilet almak art\u0131k \u00e7ok kolay, T\u00fcrkiye'den ve ba\u015fka yerlerden online al\u0131n","robots":{"index":"index","follow":"follow","max-snippet":"max-snippet:-1","max-image-preview":"max-image-preview:large","max-video-preview":"max-video-preview:-1"},"canonical":"https:\/\/onlinelotto365.com\/tr\/bilet-satin-al\/powerball\/","og_locale":"tr_TR","og_type":"article","og_title":"Powerball i\u00e7in T\u00fcrkiye'den online bilet sat\u0131n al\u0131n | Powerball hakk\u0131nda, online bilet nas\u0131l al\u0131n\u0131r","og_description":"\u00dcnl\u00fc Powerball piyangosu i\u00e7in bilet almak art\u0131k \u00e7ok kolay, T\u00fcrkiye'den ve ba\u015fka yerlerden online al\u0131n","og_url":"https:\/\/onlinelotto365.com\/tr\/bilet-satin-al\/powerball\/","og_site_name":"OnlineLotto365","article_modified_time":"2022-11-10T11:50:17+00:00","og_image":[{"url":"https:\/\/redfoxlotto.com\/image?size=8&amp;lottery=powerball"}],"twitter_card":"summary_large_image","twitter_misc":{"Tahmini okuma s\u00fcresi":"3 dakika"},"schema":{"@context":"https:\/\/schema.org","@graph":[{"@type":"WebPage","@id":"https:\/\/onlinelotto365.com\/tr\/bilet-satin-al\/powerball\/","url":"https:\/\/onlinelotto365.com\/tr\/bilet-satin-al\/powerball\/","name":"Powerball i\u00e7in T\u00fcrkiye'den online bilet sat\u0131n al\u0131n | Powerball hakk\u0131nda, online bilet nas\u0131l al\u0131n\u0131r","isPartOf":{"@id":"https:\/\/onlinelotto365.com\/tr\/#website"},"primaryImageOfPage":{"@id":"https:\/\/onlinelotto365.com\/tr\/bilet-satin-al\/powerball\/#primaryimage"},"image":{"@id":"https:\/\/onlinelotto365.com\/tr\/bilet-satin-al\/powerball\/#primaryimage"},"thumbnailUrl":"https:\/\/redfoxlotto.com\/image?size=8&amp;lottery=powerball","datePublished":"2020-12-17T13:35:49+00:00","dateModified":"2022-11-10T11:50:17+00:00","description":"\u00dcnl\u00fc Powerball piyangosu i\u00e7in bilet almak art\u0131k \u00e7ok kolay, T\u00fcrkiye'den ve ba\u015fka yerlerden online al\u0131n","breadcrumb":{"@id":"https:\/\/onlinelotto365.com\/tr\/bilet-satin-al\/powerball\/#breadcrumb"},"inLanguage":"tr","potentialAction":[{"@type":"ReadAction","target":["https:\/\/onlinelotto365.com\/tr\/bilet-satin-al\/powerball\/"]}]},{"@type":"ImageObject","inLanguage":"tr","@id":"https:\/\/onlinelotto365.com\/tr\/bilet-satin-al\/powerball\/#primaryimage","url":"https:\/\/redfoxlotto.com\/image?size=8&amp;lottery=powerball","contentUrl":"https:\/\/redfoxlotto.com\/image?size=8&amp;lottery=powerball"},{"@type":"BreadcrumbList","@id":"https:\/\/onlinelotto365.com\/tr\/bilet-satin-al\/powerball\/#breadcrumb","itemListElement":[{"@type":"ListItem","position":1,"name":"Home","item":"https:\/\/onlinelotto365.com\/tr\/"},{"@type":"ListItem","position":2,"name":"Uluslararasi Loto Etkinlikleri i\u00e7in Online Bilet Servisi","item":"https:\/\/onlinelotto365.com\/tr\/bilet-satin-al\/"},{"@type":"ListItem","position":3,"name":"T\u00fcrkiye&#8217;den online Powerball bileti nas\u0131l al\u0131n\u0131r"}]},{"@type":"WebSite","@id":"https:\/\/onlinelotto365.com\/tr\/#website","url":"https:\/\/onlinelotto365.com\/tr\/","name":"OnlineLotto365","description":"","potentialAction":[{"@type":"SearchAction","target":{"@type":"EntryPoint","urlTemplate":"https:\/\/onlinelotto365.com\/tr\/?s={search_term_string}"},"query-input":{"@type":"PropertyValueSpecification","valueRequired":true,"valueName":"search_term_string"}}],"inLanguage":"tr"}]}},"_links":{"self":[{"href":"https:\/\/onlinelotto365.com\/tr\/wp-json\/wp\/v2\/pages\/10498","targetHints":{"allow":["GET"]}}],"collection":[{"href":"https:\/\/onlinelotto365.com\/tr\/wp-json\/wp\/v2\/pages"}],"about":[{"href":"https:\/\/onlinelotto365.com\/tr\/wp-json\/wp\/v2\/types\/page"}],"author":[{"embeddable":true,"href":"https:\/\/onlinelotto365.com\/tr\/wp-json\/wp\/v2\/users\/1"}],"replies":[{"embeddable":true,"href":"https:\/\/onlinelotto365.com\/tr\/wp-json\/wp\/v2\/comments?post=10498"}],"version-history":[{"count":0,"href":"https:\/\/onlinelotto365.com\/tr\/wp-json\/wp\/v2\/pages\/10498\/revisions"}],"up":[{"embeddable":true,"href":"https:\/\/onlinelotto365.com\/tr\/wp-json\/wp\/v2\/pages\/5682"}],"wp:attachment":[{"href":"https:\/\/onlinelotto365.com\/tr\/wp-json\/wp\/v2\/media?parent=10498"}],"curies":[{"name":"wp","href":"https:\/\/api.w.org\/{rel}","templated":true}]}}