{"id":10500,"date":"2020-12-17T14:36:56","date_gmt":"2020-12-17T13:36:56","guid":{"rendered":"http:\/\/onlinelotto365.net\/?page_id=10500"},"modified":"2021-03-07T12:01:42","modified_gmt":"2021-03-07T11:01:42","slug":"mega-millions","status":"publish","type":"page","link":"https:\/\/onlinelotto365.com\/tr\/bilet-satin-al\/mega-millions\/","title":{"rendered":"Mega Millions Online Loto"},"content":{"rendered":"<h2>Kimse &#8220;Hi\u00e7bir seye&#8221; Mega Millions Demez<\/h2>\n<p>Mega Millions benzeri U.S. lotosu Powerball&#8217;dan daha az bir ikramiyeyle baslamis olabilir, ancak bu oyunla birlikte ikramiye y\u00fckselisi devam ettirerek inanilmaz boyutlara ulasabilir ve d\u00fcnyanin diger b\u00fcy\u00fck lotolariyla rahatlikla bas edebilir.<\/p>\n<p>Aslina bakarsaniz Mega Millions Mart 2012&#8217;den beri ABD&#8217;nin ikramiye rekorunu elinde bulunduruyor, \u00fc\u00e7 son derece sansli kazanan tam 656 milyon $ degerindeki ikramiyeyi b\u00f6l\u00fcst\u00fcler. Mega Millions ABD tarihinin en b\u00fcy\u00fck \u00fc\u00e7 ikramiyesini dagitti ve ikramiye d\u00fcnyadaki diger piyangolara g\u00f6re \u00e7ok hizli b\u00fcy\u00fcmektedir.<\/p>\n<p><a href=\"https:\/\/redfoxlotto.com\/play\/mega-millions\/?ref=a8564250a2&amp;medium=ol365\" target=\"_blank\" rel=\"noopener noreferrer\"><img decoding=\"async\" class=\"aligncenter\" src=\"https:\/\/redfoxlotto.com\/image?size=8&amp;lottery=mega-millions\" alt=\"mega millions\" \/><\/a><\/p>\n<h2>Mega Millions hakk\u0131nda daha fazla bilgi<\/h2>\n<ul>\n<li>\u00c7ekili\u015f nerede yap\u0131l\u0131r: ABD<\/li>\n<li>Se\u00e7ilecek ka\u00e7 ana numara: 70<\/li>\n<li>Se\u00e7melisiniz: 5<\/li>\n<li>Ekstra ka\u00e7 numara se\u00e7ilebilir: 25<\/li>\n<li>Se\u00e7melisiniz: 1<\/li>\n<li>\u00c7ekili\u015f g\u00fcnleri, saatleri: Sal\u0131, Cuma, 21:00 EST, +1 g\u00fcn 3:00 CET<\/li>\n<li>Minimum ikramiye: 40 milyon dolar<\/li>\n<li>Maksimum Jackpot miktar\u0131: yok<\/li>\n<li>B\u00fcy\u00fck ikramiye kazanmak i\u00e7in olas\u0131 say\u0131 kombinasyonu: 175.711.536&#8217;da 1<\/li>\n<li>A\u015fama 2 galibiyeti i\u00e7in olas\u0131 say\u0131 kombinasyonu: 3.819.816&#8217;da 1<\/li>\n<li>Herhangi bir kademede kazanma olas\u0131l\u0131\u011f\u0131: 24,12&#8217;de 1<\/li>\n<li>Ka\u00e7 \u00f6d\u00fcl seviyesi: 9<\/li>\n<\/ul>\n<h2>Mega Millions Formati<\/h2>\n<p>Mega Millions her hafta Sali ve Cuma g\u00fcnleri olmak \u00fczere iki kez \u00e7ekilis yapiyor. Powerball&#8217;la benzer olarak, oyuncular 5 numara se\u00e7iyor, ayrica Powerball Piyangosunda oldugu gibi 59 top degil 56 top bulunuyor ve bu durum dogru sayilari yakalama sansinizi y\u00fckseltiyor.<\/p>\n<p>Ayrica \u00e7ekiliste 46 sayi i\u00e7inden se\u00e7tiginiz Mega Top denilen ek bir top bulunuyor, Eger 5 normal sayinizla birlikte bu Mega Topu da yakalayabilirseniz, Mega Millions&#8217;in sundugu en b\u00fcy\u00fck ikramiyeyi kazanabilirsiniz.<\/p>\n<p>T\u00fcm diger piyangolar gibi, eger herhangi bir kazanan \u00e7ikmazsa, ikramiye birisi kazanana kadar artar ve artar. Yani bu durum heyecani gitgide arttirmaktadir, piyango degerini giderek arttirmak demek ikramiyeyi arttirmak demektir. Bilet satin almak i\u00e7in \u00f6deyeceginiz miktar ayni kalirken kazanacaginiz miktar s\u00fcrekli artmaktadir, itiraf edin ki bu sizin i\u00e7in en iyi anlasmadir.<\/p>\n<p>Bu neden insanlarin ikramiye b\u00fcy\u00fcd\u00fck\u00e7e daha fazla oynadiklarinin sebeplerinden sadece biridir. Bir baska sebep ise, daha y\u00fcksek meblaglar i\u00e7in oynamak her zaman daha heyecan verici olmustur. Mega Millions ve Powerball gibi piyangolar, en k\u00fc\u00e7\u00fck ikramiyelerini bile devasa hale getiriyorlar ki, oyuncular her hafta yeniden oynamak i\u00e7in sabirsizlaniyorlar.<\/p>\n<h2>Simdi Mega Millions Loto Biletinizi \u00c7evrimi\u00e7i Satin Alabilirsiniz<\/h2>\n<p><img loading=\"lazy\" decoding=\"async\" class=\" wp-image-1785 alignright\" src=\"https:\/\/onlinelotto365.com\/wp-content\/uploads\/2020\/11\/online_lottery-159-300x300.jpg\" alt=\"Mega Millions \u00e7evrimi\u00e7i bilet sat\u0131n al\u0131n\" width=\"204\" height=\"204\" \/><\/p>\n<p>Mega Millions \u00e7ekilisi i\u00e7in bilet alabileceginiz \u00e7ok girisim yoktu. Internetin akil almaz kolayligi sayesinde, Mega Millions \u00e7ekilisi i\u00e7in istediginiz zaman evinizdeki bilgisayarinizin basinda dilediginiz kadar \u00e7ok bilet satin alabilirsiniz.<\/p>\n<p>Amerika&#8217;da yasamaniza gerek yok, d\u00fcnyanin neresinde yasiyor olursaniz olun, bu harika servis sayesinde ka\u00e7irilmayacak bu firsata d\u00e2hil olabilirsiniz. Oyuncularin sadece kendi \u00fclkelerinde oynadiklari zamanlarin \u00fczerinden yillar ge\u00e7ti ve internetle birlikte bu b\u00fcy\u00fck d\u00fcnyanin kapilari bizlere a\u00e7ildi, s\u00fcphesiz ki artik bu d\u00fcs\u00fcncenin zamani \u00e7oktan gelmisti.<\/p>\n<p>RedFoxLotto, ayrica, bize sadece Mega Millions i\u00e7in degil d\u00fcnyanin her yerindeki heyecan verici diger \u00e7ekilisler i\u00e7inde biletlerimizi \u00e7evrimi\u00e7i satin alma imk\u00e2ni sunuyor. Tek yapmaniz gereken kendinize \u00fccretsiz bir RedFoxLotto hesabi a\u00e7maniz, hangi piyangoyu oynayacaginizi se\u00e7meniz, numaralarinizi belirlemeniz ya da bu se\u00e7imi bilgisayara birakmaniz, biletinizin \u00f6demesini size sunulan bir\u00e7ok se\u00e7enekten biriyle yapmaniz ve hepsi bu, artik oyundasiniz!<\/p>\n<h2>RedFoxLotto Her Adimda Sizinle Ilgilenir<\/h2>\n<p>Piyango ya da piyangolar i\u00e7in biletinizi satin aldiktan sonra, RedFoxLotto devreye girer ve \u00fczerinde sizin adiniz yazan bileti sizin i\u00e7in satin alir, sizin i\u00e7in \u00e7ekilise kadar onu saklar, bir \u00e7iktisini kaydedebilmeniz i\u00e7in mail yoluyla size g\u00f6nderir.<\/p>\n<p>Hatta \u00e7ekilisi izlemek ya da numaralari takip etmek zorunda degilsiniz, RedFoxLotto bunu da sizin i\u00e7in yapiyor. Elbette kendi numaralarinizi kontrol etmek ayri bir keyiftir, ancak bunu yapmak istemiyorsaniz mecbur degilsiniz, onlar sizin i\u00e7in bu kontrol\u00fc yapar ve ne kadar kazandiginizi size bildirirler.<\/p>\n<p>Eger kazandiysaniz RedFoxLotto paranizi \u00e7ekmeniz i\u00e7in de size yardimci olur. Eger kazandiginiz meblag k\u00fc\u00e7\u00fckse yapmak istemiyorsaniz hi\u00e7bir sey yapmaniza gerek yok, sizin i\u00e7in kazandiginiz miktari direkt olarak hesabiniza yansitirlar. Daha b\u00fcy\u00fck \u00f6d\u00fcller i\u00e7in, islemleri tamamlamaniz i\u00e7in size yardim ederler, milyonlarinizi toplamak i\u00e7in bazi k\u00fc\u00e7\u00fck islemler yapmaniz gerekmektedir, eminim ki bu islemleri yaparken sikilmayacaksiniz.<\/p>\n<h2>B\u00fcy\u00fck Bir Mega Millions Kazanani Olacak Misiniz?<\/h2>\n<p>Emin olmak i\u00e7in sadece tek yok var, o da Mega Millions&#8217;ta \u00e7evrimi\u00e7i oyun oynamaktir, ya da hangi b\u00fcy\u00fck \u00e7elisi istiyorsaniz onda oynamak. Kazanmaniz i\u00e7in tek neden oyunu oynamis olmanizdir. Eger oynamazsaniz, emin olabilirsiniz ki kazanamayacaksaniz. Ancak oynarsaniz, kazanmayacaginizi kim bilebilir?<\/p>\n<p>Eger Mega Millions&#8217;ta daha \u00f6nce oynamamissaniz, bu kadar zaman boyunca oynamis olsaydiniz ne kadar kazanmis olabileceginizi kim bilebilir? T\u00fcm bu meraki sonlandirma zamani artik geldi. Artik top sizin elinizde ve \u00e7evrimi\u00e7i loto bileti almaniz olduk\u00e7a kolaylasti, bu kadar insanin bu konuda neden heyecanlandigini \u00f6grenebileceksiniz.<\/p>\n","protected":false},"excerpt":{"rendered":"<p>Kimse &#8220;Hi\u00e7bir seye&#8221; Mega Millions Demez Mega Millions benzeri U.S. lotosu Powerball&#8217;dan daha az bir ikramiyeyle baslamis olabilir, ancak bu oyunla birlikte ikramiye y\u00fckselisi devam ettirerek inanilmaz boyutlara ulasabilir ve d\u00fcnyanin diger b\u00fcy\u00fck lotolariyla rahatlikla bas edebilir. Aslina bakarsaniz Mega Millions Mart 2012&#8217;den beri ABD&#8217;nin ikramiye rekorunu elinde bulunduruyor, \u00fc\u00e7 son derece sansli kazanan tam [&hellip;]<\/p>\n","protected":false},"author":1,"featured_media":0,"parent":5682,"menu_order":2,"comment_status":"closed","ping_status":"closed","template":"megamillion-info.php","meta":{"_et_pb_use_builder":"","_et_pb_old_content":"","_et_gb_content_width":"","exclude_from_search":false,"footnotes":""},"class_list":["post-10500","page","type-page","status-publish","hentry"],"yoast_head":"<!-- This site is optimized with the Yoast SEO plugin v23.4 - https:\/\/yoast.com\/wordpress\/plugins\/seo\/ -->\n<title>Mega Millions Online Loto | Mega Millions i\u00e7in simdi bir bilet alin<\/title>\n<meta name=\"description\" content=\"Mega Millions Loto \u015fimdi T\u00fcrkiye&#039;de ikamet edenler i\u00e7in haz\u0131r - yasal Mega Millions biletlerini buradan sat\u0131n al\u0131n\" \/>\n<meta name=\"robots\" content=\"index, follow, max-snippet:-1, max-image-preview:large, max-video-preview:-1\" \/>\n<link rel=\"canonical\" href=\"https:\/\/onlinelotto365.com\/tr\/bilet-satin-al\/mega-millions\/\" \/>\n<meta property=\"og:locale\" content=\"tr_TR\" \/>\n<meta property=\"og:type\" content=\"article\" \/>\n<meta property=\"og:title\" content=\"Mega Millions Online Loto | Mega Millions i\u00e7in simdi bir bilet alin\" \/>\n<meta property=\"og:description\" content=\"Mega Millions Loto \u015fimdi T\u00fcrkiye&#039;de ikamet edenler i\u00e7in haz\u0131r - yasal Mega Millions biletlerini buradan sat\u0131n al\u0131n\" \/>\n<meta property=\"og:url\" content=\"https:\/\/onlinelotto365.com\/tr\/bilet-satin-al\/mega-millions\/\" \/>\n<meta property=\"og:site_name\" content=\"OnlineLotto365\" \/>\n<meta property=\"article:modified_time\" content=\"2021-03-07T11:01:42+00:00\" \/>\n<meta property=\"og:image\" content=\"https:\/\/redfoxlotto.com\/image?size=8&amp;lottery=mega-millions\" \/>\n<meta name=\"twitter:card\" content=\"summary_large_image\" \/>\n<meta name=\"twitter:label1\" content=\"Tahmini okuma s\u00fcresi\" \/>\n\t<meta name=\"twitter:data1\" content=\"4 dakika\" \/>\n<script type=\"application\/ld+json\" class=\"yoast-schema-graph\">{\"@context\":\"https:\/\/schema.org\",\"@graph\":[{\"@type\":\"WebPage\",\"@id\":\"https:\/\/onlinelotto365.com\/tr\/bilet-satin-al\/mega-millions\/\",\"url\":\"https:\/\/onlinelotto365.com\/tr\/bilet-satin-al\/mega-millions\/\",\"name\":\"Mega Millions Online Loto | Mega Millions i\u00e7in simdi bir bilet alin\",\"isPartOf\":{\"@id\":\"https:\/\/onlinelotto365.com\/tr\/#website\"},\"primaryImageOfPage\":{\"@id\":\"https:\/\/onlinelotto365.com\/tr\/bilet-satin-al\/mega-millions\/#primaryimage\"},\"image\":{\"@id\":\"https:\/\/onlinelotto365.com\/tr\/bilet-satin-al\/mega-millions\/#primaryimage\"},\"thumbnailUrl\":\"https:\/\/redfoxlotto.com\/image?size=8&amp;lottery=mega-millions\",\"datePublished\":\"2020-12-17T13:36:56+00:00\",\"dateModified\":\"2021-03-07T11:01:42+00:00\",\"description\":\"Mega Millions Loto \u015fimdi T\u00fcrkiye'de ikamet edenler i\u00e7in haz\u0131r - yasal Mega Millions biletlerini buradan sat\u0131n al\u0131n\",\"breadcrumb\":{\"@id\":\"https:\/\/onlinelotto365.com\/tr\/bilet-satin-al\/mega-millions\/#breadcrumb\"},\"inLanguage\":\"tr\",\"potentialAction\":[{\"@type\":\"ReadAction\",\"target\":[\"https:\/\/onlinelotto365.com\/tr\/bilet-satin-al\/mega-millions\/\"]}]},{\"@type\":\"ImageObject\",\"inLanguage\":\"tr\",\"@id\":\"https:\/\/onlinelotto365.com\/tr\/bilet-satin-al\/mega-millions\/#primaryimage\",\"url\":\"https:\/\/redfoxlotto.com\/image?size=8&amp;lottery=mega-millions\",\"contentUrl\":\"https:\/\/redfoxlotto.com\/image?size=8&amp;lottery=mega-millions\"},{\"@type\":\"BreadcrumbList\",\"@id\":\"https:\/\/onlinelotto365.com\/tr\/bilet-satin-al\/mega-millions\/#breadcrumb\",\"itemListElement\":[{\"@type\":\"ListItem\",\"position\":1,\"name\":\"Home\",\"item\":\"https:\/\/onlinelotto365.com\/tr\/\"},{\"@type\":\"ListItem\",\"position\":2,\"name\":\"Uluslararasi Loto Etkinlikleri i\u00e7in Online Bilet Servisi\",\"item\":\"https:\/\/onlinelotto365.com\/tr\/bilet-satin-al\/\"},{\"@type\":\"ListItem\",\"position\":3,\"name\":\"Mega Millions Online Loto\"}]},{\"@type\":\"WebSite\",\"@id\":\"https:\/\/onlinelotto365.com\/tr\/#website\",\"url\":\"https:\/\/onlinelotto365.com\/tr\/\",\"name\":\"OnlineLotto365\",\"description\":\"\",\"potentialAction\":[{\"@type\":\"SearchAction\",\"target\":{\"@type\":\"EntryPoint\",\"urlTemplate\":\"https:\/\/onlinelotto365.com\/tr\/?s={search_term_string}\"},\"query-input\":{\"@type\":\"PropertyValueSpecification\",\"valueRequired\":true,\"valueName\":\"search_term_string\"}}],\"inLanguage\":\"tr\"}]}<\/script>\n<!-- \/ Yoast SEO plugin. -->","yoast_head_json":{"title":"Mega Millions Online Loto | Mega Millions i\u00e7in simdi bir bilet alin","description":"Mega Millions Loto \u015fimdi T\u00fcrkiye'de ikamet edenler i\u00e7in haz\u0131r - yasal Mega Millions biletlerini buradan sat\u0131n al\u0131n","robots":{"index":"index","follow":"follow","max-snippet":"max-snippet:-1","max-image-preview":"max-image-preview:large","max-video-preview":"max-video-preview:-1"},"canonical":"https:\/\/onlinelotto365.com\/tr\/bilet-satin-al\/mega-millions\/","og_locale":"tr_TR","og_type":"article","og_title":"Mega Millions Online Loto | Mega Millions i\u00e7in simdi bir bilet alin","og_description":"Mega Millions Loto \u015fimdi T\u00fcrkiye'de ikamet edenler i\u00e7in haz\u0131r - yasal Mega Millions biletlerini buradan sat\u0131n al\u0131n","og_url":"https:\/\/onlinelotto365.com\/tr\/bilet-satin-al\/mega-millions\/","og_site_name":"OnlineLotto365","article_modified_time":"2021-03-07T11:01:42+00:00","og_image":[{"url":"https:\/\/redfoxlotto.com\/image?size=8&amp;lottery=mega-millions"}],"twitter_card":"summary_large_image","twitter_misc":{"Tahmini okuma s\u00fcresi":"4 dakika"},"schema":{"@context":"https:\/\/schema.org","@graph":[{"@type":"WebPage","@id":"https:\/\/onlinelotto365.com\/tr\/bilet-satin-al\/mega-millions\/","url":"https:\/\/onlinelotto365.com\/tr\/bilet-satin-al\/mega-millions\/","name":"Mega Millions Online Loto | Mega Millions i\u00e7in simdi bir bilet alin","isPartOf":{"@id":"https:\/\/onlinelotto365.com\/tr\/#website"},"primaryImageOfPage":{"@id":"https:\/\/onlinelotto365.com\/tr\/bilet-satin-al\/mega-millions\/#primaryimage"},"image":{"@id":"https:\/\/onlinelotto365.com\/tr\/bilet-satin-al\/mega-millions\/#primaryimage"},"thumbnailUrl":"https:\/\/redfoxlotto.com\/image?size=8&amp;lottery=mega-millions","datePublished":"2020-12-17T13:36:56+00:00","dateModified":"2021-03-07T11:01:42+00:00","description":"Mega Millions Loto \u015fimdi T\u00fcrkiye'de ikamet edenler i\u00e7in haz\u0131r - yasal Mega Millions biletlerini buradan sat\u0131n al\u0131n","breadcrumb":{"@id":"https:\/\/onlinelotto365.com\/tr\/bilet-satin-al\/mega-millions\/#breadcrumb"},"inLanguage":"tr","potentialAction":[{"@type":"ReadAction","target":["https:\/\/onlinelotto365.com\/tr\/bilet-satin-al\/mega-millions\/"]}]},{"@type":"ImageObject","inLanguage":"tr","@id":"https:\/\/onlinelotto365.com\/tr\/bilet-satin-al\/mega-millions\/#primaryimage","url":"https:\/\/redfoxlotto.com\/image?size=8&amp;lottery=mega-millions","contentUrl":"https:\/\/redfoxlotto.com\/image?size=8&amp;lottery=mega-millions"},{"@type":"BreadcrumbList","@id":"https:\/\/onlinelotto365.com\/tr\/bilet-satin-al\/mega-millions\/#breadcrumb","itemListElement":[{"@type":"ListItem","position":1,"name":"Home","item":"https:\/\/onlinelotto365.com\/tr\/"},{"@type":"ListItem","position":2,"name":"Uluslararasi Loto Etkinlikleri i\u00e7in Online Bilet Servisi","item":"https:\/\/onlinelotto365.com\/tr\/bilet-satin-al\/"},{"@type":"ListItem","position":3,"name":"Mega Millions Online Loto"}]},{"@type":"WebSite","@id":"https:\/\/onlinelotto365.com\/tr\/#website","url":"https:\/\/onlinelotto365.com\/tr\/","name":"OnlineLotto365","description":"","potentialAction":[{"@type":"SearchAction","target":{"@type":"EntryPoint","urlTemplate":"https:\/\/onlinelotto365.com\/tr\/?s={search_term_string}"},"query-input":{"@type":"PropertyValueSpecification","valueRequired":true,"valueName":"search_term_string"}}],"inLanguage":"tr"}]}},"_links":{"self":[{"href":"https:\/\/onlinelotto365.com\/tr\/wp-json\/wp\/v2\/pages\/10500","targetHints":{"allow":["GET"]}}],"collection":[{"href":"https:\/\/onlinelotto365.com\/tr\/wp-json\/wp\/v2\/pages"}],"about":[{"href":"https:\/\/onlinelotto365.com\/tr\/wp-json\/wp\/v2\/types\/page"}],"author":[{"embeddable":true,"href":"https:\/\/onlinelotto365.com\/tr\/wp-json\/wp\/v2\/users\/1"}],"replies":[{"embeddable":true,"href":"https:\/\/onlinelotto365.com\/tr\/wp-json\/wp\/v2\/comments?post=10500"}],"version-history":[{"count":0,"href":"https:\/\/onlinelotto365.com\/tr\/wp-json\/wp\/v2\/pages\/10500\/revisions"}],"up":[{"embeddable":true,"href":"https:\/\/onlinelotto365.com\/tr\/wp-json\/wp\/v2\/pages\/5682"}],"wp:attachment":[{"href":"https:\/\/onlinelotto365.com\/tr\/wp-json\/wp\/v2\/media?parent=10500"}],"curies":[{"name":"wp","href":"https:\/\/api.w.org\/{rel}","templated":true}]}}