{"id":4490,"date":"2020-11-30T12:01:06","date_gmt":"2020-11-30T11:01:06","guid":{"rendered":"http:\/\/onlinelotto365.net\/onlinelotto365e-hos-geldiniz"},"modified":"2023-10-04T09:21:52","modified_gmt":"2023-10-04T08:21:52","slug":"home","status":"publish","type":"page","link":"https:\/\/onlinelotto365.com\/tr\/","title":{"rendered":"OnlineLotto365&#8217;e Ho\u015f Geldiniz!"},"content":{"rendered":"<p>Yak\u0131n zamana kadar, biz loto hayranlar\u0131 sadece kendi \u00fclkemizde veya b\u00f6lgemizde piyango oynamak zorundayd\u0131k. Ba\u015fka \u00fclkelerdeki, onlarca, hatta y\u00fcz milyonlarca dolar veya Euro de\u011ferindeki heyecan verici b\u00fcy\u00fck ikramiyeleri duyard\u0131k ve tek yapabildi\u011fimiz bu devasa piyangolar i\u00e7in bilet alabilece\u011fimiz yerlerde ya\u015famay\u0131 dilemekti.<\/p>\n<p>Sizin de en az benim kadar b\u00fcy\u00fck aksiyonlara kat\u0131labilmeyi diledi\u011finizi \u00e7ok iyi biliyorum. Kazanmay\u0131 b\u0131rak\u0131n oynayamad\u0131k bile.<br \/>\n<a href=\"https:\/\/redfoxlotto.com\/tr\/?ref=a8564250a2&amp;medium=ol365\" target=\"_blank\" rel=\"noopener noreferrer\"><img loading=\"lazy\" decoding=\"async\" class=\"aligncenter\" src=\"https:\/\/redfoxlotto.com\/image?size=8&amp;lottery=mega-millions\" alt=\"Mega Millions\" width=\"728\" height=\"90\" \/><\/a><br \/>\nArt\u0131k bu durum tamamen de\u011fi\u015fmek \u00fczere. \u015eimdi, yeni \u00e7evrimi\u00e7i loto bileti hizmetimiz sayesinde, piyangonun \u00e7ekildi\u011fi \u00fclkede ya\u015fay\u0131p ya\u015famaman\u0131z kesinlikle hi\u00e7 fark etmiyor.<\/p>\n<h2>Hemen \u00e7evrimi\u00e7i loto bileti sipari\u015f edin<\/h2>\n<p>Art\u0131k hi\u00e7bir \u015fey eskisi gibi de\u011fil ve bildi\u011finiz gibi internet, her \u015feyin \u00e7evrimi\u00e7i olarak eri\u015filebilir oldu\u011fu t\u00fcm d\u00fcnyan\u0131n kap\u0131lar\u0131n\u0131 bizlere a\u00e7t\u0131. \u00d6yleyse neden hala t\u00fcm b\u00fcy\u00fck loto ikramiyelerine eri\u015fmeyesiniz? Bu, kesinlikle sorulmas\u0131 gereken bir soru ve art\u0131k cevap i\u00e7in bekleme sona erdi.<\/p>\n<p>T\u00fcm \u00e7ekili\u015flere \u00e7evrimi\u00e7i eri\u015fimi m\u00fcmk\u00fcn oldu\u011funca kolayla\u015ft\u0131rd\u0131k. Tek yapman\u0131z gereken, \u00e7ok say\u0131da b\u00fcy\u00fck ikramiyeye an\u0131nda eri\u015fim sa\u011flamak i\u00e7in piyangolardan birine t\u0131klamak. Daha sonra tek yapaca\u011f\u0131n\u0131z, size verilen basit talimatlar\u0131 takip etmek, numaralar\u0131n\u0131z\u0131 se\u00e7mek ve biletinizi sat\u0131n almak.<\/p>\n<h2>\u00c7evrimi\u00e7i loto i\u00e7in g\u00fcvenli \u00f6deme<\/h2>\n<p><img loading=\"lazy\" decoding=\"async\" class=\" wp-image-1840 alignright\" src=\"https:\/\/onlinelotto365.com\/wp-content\/uploads\/2023\/10\/online_lottery-164-300x250-1.jpg\" alt=\"\u00e7evrimi\u00e7i loto hizmeti\" width=\"250\" height=\"200\" \/><br \/>\nBu harika yeni hizmet, %100 g\u00fcvenli, son teknoloji \u00fcr\u00fcn\u00fc bir \u00f6deme i\u015flemcisi arac\u0131l\u0131\u011f\u0131yla pek \u00e7ok uygun \u00e7evrimi\u00e7i \u00f6deme se\u00e7ene\u011fi sunmaktad\u0131r. Biletlerinizi sat\u0131n ald\u0131\u011f\u0131n\u0131zda, size bir onay e-postas\u0131 g\u00f6nderecekler ve biletinizi an\u0131nda m\u00fc\u015fteri hesab\u0131n\u0131zda g\u00f6receksiniz. Ayr\u0131ca, piyangonun \u00e7ekildi\u011fi \u00fclkede ya\u015famad\u0131\u011f\u0131n\u0131z i\u00e7in kazan\u00e7lar\u0131n\u0131z\u0131 almak i\u00e7in de \u00fccretsiz yard\u0131m sa\u011flayaca\u011f\u0131z. M\u00fc\u015fterilerimiz i\u00e7in her detay\u0131 ince eleyip s\u0131k dokudu\u011fumuzdan burada hi\u00e7bir \u015fey i\u00e7in endi\u015felenmemize gerek yok.<\/p>\n<h2>Daha b\u00fcy\u00fck ikramiyeler, daha y\u00fcksek kazanma \u015fans\u0131<\/h2>\n<p>B\u00fcy\u00fck ikramiyeler y\u00fckseldi\u011finde piyango oynaman\u0131n de\u011ferinin de artt\u0131\u011f\u0131 bir s\u0131r de\u011fil. Dolay\u0131s\u0131yla, \u00fclkemizdeki lotonun b\u00fcy\u00fck ikramiyesinin y\u00fckselmesini beklemek zorunda kal\u0131rsan\u0131z, muhtemelen uzun bir s\u00fcre bekleyeceksiniz demektir. Elbette, daha k\u00fc\u00e7\u00fck ikramiyeleri oynamak hala \u00e7ok e\u011flenceli, ancak b\u00fcy\u00fck olanlar\u0131 \u00e7evrimi\u00e7i oynamak gibisi kesinlikle yoktur. Ba\u015fkalar\u0131n\u0131n bol keseden harcad\u0131\u011f\u0131n\u0131 g\u00f6rd\u00fc\u011f\u00fcm\u00fcz o b\u00fcy\u00fck \u00f6d\u00fcllerden birini kazand\u0131\u011f\u0131m\u0131z\u0131 hayal etmek sadece \u00e7ok daha e\u011flenceli de\u011fil, ayn\u0131 zamanda b\u00fcy\u00fck ikramiyeleri kazanma \u015fans\u0131m\u0131z da daha y\u00fcksek.<\/p>\n<p>ABD&#8217;nin Powerball ve Mega Millions&#8217;\u0131, \u0130spanya&#8217;n\u0131n El Gordo&#8217;su, \u0130talya&#8217;n\u0131n Superenalotto&#8217;su, EuroMillions, Eurojackpot, \u0130ngiliz Piyangosu, \u00e7e\u015fitli Avustralya piyangolar\u0131 ve \u00e7ok daha fazlas\u0131 dahil olmak \u00fczere piyasadaki t\u00fcm b\u00fcy\u00fck \u00e7ekili\u015flere art\u0131k eri\u015febilirsiniz.<\/p>\n<p>Sadece s\u0131radan bir loto hayran\u0131 olsan\u0131z bile, bu harika \u00e7evrimi\u00e7i hizmet arac\u0131l\u0131\u011f\u0131yla ufkunuzu t\u00fcm d\u00fcnyay\u0131 kapsayacak \u015fekilde geni\u015fletebilirken, neden kendinizi bir stantta bilet sat\u0131n almakla s\u0131n\u0131rlayas\u0131n\u0131z ki? Tekrarl\u0131yorum, t\u00fcm bunlar\u0131 bir \u00fccret kar\u015f\u0131l\u0131\u011f\u0131nda bize sa\u011fl\u0131yorlar, ancak kazanc\u0131m\u0131zdan da hi\u00e7bir kesinti yapm\u0131yorlar.<\/p>\n<h2>Tarihteki en b\u00fcy\u00fck \u00f6d\u00fcller<\/h2>\n<p><img loading=\"lazy\" decoding=\"async\" class=\" wp-image-1840 alignright\" src=\"https:\/\/onlinelotto365.com\/wp-content\/uploads\/2021\/02\/international-lottery.jpg\" alt=\"uluslararas\u0131 piyangolar\" width=\"250\" height=\"200\" \/><br \/>\n\u0130\u015fte son birka\u00e7 y\u0131lda kazan\u0131lan en b\u00fcy\u00fck ikramiyelerin listesi. Bunlar\u0131n hepsinin ABD&#8217;de ger\u00e7ekle\u015fmesi hi\u00e7 de \u015fa\u015f\u0131rt\u0131c\u0131 de\u011fil. Powerball ve Mega Millions gibi b\u00fcy\u00fck ABD piyangolar\u0131 d\u00fczenli olarak b\u00fcy\u00fck \u00f6demeler yap\u0131yor. Bu nedenle, \u00e7evrimi\u00e7i sat\u0131n al\u0131mlar\u0131n \u00e7o\u011funun Powerball ve Mega Millions biletleri i\u00e7in yap\u0131lmas\u0131 da \u015fa\u015f\u0131rt\u0131c\u0131 de\u011fil.<\/p>\n<ul>\n<li>1 milyar 568 milyon dolar, Powerball b\u00fcy\u00fck ikramiyesi 13 Ocak 2016 tarihinde kazan\u0131ld\u0131. Bu b\u00fcy\u00fck ikramiye \u00fc\u00e7 kazanan aras\u0131nda b\u00f6l\u00fc\u015f\u00fcld\u00fc.<\/li>\n<li>1 milyar 537 milyon dolar, Mega Millions b\u00fcy\u00fck ikramiyesi 23 Ekim 2018 tarihinde bir ki\u015fi taraf\u0131ndan kazan\u0131ld\u0131.<\/li>\n<li>1 milyar dolar, Mega Millions b\u00fcy\u00fck ikramiyesi 22 Ocak 2021 tarihinde bir ki\u015fi taraf\u0131ndan kazan\u0131ld\u0131.<\/li>\n<li>768 milyon dolar, 27 Mart 2019&#8217;da Powerball&#8217;da kazan\u0131ld\u0131.<\/li>\n<li>758 milyon dolar, A\u011fustos 2017&#8217;de Powerball&#8217;da bir ki\u015fi taraf\u0131ndan kazan\u0131ld\u0131.<\/li>\n<li>730 milyon dolar, 20 ocak 2021 tarihinde Powerball&#8217;da bir ki\u015fi taraf\u0131ndan kazan\u0131ld\u0131.<\/li>\n<li>687 milyon dolar, 27 Ekim 2018 tarihli Powerball b\u00fcy\u00fck ikramiyesi iki kazanan aras\u0131nda b\u00f6l\u00fc\u015f\u00fcld\u00fc.<\/li>\n<li>656 milyon dolar, 2016 Mart&#8217;\u0131ndaki Mega Millions b\u00fcy\u00fck ikramiyesi \u00fc\u00e7 kazanan aras\u0131nda b\u00f6l\u00fc\u015f\u00fcld\u00fc.<\/li>\n<\/ul>\n<p>Art\u0131k sizin de bu piyangolardan birinde kazanma \u015fans\u0131n\u0131z var. D\u00fcnyan\u0131n sundu\u011fu en iyi nimetlerden yararlanmaya haz\u0131rlan\u0131n ve daha da \u00f6nemlisi, \u00e7evrimi\u00e7i servet kazanma \u015fans\u0131n\u0131z\u0131 b\u00fcy\u00fck \u00f6l\u00e7\u00fcde art\u0131r\u0131n!<\/p>\n<h2>Lotonun evrimi<\/h2>\n<p>Tarihsel olarak, ilk piyangolar\u0131n \u00c7in&#8217;de \u00e7ekildi\u011fi tahmin ediliyor ve o zamanlar bile bu piyangolar \u00e7o\u011funlukla kamu projelerini finanse etme amac\u0131 hizmet etmekteydi. \u00c7in Seddi bile bu projelerden biri olabilir. Y\u00fczy\u0131llar boyunca, piyangolar \u00e7o\u011funlukla para toplamak i\u00e7in devletler ve h\u00fck\u00fcmetler taraf\u0131ndan desteklendi ve \u00e7ekildi.<\/p>\n<h2>Modern zamanlarda piyango<\/h2>\n<p>\u0130nternet \u00e7o\u011fumuz i\u00e7in i\u015fleri \u00e7ok kolayla\u015ft\u0131rd\u0131\u011f\u0131ndan, ulusal piyangolar\u0131n \u00e7o\u011fu da \u00e7evrimi\u00e7i bilet sat\u0131n alma se\u00e7ene\u011fi sunmaya ba\u015flad\u0131. Ancak, ulusal piyangolar\u0131n web siteleri \u00fczerinden \u00e7evrimi\u00e7i loto bileti sat\u0131n almak, o piyangonun \u00e7ekildi\u011fi \u00fclkede ya\u015fayan oyuncularla s\u0131n\u0131rl\u0131yd\u0131. Bu k\u0131s\u0131tlama, piyangonun geli\u015fimindeki bir sonraki ad\u0131mda kald\u0131r\u0131ld\u0131.<\/p>\n<h2>Daha fazla piyango se\u00e7ene\u011fi size daha iyi oranlar sunar<\/h2>\n<p>Loto hayranlar\u0131n\u0131n di\u011fer \u00fclkelerdeki piyangolara da kat\u0131lmas\u0131n\u0131 sa\u011flayan bizimki gibi \u00e7evrimi\u00e7i hizmet fikri, geli\u015fim s\u00fcrecinde at\u0131lacak bir sonraki mant\u0131kl\u0131 ad\u0131md\u0131. Art\u0131k loto oyuncular\u0131 bir dizi piyango aras\u0131ndan se\u00e7im yapabilmekteler. Mevcut en y\u00fcksek ikramiyeyi hedefleyerek, kazanma beklentilerini \u00f6nemli \u00f6l\u00e7\u00fcde art\u0131rabilirler. Mega Millions, Powerball ve Euromillions gibi piyangolar i\u00e7in, d\u00fcnyan\u0131n her yerinden oyuncular taraf\u0131ndan \u00e7evrimi\u00e7i olarak sat\u0131n al\u0131nan piyango bileti say\u0131s\u0131 her ay art\u0131yor.<\/p>\n","protected":false},"excerpt":{"rendered":"<p>Yak\u0131n zamana kadar, biz loto hayranlar\u0131 sadece kendi \u00fclkemizde veya b\u00f6lgemizde piyango oynamak zorundayd\u0131k. Ba\u015fka \u00fclkelerdeki, onlarca, hatta y\u00fcz milyonlarca dolar veya Euro de\u011ferindeki heyecan verici b\u00fcy\u00fck ikramiyeleri duyard\u0131k ve tek yapabildi\u011fimiz bu devasa piyangolar i\u00e7in bilet alabilece\u011fimiz yerlerde ya\u015famay\u0131 dilemekti. Sizin de en az benim kadar b\u00fcy\u00fck aksiyonlara kat\u0131labilmeyi diledi\u011finizi \u00e7ok iyi biliyorum. Kazanmay\u0131 [&hellip;]<\/p>\n","protected":false},"author":1,"featured_media":0,"parent":0,"menu_order":1,"comment_status":"closed","ping_status":"closed","template":"lotto.php","meta":{"_et_pb_use_builder":"","_et_pb_old_content":"","_et_gb_content_width":"","exclude_from_search":false,"footnotes":""},"class_list":["post-4490","page","type-page","status-publish","hentry"],"yoast_head":"<!-- This site is optimized with the Yoast SEO plugin v23.4 - https:\/\/yoast.com\/wordpress\/plugins\/seo\/ -->\n<title>\u00c7evrimi\u00e7i Loto | D\u00fcnyan\u0131n t\u00fcm b\u00fcy\u00fck piyango ikramiyelerine \u00e7evrimi\u00e7i olarak eri\u015fin<\/title>\n<meta name=\"description\" content=\"T\u00fcm uluslararas\u0131 b\u00fcy\u00fck ikramiyeler i\u00e7in ge\u00e7erli \u00e7evrimi\u00e7i Loto bileti hizmeti. Nerede ya\u015f\u0131yor olursan\u0131z olun, d\u00fcnyadaki t\u00fcm piyangolara bilet al\u0131n\" \/>\n<meta name=\"robots\" content=\"index, follow, max-snippet:-1, max-image-preview:large, max-video-preview:-1\" \/>\n<link rel=\"canonical\" href=\"https:\/\/onlinelotto365.com\/tr\/\" \/>\n<meta property=\"og:locale\" content=\"tr_TR\" \/>\n<meta property=\"og:type\" content=\"article\" \/>\n<meta property=\"og:title\" content=\"\u00c7evrimi\u00e7i Loto | D\u00fcnyan\u0131n t\u00fcm b\u00fcy\u00fck piyango ikramiyelerine \u00e7evrimi\u00e7i olarak eri\u015fin\" \/>\n<meta property=\"og:description\" content=\"T\u00fcm uluslararas\u0131 b\u00fcy\u00fck ikramiyeler i\u00e7in ge\u00e7erli \u00e7evrimi\u00e7i Loto bileti hizmeti. Nerede ya\u015f\u0131yor olursan\u0131z olun, d\u00fcnyadaki t\u00fcm piyangolara bilet al\u0131n\" \/>\n<meta property=\"og:url\" content=\"https:\/\/onlinelotto365.com\/tr\/\" \/>\n<meta property=\"og:site_name\" content=\"OnlineLotto365\" \/>\n<meta property=\"article:modified_time\" content=\"2023-10-04T08:21:52+00:00\" \/>\n<meta property=\"og:image\" content=\"https:\/\/redfoxlotto.com\/image?size=8&amp;lottery=mega-millions\" \/>\n<meta name=\"twitter:card\" content=\"summary_large_image\" \/>\n<meta name=\"twitter:label1\" content=\"Tahmini okuma s\u00fcresi\" \/>\n\t<meta name=\"twitter:data1\" content=\"4 dakika\" \/>\n<script type=\"application\/ld+json\" class=\"yoast-schema-graph\">{\"@context\":\"https:\/\/schema.org\",\"@graph\":[{\"@type\":\"WebPage\",\"@id\":\"https:\/\/onlinelotto365.com\/tr\/\",\"url\":\"https:\/\/onlinelotto365.com\/tr\/\",\"name\":\"\u00c7evrimi\u00e7i Loto | D\u00fcnyan\u0131n t\u00fcm b\u00fcy\u00fck piyango ikramiyelerine \u00e7evrimi\u00e7i olarak eri\u015fin\",\"isPartOf\":{\"@id\":\"https:\/\/onlinelotto365.com\/tr\/#website\"},\"primaryImageOfPage\":{\"@id\":\"https:\/\/onlinelotto365.com\/tr\/#primaryimage\"},\"image\":{\"@id\":\"https:\/\/onlinelotto365.com\/tr\/#primaryimage\"},\"thumbnailUrl\":\"https:\/\/redfoxlotto.com\/image?size=8&amp;lottery=mega-millions\",\"datePublished\":\"2020-11-30T11:01:06+00:00\",\"dateModified\":\"2023-10-04T08:21:52+00:00\",\"description\":\"T\u00fcm uluslararas\u0131 b\u00fcy\u00fck ikramiyeler i\u00e7in ge\u00e7erli \u00e7evrimi\u00e7i Loto bileti hizmeti. Nerede ya\u015f\u0131yor olursan\u0131z olun, d\u00fcnyadaki t\u00fcm piyangolara bilet al\u0131n\",\"breadcrumb\":{\"@id\":\"https:\/\/onlinelotto365.com\/tr\/#breadcrumb\"},\"inLanguage\":\"tr\",\"potentialAction\":[{\"@type\":\"ReadAction\",\"target\":[\"https:\/\/onlinelotto365.com\/tr\/\"]}]},{\"@type\":\"ImageObject\",\"inLanguage\":\"tr\",\"@id\":\"https:\/\/onlinelotto365.com\/tr\/#primaryimage\",\"url\":\"https:\/\/redfoxlotto.com\/image?size=8&amp;lottery=mega-millions\",\"contentUrl\":\"https:\/\/redfoxlotto.com\/image?size=8&amp;lottery=mega-millions\"},{\"@type\":\"BreadcrumbList\",\"@id\":\"https:\/\/onlinelotto365.com\/tr\/#breadcrumb\",\"itemListElement\":[{\"@type\":\"ListItem\",\"position\":1,\"name\":\"Home\",\"item\":\"https:\/\/onlinelotto365.com\/tr\/\"},{\"@type\":\"ListItem\",\"position\":2,\"name\":\"OnlineLotto365&#8217;e Ho\u015f Geldiniz!\"}]},{\"@type\":\"WebSite\",\"@id\":\"https:\/\/onlinelotto365.com\/tr\/#website\",\"url\":\"https:\/\/onlinelotto365.com\/tr\/\",\"name\":\"OnlineLotto365\",\"description\":\"\",\"potentialAction\":[{\"@type\":\"SearchAction\",\"target\":{\"@type\":\"EntryPoint\",\"urlTemplate\":\"https:\/\/onlinelotto365.com\/tr\/?s={search_term_string}\"},\"query-input\":{\"@type\":\"PropertyValueSpecification\",\"valueRequired\":true,\"valueName\":\"search_term_string\"}}],\"inLanguage\":\"tr\"}]}<\/script>\n<!-- \/ Yoast SEO plugin. -->","yoast_head_json":{"title":"\u00c7evrimi\u00e7i Loto | D\u00fcnyan\u0131n t\u00fcm b\u00fcy\u00fck piyango ikramiyelerine \u00e7evrimi\u00e7i olarak eri\u015fin","description":"T\u00fcm uluslararas\u0131 b\u00fcy\u00fck ikramiyeler i\u00e7in ge\u00e7erli \u00e7evrimi\u00e7i Loto bileti hizmeti. Nerede ya\u015f\u0131yor olursan\u0131z olun, d\u00fcnyadaki t\u00fcm piyangolara bilet al\u0131n","robots":{"index":"index","follow":"follow","max-snippet":"max-snippet:-1","max-image-preview":"max-image-preview:large","max-video-preview":"max-video-preview:-1"},"canonical":"https:\/\/onlinelotto365.com\/tr\/","og_locale":"tr_TR","og_type":"article","og_title":"\u00c7evrimi\u00e7i Loto | D\u00fcnyan\u0131n t\u00fcm b\u00fcy\u00fck piyango ikramiyelerine \u00e7evrimi\u00e7i olarak eri\u015fin","og_description":"T\u00fcm uluslararas\u0131 b\u00fcy\u00fck ikramiyeler i\u00e7in ge\u00e7erli \u00e7evrimi\u00e7i Loto bileti hizmeti. Nerede ya\u015f\u0131yor olursan\u0131z olun, d\u00fcnyadaki t\u00fcm piyangolara bilet al\u0131n","og_url":"https:\/\/onlinelotto365.com\/tr\/","og_site_name":"OnlineLotto365","article_modified_time":"2023-10-04T08:21:52+00:00","og_image":[{"url":"https:\/\/redfoxlotto.com\/image?size=8&amp;lottery=mega-millions"}],"twitter_card":"summary_large_image","twitter_misc":{"Tahmini okuma s\u00fcresi":"4 dakika"},"schema":{"@context":"https:\/\/schema.org","@graph":[{"@type":"WebPage","@id":"https:\/\/onlinelotto365.com\/tr\/","url":"https:\/\/onlinelotto365.com\/tr\/","name":"\u00c7evrimi\u00e7i Loto | D\u00fcnyan\u0131n t\u00fcm b\u00fcy\u00fck piyango ikramiyelerine \u00e7evrimi\u00e7i olarak eri\u015fin","isPartOf":{"@id":"https:\/\/onlinelotto365.com\/tr\/#website"},"primaryImageOfPage":{"@id":"https:\/\/onlinelotto365.com\/tr\/#primaryimage"},"image":{"@id":"https:\/\/onlinelotto365.com\/tr\/#primaryimage"},"thumbnailUrl":"https:\/\/redfoxlotto.com\/image?size=8&amp;lottery=mega-millions","datePublished":"2020-11-30T11:01:06+00:00","dateModified":"2023-10-04T08:21:52+00:00","description":"T\u00fcm uluslararas\u0131 b\u00fcy\u00fck ikramiyeler i\u00e7in ge\u00e7erli \u00e7evrimi\u00e7i Loto bileti hizmeti. Nerede ya\u015f\u0131yor olursan\u0131z olun, d\u00fcnyadaki t\u00fcm piyangolara bilet al\u0131n","breadcrumb":{"@id":"https:\/\/onlinelotto365.com\/tr\/#breadcrumb"},"inLanguage":"tr","potentialAction":[{"@type":"ReadAction","target":["https:\/\/onlinelotto365.com\/tr\/"]}]},{"@type":"ImageObject","inLanguage":"tr","@id":"https:\/\/onlinelotto365.com\/tr\/#primaryimage","url":"https:\/\/redfoxlotto.com\/image?size=8&amp;lottery=mega-millions","contentUrl":"https:\/\/redfoxlotto.com\/image?size=8&amp;lottery=mega-millions"},{"@type":"BreadcrumbList","@id":"https:\/\/onlinelotto365.com\/tr\/#breadcrumb","itemListElement":[{"@type":"ListItem","position":1,"name":"Home","item":"https:\/\/onlinelotto365.com\/tr\/"},{"@type":"ListItem","position":2,"name":"OnlineLotto365&#8217;e Ho\u015f Geldiniz!"}]},{"@type":"WebSite","@id":"https:\/\/onlinelotto365.com\/tr\/#website","url":"https:\/\/onlinelotto365.com\/tr\/","name":"OnlineLotto365","description":"","potentialAction":[{"@type":"SearchAction","target":{"@type":"EntryPoint","urlTemplate":"https:\/\/onlinelotto365.com\/tr\/?s={search_term_string}"},"query-input":{"@type":"PropertyValueSpecification","valueRequired":true,"valueName":"search_term_string"}}],"inLanguage":"tr"}]}},"_links":{"self":[{"href":"https:\/\/onlinelotto365.com\/tr\/wp-json\/wp\/v2\/pages\/4490","targetHints":{"allow":["GET"]}}],"collection":[{"href":"https:\/\/onlinelotto365.com\/tr\/wp-json\/wp\/v2\/pages"}],"about":[{"href":"https:\/\/onlinelotto365.com\/tr\/wp-json\/wp\/v2\/types\/page"}],"author":[{"embeddable":true,"href":"https:\/\/onlinelotto365.com\/tr\/wp-json\/wp\/v2\/users\/1"}],"replies":[{"embeddable":true,"href":"https:\/\/onlinelotto365.com\/tr\/wp-json\/wp\/v2\/comments?post=4490"}],"version-history":[{"count":0,"href":"https:\/\/onlinelotto365.com\/tr\/wp-json\/wp\/v2\/pages\/4490\/revisions"}],"wp:attachment":[{"href":"https:\/\/onlinelotto365.com\/tr\/wp-json\/wp\/v2\/media?parent=4490"}],"curies":[{"name":"wp","href":"https:\/\/api.w.org\/{rel}","templated":true}]}}