{"id":5092,"date":"2020-12-03T10:52:15","date_gmt":"2020-12-03T09:52:15","guid":{"rendered":"http:\/\/onlinelotto365.net\/?page_id=5092"},"modified":"2022-11-08T12:13:19","modified_gmt":"2022-11-08T11:13:19","slug":"oyna","status":"publish","type":"page","link":"https:\/\/onlinelotto365.com\/tr\/oyna\/","title":{"rendered":"En iyi \u00e7evrimi\u00e7i piyangolar\u0131 oynamak i\u00e7in se\u00e7enekleriniz hakk\u0131nda bilmeniz gereken her \u015fey"},"content":{"rendered":"<p>Piyango oynamaya ba\u015flamak m\u0131 istiyorsunuz? E\u011fer \u00f6yleyse, kesinlikle \u00e7evrimi\u00e7i se\u00e7eneklerinize g\u00f6z atmak isteyeceksiniz. D\u00fcnyan\u0131n hemen her yerinden t\u00fcm b\u00fcy\u00fck loto oyunlar\u0131n\u0131 \u00e7evrimi\u00e7i olarak oynayabilirsiniz. Sadece nereye bakaca\u011f\u0131n\u0131z\u0131 ve nas\u0131l ba\u015flayaca\u011f\u0131n\u0131z\u0131 bilmeniz gerekir. Neyse ki sizin i\u00e7in bunu yapmak ger\u00e7ekten \u00e7ok basit. Tek yapman\u0131z gereken web sitemizi yer imlerine eklemek ve g\u00fcncel bilgiler i\u00e7in tekrar kontrol etmek. Listelenen \u00fclkelerden herhangi birinden g\u00f6rd\u00fc\u011f\u00fcn\u00fcz piyango oyunlar\u0131n\u0131n her birini oynamak i\u00e7in bir\u00e7ok se\u00e7enek bulacaks\u0131n\u0131z.<\/p>\n<p>\u00c7evrimi\u00e7i se\u00e7eneklerin harika yan\u0131, d\u00fcnyan\u0131n her yerinde bulunan oyunlar\u0131 oynaman\u0131za izin vermesidir. Art\u0131k sadece yerel bakkal\u0131n\u0131zda oynayabilece\u011finiz oyunlarla s\u0131n\u0131rl\u0131 kalmayacaks\u0131n\u0131z. Bunun yerine, farkl\u0131 \u00fclkelerde oyunlar\u0131n nas\u0131l oynand\u0131\u011f\u0131n\u0131 kontrol edebilecek ve \u015fans\u0131n\u0131z\u0131 deneyebileceksiniz.<\/p>\n<p><a href=\"https:\/\/redfoxlotto.com\/play\/mega-millions\/?ref=a8564250a2&amp;medium=ol365\" target=\"_blank\" rel=\"noopener noreferrer\"><img loading=\"lazy\" decoding=\"async\" class=\"aligncenter\" src=\"https:\/\/redfoxlotto.com\/image?size=7&amp;lottery=mega-millions\" alt=\"play mega millions\" width=\"841\" height=\"108\" \/><\/a><\/p>\n<h2>\u00c7evrimi\u00e7i piyango oynamak size daha fazla se\u00e7enek sunar<\/h2>\n<p>\u00c7evrimi\u00e7i piyango oynaman\u0131n en iyi yan\u0131, herhangi bir zamanda kazanabilece\u011finiz b\u00fcy\u00fck bir ikramiye olaca\u011f\u0131 ger\u00e7e\u011fidir. Kendinizi yerel loto oynamakla k\u0131s\u0131tlarsan\u0131z, ikramiyenin biletlere para yat\u0131rman\u0131n mant\u0131kl\u0131 oldu\u011fu noktaya gelmesi i\u00e7in uzun s\u00fcre beklemeniz gerekebilir.<\/p>\n<p>B\u00fcy\u00fck ikramiyenin b\u00fcy\u00fckl\u00fc\u011f\u00fcn\u00fcn karar\u0131n\u0131z i\u00e7in \u00f6nemli oldu\u011fu a\u00e7\u0131kt\u0131r. Daha b\u00fcy\u00fck bir \u00f6d\u00fcl, matematiksel kazanma beklentinizin daha y\u00fcksek oldu\u011fu anlam\u0131na gelir. Bu nedenle m\u00fc\u015fterilerimizin \u00e7o\u011fu loto paralar\u0131n\u0131 \u015fu anda en y\u00fcksek olan ikramiyeye harc\u0131yor.<\/p>\n<h2>Online loto hizmeti nas\u0131l \u00e7al\u0131\u015f\u0131r?<\/h2>\n<p>\u00c7evrimi\u00e7i piyango oynamaya ba\u015flaman\u0131n en h\u0131zl\u0131 yolu, piyango d\u00fc\u011fmelerinden veya banner&#8217;lar\u0131ndan birine t\u0131klamak ve bir bilet olu\u015fturmak i\u00e7in numaralar\u0131n\u0131z\u0131 se\u00e7mektir. \u0130sterseniz birden fazla piyango oynayabilirsiniz. Sepetinize istedi\u011finiz kadar bilet eklemeniz yeterlidir. Ard\u0131ndan kontrol etmek ve \u00f6deme yapmak i\u00e7in t\u0131klay\u0131n. Bizde bir hesap olu\u015fturman\u0131z gerekmektedir. Hesab\u0131n\u0131z\u0131 do\u011frulamay\u0131 unutmay\u0131n &#8211; gelen kutunuzda do\u011frulama e-postas\u0131n\u0131 aray\u0131n. Orada e-posta yoksa, bilinmeyen g\u00f6nderenler klas\u00f6r\u00fcn\u00fczde veya belki de spam kutunuzda bulacaks\u0131n\u0131z.<\/p>\n<h2>\u0130kamet etti\u011fim \u00fclkeden oynayabilir miyim?<\/h2>\n<p>Nerede ya\u015fad\u0131\u011f\u0131n\u0131z ger\u00e7ekten \u00f6nemli de\u011fil. \u00c7evrimi\u00e7i loto oynamak (neredeyse) her yerden i\u015fe yarar. Tek istisna, ABD&#8217;den ve Hollanda&#8217;dan m\u00fc\u015fteri kabul edemememizdir.<\/p>\n<h2>Kazanc\u0131m\u0131 nas\u0131l alabilirim?<\/h2>\n<p>Piyango bileti hizmetimiz, kazanc\u0131n\u0131z\u0131 nakde \u00e7evirme konusunda yard\u0131m\u0131m\u0131z\u0131 i\u00e7erir. Bunun i\u00e7in iki farkl\u0131 prosed\u00fcr vard\u0131r:<\/p>\n<ul>\n<li>2500\u20ac&#8217;dan az kazan\u00e7lar: Kazan\u0131lan tutar web sitemizdeki kullan\u0131c\u0131 bakiyenize yat\u0131r\u0131lacakt\u0131r. Oradan, \u00f6rne\u011fin kredi kart\u0131n\u0131za veya banka hesab\u0131n\u0131za nakde \u00e7evirebilirsiniz.<\/li>\n<li>2500\u20ac&#8217;dan fazla kazan\u00e7lar: Daha y\u00fcksek miktarlardaki \u00f6demeler do\u011frudan piyangonun kendisi taraf\u0131ndan yap\u0131lacakt\u0131r. Size doldurman\u0131z ve bize geri g\u00f6ndermeniz gereken bir form verece\u011fiz. Form, banka havalesi veya \u00e7ek olabilecek \u00f6deme talimatlar\u0131n\u0131z\u0131 i\u00e7erir. T\u00fcm bunlar \u00e7evrimi\u00e7i olarak yap\u0131lacakt\u0131r. Formu piyangoya g\u00f6nderece\u011fiz ve onlar da tercihinize g\u00f6re paray\u0131 banka hesab\u0131n\u0131za havale edecek veya size bir \u00e7ek g\u00f6nderecektir.<\/li>\n<\/ul>\n","protected":false},"excerpt":{"rendered":"<p>Piyango oynamaya ba\u015flamak m\u0131 istiyorsunuz? E\u011fer \u00f6yleyse, kesinlikle \u00e7evrimi\u00e7i se\u00e7eneklerinize g\u00f6z atmak isteyeceksiniz. D\u00fcnyan\u0131n hemen her yerinden t\u00fcm b\u00fcy\u00fck loto oyunlar\u0131n\u0131 \u00e7evrimi\u00e7i olarak oynayabilirsiniz. Sadece nereye bakaca\u011f\u0131n\u0131z\u0131 ve nas\u0131l ba\u015flayaca\u011f\u0131n\u0131z\u0131 bilmeniz gerekir. Neyse ki sizin i\u00e7in bunu yapmak ger\u00e7ekten \u00e7ok basit. Tek yapman\u0131z gereken web sitemizi yer imlerine eklemek ve g\u00fcncel bilgiler i\u00e7in tekrar kontrol [&hellip;]<\/p>\n","protected":false},"author":1,"featured_media":0,"parent":0,"menu_order":2,"comment_status":"closed","ping_status":"closed","template":"Play-all.php","meta":{"_et_pb_use_builder":"","_et_pb_old_content":"","_et_gb_content_width":"","exclude_from_search":false,"footnotes":""},"class_list":["post-5092","page","type-page","status-publish","hentry"],"yoast_head":"<!-- This site is optimized with the Yoast SEO plugin v23.4 - https:\/\/yoast.com\/wordpress\/plugins\/seo\/ -->\n<title>\u00c7evrimi\u00e7i Loto Oynay\u0131n - d\u00fcnyan\u0131n her yerinden piyango hayranlar\u0131 i\u00e7in daha fazla ikramiye<\/title>\n<meta name=\"description\" content=\"Yabanc\u0131 piyangolar\u0131 \u00e7evrimi\u00e7i oynaman\u0131z\u0131 kolayla\u015ft\u0131r\u0131yoruz - t\u00fcm b\u00fcy\u00fck ikramiyeler burada\" \/>\n<meta name=\"robots\" content=\"index, follow, max-snippet:-1, max-image-preview:large, max-video-preview:-1\" \/>\n<link rel=\"canonical\" href=\"https:\/\/onlinelotto365.com\/tr\/oyna\/\" \/>\n<meta property=\"og:locale\" content=\"tr_TR\" \/>\n<meta property=\"og:type\" content=\"article\" \/>\n<meta property=\"og:title\" content=\"\u00c7evrimi\u00e7i Loto Oynay\u0131n - d\u00fcnyan\u0131n her yerinden piyango hayranlar\u0131 i\u00e7in daha fazla ikramiye\" \/>\n<meta property=\"og:description\" content=\"Yabanc\u0131 piyangolar\u0131 \u00e7evrimi\u00e7i oynaman\u0131z\u0131 kolayla\u015ft\u0131r\u0131yoruz - t\u00fcm b\u00fcy\u00fck ikramiyeler burada\" \/>\n<meta property=\"og:url\" content=\"https:\/\/onlinelotto365.com\/tr\/oyna\/\" \/>\n<meta property=\"og:site_name\" content=\"OnlineLotto365\" \/>\n<meta property=\"article:modified_time\" content=\"2022-11-08T11:13:19+00:00\" \/>\n<meta property=\"og:image\" content=\"https:\/\/redfoxlotto.com\/image?size=7&amp;lottery=mega-millions\" \/>\n<meta name=\"twitter:card\" content=\"summary_large_image\" \/>\n<meta name=\"twitter:label1\" content=\"Tahmini okuma s\u00fcresi\" \/>\n\t<meta name=\"twitter:data1\" content=\"2 dakika\" \/>\n<script type=\"application\/ld+json\" class=\"yoast-schema-graph\">{\"@context\":\"https:\/\/schema.org\",\"@graph\":[{\"@type\":\"WebPage\",\"@id\":\"https:\/\/onlinelotto365.com\/tr\/oyna\/\",\"url\":\"https:\/\/onlinelotto365.com\/tr\/oyna\/\",\"name\":\"\u00c7evrimi\u00e7i Loto Oynay\u0131n - d\u00fcnyan\u0131n her yerinden piyango hayranlar\u0131 i\u00e7in daha fazla ikramiye\",\"isPartOf\":{\"@id\":\"https:\/\/onlinelotto365.com\/tr\/#website\"},\"primaryImageOfPage\":{\"@id\":\"https:\/\/onlinelotto365.com\/tr\/oyna\/#primaryimage\"},\"image\":{\"@id\":\"https:\/\/onlinelotto365.com\/tr\/oyna\/#primaryimage\"},\"thumbnailUrl\":\"https:\/\/redfoxlotto.com\/image?size=7&amp;lottery=mega-millions\",\"datePublished\":\"2020-12-03T09:52:15+00:00\",\"dateModified\":\"2022-11-08T11:13:19+00:00\",\"description\":\"Yabanc\u0131 piyangolar\u0131 \u00e7evrimi\u00e7i oynaman\u0131z\u0131 kolayla\u015ft\u0131r\u0131yoruz - t\u00fcm b\u00fcy\u00fck ikramiyeler burada\",\"breadcrumb\":{\"@id\":\"https:\/\/onlinelotto365.com\/tr\/oyna\/#breadcrumb\"},\"inLanguage\":\"tr\",\"potentialAction\":[{\"@type\":\"ReadAction\",\"target\":[\"https:\/\/onlinelotto365.com\/tr\/oyna\/\"]}]},{\"@type\":\"ImageObject\",\"inLanguage\":\"tr\",\"@id\":\"https:\/\/onlinelotto365.com\/tr\/oyna\/#primaryimage\",\"url\":\"https:\/\/redfoxlotto.com\/image?size=7&amp;lottery=mega-millions\",\"contentUrl\":\"https:\/\/redfoxlotto.com\/image?size=7&amp;lottery=mega-millions\"},{\"@type\":\"BreadcrumbList\",\"@id\":\"https:\/\/onlinelotto365.com\/tr\/oyna\/#breadcrumb\",\"itemListElement\":[{\"@type\":\"ListItem\",\"position\":1,\"name\":\"Home\",\"item\":\"https:\/\/onlinelotto365.com\/tr\/\"},{\"@type\":\"ListItem\",\"position\":2,\"name\":\"En iyi \u00e7evrimi\u00e7i piyangolar\u0131 oynamak i\u00e7in se\u00e7enekleriniz hakk\u0131nda bilmeniz gereken her \u015fey\"}]},{\"@type\":\"WebSite\",\"@id\":\"https:\/\/onlinelotto365.com\/tr\/#website\",\"url\":\"https:\/\/onlinelotto365.com\/tr\/\",\"name\":\"OnlineLotto365\",\"description\":\"\",\"potentialAction\":[{\"@type\":\"SearchAction\",\"target\":{\"@type\":\"EntryPoint\",\"urlTemplate\":\"https:\/\/onlinelotto365.com\/tr\/?s={search_term_string}\"},\"query-input\":{\"@type\":\"PropertyValueSpecification\",\"valueRequired\":true,\"valueName\":\"search_term_string\"}}],\"inLanguage\":\"tr\"}]}<\/script>\n<!-- \/ Yoast SEO plugin. -->","yoast_head_json":{"title":"\u00c7evrimi\u00e7i Loto Oynay\u0131n - d\u00fcnyan\u0131n her yerinden piyango hayranlar\u0131 i\u00e7in daha fazla ikramiye","description":"Yabanc\u0131 piyangolar\u0131 \u00e7evrimi\u00e7i oynaman\u0131z\u0131 kolayla\u015ft\u0131r\u0131yoruz - t\u00fcm b\u00fcy\u00fck ikramiyeler burada","robots":{"index":"index","follow":"follow","max-snippet":"max-snippet:-1","max-image-preview":"max-image-preview:large","max-video-preview":"max-video-preview:-1"},"canonical":"https:\/\/onlinelotto365.com\/tr\/oyna\/","og_locale":"tr_TR","og_type":"article","og_title":"\u00c7evrimi\u00e7i Loto Oynay\u0131n - d\u00fcnyan\u0131n her yerinden piyango hayranlar\u0131 i\u00e7in daha fazla ikramiye","og_description":"Yabanc\u0131 piyangolar\u0131 \u00e7evrimi\u00e7i oynaman\u0131z\u0131 kolayla\u015ft\u0131r\u0131yoruz - t\u00fcm b\u00fcy\u00fck ikramiyeler burada","og_url":"https:\/\/onlinelotto365.com\/tr\/oyna\/","og_site_name":"OnlineLotto365","article_modified_time":"2022-11-08T11:13:19+00:00","og_image":[{"url":"https:\/\/redfoxlotto.com\/image?size=7&amp;lottery=mega-millions"}],"twitter_card":"summary_large_image","twitter_misc":{"Tahmini okuma s\u00fcresi":"2 dakika"},"schema":{"@context":"https:\/\/schema.org","@graph":[{"@type":"WebPage","@id":"https:\/\/onlinelotto365.com\/tr\/oyna\/","url":"https:\/\/onlinelotto365.com\/tr\/oyna\/","name":"\u00c7evrimi\u00e7i Loto Oynay\u0131n - d\u00fcnyan\u0131n her yerinden piyango hayranlar\u0131 i\u00e7in daha fazla ikramiye","isPartOf":{"@id":"https:\/\/onlinelotto365.com\/tr\/#website"},"primaryImageOfPage":{"@id":"https:\/\/onlinelotto365.com\/tr\/oyna\/#primaryimage"},"image":{"@id":"https:\/\/onlinelotto365.com\/tr\/oyna\/#primaryimage"},"thumbnailUrl":"https:\/\/redfoxlotto.com\/image?size=7&amp;lottery=mega-millions","datePublished":"2020-12-03T09:52:15+00:00","dateModified":"2022-11-08T11:13:19+00:00","description":"Yabanc\u0131 piyangolar\u0131 \u00e7evrimi\u00e7i oynaman\u0131z\u0131 kolayla\u015ft\u0131r\u0131yoruz - t\u00fcm b\u00fcy\u00fck ikramiyeler burada","breadcrumb":{"@id":"https:\/\/onlinelotto365.com\/tr\/oyna\/#breadcrumb"},"inLanguage":"tr","potentialAction":[{"@type":"ReadAction","target":["https:\/\/onlinelotto365.com\/tr\/oyna\/"]}]},{"@type":"ImageObject","inLanguage":"tr","@id":"https:\/\/onlinelotto365.com\/tr\/oyna\/#primaryimage","url":"https:\/\/redfoxlotto.com\/image?size=7&amp;lottery=mega-millions","contentUrl":"https:\/\/redfoxlotto.com\/image?size=7&amp;lottery=mega-millions"},{"@type":"BreadcrumbList","@id":"https:\/\/onlinelotto365.com\/tr\/oyna\/#breadcrumb","itemListElement":[{"@type":"ListItem","position":1,"name":"Home","item":"https:\/\/onlinelotto365.com\/tr\/"},{"@type":"ListItem","position":2,"name":"En iyi \u00e7evrimi\u00e7i piyangolar\u0131 oynamak i\u00e7in se\u00e7enekleriniz hakk\u0131nda bilmeniz gereken her \u015fey"}]},{"@type":"WebSite","@id":"https:\/\/onlinelotto365.com\/tr\/#website","url":"https:\/\/onlinelotto365.com\/tr\/","name":"OnlineLotto365","description":"","potentialAction":[{"@type":"SearchAction","target":{"@type":"EntryPoint","urlTemplate":"https:\/\/onlinelotto365.com\/tr\/?s={search_term_string}"},"query-input":{"@type":"PropertyValueSpecification","valueRequired":true,"valueName":"search_term_string"}}],"inLanguage":"tr"}]}},"_links":{"self":[{"href":"https:\/\/onlinelotto365.com\/tr\/wp-json\/wp\/v2\/pages\/5092","targetHints":{"allow":["GET"]}}],"collection":[{"href":"https:\/\/onlinelotto365.com\/tr\/wp-json\/wp\/v2\/pages"}],"about":[{"href":"https:\/\/onlinelotto365.com\/tr\/wp-json\/wp\/v2\/types\/page"}],"author":[{"embeddable":true,"href":"https:\/\/onlinelotto365.com\/tr\/wp-json\/wp\/v2\/users\/1"}],"replies":[{"embeddable":true,"href":"https:\/\/onlinelotto365.com\/tr\/wp-json\/wp\/v2\/comments?post=5092"}],"version-history":[{"count":0,"href":"https:\/\/onlinelotto365.com\/tr\/wp-json\/wp\/v2\/pages\/5092\/revisions"}],"wp:attachment":[{"href":"https:\/\/onlinelotto365.com\/tr\/wp-json\/wp\/v2\/media?parent=5092"}],"curies":[{"name":"wp","href":"https:\/\/api.w.org\/{rel}","templated":true}]}}