{"id":5682,"date":"2020-12-04T19:49:33","date_gmt":"2020-12-04T18:49:33","guid":{"rendered":"http:\/\/onlinelotto365.net\/?page_id=5682"},"modified":"2021-03-07T09:44:26","modified_gmt":"2021-03-07T08:44:26","slug":"bilet-satin-al","status":"publish","type":"page","link":"https:\/\/onlinelotto365.com\/tr\/bilet-satin-al\/","title":{"rendered":"Uluslararasi Loto Etkinlikleri i\u00e7in Online Bilet Servisi"},"content":{"rendered":"<h2>Burada Ger\u00e7ek Bir Seyden Konusuyoruz : D\u00fcnya&#8217;nin En B\u00fcy\u00fck Piyangolari<\/h2>\n<p>Online casinolarda kumar oynayan bir s\u00fcr\u00fc insan vardir, bazilari sim\u00fcle edilmis piyangolar sunar. Tipki ger\u00e7ek lotoda oldugu sekliyle siz loto numaranizi se\u00e7ersiniz, ve bilgisayar da sizin i\u00e7in numaralari belirler.<br \/>\nBunun yerine olsa ger\u00e7ek bir sey oynamak istemez misiniz? Tabii ki istersiniz. Bu online lotolar cidden k\u00fc\u00e7\u00fck lokmalardir, ve ger\u00e7ek loto gibi olusturulmamislardir. Ger\u00e7ekten t\u00fcm bunlarin nasil \u00e7alistigi hakkinda ne biliyorsunuz? Biz biliyoruz ki online lotolarin t\u00fcm t\u00fcrleri ger\u00e7ek lotonun basit bir kopyasi gibidir.<\/p>\n<p><a href=\"https:\/\/redfoxlotto.com\/?ref=a8564250a2&amp;medium=ol365\" target=\"_blank\" rel=\"noopener noreferrer\"><img loading=\"lazy\" decoding=\"async\" class=\"aligncenter\" src=\"https:\/\/redfoxlotto.com\/image?size=8&amp;lottery=euromillions\" alt=\"Euromillions\" width=\"720\" height=\"90\" \/><\/a><\/p>\n<p>Her ne kadar online kumar oynamaya patlama yapmis olsa da, ger\u00e7ek loto hala d\u00fcnyanin kumar sahnesine hakim durumdadir. Ger\u00e7ek lotoda t\u00fcm diger kumar t\u00fcrlerinden \u00e7ok daha fazla para kombine edilir. Bu bir tesad\u00fcf degildir, ger\u00e7ek lotonun zevk ve heyecani ne kadar kurnaz bir teknoloji gelismis olursa olsun hi\u00e7bir seyin yerini tutmaz.<\/p>\n<h2>Istediginiz Bir Lotoyu Nasil Oynamak Istersiniz?<\/h2>\n<p>Simdiye kadar, yasadigimiz yerin sinirlari i\u00e7inde hangi loto oynaniyorsa onu oynamamiz konusunda kisitlanmistik. Yasadiginiz yere bagli olarak, arada sirada loto insanlarin heyecan patlamasiyla ger\u00e7ekten \u00e7ekiliste yer aldiklarina emin olmak i\u00e7in bayilerde bekledikleri b\u00fcy\u00fck boyutlara ulasabilir.<\/p>\n<p>Diger b\u00f6lge veya \u00fclkelerde bilet satin almak i\u00e7in kisisel olarak oraya gidip satin almaniz gerekir. Tabii ki bir yere gitmeyeceksiniz, size bu k\u00fclfetli firsati vermeyecegiz, ve zaten gitmis bile olsaniz, kazanmak i\u00e7in ne yapacaksiniz?<br \/>\nAslinda \u00e7ogu insan, diger b\u00f6lge veya \u00fclkelerden bilet satin alip loto oynama imkanini d\u00fcs\u00fcnm\u00fcyor bile. Bazilari bunu yapmayi hayal ediyor, ancak bu insanlarin ger\u00e7eklestirebilecekleri bir hayal degildi, ta ki simdi kadar.<br \/>\nBu y\u00fczden size kendi evinizin rahatliginda d\u00fcnyanin en b\u00fcy\u00fck lotolari i\u00e7in siparis verebileceginiz bu yeni hizmetin avantajlarini duyurmaktan heyecan duyuyoruz.<\/p>\n<h2>Loto Biletlerini Online Satin Alma Islemi Nasil \u00c7alisir<\/h2>\n<p><img loading=\"lazy\" decoding=\"async\" class=\" wp-image-729 alignright\" src=\"https:\/\/onlinelotto365.com\/wp-content\/uploads\/2020\/11\/online_lottery-52-300x169.jpg\" alt=\"Online Loto Bileti Satin Al\" width=\"210\" height=\"119\" \/><\/p>\n<p>Tabii ki ilk yapmaniz gereken, d\u00fcnyanin her yerinden pop\u00fcler lotolar arasindan hangisini oynamak istediginizi se\u00e7mek. Daha sonra, ka\u00e7 tane bilet satin almak istediginizi se\u00e7iniz, ve isterseniz numaralari kendiniz se\u00e7ebilirsiniz ya da numara \u00fcretecimizin numaralari sizin i\u00e7in se\u00e7mesine izin verebilirsiniz.<\/p>\n<p>Sonra bir hesap a\u00e7in. Istediginiz zaman online loto sitesine giris yapabileceginiz kullanici adi ve sifrenizin yani sira t\u00fcm kisisel bilgilerinizi girin.<\/p>\n<p>Daha sonra, biletlerinize \u00f6deme yapmak i\u00e7in bir \u00f6deme y\u00f6ntemi se\u00e7in. Bir \u00e7ok kisi kredi karti kullanir, ancak kredi kartinizin olmamasi durumunda baska bir \u00e7ok \u00f6deme y\u00f6ntemi bulunmaktadir. Elbette, t\u00fcm islemler tamamen en son g\u00fcvenlik yazilimlari kullandigindan g\u00fcvenlidir, yani endise etmenizi gerektirecek hi\u00e7bir sey yoktur.<\/p>\n<p>Her yaklasan loto i\u00e7in, hangi loto ya da lotolar i\u00e7in bilet almaniza yardimci olacak, \u00e7ekilise ne kadar zaman kaldigi konusunda sizi bilgilendiren bir saat vardir.<\/p>\n<h2>Bunlardan Sonra Kendinize Bilet Satin Alin<\/h2>\n<p>Sonra, aslinda bu muhtesem servis disari gidip, \u00fczerinde sizin adiniz olan b\u00f6ylelikle sizden bska kimsenin tahsil edemeyecegi bilet satin alir. Ve size kayitlariniz i\u00e7in saklayabileceginiz bir email \u00e7iktisi g\u00f6nderir.<br \/>\nHer lotonun sonu\u00e7lari sitenin saginda ilan edilir, kendi numaranizi kontrol etmeniz \u00e7ok eglenceli olmasina ragmen istemiyorsaniz bununla ugrasmak zorunda degilsiniz. Her kazandiginizda, bir servis emaili yoluyla bilgilendirileceksiniz, b\u00f6ylece herhangi bir kazanimi ka\u00e7irmayacaksiniz.<\/p>\n<p>Simdi l\u00fctfen en yakindaki bayiye gidip bu islemi sizin i\u00e7in yapip yapamayacaklarini sorun. Sizin deli oldugunuzu d\u00fcs\u00fcneceklerdir. Bu da her adimda ihtiyaciniz olan t\u00fcm yardimi sunduklarinin ve bu servisin ne kadar kaliteli oldugunu g\u00f6sterir.<\/p>\n<h2>Kazan\u00e7larinizi Tahsil Etme<\/h2>\n<p>Ne kadar kazandiginiza bagli olarak, kazan\u00e7larinizi tahsil edebileceginiz bir \u00e7ok farkli islem vardir. Eger kazan\u00e7 tutariniz \u20ac2500&#8217;in altinda ise, daha fazla bilet satin almak i\u00e7in parayi hesabinizda tutabilir, ya da size g\u00f6nderilmesini isteyebilirsiniz. Daha y\u00fcksek meblaglar kazandiginizda, doldurmaniz gereken bir bildirim formu alacaksiniz, daha sonra \u00f6demenizi \u00fczerinde banka hesap numaranizin yer aldigi sekliyle \u00f6demeyi alacaksiniz.<\/p>\n<p>Devasa tutarlar kazandiginizda, loto kisisel olarak \u00f6demenizi almaniz gerektigini belirtebilir. B\u00f6yle bir para kazanirsaniz, bu \u00e7ikacaginiz en eglenceli seyehat olacaktir. Biletiniz bir b\u00fcy\u00fck ikramiye kazandi, kutlamanizi b\u00f6yle bir seyehatle baslatabilirsiniz. Geriye d\u00f6nd\u00fcg\u00fcn\u00fczde, belki de kalici bir tatile bir eliniz yagda bir eliniz balda \u00e7ikarsiniz. Se\u00e7im sizin!<\/p>\n<p><a href=\"https:\/\/redfoxlotto.com\/tr\/?ref=A8564250A2&amp;campaign=ol\" target=\"_blank\" rel=\"noopener\"><strong>Eglencenin baslamasi i\u00e7in buraya tiklayin!<\/strong><\/a><\/p>\n","protected":false},"excerpt":{"rendered":"<p>Burada Ger\u00e7ek Bir Seyden Konusuyoruz : D\u00fcnya&#8217;nin En B\u00fcy\u00fck Piyangolari Online casinolarda kumar oynayan bir s\u00fcr\u00fc insan vardir, bazilari sim\u00fcle edilmis piyangolar sunar. Tipki ger\u00e7ek lotoda oldugu sekliyle siz loto numaranizi se\u00e7ersiniz, ve bilgisayar da sizin i\u00e7in numaralari belirler. Bunun yerine olsa ger\u00e7ek bir sey oynamak istemez misiniz? Tabii ki istersiniz. Bu online lotolar cidden [&hellip;]<\/p>\n","protected":false},"author":1,"featured_media":0,"parent":0,"menu_order":3,"comment_status":"closed","ping_status":"closed","template":"Information.php","meta":{"_et_pb_use_builder":"","_et_pb_old_content":"","_et_gb_content_width":"","exclude_from_search":false,"footnotes":""},"class_list":["post-5682","page","type-page","status-publish","hentry"],"yoast_head":"<!-- This site is optimized with the Yoast SEO plugin v23.4 - https:\/\/yoast.com\/wordpress\/plugins\/seo\/ -->\n<title>Online Loto Bileti Satin Al | Uluslararasi Loto Etkinlikleri i\u00e7in Online Bilet Servisi<\/title>\n<meta name=\"description\" content=\"Hala yerel olarak piyango bileti al\u0131yor musunuz? \u00c7ok daha iyi loto ikramiyeleri var - sadece biletlerinizi \u00e7evrimi\u00e7i sat\u0131n al\u0131n!\" \/>\n<meta name=\"robots\" content=\"index, follow, max-snippet:-1, max-image-preview:large, max-video-preview:-1\" \/>\n<link rel=\"canonical\" href=\"https:\/\/onlinelotto365.com\/tr\/bilet-satin-al\/\" \/>\n<meta property=\"og:locale\" content=\"tr_TR\" \/>\n<meta property=\"og:type\" content=\"article\" \/>\n<meta property=\"og:title\" content=\"Online Loto Bileti Satin Al | Uluslararasi Loto Etkinlikleri i\u00e7in Online Bilet Servisi\" \/>\n<meta property=\"og:description\" content=\"Hala yerel olarak piyango bileti al\u0131yor musunuz? \u00c7ok daha iyi loto ikramiyeleri var - sadece biletlerinizi \u00e7evrimi\u00e7i sat\u0131n al\u0131n!\" \/>\n<meta property=\"og:url\" content=\"https:\/\/onlinelotto365.com\/tr\/bilet-satin-al\/\" \/>\n<meta property=\"og:site_name\" content=\"OnlineLotto365\" \/>\n<meta property=\"article:modified_time\" content=\"2021-03-07T08:44:26+00:00\" \/>\n<meta property=\"og:image\" content=\"https:\/\/redfoxlotto.com\/image?size=8&amp;lottery=euromillions\" \/>\n<meta name=\"twitter:card\" content=\"summary_large_image\" \/>\n<meta name=\"twitter:label1\" content=\"Tahmini okuma s\u00fcresi\" \/>\n\t<meta name=\"twitter:data1\" content=\"4 dakika\" \/>\n<script type=\"application\/ld+json\" class=\"yoast-schema-graph\">{\"@context\":\"https:\/\/schema.org\",\"@graph\":[{\"@type\":\"WebPage\",\"@id\":\"https:\/\/onlinelotto365.com\/tr\/bilet-satin-al\/\",\"url\":\"https:\/\/onlinelotto365.com\/tr\/bilet-satin-al\/\",\"name\":\"Online Loto Bileti Satin Al | Uluslararasi Loto Etkinlikleri i\u00e7in Online Bilet Servisi\",\"isPartOf\":{\"@id\":\"https:\/\/onlinelotto365.com\/tr\/#website\"},\"primaryImageOfPage\":{\"@id\":\"https:\/\/onlinelotto365.com\/tr\/bilet-satin-al\/#primaryimage\"},\"image\":{\"@id\":\"https:\/\/onlinelotto365.com\/tr\/bilet-satin-al\/#primaryimage\"},\"thumbnailUrl\":\"https:\/\/redfoxlotto.com\/image?size=8&amp;lottery=euromillions\",\"datePublished\":\"2020-12-04T18:49:33+00:00\",\"dateModified\":\"2021-03-07T08:44:26+00:00\",\"description\":\"Hala yerel olarak piyango bileti al\u0131yor musunuz? \u00c7ok daha iyi loto ikramiyeleri var - sadece biletlerinizi \u00e7evrimi\u00e7i sat\u0131n al\u0131n!\",\"breadcrumb\":{\"@id\":\"https:\/\/onlinelotto365.com\/tr\/bilet-satin-al\/#breadcrumb\"},\"inLanguage\":\"tr\",\"potentialAction\":[{\"@type\":\"ReadAction\",\"target\":[\"https:\/\/onlinelotto365.com\/tr\/bilet-satin-al\/\"]}]},{\"@type\":\"ImageObject\",\"inLanguage\":\"tr\",\"@id\":\"https:\/\/onlinelotto365.com\/tr\/bilet-satin-al\/#primaryimage\",\"url\":\"https:\/\/redfoxlotto.com\/image?size=8&amp;lottery=euromillions\",\"contentUrl\":\"https:\/\/redfoxlotto.com\/image?size=8&amp;lottery=euromillions\"},{\"@type\":\"BreadcrumbList\",\"@id\":\"https:\/\/onlinelotto365.com\/tr\/bilet-satin-al\/#breadcrumb\",\"itemListElement\":[{\"@type\":\"ListItem\",\"position\":1,\"name\":\"Home\",\"item\":\"https:\/\/onlinelotto365.com\/tr\/\"},{\"@type\":\"ListItem\",\"position\":2,\"name\":\"Uluslararasi Loto Etkinlikleri i\u00e7in Online Bilet Servisi\"}]},{\"@type\":\"WebSite\",\"@id\":\"https:\/\/onlinelotto365.com\/tr\/#website\",\"url\":\"https:\/\/onlinelotto365.com\/tr\/\",\"name\":\"OnlineLotto365\",\"description\":\"\",\"potentialAction\":[{\"@type\":\"SearchAction\",\"target\":{\"@type\":\"EntryPoint\",\"urlTemplate\":\"https:\/\/onlinelotto365.com\/tr\/?s={search_term_string}\"},\"query-input\":{\"@type\":\"PropertyValueSpecification\",\"valueRequired\":true,\"valueName\":\"search_term_string\"}}],\"inLanguage\":\"tr\"}]}<\/script>\n<!-- \/ Yoast SEO plugin. -->","yoast_head_json":{"title":"Online Loto Bileti Satin Al | Uluslararasi Loto Etkinlikleri i\u00e7in Online Bilet Servisi","description":"Hala yerel olarak piyango bileti al\u0131yor musunuz? \u00c7ok daha iyi loto ikramiyeleri var - sadece biletlerinizi \u00e7evrimi\u00e7i sat\u0131n al\u0131n!","robots":{"index":"index","follow":"follow","max-snippet":"max-snippet:-1","max-image-preview":"max-image-preview:large","max-video-preview":"max-video-preview:-1"},"canonical":"https:\/\/onlinelotto365.com\/tr\/bilet-satin-al\/","og_locale":"tr_TR","og_type":"article","og_title":"Online Loto Bileti Satin Al | Uluslararasi Loto Etkinlikleri i\u00e7in Online Bilet Servisi","og_description":"Hala yerel olarak piyango bileti al\u0131yor musunuz? \u00c7ok daha iyi loto ikramiyeleri var - sadece biletlerinizi \u00e7evrimi\u00e7i sat\u0131n al\u0131n!","og_url":"https:\/\/onlinelotto365.com\/tr\/bilet-satin-al\/","og_site_name":"OnlineLotto365","article_modified_time":"2021-03-07T08:44:26+00:00","og_image":[{"url":"https:\/\/redfoxlotto.com\/image?size=8&amp;lottery=euromillions"}],"twitter_card":"summary_large_image","twitter_misc":{"Tahmini okuma s\u00fcresi":"4 dakika"},"schema":{"@context":"https:\/\/schema.org","@graph":[{"@type":"WebPage","@id":"https:\/\/onlinelotto365.com\/tr\/bilet-satin-al\/","url":"https:\/\/onlinelotto365.com\/tr\/bilet-satin-al\/","name":"Online Loto Bileti Satin Al | Uluslararasi Loto Etkinlikleri i\u00e7in Online Bilet Servisi","isPartOf":{"@id":"https:\/\/onlinelotto365.com\/tr\/#website"},"primaryImageOfPage":{"@id":"https:\/\/onlinelotto365.com\/tr\/bilet-satin-al\/#primaryimage"},"image":{"@id":"https:\/\/onlinelotto365.com\/tr\/bilet-satin-al\/#primaryimage"},"thumbnailUrl":"https:\/\/redfoxlotto.com\/image?size=8&amp;lottery=euromillions","datePublished":"2020-12-04T18:49:33+00:00","dateModified":"2021-03-07T08:44:26+00:00","description":"Hala yerel olarak piyango bileti al\u0131yor musunuz? \u00c7ok daha iyi loto ikramiyeleri var - sadece biletlerinizi \u00e7evrimi\u00e7i sat\u0131n al\u0131n!","breadcrumb":{"@id":"https:\/\/onlinelotto365.com\/tr\/bilet-satin-al\/#breadcrumb"},"inLanguage":"tr","potentialAction":[{"@type":"ReadAction","target":["https:\/\/onlinelotto365.com\/tr\/bilet-satin-al\/"]}]},{"@type":"ImageObject","inLanguage":"tr","@id":"https:\/\/onlinelotto365.com\/tr\/bilet-satin-al\/#primaryimage","url":"https:\/\/redfoxlotto.com\/image?size=8&amp;lottery=euromillions","contentUrl":"https:\/\/redfoxlotto.com\/image?size=8&amp;lottery=euromillions"},{"@type":"BreadcrumbList","@id":"https:\/\/onlinelotto365.com\/tr\/bilet-satin-al\/#breadcrumb","itemListElement":[{"@type":"ListItem","position":1,"name":"Home","item":"https:\/\/onlinelotto365.com\/tr\/"},{"@type":"ListItem","position":2,"name":"Uluslararasi Loto Etkinlikleri i\u00e7in Online Bilet Servisi"}]},{"@type":"WebSite","@id":"https:\/\/onlinelotto365.com\/tr\/#website","url":"https:\/\/onlinelotto365.com\/tr\/","name":"OnlineLotto365","description":"","potentialAction":[{"@type":"SearchAction","target":{"@type":"EntryPoint","urlTemplate":"https:\/\/onlinelotto365.com\/tr\/?s={search_term_string}"},"query-input":{"@type":"PropertyValueSpecification","valueRequired":true,"valueName":"search_term_string"}}],"inLanguage":"tr"}]}},"_links":{"self":[{"href":"https:\/\/onlinelotto365.com\/tr\/wp-json\/wp\/v2\/pages\/5682","targetHints":{"allow":["GET"]}}],"collection":[{"href":"https:\/\/onlinelotto365.com\/tr\/wp-json\/wp\/v2\/pages"}],"about":[{"href":"https:\/\/onlinelotto365.com\/tr\/wp-json\/wp\/v2\/types\/page"}],"author":[{"embeddable":true,"href":"https:\/\/onlinelotto365.com\/tr\/wp-json\/wp\/v2\/users\/1"}],"replies":[{"embeddable":true,"href":"https:\/\/onlinelotto365.com\/tr\/wp-json\/wp\/v2\/comments?post=5682"}],"version-history":[{"count":0,"href":"https:\/\/onlinelotto365.com\/tr\/wp-json\/wp\/v2\/pages\/5682\/revisions"}],"wp:attachment":[{"href":"https:\/\/onlinelotto365.com\/tr\/wp-json\/wp\/v2\/media?parent=5682"}],"curies":[{"name":"wp","href":"https:\/\/api.w.org\/{rel}","templated":true}]}}