{"id":58184,"date":"2021-03-07T10:15:18","date_gmt":"2021-03-07T09:15:18","guid":{"rendered":"https:\/\/onlinelotto365.com\/?page_id=58184"},"modified":"2021-03-07T10:15:18","modified_gmt":"2021-03-07T09:15:18","slug":"german-lotto-6aus49","status":"publish","type":"page","link":"https:\/\/onlinelotto365.com\/tr\/bilet-satin-al\/german-lotto-6aus49\/","title":{"rendered":"Alman Lotosu I\u00e7in \u00c7evrimi\u00e7i Biletler"},"content":{"rendered":"<p>Alman Lotosu d\u00fcnyaninda en eski piyangolarindan biri; 50 yildan uzun s\u00fcredir d\u00fczenleniyor. T\u00fcm bu deneyim ger\u00e7ekten \u00e7ok islerine yariyor ve Almanya EuroMillions piyangosuyla birlestirmek yerine kendi ulusal piyangosunu d\u00fczenlemeye devam eden birka\u00e7 b\u00fcy\u00fck Avrupa \u00fclkesinden biri. Almanlar piyangolari ile gurur duyuyorlar, olmasi gereken de bu elbette.<\/p>\n<p>Ama Almanya\u2019da yasiyorsaniz ve yine de Euromillions\u2019a (ya da d\u00fcnyanin herhangi bir yerinden baska b\u00fcy\u00fck bir piyangoya) katilmak istiyorsaniz, artik sizi bunu yapmaktan alikoyan hi\u00e7bir sey yok. Bug\u00fcnlerde tek yapmaniz gereken biletinizi \u00e7evrimi\u00e7i olarak satin almak. Almanya\u2019da yasiyorsaniz bile, Alman Lotosu i\u00e7in de \u00e7evrimi\u00e7i olarak bilet alabilirsiniz.<\/p>\n<p><a href=\"https:\/\/redfoxlotto.com\/play\/lotto-6aus49\/?ref=a8564250a2&amp;medium=ol365\" target=\"_blank\" rel=\"noopener noreferrer\"><img decoding=\"async\" class=\"aligncenter\" src=\"https:\/\/redfoxlotto.com\/image?size=8&amp;lottery=lotto-6aus49\" alt=\"German 6aus49\" \/><\/a><\/p>\n<p>Elbette loto biletlerinizi bu sekilde nereden alabileceginizi bilmeniz gerekiyor ve biz de bu noktada devreye giriyoruz. Uzun bir s\u00fcredir kendi loto biletlerimizi \u00e7evrimi\u00e7i olarak aliyoruz ve bu sitedeki insanlarla bu bilgiyi paylasmanin zamaninin geldigine kadar verdir. Tahmin edebileceginiz gibi, bu lotolar kesfedildiginden beri loto oynama konusunda ger\u00e7eklesen en b\u00fcy\u00fck olay.<\/p>\n<h2>Artik Kendi B\u00f6lgenizdeki Lotoyla Sinirli Degilsiniz<\/h2>\n<p>Siz de \u00e7ogu loto oyuncusu gibiyseniz, b\u00fcy\u00fck lotolara katilmak ve sadece tek bir lotodan fazlasini oynayabilmek istiyor olmalisiniz. \u00c7ok yakin zamana kadar bu m\u00fcmk\u00fcn degildi. Insanlar \u00e7evrimi\u00e7i olarak hemen hemen her seyi satin alabiliyorken, neden loto bileti satin alamadiklarini merak ediyorlardi.<\/p>\n<p>Bunun sebebi loto komisyonlarinin eski kafali olmalari ve illa fiziksel bir d\u00fckkandan bilet satisi ger\u00e7eklestirmekte israr etmeleriydi. Birilerinin \u00f6nc\u00fcl\u00fck edip \u00e7evrimi\u00e7i loto bileti satisini ger\u00e7eklestirmek i\u00e7in ihtiya\u00e7 duyulan zemini olusturmasi gerekiyordu.<\/p>\n<p>Bunun i\u00e7in m\u00fcsterileri adina islem yapacak, pek \u00e7ok farkli \u00fclkede gidip m\u00fcsterileri i\u00e7in biletleri satin alacak \u00e7alisanlardan olusan bir ag gerekiyor. Ayrica, m\u00fcsterinin deneyimlerini satis anindan itibaren y\u00f6netmek ve insanlara bekledikleri kusursuz hizmeti sunmak da gerekli.<\/p>\n<p>\u00d6nce, kolaylik i\u00e7in size sundugumuz RedFoxLotto linki ile sitelerine gidiyorsunuz. Sonra siteye \u00fcye oluyor, oynamak istediginiz lotolara karar veriyor, rakamlarinizi se\u00e7iyor ya da bilgisayarlarinin sizin i\u00e7in se\u00e7mesine izin veriyor, pek \u00e7ok zahmetsiz \u00f6deme y\u00f6nteminden biriyle biletlerinizin parasini \u00f6d\u00fcyor ve para kazanmaya hazir hale geliyorsunuz.<\/p>\n<p>RedFoxLotto size bu s\u00fcrecin her asamasinda yardimci oluyor: \u00fczerinde kendi isminiz olan biletlerin taranmis halini size yolluyor, \u00e7ekilise kadar biletlerinizi muhafaza ediyor, kazandiginiz zaman size elektronik posta ile haber veriyor ve kazandiginiz parayi nakide \u00e7evirmenize yardim ediyorlar. Bunlarin hepsi inanilmaz kolay.<\/p>\n<h2>Alman Lotosu Nasil Isliyor?<\/h2>\n<p><img loading=\"lazy\" decoding=\"async\" class=\" wp-image-1543 alignright\" src=\"https:\/\/onlinelotto365.com\/wp-content\/uploads\/2020\/11\/online_lottery-135.jpg\" alt=\"\u00c7evrimi\u00e7i Alman Lotosu alin\" width=\"305\" height=\"204\" \/><\/p>\n<p>Alman Lotosu da dahil olmak \u00fczere, RedFoxLotto\u2019in bize sundugu t\u00fcm piyangolar birinci sinif, b\u00fcy\u00fck \u00e7ekilisler. Alman Lotosunu oynamak i\u00e7in \u00f6nce m\u00fcmk\u00fcn olan 49 rakam i\u00e7inden 6 rakam, sonra da 1 ile 9 arasinda ek bir rakam se\u00e7iyorsunuz. 6 + 1 ek rakamin tamamini tutturabilirseniz, bu yakinda birka\u00e7 milyon avro almak i\u00e7in Almanya\u2019ya gidiyor olacaginiz anlamina geliyor.<\/p>\n<p>Diger b\u00fcy\u00fck lotolarin \u00e7oguyla kiyaslandiginda, Alman Lotosunda daha az sayida top buluyor; bu da Alman Lotosunda b\u00fcy\u00fck ikramiyeyi kazanma sansinizin daha y\u00fcksek oldugu anlamina geliyor. Elbette diger t\u00fcm lotolar gibi b\u00fcy\u00fck ikramiyenin yani sira baska \u00f6d\u00fcller de var. Alman Lotosunda b\u00fcy\u00fck ikramiye disinda toplam 7 \u00f6d\u00fcl bulunuyor. Se\u00e7tiginiz rakamlardan 3\u2019\u00fcn\u00fc bile tutturmayi basarirsaniz, \u00f6d\u00fcl kazaniyorsunuz.<\/p>\n<h2>RedFoxLotto Alman Lotosunda ve Diger Lotolarda Rehberiniz Olsun<\/h2>\n<p>Lotolarin d\u00fcnya \u00e7apinda ne kadar popular oldugu d\u00fcs\u00fcn\u00fcl\u00fcrse, t\u00fcm basarili lotolara erisebilmek her loto oyuncusunun hayalidir. Istediginiz kadar farkli loto oynayabilecekken neden sadece tek bir tane oynamakla yetinesiniz ki? Neden onlarca \u00e7ekilise katilabilecekken haftada bir ya da iki \u00e7ekilisle yetinesiniz? Neden t\u00fcm loto biletlerinizi \u00e7evrimi\u00e7i olarak alabilecekken d\u00fckkana gitmek zorunda kalasiniz?<\/p>\n<p>RedFoxLotto\u2019in loto oynamanin gelecegi oldugu a\u00e7ik. Istedigimiz zaman Alman Lotosunu veya istedigimiz herhangi bir lotoyu zahmetsiz bir sekilde oynamamiza imkan sagliyorlar. Neden loto oynarken ortalama bir insandan \u00e7ok daha fazla keyif almak i\u00e7in bize katilmiyorsunuz? <a href=\"https:\/\/redfoxlotto.com\/tr\/?ref=A8564250A2&amp;campaign=ol\" target=\"_blank\" rel=\"noopener\">Sizi RedFoxLotto sitesine y\u00f6nlendirecek linkimize tiklayin ve yolculugunuza baslayin.<\/a><\/p>\n","protected":false},"excerpt":{"rendered":"<p>Alman Lotosu d\u00fcnyaninda en eski piyangolarindan biri; 50 yildan uzun s\u00fcredir d\u00fczenleniyor. T\u00fcm bu deneyim ger\u00e7ekten \u00e7ok islerine yariyor ve Almanya EuroMillions piyangosuyla birlestirmek yerine kendi ulusal piyangosunu d\u00fczenlemeye devam eden birka\u00e7 b\u00fcy\u00fck Avrupa \u00fclkesinden biri. Almanlar piyangolari ile gurur duyuyorlar, olmasi gereken de bu elbette. Ama Almanya\u2019da yasiyorsaniz ve yine de Euromillions\u2019a (ya da [&hellip;]<\/p>\n","protected":false},"author":1,"featured_media":0,"parent":5682,"menu_order":11,"comment_status":"closed","ping_status":"closed","template":"lotto-german-info.php","meta":{"_et_pb_use_builder":"","_et_pb_old_content":"","_et_gb_content_width":"","exclude_from_search":false,"footnotes":""},"class_list":["post-58184","page","type-page","status-publish","hentry"],"yoast_head":"<!-- This site is optimized with the Yoast SEO plugin v23.4 - https:\/\/yoast.com\/wordpress\/plugins\/seo\/ -->\n<title>\u00c7evrimi\u00e7i Alman Lotosu | Almanya\u2019nin Loto Ikramiyesi i\u00e7in \u00e7evrimi\u00e7i bilet alin<\/title>\n<meta name=\"description\" content=\"T\u00fcrk vatanda\u015flar\u0131 art\u0131k online Alman lottunu oynayabilir\" \/>\n<meta name=\"robots\" content=\"index, follow, max-snippet:-1, max-image-preview:large, max-video-preview:-1\" \/>\n<link rel=\"canonical\" href=\"https:\/\/onlinelotto365.com\/tr\/bilet-satin-al\/german-lotto-6aus49\/\" \/>\n<meta property=\"og:locale\" content=\"tr_TR\" \/>\n<meta property=\"og:type\" content=\"article\" \/>\n<meta property=\"og:title\" content=\"\u00c7evrimi\u00e7i Alman Lotosu | Almanya\u2019nin Loto Ikramiyesi i\u00e7in \u00e7evrimi\u00e7i bilet alin\" \/>\n<meta property=\"og:description\" content=\"T\u00fcrk vatanda\u015flar\u0131 art\u0131k online Alman lottunu oynayabilir\" \/>\n<meta property=\"og:url\" content=\"https:\/\/onlinelotto365.com\/tr\/bilet-satin-al\/german-lotto-6aus49\/\" \/>\n<meta property=\"og:site_name\" content=\"OnlineLotto365\" \/>\n<meta property=\"og:image\" content=\"https:\/\/redfoxlotto.com\/image?size=8&amp;lottery=lotto-6aus49\" \/>\n<meta name=\"twitter:card\" content=\"summary_large_image\" \/>\n<meta name=\"twitter:label1\" content=\"Tahmini okuma s\u00fcresi\" \/>\n\t<meta name=\"twitter:data1\" content=\"3 dakika\" \/>\n<script type=\"application\/ld+json\" class=\"yoast-schema-graph\">{\"@context\":\"https:\/\/schema.org\",\"@graph\":[{\"@type\":\"WebPage\",\"@id\":\"https:\/\/onlinelotto365.com\/tr\/bilet-satin-al\/german-lotto-6aus49\/\",\"url\":\"https:\/\/onlinelotto365.com\/tr\/bilet-satin-al\/german-lotto-6aus49\/\",\"name\":\"\u00c7evrimi\u00e7i Alman Lotosu | Almanya\u2019nin Loto Ikramiyesi i\u00e7in \u00e7evrimi\u00e7i bilet alin\",\"isPartOf\":{\"@id\":\"https:\/\/onlinelotto365.com\/tr\/#website\"},\"primaryImageOfPage\":{\"@id\":\"https:\/\/onlinelotto365.com\/tr\/bilet-satin-al\/german-lotto-6aus49\/#primaryimage\"},\"image\":{\"@id\":\"https:\/\/onlinelotto365.com\/tr\/bilet-satin-al\/german-lotto-6aus49\/#primaryimage\"},\"thumbnailUrl\":\"https:\/\/redfoxlotto.com\/image?size=8&amp;lottery=lotto-6aus49\",\"datePublished\":\"2021-03-07T09:15:18+00:00\",\"dateModified\":\"2021-03-07T09:15:18+00:00\",\"description\":\"T\u00fcrk vatanda\u015flar\u0131 art\u0131k online Alman lottunu oynayabilir\",\"breadcrumb\":{\"@id\":\"https:\/\/onlinelotto365.com\/tr\/bilet-satin-al\/german-lotto-6aus49\/#breadcrumb\"},\"inLanguage\":\"tr\",\"potentialAction\":[{\"@type\":\"ReadAction\",\"target\":[\"https:\/\/onlinelotto365.com\/tr\/bilet-satin-al\/german-lotto-6aus49\/\"]}]},{\"@type\":\"ImageObject\",\"inLanguage\":\"tr\",\"@id\":\"https:\/\/onlinelotto365.com\/tr\/bilet-satin-al\/german-lotto-6aus49\/#primaryimage\",\"url\":\"https:\/\/redfoxlotto.com\/image?size=8&amp;lottery=lotto-6aus49\",\"contentUrl\":\"https:\/\/redfoxlotto.com\/image?size=8&amp;lottery=lotto-6aus49\"},{\"@type\":\"BreadcrumbList\",\"@id\":\"https:\/\/onlinelotto365.com\/tr\/bilet-satin-al\/german-lotto-6aus49\/#breadcrumb\",\"itemListElement\":[{\"@type\":\"ListItem\",\"position\":1,\"name\":\"Home\",\"item\":\"https:\/\/onlinelotto365.com\/tr\/\"},{\"@type\":\"ListItem\",\"position\":2,\"name\":\"Uluslararasi Loto Etkinlikleri i\u00e7in Online Bilet Servisi\",\"item\":\"https:\/\/onlinelotto365.com\/tr\/bilet-satin-al\/\"},{\"@type\":\"ListItem\",\"position\":3,\"name\":\"Alman Lotosu I\u00e7in \u00c7evrimi\u00e7i Biletler\"}]},{\"@type\":\"WebSite\",\"@id\":\"https:\/\/onlinelotto365.com\/tr\/#website\",\"url\":\"https:\/\/onlinelotto365.com\/tr\/\",\"name\":\"OnlineLotto365\",\"description\":\"\",\"potentialAction\":[{\"@type\":\"SearchAction\",\"target\":{\"@type\":\"EntryPoint\",\"urlTemplate\":\"https:\/\/onlinelotto365.com\/tr\/?s={search_term_string}\"},\"query-input\":{\"@type\":\"PropertyValueSpecification\",\"valueRequired\":true,\"valueName\":\"search_term_string\"}}],\"inLanguage\":\"tr\"}]}<\/script>\n<!-- \/ Yoast SEO plugin. -->","yoast_head_json":{"title":"\u00c7evrimi\u00e7i Alman Lotosu | Almanya\u2019nin Loto Ikramiyesi i\u00e7in \u00e7evrimi\u00e7i bilet alin","description":"T\u00fcrk vatanda\u015flar\u0131 art\u0131k online Alman lottunu oynayabilir","robots":{"index":"index","follow":"follow","max-snippet":"max-snippet:-1","max-image-preview":"max-image-preview:large","max-video-preview":"max-video-preview:-1"},"canonical":"https:\/\/onlinelotto365.com\/tr\/bilet-satin-al\/german-lotto-6aus49\/","og_locale":"tr_TR","og_type":"article","og_title":"\u00c7evrimi\u00e7i Alman Lotosu | Almanya\u2019nin Loto Ikramiyesi i\u00e7in \u00e7evrimi\u00e7i bilet alin","og_description":"T\u00fcrk vatanda\u015flar\u0131 art\u0131k online Alman lottunu oynayabilir","og_url":"https:\/\/onlinelotto365.com\/tr\/bilet-satin-al\/german-lotto-6aus49\/","og_site_name":"OnlineLotto365","og_image":[{"url":"https:\/\/redfoxlotto.com\/image?size=8&amp;lottery=lotto-6aus49"}],"twitter_card":"summary_large_image","twitter_misc":{"Tahmini okuma s\u00fcresi":"3 dakika"},"schema":{"@context":"https:\/\/schema.org","@graph":[{"@type":"WebPage","@id":"https:\/\/onlinelotto365.com\/tr\/bilet-satin-al\/german-lotto-6aus49\/","url":"https:\/\/onlinelotto365.com\/tr\/bilet-satin-al\/german-lotto-6aus49\/","name":"\u00c7evrimi\u00e7i Alman Lotosu | Almanya\u2019nin Loto Ikramiyesi i\u00e7in \u00e7evrimi\u00e7i bilet alin","isPartOf":{"@id":"https:\/\/onlinelotto365.com\/tr\/#website"},"primaryImageOfPage":{"@id":"https:\/\/onlinelotto365.com\/tr\/bilet-satin-al\/german-lotto-6aus49\/#primaryimage"},"image":{"@id":"https:\/\/onlinelotto365.com\/tr\/bilet-satin-al\/german-lotto-6aus49\/#primaryimage"},"thumbnailUrl":"https:\/\/redfoxlotto.com\/image?size=8&amp;lottery=lotto-6aus49","datePublished":"2021-03-07T09:15:18+00:00","dateModified":"2021-03-07T09:15:18+00:00","description":"T\u00fcrk vatanda\u015flar\u0131 art\u0131k online Alman lottunu oynayabilir","breadcrumb":{"@id":"https:\/\/onlinelotto365.com\/tr\/bilet-satin-al\/german-lotto-6aus49\/#breadcrumb"},"inLanguage":"tr","potentialAction":[{"@type":"ReadAction","target":["https:\/\/onlinelotto365.com\/tr\/bilet-satin-al\/german-lotto-6aus49\/"]}]},{"@type":"ImageObject","inLanguage":"tr","@id":"https:\/\/onlinelotto365.com\/tr\/bilet-satin-al\/german-lotto-6aus49\/#primaryimage","url":"https:\/\/redfoxlotto.com\/image?size=8&amp;lottery=lotto-6aus49","contentUrl":"https:\/\/redfoxlotto.com\/image?size=8&amp;lottery=lotto-6aus49"},{"@type":"BreadcrumbList","@id":"https:\/\/onlinelotto365.com\/tr\/bilet-satin-al\/german-lotto-6aus49\/#breadcrumb","itemListElement":[{"@type":"ListItem","position":1,"name":"Home","item":"https:\/\/onlinelotto365.com\/tr\/"},{"@type":"ListItem","position":2,"name":"Uluslararasi Loto Etkinlikleri i\u00e7in Online Bilet Servisi","item":"https:\/\/onlinelotto365.com\/tr\/bilet-satin-al\/"},{"@type":"ListItem","position":3,"name":"Alman Lotosu I\u00e7in \u00c7evrimi\u00e7i Biletler"}]},{"@type":"WebSite","@id":"https:\/\/onlinelotto365.com\/tr\/#website","url":"https:\/\/onlinelotto365.com\/tr\/","name":"OnlineLotto365","description":"","potentialAction":[{"@type":"SearchAction","target":{"@type":"EntryPoint","urlTemplate":"https:\/\/onlinelotto365.com\/tr\/?s={search_term_string}"},"query-input":{"@type":"PropertyValueSpecification","valueRequired":true,"valueName":"search_term_string"}}],"inLanguage":"tr"}]}},"_links":{"self":[{"href":"https:\/\/onlinelotto365.com\/tr\/wp-json\/wp\/v2\/pages\/58184","targetHints":{"allow":["GET"]}}],"collection":[{"href":"https:\/\/onlinelotto365.com\/tr\/wp-json\/wp\/v2\/pages"}],"about":[{"href":"https:\/\/onlinelotto365.com\/tr\/wp-json\/wp\/v2\/types\/page"}],"author":[{"embeddable":true,"href":"https:\/\/onlinelotto365.com\/tr\/wp-json\/wp\/v2\/users\/1"}],"replies":[{"embeddable":true,"href":"https:\/\/onlinelotto365.com\/tr\/wp-json\/wp\/v2\/comments?post=58184"}],"version-history":[{"count":0,"href":"https:\/\/onlinelotto365.com\/tr\/wp-json\/wp\/v2\/pages\/58184\/revisions"}],"up":[{"embeddable":true,"href":"https:\/\/onlinelotto365.com\/tr\/wp-json\/wp\/v2\/pages\/5682"}],"wp:attachment":[{"href":"https:\/\/onlinelotto365.com\/tr\/wp-json\/wp\/v2\/media?parent=58184"}],"curies":[{"name":"wp","href":"https:\/\/api.w.org\/{rel}","templated":true}]}}