{"id":5871,"date":"2020-12-05T10:14:13","date_gmt":"2020-12-05T09:14:13","guid":{"rendered":"http:\/\/onlinelotto365.net\/?page_id=5871"},"modified":"2021-03-07T10:16:52","modified_gmt":"2021-03-07T09:16:52","slug":"kazanan-numaralar","status":"publish","type":"page","link":"https:\/\/onlinelotto365.com\/tr\/kazanan-numaralar\/","title":{"rendered":"T\u00fcm piyangolari kazanan sayilar"},"content":{"rendered":"<p>Uluslararasi loto sonu\u00e7larini mi ariyorsunuz? D\u00fcnyanin en b\u00fcy\u00fck uluslararsi piyangolarini kazanan numaralari burada bulabilirsiniz. Bu sayfayi d\u00fczenli olarak g\u00fcncelliyoruz, ne zaman en yeni sonu\u00e7lara ihtiyaciniz olursa ziyaret edebilirsiniz. Uluslararasi piyangolara katildiysaniz, umariz kazanan numaralar sizin biletinizdedir! Bu arada ge\u00e7miste uluslararasi bir piyangoda kazanan numaralari kendi yerel loto oyunlarinda kullanip da b\u00fcy\u00fck paralar kazanan birka\u00e7 kisi oldugunu biliyor muydunuz?<\/p>\n<p><a href=\"https:\/\/redfoxlotto.com\/?ref=a8564250a2&amp;medium=ol365\" target=\"_blank\" rel=\"noopener noreferrer\"><img loading=\"lazy\" decoding=\"async\" class=\"aligncenter\" src=\"https:\/\/redfoxlotto.com\/image?size=8&amp;lottery=eurojackpot\" alt=\"eurojackpot\" width=\"720\" height=\"90\" \/><\/a><\/p>\n<p>Ama en \u00f6nemlisi, artik d\u00fcnyadaki T\u00dcM piyangolara katilma sansiniz oldugunu muhtemelen bilmiyordunuz; hatta sizin \u00fclkenizde olmayan piyangolara bile! Powerball, Mega Millions, Euromillions ya da asagidaki piyangolardan herhangi biriyle ilgileniyorsaniz, artik \u00e7evrimi\u00e7i olarak bilet alabilirsiniz. Katilmak i\u00e7in asagidaki sonu\u00e7larda en sevdiginiz piyangonun yanindaki \u201cOyna\u201d butonuna tiklamaniz yeterli. Birka\u00e7 dakika i\u00e7inde biletinizi almis olacaksiniz. Biz b\u00fcy\u00fck ikramiyelerin miktarina bakmanizi ve su anda en b\u00fcy\u00fck ikramiyeye sahip olan piyangoyu se\u00e7menizi \u00f6neriyoruz!<\/p>\n","protected":false},"excerpt":{"rendered":"<p>Uluslararasi loto sonu\u00e7larini mi ariyorsunuz? D\u00fcnyanin en b\u00fcy\u00fck uluslararsi piyangolarini kazanan numaralari burada bulabilirsiniz. Bu sayfayi d\u00fczenli olarak g\u00fcncelliyoruz, ne zaman en yeni sonu\u00e7lara ihtiyaciniz olursa ziyaret edebilirsiniz. Uluslararasi piyangolara katildiysaniz, umariz kazanan numaralar sizin biletinizdedir! Bu arada ge\u00e7miste uluslararasi bir piyangoda kazanan numaralari kendi yerel loto oyunlarinda kullanip da b\u00fcy\u00fck paralar kazanan birka\u00e7 kisi [&hellip;]<\/p>\n","protected":false},"author":1,"featured_media":0,"parent":0,"menu_order":4,"comment_status":"closed","ping_status":"closed","template":"Results.php","meta":{"_et_pb_use_builder":"","_et_pb_old_content":"","_et_gb_content_width":"","exclude_from_search":false,"footnotes":""},"class_list":["post-5871","page","type-page","status-publish","hentry"],"yoast_head":"<!-- This site is optimized with the Yoast SEO plugin v23.4 - https:\/\/yoast.com\/wordpress\/plugins\/seo\/ -->\n<title>Uluslararasi Loto Sonu\u00e7lari<\/title>\n<meta name=\"description\" content=\"Bu haftan\u0131n loto sonu\u00e7lar\u0131n\u0131 ve en b\u00fcy\u00fck piyangolar\u0131n kazanan rakamlar\u0131n\u0131 burada bulabilirsiniz\" \/>\n<meta name=\"robots\" content=\"index, follow, max-snippet:-1, max-image-preview:large, max-video-preview:-1\" \/>\n<link rel=\"canonical\" href=\"https:\/\/onlinelotto365.com\/tr\/kazanan-numaralar\/\" \/>\n<meta property=\"og:locale\" content=\"tr_TR\" \/>\n<meta property=\"og:type\" content=\"article\" \/>\n<meta property=\"og:title\" content=\"Uluslararasi Loto Sonu\u00e7lari\" \/>\n<meta property=\"og:description\" content=\"Bu haftan\u0131n loto sonu\u00e7lar\u0131n\u0131 ve en b\u00fcy\u00fck piyangolar\u0131n kazanan rakamlar\u0131n\u0131 burada bulabilirsiniz\" \/>\n<meta property=\"og:url\" content=\"https:\/\/onlinelotto365.com\/tr\/kazanan-numaralar\/\" \/>\n<meta property=\"og:site_name\" content=\"OnlineLotto365\" \/>\n<meta property=\"article:modified_time\" content=\"2021-03-07T09:16:52+00:00\" \/>\n<meta property=\"og:image\" content=\"https:\/\/redfoxlotto.com\/image?size=8&amp;lottery=eurojackpot\" \/>\n<meta name=\"twitter:card\" content=\"summary_large_image\" \/>\n<meta name=\"twitter:label1\" content=\"Tahmini okuma s\u00fcresi\" \/>\n\t<meta name=\"twitter:data1\" content=\"1 dakika\" \/>\n<script type=\"application\/ld+json\" class=\"yoast-schema-graph\">{\"@context\":\"https:\/\/schema.org\",\"@graph\":[{\"@type\":\"WebPage\",\"@id\":\"https:\/\/onlinelotto365.com\/tr\/kazanan-numaralar\/\",\"url\":\"https:\/\/onlinelotto365.com\/tr\/kazanan-numaralar\/\",\"name\":\"Uluslararasi Loto Sonu\u00e7lari\",\"isPartOf\":{\"@id\":\"https:\/\/onlinelotto365.com\/tr\/#website\"},\"primaryImageOfPage\":{\"@id\":\"https:\/\/onlinelotto365.com\/tr\/kazanan-numaralar\/#primaryimage\"},\"image\":{\"@id\":\"https:\/\/onlinelotto365.com\/tr\/kazanan-numaralar\/#primaryimage\"},\"thumbnailUrl\":\"https:\/\/redfoxlotto.com\/image?size=8&amp;lottery=eurojackpot\",\"datePublished\":\"2020-12-05T09:14:13+00:00\",\"dateModified\":\"2021-03-07T09:16:52+00:00\",\"description\":\"Bu haftan\u0131n loto sonu\u00e7lar\u0131n\u0131 ve en b\u00fcy\u00fck piyangolar\u0131n kazanan rakamlar\u0131n\u0131 burada bulabilirsiniz\",\"breadcrumb\":{\"@id\":\"https:\/\/onlinelotto365.com\/tr\/kazanan-numaralar\/#breadcrumb\"},\"inLanguage\":\"tr\",\"potentialAction\":[{\"@type\":\"ReadAction\",\"target\":[\"https:\/\/onlinelotto365.com\/tr\/kazanan-numaralar\/\"]}]},{\"@type\":\"ImageObject\",\"inLanguage\":\"tr\",\"@id\":\"https:\/\/onlinelotto365.com\/tr\/kazanan-numaralar\/#primaryimage\",\"url\":\"https:\/\/redfoxlotto.com\/image?size=8&amp;lottery=eurojackpot\",\"contentUrl\":\"https:\/\/redfoxlotto.com\/image?size=8&amp;lottery=eurojackpot\"},{\"@type\":\"BreadcrumbList\",\"@id\":\"https:\/\/onlinelotto365.com\/tr\/kazanan-numaralar\/#breadcrumb\",\"itemListElement\":[{\"@type\":\"ListItem\",\"position\":1,\"name\":\"Home\",\"item\":\"https:\/\/onlinelotto365.com\/tr\/\"},{\"@type\":\"ListItem\",\"position\":2,\"name\":\"T\u00fcm piyangolari kazanan sayilar\"}]},{\"@type\":\"WebSite\",\"@id\":\"https:\/\/onlinelotto365.com\/tr\/#website\",\"url\":\"https:\/\/onlinelotto365.com\/tr\/\",\"name\":\"OnlineLotto365\",\"description\":\"\",\"potentialAction\":[{\"@type\":\"SearchAction\",\"target\":{\"@type\":\"EntryPoint\",\"urlTemplate\":\"https:\/\/onlinelotto365.com\/tr\/?s={search_term_string}\"},\"query-input\":{\"@type\":\"PropertyValueSpecification\",\"valueRequired\":true,\"valueName\":\"search_term_string\"}}],\"inLanguage\":\"tr\"}]}<\/script>\n<!-- \/ Yoast SEO plugin. -->","yoast_head_json":{"title":"Uluslararasi Loto Sonu\u00e7lari","description":"Bu haftan\u0131n loto sonu\u00e7lar\u0131n\u0131 ve en b\u00fcy\u00fck piyangolar\u0131n kazanan rakamlar\u0131n\u0131 burada bulabilirsiniz","robots":{"index":"index","follow":"follow","max-snippet":"max-snippet:-1","max-image-preview":"max-image-preview:large","max-video-preview":"max-video-preview:-1"},"canonical":"https:\/\/onlinelotto365.com\/tr\/kazanan-numaralar\/","og_locale":"tr_TR","og_type":"article","og_title":"Uluslararasi Loto Sonu\u00e7lari","og_description":"Bu haftan\u0131n loto sonu\u00e7lar\u0131n\u0131 ve en b\u00fcy\u00fck piyangolar\u0131n kazanan rakamlar\u0131n\u0131 burada bulabilirsiniz","og_url":"https:\/\/onlinelotto365.com\/tr\/kazanan-numaralar\/","og_site_name":"OnlineLotto365","article_modified_time":"2021-03-07T09:16:52+00:00","og_image":[{"url":"https:\/\/redfoxlotto.com\/image?size=8&amp;lottery=eurojackpot"}],"twitter_card":"summary_large_image","twitter_misc":{"Tahmini okuma s\u00fcresi":"1 dakika"},"schema":{"@context":"https:\/\/schema.org","@graph":[{"@type":"WebPage","@id":"https:\/\/onlinelotto365.com\/tr\/kazanan-numaralar\/","url":"https:\/\/onlinelotto365.com\/tr\/kazanan-numaralar\/","name":"Uluslararasi Loto Sonu\u00e7lari","isPartOf":{"@id":"https:\/\/onlinelotto365.com\/tr\/#website"},"primaryImageOfPage":{"@id":"https:\/\/onlinelotto365.com\/tr\/kazanan-numaralar\/#primaryimage"},"image":{"@id":"https:\/\/onlinelotto365.com\/tr\/kazanan-numaralar\/#primaryimage"},"thumbnailUrl":"https:\/\/redfoxlotto.com\/image?size=8&amp;lottery=eurojackpot","datePublished":"2020-12-05T09:14:13+00:00","dateModified":"2021-03-07T09:16:52+00:00","description":"Bu haftan\u0131n loto sonu\u00e7lar\u0131n\u0131 ve en b\u00fcy\u00fck piyangolar\u0131n kazanan rakamlar\u0131n\u0131 burada bulabilirsiniz","breadcrumb":{"@id":"https:\/\/onlinelotto365.com\/tr\/kazanan-numaralar\/#breadcrumb"},"inLanguage":"tr","potentialAction":[{"@type":"ReadAction","target":["https:\/\/onlinelotto365.com\/tr\/kazanan-numaralar\/"]}]},{"@type":"ImageObject","inLanguage":"tr","@id":"https:\/\/onlinelotto365.com\/tr\/kazanan-numaralar\/#primaryimage","url":"https:\/\/redfoxlotto.com\/image?size=8&amp;lottery=eurojackpot","contentUrl":"https:\/\/redfoxlotto.com\/image?size=8&amp;lottery=eurojackpot"},{"@type":"BreadcrumbList","@id":"https:\/\/onlinelotto365.com\/tr\/kazanan-numaralar\/#breadcrumb","itemListElement":[{"@type":"ListItem","position":1,"name":"Home","item":"https:\/\/onlinelotto365.com\/tr\/"},{"@type":"ListItem","position":2,"name":"T\u00fcm piyangolari kazanan sayilar"}]},{"@type":"WebSite","@id":"https:\/\/onlinelotto365.com\/tr\/#website","url":"https:\/\/onlinelotto365.com\/tr\/","name":"OnlineLotto365","description":"","potentialAction":[{"@type":"SearchAction","target":{"@type":"EntryPoint","urlTemplate":"https:\/\/onlinelotto365.com\/tr\/?s={search_term_string}"},"query-input":{"@type":"PropertyValueSpecification","valueRequired":true,"valueName":"search_term_string"}}],"inLanguage":"tr"}]}},"_links":{"self":[{"href":"https:\/\/onlinelotto365.com\/tr\/wp-json\/wp\/v2\/pages\/5871","targetHints":{"allow":["GET"]}}],"collection":[{"href":"https:\/\/onlinelotto365.com\/tr\/wp-json\/wp\/v2\/pages"}],"about":[{"href":"https:\/\/onlinelotto365.com\/tr\/wp-json\/wp\/v2\/types\/page"}],"author":[{"embeddable":true,"href":"https:\/\/onlinelotto365.com\/tr\/wp-json\/wp\/v2\/users\/1"}],"replies":[{"embeddable":true,"href":"https:\/\/onlinelotto365.com\/tr\/wp-json\/wp\/v2\/comments?post=5871"}],"version-history":[{"count":0,"href":"https:\/\/onlinelotto365.com\/tr\/wp-json\/wp\/v2\/pages\/5871\/revisions"}],"wp:attachment":[{"href":"https:\/\/onlinelotto365.com\/tr\/wp-json\/wp\/v2\/media?parent=5871"}],"curies":[{"name":"wp","href":"https:\/\/api.w.org\/{rel}","templated":true}]}}