{"id":79125,"date":"2022-11-01T12:20:21","date_gmt":"2022-11-01T11:20:21","guid":{"rendered":"https:\/\/onlinelotto365.com\/?page_id=79125"},"modified":"2022-11-09T13:29:22","modified_gmt":"2022-11-09T12:29:22","slug":"mon-wed-lotto","status":"publish","type":"page","link":"https:\/\/onlinelotto365.com\/tr\/oyna\/mon-wed-lotto\/","title":{"rendered":"Mon &#038; Wed Lotto Australia oynamak T\u00fcrkiye&#8217;den piyango tutkunlar\u0131 i\u00e7in se\u00e7eneklerden sadece biri"},"content":{"rendered":"<h2>Avustralya&#8217;da \u00e7evrimi\u00e7i Mon &amp; Wed Lotto nas\u0131l oynan\u0131r?<\/h2>\n<p>T\u00fcrkiye&#8217;deyseniz, Avustralya&#8217;da \u00e7evrimi\u00e7i olarak Mon &amp; Wed Lotto oynamak zor olmak zorunda de\u011fil. Tek yapman\u0131z gereken bunu hangi yolla yapaca\u011f\u0131n\u0131z\u0131 ve bir sonraki \u00e7ekili\u015f i\u00e7in istedi\u011finiz biletleri nas\u0131l alaca\u011f\u0131n\u0131z\u0131 belirlemek. Size bu konuda yard\u0131mc\u0131 olabiliriz.<\/p>\n<p>Sistemimiz t\u00fcm yol boyunca do\u011fru yolda oldu\u011funuzdan emin olman\u0131z\u0131 sa\u011flar. Tek yapman\u0131z gereken hesab\u0131n\u0131z\u0131 olu\u015fturmak, istedi\u011finiz biletleri ve numaralar\u0131 se\u00e7mek ve ard\u0131ndan tercih etti\u011finiz \u00f6deme y\u00f6ntemiyle \u00f6deme yapmakt\u0131r. Aynen bu \u015fekilde, gitmeye haz\u0131r olacak ve biletlerinizi kontrol edebilmek i\u00e7in bir sonraki \u00e7ekili\u015fi bekleyeceksiniz.<\/p>\n<p>\u0130lk biletleri se\u00e7meye haz\u0131rsan\u0131z tek yapman\u0131z gereken do\u011fru oyunu se\u00e7mektir. Bu durumda, Avustralya Pzt &amp; \u00c7ar Loto&#8217;sundan bahsediyoruz. \u00d6yleyse, do\u011fru oyunu se\u00e7in ve numaralar\u0131n\u0131z\u0131 se\u00e7meye ba\u015flay\u0131n.<br \/>\nYa da bilgisayar\u0131n sizin i\u00e7in rastgele say\u0131lar se\u00e7ece\u011fi h\u0131zl\u0131 bir se\u00e7im yap\u0131n. Fikrinizi de\u011fi\u015ftirirseniz bu say\u0131lar\u0131 yine de ayarlayabilirsiniz, b\u00f6ylece her \u00e7ekili\u015f i\u00e7in istedi\u011finiz say\u0131lar\u0131 elde edersiniz.<\/p>\n<p>Mon &amp; Wed Lotto Australia numaralar\u0131n\u0131z\u0131 se\u00e7tikten sonra, oynamak istedi\u011finiz di\u011fer oyunlar i\u00e7in birka\u00e7 bilet se\u00e7ebilir ve \u00f6deme yapabilirsiniz. \u00d6deme i\u015flemi g\u00fcvenli ve emniyetlidir ve ayr\u0131ca biletleri sat\u0131n alan ki\u015finin siz oldu\u011funuzdan emin olman\u0131z\u0131 sa\u011flar. Hesab\u0131n\u0131z\u0131 do\u011frulaman\u0131z (ve bir tane olu\u015fturman\u0131z) gerekecek ve ard\u0131ndan istedi\u011finiz biletleri sat\u0131n almaya ba\u015flayabilirsiniz.<\/p>\n<p>Sadece ki\u015fisel bilgilerinizle bir hesap olu\u015fturun ve g\u00f6nderdi\u011fimiz do\u011frulama e-postas\u0131ndaki ba\u011flant\u0131ya t\u0131klay\u0131n. Bizi hen\u00fcz adres defterinize eklemediyseniz spam klas\u00f6r\u00fcn\u00fczde olabilir, bu nedenle g\u00f6z\u00fcn\u00fcz\u00fcn \u00fczerinde oldu\u011fundan emin olun. Oradan, hesab\u0131n\u0131z haz\u0131r olacak ve istedi\u011finiz biletleri sat\u0131n almaya ba\u015flayabilirsiniz.<\/p>\n<p><a href=\"https:\/\/redfoxlotto.com\/play\/monday-wednesday-lotto-au\/?ref=a8564250a2&amp;medium=ol365\" target=\"_blank\" rel=\"noopener noreferrer\"><img decoding=\"async\" class=\"aligncenter\" src=\"https:\/\/redfoxlotto.com\/image?size=8&amp;lottery=monday-wednesday-lotto-au\" alt=\"Pzt &amp; \u00c7ar Loto Avustralya\" \/><\/a><\/p>\n<h2>Mon &amp; Wed Lotto Australia Hakk\u0131nda<\/h2>\n<ul>\n<li>\u00dclke Avustralya<\/li>\n<li>Ana numaralar aral\u0131\u011f\u0131: 45<\/li>\n<li>Se\u00e7mek zorundas\u0131n\u0131z: 6<\/li>\n<li>\u00c7ekili\u015f g\u00fcnleri ve saatleri: Pazartesi, \u00c7ar\u015famba, 21:30 GMT+11 &#8211; 10:30 CET<\/li>\n<li>B\u00fcy\u00fck ikramiye ba\u015fl\u0131yor: 2,5 milyon AU$<\/li>\n<li>Jackpot \u015fu de\u011ferle s\u0131n\u0131rland\u0131r\u0131lm\u0131\u015ft\u0131r: sabit jackpot<\/li>\n<li>B\u00fcy\u00fck ikramiyeyi kazanma \u015fans\u0131: 8145060&#8217;da 1<\/li>\n<li>\u0130kinci \u00f6d\u00fcl\u00fc kazanma \u015fans\u0131: 678755&#8217;te 1<\/li>\n<li>Herhangi bir \u00f6d\u00fcl kazanma \u015fans\u0131: 85,44&#8217;te 1<\/li>\n<li>\u00d6d\u00fcl kategorilerinin say\u0131s\u0131: 6<\/li>\n<\/ul>\n<h2>Mon &amp; Wed Lotto Australia&#8217;n\u0131n en iyi \u00f6zellikleri<\/h2>\n<p>Haftada iki kez \u00e7ekilen Avustralya Pzt ve \u00c7ar Loto&#8217;su size milyonlarca \u00f6d\u00fclden pay alma \u015fans\u0131 veriyor. Ve tek yapman\u0131z gereken bir \u015fans vermek ve kendinizi 1. B\u00f6l\u00fcm \u00f6d\u00fcl havuzuna sokmak. Ne kazanaca\u011f\u0131n\u0131z\u0131 asla bilemezsiniz.<\/p>\n<h2>Avustralya Pzt &amp; \u00c7ar Loto sonu\u00e7lar\u0131 nas\u0131l kontrol edilir?<\/h2>\n<p>Sonu\u00e7lar\u0131 kontrol etmek s\u00f6z konusu oldu\u011funda, gidebilece\u011finiz t\u00fcm yerlere \u015fa\u015f\u0131rabilirsiniz. \u00c7ekili\u015ften hemen sonra say\u0131lar\u0131 bulmak i\u00e7in piyangonun web sitesine g\u00f6z atabilirsiniz. \u00c7ekili\u015ften sonra yerel gazeteleri ve televizyon kanallar\u0131n\u0131 da kontrol edebilirsiniz.<br \/>\nAncak sonu\u00e7lar\u0131n\u0131z\u0131 h\u0131zl\u0131 ve kolay bir \u015fekilde almak istiyorsan\u0131z, biletlerinizi sat\u0131n ald\u0131\u011f\u0131n\u0131z web sitemizi kontrol etmelisiniz. Sadece kazanan numaralar\u0131 de\u011fil, ayn\u0131 zamanda numaralar\u0131n\u0131zla bir kar\u015f\u0131la\u015ft\u0131rma da bulacaks\u0131n\u0131z.<\/p>\n<h2>Mon &amp; Wed Lotto Australia online oynad\u0131n\u0131z ve kazand\u0131n\u0131z &#8211; sonra ne olacak?<\/h2>\n<p>Kazanan numaralar\u0131, numaralar\u0131n\u0131z\u0131 ve oyunda ne kadar kazand\u0131\u011f\u0131n\u0131z\u0131 kontrol edin. 2500\u20ac&#8217;dan az kazand\u0131ysan\u0131z hi\u00e7bir \u015fey yapman\u0131za gerek yoktur. Para zaten hesab\u0131n\u0131zda olacakt\u0131r.<br \/>\nVe hesab\u0131n\u0131za girdikten sonra tek yapman\u0131z gereken paray\u0131 \u00e7ekmek (10 \u20ac&#8217;nun \u00fczerindeyse) veya daha fazla loto bileti i\u00e7in harcamakt\u0131r. \u0130stedi\u011finiz kadar harcamak i\u00e7in hesab\u0131n\u0131zda b\u0131rakabilirsiniz, b\u00f6ylece her zaman orada olur.<br \/>\nAncak \u015fansl\u0131ysan\u0131z ve 2500 \u20ac&#8217;nun \u00fczerinde kazan\u0131rsan\u0131z, destek ekibimizden bir mesaj alacaks\u0131n\u0131z. Kazanc\u0131n\u0131z\u0131 almak i\u00e7in bir talep formu doldurmak da dahil olmak \u00fczere sonraki ad\u0131mlar\u0131n\u0131z\u0131 belirlemenize yard\u0131mc\u0131 olacaklar. Ard\u0131ndan paran\u0131z do\u011frudan banka hesab\u0131n\u0131za yat\u0131r\u0131lacak veya size \u00e7ek olarak g\u00f6nderilecektir.<\/p>\n","protected":false},"excerpt":{"rendered":"<p>Avustralya&#8217;da \u00e7evrimi\u00e7i Mon &amp; Wed Lotto nas\u0131l oynan\u0131r? T\u00fcrkiye&#8217;deyseniz, Avustralya&#8217;da \u00e7evrimi\u00e7i olarak Mon &amp; Wed Lotto oynamak zor olmak zorunda de\u011fil. Tek yapman\u0131z gereken bunu hangi yolla yapaca\u011f\u0131n\u0131z\u0131 ve bir sonraki \u00e7ekili\u015f i\u00e7in istedi\u011finiz biletleri nas\u0131l alaca\u011f\u0131n\u0131z\u0131 belirlemek. Size bu konuda yard\u0131mc\u0131 olabiliriz. Sistemimiz t\u00fcm yol boyunca do\u011fru yolda oldu\u011funuzdan emin olman\u0131z\u0131 sa\u011flar. Tek yapman\u0131z [&hellip;]<\/p>\n","protected":false},"author":1,"featured_media":0,"parent":5092,"menu_order":16,"comment_status":"closed","ping_status":"closed","template":"template-rightsidebar.php","meta":{"_et_pb_use_builder":"","_et_pb_old_content":"","_et_gb_content_width":"","exclude_from_search":false,"footnotes":""},"class_list":["post-79125","page","type-page","status-publish","hentry"],"yoast_head":"<!-- This site is optimized with the Yoast SEO plugin v23.4 - https:\/\/yoast.com\/wordpress\/plugins\/seo\/ -->\n<title>T\u00fcrkiye&#039;den bile Avustralya&#039;da Pazartesi ve \u00c7ar\u015famba Lotolar\u0131na kat\u0131l\u0131n<\/title>\n<meta name=\"description\" content=\"Avustralya Won &amp; Wed lotosunu mu oynamak istiyorsunuz? Biletlerinizi buradan al\u0131n!\" \/>\n<meta name=\"robots\" content=\"index, follow, max-snippet:-1, max-image-preview:large, max-video-preview:-1\" \/>\n<link rel=\"canonical\" href=\"https:\/\/onlinelotto365.com\/tr\/oyna\/mon-wed-lotto\/\" \/>\n<meta property=\"og:locale\" content=\"tr_TR\" \/>\n<meta property=\"og:type\" content=\"article\" \/>\n<meta property=\"og:title\" content=\"T\u00fcrkiye&#039;den bile Avustralya&#039;da Pazartesi ve \u00c7ar\u015famba Lotolar\u0131na kat\u0131l\u0131n\" \/>\n<meta property=\"og:description\" content=\"Avustralya Won &amp; Wed lotosunu mu oynamak istiyorsunuz? Biletlerinizi buradan al\u0131n!\" \/>\n<meta property=\"og:url\" content=\"https:\/\/onlinelotto365.com\/tr\/oyna\/mon-wed-lotto\/\" \/>\n<meta property=\"og:site_name\" content=\"OnlineLotto365\" \/>\n<meta property=\"article:modified_time\" content=\"2022-11-09T12:29:22+00:00\" \/>\n<meta property=\"og:image\" content=\"https:\/\/redfoxlotto.com\/image?size=8&amp;lottery=monday-wednesday-lotto-au\" \/>\n<meta name=\"twitter:card\" content=\"summary_large_image\" \/>\n<meta name=\"twitter:label1\" content=\"Tahmini okuma s\u00fcresi\" \/>\n\t<meta name=\"twitter:data1\" content=\"3 dakika\" \/>\n<script type=\"application\/ld+json\" class=\"yoast-schema-graph\">{\"@context\":\"https:\/\/schema.org\",\"@graph\":[{\"@type\":\"WebPage\",\"@id\":\"https:\/\/onlinelotto365.com\/tr\/oyna\/mon-wed-lotto\/\",\"url\":\"https:\/\/onlinelotto365.com\/tr\/oyna\/mon-wed-lotto\/\",\"name\":\"T\u00fcrkiye'den bile Avustralya'da Pazartesi ve \u00c7ar\u015famba Lotolar\u0131na kat\u0131l\u0131n\",\"isPartOf\":{\"@id\":\"https:\/\/onlinelotto365.com\/tr\/#website\"},\"primaryImageOfPage\":{\"@id\":\"https:\/\/onlinelotto365.com\/tr\/oyna\/mon-wed-lotto\/#primaryimage\"},\"image\":{\"@id\":\"https:\/\/onlinelotto365.com\/tr\/oyna\/mon-wed-lotto\/#primaryimage\"},\"thumbnailUrl\":\"https:\/\/redfoxlotto.com\/image?size=8&amp;lottery=monday-wednesday-lotto-au\",\"datePublished\":\"2022-11-01T11:20:21+00:00\",\"dateModified\":\"2022-11-09T12:29:22+00:00\",\"description\":\"Avustralya Won & Wed lotosunu mu oynamak istiyorsunuz? Biletlerinizi buradan al\u0131n!\",\"breadcrumb\":{\"@id\":\"https:\/\/onlinelotto365.com\/tr\/oyna\/mon-wed-lotto\/#breadcrumb\"},\"inLanguage\":\"tr\",\"potentialAction\":[{\"@type\":\"ReadAction\",\"target\":[\"https:\/\/onlinelotto365.com\/tr\/oyna\/mon-wed-lotto\/\"]}]},{\"@type\":\"ImageObject\",\"inLanguage\":\"tr\",\"@id\":\"https:\/\/onlinelotto365.com\/tr\/oyna\/mon-wed-lotto\/#primaryimage\",\"url\":\"https:\/\/redfoxlotto.com\/image?size=8&amp;lottery=monday-wednesday-lotto-au\",\"contentUrl\":\"https:\/\/redfoxlotto.com\/image?size=8&amp;lottery=monday-wednesday-lotto-au\"},{\"@type\":\"BreadcrumbList\",\"@id\":\"https:\/\/onlinelotto365.com\/tr\/oyna\/mon-wed-lotto\/#breadcrumb\",\"itemListElement\":[{\"@type\":\"ListItem\",\"position\":1,\"name\":\"Home\",\"item\":\"https:\/\/onlinelotto365.com\/tr\/\"},{\"@type\":\"ListItem\",\"position\":2,\"name\":\"En iyi \u00e7evrimi\u00e7i piyangolar\u0131 oynamak i\u00e7in se\u00e7enekleriniz hakk\u0131nda bilmeniz gereken her \u015fey\",\"item\":\"https:\/\/onlinelotto365.com\/tr\/oyna\/\"},{\"@type\":\"ListItem\",\"position\":3,\"name\":\"Mon &#038; Wed Lotto Australia oynamak T\u00fcrkiye&#8217;den piyango tutkunlar\u0131 i\u00e7in se\u00e7eneklerden sadece biri\"}]},{\"@type\":\"WebSite\",\"@id\":\"https:\/\/onlinelotto365.com\/tr\/#website\",\"url\":\"https:\/\/onlinelotto365.com\/tr\/\",\"name\":\"OnlineLotto365\",\"description\":\"\",\"potentialAction\":[{\"@type\":\"SearchAction\",\"target\":{\"@type\":\"EntryPoint\",\"urlTemplate\":\"https:\/\/onlinelotto365.com\/tr\/?s={search_term_string}\"},\"query-input\":{\"@type\":\"PropertyValueSpecification\",\"valueRequired\":true,\"valueName\":\"search_term_string\"}}],\"inLanguage\":\"tr\"}]}<\/script>\n<!-- \/ Yoast SEO plugin. -->","yoast_head_json":{"title":"T\u00fcrkiye'den bile Avustralya'da Pazartesi ve \u00c7ar\u015famba Lotolar\u0131na kat\u0131l\u0131n","description":"Avustralya Won & Wed lotosunu mu oynamak istiyorsunuz? Biletlerinizi buradan al\u0131n!","robots":{"index":"index","follow":"follow","max-snippet":"max-snippet:-1","max-image-preview":"max-image-preview:large","max-video-preview":"max-video-preview:-1"},"canonical":"https:\/\/onlinelotto365.com\/tr\/oyna\/mon-wed-lotto\/","og_locale":"tr_TR","og_type":"article","og_title":"T\u00fcrkiye'den bile Avustralya'da Pazartesi ve \u00c7ar\u015famba Lotolar\u0131na kat\u0131l\u0131n","og_description":"Avustralya Won & Wed lotosunu mu oynamak istiyorsunuz? Biletlerinizi buradan al\u0131n!","og_url":"https:\/\/onlinelotto365.com\/tr\/oyna\/mon-wed-lotto\/","og_site_name":"OnlineLotto365","article_modified_time":"2022-11-09T12:29:22+00:00","og_image":[{"url":"https:\/\/redfoxlotto.com\/image?size=8&amp;lottery=monday-wednesday-lotto-au"}],"twitter_card":"summary_large_image","twitter_misc":{"Tahmini okuma s\u00fcresi":"3 dakika"},"schema":{"@context":"https:\/\/schema.org","@graph":[{"@type":"WebPage","@id":"https:\/\/onlinelotto365.com\/tr\/oyna\/mon-wed-lotto\/","url":"https:\/\/onlinelotto365.com\/tr\/oyna\/mon-wed-lotto\/","name":"T\u00fcrkiye'den bile Avustralya'da Pazartesi ve \u00c7ar\u015famba Lotolar\u0131na kat\u0131l\u0131n","isPartOf":{"@id":"https:\/\/onlinelotto365.com\/tr\/#website"},"primaryImageOfPage":{"@id":"https:\/\/onlinelotto365.com\/tr\/oyna\/mon-wed-lotto\/#primaryimage"},"image":{"@id":"https:\/\/onlinelotto365.com\/tr\/oyna\/mon-wed-lotto\/#primaryimage"},"thumbnailUrl":"https:\/\/redfoxlotto.com\/image?size=8&amp;lottery=monday-wednesday-lotto-au","datePublished":"2022-11-01T11:20:21+00:00","dateModified":"2022-11-09T12:29:22+00:00","description":"Avustralya Won & Wed lotosunu mu oynamak istiyorsunuz? Biletlerinizi buradan al\u0131n!","breadcrumb":{"@id":"https:\/\/onlinelotto365.com\/tr\/oyna\/mon-wed-lotto\/#breadcrumb"},"inLanguage":"tr","potentialAction":[{"@type":"ReadAction","target":["https:\/\/onlinelotto365.com\/tr\/oyna\/mon-wed-lotto\/"]}]},{"@type":"ImageObject","inLanguage":"tr","@id":"https:\/\/onlinelotto365.com\/tr\/oyna\/mon-wed-lotto\/#primaryimage","url":"https:\/\/redfoxlotto.com\/image?size=8&amp;lottery=monday-wednesday-lotto-au","contentUrl":"https:\/\/redfoxlotto.com\/image?size=8&amp;lottery=monday-wednesday-lotto-au"},{"@type":"BreadcrumbList","@id":"https:\/\/onlinelotto365.com\/tr\/oyna\/mon-wed-lotto\/#breadcrumb","itemListElement":[{"@type":"ListItem","position":1,"name":"Home","item":"https:\/\/onlinelotto365.com\/tr\/"},{"@type":"ListItem","position":2,"name":"En iyi \u00e7evrimi\u00e7i piyangolar\u0131 oynamak i\u00e7in se\u00e7enekleriniz hakk\u0131nda bilmeniz gereken her \u015fey","item":"https:\/\/onlinelotto365.com\/tr\/oyna\/"},{"@type":"ListItem","position":3,"name":"Mon &#038; Wed Lotto Australia oynamak T\u00fcrkiye&#8217;den piyango tutkunlar\u0131 i\u00e7in se\u00e7eneklerden sadece biri"}]},{"@type":"WebSite","@id":"https:\/\/onlinelotto365.com\/tr\/#website","url":"https:\/\/onlinelotto365.com\/tr\/","name":"OnlineLotto365","description":"","potentialAction":[{"@type":"SearchAction","target":{"@type":"EntryPoint","urlTemplate":"https:\/\/onlinelotto365.com\/tr\/?s={search_term_string}"},"query-input":{"@type":"PropertyValueSpecification","valueRequired":true,"valueName":"search_term_string"}}],"inLanguage":"tr"}]}},"_links":{"self":[{"href":"https:\/\/onlinelotto365.com\/tr\/wp-json\/wp\/v2\/pages\/79125","targetHints":{"allow":["GET"]}}],"collection":[{"href":"https:\/\/onlinelotto365.com\/tr\/wp-json\/wp\/v2\/pages"}],"about":[{"href":"https:\/\/onlinelotto365.com\/tr\/wp-json\/wp\/v2\/types\/page"}],"author":[{"embeddable":true,"href":"https:\/\/onlinelotto365.com\/tr\/wp-json\/wp\/v2\/users\/1"}],"replies":[{"embeddable":true,"href":"https:\/\/onlinelotto365.com\/tr\/wp-json\/wp\/v2\/comments?post=79125"}],"version-history":[{"count":0,"href":"https:\/\/onlinelotto365.com\/tr\/wp-json\/wp\/v2\/pages\/79125\/revisions"}],"up":[{"embeddable":true,"href":"https:\/\/onlinelotto365.com\/tr\/wp-json\/wp\/v2\/pages\/5092"}],"wp:attachment":[{"href":"https:\/\/onlinelotto365.com\/tr\/wp-json\/wp\/v2\/media?parent=79125"}],"curies":[{"name":"wp","href":"https:\/\/api.w.org\/{rel}","templated":true}]}}