{"id":79187,"date":"2022-11-02T09:16:34","date_gmt":"2022-11-02T08:16:34","guid":{"rendered":"https:\/\/onlinelotto365.com\/?page_id=79187"},"modified":"2022-11-02T09:16:34","modified_gmt":"2022-11-02T08:16:34","slug":"bonoloto","status":"publish","type":"page","link":"https:\/\/onlinelotto365.com\/tr\/oyna\/bonoloto\/","title":{"rendered":"Bonoloto art\u0131k her yerden temin edilebilir"},"content":{"rendered":"<h2>BonoLoto \u00e7evrimi\u00e7i nas\u0131l oynan\u0131r<\/h2>\n<p>BonoLoto oynamak d\u00fc\u015f\u00fcnd\u00fc\u011f\u00fcn\u00fczden daha kolay. Tek yapman\u0131z gereken nereden ba\u015flayaca\u011f\u0131n\u0131z\u0131 ve biletlerinizi nereden sat\u0131n alaca\u011f\u0131n\u0131z\u0131 bilmek. Ve tam olarak bunu yapabilece\u011finiz en iyi yer bizimle ve birka\u00e7 basit ad\u0131mla.<\/p>\n<p>Sistemimiz ba\u015f\u0131ndan sonuna kadar sizinle ilgilenildi\u011finden emin olman\u0131z\u0131 sa\u011flar. Yapman\u0131z gereken tek \u015fey tamamen \u00fccretsiz bir hesap olu\u015fturmak ve yolunuza devam etmek. Mevcut t\u00fcm farkl\u0131 loto oyunlar\u0131m\u0131z aras\u0131ndan se\u00e7im yapabilecek ve istedi\u011finiz biletleri ve belirli say\u0131lar\u0131 se\u00e7ebileceksiniz. Ard\u0131ndan tercih etti\u011finiz \u00f6deme y\u00f6ntemiyle \u00f6deme yapabilirsiniz ve i\u015finiz biter.<\/p>\n<p>Tek yapman\u0131z gereken, mevcut farkl\u0131 loto oyunlar\u0131na bir g\u00f6z atmak ve do\u011fru olan\u0131 (BonoLoto) se\u00e7mek. Oradan, oynamak istedi\u011finiz say\u0131lar\u0131 se\u00e7ersiniz. \u00c7ok fazla veya \u00e7ok az say\u0131 se\u00e7meniz fark etmez, sistemimiz biletinizi d\u00fczeltebilmeniz i\u00e7in yapman\u0131z gerekenler konusunda sizi uyaracakt\u0131r. Ya da bilgisayar\u0131n size rastgele say\u0131lar atamas\u0131na izin vermeyi se\u00e7ebilirsiniz.<\/p>\n<p>BonoLoto i\u00e7in istedi\u011finiz biletleri ald\u0131ktan sonra, di\u011fer oyunlardan da bilet eklemeyi se\u00e7ebilirsiniz. Her \u015fey \u00e7ok basit olacak ve sadece birka\u00e7 dakika s\u00fcrecek. Bize verdi\u011finiz e-postada do\u011frulama e-postan\u0131z\u0131n gelmesini beklersiniz ve ba\u011flant\u0131ya t\u0131klars\u0131n\u0131z. T\u00fcm yapman\u0131z gereken bu ve hesab\u0131n\u0131z kurulmu\u015f olacak. Bu \u015fekilde bilet almaya devam edebilirsiniz.<\/p>\n<p><a href=\"https:\/\/redfoxlotto.com\/play\/bonoloto\/?ref=a8564250a2&amp;medium=ol365\" target=\"_blank\" rel=\"noopener noreferrer\"><img decoding=\"async\" class=\"aligncenter\" src=\"https:\/\/redfoxlotto.com\/image?size=8&amp;lottery=bonoloto\" alt=\"Bono Lotto\" \/><\/a><\/p>\n<p>Emin olmak i\u00e7in do\u011frulama ba\u011flant\u0131s\u0131n\u0131 hem normal e-posta gelen kutunuzda hem de spam klas\u00f6r\u00fcn\u00fczde g\u00f6rd\u00fc\u011f\u00fcn\u00fczden emin olun. Adres defterinizde yer alm\u0131yorsak, e-postay\u0131 normal hesap klas\u00f6r\u00fcn\u00fczde g\u00f6remeyebilirsiniz.<\/p>\n<h2>BonoLoto Hakk\u0131nda<\/h2>\n<ul>\n<li>\u00dclke \u0130spanya<\/li>\n<li>\u00dclke \u0130spanya<\/li>\n<li>Ana numaralar aral\u0131\u011f\u0131: 49<\/li>\n<li>Se\u00e7mek zorundas\u0131n\u0131z: 6<\/li>\n<li>\u00c7ekili\u015f g\u00fcnleri, saatleri: Pazar g\u00fcnleri hari\u00e7 her g\u00fcn, 21:30 CET &#8211; 21:30 CET<\/li>\n<li>B\u00fcy\u00fck \u0130kramiye ba\u015fl\u0131yor: \u20ac400.000<\/li>\n<li>Jackpot s\u0131n\u0131r\u0131: yok<\/li>\n<li>B\u00fcy\u00fck ikramiyeyi kazanma \u015fans\u0131: 13983816&#8217;da 1<\/li>\n<li>\u0130kinci \u00f6d\u00fcl\u00fc kazanma \u015fans\u0131: 2330636&#8217;da 1<\/li>\n<li>Herhangi bir \u00f6d\u00fcl kazanma \u015fans\u0131: 8,43&#8217;te 1<\/li>\n<li>\u00d6d\u00fcl kategorilerinin say\u0131s\u0131: 6<\/li>\n<\/ul>\n<h2>BonoLoto&#8217;nun en iyi \u00f6zellikleri<\/h2>\n<p>BonoLoto uzun bir s\u00fcredir piyasada ve bu s\u00fcre zarf\u0131nda pek \u00e7ok \u00f6d\u00fcl da\u011f\u0131tt\u0131. Daha da iyisi, her hafta d\u00f6rt farkl\u0131 \u00e7ekili\u015fi var ve ba\u015flang\u0131\u00e7ta uygun fiyatl\u0131 bir se\u00e7enek olarak olu\u015fturuldu. Hala \u00f6yle ve toplam \u00f6d\u00fcllerde gelirin %55&#8217;inden pay kazanabilirsiniz.<\/p>\n<h2>BonoLoto sonu\u00e7lar\u0131 nas\u0131l kontrol edilir<\/h2>\n<p>BonoLoto i\u00e7in kazanan numaralar\u0131n ne oldu\u011funu g\u00f6rmeye haz\u0131r m\u0131s\u0131n\u0131z? Asl\u0131nda bu olduk\u00e7a basit \u00e7\u00fcnk\u00fc tek yapman\u0131z gereken BonoLoto resmi web sitesine gitmek. Ya da yerel gazetelerinizi ve televizyon kanallar\u0131n\u0131z\u0131 kontrol etmeyi se\u00e7ebilirsiniz. Bu yerlerin hepsi kazanan numaralar\u0131 bildirir.<br \/>\nAncak gidilecek en iyi yer kesinlikle biletinizi ald\u0131\u011f\u0131n\u0131z yerdir, yani tam buras\u0131. Kazanan numaralar\u0131n yan\u0131 s\u0131ra kendi numaralar\u0131n\u0131z\u0131 ve nas\u0131l kar\u015f\u0131la\u015ft\u0131r\u0131ld\u0131klar\u0131n\u0131 da g\u00f6rebileceksiniz. Bu \u015fekilde, kazanc\u0131n\u0131z\u0131 da hemen g\u00f6rebilirsiniz. <img loading=\"lazy\" decoding=\"async\" class=\"alignright wp-image-3656\" src=\"https:\/\/onlinelotto365.com\/wp-content\/uploads\/2020\/11\/online_lottery-16-300x200.jpg\" alt=\"bonoloto online oyna\" width=\"215\" height=\"143\" srcset=\"https:\/\/onlinelotto365.com\/wp-content\/uploads\/2020\/11\/online_lottery-16-300x200.jpg 300w, https:\/\/onlinelotto365.com\/wp-content\/uploads\/2020\/11\/online_lottery-16.jpg 320w\" sizes=\"auto, (max-width: 215px) 100vw, 215px\" \/><\/p>\n<h2>BonoLoto online oynad\u0131n\u0131z ve kazand\u0131n\u0131z &#8211; sonra ne olacak?<\/h2>\n<p>2500\u20ac&#8217;dan az kazan\u0131rsan\u0131z hi\u00e7bir \u015fey yapman\u0131za gerek yok. \u00c7\u00fcnk\u00fc paray\u0131 sizin i\u00e7in talep ediyoruz ve do\u011frudan hesab\u0131n\u0131za yat\u0131r\u0131yoruz. \u0130stedi\u011finiz zaman ve istedi\u011finiz \u015fekilde kullanman\u0131z i\u00e7in orada olacakt\u0131r. Ya da en az 10 \u20ac&#8217;nuz varsa normal banka hesab\u0131n\u0131za \u00e7ekebilirsiniz.<br \/>\n2500\u20ac&#8217;dan fazla kazand\u0131ysan\u0131z, destek ekibimizden haber almak i\u00e7in beklemeniz gerekecek \u00e7\u00fcnk\u00fc kazanc\u0131n\u0131z\u0131 alman\u0131z i\u00e7in biraz daha fazla \u015fey yapman\u0131z gerekiyor. Neyse ki, s\u00fcre\u00e7te size yard\u0131mc\u0131 oluyoruz ve paran\u0131z\u0131n \u00e7ekle veya do\u011frudan hesab\u0131n\u0131za g\u00f6nderilmesini sa\u011flayabilmeniz i\u00e7in hemen ba\u015flaman\u0131z\u0131 sa\u011fl\u0131yoruz.<\/p>\n","protected":false},"excerpt":{"rendered":"<p>BonoLoto \u00e7evrimi\u00e7i nas\u0131l oynan\u0131r BonoLoto oynamak d\u00fc\u015f\u00fcnd\u00fc\u011f\u00fcn\u00fczden daha kolay. Tek yapman\u0131z gereken nereden ba\u015flayaca\u011f\u0131n\u0131z\u0131 ve biletlerinizi nereden sat\u0131n alaca\u011f\u0131n\u0131z\u0131 bilmek. Ve tam olarak bunu yapabilece\u011finiz en iyi yer bizimle ve birka\u00e7 basit ad\u0131mla. Sistemimiz ba\u015f\u0131ndan sonuna kadar sizinle ilgilenildi\u011finden emin olman\u0131z\u0131 sa\u011flar. Yapman\u0131z gereken tek \u015fey tamamen \u00fccretsiz bir hesap olu\u015fturmak ve yolunuza devam etmek. [&hellip;]<\/p>\n","protected":false},"author":1,"featured_media":0,"parent":5092,"menu_order":8,"comment_status":"closed","ping_status":"closed","template":"","meta":{"_et_pb_use_builder":"","_et_pb_old_content":"","_et_gb_content_width":"","exclude_from_search":false,"footnotes":""},"class_list":["post-79187","page","type-page","status-publish","hentry"],"yoast_head":"<!-- This site is optimized with the Yoast SEO plugin v23.4 - https:\/\/yoast.com\/wordpress\/plugins\/seo\/ -->\n<title>T\u00fcrkiye&#039;de ya\u015f\u0131yorsan\u0131z BonoLoto nas\u0131l oynan\u0131r?<\/title>\n<meta name=\"description\" content=\"Bonoloto oynamak i\u00e7in yasal olarak web sitemizden bilet sipari\u015f edin\" \/>\n<meta name=\"robots\" content=\"index, follow, max-snippet:-1, max-image-preview:large, max-video-preview:-1\" \/>\n<link rel=\"canonical\" href=\"https:\/\/onlinelotto365.com\/tr\/oyna\/bonoloto\/\" \/>\n<meta property=\"og:locale\" content=\"tr_TR\" \/>\n<meta property=\"og:type\" content=\"article\" \/>\n<meta property=\"og:title\" content=\"T\u00fcrkiye&#039;de ya\u015f\u0131yorsan\u0131z BonoLoto nas\u0131l oynan\u0131r?\" \/>\n<meta property=\"og:description\" content=\"Bonoloto oynamak i\u00e7in yasal olarak web sitemizden bilet sipari\u015f edin\" \/>\n<meta property=\"og:url\" content=\"https:\/\/onlinelotto365.com\/tr\/oyna\/bonoloto\/\" \/>\n<meta property=\"og:site_name\" content=\"OnlineLotto365\" \/>\n<meta property=\"og:image\" content=\"https:\/\/redfoxlotto.com\/image?size=8&amp;lottery=bonoloto\" \/>\n<meta name=\"twitter:card\" content=\"summary_large_image\" \/>\n<meta name=\"twitter:label1\" content=\"Tahmini okuma s\u00fcresi\" \/>\n\t<meta name=\"twitter:data1\" content=\"3 dakika\" \/>\n<script type=\"application\/ld+json\" class=\"yoast-schema-graph\">{\"@context\":\"https:\/\/schema.org\",\"@graph\":[{\"@type\":\"WebPage\",\"@id\":\"https:\/\/onlinelotto365.com\/tr\/oyna\/bonoloto\/\",\"url\":\"https:\/\/onlinelotto365.com\/tr\/oyna\/bonoloto\/\",\"name\":\"T\u00fcrkiye'de ya\u015f\u0131yorsan\u0131z BonoLoto nas\u0131l oynan\u0131r?\",\"isPartOf\":{\"@id\":\"https:\/\/onlinelotto365.com\/tr\/#website\"},\"primaryImageOfPage\":{\"@id\":\"https:\/\/onlinelotto365.com\/tr\/oyna\/bonoloto\/#primaryimage\"},\"image\":{\"@id\":\"https:\/\/onlinelotto365.com\/tr\/oyna\/bonoloto\/#primaryimage\"},\"thumbnailUrl\":\"https:\/\/redfoxlotto.com\/image?size=8&amp;lottery=bonoloto\",\"datePublished\":\"2022-11-02T08:16:34+00:00\",\"dateModified\":\"2022-11-02T08:16:34+00:00\",\"description\":\"Bonoloto oynamak i\u00e7in yasal olarak web sitemizden bilet sipari\u015f edin\",\"breadcrumb\":{\"@id\":\"https:\/\/onlinelotto365.com\/tr\/oyna\/bonoloto\/#breadcrumb\"},\"inLanguage\":\"tr\",\"potentialAction\":[{\"@type\":\"ReadAction\",\"target\":[\"https:\/\/onlinelotto365.com\/tr\/oyna\/bonoloto\/\"]}]},{\"@type\":\"ImageObject\",\"inLanguage\":\"tr\",\"@id\":\"https:\/\/onlinelotto365.com\/tr\/oyna\/bonoloto\/#primaryimage\",\"url\":\"https:\/\/redfoxlotto.com\/image?size=8&amp;lottery=bonoloto\",\"contentUrl\":\"https:\/\/redfoxlotto.com\/image?size=8&amp;lottery=bonoloto\"},{\"@type\":\"BreadcrumbList\",\"@id\":\"https:\/\/onlinelotto365.com\/tr\/oyna\/bonoloto\/#breadcrumb\",\"itemListElement\":[{\"@type\":\"ListItem\",\"position\":1,\"name\":\"Home\",\"item\":\"https:\/\/onlinelotto365.com\/tr\/\"},{\"@type\":\"ListItem\",\"position\":2,\"name\":\"En iyi \u00e7evrimi\u00e7i piyangolar\u0131 oynamak i\u00e7in se\u00e7enekleriniz hakk\u0131nda bilmeniz gereken her \u015fey\",\"item\":\"https:\/\/onlinelotto365.com\/tr\/oyna\/\"},{\"@type\":\"ListItem\",\"position\":3,\"name\":\"Bonoloto art\u0131k her yerden temin edilebilir\"}]},{\"@type\":\"WebSite\",\"@id\":\"https:\/\/onlinelotto365.com\/tr\/#website\",\"url\":\"https:\/\/onlinelotto365.com\/tr\/\",\"name\":\"OnlineLotto365\",\"description\":\"\",\"potentialAction\":[{\"@type\":\"SearchAction\",\"target\":{\"@type\":\"EntryPoint\",\"urlTemplate\":\"https:\/\/onlinelotto365.com\/tr\/?s={search_term_string}\"},\"query-input\":{\"@type\":\"PropertyValueSpecification\",\"valueRequired\":true,\"valueName\":\"search_term_string\"}}],\"inLanguage\":\"tr\"}]}<\/script>\n<!-- \/ Yoast SEO plugin. -->","yoast_head_json":{"title":"T\u00fcrkiye'de ya\u015f\u0131yorsan\u0131z BonoLoto nas\u0131l oynan\u0131r?","description":"Bonoloto oynamak i\u00e7in yasal olarak web sitemizden bilet sipari\u015f edin","robots":{"index":"index","follow":"follow","max-snippet":"max-snippet:-1","max-image-preview":"max-image-preview:large","max-video-preview":"max-video-preview:-1"},"canonical":"https:\/\/onlinelotto365.com\/tr\/oyna\/bonoloto\/","og_locale":"tr_TR","og_type":"article","og_title":"T\u00fcrkiye'de ya\u015f\u0131yorsan\u0131z BonoLoto nas\u0131l oynan\u0131r?","og_description":"Bonoloto oynamak i\u00e7in yasal olarak web sitemizden bilet sipari\u015f edin","og_url":"https:\/\/onlinelotto365.com\/tr\/oyna\/bonoloto\/","og_site_name":"OnlineLotto365","og_image":[{"url":"https:\/\/redfoxlotto.com\/image?size=8&amp;lottery=bonoloto"}],"twitter_card":"summary_large_image","twitter_misc":{"Tahmini okuma s\u00fcresi":"3 dakika"},"schema":{"@context":"https:\/\/schema.org","@graph":[{"@type":"WebPage","@id":"https:\/\/onlinelotto365.com\/tr\/oyna\/bonoloto\/","url":"https:\/\/onlinelotto365.com\/tr\/oyna\/bonoloto\/","name":"T\u00fcrkiye'de ya\u015f\u0131yorsan\u0131z BonoLoto nas\u0131l oynan\u0131r?","isPartOf":{"@id":"https:\/\/onlinelotto365.com\/tr\/#website"},"primaryImageOfPage":{"@id":"https:\/\/onlinelotto365.com\/tr\/oyna\/bonoloto\/#primaryimage"},"image":{"@id":"https:\/\/onlinelotto365.com\/tr\/oyna\/bonoloto\/#primaryimage"},"thumbnailUrl":"https:\/\/redfoxlotto.com\/image?size=8&amp;lottery=bonoloto","datePublished":"2022-11-02T08:16:34+00:00","dateModified":"2022-11-02T08:16:34+00:00","description":"Bonoloto oynamak i\u00e7in yasal olarak web sitemizden bilet sipari\u015f edin","breadcrumb":{"@id":"https:\/\/onlinelotto365.com\/tr\/oyna\/bonoloto\/#breadcrumb"},"inLanguage":"tr","potentialAction":[{"@type":"ReadAction","target":["https:\/\/onlinelotto365.com\/tr\/oyna\/bonoloto\/"]}]},{"@type":"ImageObject","inLanguage":"tr","@id":"https:\/\/onlinelotto365.com\/tr\/oyna\/bonoloto\/#primaryimage","url":"https:\/\/redfoxlotto.com\/image?size=8&amp;lottery=bonoloto","contentUrl":"https:\/\/redfoxlotto.com\/image?size=8&amp;lottery=bonoloto"},{"@type":"BreadcrumbList","@id":"https:\/\/onlinelotto365.com\/tr\/oyna\/bonoloto\/#breadcrumb","itemListElement":[{"@type":"ListItem","position":1,"name":"Home","item":"https:\/\/onlinelotto365.com\/tr\/"},{"@type":"ListItem","position":2,"name":"En iyi \u00e7evrimi\u00e7i piyangolar\u0131 oynamak i\u00e7in se\u00e7enekleriniz hakk\u0131nda bilmeniz gereken her \u015fey","item":"https:\/\/onlinelotto365.com\/tr\/oyna\/"},{"@type":"ListItem","position":3,"name":"Bonoloto art\u0131k her yerden temin edilebilir"}]},{"@type":"WebSite","@id":"https:\/\/onlinelotto365.com\/tr\/#website","url":"https:\/\/onlinelotto365.com\/tr\/","name":"OnlineLotto365","description":"","potentialAction":[{"@type":"SearchAction","target":{"@type":"EntryPoint","urlTemplate":"https:\/\/onlinelotto365.com\/tr\/?s={search_term_string}"},"query-input":{"@type":"PropertyValueSpecification","valueRequired":true,"valueName":"search_term_string"}}],"inLanguage":"tr"}]}},"_links":{"self":[{"href":"https:\/\/onlinelotto365.com\/tr\/wp-json\/wp\/v2\/pages\/79187","targetHints":{"allow":["GET"]}}],"collection":[{"href":"https:\/\/onlinelotto365.com\/tr\/wp-json\/wp\/v2\/pages"}],"about":[{"href":"https:\/\/onlinelotto365.com\/tr\/wp-json\/wp\/v2\/types\/page"}],"author":[{"embeddable":true,"href":"https:\/\/onlinelotto365.com\/tr\/wp-json\/wp\/v2\/users\/1"}],"replies":[{"embeddable":true,"href":"https:\/\/onlinelotto365.com\/tr\/wp-json\/wp\/v2\/comments?post=79187"}],"version-history":[{"count":0,"href":"https:\/\/onlinelotto365.com\/tr\/wp-json\/wp\/v2\/pages\/79187\/revisions"}],"up":[{"embeddable":true,"href":"https:\/\/onlinelotto365.com\/tr\/wp-json\/wp\/v2\/pages\/5092"}],"wp:attachment":[{"href":"https:\/\/onlinelotto365.com\/tr\/wp-json\/wp\/v2\/media?parent=79187"}],"curies":[{"name":"wp","href":"https:\/\/api.w.org\/{rel}","templated":true}]}}