{"id":79225,"date":"2022-11-02T12:07:23","date_gmt":"2022-11-02T11:07:23","guid":{"rendered":"https:\/\/onlinelotto365.com\/?page_id=79225"},"modified":"2022-11-02T12:07:39","modified_gmt":"2022-11-02T11:07:39","slug":"alman-lotosu","status":"publish","type":"page","link":"https:\/\/onlinelotto365.com\/tr\/oyna\/alman-lotosu\/","title":{"rendered":"Di\u011fer \u00fclkelerden Alman Loto&#8217;suna kat\u0131l\u0131n"},"content":{"rendered":"<p>Alman Loto&#8217;su 50 y\u0131l\u0131 a\u015fk\u0131n bir s\u00fcredir d\u00fczenlenmekte olan d\u00fcnyan\u0131n en uzun soluklu piyangolar\u0131ndan biridir. T\u00fcm bu deneyimin onlara \u00e7ok iyi hizmet etti\u011fine bahse girebilirsiniz ve EuroMillions piyangosuyla birlikte \u00e7al\u0131\u015fmak yerine kendi ulusal piyangolar\u0131n\u0131 koruyan daha b\u00fcy\u00fck Avrupa \u00fclkelerinden biridir. Yani Almanlar, olmas\u0131 gerekti\u011fi gibi Alman Loto&#8217;lar\u0131yla gurur duyuyorlar.<\/p>\n<p>T\u00fcrkiye&#8217;de ya\u015f\u0131yorsan\u0131z ve yine de Alman Loto&#8217;sunu ya da d\u00fcnyan\u0131n herhangi bir yerinden ba\u015fka bir b\u00fcy\u00fck lotoyu oynamak istiyorsan\u0131z, art\u0131k bunu yapman\u0131z\u0131 engelleyen hi\u00e7bir \u015fey yok. Bug\u00fcnlerde tek yapman\u0131z gereken biletlerinizi online olarak sat\u0131n almak. E\u011fer T\u00fcrkiye&#8217;den geliyorsan\u0131z, Alman Loto&#8217;su i\u00e7in de internetten bilet sat\u0131n alabilirsiniz.<\/p>\n<p>Tabii ki, piyango biletlerinizi bu \u015fekilde nereden alaca\u011f\u0131n\u0131z\u0131 bilmeniz gerekiyor ve i\u015fte burada biz devreye giriyoruz. Bir s\u00fcredir bu online piyango bileti hizmetini y\u00fcr\u00fct\u00fcyoruz. Bu, tahmin edebilece\u011finiz gibi, piyangolar icat edildi\u011finden beri piyango oynaman\u0131n ba\u015f\u0131na gelen en b\u00fcy\u00fck \u015fey.<\/p>\n<p><a href=\"https:\/\/redfoxlotto.com\/play\/lotto-6aus49\/?ref=a8564250a2&amp;medium=ol365\" target=\"_blank\" rel=\"noopener noreferrer\"><img decoding=\"async\" class=\"aligncenter\" src=\"https:\/\/redfoxlotto.com\/image?size=8&amp;lottery=lotto-6aus49\" alt=\"Alman 6aus49\" \/><\/a><\/p>\n<h2>Art\u0131k Sadece B\u00f6lgenizdeki Piyango ile S\u0131n\u0131rl\u0131 De\u011filsiniz<\/h2>\n<p>E\u011fer siz de \u00e7o\u011fu piyango oyuncusu gibiyseniz, b\u00fcy\u00fck piyangolar\u0131 oynamak istersiniz ve se\u00e7me \u015fans\u0131n\u0131z oldu\u011funda birden fazla piyango oynamak istersiniz. Ancak son zamanlara kadar bu m\u00fcmk\u00fcn de\u011fildi. \u0130nsanlar bunun neden m\u00fcmk\u00fcn olmad\u0131\u011f\u0131n\u0131 merak ediyordu, \u00f6rne\u011fin neden piyango biletleri d\u0131\u015f\u0131nda hemen hemen her \u015feyi internetten sat\u0131n alabiliyordunuz?<\/p>\n<p>Bu, m\u00fc\u015fterilerimiz i\u00e7in teklif vermek \u00fczere g\u00f6revlendirilecek insanlardan olu\u015fan bir a\u011f gerektiriyordu; bu da bir\u00e7ok farkl\u0131 \u00fclkede herkes i\u00e7in d\u0131\u015far\u0131 \u00e7\u0131k\u0131p bilet sat\u0131n almay\u0131 i\u00e7eriyordu. Ayr\u0131ca sat\u0131\u015f noktas\u0131ndan itibaren m\u00fc\u015fterilerin deneyimlerini y\u00f6netmeyi ve insanlar\u0131n bekledi\u011fi t\u00fcrden m\u00fckemmel bir hizmet sunmay\u0131 da i\u00e7eriyordu.<\/p>\n<p><img loading=\"lazy\" decoding=\"async\" class=\" wp-image-1543 alignright\" src=\"https:\/\/onlinelotto365.com\/wp-content\/uploads\/2020\/11\/online_lottery-135.jpg\" alt=\"online alman loto oyna\" width=\"305\" height=\"204\" \/><\/p>\n<h2>German Lotto Hakk\u0131nda<\/h2>\n<ul>\n<li>\u00dclke Almanya<\/li>\n<li>Ana numaralar aral\u0131\u011f\u0131: 49<\/li>\n<li>Sen se\u00e7: 6<\/li>\n<li>Ekstra say\u0131 aral\u0131\u011f\u0131: yok<\/li>\n<li>Sen se\u00e7: yok<\/li>\n<li>\u00c7ekili\u015f g\u00fcnleri, saatleri: Cumartesi, 20:25 CET, 20:25 CET<\/li>\n<li>Minimum ikramiye: 1 milyon \u20ac<\/li>\n<li>Maksimum ikramiye s\u0131n\u0131r\u0131: s\u0131n\u0131r yok<\/li>\n<li>B\u00fcy\u00fck ikramiyeyi kazanma olas\u0131l\u0131\u011f\u0131: 125.854.344&#8217;te 1<\/li>\n<li>2. kademe kazanma olas\u0131l\u0131\u011f\u0131: 13.983.816&#8217;da 1<\/li>\n<li>Herhangi bir kademede kazanma olas\u0131l\u0131\u011f\u0131: 31&#8217;de 1<\/li>\n<li>\u00d6d\u00fcl kademesi say\u0131s\u0131: 9<\/li>\n<\/ul>\n<p>Size sundu\u011fumuz t\u00fcm piyangolar, Alman Loto&#8217;su da dahil olmak \u00fczere birinci s\u0131n\u0131f b\u00fcy\u00fck piyangolard\u0131r. Alman Loto&#8217;sunu oynamak i\u00e7in, 1&#8217;den 9&#8217;a kadar bir bonus say\u0131 ile birlikte olas\u0131 49 say\u0131dan 6&#8217;s\u0131n\u0131 se\u00e7ersiniz.\u00a0E\u011fer 6 say\u0131n\u0131n hepsini ve bonus say\u0131y\u0131 ba\u015far\u0131yla tutturursan\u0131z, birka\u00e7 milyon Euro veya daha fazlas\u0131n\u0131 almak i\u00e7in yak\u0131nda Almanya&#8217;ya bir yolculuk yapacaks\u0131n\u0131z.<\/p>\n<p>Di\u011fer bir\u00e7ok b\u00fcy\u00fck piyangoya k\u0131yasla tamburdaki top miktar\u0131n\u0131n daha az oldu\u011fu g\u00f6z \u00f6n\u00fcne al\u0131nd\u0131\u011f\u0131nda, Alman Loto&#8217;sunda b\u00fcy\u00fck ikramiyeyi kazanma \u015fans\u0131n\u0131z kesinlikle daha y\u00fcksektir. Elbette Alman Loto&#8217;su, t\u00fcm piyangolarda oldu\u011fu gibi, b\u00fcy\u00fck ikramiyenin yan\u0131 s\u0131ra ba\u015fka \u00f6d\u00fcller de sunar ve b\u00fcy\u00fck ikramiyenin yan\u0131 s\u0131ra toplam 7 yan \u00f6d\u00fcl vard\u0131r. E\u011fer say\u0131lar\u0131n\u0131zdan en az 3 tanesini tutturabilirseniz, size \u00f6deme yap\u0131lacakt\u0131r.<\/p>\n<h2>Alman lotosu ve \u00f6tesi i\u00e7in rehberiniz olal\u0131m<\/h2>\n<p>Piyangolar\u0131n d\u00fcnya \u00e7ap\u0131nda ne kadar pop\u00fcler oldu\u011fu g\u00f6z \u00f6n\u00fcne al\u0131nd\u0131\u011f\u0131nda, iyi olanlar\u0131n hepsine eri\u015fmek bir piyango oyuncusunun hayalidir. Bunun yerine istedi\u011finiz kadar oynayabilecekken neden sadece bir tane oynayas\u0131n\u0131z ki? \u0130sterseniz d\u00fczinelerce \u00e7ekili\u015f yapabilecekken neden haftada bir veya iki \u00e7ekili\u015fle yetinesiniz? \u0130stedi\u011finiz t\u00fcm piyango biletlerini \u00e7evrimi\u00e7i olarak sat\u0131n alabilecekken neden ma\u011fazaya gitmekle u\u011fra\u015fas\u0131n\u0131z ki?<\/p>\n<h2>Online Alman Loto&#8217;su oynad\u0131n\u0131z ve kazand\u0131n\u0131z &#8211; sonra ne olacak?<\/h2>\n<p>Sat\u0131n ald\u0131\u011f\u0131n\u0131za dair bir e-posta onay\u0131 g\u00f6ndermekten, kazand\u0131\u011f\u0131n\u0131zda sizi e-posta ile bilgilendirmeye ve kazand\u0131\u011f\u0131n\u0131z paray\u0131 nakde \u00e7evirmenize yard\u0131mc\u0131 olmaya kadar her ad\u0131mda size yard\u0131mc\u0131 oluyoruz. Hepsi inan\u0131lmaz derecede kolay.<\/p>\n","protected":false},"excerpt":{"rendered":"<p>Alman Loto&#8217;su 50 y\u0131l\u0131 a\u015fk\u0131n bir s\u00fcredir d\u00fczenlenmekte olan d\u00fcnyan\u0131n en uzun soluklu piyangolar\u0131ndan biridir. T\u00fcm bu deneyimin onlara \u00e7ok iyi hizmet etti\u011fine bahse girebilirsiniz ve EuroMillions piyangosuyla birlikte \u00e7al\u0131\u015fmak yerine kendi ulusal piyangolar\u0131n\u0131 koruyan daha b\u00fcy\u00fck Avrupa \u00fclkelerinden biridir. Yani Almanlar, olmas\u0131 gerekti\u011fi gibi Alman Loto&#8217;lar\u0131yla gurur duyuyorlar. T\u00fcrkiye&#8217;de ya\u015f\u0131yorsan\u0131z ve yine de Alman [&hellip;]<\/p>\n","protected":false},"author":1,"featured_media":0,"parent":5092,"menu_order":11,"comment_status":"closed","ping_status":"closed","template":"lotto-german.php","meta":{"_et_pb_use_builder":"","_et_pb_old_content":"","_et_gb_content_width":"","exclude_from_search":false,"footnotes":""},"class_list":["post-79225","page","type-page","status-publish","hentry"],"yoast_head":"<!-- This site is optimized with the Yoast SEO plugin v23.4 - https:\/\/yoast.com\/wordpress\/plugins\/seo\/ -->\n<title>T\u00fcrkiye&#039;den online Alman Loto&#039;su oynay\u0131n | T\u00fcrkiye&#039;de ya\u015f\u0131yorsam Alman Loto&#039;suna kat\u0131labilir miyim<\/title>\n<meta name=\"description\" content=\"Alman Loto&#039;sunu burada oynay\u0131n - online bilet hizmetimiz bunu T\u00fcrkiye&#039;den m\u00fcmk\u00fcn k\u0131l\u0131yor\" \/>\n<meta name=\"robots\" content=\"index, follow, max-snippet:-1, max-image-preview:large, max-video-preview:-1\" \/>\n<link rel=\"canonical\" href=\"https:\/\/onlinelotto365.com\/tr\/oyna\/alman-lotosu\/\" \/>\n<meta property=\"og:locale\" content=\"tr_TR\" \/>\n<meta property=\"og:type\" content=\"article\" \/>\n<meta property=\"og:title\" content=\"T\u00fcrkiye&#039;den online Alman Loto&#039;su oynay\u0131n | T\u00fcrkiye&#039;de ya\u015f\u0131yorsam Alman Loto&#039;suna kat\u0131labilir miyim\" \/>\n<meta property=\"og:description\" content=\"Alman Loto&#039;sunu burada oynay\u0131n - online bilet hizmetimiz bunu T\u00fcrkiye&#039;den m\u00fcmk\u00fcn k\u0131l\u0131yor\" \/>\n<meta property=\"og:url\" content=\"https:\/\/onlinelotto365.com\/tr\/oyna\/alman-lotosu\/\" \/>\n<meta property=\"og:site_name\" content=\"OnlineLotto365\" \/>\n<meta property=\"article:modified_time\" content=\"2022-11-02T11:07:39+00:00\" \/>\n<meta property=\"og:image\" content=\"https:\/\/redfoxlotto.com\/image?size=8&amp;lottery=lotto-6aus49\" \/>\n<meta name=\"twitter:card\" content=\"summary_large_image\" \/>\n<meta name=\"twitter:label1\" content=\"Tahmini okuma s\u00fcresi\" \/>\n\t<meta name=\"twitter:data1\" content=\"3 dakika\" \/>\n<script type=\"application\/ld+json\" class=\"yoast-schema-graph\">{\"@context\":\"https:\/\/schema.org\",\"@graph\":[{\"@type\":\"WebPage\",\"@id\":\"https:\/\/onlinelotto365.com\/tr\/oyna\/alman-lotosu\/\",\"url\":\"https:\/\/onlinelotto365.com\/tr\/oyna\/alman-lotosu\/\",\"name\":\"T\u00fcrkiye'den online Alman Loto'su oynay\u0131n | T\u00fcrkiye'de ya\u015f\u0131yorsam Alman Loto'suna kat\u0131labilir miyim\",\"isPartOf\":{\"@id\":\"https:\/\/onlinelotto365.com\/tr\/#website\"},\"primaryImageOfPage\":{\"@id\":\"https:\/\/onlinelotto365.com\/tr\/oyna\/alman-lotosu\/#primaryimage\"},\"image\":{\"@id\":\"https:\/\/onlinelotto365.com\/tr\/oyna\/alman-lotosu\/#primaryimage\"},\"thumbnailUrl\":\"https:\/\/redfoxlotto.com\/image?size=8&amp;lottery=lotto-6aus49\",\"datePublished\":\"2022-11-02T11:07:23+00:00\",\"dateModified\":\"2022-11-02T11:07:39+00:00\",\"description\":\"Alman Loto'sunu burada oynay\u0131n - online bilet hizmetimiz bunu T\u00fcrkiye'den m\u00fcmk\u00fcn k\u0131l\u0131yor\",\"breadcrumb\":{\"@id\":\"https:\/\/onlinelotto365.com\/tr\/oyna\/alman-lotosu\/#breadcrumb\"},\"inLanguage\":\"tr\",\"potentialAction\":[{\"@type\":\"ReadAction\",\"target\":[\"https:\/\/onlinelotto365.com\/tr\/oyna\/alman-lotosu\/\"]}]},{\"@type\":\"ImageObject\",\"inLanguage\":\"tr\",\"@id\":\"https:\/\/onlinelotto365.com\/tr\/oyna\/alman-lotosu\/#primaryimage\",\"url\":\"https:\/\/redfoxlotto.com\/image?size=8&amp;lottery=lotto-6aus49\",\"contentUrl\":\"https:\/\/redfoxlotto.com\/image?size=8&amp;lottery=lotto-6aus49\"},{\"@type\":\"BreadcrumbList\",\"@id\":\"https:\/\/onlinelotto365.com\/tr\/oyna\/alman-lotosu\/#breadcrumb\",\"itemListElement\":[{\"@type\":\"ListItem\",\"position\":1,\"name\":\"Home\",\"item\":\"https:\/\/onlinelotto365.com\/tr\/\"},{\"@type\":\"ListItem\",\"position\":2,\"name\":\"En iyi \u00e7evrimi\u00e7i piyangolar\u0131 oynamak i\u00e7in se\u00e7enekleriniz hakk\u0131nda bilmeniz gereken her \u015fey\",\"item\":\"https:\/\/onlinelotto365.com\/tr\/oyna\/\"},{\"@type\":\"ListItem\",\"position\":3,\"name\":\"Di\u011fer \u00fclkelerden Alman Loto&#8217;suna kat\u0131l\u0131n\"}]},{\"@type\":\"WebSite\",\"@id\":\"https:\/\/onlinelotto365.com\/tr\/#website\",\"url\":\"https:\/\/onlinelotto365.com\/tr\/\",\"name\":\"OnlineLotto365\",\"description\":\"\",\"potentialAction\":[{\"@type\":\"SearchAction\",\"target\":{\"@type\":\"EntryPoint\",\"urlTemplate\":\"https:\/\/onlinelotto365.com\/tr\/?s={search_term_string}\"},\"query-input\":{\"@type\":\"PropertyValueSpecification\",\"valueRequired\":true,\"valueName\":\"search_term_string\"}}],\"inLanguage\":\"tr\"}]}<\/script>\n<!-- \/ Yoast SEO plugin. -->","yoast_head_json":{"title":"T\u00fcrkiye'den online Alman Loto'su oynay\u0131n | T\u00fcrkiye'de ya\u015f\u0131yorsam Alman Loto'suna kat\u0131labilir miyim","description":"Alman Loto'sunu burada oynay\u0131n - online bilet hizmetimiz bunu T\u00fcrkiye'den m\u00fcmk\u00fcn k\u0131l\u0131yor","robots":{"index":"index","follow":"follow","max-snippet":"max-snippet:-1","max-image-preview":"max-image-preview:large","max-video-preview":"max-video-preview:-1"},"canonical":"https:\/\/onlinelotto365.com\/tr\/oyna\/alman-lotosu\/","og_locale":"tr_TR","og_type":"article","og_title":"T\u00fcrkiye'den online Alman Loto'su oynay\u0131n | T\u00fcrkiye'de ya\u015f\u0131yorsam Alman Loto'suna kat\u0131labilir miyim","og_description":"Alman Loto'sunu burada oynay\u0131n - online bilet hizmetimiz bunu T\u00fcrkiye'den m\u00fcmk\u00fcn k\u0131l\u0131yor","og_url":"https:\/\/onlinelotto365.com\/tr\/oyna\/alman-lotosu\/","og_site_name":"OnlineLotto365","article_modified_time":"2022-11-02T11:07:39+00:00","og_image":[{"url":"https:\/\/redfoxlotto.com\/image?size=8&amp;lottery=lotto-6aus49"}],"twitter_card":"summary_large_image","twitter_misc":{"Tahmini okuma s\u00fcresi":"3 dakika"},"schema":{"@context":"https:\/\/schema.org","@graph":[{"@type":"WebPage","@id":"https:\/\/onlinelotto365.com\/tr\/oyna\/alman-lotosu\/","url":"https:\/\/onlinelotto365.com\/tr\/oyna\/alman-lotosu\/","name":"T\u00fcrkiye'den online Alman Loto'su oynay\u0131n | T\u00fcrkiye'de ya\u015f\u0131yorsam Alman Loto'suna kat\u0131labilir miyim","isPartOf":{"@id":"https:\/\/onlinelotto365.com\/tr\/#website"},"primaryImageOfPage":{"@id":"https:\/\/onlinelotto365.com\/tr\/oyna\/alman-lotosu\/#primaryimage"},"image":{"@id":"https:\/\/onlinelotto365.com\/tr\/oyna\/alman-lotosu\/#primaryimage"},"thumbnailUrl":"https:\/\/redfoxlotto.com\/image?size=8&amp;lottery=lotto-6aus49","datePublished":"2022-11-02T11:07:23+00:00","dateModified":"2022-11-02T11:07:39+00:00","description":"Alman Loto'sunu burada oynay\u0131n - online bilet hizmetimiz bunu T\u00fcrkiye'den m\u00fcmk\u00fcn k\u0131l\u0131yor","breadcrumb":{"@id":"https:\/\/onlinelotto365.com\/tr\/oyna\/alman-lotosu\/#breadcrumb"},"inLanguage":"tr","potentialAction":[{"@type":"ReadAction","target":["https:\/\/onlinelotto365.com\/tr\/oyna\/alman-lotosu\/"]}]},{"@type":"ImageObject","inLanguage":"tr","@id":"https:\/\/onlinelotto365.com\/tr\/oyna\/alman-lotosu\/#primaryimage","url":"https:\/\/redfoxlotto.com\/image?size=8&amp;lottery=lotto-6aus49","contentUrl":"https:\/\/redfoxlotto.com\/image?size=8&amp;lottery=lotto-6aus49"},{"@type":"BreadcrumbList","@id":"https:\/\/onlinelotto365.com\/tr\/oyna\/alman-lotosu\/#breadcrumb","itemListElement":[{"@type":"ListItem","position":1,"name":"Home","item":"https:\/\/onlinelotto365.com\/tr\/"},{"@type":"ListItem","position":2,"name":"En iyi \u00e7evrimi\u00e7i piyangolar\u0131 oynamak i\u00e7in se\u00e7enekleriniz hakk\u0131nda bilmeniz gereken her \u015fey","item":"https:\/\/onlinelotto365.com\/tr\/oyna\/"},{"@type":"ListItem","position":3,"name":"Di\u011fer \u00fclkelerden Alman Loto&#8217;suna kat\u0131l\u0131n"}]},{"@type":"WebSite","@id":"https:\/\/onlinelotto365.com\/tr\/#website","url":"https:\/\/onlinelotto365.com\/tr\/","name":"OnlineLotto365","description":"","potentialAction":[{"@type":"SearchAction","target":{"@type":"EntryPoint","urlTemplate":"https:\/\/onlinelotto365.com\/tr\/?s={search_term_string}"},"query-input":{"@type":"PropertyValueSpecification","valueRequired":true,"valueName":"search_term_string"}}],"inLanguage":"tr"}]}},"_links":{"self":[{"href":"https:\/\/onlinelotto365.com\/tr\/wp-json\/wp\/v2\/pages\/79225","targetHints":{"allow":["GET"]}}],"collection":[{"href":"https:\/\/onlinelotto365.com\/tr\/wp-json\/wp\/v2\/pages"}],"about":[{"href":"https:\/\/onlinelotto365.com\/tr\/wp-json\/wp\/v2\/types\/page"}],"author":[{"embeddable":true,"href":"https:\/\/onlinelotto365.com\/tr\/wp-json\/wp\/v2\/users\/1"}],"replies":[{"embeddable":true,"href":"https:\/\/onlinelotto365.com\/tr\/wp-json\/wp\/v2\/comments?post=79225"}],"version-history":[{"count":0,"href":"https:\/\/onlinelotto365.com\/tr\/wp-json\/wp\/v2\/pages\/79225\/revisions"}],"up":[{"embeddable":true,"href":"https:\/\/onlinelotto365.com\/tr\/wp-json\/wp\/v2\/pages\/5092"}],"wp:attachment":[{"href":"https:\/\/onlinelotto365.com\/tr\/wp-json\/wp\/v2\/media?parent=79225"}],"curies":[{"name":"wp","href":"https:\/\/api.w.org\/{rel}","templated":true}]}}