{"id":79265,"date":"2022-11-03T08:56:48","date_gmt":"2022-11-03T07:56:48","guid":{"rendered":"https:\/\/onlinelotto365.com\/?page_id=79265"},"modified":"2022-11-03T08:57:01","modified_gmt":"2022-11-03T07:57:01","slug":"la-primitiva","status":"publish","type":"page","link":"https:\/\/onlinelotto365.com\/tr\/oyna\/la-primitiva\/","title":{"rendered":"\u0130spanyol La Primitiva Piyangosu nas\u0131l oynan\u0131r?"},"content":{"rendered":"<h2>La Primitiva Hakk\u0131nda<\/h2>\n<p>\u0130spanya&#8217;daki bu piyango El Gordo olarak da bilinir, ancak bu yan\u0131lt\u0131c\u0131d\u0131r. Asl\u0131nda El Gordo, La Primitiva piyangosunun Noel bask\u0131s\u0131n\u0131n takma ad\u0131d\u0131r. La Primitiva&#8217;y\u0131 t\u00fcm y\u0131l boyunca oynayabilirken, El Gordo sadece Noel i\u00e7in sunulmaktad\u0131r. La Primitiva, T\u00fcrkiye&#8217;de ikamet edenler taraf\u0131ndan web sitemiz \u00fczerinden \u00e7evrimi\u00e7i olarak oynanabilir.<\/p>\n<p>La Primitiva i\u00e7in haftada iki \u00e7ekili\u015f yap\u0131lmaktad\u0131r. B\u00fcy\u00fck ikramiyeyi kazanma \u015fans\u0131 nispeten y\u00fcksektir \u00e7\u00fcnk\u00fc fazladan say\u0131 yoktur.<\/p>\n<p><a href=\"https:\/\/redfoxlotto.com\/play\/la-primitiva\/?ref=a8564250a2&amp;medium=ol365\" target=\"_blank\" rel=\"noopener noreferrer\"><img decoding=\"async\" class=\"aligncenter\" src=\"https:\/\/redfoxlotto.com\/image?size=8&amp;lottery=la-primitiva\" alt=\"La Primitiva\" \/><\/a><\/p>\n<p>&nbsp;<\/p>\n<ul>\n<li>\u00dclke \u0130spanya<\/li>\n<li>Ana numaralar aral\u0131\u011f\u0131: 49<\/li>\n<li>Se\u00e7mek zorundas\u0131n\u0131z: 6<\/li>\n<li>Ekstra say\u0131 aral\u0131\u011f\u0131:<\/li>\n<li>Se\u00e7mek zorundas\u0131n\u0131z: 1<\/li>\n<li>\u00c7ekili\u015f g\u00fcnleri ve saatleri: Per\u015fembe, Cumartesi, 21:30 CET &#8211; 21:30 CET<\/li>\n<li>Jackpot ba\u015fl\u0131yor: 2 milyon \u20ac<\/li>\n<li>Jackpot s\u0131n\u0131r\u0131: yok<\/li>\n<li>B\u00fcy\u00fck ikramiyeyi kazanma \u015fans\u0131: 15537573&#8217;te 1<\/li>\n<li>\u0130kinci bir \u00f6d\u00fcl kazanma \u015fans\u0131: 542008&#8217;de 1<\/li>\n<li>Herhangi bir \u00f6d\u00fcl kazanma \u015fans\u0131: 8,43&#8217;te 1<\/li>\n<li>\u00d6d\u00fcl kategorilerinin say\u0131s\u0131: 9<\/li>\n<\/ul>\n<h2>La Primitiva&#8217;nin en iyi \u00f6zellikleri<\/h2>\n<p>Daha \u00f6nce de belirtildi\u011fi gibi, 49 say\u0131dan yaln\u0131zca 6&#8217;s\u0131n\u0131 oynaman\u0131z ve fazladan say\u0131 oynamaman\u0131z, ikramiye kazanma \u015fans\u0131n\u0131z\u0131n asl\u0131nda olduk\u00e7a iyi oldu\u011fu anlam\u0131na gelir.<\/p>\n<h2>La Primitiva sonu\u00e7lar\u0131 nas\u0131l kontrol edilir?<\/h2>\n<p>Biletinizi T\u00fcrkiye&#8217;den veya \u0130spanya d\u0131\u015f\u0131ndaki herhangi bir \u00fclkeden online olarak sat\u0131n ald\u0131ysan\u0131z, kazanan numaralar\u0131 ve \u00f6d\u00fcl miktarlar\u0131n\u0131 bulmak zor olabilir. Ancak burada web sitemizde, La Primitiva piyango numaralar\u0131 \u00e7ekildikten hemen sonra sonu\u00e7lar\u0131 yay\u0131nl\u0131yoruz. Hatta oyuncu hesab\u0131n\u0131zdan biletinize bakabilir ve piyango biletinizdeki hangi numaralar\u0131n \u00e7ekili\u015f sonu\u00e7lar\u0131yla e\u015fle\u015fti\u011fini hemen g\u00f6rebilirsiniz.<\/p>\n<p><img loading=\"lazy\" decoding=\"async\" class=\"alignright size-full wp-image-905\" src=\"https:\/\/onlinelotto365.com\/wp-content\/uploads\/2020\/11\/online_lottery-71.jpg\" alt=\"la primitiva oyna\" width=\"302\" height=\"100\" \/><\/p>\n<h2>La Primitiva online oynad\u0131n\u0131z ve kazand\u0131n\u0131z &#8211; sonra ne olacak?<\/h2>\n<p>Biletiniz 2500 \u20ac alt\u0131nda bir \u00f6d\u00fcl kazand\u0131ysa, bu \u00f6d\u00fcl tutar\u0131 \u00e7ekili\u015ften hemen sonra oyuncu hesab\u0131n\u0131zda olacakt\u0131r. Daha y\u00fcksek bir \u00f6d\u00fcl kazan\u0131rsan\u0131z, l\u00fctfen servis ekibimizle ileti\u015fime ge\u00e7in. Do\u011frudan banka hesab\u0131n\u0131za veya \u00e7ekle \u00f6deme ayarlaman\u0131za yard\u0131mc\u0131 olacaklard\u0131r.<\/p>\n","protected":false},"excerpt":{"rendered":"<p>La Primitiva Hakk\u0131nda \u0130spanya&#8217;daki bu piyango El Gordo olarak da bilinir, ancak bu yan\u0131lt\u0131c\u0131d\u0131r. Asl\u0131nda El Gordo, La Primitiva piyangosunun Noel bask\u0131s\u0131n\u0131n takma ad\u0131d\u0131r. La Primitiva&#8217;y\u0131 t\u00fcm y\u0131l boyunca oynayabilirken, El Gordo sadece Noel i\u00e7in sunulmaktad\u0131r. La Primitiva, T\u00fcrkiye&#8217;de ikamet edenler taraf\u0131ndan web sitemiz \u00fczerinden \u00e7evrimi\u00e7i olarak oynanabilir. La Primitiva i\u00e7in haftada iki \u00e7ekili\u015f yap\u0131lmaktad\u0131r. [&hellip;]<\/p>\n","protected":false},"author":1,"featured_media":0,"parent":5092,"menu_order":7,"comment_status":"closed","ping_status":"closed","template":"la-primitiva.php","meta":{"_et_pb_use_builder":"","_et_pb_old_content":"","_et_gb_content_width":"","exclude_from_search":false,"footnotes":""},"class_list":["post-79265","page","type-page","status-publish","hentry"],"yoast_head":"<!-- This site is optimized with the Yoast SEO plugin v23.4 - https:\/\/yoast.com\/wordpress\/plugins\/seo\/ -->\n<title>La Primitiva \u0130spanya&#039;y\u0131 \u00e7evrimi\u00e7i oynay\u0131n | La Primitiva T\u00fcrkiye&#039;den<\/title>\n<meta name=\"description\" content=\"\u0130spanyol La Primitiva piyangosu art\u0131k T\u00fcrkiye&#039;den online oynanabilecek\" \/>\n<meta name=\"robots\" content=\"index, follow, max-snippet:-1, max-image-preview:large, max-video-preview:-1\" \/>\n<link rel=\"canonical\" href=\"https:\/\/onlinelotto365.com\/tr\/oyna\/la-primitiva\/\" \/>\n<meta property=\"og:locale\" content=\"tr_TR\" \/>\n<meta property=\"og:type\" content=\"article\" \/>\n<meta property=\"og:title\" content=\"La Primitiva \u0130spanya&#039;y\u0131 \u00e7evrimi\u00e7i oynay\u0131n | La Primitiva T\u00fcrkiye&#039;den\" \/>\n<meta property=\"og:description\" content=\"\u0130spanyol La Primitiva piyangosu art\u0131k T\u00fcrkiye&#039;den online oynanabilecek\" \/>\n<meta property=\"og:url\" content=\"https:\/\/onlinelotto365.com\/tr\/oyna\/la-primitiva\/\" \/>\n<meta property=\"og:site_name\" content=\"OnlineLotto365\" \/>\n<meta property=\"article:modified_time\" content=\"2022-11-03T07:57:01+00:00\" \/>\n<meta property=\"og:image\" content=\"https:\/\/redfoxlotto.com\/image?size=8&amp;lottery=la-primitiva\" \/>\n<meta name=\"twitter:card\" content=\"summary_large_image\" \/>\n<meta name=\"twitter:label1\" content=\"Tahmini okuma s\u00fcresi\" \/>\n\t<meta name=\"twitter:data1\" content=\"2 dakika\" \/>\n<script type=\"application\/ld+json\" class=\"yoast-schema-graph\">{\"@context\":\"https:\/\/schema.org\",\"@graph\":[{\"@type\":\"WebPage\",\"@id\":\"https:\/\/onlinelotto365.com\/tr\/oyna\/la-primitiva\/\",\"url\":\"https:\/\/onlinelotto365.com\/tr\/oyna\/la-primitiva\/\",\"name\":\"La Primitiva \u0130spanya'y\u0131 \u00e7evrimi\u00e7i oynay\u0131n | La Primitiva T\u00fcrkiye'den\",\"isPartOf\":{\"@id\":\"https:\/\/onlinelotto365.com\/tr\/#website\"},\"primaryImageOfPage\":{\"@id\":\"https:\/\/onlinelotto365.com\/tr\/oyna\/la-primitiva\/#primaryimage\"},\"image\":{\"@id\":\"https:\/\/onlinelotto365.com\/tr\/oyna\/la-primitiva\/#primaryimage\"},\"thumbnailUrl\":\"https:\/\/redfoxlotto.com\/image?size=8&amp;lottery=la-primitiva\",\"datePublished\":\"2022-11-03T07:56:48+00:00\",\"dateModified\":\"2022-11-03T07:57:01+00:00\",\"description\":\"\u0130spanyol La Primitiva piyangosu art\u0131k T\u00fcrkiye'den online oynanabilecek\",\"breadcrumb\":{\"@id\":\"https:\/\/onlinelotto365.com\/tr\/oyna\/la-primitiva\/#breadcrumb\"},\"inLanguage\":\"tr\",\"potentialAction\":[{\"@type\":\"ReadAction\",\"target\":[\"https:\/\/onlinelotto365.com\/tr\/oyna\/la-primitiva\/\"]}]},{\"@type\":\"ImageObject\",\"inLanguage\":\"tr\",\"@id\":\"https:\/\/onlinelotto365.com\/tr\/oyna\/la-primitiva\/#primaryimage\",\"url\":\"https:\/\/redfoxlotto.com\/image?size=8&amp;lottery=la-primitiva\",\"contentUrl\":\"https:\/\/redfoxlotto.com\/image?size=8&amp;lottery=la-primitiva\"},{\"@type\":\"BreadcrumbList\",\"@id\":\"https:\/\/onlinelotto365.com\/tr\/oyna\/la-primitiva\/#breadcrumb\",\"itemListElement\":[{\"@type\":\"ListItem\",\"position\":1,\"name\":\"Home\",\"item\":\"https:\/\/onlinelotto365.com\/tr\/\"},{\"@type\":\"ListItem\",\"position\":2,\"name\":\"En iyi \u00e7evrimi\u00e7i piyangolar\u0131 oynamak i\u00e7in se\u00e7enekleriniz hakk\u0131nda bilmeniz gereken her \u015fey\",\"item\":\"https:\/\/onlinelotto365.com\/tr\/oyna\/\"},{\"@type\":\"ListItem\",\"position\":3,\"name\":\"\u0130spanyol La Primitiva Piyangosu nas\u0131l oynan\u0131r?\"}]},{\"@type\":\"WebSite\",\"@id\":\"https:\/\/onlinelotto365.com\/tr\/#website\",\"url\":\"https:\/\/onlinelotto365.com\/tr\/\",\"name\":\"OnlineLotto365\",\"description\":\"\",\"potentialAction\":[{\"@type\":\"SearchAction\",\"target\":{\"@type\":\"EntryPoint\",\"urlTemplate\":\"https:\/\/onlinelotto365.com\/tr\/?s={search_term_string}\"},\"query-input\":{\"@type\":\"PropertyValueSpecification\",\"valueRequired\":true,\"valueName\":\"search_term_string\"}}],\"inLanguage\":\"tr\"}]}<\/script>\n<!-- \/ Yoast SEO plugin. -->","yoast_head_json":{"title":"La Primitiva \u0130spanya'y\u0131 \u00e7evrimi\u00e7i oynay\u0131n | La Primitiva T\u00fcrkiye'den","description":"\u0130spanyol La Primitiva piyangosu art\u0131k T\u00fcrkiye'den online oynanabilecek","robots":{"index":"index","follow":"follow","max-snippet":"max-snippet:-1","max-image-preview":"max-image-preview:large","max-video-preview":"max-video-preview:-1"},"canonical":"https:\/\/onlinelotto365.com\/tr\/oyna\/la-primitiva\/","og_locale":"tr_TR","og_type":"article","og_title":"La Primitiva \u0130spanya'y\u0131 \u00e7evrimi\u00e7i oynay\u0131n | La Primitiva T\u00fcrkiye'den","og_description":"\u0130spanyol La Primitiva piyangosu art\u0131k T\u00fcrkiye'den online oynanabilecek","og_url":"https:\/\/onlinelotto365.com\/tr\/oyna\/la-primitiva\/","og_site_name":"OnlineLotto365","article_modified_time":"2022-11-03T07:57:01+00:00","og_image":[{"url":"https:\/\/redfoxlotto.com\/image?size=8&amp;lottery=la-primitiva"}],"twitter_card":"summary_large_image","twitter_misc":{"Tahmini okuma s\u00fcresi":"2 dakika"},"schema":{"@context":"https:\/\/schema.org","@graph":[{"@type":"WebPage","@id":"https:\/\/onlinelotto365.com\/tr\/oyna\/la-primitiva\/","url":"https:\/\/onlinelotto365.com\/tr\/oyna\/la-primitiva\/","name":"La Primitiva \u0130spanya'y\u0131 \u00e7evrimi\u00e7i oynay\u0131n | La Primitiva T\u00fcrkiye'den","isPartOf":{"@id":"https:\/\/onlinelotto365.com\/tr\/#website"},"primaryImageOfPage":{"@id":"https:\/\/onlinelotto365.com\/tr\/oyna\/la-primitiva\/#primaryimage"},"image":{"@id":"https:\/\/onlinelotto365.com\/tr\/oyna\/la-primitiva\/#primaryimage"},"thumbnailUrl":"https:\/\/redfoxlotto.com\/image?size=8&amp;lottery=la-primitiva","datePublished":"2022-11-03T07:56:48+00:00","dateModified":"2022-11-03T07:57:01+00:00","description":"\u0130spanyol La Primitiva piyangosu art\u0131k T\u00fcrkiye'den online oynanabilecek","breadcrumb":{"@id":"https:\/\/onlinelotto365.com\/tr\/oyna\/la-primitiva\/#breadcrumb"},"inLanguage":"tr","potentialAction":[{"@type":"ReadAction","target":["https:\/\/onlinelotto365.com\/tr\/oyna\/la-primitiva\/"]}]},{"@type":"ImageObject","inLanguage":"tr","@id":"https:\/\/onlinelotto365.com\/tr\/oyna\/la-primitiva\/#primaryimage","url":"https:\/\/redfoxlotto.com\/image?size=8&amp;lottery=la-primitiva","contentUrl":"https:\/\/redfoxlotto.com\/image?size=8&amp;lottery=la-primitiva"},{"@type":"BreadcrumbList","@id":"https:\/\/onlinelotto365.com\/tr\/oyna\/la-primitiva\/#breadcrumb","itemListElement":[{"@type":"ListItem","position":1,"name":"Home","item":"https:\/\/onlinelotto365.com\/tr\/"},{"@type":"ListItem","position":2,"name":"En iyi \u00e7evrimi\u00e7i piyangolar\u0131 oynamak i\u00e7in se\u00e7enekleriniz hakk\u0131nda bilmeniz gereken her \u015fey","item":"https:\/\/onlinelotto365.com\/tr\/oyna\/"},{"@type":"ListItem","position":3,"name":"\u0130spanyol La Primitiva Piyangosu nas\u0131l oynan\u0131r?"}]},{"@type":"WebSite","@id":"https:\/\/onlinelotto365.com\/tr\/#website","url":"https:\/\/onlinelotto365.com\/tr\/","name":"OnlineLotto365","description":"","potentialAction":[{"@type":"SearchAction","target":{"@type":"EntryPoint","urlTemplate":"https:\/\/onlinelotto365.com\/tr\/?s={search_term_string}"},"query-input":{"@type":"PropertyValueSpecification","valueRequired":true,"valueName":"search_term_string"}}],"inLanguage":"tr"}]}},"_links":{"self":[{"href":"https:\/\/onlinelotto365.com\/tr\/wp-json\/wp\/v2\/pages\/79265","targetHints":{"allow":["GET"]}}],"collection":[{"href":"https:\/\/onlinelotto365.com\/tr\/wp-json\/wp\/v2\/pages"}],"about":[{"href":"https:\/\/onlinelotto365.com\/tr\/wp-json\/wp\/v2\/types\/page"}],"author":[{"embeddable":true,"href":"https:\/\/onlinelotto365.com\/tr\/wp-json\/wp\/v2\/users\/1"}],"replies":[{"embeddable":true,"href":"https:\/\/onlinelotto365.com\/tr\/wp-json\/wp\/v2\/comments?post=79265"}],"version-history":[{"count":0,"href":"https:\/\/onlinelotto365.com\/tr\/wp-json\/wp\/v2\/pages\/79265\/revisions"}],"up":[{"embeddable":true,"href":"https:\/\/onlinelotto365.com\/tr\/wp-json\/wp\/v2\/pages\/5092"}],"wp:attachment":[{"href":"https:\/\/onlinelotto365.com\/tr\/wp-json\/wp\/v2\/media?parent=79265"}],"curies":[{"name":"wp","href":"https:\/\/api.w.org\/{rel}","templated":true}]}}