{"id":79306,"date":"2022-11-03T10:46:57","date_gmt":"2022-11-03T09:46:57","guid":{"rendered":"https:\/\/onlinelotto365.com\/?page_id=79306"},"modified":"2022-11-03T10:49:40","modified_gmt":"2022-11-03T09:49:40","slug":"saturday-lotto-australia","status":"publish","type":"page","link":"https:\/\/onlinelotto365.com\/tr\/oyna\/saturday-lotto-australia\/","title":{"rendered":"Avustralya Cumartesi Loto&#8217;su oynamak T\u00fcrkiye&#8217;den piyango tutkunlar\u0131 i\u00e7in se\u00e7eneklerden sadece biri"},"content":{"rendered":"<h2>Avustralya Cumartesi Loto&#8217;su \u00e7evrimi\u00e7i nas\u0131l oynan\u0131r?<\/h2>\n<p>T\u00fcrkiye&#8217;de veya ba\u015fka bir yerde ya\u015f\u0131yorsan\u0131z, Avustralya Cumartesi Loto&#8217;sunu oynaman\u0131n d\u00fc\u015f\u00fcnd\u00fc\u011f\u00fcn\u00fcz kadar zor olmad\u0131\u011f\u0131n\u0131 g\u00f6receksiniz. Ayr\u0131ca, \u00e7ok fazla zaman harcamak zorunda kalmadan istedi\u011finiz biletleri almak i\u00e7in se\u00e7enekleriniz olacak, bundan daha iyi ne olabilir?<\/p>\n<p>Yol boyunca size yard\u0131mc\u0131 olaca\u011f\u0131m\u0131z ger\u00e7e\u011fi de kesinlikle b\u00fcy\u00fck bir fayda sa\u011flayacakt\u0131r. \u0130stedi\u011finiz t\u00fcm se\u00e7enekleri se\u00e7ebilir, hesab\u0131n\u0131z\u0131 olu\u015fturabilir, biletlerinizi ve ihtiyac\u0131n\u0131z olan di\u011fer her \u015feyi tercih etti\u011finiz \u00f6deme y\u00f6ntemiyle hi\u00e7 vakit kaybetmeden sat\u0131n alabilirsiniz. Ve \u00e7ekili\u015f zaman\u0131 geldi\u011finde biletlerin sizin i\u00e7in haz\u0131r olmas\u0131n\u0131 sa\u011flayaca\u011f\u0131z.<\/p>\n<p>Tek yapman\u0131z gereken farkl\u0131 loto se\u00e7eneklerine g\u00f6z atmak ve Saturday Lotto Australia&#8217;y\u0131 se\u00e7mek. Bunu yapt\u0131\u011f\u0131n\u0131zda, istedi\u011finiz her bilet i\u00e7in numaralar\u0131n\u0131z\u0131 se\u00e7me se\u00e7ene\u011fine sahip olacaks\u0131n\u0131z.<br \/>\nYanl\u0131\u015f miktarda say\u0131 se\u00e7me konusunda endi\u015felenmeyin, \u00e7\u00fcnk\u00fc sistem do\u011fru miktar\u0131 elde etmeniz i\u00e7in size rehberlik edecektir. Ve istedi\u011finiz say\u0131lardan o kadar emin de\u011filseniz, bilgisayar\u0131n sizin i\u00e7in say\u0131lar\u0131n\u0131z\u0131 se\u00e7mesine izin vermek i\u00e7in h\u0131zl\u0131 bir se\u00e7im se\u00e7ebilirsiniz.<\/p>\n<p>Biletlerinizi ald\u0131ktan sonra daha fazlas\u0131n\u0131 eklemeyi se\u00e7ebilir, ba\u015fka bir oyun i\u00e7in bilet se\u00e7ebilir veya sadece sipari\u015finize ekleyebilir ve sat\u0131n almaya haz\u0131r olabilirsiniz. \u00d6deme s\u00fcreci m\u00fcmk\u00fcn oldu\u011funca basit olacak \u015fekilde tasarlanm\u0131\u015ft\u0131r, b\u00f6ylece biletleriniz i\u00e7in \u00f6deme yapabilir ve hemen yola \u00e7\u0131kabilirsiniz. Tek yapman\u0131z gereken hesab\u0131n\u0131z\u0131 olu\u015fturmak.<\/p>\n<p>Hesap olu\u015fturmak \u00e7ok kolay \u00e7\u00fcnk\u00fc \u00e7ok fazla bilgiye ihtiyac\u0131m\u0131z yok. Ard\u0131ndan hesab\u0131n\u0131z\u0131 tamamlaman\u0131z i\u00e7in size bir do\u011frulama e-postas\u0131 g\u00f6nderece\u011fiz. Bunun spam klas\u00f6r\u00fcn\u00fcze d\u00fc\u015febilece\u011fini unutmay\u0131n (bu da bizi adres defterinize eklemeniz gerekti\u011fi anlam\u0131na gelir) ve bununla birlikte, bir hesab\u0131n\u0131z ve istedi\u011finiz zaman daha fazla bilet sat\u0131n alma olana\u011f\u0131n\u0131z olacak.<\/p>\n<p><a href=\"https:\/\/redfoxlotto.com\/play\/saturday-lotto-au\/?ref=a8564250a2&amp;medium=ol365\" target=\"_blank\" rel=\"noopener noreferrer\"><img decoding=\"async\" class=\"aligncenter\" src=\"https:\/\/redfoxlotto.com\/image?size=8&amp;lottery=saturday-lotto-au\" alt=\"Cumartesi Loto Avustralya\" \/><\/a><\/p>\n<h2>Saturday Lotto Australia Hakk\u0131nda<\/h2>\n<ul>\n<li>\u00dclke Avustralya<\/li>\n<li>Ana numaralar aral\u0131\u011f\u0131: 45<\/li>\n<li>Se\u00e7mek zorundas\u0131n\u0131z: 6<\/li>\n<li>\u00c7ekili\u015f g\u00fcnleri ve saatleri: Cumartesi, 21:30 GMT+11 &#8211; 10:30 CET<\/li>\n<li>Jackpot ba\u015fl\u0131yor: 5 milyon AU$<\/li>\n<li>Jackpot s\u0131n\u0131rland\u0131r\u0131lm\u0131\u015ft\u0131r: 150 milyon AU$<\/li>\n<li>B\u00fcy\u00fck ikramiyeyi kazanma \u015fans\u0131: 8145060&#8217;da 1<\/li>\n<li>\u0130kinci \u00f6d\u00fcl\u00fc kazanma \u015fans\u0131: 678755&#8217;te 1<\/li>\n<li>Herhangi bir \u00f6d\u00fcl kazanma \u015fans\u0131: 85,44&#8217;te 1<\/li>\n<li>\u00d6d\u00fcl kategorilerinin say\u0131s\u0131: 6<\/li>\n<\/ul>\n<h2>Saturday Lotto Australia&#8217;n\u0131n en iyi \u00f6zellikleri<\/h2>\n<p>Avustralya Cumartesi Loto&#8217;su \u00e7ok say\u0131da kazanma \u015fans\u0131 ve birka\u00e7 milyonluk ikramiyeler vermektedir. Daha da iyisi, her \u00e7ekili\u015fte y\u00fcz binlerce kazanan olmas\u0131d\u0131r. 10$&#8217;\u0131n alt\u0131nda k\u00fc\u00e7\u00fck bir \u00f6d\u00fcl kazanabilece\u011finiz gibi y\u00fcz binlerce dolarl\u0131k b\u00fcy\u00fck \u00f6d\u00fcller de kazanabilirsiniz. Tek yapman\u0131z gereken do\u011fru say\u0131lar\u0131 se\u00e7mek.<\/p>\n<h2>Avustralya Cumartesi Loto sonu\u00e7lar\u0131 nas\u0131l kontrol edilir?<\/h2>\n<p>Avustralya Cumartesi Loto sonu\u00e7lar\u0131n\u0131 kontrol etme zaman\u0131 geldi\u011finde birka\u00e7 farkl\u0131 se\u00e7ene\u011finiz vard\u0131r. Birincisi, piyangonun resmi web sitesine bir g\u00f6z atmakt\u0131r. \u00c7ekili\u015ften sonra kazanan numaralar\u0131 her zaman yay\u0131nlarlar.<br \/>\nAncak yerel olarak ya\u015f\u0131yorsan\u0131z yerel gazeteleri ve televizyon kanallar\u0131n\u0131 da kontrol edebilirsiniz. Elbette, kontrol etmenin en kolay ve en iyi yolu web sitemize geri d\u00f6nmek ve hesab\u0131n\u0131za giri\u015f yapmakt\u0131r. Buradan, en son kazanan numaralar\u0131 g\u00f6rebilir ve bunlar\u0131 kendi numaralar\u0131n\u0131zla kar\u015f\u0131la\u015ft\u0131rabilirsiniz.<\/p>\n<h2>Saturday Lotto Australia&#8217;y\u0131 \u00e7evrimi\u00e7i oynad\u0131n\u0131z ve kazand\u0131n\u0131z &#8211; sonra ne olacak?<\/h2>\n<p>Son \u00e7ekili\u015fte bir \u015fey kazand\u0131n\u0131z m\u0131? Kazand\u0131ysan\u0131z, ne kadar oldu\u011funu bilmek isteyeceksiniz ve bu da paran\u0131z\u0131 nas\u0131l alaca\u011f\u0131n\u0131z\u0131 etkileyecek. 2500 \u20ac alt\u0131ndaki herhangi bir miktar do\u011frudan hesab\u0131n\u0131za yat\u0131r\u0131labilir ve yat\u0131r\u0131lacakt\u0131r. Bu, paray\u0131 \u00e7ekmekten (10 \u20ac&#8217;nun \u00fczerindeyse), bu veya istedi\u011finiz ba\u015fka bir oyun i\u00e7in birka\u00e7 bilet daha sat\u0131n almaya kadar istedi\u011finiz her \u015feyi yapabilece\u011finiz anlam\u0131na gelir.<br \/>\n\u00d6te yandan, 2500 \u20ac&#8217;dan fazla kazanacak kadar \u015fansl\u0131ysan\u0131z, biraz daha fazla \u00e7aba gerektiren kazanc\u0131n\u0131z\u0131 talep etme s\u00fcrecinde size yard\u0131mc\u0131 olaca\u011f\u0131z. Bu i\u015flem i\u00e7in piyango komisyonu i\u00e7in bir talep formu doldurman\u0131z ve paran\u0131z\u0131n size banka havalesi veya \u00e7ek yoluyla g\u00f6nderilmesini isteyip istemedi\u011finize karar vermeniz gerekecektir. Bu tamamen size kalm\u0131\u015f bir \u015feydir.<\/p>\n","protected":false},"excerpt":{"rendered":"<p>Avustralya Cumartesi Loto&#8217;su \u00e7evrimi\u00e7i nas\u0131l oynan\u0131r? T\u00fcrkiye&#8217;de veya ba\u015fka bir yerde ya\u015f\u0131yorsan\u0131z, Avustralya Cumartesi Loto&#8217;sunu oynaman\u0131n d\u00fc\u015f\u00fcnd\u00fc\u011f\u00fcn\u00fcz kadar zor olmad\u0131\u011f\u0131n\u0131 g\u00f6receksiniz. Ayr\u0131ca, \u00e7ok fazla zaman harcamak zorunda kalmadan istedi\u011finiz biletleri almak i\u00e7in se\u00e7enekleriniz olacak, bundan daha iyi ne olabilir? Yol boyunca size yard\u0131mc\u0131 olaca\u011f\u0131m\u0131z ger\u00e7e\u011fi de kesinlikle b\u00fcy\u00fck bir fayda sa\u011flayacakt\u0131r. \u0130stedi\u011finiz t\u00fcm se\u00e7enekleri se\u00e7ebilir, [&hellip;]<\/p>\n","protected":false},"author":1,"featured_media":0,"parent":5092,"menu_order":15,"comment_status":"closed","ping_status":"closed","template":"saturday-lotto.php","meta":{"_et_pb_use_builder":"","_et_pb_old_content":"","_et_gb_content_width":"","exclude_from_search":false,"footnotes":""},"class_list":["post-79306","page","type-page","status-publish","hentry"],"yoast_head":"<!-- This site is optimized with the Yoast SEO plugin v23.4 - https:\/\/yoast.com\/wordpress\/plugins\/seo\/ -->\n<title>Hizmetimiz, Avustralya Cumartesi Loto&#039;sunu T\u00fcrkiye&#039;den \u00e7evrimi\u00e7i oynaman\u0131za olanak tan\u0131r<\/title>\n<meta name=\"description\" content=\"Avustralya&#039;da da Cumartesi lotolar\u0131 var - \u015fimdi online oynay\u0131n\" \/>\n<meta name=\"robots\" content=\"index, follow, max-snippet:-1, max-image-preview:large, max-video-preview:-1\" \/>\n<link rel=\"canonical\" href=\"https:\/\/onlinelotto365.com\/tr\/oyna\/saturday-lotto-australia\/\" \/>\n<meta property=\"og:locale\" content=\"tr_TR\" \/>\n<meta property=\"og:type\" content=\"article\" \/>\n<meta property=\"og:title\" content=\"Hizmetimiz, Avustralya Cumartesi Loto&#039;sunu T\u00fcrkiye&#039;den \u00e7evrimi\u00e7i oynaman\u0131za olanak tan\u0131r\" \/>\n<meta property=\"og:description\" content=\"Avustralya&#039;da da Cumartesi lotolar\u0131 var - \u015fimdi online oynay\u0131n\" \/>\n<meta property=\"og:url\" content=\"https:\/\/onlinelotto365.com\/tr\/oyna\/saturday-lotto-australia\/\" \/>\n<meta property=\"og:site_name\" content=\"OnlineLotto365\" \/>\n<meta property=\"article:modified_time\" content=\"2022-11-03T09:49:40+00:00\" \/>\n<meta property=\"og:image\" content=\"https:\/\/redfoxlotto.com\/image?size=8&amp;lottery=saturday-lotto-au\" \/>\n<meta name=\"twitter:card\" content=\"summary_large_image\" \/>\n<meta name=\"twitter:label1\" content=\"Tahmini okuma s\u00fcresi\" \/>\n\t<meta name=\"twitter:data1\" content=\"3 dakika\" \/>\n<script type=\"application\/ld+json\" class=\"yoast-schema-graph\">{\"@context\":\"https:\/\/schema.org\",\"@graph\":[{\"@type\":\"WebPage\",\"@id\":\"https:\/\/onlinelotto365.com\/tr\/oyna\/saturday-lotto-australia\/\",\"url\":\"https:\/\/onlinelotto365.com\/tr\/oyna\/saturday-lotto-australia\/\",\"name\":\"Hizmetimiz, Avustralya Cumartesi Loto'sunu T\u00fcrkiye'den \u00e7evrimi\u00e7i oynaman\u0131za olanak tan\u0131r\",\"isPartOf\":{\"@id\":\"https:\/\/onlinelotto365.com\/tr\/#website\"},\"primaryImageOfPage\":{\"@id\":\"https:\/\/onlinelotto365.com\/tr\/oyna\/saturday-lotto-australia\/#primaryimage\"},\"image\":{\"@id\":\"https:\/\/onlinelotto365.com\/tr\/oyna\/saturday-lotto-australia\/#primaryimage\"},\"thumbnailUrl\":\"https:\/\/redfoxlotto.com\/image?size=8&amp;lottery=saturday-lotto-au\",\"datePublished\":\"2022-11-03T09:46:57+00:00\",\"dateModified\":\"2022-11-03T09:49:40+00:00\",\"description\":\"Avustralya'da da Cumartesi lotolar\u0131 var - \u015fimdi online oynay\u0131n\",\"breadcrumb\":{\"@id\":\"https:\/\/onlinelotto365.com\/tr\/oyna\/saturday-lotto-australia\/#breadcrumb\"},\"inLanguage\":\"tr\",\"potentialAction\":[{\"@type\":\"ReadAction\",\"target\":[\"https:\/\/onlinelotto365.com\/tr\/oyna\/saturday-lotto-australia\/\"]}]},{\"@type\":\"ImageObject\",\"inLanguage\":\"tr\",\"@id\":\"https:\/\/onlinelotto365.com\/tr\/oyna\/saturday-lotto-australia\/#primaryimage\",\"url\":\"https:\/\/redfoxlotto.com\/image?size=8&amp;lottery=saturday-lotto-au\",\"contentUrl\":\"https:\/\/redfoxlotto.com\/image?size=8&amp;lottery=saturday-lotto-au\"},{\"@type\":\"BreadcrumbList\",\"@id\":\"https:\/\/onlinelotto365.com\/tr\/oyna\/saturday-lotto-australia\/#breadcrumb\",\"itemListElement\":[{\"@type\":\"ListItem\",\"position\":1,\"name\":\"Home\",\"item\":\"https:\/\/onlinelotto365.com\/tr\/\"},{\"@type\":\"ListItem\",\"position\":2,\"name\":\"En iyi \u00e7evrimi\u00e7i piyangolar\u0131 oynamak i\u00e7in se\u00e7enekleriniz hakk\u0131nda bilmeniz gereken her \u015fey\",\"item\":\"https:\/\/onlinelotto365.com\/tr\/oyna\/\"},{\"@type\":\"ListItem\",\"position\":3,\"name\":\"Avustralya Cumartesi Loto&#8217;su oynamak T\u00fcrkiye&#8217;den piyango tutkunlar\u0131 i\u00e7in se\u00e7eneklerden sadece biri\"}]},{\"@type\":\"WebSite\",\"@id\":\"https:\/\/onlinelotto365.com\/tr\/#website\",\"url\":\"https:\/\/onlinelotto365.com\/tr\/\",\"name\":\"OnlineLotto365\",\"description\":\"\",\"potentialAction\":[{\"@type\":\"SearchAction\",\"target\":{\"@type\":\"EntryPoint\",\"urlTemplate\":\"https:\/\/onlinelotto365.com\/tr\/?s={search_term_string}\"},\"query-input\":{\"@type\":\"PropertyValueSpecification\",\"valueRequired\":true,\"valueName\":\"search_term_string\"}}],\"inLanguage\":\"tr\"}]}<\/script>\n<!-- \/ Yoast SEO plugin. -->","yoast_head_json":{"title":"Hizmetimiz, Avustralya Cumartesi Loto'sunu T\u00fcrkiye'den \u00e7evrimi\u00e7i oynaman\u0131za olanak tan\u0131r","description":"Avustralya'da da Cumartesi lotolar\u0131 var - \u015fimdi online oynay\u0131n","robots":{"index":"index","follow":"follow","max-snippet":"max-snippet:-1","max-image-preview":"max-image-preview:large","max-video-preview":"max-video-preview:-1"},"canonical":"https:\/\/onlinelotto365.com\/tr\/oyna\/saturday-lotto-australia\/","og_locale":"tr_TR","og_type":"article","og_title":"Hizmetimiz, Avustralya Cumartesi Loto'sunu T\u00fcrkiye'den \u00e7evrimi\u00e7i oynaman\u0131za olanak tan\u0131r","og_description":"Avustralya'da da Cumartesi lotolar\u0131 var - \u015fimdi online oynay\u0131n","og_url":"https:\/\/onlinelotto365.com\/tr\/oyna\/saturday-lotto-australia\/","og_site_name":"OnlineLotto365","article_modified_time":"2022-11-03T09:49:40+00:00","og_image":[{"url":"https:\/\/redfoxlotto.com\/image?size=8&amp;lottery=saturday-lotto-au"}],"twitter_card":"summary_large_image","twitter_misc":{"Tahmini okuma s\u00fcresi":"3 dakika"},"schema":{"@context":"https:\/\/schema.org","@graph":[{"@type":"WebPage","@id":"https:\/\/onlinelotto365.com\/tr\/oyna\/saturday-lotto-australia\/","url":"https:\/\/onlinelotto365.com\/tr\/oyna\/saturday-lotto-australia\/","name":"Hizmetimiz, Avustralya Cumartesi Loto'sunu T\u00fcrkiye'den \u00e7evrimi\u00e7i oynaman\u0131za olanak tan\u0131r","isPartOf":{"@id":"https:\/\/onlinelotto365.com\/tr\/#website"},"primaryImageOfPage":{"@id":"https:\/\/onlinelotto365.com\/tr\/oyna\/saturday-lotto-australia\/#primaryimage"},"image":{"@id":"https:\/\/onlinelotto365.com\/tr\/oyna\/saturday-lotto-australia\/#primaryimage"},"thumbnailUrl":"https:\/\/redfoxlotto.com\/image?size=8&amp;lottery=saturday-lotto-au","datePublished":"2022-11-03T09:46:57+00:00","dateModified":"2022-11-03T09:49:40+00:00","description":"Avustralya'da da Cumartesi lotolar\u0131 var - \u015fimdi online oynay\u0131n","breadcrumb":{"@id":"https:\/\/onlinelotto365.com\/tr\/oyna\/saturday-lotto-australia\/#breadcrumb"},"inLanguage":"tr","potentialAction":[{"@type":"ReadAction","target":["https:\/\/onlinelotto365.com\/tr\/oyna\/saturday-lotto-australia\/"]}]},{"@type":"ImageObject","inLanguage":"tr","@id":"https:\/\/onlinelotto365.com\/tr\/oyna\/saturday-lotto-australia\/#primaryimage","url":"https:\/\/redfoxlotto.com\/image?size=8&amp;lottery=saturday-lotto-au","contentUrl":"https:\/\/redfoxlotto.com\/image?size=8&amp;lottery=saturday-lotto-au"},{"@type":"BreadcrumbList","@id":"https:\/\/onlinelotto365.com\/tr\/oyna\/saturday-lotto-australia\/#breadcrumb","itemListElement":[{"@type":"ListItem","position":1,"name":"Home","item":"https:\/\/onlinelotto365.com\/tr\/"},{"@type":"ListItem","position":2,"name":"En iyi \u00e7evrimi\u00e7i piyangolar\u0131 oynamak i\u00e7in se\u00e7enekleriniz hakk\u0131nda bilmeniz gereken her \u015fey","item":"https:\/\/onlinelotto365.com\/tr\/oyna\/"},{"@type":"ListItem","position":3,"name":"Avustralya Cumartesi Loto&#8217;su oynamak T\u00fcrkiye&#8217;den piyango tutkunlar\u0131 i\u00e7in se\u00e7eneklerden sadece biri"}]},{"@type":"WebSite","@id":"https:\/\/onlinelotto365.com\/tr\/#website","url":"https:\/\/onlinelotto365.com\/tr\/","name":"OnlineLotto365","description":"","potentialAction":[{"@type":"SearchAction","target":{"@type":"EntryPoint","urlTemplate":"https:\/\/onlinelotto365.com\/tr\/?s={search_term_string}"},"query-input":{"@type":"PropertyValueSpecification","valueRequired":true,"valueName":"search_term_string"}}],"inLanguage":"tr"}]}},"_links":{"self":[{"href":"https:\/\/onlinelotto365.com\/tr\/wp-json\/wp\/v2\/pages\/79306","targetHints":{"allow":["GET"]}}],"collection":[{"href":"https:\/\/onlinelotto365.com\/tr\/wp-json\/wp\/v2\/pages"}],"about":[{"href":"https:\/\/onlinelotto365.com\/tr\/wp-json\/wp\/v2\/types\/page"}],"author":[{"embeddable":true,"href":"https:\/\/onlinelotto365.com\/tr\/wp-json\/wp\/v2\/users\/1"}],"replies":[{"embeddable":true,"href":"https:\/\/onlinelotto365.com\/tr\/wp-json\/wp\/v2\/comments?post=79306"}],"version-history":[{"count":0,"href":"https:\/\/onlinelotto365.com\/tr\/wp-json\/wp\/v2\/pages\/79306\/revisions"}],"up":[{"embeddable":true,"href":"https:\/\/onlinelotto365.com\/tr\/wp-json\/wp\/v2\/pages\/5092"}],"wp:attachment":[{"href":"https:\/\/onlinelotto365.com\/tr\/wp-json\/wp\/v2\/media?parent=79306"}],"curies":[{"name":"wp","href":"https:\/\/api.w.org\/{rel}","templated":true}]}}