{"id":79353,"date":"2022-11-03T13:58:09","date_gmt":"2022-11-03T12:58:09","guid":{"rendered":"https:\/\/onlinelotto365.com\/?page_id=79353"},"modified":"2022-11-03T13:58:27","modified_gmt":"2022-11-03T12:58:27","slug":"oz-lotto","status":"publish","type":"page","link":"https:\/\/onlinelotto365.com\/tr\/oyna\/oz-lotto\/","title":{"rendered":"Oz Lotto oynamak, T\u00fcrkiye&#8217;den piyango tutkunlar\u0131 i\u00e7in se\u00e7eneklerden sadece biri"},"content":{"rendered":"<h2>Oz Lotto \u00e7evrimi\u00e7i nas\u0131l oynan\u0131r<\/h2>\n<p>T\u00fcrkiye&#8217;de ya\u015f\u0131yor olun ya da olmay\u0131n, Oz Lotto&#8217;yu \u00e7evrimi\u00e7i olarak kolayl\u0131kla oynayabilirsiniz. \u00c7\u00fcnk\u00fc tek yapman\u0131z gereken web sitemizde do\u011fru sayfay\u0131 bulmak, birka\u00e7 d\u00fc\u011fmeye t\u0131klamak ve bir de bakm\u0131\u015fs\u0131n\u0131z ki istedi\u011finiz biletlere sahip olmu\u015fsunuz.<\/p>\n<p>Daha da iyisi, tamamen \u00fccretsiz bir hesap olu\u015fturman\u0131z, istedi\u011finiz biletleri ve numaralar\u0131 se\u00e7meniz, sizin i\u00e7in en uygun \u00f6deme se\u00e7ene\u011fini se\u00e7meniz ve i\u015finizin bitmesi. Ger\u00e7ekten bu kadar basit.<\/p>\n<p>Gitmeye haz\u0131rsan\u0131z yapman\u0131z gereken ilk \u015fey istedi\u011finiz lotoyu se\u00e7mektir. Bu durumda, Oz Lotto&#8217;ya bak\u0131yorsunuz. \u0130\u00e7eri girdikten sonra, oynamak istedi\u011finiz say\u0131lar\u0131 se\u00e7meniz yeterlidir. Say\u0131lar\u0131n\u0131z\u0131 yanl\u0131\u015f se\u00e7me konusunda endi\u015felenmenize bile gerek yok \u00e7\u00fcnk\u00fc sistem neye ihtiyac\u0131n\u0131z oldu\u011funu size bildirecektir.<\/p>\n<p>Bu, say\u0131lar\u0131n miktar\u0131 anlam\u0131na da gelir. Ayr\u0131ca, bilgisayar\u0131n numaralar\u0131n\u0131z\u0131 rastgele se\u00e7mesini sa\u011flamak i\u00e7in h\u0131zl\u0131 bir se\u00e7im se\u00e7ebilir ve ard\u0131ndan bu numaralar\u0131 da d\u00fczenleyebilirsiniz.<br \/>\nOz Lotto i\u00e7in istedi\u011finiz biletleri ald\u0131ktan sonra daha fazla bilet eklemeyi se\u00e7ebilir, farkl\u0131 bir oyun se\u00e7ebilir ve bu biletleri ekleyebilir veya biletlerinizi sat\u0131n almak i\u00e7in bir sipari\u015fe ekleyebilirsiniz. \u00d6deme yapt\u0131ktan ve tercih etti\u011finiz \u00f6deme y\u00f6ntemiyle \u00f6deme yapt\u0131ktan sonra her \u015fey haz\u0131r olacak. Tabii ki \u00f6deme i\u015flemini tamamlamak i\u00e7in bir hesap olu\u015fturman\u0131z gerekecek.<\/p>\n<p>Hesap olu\u015fturmak kolayd\u0131r ve size hemen bir do\u011frulama e-postas\u0131 ve bir ba\u011flant\u0131 g\u00f6ndeririz. Bu \u015fekilde beklemek zorunda kalmadan biletleri sat\u0131n almaya ba\u015flayabilirsiniz. Sadece gelen kutunuzu ve spam klas\u00f6r\u00fcn\u00fcz\u00fc kontrol etti\u011finizden emin olun, \u00e7\u00fcnk\u00fc onaylamad\u0131\u011f\u0131n\u0131z s\u00fcrece biletlerinizi alamazs\u0131n\u0131z. Hi\u00e7 vakit kaybetmeden haz\u0131r olacaks\u0131n\u0131z.<br \/>\n<a href=\"https:\/\/redfoxlotto.com\/play\/oz-lotto\/?ref=a8564250a2&amp;medium=ol365\" target=\"_blank\" rel=\"noopener noreferrer\"><img decoding=\"async\" class=\"aligncenter\" src=\"https:\/\/redfoxlotto.com\/image?size=8&amp;lottery=oz-lotto\" alt=\"Oz Lotto\" \/><\/a><\/p>\n<h2>Oz Lotto Hakk\u0131nda<\/h2>\n<ul>\n<li>\u00dclke Avustralya<\/li>\n<li>Ana numaralar aral\u0131\u011f\u0131: 45<\/li>\n<li>Se\u00e7mek zorundas\u0131n\u0131z: 7<\/li>\n<li>\u00c7ekili\u015f g\u00fcnleri ve saatleri: Sal\u0131, 21:30 GMT+11 &#8211; 10:30 CET<\/li>\n<li>Jackpot ba\u015fl\u0131yor: 2 milyon AU$<\/li>\n<li>Jackpot s\u0131n\u0131r\u0131: yok<\/li>\n<li>B\u00fcy\u00fck ikramiyeyi kazanma \u015fans\u0131: 45379620&#8217;de 1<\/li>\n<li>\u0130kinci \u00f6d\u00fcl\u00fc kazanma \u015fans\u0131: 3241401&#8217;de 1<\/li>\n<li>Herhangi bir \u00f6d\u00fcl kazanma \u015fans\u0131: 54,59&#8217;da 1<\/li>\n<li>\u00d6d\u00fcl kategorilerinin say\u0131s\u0131: 7<\/li>\n<\/ul>\n<p>&nbsp;<\/p>\n<h2>Oz Lotto&#8217;nun en iyi \u00f6zellikleri<\/h2>\n<p>Oz Lotto size yedi farkl\u0131 b\u00f6l\u00fcmde kazanma f\u0131rsat\u0131 vererek b\u00fcy\u00fck bir \u00f6d\u00fcl kazanma \u015fans\u0131n\u0131z\u0131 art\u0131r\u0131r. Sadece bu da de\u011fil, e\u011fer 1. B\u00f6l\u00fcmde kazan\u0131rsan\u0131z 2 milyon dolarl\u0131k ve genellikle \u00e7ok daha y\u00fcksek bir \u00f6d\u00fcl\u00fc payla\u015fma garantiniz var. Bu, b\u00fcy\u00fck bir \u015fey kazanmakta veya en az\u0131ndan b\u00fcy\u00fck \u00f6d\u00fcl se\u00e7eneklerinden birinden pay almakta sorun ya\u015famayaca\u011f\u0131n\u0131z anlam\u0131na gelir.<\/p>\n<h2>Oz Lotto sonu\u00e7lar\u0131 nas\u0131l kontrol edilir<\/h2>\n<p>Oz Lotto i\u00e7in kazanan numaralar\u0131 kontrol etmenin bir\u00e7ok yolu vard\u0131r. Birincisi, resmi web sitesine giderek veya kendi gazeteniz veya en sevdi\u011finiz haber kanal\u0131 arac\u0131l\u0131\u011f\u0131yla yerel piyangolar\u0131 kontrol etmektir. Ancak bu yaln\u0131zca oyun yerelse i\u015fe yarar. Ve loto numaralar\u0131n\u0131z\u0131 \u00f6\u011frenmenin en iyi yolu sitemize geri d\u00f6nmektir.<br \/>\nNe de olsa biletlerinizi buradan ald\u0131n\u0131z, neden olmas\u0131n? Do\u011frudan hesab\u0131n\u0131za giri\u015f yapabilecek ve ne kadar kazand\u0131\u011f\u0131n\u0131z\u0131 g\u00f6rmek i\u00e7in say\u0131lar\u0131n\u0131z\u0131 kazanan say\u0131larla kar\u015f\u0131la\u015ft\u0131rabileceksiniz.<\/p>\n<h2>Siz bir Oz Loto Talihlisisiniz! &#8211; \u015eimdi ne olacak?<\/h2>\n<p>Bilmek isteyece\u011finiz ilk \u015fey, ne kadar alaca\u011f\u0131n\u0131zd\u0131r. Sonu\u00e7ta, herkes kazanc\u0131n\u0131 bilmek ister, de\u011fil mi? 2500\u20ac&#8217;dan az kazand\u0131ysan\u0131z hi\u00e7bir \u015fey yapman\u0131za gerek yok. \u00d6d\u00fcl\u00fc talep etmekle ilgileniyoruz ve do\u011frudan \u00e7evrimi\u00e7i hesab\u0131n\u0131za yat\u0131r\u0131yoruz. Oradan, 10 \u20ac&#8217;nun \u00fczerinde oldu\u011funuz s\u00fcrece, onu \u00e7\u0131karmay\u0131, yeni bilet almay\u0131 veya istedi\u011finiz ba\u015fka bir \u015feyi se\u00e7ebilirsiniz.<br \/>\n<img loading=\"lazy\" decoding=\"async\" class=\"alignright wp-image-3635\" src=\"https:\/\/onlinelotto365.com\/wp-content\/uploads\/2020\/11\/online_lottery-123-300x300.jpg\" alt=\"oz loto online oyna\" width=\"228\" height=\"228\" srcset=\"https:\/\/onlinelotto365.com\/wp-content\/uploads\/2020\/11\/online_lottery-123-300x300.jpg 300w, https:\/\/onlinelotto365.com\/wp-content\/uploads\/2020\/11\/online_lottery-123-100x100.jpg 100w, https:\/\/onlinelotto365.com\/wp-content\/uploads\/2020\/11\/online_lottery-123-150x150.jpg 150w, https:\/\/onlinelotto365.com\/wp-content\/uploads\/2020\/11\/online_lottery-123.jpg 320w\" sizes=\"auto, (max-width: 228px) 100vw, 228px\" \/><\/p>\n<p>\u015eimdi, 2500 \u20ac&#8217;nun \u00fczerinde kazand\u0131ysan\u0131z, s\u00fcrece biraz daha fazla dahil olursunuz, ancak endi\u015felenmeyin \u00e7\u00fcnk\u00fc size her konuda yard\u0131mc\u0131 olaca\u011f\u0131z. Sizinle ileti\u015fime ge\u00e7ece\u011fiz ve piyango komisyonuna g\u00f6nderilmesi gereken talep formunun bir kopyas\u0131n\u0131 size verece\u011fiz. Formu doldurduktan sonra, k\u00e2\u011f\u0131tta g\u00f6nderdi\u011finiz bilgilere g\u00f6re kazanc\u0131n\u0131z\u0131 alabileceksiniz. \u00c7ek veya banka havalesi alabilirsiniz.<\/p>\n","protected":false},"excerpt":{"rendered":"<p>Oz Lotto \u00e7evrimi\u00e7i nas\u0131l oynan\u0131r T\u00fcrkiye&#8217;de ya\u015f\u0131yor olun ya da olmay\u0131n, Oz Lotto&#8217;yu \u00e7evrimi\u00e7i olarak kolayl\u0131kla oynayabilirsiniz. \u00c7\u00fcnk\u00fc tek yapman\u0131z gereken web sitemizde do\u011fru sayfay\u0131 bulmak, birka\u00e7 d\u00fc\u011fmeye t\u0131klamak ve bir de bakm\u0131\u015fs\u0131n\u0131z ki istedi\u011finiz biletlere sahip olmu\u015fsunuz. Daha da iyisi, tamamen \u00fccretsiz bir hesap olu\u015fturman\u0131z, istedi\u011finiz biletleri ve numaralar\u0131 se\u00e7meniz, sizin i\u00e7in en uygun [&hellip;]<\/p>\n","protected":false},"author":1,"featured_media":0,"parent":5092,"menu_order":14,"comment_status":"closed","ping_status":"closed","template":"template-rightsidebar.php","meta":{"_et_pb_use_builder":"","_et_pb_old_content":"","_et_gb_content_width":"","exclude_from_search":false,"footnotes":""},"class_list":["post-79353","page","type-page","status-publish","hentry"],"yoast_head":"<!-- This site is optimized with the Yoast SEO plugin v23.4 - https:\/\/yoast.com\/wordpress\/plugins\/seo\/ -->\n<title>Oz Lotto&#039;yu burada oynay\u0131n - gezegenin en b\u00fcy\u00fck piyangolar\u0131, T\u00fcrkiye&#039;den \u00e7evrimi\u00e7i olarak mevcut<\/title>\n<meta name=\"description\" content=\"OzLotto dahil olmak \u00fczere bir\u00e7ok uluslararas\u0131 piyangoyu \u00e7evrimi\u00e7i oynay\u0131n\" \/>\n<meta name=\"robots\" content=\"index, follow, max-snippet:-1, max-image-preview:large, max-video-preview:-1\" \/>\n<link rel=\"canonical\" href=\"https:\/\/onlinelotto365.com\/tr\/oyna\/oz-lotto\/\" \/>\n<meta property=\"og:locale\" content=\"tr_TR\" \/>\n<meta property=\"og:type\" content=\"article\" \/>\n<meta property=\"og:title\" content=\"Oz Lotto&#039;yu burada oynay\u0131n - gezegenin en b\u00fcy\u00fck piyangolar\u0131, T\u00fcrkiye&#039;den \u00e7evrimi\u00e7i olarak mevcut\" \/>\n<meta property=\"og:description\" content=\"OzLotto dahil olmak \u00fczere bir\u00e7ok uluslararas\u0131 piyangoyu \u00e7evrimi\u00e7i oynay\u0131n\" \/>\n<meta property=\"og:url\" content=\"https:\/\/onlinelotto365.com\/tr\/oyna\/oz-lotto\/\" \/>\n<meta property=\"og:site_name\" content=\"OnlineLotto365\" \/>\n<meta property=\"article:modified_time\" content=\"2022-11-03T12:58:27+00:00\" \/>\n<meta property=\"og:image\" content=\"https:\/\/redfoxlotto.com\/image?size=8&amp;lottery=oz-lotto\" \/>\n<meta name=\"twitter:card\" content=\"summary_large_image\" \/>\n<meta name=\"twitter:label1\" content=\"Tahmini okuma s\u00fcresi\" \/>\n\t<meta name=\"twitter:data1\" content=\"3 dakika\" \/>\n<script type=\"application\/ld+json\" class=\"yoast-schema-graph\">{\"@context\":\"https:\/\/schema.org\",\"@graph\":[{\"@type\":\"WebPage\",\"@id\":\"https:\/\/onlinelotto365.com\/tr\/oyna\/oz-lotto\/\",\"url\":\"https:\/\/onlinelotto365.com\/tr\/oyna\/oz-lotto\/\",\"name\":\"Oz Lotto'yu burada oynay\u0131n - gezegenin en b\u00fcy\u00fck piyangolar\u0131, T\u00fcrkiye'den \u00e7evrimi\u00e7i olarak mevcut\",\"isPartOf\":{\"@id\":\"https:\/\/onlinelotto365.com\/tr\/#website\"},\"primaryImageOfPage\":{\"@id\":\"https:\/\/onlinelotto365.com\/tr\/oyna\/oz-lotto\/#primaryimage\"},\"image\":{\"@id\":\"https:\/\/onlinelotto365.com\/tr\/oyna\/oz-lotto\/#primaryimage\"},\"thumbnailUrl\":\"https:\/\/redfoxlotto.com\/image?size=8&amp;lottery=oz-lotto\",\"datePublished\":\"2022-11-03T12:58:09+00:00\",\"dateModified\":\"2022-11-03T12:58:27+00:00\",\"description\":\"OzLotto dahil olmak \u00fczere bir\u00e7ok uluslararas\u0131 piyangoyu \u00e7evrimi\u00e7i oynay\u0131n\",\"breadcrumb\":{\"@id\":\"https:\/\/onlinelotto365.com\/tr\/oyna\/oz-lotto\/#breadcrumb\"},\"inLanguage\":\"tr\",\"potentialAction\":[{\"@type\":\"ReadAction\",\"target\":[\"https:\/\/onlinelotto365.com\/tr\/oyna\/oz-lotto\/\"]}]},{\"@type\":\"ImageObject\",\"inLanguage\":\"tr\",\"@id\":\"https:\/\/onlinelotto365.com\/tr\/oyna\/oz-lotto\/#primaryimage\",\"url\":\"https:\/\/redfoxlotto.com\/image?size=8&amp;lottery=oz-lotto\",\"contentUrl\":\"https:\/\/redfoxlotto.com\/image?size=8&amp;lottery=oz-lotto\"},{\"@type\":\"BreadcrumbList\",\"@id\":\"https:\/\/onlinelotto365.com\/tr\/oyna\/oz-lotto\/#breadcrumb\",\"itemListElement\":[{\"@type\":\"ListItem\",\"position\":1,\"name\":\"Home\",\"item\":\"https:\/\/onlinelotto365.com\/tr\/\"},{\"@type\":\"ListItem\",\"position\":2,\"name\":\"En iyi \u00e7evrimi\u00e7i piyangolar\u0131 oynamak i\u00e7in se\u00e7enekleriniz hakk\u0131nda bilmeniz gereken her \u015fey\",\"item\":\"https:\/\/onlinelotto365.com\/tr\/oyna\/\"},{\"@type\":\"ListItem\",\"position\":3,\"name\":\"Oz Lotto oynamak, T\u00fcrkiye&#8217;den piyango tutkunlar\u0131 i\u00e7in se\u00e7eneklerden sadece biri\"}]},{\"@type\":\"WebSite\",\"@id\":\"https:\/\/onlinelotto365.com\/tr\/#website\",\"url\":\"https:\/\/onlinelotto365.com\/tr\/\",\"name\":\"OnlineLotto365\",\"description\":\"\",\"potentialAction\":[{\"@type\":\"SearchAction\",\"target\":{\"@type\":\"EntryPoint\",\"urlTemplate\":\"https:\/\/onlinelotto365.com\/tr\/?s={search_term_string}\"},\"query-input\":{\"@type\":\"PropertyValueSpecification\",\"valueRequired\":true,\"valueName\":\"search_term_string\"}}],\"inLanguage\":\"tr\"}]}<\/script>\n<!-- \/ Yoast SEO plugin. -->","yoast_head_json":{"title":"Oz Lotto'yu burada oynay\u0131n - gezegenin en b\u00fcy\u00fck piyangolar\u0131, T\u00fcrkiye'den \u00e7evrimi\u00e7i olarak mevcut","description":"OzLotto dahil olmak \u00fczere bir\u00e7ok uluslararas\u0131 piyangoyu \u00e7evrimi\u00e7i oynay\u0131n","robots":{"index":"index","follow":"follow","max-snippet":"max-snippet:-1","max-image-preview":"max-image-preview:large","max-video-preview":"max-video-preview:-1"},"canonical":"https:\/\/onlinelotto365.com\/tr\/oyna\/oz-lotto\/","og_locale":"tr_TR","og_type":"article","og_title":"Oz Lotto'yu burada oynay\u0131n - gezegenin en b\u00fcy\u00fck piyangolar\u0131, T\u00fcrkiye'den \u00e7evrimi\u00e7i olarak mevcut","og_description":"OzLotto dahil olmak \u00fczere bir\u00e7ok uluslararas\u0131 piyangoyu \u00e7evrimi\u00e7i oynay\u0131n","og_url":"https:\/\/onlinelotto365.com\/tr\/oyna\/oz-lotto\/","og_site_name":"OnlineLotto365","article_modified_time":"2022-11-03T12:58:27+00:00","og_image":[{"url":"https:\/\/redfoxlotto.com\/image?size=8&amp;lottery=oz-lotto"}],"twitter_card":"summary_large_image","twitter_misc":{"Tahmini okuma s\u00fcresi":"3 dakika"},"schema":{"@context":"https:\/\/schema.org","@graph":[{"@type":"WebPage","@id":"https:\/\/onlinelotto365.com\/tr\/oyna\/oz-lotto\/","url":"https:\/\/onlinelotto365.com\/tr\/oyna\/oz-lotto\/","name":"Oz Lotto'yu burada oynay\u0131n - gezegenin en b\u00fcy\u00fck piyangolar\u0131, T\u00fcrkiye'den \u00e7evrimi\u00e7i olarak mevcut","isPartOf":{"@id":"https:\/\/onlinelotto365.com\/tr\/#website"},"primaryImageOfPage":{"@id":"https:\/\/onlinelotto365.com\/tr\/oyna\/oz-lotto\/#primaryimage"},"image":{"@id":"https:\/\/onlinelotto365.com\/tr\/oyna\/oz-lotto\/#primaryimage"},"thumbnailUrl":"https:\/\/redfoxlotto.com\/image?size=8&amp;lottery=oz-lotto","datePublished":"2022-11-03T12:58:09+00:00","dateModified":"2022-11-03T12:58:27+00:00","description":"OzLotto dahil olmak \u00fczere bir\u00e7ok uluslararas\u0131 piyangoyu \u00e7evrimi\u00e7i oynay\u0131n","breadcrumb":{"@id":"https:\/\/onlinelotto365.com\/tr\/oyna\/oz-lotto\/#breadcrumb"},"inLanguage":"tr","potentialAction":[{"@type":"ReadAction","target":["https:\/\/onlinelotto365.com\/tr\/oyna\/oz-lotto\/"]}]},{"@type":"ImageObject","inLanguage":"tr","@id":"https:\/\/onlinelotto365.com\/tr\/oyna\/oz-lotto\/#primaryimage","url":"https:\/\/redfoxlotto.com\/image?size=8&amp;lottery=oz-lotto","contentUrl":"https:\/\/redfoxlotto.com\/image?size=8&amp;lottery=oz-lotto"},{"@type":"BreadcrumbList","@id":"https:\/\/onlinelotto365.com\/tr\/oyna\/oz-lotto\/#breadcrumb","itemListElement":[{"@type":"ListItem","position":1,"name":"Home","item":"https:\/\/onlinelotto365.com\/tr\/"},{"@type":"ListItem","position":2,"name":"En iyi \u00e7evrimi\u00e7i piyangolar\u0131 oynamak i\u00e7in se\u00e7enekleriniz hakk\u0131nda bilmeniz gereken her \u015fey","item":"https:\/\/onlinelotto365.com\/tr\/oyna\/"},{"@type":"ListItem","position":3,"name":"Oz Lotto oynamak, T\u00fcrkiye&#8217;den piyango tutkunlar\u0131 i\u00e7in se\u00e7eneklerden sadece biri"}]},{"@type":"WebSite","@id":"https:\/\/onlinelotto365.com\/tr\/#website","url":"https:\/\/onlinelotto365.com\/tr\/","name":"OnlineLotto365","description":"","potentialAction":[{"@type":"SearchAction","target":{"@type":"EntryPoint","urlTemplate":"https:\/\/onlinelotto365.com\/tr\/?s={search_term_string}"},"query-input":{"@type":"PropertyValueSpecification","valueRequired":true,"valueName":"search_term_string"}}],"inLanguage":"tr"}]}},"_links":{"self":[{"href":"https:\/\/onlinelotto365.com\/tr\/wp-json\/wp\/v2\/pages\/79353","targetHints":{"allow":["GET"]}}],"collection":[{"href":"https:\/\/onlinelotto365.com\/tr\/wp-json\/wp\/v2\/pages"}],"about":[{"href":"https:\/\/onlinelotto365.com\/tr\/wp-json\/wp\/v2\/types\/page"}],"author":[{"embeddable":true,"href":"https:\/\/onlinelotto365.com\/tr\/wp-json\/wp\/v2\/users\/1"}],"replies":[{"embeddable":true,"href":"https:\/\/onlinelotto365.com\/tr\/wp-json\/wp\/v2\/comments?post=79353"}],"version-history":[{"count":0,"href":"https:\/\/onlinelotto365.com\/tr\/wp-json\/wp\/v2\/pages\/79353\/revisions"}],"up":[{"embeddable":true,"href":"https:\/\/onlinelotto365.com\/tr\/wp-json\/wp\/v2\/pages\/5092"}],"wp:attachment":[{"href":"https:\/\/onlinelotto365.com\/tr\/wp-json\/wp\/v2\/media?parent=79353"}],"curies":[{"name":"wp","href":"https:\/\/api.w.org\/{rel}","templated":true}]}}