{"id":79393,"date":"2022-11-04T07:33:19","date_gmt":"2022-11-04T06:33:19","guid":{"rendered":"https:\/\/onlinelotto365.com\/?page_id=79393"},"modified":"2022-11-04T07:34:51","modified_gmt":"2022-11-04T06:34:51","slug":"powerball-avustralya","status":"publish","type":"page","link":"https:\/\/onlinelotto365.com\/tr\/oyna\/powerball-avustralya\/","title":{"rendered":"Powerball Avustralya &#8211; art\u0131k T\u00fcrkiye piyangolar\u0131n\u0131zla s\u0131n\u0131rl\u0131 de\u011filsiniz"},"content":{"rendered":"<h2>Powerball Avustralya \u00e7evrimi\u00e7i nas\u0131l oynan\u0131r<\/h2>\n<p>T\u00fcrkiye&#8217;de olsan\u0131z bile Powerball Avustralya&#8217;y\u0131 \u00e7evrimi\u00e7i oynamak asl\u0131nda olduk\u00e7a basit. \u00dcstelik olduk\u00e7a da kolay \u00e7\u00fcnk\u00fc zaten buradas\u0131n\u0131z ve sadece birka\u00e7 fare t\u0131klamas\u0131yla biletlerinizi alabiliyorsunuz.<\/p>\n<p>Her ad\u0131mda sizinle ilgilenilecek, tek yapman\u0131z gereken \u00fccretsiz bir hesap olu\u015fturmak, se\u00e7imlerinizi yapmak, say\u0131s\u0131z uygun \u00f6deme se\u00e7eneklerinden birini se\u00e7mek ve gerisini biz halledece\u011fiz.<\/p>\n<p>Do\u011fru piyangoya, yani Powerball Australia&#8217;ya t\u0131klad\u0131\u011f\u0131n\u0131zdan emin olun. Sonra say\u0131lar\u0131n\u0131z\u0131 se\u00e7in. \u00c7ok fazla say\u0131 se\u00e7meye \u00e7al\u0131\u015f\u0131rsan\u0131z veya yeterli say\u0131 se\u00e7mediyseniz, sistem sizden daha az veya daha fazla say\u0131 se\u00e7menizi isteyecektir. Ayr\u0131ca h\u0131zl\u0131 se\u00e7im d\u00fc\u011fmesine t\u0131klad\u0131\u011f\u0131n\u0131zda site sizin i\u00e7in rastgele baz\u0131 say\u0131lar se\u00e7ecektir. Bu say\u0131lar\u0131 be\u011fenmezseniz yine de manuel olarak d\u00fczenleyebilirsiniz.<\/p>\n<p>Ayr\u0131ca bir\u00e7ok oyuncunun kullanmay\u0131 sevdi\u011fi bir y\u00f6ntem de vard\u0131r &#8211; h\u0131zl\u0131 se\u00e7im i\u015flevi. Veya favori say\u0131lar\u0131n\u0131zdan baz\u0131lar\u0131n\u0131 manuel olarak kullanabilir ve rastgele say\u0131 \u00fcretecinin geri kalan\u0131n\u0131 sizin i\u00e7in se\u00e7mesine izin verebilirsiniz.<\/p>\n<p>Bundan sonra, ba\u015fka bir piyango se\u00e7ebilir, daha fazla loto bileti oynayabilir ve bunlar\u0131 sipari\u015finize ekleyebilirsiniz. Ard\u0131ndan, \u00f6deme yapmak i\u00e7in t\u0131klay\u0131n ve biletleriniz i\u00e7in g\u00fcvenli bir \u015fekilde \u00f6deme yap\u0131n. \u015eu anda, bizimle bir hesap olu\u015fturman\u0131z gerekecek. Elbette, \u00f6nce hesab\u0131n\u0131z\u0131 olu\u015fturabilir ve ard\u0131ndan biletlerinizi sipari\u015f etme i\u015flemine ba\u015flayabilirsiniz.<\/p>\n<p>Hesab\u0131n\u0131z\u0131 olu\u015fturduktan sonra, size t\u0131klaman\u0131z gereken bir ba\u011flant\u0131 i\u00e7eren bir do\u011frulama e-postas\u0131 g\u00f6nderece\u011fiz. L\u00fctfen bu e-posta i\u00e7in spam klas\u00f6r\u00fcn\u00fcz\u00fc kontrol etti\u011finizden emin olun. E-posta adresimizi g\u00fcvenilir bir g\u00f6nderici olarak i\u015faretlemeniz ak\u0131ll\u0131ca olacakt\u0131r. Bu, kazan\u00e7 bildirimleri gibi \u00f6nemli mesajlar\u0131n ger\u00e7ekten size ula\u015fmas\u0131n\u0131 sa\u011flar.<br \/>\n<a href=\"https:\/\/redfoxlotto.com\/play\/powerball-au\/?ref=a8564250a2&amp;medium=ol365\" target=\"_blank\" rel=\"noopener noreferrer\"><img decoding=\"async\" class=\"aligncenter\" src=\"https:\/\/redfoxlotto.com\/image?size=8&amp;lottery=powerball-au\" alt=\"Powerball Avustralya\" \/><\/a><\/p>\n<h2>Powerball Avustralya Hakk\u0131nda<\/h2>\n<ul>\n<li>\u00dclke Avustralya<\/li>\n<li>Ana numaralar aral\u0131\u011f\u0131: 35<\/li>\n<li>Se\u00e7mek zorundas\u0131n\u0131z: 7<\/li>\n<li>Ekstra say\u0131 aral\u0131\u011f\u0131: 20<\/li>\n<li>Se\u00e7mek zorundas\u0131n\u0131z: 1<\/li>\n<li>\u00c7ekili\u015f g\u00fcnleri ve saatleri: Per\u015fembe, 21:30 GMT+11, 10:30 CET<\/li>\n<li>Jackpot ba\u015fl\u0131yor: 3 milyon AU$<\/li>\n<li>Jackpot s\u0131n\u0131rland\u0131r\u0131lm\u0131\u015ft\u0131r: 150 milyon AU$<\/li>\n<li>B\u00fcy\u00fck ikramiyeyi kazanma \u015fans\u0131: 134.490.400&#8217;de 1<\/li>\n<li>\u0130kinci bir \u00f6d\u00fcl kazanma \u015fans\u0131: 7.078.443&#8217;te 1<\/li>\n<li>Herhangi bir \u00f6d\u00fcl kazanma \u015fans\u0131: 24,87&#8217;de 1<\/li>\n<li>\u00d6d\u00fcl kategorilerinin say\u0131s\u0131: 7<\/li>\n<\/ul>\n<h2>Powerball Avustralya sonu\u00e7lar\u0131 nas\u0131l kontrol edilir?<\/h2>\n<p>Sonu\u00e7lar\u0131n\u0131z\u0131 kontrol etmek i\u00e7in birka\u00e7 y\u00f6ntem kullanabilirsiniz. Bunlar\u0131 piyangonun resmi web sitesinde bulabilirsiniz. Baz\u0131 piyangolar i\u00e7in kazanan numaralar\u0131 yerel gazetenizde bulabilir veya bir televizyon kanal\u0131 bunlar\u0131 yay\u0131nlayabilir. Ancak en kolay yol sitemize geri d\u00f6nmek ve en son kazanan numaralar\u0131 buradan kontrol etmektir. Hesab\u0131n\u0131za giri\u015f yapt\u0131ktan sonra, oynad\u0131\u011f\u0131n\u0131z say\u0131lar\u0131 \u00e7ekili\u015fteki say\u0131larla kar\u015f\u0131la\u015ft\u0131rabilirsiniz. Ve ne kadar kazand\u0131\u011f\u0131n\u0131z\u0131 hemen g\u00f6rebilirsiniz.<\/p>\n<h2>Powerball Avustralya&#8217;y\u0131 \u00e7evrimi\u00e7i oynad\u0131n\u0131z ve kazand\u0131n\u0131z &#8211; sonra ne olacak?<\/h2>\n<p>\u0130lk olarak, ne kadar kazand\u0131\u011f\u0131n\u0131z\u0131 kontrol etmelisiniz. E\u011fer kazand\u0131\u011f\u0131n\u0131z miktar 2500\u20ac&#8217;dan az ise, oyuncu hesab\u0131n\u0131za yat\u0131r\u0131lan miktar\u0131 g\u00f6receksiniz. Bu tutar\u0131 ek bilet sat\u0131n almak i\u00e7in kullanmak sizin se\u00e7iminizdir ya da tercih ederseniz \u00e7ekebilirsiniz. Para \u00e7ekme se\u00e7ene\u011finin yaln\u0131zca hesap bakiyeniz en az 10 \u20ac ise g\u00f6r\u00fcn\u00fcr oldu\u011funu unutmay\u0131n.<br \/>\n<img loading=\"lazy\" decoding=\"async\" class=\"alignright wp-image-1653\" src=\"https:\/\/onlinelotto365.com\/wp-content\/uploads\/2020\/11\/online_lottery-145-300x143.jpg\" alt=\"powerball avustralya online oyna\" width=\"413\" height=\"197\" \/><br \/>\n2500\u20ac \u00fczerindeki kazan\u00e7lar i\u00e7in destek ekibimiz sizinle ileti\u015fime ge\u00e7ecektir. Daha sonra piyango komisyonuna g\u00f6nderece\u011fimiz bir talep formu doldurman\u0131z gerekecektir. Ard\u0131ndan, iste\u011finize ba\u011fl\u0131 olarak kazanc\u0131n\u0131z\u0131 banka havalesi veya \u00e7ek yoluyla alacaks\u0131n\u0131z.<\/p>\n","protected":false},"excerpt":{"rendered":"<p>Powerball Avustralya \u00e7evrimi\u00e7i nas\u0131l oynan\u0131r T\u00fcrkiye&#8217;de olsan\u0131z bile Powerball Avustralya&#8217;y\u0131 \u00e7evrimi\u00e7i oynamak asl\u0131nda olduk\u00e7a basit. \u00dcstelik olduk\u00e7a da kolay \u00e7\u00fcnk\u00fc zaten buradas\u0131n\u0131z ve sadece birka\u00e7 fare t\u0131klamas\u0131yla biletlerinizi alabiliyorsunuz. Her ad\u0131mda sizinle ilgilenilecek, tek yapman\u0131z gereken \u00fccretsiz bir hesap olu\u015fturmak, se\u00e7imlerinizi yapmak, say\u0131s\u0131z uygun \u00f6deme se\u00e7eneklerinden birini se\u00e7mek ve gerisini biz halledece\u011fiz. Do\u011fru piyangoya, yani [&hellip;]<\/p>\n","protected":false},"author":1,"featured_media":0,"parent":5092,"menu_order":13,"comment_status":"closed","ping_status":"closed","template":"powerball-au.php","meta":{"_et_pb_use_builder":"","_et_pb_old_content":"","_et_gb_content_width":"","exclude_from_search":false,"footnotes":""},"class_list":["post-79393","page","type-page","status-publish","hentry"],"yoast_head":"<!-- This site is optimized with the Yoast SEO plugin v23.4 - https:\/\/yoast.com\/wordpress\/plugins\/seo\/ -->\n<title>T\u00fcrkiye&#039;den \u00e7evrimi\u00e7i Powerball Avustralya oynay\u0131n | T\u00fcrkiye&#039;de ya\u015f\u0131yorsam Powerball Avustralya&#039;ya kat\u0131labilir miyim<\/title>\n<meta name=\"description\" content=\"Powerball Avustralya&#039;y\u0131 burada oynay\u0131n - gezegenin en b\u00fcy\u00fck piyangolar\u0131 T\u00fcrkiye&#039;den online olarak oynanabilir\" \/>\n<meta name=\"robots\" content=\"index, follow, max-snippet:-1, max-image-preview:large, max-video-preview:-1\" \/>\n<link rel=\"canonical\" href=\"https:\/\/onlinelotto365.com\/tr\/oyna\/powerball-avustralya\/\" \/>\n<meta property=\"og:locale\" content=\"tr_TR\" \/>\n<meta property=\"og:type\" content=\"article\" \/>\n<meta property=\"og:title\" content=\"T\u00fcrkiye&#039;den \u00e7evrimi\u00e7i Powerball Avustralya oynay\u0131n | T\u00fcrkiye&#039;de ya\u015f\u0131yorsam Powerball Avustralya&#039;ya kat\u0131labilir miyim\" \/>\n<meta property=\"og:description\" content=\"Powerball Avustralya&#039;y\u0131 burada oynay\u0131n - gezegenin en b\u00fcy\u00fck piyangolar\u0131 T\u00fcrkiye&#039;den online olarak oynanabilir\" \/>\n<meta property=\"og:url\" content=\"https:\/\/onlinelotto365.com\/tr\/oyna\/powerball-avustralya\/\" \/>\n<meta property=\"og:site_name\" content=\"OnlineLotto365\" \/>\n<meta property=\"article:modified_time\" content=\"2022-11-04T06:34:51+00:00\" \/>\n<meta property=\"og:image\" content=\"https:\/\/redfoxlotto.com\/image?size=8&amp;lottery=powerball-au\" \/>\n<meta name=\"twitter:card\" content=\"summary_large_image\" \/>\n<meta name=\"twitter:label1\" content=\"Tahmini okuma s\u00fcresi\" \/>\n\t<meta name=\"twitter:data1\" content=\"3 dakika\" \/>\n<script type=\"application\/ld+json\" class=\"yoast-schema-graph\">{\"@context\":\"https:\/\/schema.org\",\"@graph\":[{\"@type\":\"WebPage\",\"@id\":\"https:\/\/onlinelotto365.com\/tr\/oyna\/powerball-avustralya\/\",\"url\":\"https:\/\/onlinelotto365.com\/tr\/oyna\/powerball-avustralya\/\",\"name\":\"T\u00fcrkiye'den \u00e7evrimi\u00e7i Powerball Avustralya oynay\u0131n | T\u00fcrkiye'de ya\u015f\u0131yorsam Powerball Avustralya'ya kat\u0131labilir miyim\",\"isPartOf\":{\"@id\":\"https:\/\/onlinelotto365.com\/tr\/#website\"},\"primaryImageOfPage\":{\"@id\":\"https:\/\/onlinelotto365.com\/tr\/oyna\/powerball-avustralya\/#primaryimage\"},\"image\":{\"@id\":\"https:\/\/onlinelotto365.com\/tr\/oyna\/powerball-avustralya\/#primaryimage\"},\"thumbnailUrl\":\"https:\/\/redfoxlotto.com\/image?size=8&amp;lottery=powerball-au\",\"datePublished\":\"2022-11-04T06:33:19+00:00\",\"dateModified\":\"2022-11-04T06:34:51+00:00\",\"description\":\"Powerball Avustralya'y\u0131 burada oynay\u0131n - gezegenin en b\u00fcy\u00fck piyangolar\u0131 T\u00fcrkiye'den online olarak oynanabilir\",\"breadcrumb\":{\"@id\":\"https:\/\/onlinelotto365.com\/tr\/oyna\/powerball-avustralya\/#breadcrumb\"},\"inLanguage\":\"tr\",\"potentialAction\":[{\"@type\":\"ReadAction\",\"target\":[\"https:\/\/onlinelotto365.com\/tr\/oyna\/powerball-avustralya\/\"]}]},{\"@type\":\"ImageObject\",\"inLanguage\":\"tr\",\"@id\":\"https:\/\/onlinelotto365.com\/tr\/oyna\/powerball-avustralya\/#primaryimage\",\"url\":\"https:\/\/redfoxlotto.com\/image?size=8&amp;lottery=powerball-au\",\"contentUrl\":\"https:\/\/redfoxlotto.com\/image?size=8&amp;lottery=powerball-au\"},{\"@type\":\"BreadcrumbList\",\"@id\":\"https:\/\/onlinelotto365.com\/tr\/oyna\/powerball-avustralya\/#breadcrumb\",\"itemListElement\":[{\"@type\":\"ListItem\",\"position\":1,\"name\":\"Home\",\"item\":\"https:\/\/onlinelotto365.com\/tr\/\"},{\"@type\":\"ListItem\",\"position\":2,\"name\":\"En iyi \u00e7evrimi\u00e7i piyangolar\u0131 oynamak i\u00e7in se\u00e7enekleriniz hakk\u0131nda bilmeniz gereken her \u015fey\",\"item\":\"https:\/\/onlinelotto365.com\/tr\/oyna\/\"},{\"@type\":\"ListItem\",\"position\":3,\"name\":\"Powerball Avustralya &#8211; art\u0131k T\u00fcrkiye piyangolar\u0131n\u0131zla s\u0131n\u0131rl\u0131 de\u011filsiniz\"}]},{\"@type\":\"WebSite\",\"@id\":\"https:\/\/onlinelotto365.com\/tr\/#website\",\"url\":\"https:\/\/onlinelotto365.com\/tr\/\",\"name\":\"OnlineLotto365\",\"description\":\"\",\"potentialAction\":[{\"@type\":\"SearchAction\",\"target\":{\"@type\":\"EntryPoint\",\"urlTemplate\":\"https:\/\/onlinelotto365.com\/tr\/?s={search_term_string}\"},\"query-input\":{\"@type\":\"PropertyValueSpecification\",\"valueRequired\":true,\"valueName\":\"search_term_string\"}}],\"inLanguage\":\"tr\"}]}<\/script>\n<!-- \/ Yoast SEO plugin. -->","yoast_head_json":{"title":"T\u00fcrkiye'den \u00e7evrimi\u00e7i Powerball Avustralya oynay\u0131n | T\u00fcrkiye'de ya\u015f\u0131yorsam Powerball Avustralya'ya kat\u0131labilir miyim","description":"Powerball Avustralya'y\u0131 burada oynay\u0131n - gezegenin en b\u00fcy\u00fck piyangolar\u0131 T\u00fcrkiye'den online olarak oynanabilir","robots":{"index":"index","follow":"follow","max-snippet":"max-snippet:-1","max-image-preview":"max-image-preview:large","max-video-preview":"max-video-preview:-1"},"canonical":"https:\/\/onlinelotto365.com\/tr\/oyna\/powerball-avustralya\/","og_locale":"tr_TR","og_type":"article","og_title":"T\u00fcrkiye'den \u00e7evrimi\u00e7i Powerball Avustralya oynay\u0131n | T\u00fcrkiye'de ya\u015f\u0131yorsam Powerball Avustralya'ya kat\u0131labilir miyim","og_description":"Powerball Avustralya'y\u0131 burada oynay\u0131n - gezegenin en b\u00fcy\u00fck piyangolar\u0131 T\u00fcrkiye'den online olarak oynanabilir","og_url":"https:\/\/onlinelotto365.com\/tr\/oyna\/powerball-avustralya\/","og_site_name":"OnlineLotto365","article_modified_time":"2022-11-04T06:34:51+00:00","og_image":[{"url":"https:\/\/redfoxlotto.com\/image?size=8&amp;lottery=powerball-au"}],"twitter_card":"summary_large_image","twitter_misc":{"Tahmini okuma s\u00fcresi":"3 dakika"},"schema":{"@context":"https:\/\/schema.org","@graph":[{"@type":"WebPage","@id":"https:\/\/onlinelotto365.com\/tr\/oyna\/powerball-avustralya\/","url":"https:\/\/onlinelotto365.com\/tr\/oyna\/powerball-avustralya\/","name":"T\u00fcrkiye'den \u00e7evrimi\u00e7i Powerball Avustralya oynay\u0131n | T\u00fcrkiye'de ya\u015f\u0131yorsam Powerball Avustralya'ya kat\u0131labilir miyim","isPartOf":{"@id":"https:\/\/onlinelotto365.com\/tr\/#website"},"primaryImageOfPage":{"@id":"https:\/\/onlinelotto365.com\/tr\/oyna\/powerball-avustralya\/#primaryimage"},"image":{"@id":"https:\/\/onlinelotto365.com\/tr\/oyna\/powerball-avustralya\/#primaryimage"},"thumbnailUrl":"https:\/\/redfoxlotto.com\/image?size=8&amp;lottery=powerball-au","datePublished":"2022-11-04T06:33:19+00:00","dateModified":"2022-11-04T06:34:51+00:00","description":"Powerball Avustralya'y\u0131 burada oynay\u0131n - gezegenin en b\u00fcy\u00fck piyangolar\u0131 T\u00fcrkiye'den online olarak oynanabilir","breadcrumb":{"@id":"https:\/\/onlinelotto365.com\/tr\/oyna\/powerball-avustralya\/#breadcrumb"},"inLanguage":"tr","potentialAction":[{"@type":"ReadAction","target":["https:\/\/onlinelotto365.com\/tr\/oyna\/powerball-avustralya\/"]}]},{"@type":"ImageObject","inLanguage":"tr","@id":"https:\/\/onlinelotto365.com\/tr\/oyna\/powerball-avustralya\/#primaryimage","url":"https:\/\/redfoxlotto.com\/image?size=8&amp;lottery=powerball-au","contentUrl":"https:\/\/redfoxlotto.com\/image?size=8&amp;lottery=powerball-au"},{"@type":"BreadcrumbList","@id":"https:\/\/onlinelotto365.com\/tr\/oyna\/powerball-avustralya\/#breadcrumb","itemListElement":[{"@type":"ListItem","position":1,"name":"Home","item":"https:\/\/onlinelotto365.com\/tr\/"},{"@type":"ListItem","position":2,"name":"En iyi \u00e7evrimi\u00e7i piyangolar\u0131 oynamak i\u00e7in se\u00e7enekleriniz hakk\u0131nda bilmeniz gereken her \u015fey","item":"https:\/\/onlinelotto365.com\/tr\/oyna\/"},{"@type":"ListItem","position":3,"name":"Powerball Avustralya &#8211; art\u0131k T\u00fcrkiye piyangolar\u0131n\u0131zla s\u0131n\u0131rl\u0131 de\u011filsiniz"}]},{"@type":"WebSite","@id":"https:\/\/onlinelotto365.com\/tr\/#website","url":"https:\/\/onlinelotto365.com\/tr\/","name":"OnlineLotto365","description":"","potentialAction":[{"@type":"SearchAction","target":{"@type":"EntryPoint","urlTemplate":"https:\/\/onlinelotto365.com\/tr\/?s={search_term_string}"},"query-input":{"@type":"PropertyValueSpecification","valueRequired":true,"valueName":"search_term_string"}}],"inLanguage":"tr"}]}},"_links":{"self":[{"href":"https:\/\/onlinelotto365.com\/tr\/wp-json\/wp\/v2\/pages\/79393","targetHints":{"allow":["GET"]}}],"collection":[{"href":"https:\/\/onlinelotto365.com\/tr\/wp-json\/wp\/v2\/pages"}],"about":[{"href":"https:\/\/onlinelotto365.com\/tr\/wp-json\/wp\/v2\/types\/page"}],"author":[{"embeddable":true,"href":"https:\/\/onlinelotto365.com\/tr\/wp-json\/wp\/v2\/users\/1"}],"replies":[{"embeddable":true,"href":"https:\/\/onlinelotto365.com\/tr\/wp-json\/wp\/v2\/comments?post=79393"}],"version-history":[{"count":0,"href":"https:\/\/onlinelotto365.com\/tr\/wp-json\/wp\/v2\/pages\/79393\/revisions"}],"up":[{"embeddable":true,"href":"https:\/\/onlinelotto365.com\/tr\/wp-json\/wp\/v2\/pages\/5092"}],"wp:attachment":[{"href":"https:\/\/onlinelotto365.com\/tr\/wp-json\/wp\/v2\/media?parent=79393"}],"curies":[{"name":"wp","href":"https:\/\/api.w.org\/{rel}","templated":true}]}}