{"id":79430,"date":"2022-11-04T09:41:45","date_gmt":"2022-11-04T08:41:45","guid":{"rendered":"https:\/\/onlinelotto365.com\/?page_id=79430"},"modified":"2022-11-04T09:42:14","modified_gmt":"2022-11-04T08:42:14","slug":"mega-sena","status":"publish","type":"page","link":"https:\/\/onlinelotto365.com\/tr\/oyna\/mega-sena\/","title":{"rendered":"T\u00fcrkiye&#8217;de ikamet edenler Mega-Sena&#8217;y\u0131 \u00e7evrimi\u00e7i olarak nas\u0131l oynayabilir?"},"content":{"rendered":"<p>Hizmetimiz \u015fu anda d\u00fcnyan\u0131n d\u00f6rt bir yan\u0131ndan 15 farkl\u0131 b\u00fcy\u00fck piyango i\u00e7in piyango bileti sat\u0131n alman\u0131za olanak tan\u0131yor. Oyuncular\u0131m\u0131za Brezilya Mega Sena piyangosunu \u00e7evrimi\u00e7i oynama f\u0131rsat\u0131 sunmaktan gurur duyuyoruz. T\u00fcm b\u00fcy\u00fck piyangolar gibi, daha \u00f6nce belirli bir piyangonun d\u00fczenlendi\u011fi \u00fclkede veya b\u00f6lgede ya\u015famak ve biletlerinizi sat\u0131n almak i\u00e7in oradaki bir loto bayisine gitmek zorundayd\u0131n\u0131z.<\/p>\n<p>Ancak art\u0131k T\u00fcrkiye&#8217;den de oynayabilece\u011finiz ve istedi\u011finiz piyango biletini do\u011frudan \u00e7evrimi\u00e7i olarak, istedi\u011finiz kadar ve istedi\u011finiz kadar farkl\u0131 piyango i\u00e7in do\u011frudan kendi bilgisayar\u0131n\u0131zdan sat\u0131n alabilece\u011finiz i\u00e7in durum b\u00f6yle de\u011fil.<\/p>\n<p>Art\u0131k piyango d\u00fcnyas\u0131nda yeni bir g\u00fcn do\u011fdu\u011funa g\u00f6re, oyuncular konu\u015ftular ve istedikleri \u015fey \u00e7ok \u00e7e\u015fitli piyangolar. Biz de size bunlar\u0131n en iyilerini evinize getiriyoruz. Bunlar\u0131n aras\u0131nda Brezilya&#8217;n\u0131n en b\u00fcy\u00fck piyangosu olan Mega-Sena Lotto da var.<\/p>\n<p><a href=\"https:\/\/redfoxlotto.com\/play\/mega-sena\/?ref=a8564250a2&amp;medium=ol365\" target=\"_blank\" rel=\"noopener noreferrer\"><img decoding=\"async\" class=\"aligncenter\" src=\"https:\/\/redfoxlotto.com\/image?size=8&amp;lottery=mega-sena\" alt=\"mega-sena\" \/><\/a><\/p>\n<p>&nbsp;<\/p>\n<h2>Mega-Sena Hakk\u0131nda<\/h2>\n<ul>\n<li>\u00dclke Brezilya<\/li>\n<li>Ana numaralar aral\u0131\u011f\u0131: 60<\/li>\n<li>Sen se\u00e7: 6<\/li>\n<li>Ekstra say\u0131 aral\u0131\u011f\u0131: yok<\/li>\n<li>Sen se\u00e7: hi\u00e7biri<\/li>\n<li>\u00c7ekili\u015f g\u00fcnleri, saatleri: \u00c7ar\u015famba, Cumartesi, 20:00 GMT -3, 24:00 CET<\/li>\n<li>Minimum ikramiye: 2 milyon R$<\/li>\n<li>Maksimum ikramiye s\u0131n\u0131r\u0131: s\u0131n\u0131r yok<\/li>\n<li>B\u00fcy\u00fck ikramiyeyi kazanma olas\u0131l\u0131\u011f\u0131: 50.063.860&#8217;da 1<\/li>\n<li>2. kademe kazanma olas\u0131l\u0131\u011f\u0131: 15.451.809&#8217;da 1<\/li>\n<li>Herhangi bir kademede kazanma olas\u0131l\u0131\u011f\u0131: 2297,56&#8217;da 1<\/li>\n<li>\u00d6d\u00fcl kademelerinin say\u0131s\u0131: 3<\/li>\n<\/ul>\n<p>Mega-Sena \u00e7ekili\u015fleri \u00c7ar\u015famba ve Cumartesi g\u00fcnleri ger\u00e7ekle\u015fir ve \u015fu anda oynad\u0131\u011f\u0131n\u0131z di\u011fer t\u00fcm piyangolar\u0131n aras\u0131na iki kazanma \u015fans\u0131 daha ekler. Size aralar\u0131ndan se\u00e7im yapabilece\u011finiz geni\u015f bir se\u00e7enek sunuyoruz ve Mega Sena da dahil olmak \u00fczere hepsi oynamaya de\u011fer.<\/p>\n<p>Mega-Sena Loto&#8217;yu oynamak i\u00e7in oyuncular 1&#8217;den 60&#8217;a kadar 6 say\u0131 se\u00e7erler. T\u00fcm 6 say\u0131y\u0131 e\u015fle\u015ftirmek size her zaman en az birka\u00e7 milyon dolar olan ve genellikle bundan \u00e7ok daha y\u00fcksek olan ikramiyeyi kazand\u0131r\u0131r.<br \/>\nBununla birlikte, Mega-Sena d\u00fcnyadaki di\u011fer t\u00fcm piyangolardan farkl\u0131d\u0131r, \u00e7\u00fcnk\u00fc sadece \u00fczerlerinde farkl\u0131 say\u0131lar bulunan 60 topa sahip de\u011fildirler. Biri 0&#8217;dan 5&#8217;e, ikincisi 0&#8217;dan 9&#8217;a kadar olan iki farkl\u0131 tambur vard\u0131r. Daha sonra rakamlar\u0131 teker teker \u00e7ekiyorlar.<\/p>\n<p>\u00d6rne\u011fin, ilk tamburdan 2 \u00e7ekerlerse ve ard\u0131ndan ikinci tamburdan 9 \u00e7ekerlerse, \u00e7ekilen say\u0131 29 olur. Tek basamakl\u0131 bir say\u0131 \u00e7ekildikten sonra, tambura geri konmaz. Yani art\u0131k biliyoruz ki 00 \u00e7ekilmedi\u011fi s\u00fcrece tam olarak bir tane tek basamakl\u0131 say\u0131 olacakt\u0131r, bu da 60 olarak kabul edilir, biri 1 ile ba\u015flar, biri iki ile ba\u015flar ve bu b\u00f6yle devam eder. Bu ilgin\u00e7 bir de\u011fi\u015fikliktir ve bu stratejiyi takip etti\u011finiz takdirde kazanmay\u0131 kolayla\u015ft\u0131r\u0131r.<\/p>\n<p>6 say\u0131n\u0131n tamam\u0131n\u0131 tutturmak size b\u00fcy\u00fck ikramiyeyi kazand\u0131r\u0131rken, 4 veya 5 say\u0131y\u0131 tutturmak size ikincil bir \u00f6d\u00fcl kazand\u0131racakt\u0131r. Ulusal piyangolarda s\u0131kl\u0131kla oldu\u011fu gibi, Mega-Sena Lotto&#8217;dan elde edilen karlar sosyal programlar\u0131 desteklemeye gitmektedir ve asl\u0131nda Brezilya halk\u0131 bu ba\u011f\u0131\u015flara b\u00fcy\u00fck \u00f6l\u00e7\u00fcde g\u00fcvenmektedir. Dolay\u0131s\u0131yla Brezilya&#8217;dan olmasak ve bu nedenle bundan do\u011frudan yararlanamasak da, Mega Sena oynayarak t\u00fcm e\u011flencemize ek olarak kesinlikle iyi bir \u015fey yapt\u0131\u011f\u0131m\u0131z\u0131 bilmek harika.<\/p>\n<h2>Piyangolar D\u00fcnyan\u0131n En Sevilen Kumar \u015eeklidir<\/h2>\n<p>Piyangolar\u0131n neden d\u00fcnyan\u0131n en pop\u00fcler kumar t\u00fcr\u00fc oldu\u011funu anlamak \u00e7ok zor de\u011fil. Bu kadar kolay eri\u015filebilir olmas\u0131 bile de\u011fil, ancak bunun kesinlikle yard\u0131m\u0131 oluyor. As\u0131l neden, devasa miktarlarda para kazanma f\u0131rsat\u0131n\u0131n sa\u011flad\u0131\u011f\u0131 heyecand\u0131r.<\/p>\n<p>Ayr\u0131ca, bu b\u00fcy\u00fck ikramiyeler i\u00e7in i\u015ftah\u0131m\u0131z\u0131n ger\u00e7ekten de olduk\u00e7a b\u00fcy\u00fck oldu\u011fu g\u00f6r\u00fcl\u00fcyor. B\u00fcy\u00fck ikramiyeler muazzam miktarlara ula\u015ft\u0131\u011f\u0131nda ortaya \u00e7\u0131kan heyecana ve bu ikramiyelerle birlikte gelen \u00e7ok daha uzun kuyruklarla birlikte bu ikramiyeler i\u00e7in ne kadar \u00e7ok bilet sat\u0131ld\u0131\u011f\u0131na tan\u0131k olduysan\u0131z, bunlar\u0131n hepsinin do\u011fru oldu\u011funu bilirsiniz.<br \/>\n<img loading=\"lazy\" decoding=\"async\" class=\"size-medium wp-image-1136 alignright\" src=\"https:\/\/onlinelotto365.com\/wp-content\/uploads\/2020\/11\/online_lottery-96-300x212.jpg\" alt=\"mega-sena online oyna\" width=\"300\" height=\"212\" \/><br \/>\n\u0130nsanlar, size bir \u00f6m\u00fcr boyu l\u00fcks ve zenginlik sa\u011flayacak kadar para kazanma \u015fans\u0131na sahip olduklar\u0131nda neden heyecanlanmas\u0131nlar ki? Ezici \u00e7o\u011funlu\u011fumuz i\u00e7in bu, bu ya\u015fam tarz\u0131na sahip olabilece\u011fimiz tek \u015fans. Yine de bizim gibi s\u0131radan insanlar bu devasa miktarlar\u0131 kazan\u0131yor ve s\u0131ran\u0131n size gelip gelmeyece\u011fini ve ne zaman gelece\u011fini asla bilemezsiniz.<\/p>\n<p>Sadece oynama eylemi bile insanlara b\u00fcy\u00fck bir keyif veriyor; bu \u015fekilde \u00e7ok para kazanma \u015fans\u0131n\u0131z \u00e7ok d\u00fc\u015f\u00fck olsa da, \u015fans hala var. E\u011fer oynamazsan\u0131z, hayal kuramazs\u0131n\u0131z ve t\u00fcm bunlar\u0131n muhtemelen sizin ba\u015f\u0131n\u0131za gelebilece\u011fi d\u00fc\u015f\u00fcncesinden zevk alamazs\u0131n\u0131z.<\/p>\n<p>Elbette piyangolarda para kazanmak i\u00e7in b\u00fcy\u00fck ikramiyeyi kazanmak zorunda de\u011filsiniz ve oyuncular her zaman daha k\u00fc\u00e7\u00fck \u00f6d\u00fcller kazan\u0131rlar. Bu k\u00fc\u00e7\u00fck \u00f6d\u00fcllerden baz\u0131lar\u0131 asl\u0131nda hi\u00e7 de k\u00fc\u00e7\u00fck de\u011fildir. Piyango oynayarak para kazanman\u0131n bir\u00e7ok farkl\u0131 yolu vard\u0131r ve her para kazand\u0131\u011f\u0131n\u0131zda, bu her zaman \u00e7ok g\u00fczeldir.<\/p>\n","protected":false},"excerpt":{"rendered":"<p>Hizmetimiz \u015fu anda d\u00fcnyan\u0131n d\u00f6rt bir yan\u0131ndan 15 farkl\u0131 b\u00fcy\u00fck piyango i\u00e7in piyango bileti sat\u0131n alman\u0131za olanak tan\u0131yor. Oyuncular\u0131m\u0131za Brezilya Mega Sena piyangosunu \u00e7evrimi\u00e7i oynama f\u0131rsat\u0131 sunmaktan gurur duyuyoruz. T\u00fcm b\u00fcy\u00fck piyangolar gibi, daha \u00f6nce belirli bir piyangonun d\u00fczenlendi\u011fi \u00fclkede veya b\u00f6lgede ya\u015famak ve biletlerinizi sat\u0131n almak i\u00e7in oradaki bir loto bayisine gitmek zorundayd\u0131n\u0131z. Ancak [&hellip;]<\/p>\n","protected":false},"author":1,"featured_media":0,"parent":5092,"menu_order":12,"comment_status":"closed","ping_status":"closed","template":"megasena.php","meta":{"_et_pb_use_builder":"","_et_pb_old_content":"","_et_gb_content_width":"","exclude_from_search":false,"footnotes":""},"class_list":["post-79430","page","type-page","status-publish","hentry"],"yoast_head":"<!-- This site is optimized with the Yoast SEO plugin v23.4 - https:\/\/yoast.com\/wordpress\/plugins\/seo\/ -->\n<title>T\u00fcrkiye&#039;den \u00e7evrimi\u00e7i Mega-Sena oynay\u0131n | T\u00fcrkiye&#039;de ya\u015f\u0131yorsam Mega-Sena&#039;ya kat\u0131labilir miyim<\/title>\n<meta name=\"description\" content=\"\u00c7evrimi\u00e7i bilet hizmetimiz Mega-Sena&#039;y\u0131 \u00e7evrimi\u00e7i oynaman\u0131z\u0131 kolayla\u015ft\u0131r\u0131r\" \/>\n<meta name=\"robots\" content=\"index, follow, max-snippet:-1, max-image-preview:large, max-video-preview:-1\" \/>\n<link rel=\"canonical\" href=\"https:\/\/onlinelotto365.com\/tr\/oyna\/mega-sena\/\" \/>\n<meta property=\"og:locale\" content=\"tr_TR\" \/>\n<meta property=\"og:type\" content=\"article\" \/>\n<meta property=\"og:title\" content=\"T\u00fcrkiye&#039;den \u00e7evrimi\u00e7i Mega-Sena oynay\u0131n | T\u00fcrkiye&#039;de ya\u015f\u0131yorsam Mega-Sena&#039;ya kat\u0131labilir miyim\" \/>\n<meta property=\"og:description\" content=\"\u00c7evrimi\u00e7i bilet hizmetimiz Mega-Sena&#039;y\u0131 \u00e7evrimi\u00e7i oynaman\u0131z\u0131 kolayla\u015ft\u0131r\u0131r\" \/>\n<meta property=\"og:url\" content=\"https:\/\/onlinelotto365.com\/tr\/oyna\/mega-sena\/\" \/>\n<meta property=\"og:site_name\" content=\"OnlineLotto365\" \/>\n<meta property=\"article:modified_time\" content=\"2022-11-04T08:42:14+00:00\" \/>\n<meta property=\"og:image\" content=\"https:\/\/redfoxlotto.com\/image?size=8&amp;lottery=mega-sena\" \/>\n<meta name=\"twitter:card\" content=\"summary_large_image\" \/>\n<meta name=\"twitter:label1\" content=\"Tahmini okuma s\u00fcresi\" \/>\n\t<meta name=\"twitter:data1\" content=\"4 dakika\" \/>\n<script type=\"application\/ld+json\" class=\"yoast-schema-graph\">{\"@context\":\"https:\/\/schema.org\",\"@graph\":[{\"@type\":\"WebPage\",\"@id\":\"https:\/\/onlinelotto365.com\/tr\/oyna\/mega-sena\/\",\"url\":\"https:\/\/onlinelotto365.com\/tr\/oyna\/mega-sena\/\",\"name\":\"T\u00fcrkiye'den \u00e7evrimi\u00e7i Mega-Sena oynay\u0131n | T\u00fcrkiye'de ya\u015f\u0131yorsam Mega-Sena'ya kat\u0131labilir miyim\",\"isPartOf\":{\"@id\":\"https:\/\/onlinelotto365.com\/tr\/#website\"},\"primaryImageOfPage\":{\"@id\":\"https:\/\/onlinelotto365.com\/tr\/oyna\/mega-sena\/#primaryimage\"},\"image\":{\"@id\":\"https:\/\/onlinelotto365.com\/tr\/oyna\/mega-sena\/#primaryimage\"},\"thumbnailUrl\":\"https:\/\/redfoxlotto.com\/image?size=8&amp;lottery=mega-sena\",\"datePublished\":\"2022-11-04T08:41:45+00:00\",\"dateModified\":\"2022-11-04T08:42:14+00:00\",\"description\":\"\u00c7evrimi\u00e7i bilet hizmetimiz Mega-Sena'y\u0131 \u00e7evrimi\u00e7i oynaman\u0131z\u0131 kolayla\u015ft\u0131r\u0131r\",\"breadcrumb\":{\"@id\":\"https:\/\/onlinelotto365.com\/tr\/oyna\/mega-sena\/#breadcrumb\"},\"inLanguage\":\"tr\",\"potentialAction\":[{\"@type\":\"ReadAction\",\"target\":[\"https:\/\/onlinelotto365.com\/tr\/oyna\/mega-sena\/\"]}]},{\"@type\":\"ImageObject\",\"inLanguage\":\"tr\",\"@id\":\"https:\/\/onlinelotto365.com\/tr\/oyna\/mega-sena\/#primaryimage\",\"url\":\"https:\/\/redfoxlotto.com\/image?size=8&amp;lottery=mega-sena\",\"contentUrl\":\"https:\/\/redfoxlotto.com\/image?size=8&amp;lottery=mega-sena\"},{\"@type\":\"BreadcrumbList\",\"@id\":\"https:\/\/onlinelotto365.com\/tr\/oyna\/mega-sena\/#breadcrumb\",\"itemListElement\":[{\"@type\":\"ListItem\",\"position\":1,\"name\":\"Home\",\"item\":\"https:\/\/onlinelotto365.com\/tr\/\"},{\"@type\":\"ListItem\",\"position\":2,\"name\":\"En iyi \u00e7evrimi\u00e7i piyangolar\u0131 oynamak i\u00e7in se\u00e7enekleriniz hakk\u0131nda bilmeniz gereken her \u015fey\",\"item\":\"https:\/\/onlinelotto365.com\/tr\/oyna\/\"},{\"@type\":\"ListItem\",\"position\":3,\"name\":\"T\u00fcrkiye&#8217;de ikamet edenler Mega-Sena&#8217;y\u0131 \u00e7evrimi\u00e7i olarak nas\u0131l oynayabilir?\"}]},{\"@type\":\"WebSite\",\"@id\":\"https:\/\/onlinelotto365.com\/tr\/#website\",\"url\":\"https:\/\/onlinelotto365.com\/tr\/\",\"name\":\"OnlineLotto365\",\"description\":\"\",\"potentialAction\":[{\"@type\":\"SearchAction\",\"target\":{\"@type\":\"EntryPoint\",\"urlTemplate\":\"https:\/\/onlinelotto365.com\/tr\/?s={search_term_string}\"},\"query-input\":{\"@type\":\"PropertyValueSpecification\",\"valueRequired\":true,\"valueName\":\"search_term_string\"}}],\"inLanguage\":\"tr\"}]}<\/script>\n<!-- \/ Yoast SEO plugin. -->","yoast_head_json":{"title":"T\u00fcrkiye'den \u00e7evrimi\u00e7i Mega-Sena oynay\u0131n | T\u00fcrkiye'de ya\u015f\u0131yorsam Mega-Sena'ya kat\u0131labilir miyim","description":"\u00c7evrimi\u00e7i bilet hizmetimiz Mega-Sena'y\u0131 \u00e7evrimi\u00e7i oynaman\u0131z\u0131 kolayla\u015ft\u0131r\u0131r","robots":{"index":"index","follow":"follow","max-snippet":"max-snippet:-1","max-image-preview":"max-image-preview:large","max-video-preview":"max-video-preview:-1"},"canonical":"https:\/\/onlinelotto365.com\/tr\/oyna\/mega-sena\/","og_locale":"tr_TR","og_type":"article","og_title":"T\u00fcrkiye'den \u00e7evrimi\u00e7i Mega-Sena oynay\u0131n | T\u00fcrkiye'de ya\u015f\u0131yorsam Mega-Sena'ya kat\u0131labilir miyim","og_description":"\u00c7evrimi\u00e7i bilet hizmetimiz Mega-Sena'y\u0131 \u00e7evrimi\u00e7i oynaman\u0131z\u0131 kolayla\u015ft\u0131r\u0131r","og_url":"https:\/\/onlinelotto365.com\/tr\/oyna\/mega-sena\/","og_site_name":"OnlineLotto365","article_modified_time":"2022-11-04T08:42:14+00:00","og_image":[{"url":"https:\/\/redfoxlotto.com\/image?size=8&amp;lottery=mega-sena"}],"twitter_card":"summary_large_image","twitter_misc":{"Tahmini okuma s\u00fcresi":"4 dakika"},"schema":{"@context":"https:\/\/schema.org","@graph":[{"@type":"WebPage","@id":"https:\/\/onlinelotto365.com\/tr\/oyna\/mega-sena\/","url":"https:\/\/onlinelotto365.com\/tr\/oyna\/mega-sena\/","name":"T\u00fcrkiye'den \u00e7evrimi\u00e7i Mega-Sena oynay\u0131n | T\u00fcrkiye'de ya\u015f\u0131yorsam Mega-Sena'ya kat\u0131labilir miyim","isPartOf":{"@id":"https:\/\/onlinelotto365.com\/tr\/#website"},"primaryImageOfPage":{"@id":"https:\/\/onlinelotto365.com\/tr\/oyna\/mega-sena\/#primaryimage"},"image":{"@id":"https:\/\/onlinelotto365.com\/tr\/oyna\/mega-sena\/#primaryimage"},"thumbnailUrl":"https:\/\/redfoxlotto.com\/image?size=8&amp;lottery=mega-sena","datePublished":"2022-11-04T08:41:45+00:00","dateModified":"2022-11-04T08:42:14+00:00","description":"\u00c7evrimi\u00e7i bilet hizmetimiz Mega-Sena'y\u0131 \u00e7evrimi\u00e7i oynaman\u0131z\u0131 kolayla\u015ft\u0131r\u0131r","breadcrumb":{"@id":"https:\/\/onlinelotto365.com\/tr\/oyna\/mega-sena\/#breadcrumb"},"inLanguage":"tr","potentialAction":[{"@type":"ReadAction","target":["https:\/\/onlinelotto365.com\/tr\/oyna\/mega-sena\/"]}]},{"@type":"ImageObject","inLanguage":"tr","@id":"https:\/\/onlinelotto365.com\/tr\/oyna\/mega-sena\/#primaryimage","url":"https:\/\/redfoxlotto.com\/image?size=8&amp;lottery=mega-sena","contentUrl":"https:\/\/redfoxlotto.com\/image?size=8&amp;lottery=mega-sena"},{"@type":"BreadcrumbList","@id":"https:\/\/onlinelotto365.com\/tr\/oyna\/mega-sena\/#breadcrumb","itemListElement":[{"@type":"ListItem","position":1,"name":"Home","item":"https:\/\/onlinelotto365.com\/tr\/"},{"@type":"ListItem","position":2,"name":"En iyi \u00e7evrimi\u00e7i piyangolar\u0131 oynamak i\u00e7in se\u00e7enekleriniz hakk\u0131nda bilmeniz gereken her \u015fey","item":"https:\/\/onlinelotto365.com\/tr\/oyna\/"},{"@type":"ListItem","position":3,"name":"T\u00fcrkiye&#8217;de ikamet edenler Mega-Sena&#8217;y\u0131 \u00e7evrimi\u00e7i olarak nas\u0131l oynayabilir?"}]},{"@type":"WebSite","@id":"https:\/\/onlinelotto365.com\/tr\/#website","url":"https:\/\/onlinelotto365.com\/tr\/","name":"OnlineLotto365","description":"","potentialAction":[{"@type":"SearchAction","target":{"@type":"EntryPoint","urlTemplate":"https:\/\/onlinelotto365.com\/tr\/?s={search_term_string}"},"query-input":{"@type":"PropertyValueSpecification","valueRequired":true,"valueName":"search_term_string"}}],"inLanguage":"tr"}]}},"_links":{"self":[{"href":"https:\/\/onlinelotto365.com\/tr\/wp-json\/wp\/v2\/pages\/79430","targetHints":{"allow":["GET"]}}],"collection":[{"href":"https:\/\/onlinelotto365.com\/tr\/wp-json\/wp\/v2\/pages"}],"about":[{"href":"https:\/\/onlinelotto365.com\/tr\/wp-json\/wp\/v2\/types\/page"}],"author":[{"embeddable":true,"href":"https:\/\/onlinelotto365.com\/tr\/wp-json\/wp\/v2\/users\/1"}],"replies":[{"embeddable":true,"href":"https:\/\/onlinelotto365.com\/tr\/wp-json\/wp\/v2\/comments?post=79430"}],"version-history":[{"count":0,"href":"https:\/\/onlinelotto365.com\/tr\/wp-json\/wp\/v2\/pages\/79430\/revisions"}],"up":[{"embeddable":true,"href":"https:\/\/onlinelotto365.com\/tr\/wp-json\/wp\/v2\/pages\/5092"}],"wp:attachment":[{"href":"https:\/\/onlinelotto365.com\/tr\/wp-json\/wp\/v2\/media?parent=79430"}],"curies":[{"name":"wp","href":"https:\/\/api.w.org\/{rel}","templated":true}]}}