{"id":79462,"date":"2022-11-04T11:26:41","date_gmt":"2022-11-04T10:26:41","guid":{"rendered":"https:\/\/onlinelotto365.com\/?page_id=79462"},"modified":"2022-11-04T11:26:41","modified_gmt":"2022-11-04T10:26:41","slug":"omur-boyu-set","status":"publish","type":"page","link":"https:\/\/onlinelotto365.com\/tr\/oyna\/omur-boyu-set\/","title":{"rendered":"Set for life lotoyu \u00e7evrimi\u00e7i oynamak m\u00fcmk\u00fcn m\u00fc?"},"content":{"rendered":"<p>Set for Life piyangosunun size her ay 10.000 \u00a3 kazanma \u015fans\u0131 verebilece\u011fini biliyor muydunuz? E\u011fer \u015fans\u0131n\u0131z\u0131 bir piyangoda denemek istiyorsan\u0131z, Set for Life ba\u015flamak i\u00e7in harika bir yoldur. Set for Life piyangosu, yedi ard\u0131\u015f\u0131k g\u00fcnl\u00fck \u00e7ekili\u015fte say\u0131 oynaman\u0131za izin veren tek oyun olarak bilinir. Bu, haftan\u0131n her g\u00fcn\u00fc b\u00fcy\u00fck ikramiyeyi kazanmak i\u00e7in \u00e7ok say\u0131da \u015fans\u0131n\u0131z oldu\u011fu anlam\u0131na gelir.<\/p>\n<p>Burada Set for Life hakk\u0131nda daha fazla bilgi edinmenizi ve neden bir\u00e7ok insan\u0131n bu piyangoyu oynamaya devam etti\u011fini anlaman\u0131z\u0131 sa\u011flayaca\u011f\u0131z.<\/p>\n<p>Set for Life, Milli Piyango taraf\u0131ndan d\u00fczenlenmi\u015ftir ve Birle\u015fik Krall\u0131k&#8217;\u0131n ilk y\u0131ll\u0131k gelir piyango oyunu olma unvan\u0131n\u0131 kazanm\u0131\u015ft\u0131r. Piyango, oyunculara 30 y\u0131ll\u0131k bir s\u00fcre boyunca ayl\u0131k 10.000 \u00a3 \u00f6deme kazanma \u015fans\u0131 vermektedir.<\/p>\n<p>\u0130ngiltere&#8217;de d\u00fczenlenen bir piyango olmas\u0131na ra\u011fmen Set for life&#8217;\u0131 T\u00fcrkiye&#8217;den online olarak oynayabilirsiniz. K\u00fcresel piyangolar i\u00e7in online bilet hizmetimiz, d\u00fcnyan\u0131n her yerinden oyuncular\u0131n en b\u00fcy\u00fck ikramiyelere sahip en iyi piyangolara kat\u0131lmalar\u0131n\u0131 sa\u011flar.<\/p>\n<p><a href=\"https:\/\/redfoxlotto.com\/play\/set-for-life-uk\/?ref=a8564250a2&amp;medium=ol365\" target=\"_blank\" rel=\"noopener noreferrer\"><img decoding=\"async\" class=\"aligncenter\" src=\"https:\/\/redfoxlotto.com\/image?size=8&amp;lottery=set-for-life-uk\" alt=\"&quot;Set\" \/><\/a><\/p>\n<p>&nbsp;<\/p>\n<h2>Set for life loto hakk\u0131nda<\/h2>\n<ul>\n<li>\u00dclke Birle\u015fik Krall\u0131k<\/li>\n<li>Ana numaralar aral\u0131\u011f\u0131: 45<\/li>\n<li>Sen se\u00e7: 5<\/li>\n<li>Ekstra say\u0131 aral\u0131\u011f\u0131: 10<\/li>\n<li>Sen se\u00e7: 1<\/li>\n<li>\u00c7ekili\u015f g\u00fcnleri, saatleri: Pazartesi, Per\u015fembe, 20:00 GMT, 21:00 CET<\/li>\n<li>Minimum ikramiye: yok<\/li>\n<li>Maksimum ikramiye: yok<\/li>\n<li>B\u00fcy\u00fck ikramiyeyi kazanma olas\u0131l\u0131\u011f\u0131: 15.339.390&#8217;da 1<\/li>\n<li>2. kademe kazanma olas\u0131l\u0131\u011f\u0131: 1.704.377&#8217;de 1<\/li>\n<li>Herhangi bir kademede kazanma olas\u0131l\u0131\u011f\u0131: 12,4&#8217;te 1<\/li>\n<li>\u00d6d\u00fcl kademesi say\u0131s\u0131: 8<\/li>\n<\/ul>\n<p>Birle\u015fik Krall\u0131k&#8217;taki di\u011fer piyangolar gibi Set for Life da bir \u00e7ekili\u015f oyunudur. Piyangoyu oynad\u0131\u011f\u0131n\u0131zda, 1 &#8211; 10 aras\u0131nda bir &#8220;ya\u015fam topu&#8221; numaras\u0131 da dahil olmak \u00fczere 1 &#8211; 47 tahmin aral\u0131\u011f\u0131ndan be\u015f say\u0131 se\u00e7meniz gerekir. Be\u015f numaran\u0131z ve ya\u015fam topu numaran\u0131z se\u00e7ildikten sonra, her ay toplam 10.000 \u00a3 ikramiye kazanma \u015fans\u0131na sahip olacaks\u0131n\u0131z.<\/p>\n<h2>Ya\u015fam \u00c7ekili\u015fi i\u00e7in Set<\/h2>\n<p>Set for Life lotosu her Pazartesi ve Per\u015fembe g\u00fcnleri d\u00fczenlenmektedir ve Birle\u015fik Krall\u0131k&#8217;ta oyuncular loto biletlerini yerel loto d\u00fckkanlar\u0131ndan sat\u0131n alabilirler. \u00c7ekili\u015f her ak\u015fam saat 9&#8217;da sona ermektedir. Set for Life&#8217;\u0131n en son sonu\u00e7lar\u0131na genellikle \u00e7ekili\u015f g\u00fcn\u00fc olan 9:45 GMT&#8217;de ula\u015f\u0131labilir. L\u00fctfen her oyun i\u00e7in temett\u00fclerin \u00e7ekili\u015ften k\u0131sa bir s\u00fcre sonra g\u00fcncellendi\u011fini unutmay\u0131n. Ayr\u0131ca, temett\u00fc g\u00fcncellemeleri genellikle loto \u00e7ekili\u015finden sonraki sabah halka a\u00e7\u0131kt\u0131r.<\/p>\n<h2>Set for Life Piyangosu Nas\u0131l Kazan\u0131l\u0131r<\/h2>\n<p>Set for Life piyangosunun ilk \u00f6d\u00fcl\u00fc ayl\u0131k 10.000 sterlinlik bir \u00f6deme sunar ve her \u00e7ekili\u015fte d\u00f6rt oyuncunun \u00f6d\u00fcl\u00fc kazanma \u015fans\u0131 vard\u0131r. B\u00fcy\u00fck ikramiye \u00f6d\u00fcl\u00fcn\u00fc kazanabilmeniz i\u00e7in, numaralar\u0131n\u0131z\u0131n tek set s\u0131ras\u0131nda kazanan sekiz numarayla e\u015fle\u015fmesi gerekir. Yani, Set for Life piyangosunda toplam sekiz \u00f6d\u00fcl kategorisi bulunmaktad\u0131r. Her sette bir bonus say\u0131 dahil olmak \u00fczere d\u00f6rt kazanan say\u0131 ile \u00f6d\u00fcl kazanma \u015fans\u0131n\u0131z vard\u0131r.<br \/>\n<img loading=\"lazy\" decoding=\"async\" class=\"size-full wp-image-1477 alignright\" src=\"https:\/\/onlinelotto365.com\/wp-content\/uploads\/2020\/11\/online_lottery-128.jpg\" alt=\"hayat boyu loto i\u0307\u00e7i\u0307n set oyna\" width=\"212\" height=\"142\" \/><\/p>\n<p>Set for Life, b\u00fcy\u00fck ikramiyeyi kazanmak i\u00e7in uygun oranlar sunar. \u00d6rne\u011fin, bir veya daha fazla say\u0131n\u0131n e\u015fle\u015fmesini gerektiren di\u011fer \u00f6d\u00fcller size 12&#8217;de 1 kazanma \u015fans\u0131 verir, bu bile sadece 5 \u00a3 olacakt\u0131r.<\/p>\n<p>Yani, \u015fans\u0131n\u0131z\u0131 hissedebiliyorsan\u0131z, bir Set for Life bileti almaya de\u011fer! Y\u00fczlerce milyonluk ikramiyeler i\u00e7in T\u00fcrkiye&#8217;den oynayabilece\u011finiz geni\u015f bir uluslararas\u0131 piyango yelpazesi sunuyoruz.<\/p>\n","protected":false},"excerpt":{"rendered":"<p>Set for Life piyangosunun size her ay 10.000 \u00a3 kazanma \u015fans\u0131 verebilece\u011fini biliyor muydunuz? E\u011fer \u015fans\u0131n\u0131z\u0131 bir piyangoda denemek istiyorsan\u0131z, Set for Life ba\u015flamak i\u00e7in harika bir yoldur. Set for Life piyangosu, yedi ard\u0131\u015f\u0131k g\u00fcnl\u00fck \u00e7ekili\u015fte say\u0131 oynaman\u0131za izin veren tek oyun olarak bilinir. Bu, haftan\u0131n her g\u00fcn\u00fc b\u00fcy\u00fck ikramiyeyi kazanmak i\u00e7in \u00e7ok say\u0131da \u015fans\u0131n\u0131z [&hellip;]<\/p>\n","protected":false},"author":1,"featured_media":0,"parent":5092,"menu_order":10,"comment_status":"closed","ping_status":"closed","template":"set-for-life.php","meta":{"_et_pb_use_builder":"","_et_pb_old_content":"","_et_gb_content_width":"","exclude_from_search":false,"footnotes":""},"class_list":["post-79462","page","type-page","status-publish","hentry"],"yoast_head":"<!-- This site is optimized with the Yoast SEO plugin v23.4 - https:\/\/yoast.com\/wordpress\/plugins\/seo\/ -->\n<title>T\u00fcrkiye&#039;den online Set for life loto nas\u0131l oynan\u0131r?<\/title>\n<meta name=\"description\" content=\"T\u00fcrkiye&#039;de ya\u015f\u0131yorsan\u0131z Set for life loto i\u00e7in online bilet sat\u0131n al\u0131n\" \/>\n<meta name=\"robots\" content=\"index, follow, max-snippet:-1, max-image-preview:large, max-video-preview:-1\" \/>\n<link rel=\"canonical\" href=\"https:\/\/onlinelotto365.com\/tr\/oyna\/omur-boyu-set\/\" \/>\n<meta property=\"og:locale\" content=\"tr_TR\" \/>\n<meta property=\"og:type\" content=\"article\" \/>\n<meta property=\"og:title\" content=\"T\u00fcrkiye&#039;den online Set for life loto nas\u0131l oynan\u0131r?\" \/>\n<meta property=\"og:description\" content=\"T\u00fcrkiye&#039;de ya\u015f\u0131yorsan\u0131z Set for life loto i\u00e7in online bilet sat\u0131n al\u0131n\" \/>\n<meta property=\"og:url\" content=\"https:\/\/onlinelotto365.com\/tr\/oyna\/omur-boyu-set\/\" \/>\n<meta property=\"og:site_name\" content=\"OnlineLotto365\" \/>\n<meta property=\"og:image\" content=\"https:\/\/redfoxlotto.com\/image?size=8&amp;lottery=set-for-life-uk\" \/>\n<meta name=\"twitter:card\" content=\"summary_large_image\" \/>\n<meta name=\"twitter:label1\" content=\"Tahmini okuma s\u00fcresi\" \/>\n\t<meta name=\"twitter:data1\" content=\"3 dakika\" \/>\n<script type=\"application\/ld+json\" class=\"yoast-schema-graph\">{\"@context\":\"https:\/\/schema.org\",\"@graph\":[{\"@type\":\"WebPage\",\"@id\":\"https:\/\/onlinelotto365.com\/tr\/oyna\/omur-boyu-set\/\",\"url\":\"https:\/\/onlinelotto365.com\/tr\/oyna\/omur-boyu-set\/\",\"name\":\"T\u00fcrkiye'den online Set for life loto nas\u0131l oynan\u0131r?\",\"isPartOf\":{\"@id\":\"https:\/\/onlinelotto365.com\/tr\/#website\"},\"primaryImageOfPage\":{\"@id\":\"https:\/\/onlinelotto365.com\/tr\/oyna\/omur-boyu-set\/#primaryimage\"},\"image\":{\"@id\":\"https:\/\/onlinelotto365.com\/tr\/oyna\/omur-boyu-set\/#primaryimage\"},\"thumbnailUrl\":\"https:\/\/redfoxlotto.com\/image?size=8&amp;lottery=set-for-life-uk\",\"datePublished\":\"2022-11-04T10:26:41+00:00\",\"dateModified\":\"2022-11-04T10:26:41+00:00\",\"description\":\"T\u00fcrkiye'de ya\u015f\u0131yorsan\u0131z Set for life loto i\u00e7in online bilet sat\u0131n al\u0131n\",\"breadcrumb\":{\"@id\":\"https:\/\/onlinelotto365.com\/tr\/oyna\/omur-boyu-set\/#breadcrumb\"},\"inLanguage\":\"tr\",\"potentialAction\":[{\"@type\":\"ReadAction\",\"target\":[\"https:\/\/onlinelotto365.com\/tr\/oyna\/omur-boyu-set\/\"]}]},{\"@type\":\"ImageObject\",\"inLanguage\":\"tr\",\"@id\":\"https:\/\/onlinelotto365.com\/tr\/oyna\/omur-boyu-set\/#primaryimage\",\"url\":\"https:\/\/redfoxlotto.com\/image?size=8&amp;lottery=set-for-life-uk\",\"contentUrl\":\"https:\/\/redfoxlotto.com\/image?size=8&amp;lottery=set-for-life-uk\"},{\"@type\":\"BreadcrumbList\",\"@id\":\"https:\/\/onlinelotto365.com\/tr\/oyna\/omur-boyu-set\/#breadcrumb\",\"itemListElement\":[{\"@type\":\"ListItem\",\"position\":1,\"name\":\"Home\",\"item\":\"https:\/\/onlinelotto365.com\/tr\/\"},{\"@type\":\"ListItem\",\"position\":2,\"name\":\"En iyi \u00e7evrimi\u00e7i piyangolar\u0131 oynamak i\u00e7in se\u00e7enekleriniz hakk\u0131nda bilmeniz gereken her \u015fey\",\"item\":\"https:\/\/onlinelotto365.com\/tr\/oyna\/\"},{\"@type\":\"ListItem\",\"position\":3,\"name\":\"Set for life lotoyu \u00e7evrimi\u00e7i oynamak m\u00fcmk\u00fcn m\u00fc?\"}]},{\"@type\":\"WebSite\",\"@id\":\"https:\/\/onlinelotto365.com\/tr\/#website\",\"url\":\"https:\/\/onlinelotto365.com\/tr\/\",\"name\":\"OnlineLotto365\",\"description\":\"\",\"potentialAction\":[{\"@type\":\"SearchAction\",\"target\":{\"@type\":\"EntryPoint\",\"urlTemplate\":\"https:\/\/onlinelotto365.com\/tr\/?s={search_term_string}\"},\"query-input\":{\"@type\":\"PropertyValueSpecification\",\"valueRequired\":true,\"valueName\":\"search_term_string\"}}],\"inLanguage\":\"tr\"}]}<\/script>\n<!-- \/ Yoast SEO plugin. -->","yoast_head_json":{"title":"T\u00fcrkiye'den online Set for life loto nas\u0131l oynan\u0131r?","description":"T\u00fcrkiye'de ya\u015f\u0131yorsan\u0131z Set for life loto i\u00e7in online bilet sat\u0131n al\u0131n","robots":{"index":"index","follow":"follow","max-snippet":"max-snippet:-1","max-image-preview":"max-image-preview:large","max-video-preview":"max-video-preview:-1"},"canonical":"https:\/\/onlinelotto365.com\/tr\/oyna\/omur-boyu-set\/","og_locale":"tr_TR","og_type":"article","og_title":"T\u00fcrkiye'den online Set for life loto nas\u0131l oynan\u0131r?","og_description":"T\u00fcrkiye'de ya\u015f\u0131yorsan\u0131z Set for life loto i\u00e7in online bilet sat\u0131n al\u0131n","og_url":"https:\/\/onlinelotto365.com\/tr\/oyna\/omur-boyu-set\/","og_site_name":"OnlineLotto365","og_image":[{"url":"https:\/\/redfoxlotto.com\/image?size=8&amp;lottery=set-for-life-uk"}],"twitter_card":"summary_large_image","twitter_misc":{"Tahmini okuma s\u00fcresi":"3 dakika"},"schema":{"@context":"https:\/\/schema.org","@graph":[{"@type":"WebPage","@id":"https:\/\/onlinelotto365.com\/tr\/oyna\/omur-boyu-set\/","url":"https:\/\/onlinelotto365.com\/tr\/oyna\/omur-boyu-set\/","name":"T\u00fcrkiye'den online Set for life loto nas\u0131l oynan\u0131r?","isPartOf":{"@id":"https:\/\/onlinelotto365.com\/tr\/#website"},"primaryImageOfPage":{"@id":"https:\/\/onlinelotto365.com\/tr\/oyna\/omur-boyu-set\/#primaryimage"},"image":{"@id":"https:\/\/onlinelotto365.com\/tr\/oyna\/omur-boyu-set\/#primaryimage"},"thumbnailUrl":"https:\/\/redfoxlotto.com\/image?size=8&amp;lottery=set-for-life-uk","datePublished":"2022-11-04T10:26:41+00:00","dateModified":"2022-11-04T10:26:41+00:00","description":"T\u00fcrkiye'de ya\u015f\u0131yorsan\u0131z Set for life loto i\u00e7in online bilet sat\u0131n al\u0131n","breadcrumb":{"@id":"https:\/\/onlinelotto365.com\/tr\/oyna\/omur-boyu-set\/#breadcrumb"},"inLanguage":"tr","potentialAction":[{"@type":"ReadAction","target":["https:\/\/onlinelotto365.com\/tr\/oyna\/omur-boyu-set\/"]}]},{"@type":"ImageObject","inLanguage":"tr","@id":"https:\/\/onlinelotto365.com\/tr\/oyna\/omur-boyu-set\/#primaryimage","url":"https:\/\/redfoxlotto.com\/image?size=8&amp;lottery=set-for-life-uk","contentUrl":"https:\/\/redfoxlotto.com\/image?size=8&amp;lottery=set-for-life-uk"},{"@type":"BreadcrumbList","@id":"https:\/\/onlinelotto365.com\/tr\/oyna\/omur-boyu-set\/#breadcrumb","itemListElement":[{"@type":"ListItem","position":1,"name":"Home","item":"https:\/\/onlinelotto365.com\/tr\/"},{"@type":"ListItem","position":2,"name":"En iyi \u00e7evrimi\u00e7i piyangolar\u0131 oynamak i\u00e7in se\u00e7enekleriniz hakk\u0131nda bilmeniz gereken her \u015fey","item":"https:\/\/onlinelotto365.com\/tr\/oyna\/"},{"@type":"ListItem","position":3,"name":"Set for life lotoyu \u00e7evrimi\u00e7i oynamak m\u00fcmk\u00fcn m\u00fc?"}]},{"@type":"WebSite","@id":"https:\/\/onlinelotto365.com\/tr\/#website","url":"https:\/\/onlinelotto365.com\/tr\/","name":"OnlineLotto365","description":"","potentialAction":[{"@type":"SearchAction","target":{"@type":"EntryPoint","urlTemplate":"https:\/\/onlinelotto365.com\/tr\/?s={search_term_string}"},"query-input":{"@type":"PropertyValueSpecification","valueRequired":true,"valueName":"search_term_string"}}],"inLanguage":"tr"}]}},"_links":{"self":[{"href":"https:\/\/onlinelotto365.com\/tr\/wp-json\/wp\/v2\/pages\/79462","targetHints":{"allow":["GET"]}}],"collection":[{"href":"https:\/\/onlinelotto365.com\/tr\/wp-json\/wp\/v2\/pages"}],"about":[{"href":"https:\/\/onlinelotto365.com\/tr\/wp-json\/wp\/v2\/types\/page"}],"author":[{"embeddable":true,"href":"https:\/\/onlinelotto365.com\/tr\/wp-json\/wp\/v2\/users\/1"}],"replies":[{"embeddable":true,"href":"https:\/\/onlinelotto365.com\/tr\/wp-json\/wp\/v2\/comments?post=79462"}],"version-history":[{"count":0,"href":"https:\/\/onlinelotto365.com\/tr\/wp-json\/wp\/v2\/pages\/79462\/revisions"}],"up":[{"embeddable":true,"href":"https:\/\/onlinelotto365.com\/tr\/wp-json\/wp\/v2\/pages\/5092"}],"wp:attachment":[{"href":"https:\/\/onlinelotto365.com\/tr\/wp-json\/wp\/v2\/media?parent=79462"}],"curies":[{"name":"wp","href":"https:\/\/api.w.org\/{rel}","templated":true}]}}