{"id":79497,"date":"2022-11-04T13:30:00","date_gmt":"2022-11-04T12:30:00","guid":{"rendered":"https:\/\/onlinelotto365.com\/?page_id=79497"},"modified":"2022-11-04T13:30:54","modified_gmt":"2022-11-04T12:30:54","slug":"uk-lottery","status":"publish","type":"page","link":"https:\/\/onlinelotto365.com\/tr\/oyna\/uk-lottery\/","title":{"rendered":"T\u00fcrkiye&#8217;de ikamet edenler UK Lottery&#8217;yi \u00e7evrimi\u00e7i olarak nas\u0131l oynayabilir?"},"content":{"rendered":"<h2>UK Lottery Hakk\u0131nda<\/h2>\n<p>Toplam 59 say\u0131 aras\u0131ndan se\u00e7ilecek alt\u0131 say\u0131 ve ek say\u0131lar olmad\u0131\u011f\u0131ndan, kazanma \u015fans\u0131 Powerball veya Mega Millions gibi oyunlara k\u0131yasla olduk\u00e7a d\u00fc\u015f\u00fckt\u00fcr. E\u011fer 6 say\u0131dan 5&#8217;ini do\u011fru tutturursan\u0131z, 2,5 milyon \u0130ngiliz Sterlini garantilersiniz ve alt\u0131s\u0131n\u0131 da tutturursan\u0131z b\u00fcy\u00fck ikramiyenin sahibi olursunuz. Birle\u015fik Krall\u0131k&#8217;ta ya\u015fam\u0131yorsan\u0131z, hizmetimiz arac\u0131l\u0131\u011f\u0131yla \u00e7evrimi\u00e7i oynamak kat\u0131lmak i\u00e7in tek se\u00e7ene\u011finizdir.<\/p>\n<ul>\n<li>\u00dclke BIRLE\u015eIK KRALLIK<\/li>\n<li>Ana numaralar aral\u0131\u011f\u0131: 59<\/li>\n<li>Sen se\u00e7: 6<\/li>\n<li>Ekstra say\u0131 aral\u0131\u011f\u0131: yok<\/li>\n<li>Sen se\u00e7: yok<\/li>\n<li>\u00c7ekili\u015f g\u00fcnleri, saatleri: \u00c7ar\u015famba, Cumartesi 19:30 UTC, 19:30 CET<\/li>\n<li>Minimum ikramiye: 2,5 milyon GBP<\/li>\n<li>Maksimum ikramiye: 22 milyon GBP<\/li>\n<li>B\u00fcy\u00fck ikramiyeyi kazanma olas\u0131l\u0131\u011f\u0131: 45.057.474&#8217;te 1<\/li>\n<li>\u0130kinci kademe kazanma olas\u0131l\u0131\u011f\u0131: 7.509.579&#8217;da 1<\/li>\n<li>Herhangi bir kademede kazanma olas\u0131l\u0131\u011f\u0131: 9,27&#8217;de 1<\/li>\n<li>\u00d6d\u00fcl kademelerinin say\u0131s\u0131: 6<\/li>\n<\/ul>\n<h2>Birle\u015fik Krall\u0131k piyango ikramiyeleri neden genellikle olduk\u00e7a d\u00fc\u015f\u00fckt\u00fcr?<\/h2>\n<p><a href=\"https:\/\/redfoxlotto.com\/play\/lotto-uk\/?ref=a8564250a2&amp;medium=ol365\" target=\"_blank\" rel=\"noopener noreferrer\"><img loading=\"lazy\" decoding=\"async\" class=\"aligncenter\" src=\"https:\/\/redfoxlotto.com\/image?size=8&amp;lottery=lotto-uk\" alt=\"Birle\u015fik Krall\u0131k piyango\" width=\"720\" height=\"90\" \/><\/a><\/p>\n<p>Bunun nedeni, Birle\u015fik Krall\u0131k piyangosunun b\u00fcy\u00fck ikramiyesinin yaln\u0131zca 5 kez devredilebilmesidir. Bundan sonra, b\u00fcy\u00fck ikramiye sadece 5&#8217;ten 5&#8217;ine sahip olarak kazan\u0131labilir.<br \/>\nLoto biletinizdeki alt\u0131 say\u0131. Bu kural\u0131 g\u00f6z \u00f6n\u00fcnde bulundurarak, b\u00fcy\u00fck ikramiyenin arka arkaya be\u015f kez kazan\u0131lmad\u0131\u011f\u0131 her seferde bu piyangoyu oynamak mant\u0131kl\u0131 olacakt\u0131r. Bu noktada, en b\u00fcy\u00fck \u00f6d\u00fcl\u00fc kazanma \u015fans\u0131n\u0131z \u00e7ok daha y\u00fcksektir. Bu b\u00fcy\u00fck \u00f6d\u00fcl, sizi hayat\u0131n\u0131z\u0131n geri kalan\u0131nda para konusunda endi\u015felenmenize gerek kalmayacak bir konuma getirecek kadar b\u00fcy\u00fck olmal\u0131d\u0131r.<\/p>\n<p>Yine de be\u015f devirden sonra ikramiyenin birden fazla kazanan aras\u0131nda payla\u015ft\u0131r\u0131lmas\u0131 gerekebilir. Daha d\u00fc\u015f\u00fck oranlar ve daha fazla ki\u015finin oynamas\u0131yla, ikinci \u00f6d\u00fcl kademesi i\u00e7in birden fazla kazanan olabilir.<\/p>\n<h2>B\u00fcy\u00fck ikramiyeyi b\u00f6lmek istemiyor musunuz?<\/h2>\n<p>En b\u00fcy\u00fck \u00f6d\u00fcl\u00fc b\u00f6lmekten ka\u00e7\u0131nmak i\u00e7in bir piyango stratejisi vard\u0131r: di\u011fer oyuncular taraf\u0131ndan da se\u00e7ilme olas\u0131l\u0131\u011f\u0131 daha d\u00fc\u015f\u00fck g\u00f6r\u00fcnen bir say\u0131 kombinasyonu se\u00e7in. \u00d6rne\u011fin, 1 ile 31 aras\u0131nda daha az say\u0131 kullan\u0131n (do\u011fum tarihlerini \u015fansl\u0131 say\u0131lar\u0131 olarak kullanan \u00e7ok fazla oyuncu var) veya 30 ile 40 aras\u0131nda 3 say\u0131 ve 50 ile 56 aras\u0131nda \u00fc\u00e7 say\u0131 kullan\u0131n. Daha fazla &#8220;tek&#8221; say\u0131 bulmak i\u00e7in hayal g\u00fcc\u00fcn\u00fcz\u00fc kullan\u0131n.<\/p>\n","protected":false},"excerpt":{"rendered":"<p>UK Lottery Hakk\u0131nda Toplam 59 say\u0131 aras\u0131ndan se\u00e7ilecek alt\u0131 say\u0131 ve ek say\u0131lar olmad\u0131\u011f\u0131ndan, kazanma \u015fans\u0131 Powerball veya Mega Millions gibi oyunlara k\u0131yasla olduk\u00e7a d\u00fc\u015f\u00fckt\u00fcr. E\u011fer 6 say\u0131dan 5&#8217;ini do\u011fru tutturursan\u0131z, 2,5 milyon \u0130ngiliz Sterlini garantilersiniz ve alt\u0131s\u0131n\u0131 da tutturursan\u0131z b\u00fcy\u00fck ikramiyenin sahibi olursunuz. Birle\u015fik Krall\u0131k&#8217;ta ya\u015fam\u0131yorsan\u0131z, hizmetimiz arac\u0131l\u0131\u011f\u0131yla \u00e7evrimi\u00e7i oynamak kat\u0131lmak i\u00e7in tek se\u00e7ene\u011finizdir. [&hellip;]<\/p>\n","protected":false},"author":1,"featured_media":0,"parent":5092,"menu_order":9,"comment_status":"closed","ping_status":"closed","template":"lotto-uk.php","meta":{"_et_pb_use_builder":"","_et_pb_old_content":"","_et_gb_content_width":"","exclude_from_search":false,"footnotes":""},"class_list":["post-79497","page","type-page","status-publish","hentry"],"yoast_head":"<!-- This site is optimized with the Yoast SEO plugin v23.4 - https:\/\/yoast.com\/wordpress\/plugins\/seo\/ -->\n<title>T\u00fcrkiye&#039;den online UK Lottery oynay\u0131n | T\u00fcrkiye&#039;de ya\u015f\u0131yorsam UK Lotto&#039;ya kat\u0131labilir miyim<\/title>\n<meta name=\"description\" content=\"T\u00fcrkiye gibi di\u011fer \u00fclkelerden Birle\u015fik Krall\u0131k Piyangosuna kat\u0131lmak online hizmetimizle art\u0131k \u00e7ok kolay\" \/>\n<meta name=\"robots\" content=\"index, follow, max-snippet:-1, max-image-preview:large, max-video-preview:-1\" \/>\n<link rel=\"canonical\" href=\"https:\/\/onlinelotto365.com\/tr\/oyna\/uk-lottery\/\" \/>\n<meta property=\"og:locale\" content=\"tr_TR\" \/>\n<meta property=\"og:type\" content=\"article\" \/>\n<meta property=\"og:title\" content=\"T\u00fcrkiye&#039;den online UK Lottery oynay\u0131n | T\u00fcrkiye&#039;de ya\u015f\u0131yorsam UK Lotto&#039;ya kat\u0131labilir miyim\" \/>\n<meta property=\"og:description\" content=\"T\u00fcrkiye gibi di\u011fer \u00fclkelerden Birle\u015fik Krall\u0131k Piyangosuna kat\u0131lmak online hizmetimizle art\u0131k \u00e7ok kolay\" \/>\n<meta property=\"og:url\" content=\"https:\/\/onlinelotto365.com\/tr\/oyna\/uk-lottery\/\" \/>\n<meta property=\"og:site_name\" content=\"OnlineLotto365\" \/>\n<meta property=\"article:modified_time\" content=\"2022-11-04T12:30:54+00:00\" \/>\n<meta property=\"og:image\" content=\"https:\/\/redfoxlotto.com\/image?size=8&amp;lottery=lotto-uk\" \/>\n<meta name=\"twitter:card\" content=\"summary_large_image\" \/>\n<meta name=\"twitter:label1\" content=\"Tahmini okuma s\u00fcresi\" \/>\n\t<meta name=\"twitter:data1\" content=\"2 dakika\" \/>\n<script type=\"application\/ld+json\" class=\"yoast-schema-graph\">{\"@context\":\"https:\/\/schema.org\",\"@graph\":[{\"@type\":\"WebPage\",\"@id\":\"https:\/\/onlinelotto365.com\/tr\/oyna\/uk-lottery\/\",\"url\":\"https:\/\/onlinelotto365.com\/tr\/oyna\/uk-lottery\/\",\"name\":\"T\u00fcrkiye'den online UK Lottery oynay\u0131n | T\u00fcrkiye'de ya\u015f\u0131yorsam UK Lotto'ya kat\u0131labilir miyim\",\"isPartOf\":{\"@id\":\"https:\/\/onlinelotto365.com\/tr\/#website\"},\"primaryImageOfPage\":{\"@id\":\"https:\/\/onlinelotto365.com\/tr\/oyna\/uk-lottery\/#primaryimage\"},\"image\":{\"@id\":\"https:\/\/onlinelotto365.com\/tr\/oyna\/uk-lottery\/#primaryimage\"},\"thumbnailUrl\":\"https:\/\/redfoxlotto.com\/image?size=8&amp;lottery=lotto-uk\",\"datePublished\":\"2022-11-04T12:30:00+00:00\",\"dateModified\":\"2022-11-04T12:30:54+00:00\",\"description\":\"T\u00fcrkiye gibi di\u011fer \u00fclkelerden Birle\u015fik Krall\u0131k Piyangosuna kat\u0131lmak online hizmetimizle art\u0131k \u00e7ok kolay\",\"breadcrumb\":{\"@id\":\"https:\/\/onlinelotto365.com\/tr\/oyna\/uk-lottery\/#breadcrumb\"},\"inLanguage\":\"tr\",\"potentialAction\":[{\"@type\":\"ReadAction\",\"target\":[\"https:\/\/onlinelotto365.com\/tr\/oyna\/uk-lottery\/\"]}]},{\"@type\":\"ImageObject\",\"inLanguage\":\"tr\",\"@id\":\"https:\/\/onlinelotto365.com\/tr\/oyna\/uk-lottery\/#primaryimage\",\"url\":\"https:\/\/redfoxlotto.com\/image?size=8&amp;lottery=lotto-uk\",\"contentUrl\":\"https:\/\/redfoxlotto.com\/image?size=8&amp;lottery=lotto-uk\"},{\"@type\":\"BreadcrumbList\",\"@id\":\"https:\/\/onlinelotto365.com\/tr\/oyna\/uk-lottery\/#breadcrumb\",\"itemListElement\":[{\"@type\":\"ListItem\",\"position\":1,\"name\":\"Home\",\"item\":\"https:\/\/onlinelotto365.com\/tr\/\"},{\"@type\":\"ListItem\",\"position\":2,\"name\":\"En iyi \u00e7evrimi\u00e7i piyangolar\u0131 oynamak i\u00e7in se\u00e7enekleriniz hakk\u0131nda bilmeniz gereken her \u015fey\",\"item\":\"https:\/\/onlinelotto365.com\/tr\/oyna\/\"},{\"@type\":\"ListItem\",\"position\":3,\"name\":\"T\u00fcrkiye&#8217;de ikamet edenler UK Lottery&#8217;yi \u00e7evrimi\u00e7i olarak nas\u0131l oynayabilir?\"}]},{\"@type\":\"WebSite\",\"@id\":\"https:\/\/onlinelotto365.com\/tr\/#website\",\"url\":\"https:\/\/onlinelotto365.com\/tr\/\",\"name\":\"OnlineLotto365\",\"description\":\"\",\"potentialAction\":[{\"@type\":\"SearchAction\",\"target\":{\"@type\":\"EntryPoint\",\"urlTemplate\":\"https:\/\/onlinelotto365.com\/tr\/?s={search_term_string}\"},\"query-input\":{\"@type\":\"PropertyValueSpecification\",\"valueRequired\":true,\"valueName\":\"search_term_string\"}}],\"inLanguage\":\"tr\"}]}<\/script>\n<!-- \/ Yoast SEO plugin. -->","yoast_head_json":{"title":"T\u00fcrkiye'den online UK Lottery oynay\u0131n | T\u00fcrkiye'de ya\u015f\u0131yorsam UK Lotto'ya kat\u0131labilir miyim","description":"T\u00fcrkiye gibi di\u011fer \u00fclkelerden Birle\u015fik Krall\u0131k Piyangosuna kat\u0131lmak online hizmetimizle art\u0131k \u00e7ok kolay","robots":{"index":"index","follow":"follow","max-snippet":"max-snippet:-1","max-image-preview":"max-image-preview:large","max-video-preview":"max-video-preview:-1"},"canonical":"https:\/\/onlinelotto365.com\/tr\/oyna\/uk-lottery\/","og_locale":"tr_TR","og_type":"article","og_title":"T\u00fcrkiye'den online UK Lottery oynay\u0131n | T\u00fcrkiye'de ya\u015f\u0131yorsam UK Lotto'ya kat\u0131labilir miyim","og_description":"T\u00fcrkiye gibi di\u011fer \u00fclkelerden Birle\u015fik Krall\u0131k Piyangosuna kat\u0131lmak online hizmetimizle art\u0131k \u00e7ok kolay","og_url":"https:\/\/onlinelotto365.com\/tr\/oyna\/uk-lottery\/","og_site_name":"OnlineLotto365","article_modified_time":"2022-11-04T12:30:54+00:00","og_image":[{"url":"https:\/\/redfoxlotto.com\/image?size=8&amp;lottery=lotto-uk"}],"twitter_card":"summary_large_image","twitter_misc":{"Tahmini okuma s\u00fcresi":"2 dakika"},"schema":{"@context":"https:\/\/schema.org","@graph":[{"@type":"WebPage","@id":"https:\/\/onlinelotto365.com\/tr\/oyna\/uk-lottery\/","url":"https:\/\/onlinelotto365.com\/tr\/oyna\/uk-lottery\/","name":"T\u00fcrkiye'den online UK Lottery oynay\u0131n | T\u00fcrkiye'de ya\u015f\u0131yorsam UK Lotto'ya kat\u0131labilir miyim","isPartOf":{"@id":"https:\/\/onlinelotto365.com\/tr\/#website"},"primaryImageOfPage":{"@id":"https:\/\/onlinelotto365.com\/tr\/oyna\/uk-lottery\/#primaryimage"},"image":{"@id":"https:\/\/onlinelotto365.com\/tr\/oyna\/uk-lottery\/#primaryimage"},"thumbnailUrl":"https:\/\/redfoxlotto.com\/image?size=8&amp;lottery=lotto-uk","datePublished":"2022-11-04T12:30:00+00:00","dateModified":"2022-11-04T12:30:54+00:00","description":"T\u00fcrkiye gibi di\u011fer \u00fclkelerden Birle\u015fik Krall\u0131k Piyangosuna kat\u0131lmak online hizmetimizle art\u0131k \u00e7ok kolay","breadcrumb":{"@id":"https:\/\/onlinelotto365.com\/tr\/oyna\/uk-lottery\/#breadcrumb"},"inLanguage":"tr","potentialAction":[{"@type":"ReadAction","target":["https:\/\/onlinelotto365.com\/tr\/oyna\/uk-lottery\/"]}]},{"@type":"ImageObject","inLanguage":"tr","@id":"https:\/\/onlinelotto365.com\/tr\/oyna\/uk-lottery\/#primaryimage","url":"https:\/\/redfoxlotto.com\/image?size=8&amp;lottery=lotto-uk","contentUrl":"https:\/\/redfoxlotto.com\/image?size=8&amp;lottery=lotto-uk"},{"@type":"BreadcrumbList","@id":"https:\/\/onlinelotto365.com\/tr\/oyna\/uk-lottery\/#breadcrumb","itemListElement":[{"@type":"ListItem","position":1,"name":"Home","item":"https:\/\/onlinelotto365.com\/tr\/"},{"@type":"ListItem","position":2,"name":"En iyi \u00e7evrimi\u00e7i piyangolar\u0131 oynamak i\u00e7in se\u00e7enekleriniz hakk\u0131nda bilmeniz gereken her \u015fey","item":"https:\/\/onlinelotto365.com\/tr\/oyna\/"},{"@type":"ListItem","position":3,"name":"T\u00fcrkiye&#8217;de ikamet edenler UK Lottery&#8217;yi \u00e7evrimi\u00e7i olarak nas\u0131l oynayabilir?"}]},{"@type":"WebSite","@id":"https:\/\/onlinelotto365.com\/tr\/#website","url":"https:\/\/onlinelotto365.com\/tr\/","name":"OnlineLotto365","description":"","potentialAction":[{"@type":"SearchAction","target":{"@type":"EntryPoint","urlTemplate":"https:\/\/onlinelotto365.com\/tr\/?s={search_term_string}"},"query-input":{"@type":"PropertyValueSpecification","valueRequired":true,"valueName":"search_term_string"}}],"inLanguage":"tr"}]}},"_links":{"self":[{"href":"https:\/\/onlinelotto365.com\/tr\/wp-json\/wp\/v2\/pages\/79497","targetHints":{"allow":["GET"]}}],"collection":[{"href":"https:\/\/onlinelotto365.com\/tr\/wp-json\/wp\/v2\/pages"}],"about":[{"href":"https:\/\/onlinelotto365.com\/tr\/wp-json\/wp\/v2\/types\/page"}],"author":[{"embeddable":true,"href":"https:\/\/onlinelotto365.com\/tr\/wp-json\/wp\/v2\/users\/1"}],"replies":[{"embeddable":true,"href":"https:\/\/onlinelotto365.com\/tr\/wp-json\/wp\/v2\/comments?post=79497"}],"version-history":[{"count":0,"href":"https:\/\/onlinelotto365.com\/tr\/wp-json\/wp\/v2\/pages\/79497\/revisions"}],"up":[{"embeddable":true,"href":"https:\/\/onlinelotto365.com\/tr\/wp-json\/wp\/v2\/pages\/5092"}],"wp:attachment":[{"href":"https:\/\/onlinelotto365.com\/tr\/wp-json\/wp\/v2\/media?parent=79497"}],"curies":[{"name":"wp","href":"https:\/\/api.w.org\/{rel}","templated":true}]}}