{"id":79534,"date":"2022-11-07T09:04:24","date_gmt":"2022-11-07T08:04:24","guid":{"rendered":"https:\/\/onlinelotto365.com\/?page_id=79534"},"modified":"2022-11-07T09:04:43","modified_gmt":"2022-11-07T08:04:43","slug":"superenalotto","status":"publish","type":"page","link":"https:\/\/onlinelotto365.com\/tr\/oyna\/superenalotto\/","title":{"rendered":"Superenalotto biletlerinizi diledi\u011finiz yerden al\u0131n"},"content":{"rendered":"<p>Y\u0131llard\u0131r insanlar d\u00fcnyan\u0131n di\u011fer b\u00f6lgelerindeki piyangolar\u0131 oynamak i\u00e7in can at\u0131yor. Buradaki zorluk, \u00e7e\u015fitli piyangolar\u0131n uluslararas\u0131 piyango oyuncular\u0131n\u0131 kabul etme konusundaki isteksizli\u011fi olmam\u0131\u015ft\u0131r. Sorun, d\u00fczg\u00fcn bir \u015fekilde oynayabilmek i\u00e7in fiziksel olarak piyangonun d\u00fczenlendi\u011fi \u00fclkede veya b\u00f6lgede bulunman\u0131z gerekti\u011fidir.<\/p>\n<p>Yeni ba\u015flayanlar i\u00e7in, bilet almak istedi\u011finiz lotoyu satan bir loto bayisini ziyaret etmeniz gerekir. Bu da sadece bir kez de\u011fil, her bilet almak istedi\u011finizde \u00fclkede olman\u0131z anlam\u0131na gelir. Bu da Superenalotto&#8217;nun her hafta d\u00fczenledi\u011fi \u00fc\u00e7 \u00e7ekili\u015f i\u00e7in loto bileti almak \u00fczere T\u00fcrkiye&#8217;den \u0130talya&#8217;ya gitmek anlam\u0131na geliyor.<\/p>\n<p>Yani ya oraya ta\u015f\u0131nman\u0131z ya da \u0130talya&#8217;da bunu sizin i\u00e7in yapacak birini tutman\u0131z gerekiyor. Bu bizim yapabilece\u011fimiz bir \u015fey de\u011fil. Haz\u0131r ba\u015flam\u0131\u015fken, b\u00fcy\u00fck piyangolar\u0131n d\u00fczenlendi\u011fi di\u011fer t\u00fcm \u00fclkelerde de sizin yerinize bu i\u015fi yapacak ki\u015fileri i\u015fe alman\u0131z gerekir. Bu da bir servete mal olur.<\/p>\n<p><a href=\"https:\/\/redfoxlotto.com\/play\/superenalotto\/?ref=a8564250a2&amp;medium=ol365\" target=\"_blank\" rel=\"noopener noreferrer\"><img decoding=\"async\" class=\"aligncenter\" src=\"https:\/\/redfoxlotto.com\/image?size=8&amp;lottery=superenalotto\" alt=\"superenalotto\" \/><\/a><\/p>\n<p>Ancak art\u0131k harika bir alternatif var &#8211; sadece sitemizde \u00e7evrimi\u00e7i oynay\u0131n!<\/p>\n<h2>T\u00fcm loto ihtiya\u00e7lar\u0131n\u0131z\u0131 kar\u015f\u0131l\u0131yoruz<\/h2>\n<p>D\u00fcnyadaki di\u011fer t\u00fcm b\u00fcy\u00fck piyangolar\u0131n yan\u0131 s\u0131ra Superenalotto ile sizi oyuna nas\u0131l dahil edece\u011fimize dair her \u015feyi \u00e7\u00f6zd\u00fck. Siz sadece bizden online olarak ve T\u00fcrkiye&#8217;den istedi\u011finiz piyango biletini sat\u0131n al\u0131n, gerisini biz sizin i\u00e7in hallederiz.<\/p>\n<p>Biletleri sizin ad\u0131n\u0131za sat\u0131n al\u0131yoruz ve normal piyango biletlerinin aksine, biletleri elinde tutan ki\u015fi taraf\u0131ndan nakde \u00e7evrilebiliyor, biz ise biletleri sizin i\u00e7in sakl\u0131yoruz. Daha sonra \u00e7ekili\u015fleri sizin i\u00e7in izliyoruz, b\u00f6ylece istemiyorsan\u0131z yapmak zorunda de\u011filsiniz ve her kazand\u0131\u011f\u0131n\u0131zda sizi bilgilendiriyoruz.<\/p>\n<h2>Superenalotto hakk\u0131nda daha fazla bilgi<\/h2>\n<ul>\n<li>Piyango nerede d\u00fczenlenir? \u0130talya<\/li>\n<li>Ka\u00e7 ana numara aras\u0131ndan se\u00e7im yap\u0131labilir: 90<\/li>\n<li>Se\u00e7meniz gerekir: 6<\/li>\n<li>Aralar\u0131ndan se\u00e7im yapabilece\u011finiz ka\u00e7 ekstra numara var: yok<\/li>\n<li>Se\u00e7melisiniz: hi\u00e7biri<\/li>\n<li>\u00c7ekili\u015f g\u00fcnleri, saatleri: Sal\u0131, Per\u015fembe, Cumartesi, 19:00 GMT, 21:00 CET<\/li>\n<li>Minimum ikramiye: 2 milyon \u20ac<\/li>\n<li>Maksimum Jackpot miktar\u0131: yok<\/li>\n<li>\u0130kramiye kazanmak i\u00e7in olas\u0131 say\u0131 kombinasyonu: 622.614.630&#8217;da 1<\/li>\n<li>Kademe 2 kazan\u0131m\u0131 i\u00e7in olas\u0131 say\u0131 kombinasyonu: 103.769.105&#8217;te 1<\/li>\n<li>Herhangi bir kademede kazanma olas\u0131l\u0131\u011f\u0131: 20,58&#8217;de 1<\/li>\n<li>Ka\u00e7 \u00f6d\u00fcl seviyesi var: v<\/li>\n<\/ul>\n<p>Superenalotto oynamak i\u00e7in toplam 90 olas\u0131 say\u0131 aras\u0131ndan 6 say\u0131 se\u00e7ersiniz. Ayr\u0131ca 90 say\u0131 aras\u0131ndan Jolly dedikleri bir say\u0131 da se\u00e7meniz gerekir.<\/p>\n<p>B\u00fcy\u00fck ikramiyeyi kazanmak i\u00e7in normal say\u0131lar\u0131n\u0131z\u0131n 6&#8217;s\u0131n\u0131 da e\u015fle\u015ftirmeniz gerekir. E\u011fer 5 art\u0131 Jolly numaras\u0131n\u0131 e\u015fle\u015ftirirseniz, ikinci \u00f6d\u00fcl\u00fc kazan\u0131rs\u0131n\u0131z. Jolly say\u0131s\u0131 olmadan 5 say\u0131 tutturursan\u0131z \u00fc\u00e7\u00fcnc\u00fcl\u00fck \u00f6d\u00fcl\u00fc, 4 do\u011fru say\u0131 tutturursan\u0131z d\u00f6rd\u00fcnc\u00fcl\u00fck \u00f6d\u00fcl\u00fc ve sadece 3 say\u0131 tutturursan\u0131z ikincilik \u00f6d\u00fcl\u00fc kazan\u0131rs\u0131n\u0131z.<\/p>\n<p>\u00c7ekili\u015fler Sal\u0131, Per\u015fembe ve Cumartesi g\u00fcnleri olmak \u00fczere haftada 3 kez \u0130talya saatiyle ak\u015fam 8&#8217;de ger\u00e7ekle\u015ftirilir. \u00c7evrimi\u00e7i bilet sunduklar\u0131 di\u011fer t\u00fcm b\u00fcy\u00fck piyangolara ek olarak Superenalotto i\u00e7in bir sonraki \u00e7ekili\u015fe kadar size \u00e7al\u0131\u015fan bir geri say\u0131m sa\u011fl\u0131yoruz, b\u00f6ylece ne kadar zaman\u0131n\u0131z kald\u0131\u011f\u0131n\u0131 her zaman bilirsiniz.<\/p>\n<p><img loading=\"lazy\" decoding=\"async\" class=\" wp-image-1334 alignright\" src=\"https:\/\/onlinelotto365.com\/wp-content\/uploads\/2020\/11\/online_lottery-115.jpg\" alt=\"superenalotto bi\u0307letleri\u0307ni\u0307 onli\u0307ne satin alin\" width=\"452\" height=\"172\" \/><\/p>\n<h2>Superenalotto&#8217;yu \u00e7evrimi\u00e7i oynaman\u0131n avantajlar\u0131<\/h2>\n<p>Bir\u00e7ok k\u00fcresel piyango oyuncusu, \u00f6zellikle her biri d\u00fczenli olarak b\u00fcy\u00fck ikramiyeler sundu\u011fundan, oynamak i\u00e7in birka\u00e7 piyango se\u00e7meyi sever. Asl\u0131nda, ne kadar \u00e7ok \u00e7ekili\u015fe kat\u0131l\u0131rsan\u0131z o kadar iyidir.<\/p>\n<p>Bu nedenle Superenalotto&#8217;daki ikramiyeler EuroMillions, Powerball veya Mega Millions gibi baz\u0131 b\u00fcy\u00fck piyangolarla k\u0131yaslanamayacak olsa da, yine de bunlar\u0131 da oynamak isteyeceksiniz. Superenalotto k\u00fc\u00e7\u00fck bir patates de\u011fildir, tipik ikramiyeleri genellikle on milyonlarca Euro&#8217;dur. Dolay\u0131s\u0131yla, Superenalotto&#8217;nun sundu\u011fu haftada ekstra 3 \u00e7ekili\u015fle, oynamad\u0131\u011f\u0131n\u0131z takdirde sahip olaca\u011f\u0131n\u0131zdan haftada 3 \u00e7ekili\u015f daha fazla e\u011flence anlam\u0131na gelir.<\/p>\n<p>B\u00fcy\u00fck bir \u00f6d\u00fcl kazanmak i\u00e7in 3 ekstra \u015fansla, T\u00fcrkiye&#8217;de neden bu kadar \u00e7ok insan\u0131n bu piyangoyu sevdi\u011fini anlamak zor de\u011fil. Biletlerinizi art\u0131k internet \u00fczerinden rahatl\u0131kla sat\u0131n alabilece\u011finiz d\u00fc\u015f\u00fcn\u00fcld\u00fc\u011f\u00fcnde, asl\u0131nda oynamamak i\u00e7in iyi bir neden yok. Paran\u0131z\u0131 daha fazla piyangoya yaymak, piyango oynarken ya\u015fad\u0131\u011f\u0131n\u0131z heyecana b\u00fcy\u00fck \u00f6l\u00e7\u00fcde katk\u0131da bulunur.<\/p>\n<p>E\u011fer piyango oynayarak daha fazla e\u011flenmek istiyorsan\u0131z, ki \u00f6yle oldu\u011funuzu biliyorum, o zaman hemen \u015fimdi ba\u015flayabilirsiniz.<\/p>\n<h2>Superenalotto&#8217;yu \u00e7evrimi\u00e7i kazan\u0131rsam nas\u0131l \u00f6deme al\u0131r\u0131m?<\/h2>\n<p>K\u00fc\u00e7\u00fck \u00f6d\u00fcllerinizi al\u0131p hemen hesab\u0131n\u0131za yat\u0131rmaktan, daha b\u00fcy\u00fck \u00f6d\u00fcller ve hatta ikramiyeler i\u00e7in gereken formlar\u0131 al\u0131p size g\u00f6ndermeye kadar, biletlerinizi nakde \u00e7evirmek i\u00e7in ihtiyac\u0131n\u0131z olan t\u00fcm yard\u0131m\u0131 sa\u011fl\u0131yoruz. Dolay\u0131s\u0131yla, T\u00fcrkiye&#8217;den ve di\u011fer \u00fclkelerden m\u00fc\u015fterilerimiz i\u00e7in birinci s\u0131n\u0131f hizmet ve muamele ile tam bir hizmet anla\u015fmas\u0131 oldu\u011fu i\u00e7in burada endi\u015felenmenize gerek yok.<\/p>\n","protected":false},"excerpt":{"rendered":"<p>Y\u0131llard\u0131r insanlar d\u00fcnyan\u0131n di\u011fer b\u00f6lgelerindeki piyangolar\u0131 oynamak i\u00e7in can at\u0131yor. Buradaki zorluk, \u00e7e\u015fitli piyangolar\u0131n uluslararas\u0131 piyango oyuncular\u0131n\u0131 kabul etme konusundaki isteksizli\u011fi olmam\u0131\u015ft\u0131r. Sorun, d\u00fczg\u00fcn bir \u015fekilde oynayabilmek i\u00e7in fiziksel olarak piyangonun d\u00fczenlendi\u011fi \u00fclkede veya b\u00f6lgede bulunman\u0131z gerekti\u011fidir. Yeni ba\u015flayanlar i\u00e7in, bilet almak istedi\u011finiz lotoyu satan bir loto bayisini ziyaret etmeniz gerekir. Bu da sadece bir [&hellip;]<\/p>\n","protected":false},"author":1,"featured_media":0,"parent":5092,"menu_order":5,"comment_status":"closed","ping_status":"closed","template":"superenalotto.php","meta":{"_et_pb_use_builder":"","_et_pb_old_content":"","_et_gb_content_width":"","exclude_from_search":false,"footnotes":""},"class_list":["post-79534","page","type-page","status-publish","hentry"],"yoast_head":"<!-- This site is optimized with the Yoast SEO plugin v23.4 - https:\/\/yoast.com\/wordpress\/plugins\/seo\/ -->\n<title>T\u00fcrkiye&#039;den online Superenalotto \u0130talya oynay\u0131n | Superena biletleri online nas\u0131l sat\u0131n al\u0131n\u0131r<\/title>\n<meta name=\"description\" content=\"Bu \u0130talyan loto ikramiyesi art\u0131k her yerden, herkes taraf\u0131ndan kazan\u0131labilir - \u015fimdi Superenalotto online biletini oynay\u0131n\" \/>\n<meta name=\"robots\" content=\"index, follow, max-snippet:-1, max-image-preview:large, max-video-preview:-1\" \/>\n<link rel=\"canonical\" href=\"https:\/\/onlinelotto365.com\/tr\/oyna\/superenalotto\/\" \/>\n<meta property=\"og:locale\" content=\"tr_TR\" \/>\n<meta property=\"og:type\" content=\"article\" \/>\n<meta property=\"og:title\" content=\"T\u00fcrkiye&#039;den online Superenalotto \u0130talya oynay\u0131n | Superena biletleri online nas\u0131l sat\u0131n al\u0131n\u0131r\" \/>\n<meta property=\"og:description\" content=\"Bu \u0130talyan loto ikramiyesi art\u0131k her yerden, herkes taraf\u0131ndan kazan\u0131labilir - \u015fimdi Superenalotto online biletini oynay\u0131n\" \/>\n<meta property=\"og:url\" content=\"https:\/\/onlinelotto365.com\/tr\/oyna\/superenalotto\/\" \/>\n<meta property=\"og:site_name\" content=\"OnlineLotto365\" \/>\n<meta property=\"article:modified_time\" content=\"2022-11-07T08:04:43+00:00\" \/>\n<meta property=\"og:image\" content=\"https:\/\/redfoxlotto.com\/image?size=8&amp;lottery=superenalotto\" \/>\n<meta name=\"twitter:card\" content=\"summary_large_image\" \/>\n<meta name=\"twitter:label1\" content=\"Tahmini okuma s\u00fcresi\" \/>\n\t<meta name=\"twitter:data1\" content=\"4 dakika\" \/>\n<script type=\"application\/ld+json\" class=\"yoast-schema-graph\">{\"@context\":\"https:\/\/schema.org\",\"@graph\":[{\"@type\":\"WebPage\",\"@id\":\"https:\/\/onlinelotto365.com\/tr\/oyna\/superenalotto\/\",\"url\":\"https:\/\/onlinelotto365.com\/tr\/oyna\/superenalotto\/\",\"name\":\"T\u00fcrkiye'den online Superenalotto \u0130talya oynay\u0131n | Superena biletleri online nas\u0131l sat\u0131n al\u0131n\u0131r\",\"isPartOf\":{\"@id\":\"https:\/\/onlinelotto365.com\/tr\/#website\"},\"primaryImageOfPage\":{\"@id\":\"https:\/\/onlinelotto365.com\/tr\/oyna\/superenalotto\/#primaryimage\"},\"image\":{\"@id\":\"https:\/\/onlinelotto365.com\/tr\/oyna\/superenalotto\/#primaryimage\"},\"thumbnailUrl\":\"https:\/\/redfoxlotto.com\/image?size=8&amp;lottery=superenalotto\",\"datePublished\":\"2022-11-07T08:04:24+00:00\",\"dateModified\":\"2022-11-07T08:04:43+00:00\",\"description\":\"Bu \u0130talyan loto ikramiyesi art\u0131k her yerden, herkes taraf\u0131ndan kazan\u0131labilir - \u015fimdi Superenalotto online biletini oynay\u0131n\",\"breadcrumb\":{\"@id\":\"https:\/\/onlinelotto365.com\/tr\/oyna\/superenalotto\/#breadcrumb\"},\"inLanguage\":\"tr\",\"potentialAction\":[{\"@type\":\"ReadAction\",\"target\":[\"https:\/\/onlinelotto365.com\/tr\/oyna\/superenalotto\/\"]}]},{\"@type\":\"ImageObject\",\"inLanguage\":\"tr\",\"@id\":\"https:\/\/onlinelotto365.com\/tr\/oyna\/superenalotto\/#primaryimage\",\"url\":\"https:\/\/redfoxlotto.com\/image?size=8&amp;lottery=superenalotto\",\"contentUrl\":\"https:\/\/redfoxlotto.com\/image?size=8&amp;lottery=superenalotto\"},{\"@type\":\"BreadcrumbList\",\"@id\":\"https:\/\/onlinelotto365.com\/tr\/oyna\/superenalotto\/#breadcrumb\",\"itemListElement\":[{\"@type\":\"ListItem\",\"position\":1,\"name\":\"Home\",\"item\":\"https:\/\/onlinelotto365.com\/tr\/\"},{\"@type\":\"ListItem\",\"position\":2,\"name\":\"En iyi \u00e7evrimi\u00e7i piyangolar\u0131 oynamak i\u00e7in se\u00e7enekleriniz hakk\u0131nda bilmeniz gereken her \u015fey\",\"item\":\"https:\/\/onlinelotto365.com\/tr\/oyna\/\"},{\"@type\":\"ListItem\",\"position\":3,\"name\":\"Superenalotto biletlerinizi diledi\u011finiz yerden al\u0131n\"}]},{\"@type\":\"WebSite\",\"@id\":\"https:\/\/onlinelotto365.com\/tr\/#website\",\"url\":\"https:\/\/onlinelotto365.com\/tr\/\",\"name\":\"OnlineLotto365\",\"description\":\"\",\"potentialAction\":[{\"@type\":\"SearchAction\",\"target\":{\"@type\":\"EntryPoint\",\"urlTemplate\":\"https:\/\/onlinelotto365.com\/tr\/?s={search_term_string}\"},\"query-input\":{\"@type\":\"PropertyValueSpecification\",\"valueRequired\":true,\"valueName\":\"search_term_string\"}}],\"inLanguage\":\"tr\"}]}<\/script>\n<!-- \/ Yoast SEO plugin. -->","yoast_head_json":{"title":"T\u00fcrkiye'den online Superenalotto \u0130talya oynay\u0131n | Superena biletleri online nas\u0131l sat\u0131n al\u0131n\u0131r","description":"Bu \u0130talyan loto ikramiyesi art\u0131k her yerden, herkes taraf\u0131ndan kazan\u0131labilir - \u015fimdi Superenalotto online biletini oynay\u0131n","robots":{"index":"index","follow":"follow","max-snippet":"max-snippet:-1","max-image-preview":"max-image-preview:large","max-video-preview":"max-video-preview:-1"},"canonical":"https:\/\/onlinelotto365.com\/tr\/oyna\/superenalotto\/","og_locale":"tr_TR","og_type":"article","og_title":"T\u00fcrkiye'den online Superenalotto \u0130talya oynay\u0131n | Superena biletleri online nas\u0131l sat\u0131n al\u0131n\u0131r","og_description":"Bu \u0130talyan loto ikramiyesi art\u0131k her yerden, herkes taraf\u0131ndan kazan\u0131labilir - \u015fimdi Superenalotto online biletini oynay\u0131n","og_url":"https:\/\/onlinelotto365.com\/tr\/oyna\/superenalotto\/","og_site_name":"OnlineLotto365","article_modified_time":"2022-11-07T08:04:43+00:00","og_image":[{"url":"https:\/\/redfoxlotto.com\/image?size=8&amp;lottery=superenalotto"}],"twitter_card":"summary_large_image","twitter_misc":{"Tahmini okuma s\u00fcresi":"4 dakika"},"schema":{"@context":"https:\/\/schema.org","@graph":[{"@type":"WebPage","@id":"https:\/\/onlinelotto365.com\/tr\/oyna\/superenalotto\/","url":"https:\/\/onlinelotto365.com\/tr\/oyna\/superenalotto\/","name":"T\u00fcrkiye'den online Superenalotto \u0130talya oynay\u0131n | Superena biletleri online nas\u0131l sat\u0131n al\u0131n\u0131r","isPartOf":{"@id":"https:\/\/onlinelotto365.com\/tr\/#website"},"primaryImageOfPage":{"@id":"https:\/\/onlinelotto365.com\/tr\/oyna\/superenalotto\/#primaryimage"},"image":{"@id":"https:\/\/onlinelotto365.com\/tr\/oyna\/superenalotto\/#primaryimage"},"thumbnailUrl":"https:\/\/redfoxlotto.com\/image?size=8&amp;lottery=superenalotto","datePublished":"2022-11-07T08:04:24+00:00","dateModified":"2022-11-07T08:04:43+00:00","description":"Bu \u0130talyan loto ikramiyesi art\u0131k her yerden, herkes taraf\u0131ndan kazan\u0131labilir - \u015fimdi Superenalotto online biletini oynay\u0131n","breadcrumb":{"@id":"https:\/\/onlinelotto365.com\/tr\/oyna\/superenalotto\/#breadcrumb"},"inLanguage":"tr","potentialAction":[{"@type":"ReadAction","target":["https:\/\/onlinelotto365.com\/tr\/oyna\/superenalotto\/"]}]},{"@type":"ImageObject","inLanguage":"tr","@id":"https:\/\/onlinelotto365.com\/tr\/oyna\/superenalotto\/#primaryimage","url":"https:\/\/redfoxlotto.com\/image?size=8&amp;lottery=superenalotto","contentUrl":"https:\/\/redfoxlotto.com\/image?size=8&amp;lottery=superenalotto"},{"@type":"BreadcrumbList","@id":"https:\/\/onlinelotto365.com\/tr\/oyna\/superenalotto\/#breadcrumb","itemListElement":[{"@type":"ListItem","position":1,"name":"Home","item":"https:\/\/onlinelotto365.com\/tr\/"},{"@type":"ListItem","position":2,"name":"En iyi \u00e7evrimi\u00e7i piyangolar\u0131 oynamak i\u00e7in se\u00e7enekleriniz hakk\u0131nda bilmeniz gereken her \u015fey","item":"https:\/\/onlinelotto365.com\/tr\/oyna\/"},{"@type":"ListItem","position":3,"name":"Superenalotto biletlerinizi diledi\u011finiz yerden al\u0131n"}]},{"@type":"WebSite","@id":"https:\/\/onlinelotto365.com\/tr\/#website","url":"https:\/\/onlinelotto365.com\/tr\/","name":"OnlineLotto365","description":"","potentialAction":[{"@type":"SearchAction","target":{"@type":"EntryPoint","urlTemplate":"https:\/\/onlinelotto365.com\/tr\/?s={search_term_string}"},"query-input":{"@type":"PropertyValueSpecification","valueRequired":true,"valueName":"search_term_string"}}],"inLanguage":"tr"}]}},"_links":{"self":[{"href":"https:\/\/onlinelotto365.com\/tr\/wp-json\/wp\/v2\/pages\/79534","targetHints":{"allow":["GET"]}}],"collection":[{"href":"https:\/\/onlinelotto365.com\/tr\/wp-json\/wp\/v2\/pages"}],"about":[{"href":"https:\/\/onlinelotto365.com\/tr\/wp-json\/wp\/v2\/types\/page"}],"author":[{"embeddable":true,"href":"https:\/\/onlinelotto365.com\/tr\/wp-json\/wp\/v2\/users\/1"}],"replies":[{"embeddable":true,"href":"https:\/\/onlinelotto365.com\/tr\/wp-json\/wp\/v2\/comments?post=79534"}],"version-history":[{"count":0,"href":"https:\/\/onlinelotto365.com\/tr\/wp-json\/wp\/v2\/pages\/79534\/revisions"}],"up":[{"embeddable":true,"href":"https:\/\/onlinelotto365.com\/tr\/wp-json\/wp\/v2\/pages\/5092"}],"wp:attachment":[{"href":"https:\/\/onlinelotto365.com\/tr\/wp-json\/wp\/v2\/media?parent=79534"}],"curies":[{"name":"wp","href":"https:\/\/api.w.org\/{rel}","templated":true}]}}