{"id":79549,"date":"2022-11-07T10:02:04","date_gmt":"2022-11-07T09:02:04","guid":{"rendered":"https:\/\/onlinelotto365.com\/?page_id=79549"},"modified":"2022-11-07T13:38:43","modified_gmt":"2022-11-07T12:38:43","slug":"eurojackpot","status":"publish","type":"page","link":"https:\/\/onlinelotto365.com\/tr\/oyna\/eurojackpot\/","title":{"rendered":"Online bilet ile Eurojackpot oynay\u0131n"},"content":{"rendered":"<h2>Eurojackpot Hakk\u0131nda<\/h2>\n<p>Bu Avrupa piyangosu, bir dizi Avrupa piyango otoritesinin i\u015fbirli\u011fi ile olu\u015fturulmu\u015ftur. \u015eu anda, kat\u0131l\u0131mc\u0131 \u00fclkelerden birinde ya\u015f\u0131yorsan\u0131z, yerel piyango d\u00fckkan\u0131n\u0131zda bulunan biletlerle Eurojackpot oynayabilirsiniz. Bu \u00fclkeler H\u0131rvatistan, \u00c7ek Cumhuriyeti, Danimarka, Estonya, Finlandiya, Almanya, T\u00fcrkiye, \u0130zlanda, \u0130talya, Letonya, Litvanya, Norve\u00e7, Polonya, Slovakya, Slovenya, \u0130spanya, \u0130sve\u00e7 ve Hollanda&#8217;d\u0131r.<\/p>\n<p><a href=\"https:\/\/redfoxlotto.com\/play\/eurojackpot\/?ref=a8564250a2&amp;medium=ol365\" target=\"_blank\" rel=\"noopener noreferrer\"><img decoding=\"async\" class=\"aligncenter\" src=\"https:\/\/redfoxlotto.com\/image?size=8&amp;lottery=eurojackpot\" alt=\"Eurojackpot\" \/><\/a><\/p>\n<p>Listede olmayan bir \u00fclkede ya\u015f\u0131yorsan\u0131z, tek se\u00e7ene\u011finiz Eurojackpot&#8217;u \u00e7evrimi\u00e7i oynamakt\u0131r. Bu se\u00e7ene\u011fi ke\u015ffettikten sonra, daha bir\u00e7ok se\u00e7ene\u011fin oldu\u011funu g\u00f6receksiniz. Web sitemiz sadece T\u00fcrkiye&#8217;den online Eurojackpot oynaman\u0131z\u0131 kolayla\u015ft\u0131rmakla kalm\u0131yor. Ayr\u0131ca b\u00fcy\u00fck ikramiyeli di\u011fer d\u00fcnya standartlar\u0131ndaki piyangolara da eri\u015fmenizi sa\u011fl\u0131yoruz.<\/p>\n<ul>\n<li>\u00dclke: \u00e7e\u015fitli Avrupa \u00fclkeleri, yukar\u0131ya bak\u0131n<\/li>\n<li>Ana numaralar aral\u0131\u011f\u0131: 50<\/li>\n<li>Se\u00e7mek zorundas\u0131n\u0131z: 5<\/li>\n<li>Ekstra say\u0131 aral\u0131\u011f\u0131: 10<\/li>\n<li>Se\u00e7mek zorundas\u0131n\u0131z: 2<\/li>\n<li>\u00c7ekili\u015f g\u00fcnleri ve saatleri: Cuma, , , 21:00 CET &#8211; 21:00 CET<\/li>\n<li>B\u00fcy\u00fck ikramiye ba\u015fl\u0131yor: 10 milyon \u20ac<\/li>\n<li>Jackpot s\u0131n\u0131rland\u0131r\u0131lm\u0131\u015ft\u0131r: 90 milyon \u20ac<\/li>\n<li>B\u00fcy\u00fck ikramiyeyi kazanma \u015fans\u0131: 135600640&#8217;da 1<\/li>\n<li>\u0130kinci \u00f6d\u00fcl\u00fc kazanma \u015fans\u0131: 2118760&#8217;da 1<\/li>\n<li>Herhangi bir \u00f6d\u00fcl kazanma \u015fans\u0131: 26,39&#8217;da 1<\/li>\n<li>\u00d6d\u00fcl kategorilerinin say\u0131s\u0131: 12<\/li>\n<\/ul>\n<h2>Eurojackpot&#8217;un en iyi \u00f6zellikleri<\/h2>\n<p>\u0130lk ba\u015fta, jackpotun her zaman en az 10 milyon \u20ac ile ba\u015flad\u0131\u011f\u0131n\u0131 fark edeceksiniz. Ancak ikinci \u00f6d\u00fcl kademesinin de olduk\u00e7a cazip oldu\u011funu ve \u00e7ok daha iyi oranlara sahip oldu\u011funu da fark etmelisiniz. \u0130kinci \u00f6d\u00fcl\u00fc kazanmak i\u00e7in 5 ana say\u0131n\u0131n tamam\u0131n\u0131 ve iki ekstra say\u0131dan birini do\u011fru tutturman\u0131z gerekir. Bunun ger\u00e7ekle\u015fme olas\u0131l\u0131\u011f\u0131 yakla\u015f\u0131k 2 milyonda 1&#8217;dir ve bu \u00f6d\u00fcl\u00fc kazanmak size genellikle 100.000 \u20ac ile 500.000 \u20ac aras\u0131nda bir \u00f6deme sa\u011flar. Bu kesinlikle T\u00fcrkiye&#8217;den online Eurojackpot oynamak i\u00e7in yeterince iyi bir sebep.<\/p>\n<p>Ancak Eurojackpot&#8217;a her zaman g\u00f6z kulak olman\u0131z\u0131n ana nedeni, ikramiyenin 90 milyon \u20ac&#8217;ya ula\u015fmas\u0131 durumunda ne olaca\u011f\u0131d\u0131r, ki bu genellikle y\u0131lda birka\u00e7 kez olur. B\u00fcy\u00fck ikramiye 40 milyon \u20ac e\u015fi\u011fini ge\u00e7er ge\u00e7mez, olduk\u00e7a h\u0131zl\u0131 bir \u015fekilde b\u00fcy\u00fcme e\u011filimindedir, \u00e7\u00fcnk\u00fc daha fazla insan Eurojackpot oynar ve daha fazla bilet sat\u0131l\u0131r. Peki 90 milyon \u20ac s\u0131n\u0131r\u0131na ula\u015ft\u0131\u011f\u0131nda ne olacak?<\/p>\n<p>Bu noktada, oyuncular taraf\u0131ndan harcanan t\u00fcm ek paralar ikramiyeyi art\u0131rmayacakt\u0131r. Bunun yerine, bu fonlar ikinci \u00f6d\u00fcl kategorisine aktar\u0131lacakt\u0131r. Yani bir sonraki \u00e7ekili\u015fle birlikte Eurojackpot&#8217;u yaln\u0131zca 90 milyon \u20ac&#8217;luk bir ikramiye i\u00e7in \u00e7evrimi\u00e7i oynayamazs\u0131n\u0131z, ayn\u0131 zamanda ikinci kademede kazan\u0131rsan\u0131z \u00e7ok daha b\u00fcy\u00fck bir \u00f6deme bekleyebilirsiniz. Ve 90 milyon \u20ac&#8217;luk ikramiye k\u0131r\u0131lmad\u0131\u011f\u0131 s\u00fcrece, ikinci kademe \u00f6d\u00fcl\u00fc kazan\u0131lm\u0131\u015f olabilir, ancak her \u00e7ekili\u015fte yeni para eklenecektir.<\/p>\n<h2>Eurojackpot sonu\u00e7lar\u0131 nas\u0131l kontrol edilir<\/h2>\n<p>Sonu\u00e7lar\u0131 ya kat\u0131l\u0131mc\u0131 bir \u00fclkenin resmi piyango web sitelerinden birinde kontrol edin ya da daha uygun bir \u015fekilde, d\u00fcnyan\u0131n en muhte\u015fem piyangolar\u0131n\u0131n en son sonu\u00e7lar\u0131n\u0131 bulabilece\u011finiz web sitemizi ziyaret edin. Ve tabii ki, Eurojackpot&#8217;u T\u00fcrkiye&#8217;den \u00e7evrimi\u00e7i oynayabilmenin yan\u0131 s\u0131ra, \u015fu anda en y\u00fcksek ikramiyeye sahip olan piyangoyu se\u00e7me ve bu piyangoyu \u00e7evrimi\u00e7i oynama se\u00e7ene\u011finiz de var.<\/p>\n<h2>Online Eurojackpot oynad\u0131n\u0131z ve kazand\u0131n\u0131z &#8211; sonra ne olacak?<\/h2>\n<p>Eurojackpot&#8217;ta bir \u015fey kazand\u0131\u011f\u0131n\u0131z\u0131 \u00f6\u011frendikten sonra, bizden bir e-posta bildirimi de alacaks\u0131n\u0131z. Kazananlar\u0131m\u0131z\u0131 her zaman bilgilendiririz, b\u00f6ylece bir kazanc\u0131 ka\u00e7\u0131rma \u015fans\u0131n\u0131z olmaz. Ve t\u00fcm k\u00fc\u00e7\u00fck kazan\u00e7larda (2500 \u20ac veya daha k\u00fc\u00e7\u00fck), kazand\u0131\u011f\u0131n\u0131z paray\u0131 zaten oyuncu hesab\u0131n\u0131zda bulacaks\u0131n\u0131z. Para, \u00e7ekili\u015ften k\u0131sa bir s\u00fcre sonra \u00e7ekilmek \u00fczere emrinize amade olacakt\u0131r. Elbette, para \u00e7ekmemeyi veya bakiyenizin bir k\u0131sm\u0131n\u0131n \u00f6denmesini talep etmeyi de se\u00e7ebilirsiniz. Daha sonra bakiyeniz ne olursa olsun, \u00e7evrimi\u00e7i loto oynamak ve yeni biletler sat\u0131n almak i\u00e7in kullan\u0131labilir.<\/p>\n","protected":false},"excerpt":{"rendered":"<p>Eurojackpot Hakk\u0131nda Bu Avrupa piyangosu, bir dizi Avrupa piyango otoritesinin i\u015fbirli\u011fi ile olu\u015fturulmu\u015ftur. \u015eu anda, kat\u0131l\u0131mc\u0131 \u00fclkelerden birinde ya\u015f\u0131yorsan\u0131z, yerel piyango d\u00fckkan\u0131n\u0131zda bulunan biletlerle Eurojackpot oynayabilirsiniz. Bu \u00fclkeler H\u0131rvatistan, \u00c7ek Cumhuriyeti, Danimarka, Estonya, Finlandiya, Almanya, T\u00fcrkiye, \u0130zlanda, \u0130talya, Letonya, Litvanya, Norve\u00e7, Polonya, Slovakya, Slovenya, \u0130spanya, \u0130sve\u00e7 ve Hollanda&#8217;d\u0131r. Listede olmayan bir \u00fclkede ya\u015f\u0131yorsan\u0131z, tek se\u00e7ene\u011finiz [&hellip;]<\/p>\n","protected":false},"author":1,"featured_media":0,"parent":5092,"menu_order":4,"comment_status":"closed","ping_status":"closed","template":"eurojackpot.php","meta":{"_et_pb_use_builder":"","_et_pb_old_content":"","_et_gb_content_width":"","exclude_from_search":false,"footnotes":""},"class_list":["post-79549","page","type-page","status-publish","hentry"],"yoast_head":"<!-- This site is optimized with the Yoast SEO plugin v23.4 - https:\/\/yoast.com\/wordpress\/plugins\/seo\/ -->\n<title>T\u00fcrkiye&#039;de ikamet edenler i\u00e7in Eurojackpot | Eurojackpot&#039;u buradan \u00e7evrimi\u00e7i oynay\u0131n<\/title>\n<meta name=\"description\" content=\"Eurojackpot&#039;u online ve T\u00fcrkiye&#039;den oynaman\u0131n yasal ve kolay yolu\" \/>\n<meta name=\"robots\" content=\"index, follow, max-snippet:-1, max-image-preview:large, max-video-preview:-1\" \/>\n<link rel=\"canonical\" href=\"https:\/\/onlinelotto365.com\/tr\/oyna\/eurojackpot\/\" \/>\n<meta property=\"og:locale\" content=\"tr_TR\" \/>\n<meta property=\"og:type\" content=\"article\" \/>\n<meta property=\"og:title\" content=\"T\u00fcrkiye&#039;de ikamet edenler i\u00e7in Eurojackpot | Eurojackpot&#039;u buradan \u00e7evrimi\u00e7i oynay\u0131n\" \/>\n<meta property=\"og:description\" content=\"Eurojackpot&#039;u online ve T\u00fcrkiye&#039;den oynaman\u0131n yasal ve kolay yolu\" \/>\n<meta property=\"og:url\" content=\"https:\/\/onlinelotto365.com\/tr\/oyna\/eurojackpot\/\" \/>\n<meta property=\"og:site_name\" content=\"OnlineLotto365\" \/>\n<meta property=\"article:modified_time\" content=\"2022-11-07T12:38:43+00:00\" \/>\n<meta property=\"og:image\" content=\"https:\/\/redfoxlotto.com\/image?size=8&amp;lottery=eurojackpot\" \/>\n<meta name=\"twitter:card\" content=\"summary_large_image\" \/>\n<meta name=\"twitter:label1\" content=\"Tahmini okuma s\u00fcresi\" \/>\n\t<meta name=\"twitter:data1\" content=\"3 dakika\" \/>\n<script type=\"application\/ld+json\" class=\"yoast-schema-graph\">{\"@context\":\"https:\/\/schema.org\",\"@graph\":[{\"@type\":\"WebPage\",\"@id\":\"https:\/\/onlinelotto365.com\/tr\/oyna\/eurojackpot\/\",\"url\":\"https:\/\/onlinelotto365.com\/tr\/oyna\/eurojackpot\/\",\"name\":\"T\u00fcrkiye'de ikamet edenler i\u00e7in Eurojackpot | Eurojackpot'u buradan \u00e7evrimi\u00e7i oynay\u0131n\",\"isPartOf\":{\"@id\":\"https:\/\/onlinelotto365.com\/tr\/#website\"},\"primaryImageOfPage\":{\"@id\":\"https:\/\/onlinelotto365.com\/tr\/oyna\/eurojackpot\/#primaryimage\"},\"image\":{\"@id\":\"https:\/\/onlinelotto365.com\/tr\/oyna\/eurojackpot\/#primaryimage\"},\"thumbnailUrl\":\"https:\/\/redfoxlotto.com\/image?size=8&amp;lottery=eurojackpot\",\"datePublished\":\"2022-11-07T09:02:04+00:00\",\"dateModified\":\"2022-11-07T12:38:43+00:00\",\"description\":\"Eurojackpot'u online ve T\u00fcrkiye'den oynaman\u0131n yasal ve kolay yolu\",\"breadcrumb\":{\"@id\":\"https:\/\/onlinelotto365.com\/tr\/oyna\/eurojackpot\/#breadcrumb\"},\"inLanguage\":\"tr\",\"potentialAction\":[{\"@type\":\"ReadAction\",\"target\":[\"https:\/\/onlinelotto365.com\/tr\/oyna\/eurojackpot\/\"]}]},{\"@type\":\"ImageObject\",\"inLanguage\":\"tr\",\"@id\":\"https:\/\/onlinelotto365.com\/tr\/oyna\/eurojackpot\/#primaryimage\",\"url\":\"https:\/\/redfoxlotto.com\/image?size=8&amp;lottery=eurojackpot\",\"contentUrl\":\"https:\/\/redfoxlotto.com\/image?size=8&amp;lottery=eurojackpot\"},{\"@type\":\"BreadcrumbList\",\"@id\":\"https:\/\/onlinelotto365.com\/tr\/oyna\/eurojackpot\/#breadcrumb\",\"itemListElement\":[{\"@type\":\"ListItem\",\"position\":1,\"name\":\"Home\",\"item\":\"https:\/\/onlinelotto365.com\/tr\/\"},{\"@type\":\"ListItem\",\"position\":2,\"name\":\"En iyi \u00e7evrimi\u00e7i piyangolar\u0131 oynamak i\u00e7in se\u00e7enekleriniz hakk\u0131nda bilmeniz gereken her \u015fey\",\"item\":\"https:\/\/onlinelotto365.com\/tr\/oyna\/\"},{\"@type\":\"ListItem\",\"position\":3,\"name\":\"Online bilet ile Eurojackpot oynay\u0131n\"}]},{\"@type\":\"WebSite\",\"@id\":\"https:\/\/onlinelotto365.com\/tr\/#website\",\"url\":\"https:\/\/onlinelotto365.com\/tr\/\",\"name\":\"OnlineLotto365\",\"description\":\"\",\"potentialAction\":[{\"@type\":\"SearchAction\",\"target\":{\"@type\":\"EntryPoint\",\"urlTemplate\":\"https:\/\/onlinelotto365.com\/tr\/?s={search_term_string}\"},\"query-input\":{\"@type\":\"PropertyValueSpecification\",\"valueRequired\":true,\"valueName\":\"search_term_string\"}}],\"inLanguage\":\"tr\"}]}<\/script>\n<!-- \/ Yoast SEO plugin. -->","yoast_head_json":{"title":"T\u00fcrkiye'de ikamet edenler i\u00e7in Eurojackpot | Eurojackpot'u buradan \u00e7evrimi\u00e7i oynay\u0131n","description":"Eurojackpot'u online ve T\u00fcrkiye'den oynaman\u0131n yasal ve kolay yolu","robots":{"index":"index","follow":"follow","max-snippet":"max-snippet:-1","max-image-preview":"max-image-preview:large","max-video-preview":"max-video-preview:-1"},"canonical":"https:\/\/onlinelotto365.com\/tr\/oyna\/eurojackpot\/","og_locale":"tr_TR","og_type":"article","og_title":"T\u00fcrkiye'de ikamet edenler i\u00e7in Eurojackpot | Eurojackpot'u buradan \u00e7evrimi\u00e7i oynay\u0131n","og_description":"Eurojackpot'u online ve T\u00fcrkiye'den oynaman\u0131n yasal ve kolay yolu","og_url":"https:\/\/onlinelotto365.com\/tr\/oyna\/eurojackpot\/","og_site_name":"OnlineLotto365","article_modified_time":"2022-11-07T12:38:43+00:00","og_image":[{"url":"https:\/\/redfoxlotto.com\/image?size=8&amp;lottery=eurojackpot"}],"twitter_card":"summary_large_image","twitter_misc":{"Tahmini okuma s\u00fcresi":"3 dakika"},"schema":{"@context":"https:\/\/schema.org","@graph":[{"@type":"WebPage","@id":"https:\/\/onlinelotto365.com\/tr\/oyna\/eurojackpot\/","url":"https:\/\/onlinelotto365.com\/tr\/oyna\/eurojackpot\/","name":"T\u00fcrkiye'de ikamet edenler i\u00e7in Eurojackpot | Eurojackpot'u buradan \u00e7evrimi\u00e7i oynay\u0131n","isPartOf":{"@id":"https:\/\/onlinelotto365.com\/tr\/#website"},"primaryImageOfPage":{"@id":"https:\/\/onlinelotto365.com\/tr\/oyna\/eurojackpot\/#primaryimage"},"image":{"@id":"https:\/\/onlinelotto365.com\/tr\/oyna\/eurojackpot\/#primaryimage"},"thumbnailUrl":"https:\/\/redfoxlotto.com\/image?size=8&amp;lottery=eurojackpot","datePublished":"2022-11-07T09:02:04+00:00","dateModified":"2022-11-07T12:38:43+00:00","description":"Eurojackpot'u online ve T\u00fcrkiye'den oynaman\u0131n yasal ve kolay yolu","breadcrumb":{"@id":"https:\/\/onlinelotto365.com\/tr\/oyna\/eurojackpot\/#breadcrumb"},"inLanguage":"tr","potentialAction":[{"@type":"ReadAction","target":["https:\/\/onlinelotto365.com\/tr\/oyna\/eurojackpot\/"]}]},{"@type":"ImageObject","inLanguage":"tr","@id":"https:\/\/onlinelotto365.com\/tr\/oyna\/eurojackpot\/#primaryimage","url":"https:\/\/redfoxlotto.com\/image?size=8&amp;lottery=eurojackpot","contentUrl":"https:\/\/redfoxlotto.com\/image?size=8&amp;lottery=eurojackpot"},{"@type":"BreadcrumbList","@id":"https:\/\/onlinelotto365.com\/tr\/oyna\/eurojackpot\/#breadcrumb","itemListElement":[{"@type":"ListItem","position":1,"name":"Home","item":"https:\/\/onlinelotto365.com\/tr\/"},{"@type":"ListItem","position":2,"name":"En iyi \u00e7evrimi\u00e7i piyangolar\u0131 oynamak i\u00e7in se\u00e7enekleriniz hakk\u0131nda bilmeniz gereken her \u015fey","item":"https:\/\/onlinelotto365.com\/tr\/oyna\/"},{"@type":"ListItem","position":3,"name":"Online bilet ile Eurojackpot oynay\u0131n"}]},{"@type":"WebSite","@id":"https:\/\/onlinelotto365.com\/tr\/#website","url":"https:\/\/onlinelotto365.com\/tr\/","name":"OnlineLotto365","description":"","potentialAction":[{"@type":"SearchAction","target":{"@type":"EntryPoint","urlTemplate":"https:\/\/onlinelotto365.com\/tr\/?s={search_term_string}"},"query-input":{"@type":"PropertyValueSpecification","valueRequired":true,"valueName":"search_term_string"}}],"inLanguage":"tr"}]}},"_links":{"self":[{"href":"https:\/\/onlinelotto365.com\/tr\/wp-json\/wp\/v2\/pages\/79549","targetHints":{"allow":["GET"]}}],"collection":[{"href":"https:\/\/onlinelotto365.com\/tr\/wp-json\/wp\/v2\/pages"}],"about":[{"href":"https:\/\/onlinelotto365.com\/tr\/wp-json\/wp\/v2\/types\/page"}],"author":[{"embeddable":true,"href":"https:\/\/onlinelotto365.com\/tr\/wp-json\/wp\/v2\/users\/1"}],"replies":[{"embeddable":true,"href":"https:\/\/onlinelotto365.com\/tr\/wp-json\/wp\/v2\/comments?post=79549"}],"version-history":[{"count":0,"href":"https:\/\/onlinelotto365.com\/tr\/wp-json\/wp\/v2\/pages\/79549\/revisions"}],"up":[{"embeddable":true,"href":"https:\/\/onlinelotto365.com\/tr\/wp-json\/wp\/v2\/pages\/5092"}],"wp:attachment":[{"href":"https:\/\/onlinelotto365.com\/tr\/wp-json\/wp\/v2\/media?parent=79549"}],"curies":[{"name":"wp","href":"https:\/\/api.w.org\/{rel}","templated":true}]}}