{"id":80087,"date":"2022-11-14T14:14:14","date_gmt":"2022-11-14T13:14:14","guid":{"rendered":"https:\/\/onlinelotto365.com\/?page_id=80087"},"modified":"2022-11-14T14:14:14","modified_gmt":"2022-11-14T13:14:14","slug":"superenalotto","status":"publish","type":"page","link":"https:\/\/onlinelotto365.com\/tr\/kazanan-numaralar\/superenalotto\/","title":{"rendered":"Superenalotto kazanan numaralar\u0131 buradan kontrol edin"},"content":{"rendered":"<p>Web sitemizde \u00e7ok say\u0131da farkl\u0131 uluslararas\u0131 piyango oyunu sunuyoruz, ancak sonu\u00e7lar\u0131 bulman\u0131n bir sorun olmad\u0131\u011f\u0131ndan emin olmak istiyoruz. Elbette, \u00e7ekili\u015f sonu\u00e7lar\u0131n\u0131 haberlerde bulacak kadar \u015fansl\u0131ysan\u0131z, sonu\u00e7lar\u0131 TV&#8217;den kontrol edebilirsiniz. Ya da oyunlar\u0131n yerel oldu\u011fu bir b\u00f6lgede ya\u015f\u0131yorsan\u0131z gazetede bulabilirsiniz. Ancak bu da zor olabilir.<br \/>\n<a href=\"https:\/\/redfoxlotto.com\/play\/superenalotto\/?ref=a8564250a2&amp;medium=ol365\" target=\"_blank\" rel=\"noopener noreferrer\"><img decoding=\"async\" class=\"aligncenter\" src=\"https:\/\/redfoxlotto.com\/image?size=8&amp;lottery=superenalotto\" alt=\"superenalotto\" \/><\/a><br \/>\nAyr\u0131ca Superenalotto web sitesine g\u00f6z atarak, e\u011fer sunuluyorsa, \u00e7ekili\u015f s\u00fcrecinin canl\u0131 yay\u0131n\u0131n\u0131 bulabilirsiniz. Bu, bunu sa\u011flayan oyunlar i\u00e7in e\u011flenceli olabilir ve numaralar\u0131n\u0131z\u0131n kazan\u0131p kazanmad\u0131\u011f\u0131n\u0131 g\u00f6rmek i\u00e7in size heyecan verici bir izleme an\u0131 verebilir, ancak her piyango oyunu asl\u0131nda bu se\u00e7ene\u011fi sunmaz.<\/p>\n<p>\u00c7ekili\u015ften sonra, ara\u015ft\u0131rman\u0131z\u0131 nas\u0131l yapaca\u011f\u0131n\u0131z\u0131 ve nereye bakaca\u011f\u0131n\u0131z\u0131 biliyorsan\u0131z, bazen YouTube&#8217;da Superenalotto i\u00e7in kazanan numaralar\u0131 ve \u00e7ekili\u015fleri bulabilirsiniz. Ancak bu zaman alabilir.<\/p>\n<p>Bunu yapman\u0131n en iyi yolu, piyango sonu\u00e7lar\u0131 sayfam\u0131za gitmek ve farkl\u0131 loto oyunlar\u0131n\u0131n her biri i\u00e7in t\u00fcm say\u0131lar\u0131 g\u00f6rmektir. Buna Superenalotto ve \u00e7ok daha fazlas\u0131 dahildir.<\/p>\n<h2>Online biletinizin kazan\u0131p kazanmad\u0131\u011f\u0131n\u0131 nas\u0131l \u00f6\u011frenebilirsiniz?<\/h2>\n<p>Sitemizden Superenalotto i\u00e7in bir bilet sat\u0131n alanlar, kazanan numaralar\u0131 \u00f6\u011frenmek i\u00e7in hesab\u0131n\u0131z\u0131 kolayca kontrol edebilirsiniz. D\u00fc\u015f\u00fcnd\u00fc\u011f\u00fcn\u00fczden \u00e7ok daha kolay olacak ve daha da iyisi, say\u0131lar\u0131 kar\u015f\u0131la\u015ft\u0131rman\u0131za bile gerek yok.<\/p>\n<p>Bu k\u0131sm\u0131 sizin i\u00e7in biz hallediyoruz. Asl\u0131nda, kazanan say\u0131larla e\u015fle\u015fen hangi say\u0131lara sahip oldu\u011funuzu vurgulayarak size g\u00f6steriyoruz. Ard\u0131ndan, 2500 \u20ac&#8217;ya kadar kazand\u0131\u011f\u0131n\u0131z t\u00fcm paray\u0131 do\u011frudan hesab\u0131n\u0131za yat\u0131r\u0131yoruz. Bunu talep etme veya herhangi bir \u015feyi do\u011frulad\u0131\u011f\u0131n\u0131zdan emin olma konusunda endi\u015felenmenize gerek yok. Her \u015feyi biz yap\u0131yoruz, b\u00f6ylece kazanc\u0131n\u0131z\u0131n tad\u0131n\u0131 \u00e7\u0131karabilirsiniz.<\/p>\n<h2>Superenalotto sonu\u00e7 ar\u015fivi<\/h2>\n<p>Superenalotto i\u00e7in kazanan numaralar\u0131 g\u00f6steren web sitemizdeki herhangi bir sayfa, daha \u00f6nceki \u00e7ekili\u015fleri kontrol etmek i\u00e7in \u00f6nceki sonu\u00e7lara nas\u0131l geri d\u00f6nebilece\u011finizi de g\u00f6sterecektir. Bu, bir sonraki \u00e7ekili\u015f zaman\u0131 geldi\u011finde oynamak istedi\u011finiz do\u011fru say\u0131lar\u0131 se\u00e7menize yard\u0131mc\u0131 olabilir. Bu, numara se\u00e7menin en pop\u00fcler yollar\u0131ndan biridir.<\/p>\n<h2>Biletim kazand\u0131, sonra ne olacak?<\/h2>\n<p><img loading=\"lazy\" decoding=\"async\" class=\"alignright size-full wp-image-3634\" src=\"https:\/\/onlinelotto365.com\/wp-content\/uploads\/2020\/11\/online_lottery-136.jpg\" alt=\"superenalotto kazanan numaralar\" width=\"297\" height=\"101\" \/><br \/>\n2500\u20ac&#8217;dan az olan t\u00fcm \u00f6d\u00fcller derhal oyuncu hesab\u0131n\u0131za yat\u0131r\u0131lacakt\u0131r. Bu \u015fekilde, \u00f6d\u00fcl\u00fc \u00e7ekebilir (10 \u20ac \u00fczerindeki herhangi bir tutar) veya ek bilet sat\u0131n almak i\u00e7in kullanabilirsiniz. Paray\u0131 bir kredi veya banka kart\u0131na \u00e7ekebilece\u011finizi veya bir banka hesab\u0131na \u00e7ekebilece\u011finizi unutmay\u0131n. Paray\u0131 hangi hesapla \u00e7ekmek isterseniz isteyin, para yat\u0131rmak i\u00e7in de zaten kullanm\u0131\u015f olman\u0131z gerekecektir. Sizi bu \u015fekilde korumaya yard\u0131mc\u0131 oluyoruz ve ayr\u0131ca kara para aklamay\u0131 \u00f6nleme ve daha fazlas\u0131 i\u00e7in d\u00fczenlemelere nas\u0131l uyuyoruz.<\/p>\n","protected":false},"excerpt":{"rendered":"<p>Web sitemizde \u00e7ok say\u0131da farkl\u0131 uluslararas\u0131 piyango oyunu sunuyoruz, ancak sonu\u00e7lar\u0131 bulman\u0131n bir sorun olmad\u0131\u011f\u0131ndan emin olmak istiyoruz. Elbette, \u00e7ekili\u015f sonu\u00e7lar\u0131n\u0131 haberlerde bulacak kadar \u015fansl\u0131ysan\u0131z, sonu\u00e7lar\u0131 TV&#8217;den kontrol edebilirsiniz. Ya da oyunlar\u0131n yerel oldu\u011fu bir b\u00f6lgede ya\u015f\u0131yorsan\u0131z gazetede bulabilirsiniz. Ancak bu da zor olabilir. Ayr\u0131ca Superenalotto web sitesine g\u00f6z atarak, e\u011fer sunuluyorsa, \u00e7ekili\u015f s\u00fcrecinin canl\u0131 [&hellip;]<\/p>\n","protected":false},"author":1,"featured_media":0,"parent":5871,"menu_order":5,"comment_status":"closed","ping_status":"closed","template":"superenalotto-results.php","meta":{"_et_pb_use_builder":"","_et_pb_old_content":"","_et_gb_content_width":"","exclude_from_search":false,"footnotes":""},"class_list":["post-80087","page","type-page","status-publish","hentry"],"yoast_head":"<!-- This site is optimized with the Yoast SEO plugin v23.4 - https:\/\/yoast.com\/wordpress\/plugins\/seo\/ -->\n<title>Superenalotto i\u00e7in son kazanan numaralar<\/title>\n<meta name=\"description\" content=\"Superenalotto i\u00e7in kazanan numaralar\u0131 bilmek ister misiniz? Sonu\u00e7lar\u0131 ve daha fazlas\u0131n\u0131 burada bulabilirsiniz!\" \/>\n<meta name=\"robots\" content=\"index, follow, max-snippet:-1, max-image-preview:large, max-video-preview:-1\" \/>\n<link rel=\"canonical\" href=\"https:\/\/onlinelotto365.com\/tr\/kazanan-numaralar\/superenalotto\/\" \/>\n<meta property=\"og:locale\" content=\"tr_TR\" \/>\n<meta property=\"og:type\" content=\"article\" \/>\n<meta property=\"og:title\" content=\"Superenalotto i\u00e7in son kazanan numaralar\" \/>\n<meta property=\"og:description\" content=\"Superenalotto i\u00e7in kazanan numaralar\u0131 bilmek ister misiniz? Sonu\u00e7lar\u0131 ve daha fazlas\u0131n\u0131 burada bulabilirsiniz!\" \/>\n<meta property=\"og:url\" content=\"https:\/\/onlinelotto365.com\/tr\/kazanan-numaralar\/superenalotto\/\" \/>\n<meta property=\"og:site_name\" content=\"OnlineLotto365\" \/>\n<meta property=\"og:image\" content=\"https:\/\/redfoxlotto.com\/image?size=8&amp;lottery=superenalotto\" \/>\n<meta name=\"twitter:card\" content=\"summary_large_image\" \/>\n<meta name=\"twitter:label1\" content=\"Tahmini okuma s\u00fcresi\" \/>\n\t<meta name=\"twitter:data1\" content=\"2 dakika\" \/>\n<script type=\"application\/ld+json\" class=\"yoast-schema-graph\">{\"@context\":\"https:\/\/schema.org\",\"@graph\":[{\"@type\":\"WebPage\",\"@id\":\"https:\/\/onlinelotto365.com\/tr\/kazanan-numaralar\/superenalotto\/\",\"url\":\"https:\/\/onlinelotto365.com\/tr\/kazanan-numaralar\/superenalotto\/\",\"name\":\"Superenalotto i\u00e7in son kazanan numaralar\",\"isPartOf\":{\"@id\":\"https:\/\/onlinelotto365.com\/tr\/#website\"},\"primaryImageOfPage\":{\"@id\":\"https:\/\/onlinelotto365.com\/tr\/kazanan-numaralar\/superenalotto\/#primaryimage\"},\"image\":{\"@id\":\"https:\/\/onlinelotto365.com\/tr\/kazanan-numaralar\/superenalotto\/#primaryimage\"},\"thumbnailUrl\":\"https:\/\/redfoxlotto.com\/image?size=8&amp;lottery=superenalotto\",\"datePublished\":\"2022-11-14T13:14:14+00:00\",\"dateModified\":\"2022-11-14T13:14:14+00:00\",\"description\":\"Superenalotto i\u00e7in kazanan numaralar\u0131 bilmek ister misiniz? Sonu\u00e7lar\u0131 ve daha fazlas\u0131n\u0131 burada bulabilirsiniz!\",\"breadcrumb\":{\"@id\":\"https:\/\/onlinelotto365.com\/tr\/kazanan-numaralar\/superenalotto\/#breadcrumb\"},\"inLanguage\":\"tr\",\"potentialAction\":[{\"@type\":\"ReadAction\",\"target\":[\"https:\/\/onlinelotto365.com\/tr\/kazanan-numaralar\/superenalotto\/\"]}]},{\"@type\":\"ImageObject\",\"inLanguage\":\"tr\",\"@id\":\"https:\/\/onlinelotto365.com\/tr\/kazanan-numaralar\/superenalotto\/#primaryimage\",\"url\":\"https:\/\/redfoxlotto.com\/image?size=8&amp;lottery=superenalotto\",\"contentUrl\":\"https:\/\/redfoxlotto.com\/image?size=8&amp;lottery=superenalotto\"},{\"@type\":\"BreadcrumbList\",\"@id\":\"https:\/\/onlinelotto365.com\/tr\/kazanan-numaralar\/superenalotto\/#breadcrumb\",\"itemListElement\":[{\"@type\":\"ListItem\",\"position\":1,\"name\":\"Home\",\"item\":\"https:\/\/onlinelotto365.com\/tr\/\"},{\"@type\":\"ListItem\",\"position\":2,\"name\":\"T\u00fcm piyangolari kazanan sayilar\",\"item\":\"https:\/\/onlinelotto365.com\/tr\/kazanan-numaralar\/\"},{\"@type\":\"ListItem\",\"position\":3,\"name\":\"Superenalotto kazanan numaralar\u0131 buradan kontrol edin\"}]},{\"@type\":\"WebSite\",\"@id\":\"https:\/\/onlinelotto365.com\/tr\/#website\",\"url\":\"https:\/\/onlinelotto365.com\/tr\/\",\"name\":\"OnlineLotto365\",\"description\":\"\",\"potentialAction\":[{\"@type\":\"SearchAction\",\"target\":{\"@type\":\"EntryPoint\",\"urlTemplate\":\"https:\/\/onlinelotto365.com\/tr\/?s={search_term_string}\"},\"query-input\":{\"@type\":\"PropertyValueSpecification\",\"valueRequired\":true,\"valueName\":\"search_term_string\"}}],\"inLanguage\":\"tr\"}]}<\/script>\n<!-- \/ Yoast SEO plugin. -->","yoast_head_json":{"title":"Superenalotto i\u00e7in son kazanan numaralar","description":"Superenalotto i\u00e7in kazanan numaralar\u0131 bilmek ister misiniz? Sonu\u00e7lar\u0131 ve daha fazlas\u0131n\u0131 burada bulabilirsiniz!","robots":{"index":"index","follow":"follow","max-snippet":"max-snippet:-1","max-image-preview":"max-image-preview:large","max-video-preview":"max-video-preview:-1"},"canonical":"https:\/\/onlinelotto365.com\/tr\/kazanan-numaralar\/superenalotto\/","og_locale":"tr_TR","og_type":"article","og_title":"Superenalotto i\u00e7in son kazanan numaralar","og_description":"Superenalotto i\u00e7in kazanan numaralar\u0131 bilmek ister misiniz? Sonu\u00e7lar\u0131 ve daha fazlas\u0131n\u0131 burada bulabilirsiniz!","og_url":"https:\/\/onlinelotto365.com\/tr\/kazanan-numaralar\/superenalotto\/","og_site_name":"OnlineLotto365","og_image":[{"url":"https:\/\/redfoxlotto.com\/image?size=8&amp;lottery=superenalotto"}],"twitter_card":"summary_large_image","twitter_misc":{"Tahmini okuma s\u00fcresi":"2 dakika"},"schema":{"@context":"https:\/\/schema.org","@graph":[{"@type":"WebPage","@id":"https:\/\/onlinelotto365.com\/tr\/kazanan-numaralar\/superenalotto\/","url":"https:\/\/onlinelotto365.com\/tr\/kazanan-numaralar\/superenalotto\/","name":"Superenalotto i\u00e7in son kazanan numaralar","isPartOf":{"@id":"https:\/\/onlinelotto365.com\/tr\/#website"},"primaryImageOfPage":{"@id":"https:\/\/onlinelotto365.com\/tr\/kazanan-numaralar\/superenalotto\/#primaryimage"},"image":{"@id":"https:\/\/onlinelotto365.com\/tr\/kazanan-numaralar\/superenalotto\/#primaryimage"},"thumbnailUrl":"https:\/\/redfoxlotto.com\/image?size=8&amp;lottery=superenalotto","datePublished":"2022-11-14T13:14:14+00:00","dateModified":"2022-11-14T13:14:14+00:00","description":"Superenalotto i\u00e7in kazanan numaralar\u0131 bilmek ister misiniz? Sonu\u00e7lar\u0131 ve daha fazlas\u0131n\u0131 burada bulabilirsiniz!","breadcrumb":{"@id":"https:\/\/onlinelotto365.com\/tr\/kazanan-numaralar\/superenalotto\/#breadcrumb"},"inLanguage":"tr","potentialAction":[{"@type":"ReadAction","target":["https:\/\/onlinelotto365.com\/tr\/kazanan-numaralar\/superenalotto\/"]}]},{"@type":"ImageObject","inLanguage":"tr","@id":"https:\/\/onlinelotto365.com\/tr\/kazanan-numaralar\/superenalotto\/#primaryimage","url":"https:\/\/redfoxlotto.com\/image?size=8&amp;lottery=superenalotto","contentUrl":"https:\/\/redfoxlotto.com\/image?size=8&amp;lottery=superenalotto"},{"@type":"BreadcrumbList","@id":"https:\/\/onlinelotto365.com\/tr\/kazanan-numaralar\/superenalotto\/#breadcrumb","itemListElement":[{"@type":"ListItem","position":1,"name":"Home","item":"https:\/\/onlinelotto365.com\/tr\/"},{"@type":"ListItem","position":2,"name":"T\u00fcm piyangolari kazanan sayilar","item":"https:\/\/onlinelotto365.com\/tr\/kazanan-numaralar\/"},{"@type":"ListItem","position":3,"name":"Superenalotto kazanan numaralar\u0131 buradan kontrol edin"}]},{"@type":"WebSite","@id":"https:\/\/onlinelotto365.com\/tr\/#website","url":"https:\/\/onlinelotto365.com\/tr\/","name":"OnlineLotto365","description":"","potentialAction":[{"@type":"SearchAction","target":{"@type":"EntryPoint","urlTemplate":"https:\/\/onlinelotto365.com\/tr\/?s={search_term_string}"},"query-input":{"@type":"PropertyValueSpecification","valueRequired":true,"valueName":"search_term_string"}}],"inLanguage":"tr"}]}},"_links":{"self":[{"href":"https:\/\/onlinelotto365.com\/tr\/wp-json\/wp\/v2\/pages\/80087","targetHints":{"allow":["GET"]}}],"collection":[{"href":"https:\/\/onlinelotto365.com\/tr\/wp-json\/wp\/v2\/pages"}],"about":[{"href":"https:\/\/onlinelotto365.com\/tr\/wp-json\/wp\/v2\/types\/page"}],"author":[{"embeddable":true,"href":"https:\/\/onlinelotto365.com\/tr\/wp-json\/wp\/v2\/users\/1"}],"replies":[{"embeddable":true,"href":"https:\/\/onlinelotto365.com\/tr\/wp-json\/wp\/v2\/comments?post=80087"}],"version-history":[{"count":0,"href":"https:\/\/onlinelotto365.com\/tr\/wp-json\/wp\/v2\/pages\/80087\/revisions"}],"up":[{"embeddable":true,"href":"https:\/\/onlinelotto365.com\/tr\/wp-json\/wp\/v2\/pages\/5871"}],"wp:attachment":[{"href":"https:\/\/onlinelotto365.com\/tr\/wp-json\/wp\/v2\/media?parent=80087"}],"curies":[{"name":"wp","href":"https:\/\/api.w.org\/{rel}","templated":true}]}}