{"id":80119,"date":"2022-11-14T18:53:21","date_gmt":"2022-11-14T17:53:21","guid":{"rendered":"https:\/\/onlinelotto365.com\/?page_id=80119"},"modified":"2022-11-14T18:53:21","modified_gmt":"2022-11-14T17:53:21","slug":"euromillions","status":"publish","type":"page","link":"https:\/\/onlinelotto365.com\/tr\/kazanan-numaralar\/euromillions\/","title":{"rendered":"Euromillions kazanan numaralar\u0131 g\u00f6r\u00fcn"},"content":{"rendered":"<p>Web sitemizde \u00e7ok say\u0131da uluslararas\u0131 piyango oyunu bulundu\u011funu ve bunun sizin i\u00e7in biraz kafa kar\u0131\u015ft\u0131r\u0131c\u0131 olabilece\u011fini biliyoruz. Ancak d\u00fc\u015f\u00fcnd\u00fc\u011f\u00fcn\u00fcz kadar kafa kar\u0131\u015ft\u0131r\u0131c\u0131 olmak zorunda de\u011fil. Ayr\u0131ca, istedi\u011finiz oyun i\u00e7in kazanan numaralar\u0131 bulmak da sizin i\u00e7in o kadar zor olmak zorunda de\u011fil. Ama belki de ba\u015fka yerlere bakmay\u0131 d\u00fc\u015f\u00fcnm\u00fc\u015fs\u00fcn\u00fczd\u00fcr. Gazete ve televizyon birka\u00e7 se\u00e7enektir, ancak yerel olmad\u0131\u011f\u0131n\u0131z s\u00fcrece sonu\u00e7lar\u0131 bu yerlerden herhangi birinde bulmak zor olabilir.<br \/>\n<a href=\"https:\/\/redfoxlotto.com\/play\/euromillions\/?ref=a8564250a2&amp;medium=ol365\" target=\"_blank\" rel=\"noopener noreferrer\"><img decoding=\"async\" class=\"aligncenter\" src=\"https:\/\/redfoxlotto.com\/image?size=8&amp;lottery=euromillions\" alt=\"euromillions\" \/><\/a><br \/>\nEuroMillions piyangosunun resmi web sitesine gitmeyi de se\u00e7ebilirsiniz. Bu, sonu\u00e7lar\u0131 almak i\u00e7in en iyi yerlerden biridir \u00e7\u00fcnk\u00fc ger\u00e7ekler mevcuttur ve hatta \u00e7ekili\u015fin canl\u0131 yay\u0131n\u0131n\u0131 bile izleyebilirsiniz. \u00c7ekili\u015fi canl\u0131 izlemek e\u011flenceli ve heyecan verici olabilir, \u00f6zellikle de kazanan sizseniz ve numaralar\u0131n\u0131z\u0131n gelmesini izleyebiliyorsan\u0131z. Ancak bu \u00e7ok zaman alabilir ve t\u00fcm piyango oyunlar\u0131 ger\u00e7ekten yay\u0131nlanmamaktad\u0131r.<\/p>\n<p>Piyango \u00e7ekildikten sonra ba\u015fka bir se\u00e7enek de YouTube&#8217;a g\u00f6z atarak \u00e7ekili\u015fin veya \u00e7ekili\u015ften sonra say\u0131lar\u0131 a\u00e7\u0131klayan ba\u015fka birinin videosunu bulup bulamayaca\u011f\u0131n\u0131z\u0131 g\u00f6rmektir.<\/p>\n<p>Ancak kazanan numaralar\u0131 \u00f6\u011frenmenin en iyi yolu web sitemizi kontrol etmek ve sonu\u00e7lar\u0131 do\u011frulamakt\u0131r. Her \u015fey, web sitemizden sat\u0131n alabilece\u011finiz herhangi bir loto oyunu i\u00e7in kazanan numaralar\u0131 size g\u00f6sterecek olan piyango sonu\u00e7lar\u0131 sayfam\u0131zda mevcuttur.<\/p>\n<h2>Online biletinizin kazan\u0131p kazanmad\u0131\u011f\u0131n\u0131 nas\u0131l \u00f6\u011frenebilirsiniz?<\/h2>\n<p>Daha da iyisi, bu oyun i\u00e7in ger\u00e7ekten bir bilet sat\u0131n ald\u0131ysan\u0131z, sonu\u00e7lar sayfas\u0131na gitme konusunda endi\u015felenmenize bile gerek yok. Do\u011frudan hesab\u0131n\u0131za ve biletlerinizin bulundu\u011fu sayfaya gidebilirsiniz.<\/p>\n<p>Oradan, kazanan numaralar\u0131 ve numaralar\u0131n\u0131z\u0131n kar\u015f\u0131la\u015ft\u0131rmas\u0131n\u0131 g\u00f6rebilirsiniz. Ve e\u015fle\u015fen say\u0131lar\u0131 vurguluyoruz, b\u00f6ylece onlar\u0131 ka\u00e7\u0131rmayacaks\u0131n\u0131z. Ayr\u0131ca, 2500 \u20ac&#8217;nun alt\u0131nda bir miktar\u0131n\u0131z varsa, say\u0131lar\u0131n\u0131zdan elde etti\u011finiz kazanc\u0131 size ula\u015ft\u0131rmakla ilgileniyoruz. E\u011fer \u00fczerindeyse, tek yapman\u0131z gereken bir form doldurmak ve biz yine de her \u015feyi halletmenize yard\u0131mc\u0131 olaca\u011f\u0131z.<\/p>\n<h2>EuroMillions sonu\u00e7 ar\u015fivi<\/h2>\n<p>EuroMillions i\u00e7in en son kazanan numaralar\u0131 ve di\u011fer oyunlar\u0131n sonu\u00e7lar\u0131n\u0131 g\u00f6rebilece\u011finiz birka\u00e7 alan\u0131m\u0131z var, ancak eski kazanan numaralar\u0131 da kontrol etme se\u00e7eneklerimiz var. Net oyun i\u00e7in do\u011fru say\u0131lar\u0131 se\u00e7ti\u011finizden emin olmak istiyorsan\u0131z, eski oyunlara bakmak bu se\u00e7imi yapmak i\u00e7in iyi bir yol olabilir.<\/p>\n<h2>Biletim kazand\u0131, sonra ne olacak?<\/h2>\n<p><img loading=\"lazy\" decoding=\"async\" class=\"alignright wp-image-3645\" src=\"https:\/\/onlinelotto365.com\/wp-content\/uploads\/2020\/11\/online_lottery-129-300x300.jpg\" alt=\"Euromillions kazanan numaralar\" width=\"210\" height=\"210\" srcset=\"https:\/\/onlinelotto365.com\/wp-content\/uploads\/2020\/11\/online_lottery-129-300x300.jpg 300w, https:\/\/onlinelotto365.com\/wp-content\/uploads\/2020\/11\/online_lottery-129-100x100.jpg 100w, https:\/\/onlinelotto365.com\/wp-content\/uploads\/2020\/11\/online_lottery-129-150x150.jpg 150w, https:\/\/onlinelotto365.com\/wp-content\/uploads\/2020\/11\/online_lottery-129.jpg 320w\" sizes=\"auto, (max-width: 210px) 100vw, 210px\" \/><br \/>\nKazand\u0131\u011f\u0131n\u0131z 2500 \u20ac&#8217;nun alt\u0131ndaki \u00f6d\u00fcllerin m\u00fc\u015fteri hizmetleri ekibimiz taraf\u0131ndan sizin i\u00e7in hesab\u0131n\u0131za yat\u0131r\u0131laca\u011f\u0131n\u0131 daha \u00f6nce belirtmi\u015ftik. Para hesab\u0131n\u0131za ge\u00e7tikten sonra onu \u00e7ekebilecek, kullanabilecek veya istedi\u011finiz herhangi bir \u015feyi yapabileceksiniz. Bu, oynamaya devam etmenizi veya paran\u0131z\u0131 istedi\u011finiz her \u015fey i\u00e7in kullanman\u0131z\u0131 kolayla\u015ft\u0131racakt\u0131r.<br \/>\nSadece bu da de\u011fil, hesab\u0131n\u0131za ek para yat\u0131rmak veya sat\u0131n almak i\u00e7in kulland\u0131\u011f\u0131n\u0131z herhangi bir hesaptan paray\u0131 \u00e7ekebilirsiniz. Buna banka hesaplar\u0131, kredi kartlar\u0131 ve daha fazlas\u0131 dahildir.<\/p>\n","protected":false},"excerpt":{"rendered":"<p>Web sitemizde \u00e7ok say\u0131da uluslararas\u0131 piyango oyunu bulundu\u011funu ve bunun sizin i\u00e7in biraz kafa kar\u0131\u015ft\u0131r\u0131c\u0131 olabilece\u011fini biliyoruz. Ancak d\u00fc\u015f\u00fcnd\u00fc\u011f\u00fcn\u00fcz kadar kafa kar\u0131\u015ft\u0131r\u0131c\u0131 olmak zorunda de\u011fil. Ayr\u0131ca, istedi\u011finiz oyun i\u00e7in kazanan numaralar\u0131 bulmak da sizin i\u00e7in o kadar zor olmak zorunda de\u011fil. Ama belki de ba\u015fka yerlere bakmay\u0131 d\u00fc\u015f\u00fcnm\u00fc\u015fs\u00fcn\u00fczd\u00fcr. Gazete ve televizyon birka\u00e7 se\u00e7enektir, ancak yerel [&hellip;]<\/p>\n","protected":false},"author":1,"featured_media":0,"parent":5871,"menu_order":3,"comment_status":"closed","ping_status":"closed","template":"euromillions-results.php","meta":{"_et_pb_use_builder":"","_et_pb_old_content":"","_et_gb_content_width":"","exclude_from_search":false,"footnotes":""},"class_list":["post-80119","page","type-page","status-publish","hentry"],"yoast_head":"<!-- This site is optimized with the Yoast SEO plugin v23.4 - https:\/\/yoast.com\/wordpress\/plugins\/seo\/ -->\n<title>Kazanan numaralar Euromillions | Euromillions i\u00e7in en son \u00f6d\u00fclleri ve sonu\u00e7lar\u0131 g\u00f6r\u00fcn<\/title>\n<meta name=\"description\" content=\"Euromillions biletinizi kazanan numaralarla kar\u015f\u0131la\u015ft\u0131r\u0131n - t\u00fcm piyango sonu\u00e7lar\u0131na buradan bak\u0131n\" \/>\n<meta name=\"robots\" content=\"index, follow, max-snippet:-1, max-image-preview:large, max-video-preview:-1\" \/>\n<link rel=\"canonical\" href=\"https:\/\/onlinelotto365.com\/tr\/kazanan-numaralar\/euromillions\/\" \/>\n<meta property=\"og:locale\" content=\"tr_TR\" \/>\n<meta property=\"og:type\" content=\"article\" \/>\n<meta property=\"og:title\" content=\"Kazanan numaralar Euromillions | Euromillions i\u00e7in en son \u00f6d\u00fclleri ve sonu\u00e7lar\u0131 g\u00f6r\u00fcn\" \/>\n<meta property=\"og:description\" content=\"Euromillions biletinizi kazanan numaralarla kar\u015f\u0131la\u015ft\u0131r\u0131n - t\u00fcm piyango sonu\u00e7lar\u0131na buradan bak\u0131n\" \/>\n<meta property=\"og:url\" content=\"https:\/\/onlinelotto365.com\/tr\/kazanan-numaralar\/euromillions\/\" \/>\n<meta property=\"og:site_name\" content=\"OnlineLotto365\" \/>\n<meta property=\"og:image\" content=\"https:\/\/redfoxlotto.com\/image?size=8&amp;lottery=euromillions\" \/>\n<meta name=\"twitter:card\" content=\"summary_large_image\" \/>\n<meta name=\"twitter:label1\" content=\"Tahmini okuma s\u00fcresi\" \/>\n\t<meta name=\"twitter:data1\" content=\"3 dakika\" \/>\n<script type=\"application\/ld+json\" class=\"yoast-schema-graph\">{\"@context\":\"https:\/\/schema.org\",\"@graph\":[{\"@type\":\"WebPage\",\"@id\":\"https:\/\/onlinelotto365.com\/tr\/kazanan-numaralar\/euromillions\/\",\"url\":\"https:\/\/onlinelotto365.com\/tr\/kazanan-numaralar\/euromillions\/\",\"name\":\"Kazanan numaralar Euromillions | Euromillions i\u00e7in en son \u00f6d\u00fclleri ve sonu\u00e7lar\u0131 g\u00f6r\u00fcn\",\"isPartOf\":{\"@id\":\"https:\/\/onlinelotto365.com\/tr\/#website\"},\"primaryImageOfPage\":{\"@id\":\"https:\/\/onlinelotto365.com\/tr\/kazanan-numaralar\/euromillions\/#primaryimage\"},\"image\":{\"@id\":\"https:\/\/onlinelotto365.com\/tr\/kazanan-numaralar\/euromillions\/#primaryimage\"},\"thumbnailUrl\":\"https:\/\/redfoxlotto.com\/image?size=8&amp;lottery=euromillions\",\"datePublished\":\"2022-11-14T17:53:21+00:00\",\"dateModified\":\"2022-11-14T17:53:21+00:00\",\"description\":\"Euromillions biletinizi kazanan numaralarla kar\u015f\u0131la\u015ft\u0131r\u0131n - t\u00fcm piyango sonu\u00e7lar\u0131na buradan bak\u0131n\",\"breadcrumb\":{\"@id\":\"https:\/\/onlinelotto365.com\/tr\/kazanan-numaralar\/euromillions\/#breadcrumb\"},\"inLanguage\":\"tr\",\"potentialAction\":[{\"@type\":\"ReadAction\",\"target\":[\"https:\/\/onlinelotto365.com\/tr\/kazanan-numaralar\/euromillions\/\"]}]},{\"@type\":\"ImageObject\",\"inLanguage\":\"tr\",\"@id\":\"https:\/\/onlinelotto365.com\/tr\/kazanan-numaralar\/euromillions\/#primaryimage\",\"url\":\"https:\/\/redfoxlotto.com\/image?size=8&amp;lottery=euromillions\",\"contentUrl\":\"https:\/\/redfoxlotto.com\/image?size=8&amp;lottery=euromillions\"},{\"@type\":\"BreadcrumbList\",\"@id\":\"https:\/\/onlinelotto365.com\/tr\/kazanan-numaralar\/euromillions\/#breadcrumb\",\"itemListElement\":[{\"@type\":\"ListItem\",\"position\":1,\"name\":\"Home\",\"item\":\"https:\/\/onlinelotto365.com\/tr\/\"},{\"@type\":\"ListItem\",\"position\":2,\"name\":\"T\u00fcm piyangolari kazanan sayilar\",\"item\":\"https:\/\/onlinelotto365.com\/tr\/kazanan-numaralar\/\"},{\"@type\":\"ListItem\",\"position\":3,\"name\":\"Euromillions kazanan numaralar\u0131 g\u00f6r\u00fcn\"}]},{\"@type\":\"WebSite\",\"@id\":\"https:\/\/onlinelotto365.com\/tr\/#website\",\"url\":\"https:\/\/onlinelotto365.com\/tr\/\",\"name\":\"OnlineLotto365\",\"description\":\"\",\"potentialAction\":[{\"@type\":\"SearchAction\",\"target\":{\"@type\":\"EntryPoint\",\"urlTemplate\":\"https:\/\/onlinelotto365.com\/tr\/?s={search_term_string}\"},\"query-input\":{\"@type\":\"PropertyValueSpecification\",\"valueRequired\":true,\"valueName\":\"search_term_string\"}}],\"inLanguage\":\"tr\"}]}<\/script>\n<!-- \/ Yoast SEO plugin. -->","yoast_head_json":{"title":"Kazanan numaralar Euromillions | Euromillions i\u00e7in en son \u00f6d\u00fclleri ve sonu\u00e7lar\u0131 g\u00f6r\u00fcn","description":"Euromillions biletinizi kazanan numaralarla kar\u015f\u0131la\u015ft\u0131r\u0131n - t\u00fcm piyango sonu\u00e7lar\u0131na buradan bak\u0131n","robots":{"index":"index","follow":"follow","max-snippet":"max-snippet:-1","max-image-preview":"max-image-preview:large","max-video-preview":"max-video-preview:-1"},"canonical":"https:\/\/onlinelotto365.com\/tr\/kazanan-numaralar\/euromillions\/","og_locale":"tr_TR","og_type":"article","og_title":"Kazanan numaralar Euromillions | Euromillions i\u00e7in en son \u00f6d\u00fclleri ve sonu\u00e7lar\u0131 g\u00f6r\u00fcn","og_description":"Euromillions biletinizi kazanan numaralarla kar\u015f\u0131la\u015ft\u0131r\u0131n - t\u00fcm piyango sonu\u00e7lar\u0131na buradan bak\u0131n","og_url":"https:\/\/onlinelotto365.com\/tr\/kazanan-numaralar\/euromillions\/","og_site_name":"OnlineLotto365","og_image":[{"url":"https:\/\/redfoxlotto.com\/image?size=8&amp;lottery=euromillions"}],"twitter_card":"summary_large_image","twitter_misc":{"Tahmini okuma s\u00fcresi":"3 dakika"},"schema":{"@context":"https:\/\/schema.org","@graph":[{"@type":"WebPage","@id":"https:\/\/onlinelotto365.com\/tr\/kazanan-numaralar\/euromillions\/","url":"https:\/\/onlinelotto365.com\/tr\/kazanan-numaralar\/euromillions\/","name":"Kazanan numaralar Euromillions | Euromillions i\u00e7in en son \u00f6d\u00fclleri ve sonu\u00e7lar\u0131 g\u00f6r\u00fcn","isPartOf":{"@id":"https:\/\/onlinelotto365.com\/tr\/#website"},"primaryImageOfPage":{"@id":"https:\/\/onlinelotto365.com\/tr\/kazanan-numaralar\/euromillions\/#primaryimage"},"image":{"@id":"https:\/\/onlinelotto365.com\/tr\/kazanan-numaralar\/euromillions\/#primaryimage"},"thumbnailUrl":"https:\/\/redfoxlotto.com\/image?size=8&amp;lottery=euromillions","datePublished":"2022-11-14T17:53:21+00:00","dateModified":"2022-11-14T17:53:21+00:00","description":"Euromillions biletinizi kazanan numaralarla kar\u015f\u0131la\u015ft\u0131r\u0131n - t\u00fcm piyango sonu\u00e7lar\u0131na buradan bak\u0131n","breadcrumb":{"@id":"https:\/\/onlinelotto365.com\/tr\/kazanan-numaralar\/euromillions\/#breadcrumb"},"inLanguage":"tr","potentialAction":[{"@type":"ReadAction","target":["https:\/\/onlinelotto365.com\/tr\/kazanan-numaralar\/euromillions\/"]}]},{"@type":"ImageObject","inLanguage":"tr","@id":"https:\/\/onlinelotto365.com\/tr\/kazanan-numaralar\/euromillions\/#primaryimage","url":"https:\/\/redfoxlotto.com\/image?size=8&amp;lottery=euromillions","contentUrl":"https:\/\/redfoxlotto.com\/image?size=8&amp;lottery=euromillions"},{"@type":"BreadcrumbList","@id":"https:\/\/onlinelotto365.com\/tr\/kazanan-numaralar\/euromillions\/#breadcrumb","itemListElement":[{"@type":"ListItem","position":1,"name":"Home","item":"https:\/\/onlinelotto365.com\/tr\/"},{"@type":"ListItem","position":2,"name":"T\u00fcm piyangolari kazanan sayilar","item":"https:\/\/onlinelotto365.com\/tr\/kazanan-numaralar\/"},{"@type":"ListItem","position":3,"name":"Euromillions kazanan numaralar\u0131 g\u00f6r\u00fcn"}]},{"@type":"WebSite","@id":"https:\/\/onlinelotto365.com\/tr\/#website","url":"https:\/\/onlinelotto365.com\/tr\/","name":"OnlineLotto365","description":"","potentialAction":[{"@type":"SearchAction","target":{"@type":"EntryPoint","urlTemplate":"https:\/\/onlinelotto365.com\/tr\/?s={search_term_string}"},"query-input":{"@type":"PropertyValueSpecification","valueRequired":true,"valueName":"search_term_string"}}],"inLanguage":"tr"}]}},"_links":{"self":[{"href":"https:\/\/onlinelotto365.com\/tr\/wp-json\/wp\/v2\/pages\/80119","targetHints":{"allow":["GET"]}}],"collection":[{"href":"https:\/\/onlinelotto365.com\/tr\/wp-json\/wp\/v2\/pages"}],"about":[{"href":"https:\/\/onlinelotto365.com\/tr\/wp-json\/wp\/v2\/types\/page"}],"author":[{"embeddable":true,"href":"https:\/\/onlinelotto365.com\/tr\/wp-json\/wp\/v2\/users\/1"}],"replies":[{"embeddable":true,"href":"https:\/\/onlinelotto365.com\/tr\/wp-json\/wp\/v2\/comments?post=80119"}],"version-history":[{"count":0,"href":"https:\/\/onlinelotto365.com\/tr\/wp-json\/wp\/v2\/pages\/80119\/revisions"}],"up":[{"embeddable":true,"href":"https:\/\/onlinelotto365.com\/tr\/wp-json\/wp\/v2\/pages\/5871"}],"wp:attachment":[{"href":"https:\/\/onlinelotto365.com\/tr\/wp-json\/wp\/v2\/media?parent=80119"}],"curies":[{"name":"wp","href":"https:\/\/api.w.org\/{rel}","templated":true}]}}