{"id":80151,"date":"2022-11-15T07:44:53","date_gmt":"2022-11-15T06:44:53","guid":{"rendered":"https:\/\/onlinelotto365.com\/?page_id=80151"},"modified":"2022-11-15T07:44:53","modified_gmt":"2022-11-15T06:44:53","slug":"mega-milyonlar","status":"publish","type":"page","link":"https:\/\/onlinelotto365.com\/tr\/kazanan-numaralar\/mega-milyonlar\/","title":{"rendered":"Mega Millions kazanan numaralar\u0131 buradan kontrol edin"},"content":{"rendered":"<p>Web sitemizde oynayabilece\u011finiz t\u00fcm uluslararas\u0131 piyangolarda, kazanan numaralar\u0131 ve sonu\u00e7lar\u0131 almak bir sorun olabilir. Mega Millions i\u00e7in kazanan numaralar\u0131 muhtemelen gazetenizde bulamayacaks\u0131n\u0131z. Haberlerinde \u00e7ekili\u015f sonu\u00e7lar\u0131na yer veren bir televizyon kanal\u0131 arayabilirsiniz, ancak bu biraz ara\u015ft\u0131rma gerektirir.<br \/>\n<a href=\"https:\/\/redfoxlotto.com\/play\/mega-millions\/?ref=a8564250a2&amp;medium=ol365\" target=\"_blank\" rel=\"noopener noreferrer\"><img decoding=\"async\" class=\"aligncenter\" src=\"https:\/\/redfoxlotto.com\/image?size=8&amp;lottery=mega-millions\" alt=\"Mega Millions\" \/><\/a><br \/>\nBir se\u00e7enek de resmi Mega Millions piyango web sitesinin \u00e7ekili\u015f prosed\u00fcr\u00fcn\u00fcn canl\u0131 yay\u0131n\u0131n\u0131 yap\u0131p yapmad\u0131\u011f\u0131n\u0131 kontrol etmek olabilir. \u00c7ekilen say\u0131lar\u0131 canl\u0131 olarak g\u00f6rmek elbette \u00e7ok heyecan vericidir. Ayr\u0131ca numaralar\u0131n\u0131z\u0131n kazan\u0131p kazanmad\u0131\u011f\u0131n\u0131 \u00f6\u011frenmenin en h\u0131zl\u0131 yolu da bu olacakt\u0131r. Ancak \u00e7o\u011fu piyango \u00e7ekili\u015fi ger\u00e7ek zamanl\u0131 olarak canl\u0131 yay\u0131nlamaz.<\/p>\n<p>Kazanan numaralar\u0131 kontrol etmek istedi\u011finizde \u00e7ekili\u015f zaten yap\u0131lm\u0131\u015fsa, Youtube&#8217;a gidebilir ve en son Mega Millions \u00e7ekili\u015fini g\u00f6steren bir video arayabilirsiniz.<\/p>\n<p>Ancak kazanan numaralar\u0131n yan\u0131 s\u0131ra Mega Millions&#8217;\u0131n sonu\u00e7lar\u0131n\u0131 ve \u00f6d\u00fcllerini do\u011frulamak i\u00e7in \u00e7ok uygun bir y\u00f6ntem kendi piyango sonu\u00e7lar\u0131 sayfam\u0131zd\u0131r. Tek bir sayfada, sundu\u011fumuz t\u00fcm piyangolar\u0131n kazanan numaralar\u0131n\u0131 bulabilirsiniz.<\/p>\n<h2>Online biletinizin kazan\u0131p kazanmad\u0131\u011f\u0131n\u0131 nas\u0131l \u00f6\u011frenebilirsiniz?<\/h2>\n<p>Ve daha da iyi oluyor! Sitemizden Mega Millions i\u00e7in bir bilet sat\u0131n ald\u0131ysan\u0131z, hesab\u0131n\u0131za (elbette \u00f6nce giri\u015f yapman\u0131z gerekir) ve biletlerinizin sakland\u0131\u011f\u0131 b\u00f6l\u00fcme bakabilirsiniz. Oynad\u0131\u011f\u0131n\u0131z her piyango i\u00e7in kazanan numaralar, se\u00e7ti\u011finiz numaralar\u0131n hemen yan\u0131nda g\u00f6r\u00fcnt\u00fclenir. Biletinizdeki \u00e7ekili\u015f sonu\u00e7lar\u0131yla e\u015fle\u015fen t\u00fcm say\u0131lar da renkli olarak i\u015faretlenecektir. Ka\u00e7 numaray\u0131 do\u011fru se\u00e7ti\u011finizi \u00f6\u011frendikten sonra, ne kadar kazand\u0131\u011f\u0131n\u0131z\u0131 kontrol edebilirsiniz. Ayr\u0131ca, 2500 \u20ac &#8216;dan az olan t\u00fcm kazan\u00e7lar\u0131n, piyango resmi sonu\u00e7lar\u0131 onaylar onaylamaz oyuncu hesab\u0131n\u0131za yat\u0131r\u0131laca\u011f\u0131n\u0131 unutmay\u0131n.<\/p>\n<h2>Mega Millions sonu\u00e7 ar\u015fivi<\/h2>\n<p>Web sitemizdeki en son Mega Millions sonu\u00e7lar\u0131n\u0131 g\u00f6steren sayfalar, size \u00f6nceki \u00e7ekili\u015f sonu\u00e7lar\u0131n\u0131 kontrol etme se\u00e7ene\u011fi de sunar. Bu, bir\u00e7ok oyuncunun son zamanlarda hangi say\u0131lar\u0131n \u00e7ekildi\u011fini veya ge\u00e7mi\u015fte hangi say\u0131lar\u0131n \u00e7ekilmedi\u011fini kontrol etmek i\u00e7in kulland\u0131\u011f\u0131 bir \u015feydir. Bir sonraki biletiniz i\u00e7in say\u0131lar\u0131 se\u00e7erken bu bilgileri kullanmak \u00e7ok pop\u00fcler bir piyango stratejisidir.<\/p>\n<h2>Biletim kazand\u0131, sonra ne olacak?<\/h2>\n<p>Daha \u00f6nce de belirtti\u011fimiz gibi, 2500 \u20ac&#8217;nun alt\u0131ndaki \u00f6d\u00fcller do\u011frudan web sitemizdeki m\u00fc\u015fteri hesab\u0131n\u0131za yat\u0131r\u0131lacakt\u0131r. Buradan, en az 10 \u20ac bakiyeniz oldu\u011fu s\u00fcrece tamam\u0131n\u0131 veya bir k\u0131sm\u0131n\u0131 \u00e7ekebilirsiniz. Ya da bir k\u0131sm\u0131n\u0131 yeni bilet sat\u0131n almak i\u00e7in kullanabilirsiniz. Kredi kart\u0131n\u0131za veya banka hesab\u0131n\u0131za para \u00e7ekmeye karar verirseniz, kimlik tespiti i\u00e7in bize baz\u0131 belgeler sa\u011flaman\u0131z gerekecektir. Bu, kara para aklamaya kar\u015f\u0131 yasalar nedeniyle \u00f6deme i\u015flemcilerimiz taraf\u0131ndan bir gerekliliktir. Ayr\u0131ca, daha \u00f6nce bir sat\u0131n alma veya para yat\u0131rma i\u015flemi i\u00e7in kullan\u0131lmam\u0131\u015f bir para \u00e7ekme y\u00f6ntemini kullanamazs\u0131n\u0131z.<\/p>\n","protected":false},"excerpt":{"rendered":"<p>Web sitemizde oynayabilece\u011finiz t\u00fcm uluslararas\u0131 piyangolarda, kazanan numaralar\u0131 ve sonu\u00e7lar\u0131 almak bir sorun olabilir. Mega Millions i\u00e7in kazanan numaralar\u0131 muhtemelen gazetenizde bulamayacaks\u0131n\u0131z. Haberlerinde \u00e7ekili\u015f sonu\u00e7lar\u0131na yer veren bir televizyon kanal\u0131 arayabilirsiniz, ancak bu biraz ara\u015ft\u0131rma gerektirir. Bir se\u00e7enek de resmi Mega Millions piyango web sitesinin \u00e7ekili\u015f prosed\u00fcr\u00fcn\u00fcn canl\u0131 yay\u0131n\u0131n\u0131 yap\u0131p yapmad\u0131\u011f\u0131n\u0131 kontrol etmek olabilir. \u00c7ekilen [&hellip;]<\/p>\n","protected":false},"author":1,"featured_media":0,"parent":5871,"menu_order":2,"comment_status":"closed","ping_status":"closed","template":"megamillion-results.php","meta":{"_et_pb_use_builder":"","_et_pb_old_content":"","_et_gb_content_width":"","exclude_from_search":false,"footnotes":""},"class_list":["post-80151","page","type-page","status-publish","hentry"],"yoast_head":"<!-- This site is optimized with the Yoast SEO plugin v23.4 - https:\/\/yoast.com\/wordpress\/plugins\/seo\/ -->\n<title>Mega Millions kazanan numaralar | Mega Millions i\u00e7in son \u00e7ekili\u015f sonu\u00e7lar\u0131 ve \u00f6d\u00fcller<\/title>\n<meta name=\"description\" content=\"Mega Millions i\u00e7in kazanan numaralar\u0131 ve sonu\u00e7lar\u0131 kolayca bulmak i\u00e7in web sitemizi nas\u0131l kullanabilirsiniz?\" \/>\n<meta name=\"robots\" content=\"index, follow, max-snippet:-1, max-image-preview:large, max-video-preview:-1\" \/>\n<link rel=\"canonical\" href=\"https:\/\/onlinelotto365.com\/tr\/kazanan-numaralar\/mega-milyonlar\/\" \/>\n<meta property=\"og:locale\" content=\"tr_TR\" \/>\n<meta property=\"og:type\" content=\"article\" \/>\n<meta property=\"og:title\" content=\"Mega Millions kazanan numaralar | Mega Millions i\u00e7in son \u00e7ekili\u015f sonu\u00e7lar\u0131 ve \u00f6d\u00fcller\" \/>\n<meta property=\"og:description\" content=\"Mega Millions i\u00e7in kazanan numaralar\u0131 ve sonu\u00e7lar\u0131 kolayca bulmak i\u00e7in web sitemizi nas\u0131l kullanabilirsiniz?\" \/>\n<meta property=\"og:url\" content=\"https:\/\/onlinelotto365.com\/tr\/kazanan-numaralar\/mega-milyonlar\/\" \/>\n<meta property=\"og:site_name\" content=\"OnlineLotto365\" \/>\n<meta property=\"og:image\" content=\"https:\/\/redfoxlotto.com\/image?size=8&amp;lottery=mega-millions\" \/>\n<meta name=\"twitter:card\" content=\"summary_large_image\" \/>\n<meta name=\"twitter:label1\" content=\"Tahmini okuma s\u00fcresi\" \/>\n\t<meta name=\"twitter:data1\" content=\"2 dakika\" \/>\n<script type=\"application\/ld+json\" class=\"yoast-schema-graph\">{\"@context\":\"https:\/\/schema.org\",\"@graph\":[{\"@type\":\"WebPage\",\"@id\":\"https:\/\/onlinelotto365.com\/tr\/kazanan-numaralar\/mega-milyonlar\/\",\"url\":\"https:\/\/onlinelotto365.com\/tr\/kazanan-numaralar\/mega-milyonlar\/\",\"name\":\"Mega Millions kazanan numaralar | Mega Millions i\u00e7in son \u00e7ekili\u015f sonu\u00e7lar\u0131 ve \u00f6d\u00fcller\",\"isPartOf\":{\"@id\":\"https:\/\/onlinelotto365.com\/tr\/#website\"},\"primaryImageOfPage\":{\"@id\":\"https:\/\/onlinelotto365.com\/tr\/kazanan-numaralar\/mega-milyonlar\/#primaryimage\"},\"image\":{\"@id\":\"https:\/\/onlinelotto365.com\/tr\/kazanan-numaralar\/mega-milyonlar\/#primaryimage\"},\"thumbnailUrl\":\"https:\/\/redfoxlotto.com\/image?size=8&amp;lottery=mega-millions\",\"datePublished\":\"2022-11-15T06:44:53+00:00\",\"dateModified\":\"2022-11-15T06:44:53+00:00\",\"description\":\"Mega Millions i\u00e7in kazanan numaralar\u0131 ve sonu\u00e7lar\u0131 kolayca bulmak i\u00e7in web sitemizi nas\u0131l kullanabilirsiniz?\",\"breadcrumb\":{\"@id\":\"https:\/\/onlinelotto365.com\/tr\/kazanan-numaralar\/mega-milyonlar\/#breadcrumb\"},\"inLanguage\":\"tr\",\"potentialAction\":[{\"@type\":\"ReadAction\",\"target\":[\"https:\/\/onlinelotto365.com\/tr\/kazanan-numaralar\/mega-milyonlar\/\"]}]},{\"@type\":\"ImageObject\",\"inLanguage\":\"tr\",\"@id\":\"https:\/\/onlinelotto365.com\/tr\/kazanan-numaralar\/mega-milyonlar\/#primaryimage\",\"url\":\"https:\/\/redfoxlotto.com\/image?size=8&amp;lottery=mega-millions\",\"contentUrl\":\"https:\/\/redfoxlotto.com\/image?size=8&amp;lottery=mega-millions\"},{\"@type\":\"BreadcrumbList\",\"@id\":\"https:\/\/onlinelotto365.com\/tr\/kazanan-numaralar\/mega-milyonlar\/#breadcrumb\",\"itemListElement\":[{\"@type\":\"ListItem\",\"position\":1,\"name\":\"Home\",\"item\":\"https:\/\/onlinelotto365.com\/tr\/\"},{\"@type\":\"ListItem\",\"position\":2,\"name\":\"T\u00fcm piyangolari kazanan sayilar\",\"item\":\"https:\/\/onlinelotto365.com\/tr\/kazanan-numaralar\/\"},{\"@type\":\"ListItem\",\"position\":3,\"name\":\"Mega Millions kazanan numaralar\u0131 buradan kontrol edin\"}]},{\"@type\":\"WebSite\",\"@id\":\"https:\/\/onlinelotto365.com\/tr\/#website\",\"url\":\"https:\/\/onlinelotto365.com\/tr\/\",\"name\":\"OnlineLotto365\",\"description\":\"\",\"potentialAction\":[{\"@type\":\"SearchAction\",\"target\":{\"@type\":\"EntryPoint\",\"urlTemplate\":\"https:\/\/onlinelotto365.com\/tr\/?s={search_term_string}\"},\"query-input\":{\"@type\":\"PropertyValueSpecification\",\"valueRequired\":true,\"valueName\":\"search_term_string\"}}],\"inLanguage\":\"tr\"}]}<\/script>\n<!-- \/ Yoast SEO plugin. -->","yoast_head_json":{"title":"Mega Millions kazanan numaralar | Mega Millions i\u00e7in son \u00e7ekili\u015f sonu\u00e7lar\u0131 ve \u00f6d\u00fcller","description":"Mega Millions i\u00e7in kazanan numaralar\u0131 ve sonu\u00e7lar\u0131 kolayca bulmak i\u00e7in web sitemizi nas\u0131l kullanabilirsiniz?","robots":{"index":"index","follow":"follow","max-snippet":"max-snippet:-1","max-image-preview":"max-image-preview:large","max-video-preview":"max-video-preview:-1"},"canonical":"https:\/\/onlinelotto365.com\/tr\/kazanan-numaralar\/mega-milyonlar\/","og_locale":"tr_TR","og_type":"article","og_title":"Mega Millions kazanan numaralar | Mega Millions i\u00e7in son \u00e7ekili\u015f sonu\u00e7lar\u0131 ve \u00f6d\u00fcller","og_description":"Mega Millions i\u00e7in kazanan numaralar\u0131 ve sonu\u00e7lar\u0131 kolayca bulmak i\u00e7in web sitemizi nas\u0131l kullanabilirsiniz?","og_url":"https:\/\/onlinelotto365.com\/tr\/kazanan-numaralar\/mega-milyonlar\/","og_site_name":"OnlineLotto365","og_image":[{"url":"https:\/\/redfoxlotto.com\/image?size=8&amp;lottery=mega-millions"}],"twitter_card":"summary_large_image","twitter_misc":{"Tahmini okuma s\u00fcresi":"2 dakika"},"schema":{"@context":"https:\/\/schema.org","@graph":[{"@type":"WebPage","@id":"https:\/\/onlinelotto365.com\/tr\/kazanan-numaralar\/mega-milyonlar\/","url":"https:\/\/onlinelotto365.com\/tr\/kazanan-numaralar\/mega-milyonlar\/","name":"Mega Millions kazanan numaralar | Mega Millions i\u00e7in son \u00e7ekili\u015f sonu\u00e7lar\u0131 ve \u00f6d\u00fcller","isPartOf":{"@id":"https:\/\/onlinelotto365.com\/tr\/#website"},"primaryImageOfPage":{"@id":"https:\/\/onlinelotto365.com\/tr\/kazanan-numaralar\/mega-milyonlar\/#primaryimage"},"image":{"@id":"https:\/\/onlinelotto365.com\/tr\/kazanan-numaralar\/mega-milyonlar\/#primaryimage"},"thumbnailUrl":"https:\/\/redfoxlotto.com\/image?size=8&amp;lottery=mega-millions","datePublished":"2022-11-15T06:44:53+00:00","dateModified":"2022-11-15T06:44:53+00:00","description":"Mega Millions i\u00e7in kazanan numaralar\u0131 ve sonu\u00e7lar\u0131 kolayca bulmak i\u00e7in web sitemizi nas\u0131l kullanabilirsiniz?","breadcrumb":{"@id":"https:\/\/onlinelotto365.com\/tr\/kazanan-numaralar\/mega-milyonlar\/#breadcrumb"},"inLanguage":"tr","potentialAction":[{"@type":"ReadAction","target":["https:\/\/onlinelotto365.com\/tr\/kazanan-numaralar\/mega-milyonlar\/"]}]},{"@type":"ImageObject","inLanguage":"tr","@id":"https:\/\/onlinelotto365.com\/tr\/kazanan-numaralar\/mega-milyonlar\/#primaryimage","url":"https:\/\/redfoxlotto.com\/image?size=8&amp;lottery=mega-millions","contentUrl":"https:\/\/redfoxlotto.com\/image?size=8&amp;lottery=mega-millions"},{"@type":"BreadcrumbList","@id":"https:\/\/onlinelotto365.com\/tr\/kazanan-numaralar\/mega-milyonlar\/#breadcrumb","itemListElement":[{"@type":"ListItem","position":1,"name":"Home","item":"https:\/\/onlinelotto365.com\/tr\/"},{"@type":"ListItem","position":2,"name":"T\u00fcm piyangolari kazanan sayilar","item":"https:\/\/onlinelotto365.com\/tr\/kazanan-numaralar\/"},{"@type":"ListItem","position":3,"name":"Mega Millions kazanan numaralar\u0131 buradan kontrol edin"}]},{"@type":"WebSite","@id":"https:\/\/onlinelotto365.com\/tr\/#website","url":"https:\/\/onlinelotto365.com\/tr\/","name":"OnlineLotto365","description":"","potentialAction":[{"@type":"SearchAction","target":{"@type":"EntryPoint","urlTemplate":"https:\/\/onlinelotto365.com\/tr\/?s={search_term_string}"},"query-input":{"@type":"PropertyValueSpecification","valueRequired":true,"valueName":"search_term_string"}}],"inLanguage":"tr"}]}},"_links":{"self":[{"href":"https:\/\/onlinelotto365.com\/tr\/wp-json\/wp\/v2\/pages\/80151","targetHints":{"allow":["GET"]}}],"collection":[{"href":"https:\/\/onlinelotto365.com\/tr\/wp-json\/wp\/v2\/pages"}],"about":[{"href":"https:\/\/onlinelotto365.com\/tr\/wp-json\/wp\/v2\/types\/page"}],"author":[{"embeddable":true,"href":"https:\/\/onlinelotto365.com\/tr\/wp-json\/wp\/v2\/users\/1"}],"replies":[{"embeddable":true,"href":"https:\/\/onlinelotto365.com\/tr\/wp-json\/wp\/v2\/comments?post=80151"}],"version-history":[{"count":0,"href":"https:\/\/onlinelotto365.com\/tr\/wp-json\/wp\/v2\/pages\/80151\/revisions"}],"up":[{"embeddable":true,"href":"https:\/\/onlinelotto365.com\/tr\/wp-json\/wp\/v2\/pages\/5871"}],"wp:attachment":[{"href":"https:\/\/onlinelotto365.com\/tr\/wp-json\/wp\/v2\/media?parent=80151"}],"curies":[{"name":"wp","href":"https:\/\/api.w.org\/{rel}","templated":true}]}}