{"id":80183,"date":"2022-11-15T09:01:36","date_gmt":"2022-11-15T08:01:36","guid":{"rendered":"https:\/\/onlinelotto365.com\/?page_id=80183"},"modified":"2022-11-15T09:01:36","modified_gmt":"2022-11-15T08:01:36","slug":"powerball","status":"publish","type":"page","link":"https:\/\/onlinelotto365.com\/tr\/kazanan-numaralar\/powerball\/","title":{"rendered":"Powerball \u00e7ekili\u015f sonu\u00e7lar\u0131"},"content":{"rendered":"<h2>Powerball kazanan numaralar\u0131 buradan kontrol edin<\/h2>\n<p>ABD&#8217;de ya\u015f\u0131yorsan\u0131z Powerball kazanan numaralar\u0131 bulmak kolayd\u0131r. \u00d6zellikle b\u00fcy\u00fck ikramiyenin \u00e7ok y\u00fcksek oldu\u011fu durumlarda, sonu\u00e7lar haberlerde yay\u0131nlanacak ve her gazetede yay\u0131nlanacakt\u0131r.<br \/>\n<a href=\"https:\/\/redfoxlotto.com\/play\/powerball\/?ref=a8564250a2&amp;medium=ol365\" target=\"_blank\" rel=\"noopener noreferrer\"><img decoding=\"async\" class=\"aligncenter\" src=\"https:\/\/redfoxlotto.com\/image?size=8&amp;lottery=powerball\" alt=\"Powerball\" \/><\/a><br \/>\nPeki ya ABD&#8217;de ya\u015fam\u0131yorsan\u0131z, Powerball kazanan numaralar\u0131n\u0131 kimden \u00f6\u011frenebilirsiniz? Sonu\u00e7lar\u0131 nas\u0131l bulabilir ve ne kadar kazand\u0131\u011f\u0131n\u0131z\u0131 nas\u0131l g\u00f6rebilirsiniz?<\/p>\n<h2>Online biletinizin kazan\u0131p kazanmad\u0131\u011f\u0131n\u0131 nas\u0131l \u00f6\u011frenebilirsiniz?<\/h2>\n<p>E\u011fer online bilet sat\u0131n ald\u0131ysan\u0131z, bu asl\u0131nda olduk\u00e7a kolayd\u0131r. Sitemize geri d\u00f6n\u00fcn, kullan\u0131c\u0131 ad\u0131n\u0131z ve \u015fifrenizle giri\u015f yap\u0131n, ard\u0131ndan sat\u0131n ald\u0131\u011f\u0131n\u0131z biletin dijital olarak sakland\u0131\u011f\u0131 b\u00f6l\u00fcme gidin. Oynad\u0131\u011f\u0131n\u0131z say\u0131lar, biletinizi sat\u0131n ald\u0131\u011f\u0131n\u0131z \u00e7ekili\u015f g\u00fcn\u00fcn\u00fcn \u00e7ekilen say\u0131lar\u0131yla e\u015fle\u015fiyorsa farkl\u0131 bir renkle vurgulanacakt\u0131r.<\/p>\n<p>Elbette, sonu\u00e7lara genel bak\u0131\u015f sayfam\u0131z\u0131 da a\u00e7abilir ve \u00e7ekili\u015f sonu\u00e7lar\u0131n\u0131 biletinizle bu \u015fekilde kar\u015f\u0131la\u015ft\u0131rabilirsiniz. Baz\u0131 m\u00fc\u015fterilerimiz \u00e7evrimi\u00e7i biletlerinin \u00e7\u0131kt\u0131s\u0131n\u0131 almay\u0131 ve daha sonra kazan\u0131p kazanmad\u0131klar\u0131n\u0131 g\u00f6rmek i\u00e7in kazanan numaralar\u0131 \u00e7\u0131kt\u0131 \u00fczerinde i\u015faretlemeyi severler.<\/p>\n<h2>Powerball sonu\u00e7lar\u0131 ar\u015fivi<\/h2>\n<p>Piyango sonu\u00e7lar\u0131na genel bak\u0131\u015f sayfam\u0131z, ge\u00e7mi\u015f haftalardaki kazanan numaralara g\u00f6z atman\u0131za da olanak tan\u0131r. Bu, \u015fansl\u0131 say\u0131lar\u0131n\u0131z\u0131 se\u00e7me stratejinizde size yard\u0131mc\u0131 olabilir. \u00d6rne\u011fin, uzun s\u00fcredir geciken say\u0131lar\u0131 bulmaya \u00e7al\u0131\u015fabilir ve ard\u0131ndan yaln\u0131zca bu say\u0131lar\u0131 kullanarak bir piyango bileti olu\u015fturabilirsiniz.<\/p>\n<p>Ya da hangi say\u0131lar\u0131n di\u011fer say\u0131lardan daha s\u0131k geldi\u011fini bularak Powerball kazanan say\u0131lar\u0131n\u0131z\u0131 se\u00e7ebilirsiniz. Bir\u00e7ok oyuncu ki\u015fisel piyango numaralar\u0131n\u0131 se\u00e7mek i\u00e7in bu iki y\u00f6ntemin bir kar\u0131\u015f\u0131m\u0131n\u0131 kullan\u0131r.<\/p>\n<p>Kazanan bir bilet i\u00e7in hangi say\u0131lar\u0131 se\u00e7ece\u011finize karar veremiyorsan\u0131z, bu y\u00f6nteme ne dersiniz? Oynamay\u0131 planlad\u0131\u011f\u0131n\u0131z piyangoya benzer bir say\u0131 aral\u0131\u011f\u0131na sahip ba\u015fka bir piyango i\u00e7in ge\u00e7mi\u015f kazanan say\u0131lar\u0131 kontrol edin. Bu ge\u00e7mi\u015f sonu\u00e7larda be\u011fendi\u011finiz bir kazanan kombinasyon bulun, ard\u0131ndan yeni bir Powerball bileti oynamak i\u00e7in bu eski kazanan say\u0131lar\u0131 kullan\u0131n.<\/p>\n<h2>Biletim kazand\u0131, sonra ne olacak?<\/h2>\n<p><img loading=\"lazy\" decoding=\"async\" class=\"size-full wp-image-50704 alignright\" src=\"https:\/\/onlinelotto365.com\/wp-content\/uploads\/2021\/01\/online_lottery-136.jpg\" alt=\"piyango sonu\u00e7lar\u0131\" width=\"297\" height=\"101\" \/><br \/>\nTebrikler, aferin size! Elbette, m\u00fc\u015fterilerimizden birinin \u00fczerinde kazanan Powerball biletinin bulundu\u011fu bir bilete sahip olmas\u0131 bizi her zaman mutlu eder. \u0130ster daha k\u00fc\u00e7\u00fck ister daha b\u00fcy\u00fck bir kazan\u00e7 olsun, sizin i\u00e7in \u00f6demeyle ilgileniyoruz, tabii ki \u00fccretsiz!<\/p>\n<p>2500 \u20ac veya daha az kazananlar &#8211; kazan\u0131lan tutar sitemizdeki bakiyenize yat\u0131r\u0131lacakt\u0131r. Oradan nakde \u00e7evirin veya bakiyeyi daha fazla bilet sat\u0131n almak i\u00e7in kullan\u0131n.<\/p>\n<p>E2500&#8217;den fazla kazan\u00e7lar &#8211; destek ekibimiz \u00f6deme alman\u0131zda size yard\u0131mc\u0131 olacakt\u0131r. Kimli\u011finize ve tercih etti\u011finiz \u00f6deme y\u00f6ntemine (banka havalesi veya \u00e7ek) ili\u015fkin baz\u0131 bilgileri g\u00f6nderdikten sonra, \u00f6demeyi do\u011frudan se\u00e7ti\u011finiz \u015fekilde alacaks\u0131n\u0131z.<\/p>\n","protected":false},"excerpt":{"rendered":"<p>Powerball kazanan numaralar\u0131 buradan kontrol edin ABD&#8217;de ya\u015f\u0131yorsan\u0131z Powerball kazanan numaralar\u0131 bulmak kolayd\u0131r. \u00d6zellikle b\u00fcy\u00fck ikramiyenin \u00e7ok y\u00fcksek oldu\u011fu durumlarda, sonu\u00e7lar haberlerde yay\u0131nlanacak ve her gazetede yay\u0131nlanacakt\u0131r. Peki ya ABD&#8217;de ya\u015fam\u0131yorsan\u0131z, Powerball kazanan numaralar\u0131n\u0131 kimden \u00f6\u011frenebilirsiniz? Sonu\u00e7lar\u0131 nas\u0131l bulabilir ve ne kadar kazand\u0131\u011f\u0131n\u0131z\u0131 nas\u0131l g\u00f6rebilirsiniz? Online biletinizin kazan\u0131p kazanmad\u0131\u011f\u0131n\u0131 nas\u0131l \u00f6\u011frenebilirsiniz? E\u011fer online bilet sat\u0131n [&hellip;]<\/p>\n","protected":false},"author":1,"featured_media":0,"parent":5871,"menu_order":1,"comment_status":"closed","ping_status":"closed","template":"powerball-usa-info.php","meta":{"_et_pb_use_builder":"","_et_pb_old_content":"","_et_gb_content_width":"","exclude_from_search":false,"footnotes":""},"class_list":["post-80183","page","type-page","status-publish","hentry"],"yoast_head":"<!-- This site is optimized with the Yoast SEO plugin v23.4 - https:\/\/yoast.com\/wordpress\/plugins\/seo\/ -->\n<title>Powerball kazanan numaralar | Powerball ABD i\u00e7in sonu\u00e7lar\u0131 ve kazan\u00e7lar\u0131 kontrol edin<\/title>\n<meta name=\"description\" content=\"Powerball biletinizin kazan\u0131p kazanmad\u0131\u011f\u0131n\u0131 g\u00f6rmek ister misiniz? Kazanan numaralar\u0131 web sitemizden kontrol edin!\" \/>\n<meta name=\"robots\" content=\"index, follow, max-snippet:-1, max-image-preview:large, max-video-preview:-1\" \/>\n<link rel=\"canonical\" href=\"https:\/\/onlinelotto365.com\/tr\/kazanan-numaralar\/powerball\/\" \/>\n<meta property=\"og:locale\" content=\"tr_TR\" \/>\n<meta property=\"og:type\" content=\"article\" \/>\n<meta property=\"og:title\" content=\"Powerball kazanan numaralar | Powerball ABD i\u00e7in sonu\u00e7lar\u0131 ve kazan\u00e7lar\u0131 kontrol edin\" \/>\n<meta property=\"og:description\" content=\"Powerball biletinizin kazan\u0131p kazanmad\u0131\u011f\u0131n\u0131 g\u00f6rmek ister misiniz? Kazanan numaralar\u0131 web sitemizden kontrol edin!\" \/>\n<meta property=\"og:url\" content=\"https:\/\/onlinelotto365.com\/tr\/kazanan-numaralar\/powerball\/\" \/>\n<meta property=\"og:site_name\" content=\"OnlineLotto365\" \/>\n<meta property=\"og:image\" content=\"https:\/\/redfoxlotto.com\/image?size=8&amp;lottery=powerball\" \/>\n<meta name=\"twitter:card\" content=\"summary_large_image\" \/>\n<meta name=\"twitter:label1\" content=\"Tahmini okuma s\u00fcresi\" \/>\n\t<meta name=\"twitter:data1\" content=\"2 dakika\" \/>\n<script type=\"application\/ld+json\" class=\"yoast-schema-graph\">{\"@context\":\"https:\/\/schema.org\",\"@graph\":[{\"@type\":\"WebPage\",\"@id\":\"https:\/\/onlinelotto365.com\/tr\/kazanan-numaralar\/powerball\/\",\"url\":\"https:\/\/onlinelotto365.com\/tr\/kazanan-numaralar\/powerball\/\",\"name\":\"Powerball kazanan numaralar | Powerball ABD i\u00e7in sonu\u00e7lar\u0131 ve kazan\u00e7lar\u0131 kontrol edin\",\"isPartOf\":{\"@id\":\"https:\/\/onlinelotto365.com\/tr\/#website\"},\"primaryImageOfPage\":{\"@id\":\"https:\/\/onlinelotto365.com\/tr\/kazanan-numaralar\/powerball\/#primaryimage\"},\"image\":{\"@id\":\"https:\/\/onlinelotto365.com\/tr\/kazanan-numaralar\/powerball\/#primaryimage\"},\"thumbnailUrl\":\"https:\/\/redfoxlotto.com\/image?size=8&amp;lottery=powerball\",\"datePublished\":\"2022-11-15T08:01:36+00:00\",\"dateModified\":\"2022-11-15T08:01:36+00:00\",\"description\":\"Powerball biletinizin kazan\u0131p kazanmad\u0131\u011f\u0131n\u0131 g\u00f6rmek ister misiniz? Kazanan numaralar\u0131 web sitemizden kontrol edin!\",\"breadcrumb\":{\"@id\":\"https:\/\/onlinelotto365.com\/tr\/kazanan-numaralar\/powerball\/#breadcrumb\"},\"inLanguage\":\"tr\",\"potentialAction\":[{\"@type\":\"ReadAction\",\"target\":[\"https:\/\/onlinelotto365.com\/tr\/kazanan-numaralar\/powerball\/\"]}]},{\"@type\":\"ImageObject\",\"inLanguage\":\"tr\",\"@id\":\"https:\/\/onlinelotto365.com\/tr\/kazanan-numaralar\/powerball\/#primaryimage\",\"url\":\"https:\/\/redfoxlotto.com\/image?size=8&amp;lottery=powerball\",\"contentUrl\":\"https:\/\/redfoxlotto.com\/image?size=8&amp;lottery=powerball\"},{\"@type\":\"BreadcrumbList\",\"@id\":\"https:\/\/onlinelotto365.com\/tr\/kazanan-numaralar\/powerball\/#breadcrumb\",\"itemListElement\":[{\"@type\":\"ListItem\",\"position\":1,\"name\":\"Home\",\"item\":\"https:\/\/onlinelotto365.com\/tr\/\"},{\"@type\":\"ListItem\",\"position\":2,\"name\":\"T\u00fcm piyangolari kazanan sayilar\",\"item\":\"https:\/\/onlinelotto365.com\/tr\/kazanan-numaralar\/\"},{\"@type\":\"ListItem\",\"position\":3,\"name\":\"Powerball \u00e7ekili\u015f sonu\u00e7lar\u0131\"}]},{\"@type\":\"WebSite\",\"@id\":\"https:\/\/onlinelotto365.com\/tr\/#website\",\"url\":\"https:\/\/onlinelotto365.com\/tr\/\",\"name\":\"OnlineLotto365\",\"description\":\"\",\"potentialAction\":[{\"@type\":\"SearchAction\",\"target\":{\"@type\":\"EntryPoint\",\"urlTemplate\":\"https:\/\/onlinelotto365.com\/tr\/?s={search_term_string}\"},\"query-input\":{\"@type\":\"PropertyValueSpecification\",\"valueRequired\":true,\"valueName\":\"search_term_string\"}}],\"inLanguage\":\"tr\"}]}<\/script>\n<!-- \/ Yoast SEO plugin. -->","yoast_head_json":{"title":"Powerball kazanan numaralar | Powerball ABD i\u00e7in sonu\u00e7lar\u0131 ve kazan\u00e7lar\u0131 kontrol edin","description":"Powerball biletinizin kazan\u0131p kazanmad\u0131\u011f\u0131n\u0131 g\u00f6rmek ister misiniz? Kazanan numaralar\u0131 web sitemizden kontrol edin!","robots":{"index":"index","follow":"follow","max-snippet":"max-snippet:-1","max-image-preview":"max-image-preview:large","max-video-preview":"max-video-preview:-1"},"canonical":"https:\/\/onlinelotto365.com\/tr\/kazanan-numaralar\/powerball\/","og_locale":"tr_TR","og_type":"article","og_title":"Powerball kazanan numaralar | Powerball ABD i\u00e7in sonu\u00e7lar\u0131 ve kazan\u00e7lar\u0131 kontrol edin","og_description":"Powerball biletinizin kazan\u0131p kazanmad\u0131\u011f\u0131n\u0131 g\u00f6rmek ister misiniz? Kazanan numaralar\u0131 web sitemizden kontrol edin!","og_url":"https:\/\/onlinelotto365.com\/tr\/kazanan-numaralar\/powerball\/","og_site_name":"OnlineLotto365","og_image":[{"url":"https:\/\/redfoxlotto.com\/image?size=8&amp;lottery=powerball"}],"twitter_card":"summary_large_image","twitter_misc":{"Tahmini okuma s\u00fcresi":"2 dakika"},"schema":{"@context":"https:\/\/schema.org","@graph":[{"@type":"WebPage","@id":"https:\/\/onlinelotto365.com\/tr\/kazanan-numaralar\/powerball\/","url":"https:\/\/onlinelotto365.com\/tr\/kazanan-numaralar\/powerball\/","name":"Powerball kazanan numaralar | Powerball ABD i\u00e7in sonu\u00e7lar\u0131 ve kazan\u00e7lar\u0131 kontrol edin","isPartOf":{"@id":"https:\/\/onlinelotto365.com\/tr\/#website"},"primaryImageOfPage":{"@id":"https:\/\/onlinelotto365.com\/tr\/kazanan-numaralar\/powerball\/#primaryimage"},"image":{"@id":"https:\/\/onlinelotto365.com\/tr\/kazanan-numaralar\/powerball\/#primaryimage"},"thumbnailUrl":"https:\/\/redfoxlotto.com\/image?size=8&amp;lottery=powerball","datePublished":"2022-11-15T08:01:36+00:00","dateModified":"2022-11-15T08:01:36+00:00","description":"Powerball biletinizin kazan\u0131p kazanmad\u0131\u011f\u0131n\u0131 g\u00f6rmek ister misiniz? Kazanan numaralar\u0131 web sitemizden kontrol edin!","breadcrumb":{"@id":"https:\/\/onlinelotto365.com\/tr\/kazanan-numaralar\/powerball\/#breadcrumb"},"inLanguage":"tr","potentialAction":[{"@type":"ReadAction","target":["https:\/\/onlinelotto365.com\/tr\/kazanan-numaralar\/powerball\/"]}]},{"@type":"ImageObject","inLanguage":"tr","@id":"https:\/\/onlinelotto365.com\/tr\/kazanan-numaralar\/powerball\/#primaryimage","url":"https:\/\/redfoxlotto.com\/image?size=8&amp;lottery=powerball","contentUrl":"https:\/\/redfoxlotto.com\/image?size=8&amp;lottery=powerball"},{"@type":"BreadcrumbList","@id":"https:\/\/onlinelotto365.com\/tr\/kazanan-numaralar\/powerball\/#breadcrumb","itemListElement":[{"@type":"ListItem","position":1,"name":"Home","item":"https:\/\/onlinelotto365.com\/tr\/"},{"@type":"ListItem","position":2,"name":"T\u00fcm piyangolari kazanan sayilar","item":"https:\/\/onlinelotto365.com\/tr\/kazanan-numaralar\/"},{"@type":"ListItem","position":3,"name":"Powerball \u00e7ekili\u015f sonu\u00e7lar\u0131"}]},{"@type":"WebSite","@id":"https:\/\/onlinelotto365.com\/tr\/#website","url":"https:\/\/onlinelotto365.com\/tr\/","name":"OnlineLotto365","description":"","potentialAction":[{"@type":"SearchAction","target":{"@type":"EntryPoint","urlTemplate":"https:\/\/onlinelotto365.com\/tr\/?s={search_term_string}"},"query-input":{"@type":"PropertyValueSpecification","valueRequired":true,"valueName":"search_term_string"}}],"inLanguage":"tr"}]}},"_links":{"self":[{"href":"https:\/\/onlinelotto365.com\/tr\/wp-json\/wp\/v2\/pages\/80183","targetHints":{"allow":["GET"]}}],"collection":[{"href":"https:\/\/onlinelotto365.com\/tr\/wp-json\/wp\/v2\/pages"}],"about":[{"href":"https:\/\/onlinelotto365.com\/tr\/wp-json\/wp\/v2\/types\/page"}],"author":[{"embeddable":true,"href":"https:\/\/onlinelotto365.com\/tr\/wp-json\/wp\/v2\/users\/1"}],"replies":[{"embeddable":true,"href":"https:\/\/onlinelotto365.com\/tr\/wp-json\/wp\/v2\/comments?post=80183"}],"version-history":[{"count":0,"href":"https:\/\/onlinelotto365.com\/tr\/wp-json\/wp\/v2\/pages\/80183\/revisions"}],"up":[{"embeddable":true,"href":"https:\/\/onlinelotto365.com\/tr\/wp-json\/wp\/v2\/pages\/5871"}],"wp:attachment":[{"href":"https:\/\/onlinelotto365.com\/tr\/wp-json\/wp\/v2\/media?parent=80183"}],"curies":[{"name":"wp","href":"https:\/\/api.w.org\/{rel}","templated":true}]}}