{"id":80202,"date":"2022-11-15T10:16:22","date_gmt":"2022-11-15T09:16:22","guid":{"rendered":"https:\/\/onlinelotto365.com\/?page_id=80202"},"modified":"2022-11-15T10:16:22","modified_gmt":"2022-11-15T09:16:22","slug":"eurojackpot","status":"publish","type":"page","link":"https:\/\/onlinelotto365.com\/tr\/bilet-satin-al\/eurojackpot\/","title":{"rendered":"Eurojackpot biletleri online nas\u0131l sat\u0131n al\u0131n\u0131r"},"content":{"rendered":"<p>Eurojackpot biletlerinizi \u00e7evrimi\u00e7i olarak nas\u0131l sat\u0131n alaca\u011f\u0131n\u0131z\u0131 merak ediyorsan\u0131z, s\u00fcreci kolay ad\u0131mlarla a\u00e7\u0131klad\u0131k. Ama asl\u0131nda, web sitemiz t\u00fcm s\u00fcre\u00e7 boyunca size rehberlik edecektir. M\u00fcmk\u00fcn oldu\u011funca basit tutmaya \u00e7al\u0131\u015ft\u0131k.<br \/>\n<a href=\"https:\/\/redfoxlotto.com\/play\/eurojackpot\/?ref=a8564250a2&amp;medium=ol365\" target=\"_blank\" rel=\"noopener noreferrer\"><img decoding=\"async\" class=\"aligncenter\" src=\"https:\/\/redfoxlotto.com\/image?size=8&amp;lottery=eurojackpot\" alt=\"eurojackpot\" \/><\/a><\/p>\n<ul>\n<li>Eurojackpot sayfas\u0131na geldi\u011finizde, say\u0131lar\u0131n\u0131z\u0131 se\u00e7in veya bilgisayar\u0131n sizin i\u00e7in say\u0131lar\u0131 se\u00e7mesine izin verin<\/li>\n<li>\u0130sterseniz sipari\u015finize daha fazla piyango ve daha fazla bilet ekleyebilirsiniz<\/li>\n<li>\u015eimdi \u00f6de&#8217;ye t\u0131klay\u0131n<\/li>\n<li>Hesab\u0131n\u0131z\u0131 web sitemize kaydedin (bunu zaten yapt\u0131ysan\u0131z, bu ad\u0131m\u0131 atlayabilir ve sadece mevcut hesab\u0131n\u0131za giri\u015f yapabilirsiniz<\/li>\n<li>Yeni bir hesap a\u00e7\u0131yorsan\u0131z, do\u011frulama ba\u011flant\u0131s\u0131n\u0131 i\u00e7eren mesaj i\u00e7in l\u00fctfen e-posta gelen kutunuzu kontrol edin<\/li>\n<li>E-postay\u0131 bulamaman\u0131z durumunda, l\u00fctfen spam kutunuza bir g\u00f6z at\u0131n, oraya d\u00fc\u015fm\u00fc\u015f olabilir<\/li>\n<li>Al\u0131\u015fveri\u015f sepeti sembol\u00fcne t\u0131klay\u0131n<\/li>\n<li>Bir \u00f6deme y\u00f6ntemi se\u00e7in, \u00f6deme yapmak i\u00e7in t\u0131klay\u0131n ve \u00f6deme talimatlar\u0131n\u0131 izleyin.<\/li>\n<\/ul>\n<h2>Eurojackpot biletiniz i\u00e7in online \u00f6deme nas\u0131l yap\u0131l\u0131r<\/h2>\n<p>M\u00fc\u015fterilerimiz i\u00e7in \u00e7ok say\u0131da g\u00fcvenli \u00f6deme y\u00f6ntemi mevcuttur. Sizin i\u00e7in uygun olan y\u00f6ntemi se\u00e7in.<\/p>\n<p>Biletlerinizi online olarak sat\u0131n alabilir ve iki \u015fekilde \u00f6deyebilirsiniz:<\/p>\n<ul>\n<li>Sipari\u015finiz i\u00e7in do\u011frudan \u00f6deme yap\u0131n<\/li>\n<li>Oyuncu hesab\u0131n\u0131za para yat\u0131r\u0131n, ard\u0131ndan bakiyenizi piyango bileti sat\u0131n almak i\u00e7in kullan\u0131n<\/li>\n<\/ul>\n<p>\u0130kinci y\u00f6ntemi kullan\u0131rsan\u0131z, bakiye miktar\u0131n\u0131z\u0131n bilet sipari\u015fi miktar\u0131ndan daha y\u00fcksek oldu\u011fundan emin olun.<\/p>\n<h2>Eurojackpot hakk\u0131nda daha fazla bilgi<\/h2>\n<ul>\n<li>\u00dclke: muhtelif Avrupa \u00fclkeleri<\/li>\n<li>Ana numaralar aral\u0131\u011f\u0131: 50<\/li>\n<li>Sen se\u00e7: 5<\/li>\n<li>Ekstra say\u0131 aral\u0131\u011f\u0131: 10<\/li>\n<li>Sen se\u00e7: 2<\/li>\n<li>\u00c7ekili\u015f g\u00fcnleri, saatleri: Cuma, 21:00 CET, 21:00 CET<\/li>\n<li>Minimum ikramiye: 10 milyon \u20ac<\/li>\n<li>Maksimum ikramiye: 90 milyon \u20ac<\/li>\n<li>B\u00fcy\u00fck ikramiyeyi kazanma olas\u0131l\u0131\u011f\u0131: 135.600.640&#8217;da 1<\/li>\n<li>\u0130kinci kademe kazanma olas\u0131l\u0131\u011f\u0131: 2.118.760&#8217;da 1<\/li>\n<li>Herhangi bir kademede kazanma olas\u0131l\u0131\u011f\u0131: 26,39&#8217;da 1<\/li>\n<li>\u00d6d\u00fcl kademesi say\u0131s\u0131: 12<\/li>\n<\/ul>\n<h2>Eurojackpot biletlerini online sat\u0131n alman\u0131n avantajlar\u0131<\/h2>\n<ul>\n<li>biletlerinizi evinizin rahatl\u0131\u011f\u0131nda sat\u0131n al\u0131n<\/li>\n<li>daha geni\u015f bir piyango se\u00e7ene\u011fi<\/li>\n<li>en y\u00fcksek ikramiyeli piyangoya giderek kazanma \u015fans\u0131n\u0131z\u0131 art\u0131r\u0131n<\/li>\n<li>\u00f6nce para yat\u0131r\u0131p sonra bakiyenizle \u00f6deme yapma se\u00e7ene\u011fi<\/li>\n<li>bir daha asla bilet kaybetmeyin<\/li>\n<li>kazandi\u011finizda bi\u0307ldi\u0307ri\u0307m alin<\/li>\n<li>rastgele say\u0131 \u00fcreteci ile h\u0131zl\u0131 se\u00e7im se\u00e7ene\u011fi<\/li>\n<\/ul>\n<h2>Eurojackpot biletlerini \u00e7evrimi\u00e7i sat\u0131n almak yasal m\u0131?<\/h2>\n<p>\u0130kamet etti\u011finiz \u00fclkede \u00e7evrimi\u00e7i veya geleneksel yolla loto bileti sat\u0131n alman\u0131n yasal olup olmad\u0131\u011f\u0131 konusunda endi\u015felenmenize gerek yok. Ayn\u0131 zamanda, piyangonun d\u00fczenlendi\u011fi \u00fclkedeki d\u00fczenlemeler s\u00f6z konusu oldu\u011funda hizmetimizi kullanman\u0131n yasal olup olmad\u0131\u011f\u0131 sorusu hakk\u0131nda endi\u015felenmenize gerek yoktur. Hizmetimizi y\u00fcr\u00fctme \u015feklimiz, bir ikramiye kazansan\u0131z bile \u00f6deme alman\u0131z\u0131 garanti edecek \u015fekilde tasarlanm\u0131\u015ft\u0131r.<\/p>\n<p>Hizmetimizi kullanmak i\u00e7in en az 18 ya\u015f\u0131nda olman\u0131z gerekmektedir.<\/p>\n<h2>\u00c7evrimi\u00e7i Eurojackpot kazan\u0131rsam nas\u0131l \u00f6deme al\u0131r\u0131m?<\/h2>\n<p><img loading=\"lazy\" decoding=\"async\" class=\"alignright wp-image-1246\" src=\"https:\/\/onlinelotto365.com\/wp-content\/uploads\/2020\/11\/online_lottery-106.jpg\" alt=\"eurojackpot online sat\u0131n al\" width=\"302\" height=\"181\" \/><br \/>\nKazan\u00e7lar\u0131n \u00f6denmesi, m\u00fc\u015fterilerimize sundu\u011fumuz hizmetin \u00f6nemli bir par\u00e7as\u0131d\u0131r. Piyango kazan\u00e7lar\u0131n\u0131zdan herhangi bir komisyon kesintisi yapmad\u0131\u011f\u0131m\u0131z\u0131 bilmeniz \u00f6nemlidir. Sadece tek bir durumda \u00e7ok k\u00fc\u00e7\u00fck bir \u00fccret s\u00f6z konusu olabilir, o da \u00f6demenizi banka havalesi yoluyla almaya karar vermenizdir. Bu, bankan\u0131n bizden ald\u0131\u011f\u0131 \u00fccretle ilgilidir ve e\u011fer uluslararas\u0131 bir havale ise burada havale ba\u015f\u0131na yakla\u015f\u0131k 5 $&#8217;dan bahsediyoruz.<\/p>\n<p>\u00d6deme i\u00e7in iki farkl\u0131 durum vard\u0131r:<\/p>\n<ul>\n<li>2500\u20ac veya daha az bir miktar kazan\u0131rs\u0131n\u0131z. Bu durumda, kazan\u0131lan tutar bizdeki oyuncu hesab\u0131n\u0131za yat\u0131r\u0131lacakt\u0131r.<\/li>\n<li>2500\u20ac&#8217;dan daha y\u00fcksek bir miktar kazan\u0131rsan\u0131z. Bu durumda, doldurman\u0131z gereken bir formu size e-posta ile g\u00f6nderece\u011fiz. \u00d6demeyi nas\u0131l almak istedi\u011finize siz karar verirsiniz. Bu durumda, banka havalesi ve \u00e7ek tek se\u00e7enektir. Talebinizi i\u015fleme alaca\u011f\u0131z ve birka\u00e7 g\u00fcn sonra paran\u0131z banka hesab\u0131n\u0131zda olacak veya bir \u00e7ek alacaks\u0131n\u0131z.<\/li>\n<\/ul>\n","protected":false},"excerpt":{"rendered":"<p>Eurojackpot biletlerinizi \u00e7evrimi\u00e7i olarak nas\u0131l sat\u0131n alaca\u011f\u0131n\u0131z\u0131 merak ediyorsan\u0131z, s\u00fcreci kolay ad\u0131mlarla a\u00e7\u0131klad\u0131k. Ama asl\u0131nda, web sitemiz t\u00fcm s\u00fcre\u00e7 boyunca size rehberlik edecektir. M\u00fcmk\u00fcn oldu\u011funca basit tutmaya \u00e7al\u0131\u015ft\u0131k. Eurojackpot sayfas\u0131na geldi\u011finizde, say\u0131lar\u0131n\u0131z\u0131 se\u00e7in veya bilgisayar\u0131n sizin i\u00e7in say\u0131lar\u0131 se\u00e7mesine izin verin \u0130sterseniz sipari\u015finize daha fazla piyango ve daha fazla bilet ekleyebilirsiniz \u015eimdi \u00f6de&#8217;ye t\u0131klay\u0131n Hesab\u0131n\u0131z\u0131 [&hellip;]<\/p>\n","protected":false},"author":1,"featured_media":0,"parent":5682,"menu_order":4,"comment_status":"closed","ping_status":"closed","template":"eurojackpot-info.php","meta":{"_et_pb_use_builder":"","_et_pb_old_content":"","_et_gb_content_width":"","exclude_from_search":false,"footnotes":""},"class_list":["post-80202","page","type-page","status-publish","hentry"],"yoast_head":"<!-- This site is optimized with the Yoast SEO plugin v23.4 - https:\/\/yoast.com\/wordpress\/plugins\/seo\/ -->\n<title>Eurojackpot i\u00e7in T\u00fcrkiye&#039;den online bilet sat\u0131n al\u0131n| Eurojackpot bilgileri, nas\u0131l bilet sat\u0131n al\u0131n\u0131r<\/title>\n<meta name=\"description\" content=\"T\u00fcrkiye&#039;de ya\u015f\u0131yorsunuz ama Eurojackpot i\u00e7in bilet mi almak istiyorsunuz? Buradan online sat\u0131n al\u0131n!\" \/>\n<meta name=\"robots\" content=\"index, follow, max-snippet:-1, max-image-preview:large, max-video-preview:-1\" \/>\n<link rel=\"canonical\" href=\"https:\/\/onlinelotto365.com\/tr\/bilet-satin-al\/eurojackpot\/\" \/>\n<meta property=\"og:locale\" content=\"tr_TR\" \/>\n<meta property=\"og:type\" content=\"article\" \/>\n<meta property=\"og:title\" content=\"Eurojackpot i\u00e7in T\u00fcrkiye&#039;den online bilet sat\u0131n al\u0131n| Eurojackpot bilgileri, nas\u0131l bilet sat\u0131n al\u0131n\u0131r\" \/>\n<meta property=\"og:description\" content=\"T\u00fcrkiye&#039;de ya\u015f\u0131yorsunuz ama Eurojackpot i\u00e7in bilet mi almak istiyorsunuz? Buradan online sat\u0131n al\u0131n!\" \/>\n<meta property=\"og:url\" content=\"https:\/\/onlinelotto365.com\/tr\/bilet-satin-al\/eurojackpot\/\" \/>\n<meta property=\"og:site_name\" content=\"OnlineLotto365\" \/>\n<meta property=\"og:image\" content=\"https:\/\/redfoxlotto.com\/image?size=8&amp;lottery=eurojackpot\" \/>\n<meta name=\"twitter:card\" content=\"summary_large_image\" \/>\n<meta name=\"twitter:label1\" content=\"Tahmini okuma s\u00fcresi\" \/>\n\t<meta name=\"twitter:data1\" content=\"3 dakika\" \/>\n<script type=\"application\/ld+json\" class=\"yoast-schema-graph\">{\"@context\":\"https:\/\/schema.org\",\"@graph\":[{\"@type\":\"WebPage\",\"@id\":\"https:\/\/onlinelotto365.com\/tr\/bilet-satin-al\/eurojackpot\/\",\"url\":\"https:\/\/onlinelotto365.com\/tr\/bilet-satin-al\/eurojackpot\/\",\"name\":\"Eurojackpot i\u00e7in T\u00fcrkiye'den online bilet sat\u0131n al\u0131n| Eurojackpot bilgileri, nas\u0131l bilet sat\u0131n al\u0131n\u0131r\",\"isPartOf\":{\"@id\":\"https:\/\/onlinelotto365.com\/tr\/#website\"},\"primaryImageOfPage\":{\"@id\":\"https:\/\/onlinelotto365.com\/tr\/bilet-satin-al\/eurojackpot\/#primaryimage\"},\"image\":{\"@id\":\"https:\/\/onlinelotto365.com\/tr\/bilet-satin-al\/eurojackpot\/#primaryimage\"},\"thumbnailUrl\":\"https:\/\/redfoxlotto.com\/image?size=8&amp;lottery=eurojackpot\",\"datePublished\":\"2022-11-15T09:16:22+00:00\",\"dateModified\":\"2022-11-15T09:16:22+00:00\",\"description\":\"T\u00fcrkiye'de ya\u015f\u0131yorsunuz ama Eurojackpot i\u00e7in bilet mi almak istiyorsunuz? Buradan online sat\u0131n al\u0131n!\",\"breadcrumb\":{\"@id\":\"https:\/\/onlinelotto365.com\/tr\/bilet-satin-al\/eurojackpot\/#breadcrumb\"},\"inLanguage\":\"tr\",\"potentialAction\":[{\"@type\":\"ReadAction\",\"target\":[\"https:\/\/onlinelotto365.com\/tr\/bilet-satin-al\/eurojackpot\/\"]}]},{\"@type\":\"ImageObject\",\"inLanguage\":\"tr\",\"@id\":\"https:\/\/onlinelotto365.com\/tr\/bilet-satin-al\/eurojackpot\/#primaryimage\",\"url\":\"https:\/\/redfoxlotto.com\/image?size=8&amp;lottery=eurojackpot\",\"contentUrl\":\"https:\/\/redfoxlotto.com\/image?size=8&amp;lottery=eurojackpot\"},{\"@type\":\"BreadcrumbList\",\"@id\":\"https:\/\/onlinelotto365.com\/tr\/bilet-satin-al\/eurojackpot\/#breadcrumb\",\"itemListElement\":[{\"@type\":\"ListItem\",\"position\":1,\"name\":\"Home\",\"item\":\"https:\/\/onlinelotto365.com\/tr\/\"},{\"@type\":\"ListItem\",\"position\":2,\"name\":\"Uluslararasi Loto Etkinlikleri i\u00e7in Online Bilet Servisi\",\"item\":\"https:\/\/onlinelotto365.com\/tr\/bilet-satin-al\/\"},{\"@type\":\"ListItem\",\"position\":3,\"name\":\"Eurojackpot biletleri online nas\u0131l sat\u0131n al\u0131n\u0131r\"}]},{\"@type\":\"WebSite\",\"@id\":\"https:\/\/onlinelotto365.com\/tr\/#website\",\"url\":\"https:\/\/onlinelotto365.com\/tr\/\",\"name\":\"OnlineLotto365\",\"description\":\"\",\"potentialAction\":[{\"@type\":\"SearchAction\",\"target\":{\"@type\":\"EntryPoint\",\"urlTemplate\":\"https:\/\/onlinelotto365.com\/tr\/?s={search_term_string}\"},\"query-input\":{\"@type\":\"PropertyValueSpecification\",\"valueRequired\":true,\"valueName\":\"search_term_string\"}}],\"inLanguage\":\"tr\"}]}<\/script>\n<!-- \/ Yoast SEO plugin. -->","yoast_head_json":{"title":"Eurojackpot i\u00e7in T\u00fcrkiye'den online bilet sat\u0131n al\u0131n| Eurojackpot bilgileri, nas\u0131l bilet sat\u0131n al\u0131n\u0131r","description":"T\u00fcrkiye'de ya\u015f\u0131yorsunuz ama Eurojackpot i\u00e7in bilet mi almak istiyorsunuz? Buradan online sat\u0131n al\u0131n!","robots":{"index":"index","follow":"follow","max-snippet":"max-snippet:-1","max-image-preview":"max-image-preview:large","max-video-preview":"max-video-preview:-1"},"canonical":"https:\/\/onlinelotto365.com\/tr\/bilet-satin-al\/eurojackpot\/","og_locale":"tr_TR","og_type":"article","og_title":"Eurojackpot i\u00e7in T\u00fcrkiye'den online bilet sat\u0131n al\u0131n| Eurojackpot bilgileri, nas\u0131l bilet sat\u0131n al\u0131n\u0131r","og_description":"T\u00fcrkiye'de ya\u015f\u0131yorsunuz ama Eurojackpot i\u00e7in bilet mi almak istiyorsunuz? Buradan online sat\u0131n al\u0131n!","og_url":"https:\/\/onlinelotto365.com\/tr\/bilet-satin-al\/eurojackpot\/","og_site_name":"OnlineLotto365","og_image":[{"url":"https:\/\/redfoxlotto.com\/image?size=8&amp;lottery=eurojackpot"}],"twitter_card":"summary_large_image","twitter_misc":{"Tahmini okuma s\u00fcresi":"3 dakika"},"schema":{"@context":"https:\/\/schema.org","@graph":[{"@type":"WebPage","@id":"https:\/\/onlinelotto365.com\/tr\/bilet-satin-al\/eurojackpot\/","url":"https:\/\/onlinelotto365.com\/tr\/bilet-satin-al\/eurojackpot\/","name":"Eurojackpot i\u00e7in T\u00fcrkiye'den online bilet sat\u0131n al\u0131n| Eurojackpot bilgileri, nas\u0131l bilet sat\u0131n al\u0131n\u0131r","isPartOf":{"@id":"https:\/\/onlinelotto365.com\/tr\/#website"},"primaryImageOfPage":{"@id":"https:\/\/onlinelotto365.com\/tr\/bilet-satin-al\/eurojackpot\/#primaryimage"},"image":{"@id":"https:\/\/onlinelotto365.com\/tr\/bilet-satin-al\/eurojackpot\/#primaryimage"},"thumbnailUrl":"https:\/\/redfoxlotto.com\/image?size=8&amp;lottery=eurojackpot","datePublished":"2022-11-15T09:16:22+00:00","dateModified":"2022-11-15T09:16:22+00:00","description":"T\u00fcrkiye'de ya\u015f\u0131yorsunuz ama Eurojackpot i\u00e7in bilet mi almak istiyorsunuz? Buradan online sat\u0131n al\u0131n!","breadcrumb":{"@id":"https:\/\/onlinelotto365.com\/tr\/bilet-satin-al\/eurojackpot\/#breadcrumb"},"inLanguage":"tr","potentialAction":[{"@type":"ReadAction","target":["https:\/\/onlinelotto365.com\/tr\/bilet-satin-al\/eurojackpot\/"]}]},{"@type":"ImageObject","inLanguage":"tr","@id":"https:\/\/onlinelotto365.com\/tr\/bilet-satin-al\/eurojackpot\/#primaryimage","url":"https:\/\/redfoxlotto.com\/image?size=8&amp;lottery=eurojackpot","contentUrl":"https:\/\/redfoxlotto.com\/image?size=8&amp;lottery=eurojackpot"},{"@type":"BreadcrumbList","@id":"https:\/\/onlinelotto365.com\/tr\/bilet-satin-al\/eurojackpot\/#breadcrumb","itemListElement":[{"@type":"ListItem","position":1,"name":"Home","item":"https:\/\/onlinelotto365.com\/tr\/"},{"@type":"ListItem","position":2,"name":"Uluslararasi Loto Etkinlikleri i\u00e7in Online Bilet Servisi","item":"https:\/\/onlinelotto365.com\/tr\/bilet-satin-al\/"},{"@type":"ListItem","position":3,"name":"Eurojackpot biletleri online nas\u0131l sat\u0131n al\u0131n\u0131r"}]},{"@type":"WebSite","@id":"https:\/\/onlinelotto365.com\/tr\/#website","url":"https:\/\/onlinelotto365.com\/tr\/","name":"OnlineLotto365","description":"","potentialAction":[{"@type":"SearchAction","target":{"@type":"EntryPoint","urlTemplate":"https:\/\/onlinelotto365.com\/tr\/?s={search_term_string}"},"query-input":{"@type":"PropertyValueSpecification","valueRequired":true,"valueName":"search_term_string"}}],"inLanguage":"tr"}]}},"_links":{"self":[{"href":"https:\/\/onlinelotto365.com\/tr\/wp-json\/wp\/v2\/pages\/80202","targetHints":{"allow":["GET"]}}],"collection":[{"href":"https:\/\/onlinelotto365.com\/tr\/wp-json\/wp\/v2\/pages"}],"about":[{"href":"https:\/\/onlinelotto365.com\/tr\/wp-json\/wp\/v2\/types\/page"}],"author":[{"embeddable":true,"href":"https:\/\/onlinelotto365.com\/tr\/wp-json\/wp\/v2\/users\/1"}],"replies":[{"embeddable":true,"href":"https:\/\/onlinelotto365.com\/tr\/wp-json\/wp\/v2\/comments?post=80202"}],"version-history":[{"count":0,"href":"https:\/\/onlinelotto365.com\/tr\/wp-json\/wp\/v2\/pages\/80202\/revisions"}],"up":[{"embeddable":true,"href":"https:\/\/onlinelotto365.com\/tr\/wp-json\/wp\/v2\/pages\/5682"}],"wp:attachment":[{"href":"https:\/\/onlinelotto365.com\/tr\/wp-json\/wp\/v2\/media?parent=80202"}],"curies":[{"name":"wp","href":"https:\/\/api.w.org\/{rel}","templated":true}]}}