{"id":80235,"date":"2022-11-15T13:04:44","date_gmt":"2022-11-15T12:04:44","guid":{"rendered":"https:\/\/onlinelotto365.com\/?page_id=80235"},"modified":"2022-11-15T13:04:44","modified_gmt":"2022-11-15T12:04:44","slug":"superenalotto","status":"publish","type":"page","link":"https:\/\/onlinelotto365.com\/tr\/bilet-satin-al\/superenalotto\/","title":{"rendered":"Superenalotto biletleri online sat\u0131n alma"},"content":{"rendered":"<p>T\u00fcrkiye&#8217;den online Superenalotto bileti sat\u0131n almak m\u0131 istiyorsunuz?<br \/>\nama nas\u0131l yapaca\u011f\u0131n\u0131zdan emin de\u011fil misiniz? O zaman do\u011fru yerdesiniz \u00e7\u00fcnk\u00fc bu i\u015fi sizin i\u00e7in biz halledece\u011fiz. Tek yapman\u0131z gereken a\u015fa\u011f\u0131da anlataca\u011f\u0131m\u0131z basit ad\u0131mlar\u0131 takip etmek ve biletlerinize h\u0131zl\u0131ca sahip olmak.<br \/>\n<a href=\"https:\/\/redfoxlotto.com\/play\/superenalotto\/?ref=a8564250a2&amp;medium=ol365\" target=\"_blank\" rel=\"noopener noreferrer\"><img decoding=\"async\" class=\"aligncenter\" src=\"https:\/\/redfoxlotto.com\/image?size=8&amp;lottery=superenalotto\" alt=\"superenalotto\" \/><\/a><\/p>\n<ul>\n<li>Bilet sat\u0131n almak istedi\u011finiz piyango oyununu se\u00e7in ve oynamak istedi\u011finiz say\u0131lar\u0131 se\u00e7in veya bilgisayar\u0131n sizin i\u00e7in se\u00e7mesine izin vermek i\u00e7in h\u0131zl\u0131 se\u00e7im se\u00e7ene\u011fini se\u00e7in<\/li>\n<li>Sipari\u015finizi olu\u015fturmak i\u00e7in ek biletler veya ek piyangolar ekleyin<\/li>\n<li>\u015eimdi \u00f6deme se\u00e7ene\u011fini se\u00e7in<\/li>\n<li>Biletlerinizi sat\u0131n almak i\u00e7in bizde bir hesap olu\u015fturun veya hesab\u0131n\u0131za giri\u015f yap\u0131n<\/li>\n<li>Bir hesap a\u00e7mas\u0131 gerekenlerin, hesaplar\u0131n\u0131n tamamen kuruldu\u011fundan emin olmak i\u00e7in e-postalar\u0131nda bir do\u011frulama ba\u011flant\u0131s\u0131 aramalar\u0131 gerekecektir<\/li>\n<li>E-posta adresimiz adres defterinize eklenmemi\u015fse ba\u011flant\u0131n\u0131n spam klas\u00f6r\u00fcn\u00fcze gidebilece\u011fini unutmay\u0131n, bu nedenle iki kez kontrol etti\u011finizden emin olun<\/li>\n<li>Ekran\u0131n\u0131z\u0131n \u00fcst k\u0131sm\u0131ndaki \u00f6deme simgesini se\u00e7in<\/li>\n<li>\u00d6deme y\u00f6nteminizi se\u00e7in ve \u00f6deme i\u015flemini tamamlamak i\u00e7in talimatlar\u0131 izleyin<\/li>\n<\/ul>\n<h2>Superenalotto biletiniz i\u00e7in online \u00f6deme nas\u0131l yap\u0131l\u0131r<\/h2>\n<p>Superenalotto biletinizin \u00f6demesini T\u00fcrkiye&#8217;den yap\u0131yoruz<br \/>\n\u00c7ok \u00e7e\u015fitli farkl\u0131 \u00f6deme y\u00f6ntemleri sunarak m\u00fcmk\u00fcn oldu\u011funca basit. Siz sadece tercih etti\u011finizi se\u00e7in ve hi\u00e7 vakit kaybetmeden yolunuza devam edin.<\/p>\n<p>Biletlerinizi online olarak sat\u0131n almaya haz\u0131r oldu\u011funuzda yapman\u0131z gereken tek \u015fey a\u015fa\u011f\u0131dakiler aras\u0131ndan se\u00e7im yapmakt\u0131r:<\/p>\n<ul>\n<li>Biletlerin \u00f6demesini do\u011frudan yapmak i\u00e7in tercih etti\u011finiz bir \u00f6deme y\u00f6ntemini kullan\u0131n<\/li>\n<li>Hesab\u0131n\u0131za para yat\u0131r\u0131n ve bu paray\u0131 biletlerinizi sat\u0131n almak i\u00e7in kullan\u0131n<\/li>\n<\/ul>\n<p>Bu \u015fekilde \u00f6deme yapmay\u0131 se\u00e7erseniz, hesab\u0131n\u0131za biletleriniz i\u00e7in ihtiyac\u0131n\u0131z olan miktardan daha fazla para yat\u0131rd\u0131\u011f\u0131n\u0131zdan emin olun.<\/p>\n<h2>Superenalotto hakk\u0131nda daha fazla bilgi<\/h2>\n<ul>\n<li>\u00dclke \u0130talya<\/li>\n<li>Ana say\u0131 aral\u0131\u011f\u0131: 90<\/li>\n<li>Sen se\u00e7: 6<\/li>\n<li>\u00c7ekili\u015f g\u00fcnleri, saatleri: Sal\u0131, Per\u015fembe, Cumartesi, 19:00 GMT, 21:00 CET<\/li>\n<li>Minimum ikramiye: 2 milyon \u20ac<\/li>\n<li>Maksimum ikramiye: yok<\/li>\n<li>B\u00fcy\u00fck ikramiyeyi kazanma olas\u0131l\u0131\u011f\u0131: 622614630&#8217;da 1<\/li>\n<li>\u0130kinci kademe kazanma olas\u0131l\u0131\u011f\u0131: 103769105&#8217;te 1<\/li>\n<li>Herhangi bir kademede kazanma olas\u0131l\u0131\u011f\u0131: 20,58&#8217;de 1<\/li>\n<li>\u00d6d\u00fcl kademesi say\u0131s\u0131: 6<\/li>\n<\/ul>\n<h2>Superenalotto biletlerini online sat\u0131n alman\u0131n avantajlar\u0131<\/h2>\n<ul>\n<li>Bilet sat\u0131n alma i\u015flemi T\u00fcrkiye de dahil olmak \u00fczere en rahat etti\u011finiz yerden yap\u0131labilir<\/li>\n<li>Birka\u00e7 farkl\u0131 piyango aras\u0131ndan se\u00e7im yap\u0131n<\/li>\n<li>En iyi ikramiyelere sahip piyangolar\u0131 kazanmak i\u00e7in en iyi \u015fans\u0131 yakalay\u0131n<\/li>\n<li>Biletler i\u00e7in do\u011frudan \u00f6deme yapmak \u00fczere hesab\u0131n\u0131za para ekleyin<\/li>\n<li>Biletinizi kaybetme endi\u015fesi yok<\/li>\n<li>Kazand\u0131\u011f\u0131n\u0131zda an\u0131nda bildirimler<\/li>\n<li>H\u0131zl\u0131 bilet se\u00e7me se\u00e7enekleri i\u00e7in rastgele say\u0131 \u00fcreteci<\/li>\n<\/ul>\n<h2>Superenalotto biletlerini internetten sat\u0131n almak yasal m\u0131?<\/h2>\n<p>Loto biletlerinizi \u00e7evrimi\u00e7i sat\u0131n alman\u0131n yasall\u0131\u011f\u0131 konusunda endi\u015feleriniz varsa ne olacak? Ya da geleneksel bir \u015fekilde? \u0130kamet etti\u011finiz \u00fclkede baz\u0131 kat\u0131 yasalar varsa endi\u015felenebilirsiniz, ancak endi\u015felenmenize gerek yok. Bunun nedeni, hizmetimizin d\u00fczenlemeleri takip etmesi ve ne kadar kazan\u0131rsan\u0131z kazan\u0131n veya nerede ya\u015farsan\u0131z ya\u015fay\u0131n kazanc\u0131n\u0131z\u0131 alaca\u011f\u0131n\u0131zdan emin olmas\u0131d\u0131r. Hizmeti kullanmak i\u00e7in 18 ya\u015f\u0131nda olman\u0131z yeterlidir.<\/p>\n<h2>\u00c7evrimi\u00e7i Superenalotto kazan\u0131rsam nas\u0131l \u00f6deme al\u0131r\u0131m?<\/h2>\n<p><img loading=\"lazy\" decoding=\"async\" class=\"alignright size-medium wp-image-3615\" src=\"https:\/\/onlinelotto365.com\/wp-content\/uploads\/2020\/11\/online_lottery-52-300x169.jpg\" alt=\"superenalotto online oyna \u0130ngiltere\" width=\"300\" height=\"169\" srcset=\"https:\/\/onlinelotto365.com\/wp-content\/uploads\/2020\/11\/online_lottery-52-300x169.jpg 300w, https:\/\/onlinelotto365.com\/wp-content\/uploads\/2020\/11\/online_lottery-52.jpg 462w\" sizes=\"auto, (max-width: 300px) 100vw, 300px\" \/><br \/>\nKazan\u0131rsan\u0131z \u00f6deme s\u00fcreci kolayd\u0131r \u00e7\u00fcnk\u00fc \u00e7ok az \u015fey yapman\u0131z gerekir. Ve kazanc\u0131n\u0131z\u0131n herhangi birini kaybetme konusunda da endi\u015felenmenize gerek yok. Kazand\u0131\u011f\u0131n\u0131zda komisyon alm\u0131yoruz ve banka havalesi yapt\u0131rmay\u0131 se\u00e7medi\u011finiz s\u00fcrece sizden herhangi bir \u00fccret talep etmiyoruz. Bu durumda, banka transfer i\u00e7in bizden \u00fccret talep ederse, bu \u00fccretleri size aktar\u0131r\u0131z ve kazanc\u0131n\u0131zdan k\u00fc\u00e7\u00fck bir miktar kesildi\u011fini g\u00f6rebilirsiniz.<\/p>\n<h2>Aksi takdirde, bilmeniz gereken iki \u015fey vard\u0131r:<\/h2>\n<p>Kazan\u0131lan 2500 \u20ac&#8217;nun alt\u0131ndaki tutarlar do\u011frudan oyuncu hesab\u0131n\u0131za yat\u0131r\u0131l\u0131r, b\u00f6ylece bunlar\u0131 istedi\u011finiz gibi kullanabilirsiniz.<br \/>\n2500\u20ac&#8217;nun \u00fczerindeki miktarlar i\u00e7in ek bir ad\u0131m gerekecektir. Destek ekibimiz, piyango komisyonu i\u00e7in doldurman\u0131z gereken bir form ile sizinle ileti\u015fime ge\u00e7ecektir. Form, \u00f6demelerinizin nas\u0131l yap\u0131lmas\u0131n\u0131 istedi\u011finizi detayland\u0131racak ve kazand\u0131\u011f\u0131n\u0131z miktar i\u00e7in bir banka havalesi veya \u00e7ek alabileceksiniz.<\/p>\n","protected":false},"excerpt":{"rendered":"<p>T\u00fcrkiye&#8217;den online Superenalotto bileti sat\u0131n almak m\u0131 istiyorsunuz? ama nas\u0131l yapaca\u011f\u0131n\u0131zdan emin de\u011fil misiniz? O zaman do\u011fru yerdesiniz \u00e7\u00fcnk\u00fc bu i\u015fi sizin i\u00e7in biz halledece\u011fiz. Tek yapman\u0131z gereken a\u015fa\u011f\u0131da anlataca\u011f\u0131m\u0131z basit ad\u0131mlar\u0131 takip etmek ve biletlerinize h\u0131zl\u0131ca sahip olmak. Bilet sat\u0131n almak istedi\u011finiz piyango oyununu se\u00e7in ve oynamak istedi\u011finiz say\u0131lar\u0131 se\u00e7in veya bilgisayar\u0131n sizin i\u00e7in [&hellip;]<\/p>\n","protected":false},"author":1,"featured_media":0,"parent":5682,"menu_order":5,"comment_status":"closed","ping_status":"closed","template":"superenalotto-info.php","meta":{"_et_pb_use_builder":"","_et_pb_old_content":"","_et_gb_content_width":"","exclude_from_search":false,"footnotes":""},"class_list":["post-80235","page","type-page","status-publish","hentry"],"yoast_head":"<!-- This site is optimized with the Yoast SEO plugin v23.4 - https:\/\/yoast.com\/wordpress\/plugins\/seo\/ -->\n<title>Superenalotto i\u00e7in T\u00fcrkiye&#039;den online bilet sat\u0131n alma hakk\u0131nda<\/title>\n<meta name=\"description\" content=\"T\u00fcrkiye dahil her yerden Superenalotto biletlerini nas\u0131l sat\u0131n alabilece\u011finizi \u00f6\u011frenin\" \/>\n<meta name=\"robots\" content=\"index, follow, max-snippet:-1, max-image-preview:large, max-video-preview:-1\" \/>\n<link rel=\"canonical\" href=\"https:\/\/onlinelotto365.com\/tr\/bilet-satin-al\/superenalotto\/\" \/>\n<meta property=\"og:locale\" content=\"tr_TR\" \/>\n<meta property=\"og:type\" content=\"article\" \/>\n<meta property=\"og:title\" content=\"Superenalotto i\u00e7in T\u00fcrkiye&#039;den online bilet sat\u0131n alma hakk\u0131nda\" \/>\n<meta property=\"og:description\" content=\"T\u00fcrkiye dahil her yerden Superenalotto biletlerini nas\u0131l sat\u0131n alabilece\u011finizi \u00f6\u011frenin\" \/>\n<meta property=\"og:url\" content=\"https:\/\/onlinelotto365.com\/tr\/bilet-satin-al\/superenalotto\/\" \/>\n<meta property=\"og:site_name\" content=\"OnlineLotto365\" \/>\n<meta property=\"og:image\" content=\"https:\/\/redfoxlotto.com\/image?size=8&amp;lottery=superenalotto\" \/>\n<meta name=\"twitter:card\" content=\"summary_large_image\" \/>\n<meta name=\"twitter:label1\" content=\"Tahmini okuma s\u00fcresi\" \/>\n\t<meta name=\"twitter:data1\" content=\"3 dakika\" \/>\n<script type=\"application\/ld+json\" class=\"yoast-schema-graph\">{\"@context\":\"https:\/\/schema.org\",\"@graph\":[{\"@type\":\"WebPage\",\"@id\":\"https:\/\/onlinelotto365.com\/tr\/bilet-satin-al\/superenalotto\/\",\"url\":\"https:\/\/onlinelotto365.com\/tr\/bilet-satin-al\/superenalotto\/\",\"name\":\"Superenalotto i\u00e7in T\u00fcrkiye'den online bilet sat\u0131n alma hakk\u0131nda\",\"isPartOf\":{\"@id\":\"https:\/\/onlinelotto365.com\/tr\/#website\"},\"primaryImageOfPage\":{\"@id\":\"https:\/\/onlinelotto365.com\/tr\/bilet-satin-al\/superenalotto\/#primaryimage\"},\"image\":{\"@id\":\"https:\/\/onlinelotto365.com\/tr\/bilet-satin-al\/superenalotto\/#primaryimage\"},\"thumbnailUrl\":\"https:\/\/redfoxlotto.com\/image?size=8&amp;lottery=superenalotto\",\"datePublished\":\"2022-11-15T12:04:44+00:00\",\"dateModified\":\"2022-11-15T12:04:44+00:00\",\"description\":\"T\u00fcrkiye dahil her yerden Superenalotto biletlerini nas\u0131l sat\u0131n alabilece\u011finizi \u00f6\u011frenin\",\"breadcrumb\":{\"@id\":\"https:\/\/onlinelotto365.com\/tr\/bilet-satin-al\/superenalotto\/#breadcrumb\"},\"inLanguage\":\"tr\",\"potentialAction\":[{\"@type\":\"ReadAction\",\"target\":[\"https:\/\/onlinelotto365.com\/tr\/bilet-satin-al\/superenalotto\/\"]}]},{\"@type\":\"ImageObject\",\"inLanguage\":\"tr\",\"@id\":\"https:\/\/onlinelotto365.com\/tr\/bilet-satin-al\/superenalotto\/#primaryimage\",\"url\":\"https:\/\/redfoxlotto.com\/image?size=8&amp;lottery=superenalotto\",\"contentUrl\":\"https:\/\/redfoxlotto.com\/image?size=8&amp;lottery=superenalotto\"},{\"@type\":\"BreadcrumbList\",\"@id\":\"https:\/\/onlinelotto365.com\/tr\/bilet-satin-al\/superenalotto\/#breadcrumb\",\"itemListElement\":[{\"@type\":\"ListItem\",\"position\":1,\"name\":\"Home\",\"item\":\"https:\/\/onlinelotto365.com\/tr\/\"},{\"@type\":\"ListItem\",\"position\":2,\"name\":\"Uluslararasi Loto Etkinlikleri i\u00e7in Online Bilet Servisi\",\"item\":\"https:\/\/onlinelotto365.com\/tr\/bilet-satin-al\/\"},{\"@type\":\"ListItem\",\"position\":3,\"name\":\"Superenalotto biletleri online sat\u0131n alma\"}]},{\"@type\":\"WebSite\",\"@id\":\"https:\/\/onlinelotto365.com\/tr\/#website\",\"url\":\"https:\/\/onlinelotto365.com\/tr\/\",\"name\":\"OnlineLotto365\",\"description\":\"\",\"potentialAction\":[{\"@type\":\"SearchAction\",\"target\":{\"@type\":\"EntryPoint\",\"urlTemplate\":\"https:\/\/onlinelotto365.com\/tr\/?s={search_term_string}\"},\"query-input\":{\"@type\":\"PropertyValueSpecification\",\"valueRequired\":true,\"valueName\":\"search_term_string\"}}],\"inLanguage\":\"tr\"}]}<\/script>\n<!-- \/ Yoast SEO plugin. -->","yoast_head_json":{"title":"Superenalotto i\u00e7in T\u00fcrkiye'den online bilet sat\u0131n alma hakk\u0131nda","description":"T\u00fcrkiye dahil her yerden Superenalotto biletlerini nas\u0131l sat\u0131n alabilece\u011finizi \u00f6\u011frenin","robots":{"index":"index","follow":"follow","max-snippet":"max-snippet:-1","max-image-preview":"max-image-preview:large","max-video-preview":"max-video-preview:-1"},"canonical":"https:\/\/onlinelotto365.com\/tr\/bilet-satin-al\/superenalotto\/","og_locale":"tr_TR","og_type":"article","og_title":"Superenalotto i\u00e7in T\u00fcrkiye'den online bilet sat\u0131n alma hakk\u0131nda","og_description":"T\u00fcrkiye dahil her yerden Superenalotto biletlerini nas\u0131l sat\u0131n alabilece\u011finizi \u00f6\u011frenin","og_url":"https:\/\/onlinelotto365.com\/tr\/bilet-satin-al\/superenalotto\/","og_site_name":"OnlineLotto365","og_image":[{"url":"https:\/\/redfoxlotto.com\/image?size=8&amp;lottery=superenalotto"}],"twitter_card":"summary_large_image","twitter_misc":{"Tahmini okuma s\u00fcresi":"3 dakika"},"schema":{"@context":"https:\/\/schema.org","@graph":[{"@type":"WebPage","@id":"https:\/\/onlinelotto365.com\/tr\/bilet-satin-al\/superenalotto\/","url":"https:\/\/onlinelotto365.com\/tr\/bilet-satin-al\/superenalotto\/","name":"Superenalotto i\u00e7in T\u00fcrkiye'den online bilet sat\u0131n alma hakk\u0131nda","isPartOf":{"@id":"https:\/\/onlinelotto365.com\/tr\/#website"},"primaryImageOfPage":{"@id":"https:\/\/onlinelotto365.com\/tr\/bilet-satin-al\/superenalotto\/#primaryimage"},"image":{"@id":"https:\/\/onlinelotto365.com\/tr\/bilet-satin-al\/superenalotto\/#primaryimage"},"thumbnailUrl":"https:\/\/redfoxlotto.com\/image?size=8&amp;lottery=superenalotto","datePublished":"2022-11-15T12:04:44+00:00","dateModified":"2022-11-15T12:04:44+00:00","description":"T\u00fcrkiye dahil her yerden Superenalotto biletlerini nas\u0131l sat\u0131n alabilece\u011finizi \u00f6\u011frenin","breadcrumb":{"@id":"https:\/\/onlinelotto365.com\/tr\/bilet-satin-al\/superenalotto\/#breadcrumb"},"inLanguage":"tr","potentialAction":[{"@type":"ReadAction","target":["https:\/\/onlinelotto365.com\/tr\/bilet-satin-al\/superenalotto\/"]}]},{"@type":"ImageObject","inLanguage":"tr","@id":"https:\/\/onlinelotto365.com\/tr\/bilet-satin-al\/superenalotto\/#primaryimage","url":"https:\/\/redfoxlotto.com\/image?size=8&amp;lottery=superenalotto","contentUrl":"https:\/\/redfoxlotto.com\/image?size=8&amp;lottery=superenalotto"},{"@type":"BreadcrumbList","@id":"https:\/\/onlinelotto365.com\/tr\/bilet-satin-al\/superenalotto\/#breadcrumb","itemListElement":[{"@type":"ListItem","position":1,"name":"Home","item":"https:\/\/onlinelotto365.com\/tr\/"},{"@type":"ListItem","position":2,"name":"Uluslararasi Loto Etkinlikleri i\u00e7in Online Bilet Servisi","item":"https:\/\/onlinelotto365.com\/tr\/bilet-satin-al\/"},{"@type":"ListItem","position":3,"name":"Superenalotto biletleri online sat\u0131n alma"}]},{"@type":"WebSite","@id":"https:\/\/onlinelotto365.com\/tr\/#website","url":"https:\/\/onlinelotto365.com\/tr\/","name":"OnlineLotto365","description":"","potentialAction":[{"@type":"SearchAction","target":{"@type":"EntryPoint","urlTemplate":"https:\/\/onlinelotto365.com\/tr\/?s={search_term_string}"},"query-input":{"@type":"PropertyValueSpecification","valueRequired":true,"valueName":"search_term_string"}}],"inLanguage":"tr"}]}},"_links":{"self":[{"href":"https:\/\/onlinelotto365.com\/tr\/wp-json\/wp\/v2\/pages\/80235","targetHints":{"allow":["GET"]}}],"collection":[{"href":"https:\/\/onlinelotto365.com\/tr\/wp-json\/wp\/v2\/pages"}],"about":[{"href":"https:\/\/onlinelotto365.com\/tr\/wp-json\/wp\/v2\/types\/page"}],"author":[{"embeddable":true,"href":"https:\/\/onlinelotto365.com\/tr\/wp-json\/wp\/v2\/users\/1"}],"replies":[{"embeddable":true,"href":"https:\/\/onlinelotto365.com\/tr\/wp-json\/wp\/v2\/comments?post=80235"}],"version-history":[{"count":0,"href":"https:\/\/onlinelotto365.com\/tr\/wp-json\/wp\/v2\/pages\/80235\/revisions"}],"up":[{"embeddable":true,"href":"https:\/\/onlinelotto365.com\/tr\/wp-json\/wp\/v2\/pages\/5682"}],"wp:attachment":[{"href":"https:\/\/onlinelotto365.com\/tr\/wp-json\/wp\/v2\/media?parent=80235"}],"curies":[{"name":"wp","href":"https:\/\/api.w.org\/{rel}","templated":true}]}}