{"id":80265,"date":"2022-11-16T08:10:47","date_gmt":"2022-11-16T07:10:47","guid":{"rendered":"https:\/\/onlinelotto365.com\/?page_id=80265"},"modified":"2022-11-16T08:10:47","modified_gmt":"2022-11-16T07:10:47","slug":"el-gordo","status":"publish","type":"page","link":"https:\/\/onlinelotto365.com\/tr\/bilet-satin-al\/el-gordo\/","title":{"rendered":"El Gordo Online Bilet Nas\u0131l Al\u0131n\u0131r"},"content":{"rendered":"<p>T\u00fcrkiye&#8217;de ya\u015farken El Gordo biletlerini online sat\u0131n almay\u0131 merak ediyor musunuz? O zaman bu makaleyi ka\u00e7\u0131rmak istemeyeceksiniz \u00e7\u00fcnk\u00fc size s\u00fcre\u00e7 boyunca yol g\u00f6sterece\u011fiz, b\u00f6ylece istedi\u011finiz biletleri zahmetsizce ve normalde bu oyunu oynayan bir \u00fclkeye seyahat etmek zorunda kalmadan alabilirsiniz.<br \/>\n<a href=\"https:\/\/redfoxlotto.com\/play\/el-gordo-primitiva\/?ref=a8564250a2&amp;medium=ol365\" target=\"_blank\" rel=\"noopener noreferrer\"><img decoding=\"async\" class=\"aligncenter\" src=\"https:\/\/redfoxlotto.com\/image?size=8&amp;lottery=el-gordo-primitiva\" alt=\"el gordo\" \/><\/a><\/p>\n<ul>\n<li>Oynamak istedi\u011finiz piyangonun ana sayfas\u0131na g\u00f6z at\u0131n ve biletlerinizde istedi\u011finiz say\u0131lar\u0131 se\u00e7in<\/li>\n<li>Ayn\u0131 oyun i\u00e7in veya oynamak istedi\u011finiz di\u011fer oyunlar i\u00e7in daha fazla bilet ekleyin, b\u00f6ylece tam bir sipari\u015finiz olsun<\/li>\n<li>\u015eimdi \u00f6deme se\u00e7ene\u011fini se\u00e7in<\/li>\n<li>Bizden daha \u00f6nce hi\u00e7 sat\u0131n almad\u0131ysan\u0131z hesab\u0131n\u0131z i\u00e7in kay\u0131t s\u00fcrecinden ge\u00e7in veya zaten bir hesab\u0131n\u0131z varsa mevcut hesab\u0131n\u0131za giri\u015f yap\u0131n.<\/li>\n<li>Do\u011frulama ve kay\u0131t gerektiren hesaplar i\u00e7in bir do\u011frulama ba\u011flant\u0131s\u0131 i\u00e7in e-postan\u0131z\u0131 kontrol edin<\/li>\n<li>E-posta gelen kutunuzda g\u00f6r\u00fcnmezse, oraya d\u00fc\u015fmedi\u011finden emin olmak i\u00e7in spam klas\u00f6r\u00fcn\u00fcze bakt\u0131\u011f\u0131n\u0131zdan emin olun<\/li>\n<li>Sipari\u015finizin \u00f6demesini yapmak i\u00e7in al\u0131\u015fveri\u015f sepetine t\u0131klay\u0131n<\/li>\n<li>Kullanmak istedi\u011finiz \u00f6deme se\u00e7ene\u011fini se\u00e7in ve \u00f6deme talimatlar\u0131n\u0131 izleyin<\/li>\n<\/ul>\n<h2>El Gordo biletiniz i\u00e7in online \u00f6deme nas\u0131l yap\u0131l\u0131r<\/h2>\n<p>Biletleriniz i\u00e7in \u00f6deme yapmak kolay ve h\u0131zl\u0131d\u0131r \u00e7\u00fcnk\u00fc T\u00fcrkiye&#8217;den m\u00fc\u015fterilerimizin istedikleri biletleri istedikleri zaman se\u00e7ebilmelerini sa\u011flamak istiyoruz.<br \/>\nA\u015fa\u011f\u0131dakilerden birini yaparak biletleriniz i\u00e7in \u00f6deme yapmay\u0131 se\u00e7ebilirsiniz:<\/p>\n<ul>\n<li>Do\u011frudan sat\u0131n alma yapmak i\u00e7in bir \u00f6deme y\u00f6ntemi girin<\/li>\n<li>Do\u011frudan oradan \u00f6deme yapmak i\u00e7in hesab\u0131n\u0131za para ekleyin<\/li>\n<\/ul>\n<p>Do\u011frudan buradan sat\u0131n almay\u0131 planl\u0131yorsan\u0131z, oyuncu hesab\u0131n\u0131za gere\u011finden fazlas\u0131n\u0131 ekledi\u011finizden emin olun.<\/p>\n<h2>El Gordo hakk\u0131nda daha fazla bilgi<\/h2>\n<ul>\n<li>\u00dclke \u0130spanya<\/li>\n<li>Ana numaralar aral\u0131\u011f\u0131: 54<\/li>\n<li>Sen se\u00e7: 5<\/li>\n<li>Ekstra say\u0131 aral\u0131\u011f\u0131: yok<\/li>\n<li>Sen se\u00e7: hi\u00e7biri<\/li>\n<li>\u00c7ekili\u015f g\u00fcnleri, saatleri: Pazar, 21:30 CET, 21:30 CET<\/li>\n<li>Minimum ikramiye: 4 milyon \u20ac<\/li>\n<li>Maksimum ikramiye: yok<\/li>\n<li>B\u00fcy\u00fck ikramiyeyi kazanma olas\u0131l\u0131\u011f\u0131: 31625100&#8217;de 1<\/li>\n<li>\u0130kinci kademe kazanma olas\u0131l\u0131\u011f\u0131: 3513900&#8217;de 1<\/li>\n<li>Herhangi bir kademede kazanma olas\u0131l\u0131\u011f\u0131: 6,16&#8217;da 1<\/li>\n<li>\u00d6d\u00fcl kademesi say\u0131s\u0131: 9<\/li>\n<\/ul>\n<h2>El Gordo biletlerini online sat\u0131n alman\u0131n avantajlar\u0131<\/h2>\n<ul>\n<li>Evden \u00e7\u0131kmadan istedi\u011finiz biletleri al\u0131n<\/li>\n<li>Daha fazla piyango oyunu aras\u0131ndan se\u00e7im yap\u0131n<\/li>\n<li>En iyi ikramiyelere sahip piyango oyunlar\u0131n\u0131 se\u00e7erek daha da iyi kazanma \u015fans\u0131 elde edin<\/li>\n<li>Hesab\u0131n\u0131za para ekleyin ve piyango bakiyenizi kullanarak biletler i\u00e7in \u00f6deme yap\u0131n<\/li>\n<li>Biletlerinizi kolayca takip edin<\/li>\n<li>Kazanan biletler i\u00e7in an\u0131nda bildirim al\u0131n<\/li>\n<li>Kulland\u0131\u011f\u0131n\u0131z bilet numaralar\u0131n\u0131 bilgisayar\u0131n se\u00e7mesine izin verin<\/li>\n<\/ul>\n<h2>El Gordo biletlerini online sat\u0131n almak yasal m\u0131?<\/h2>\n<p>Biletlerinizin ve online veya geleneksel \u015fekilde sat\u0131n alman\u0131n T\u00fcrkiye&#8217;de sizin i\u00e7in yasal olup olmad\u0131\u011f\u0131 konusunda endi\u015felenmenize gerek yok. Sistemimiz her \u015feyi yasal olarak ve y\u00f6netmeliklere g\u00f6re yapar. Ne olursa olsun \u00f6demenizi ve kazanc\u0131n\u0131z\u0131 alaca\u011f\u0131n\u0131zdan bahsetmiyorum bile. M\u00fcmk\u00fcn olan en k\u0131sa s\u00fcrede hesab\u0131n\u0131za aktar\u0131lmas\u0131n\u0131 sa\u011fl\u0131yoruz.<br \/>\nWeb sitemizi kullanmak i\u00e7in tek yapman\u0131z gereken 18 ya\u015f\u0131nda olmak.<\/p>\n<h2>\u00c7evrimi\u00e7i El Gordo kazan\u0131rsam nas\u0131l \u00f6deme al\u0131r\u0131m?<\/h2>\n<p><img loading=\"lazy\" decoding=\"async\" class=\"alignright wp-image-3585\" src=\"https:\/\/onlinelotto365.com\/wp-content\/uploads\/2020\/11\/online_lottery-106.jpg\" alt=\"el gordo online oyna T\u00fcrkiye\" width=\"282\" height=\"169\" \/><br \/>\n\u00d6deme alman\u0131n sizin i\u00e7in son derece \u00f6nemli oldu\u011funu biliyoruz, bu y\u00fczden bu s\u00fcrece \u00e7ok fazla zaman ve \u00e7aba harc\u0131yoruz. Hi\u00e7bir \u00fccret veya komisyon almadan t\u00fcm kazanc\u0131n\u0131z\u0131 alman\u0131z\u0131 sa\u011fl\u0131yoruz. Bize herhangi bir \u00f6deme yapt\u0131\u011f\u0131n\u0131z tek zaman, \u00f6deme y\u00f6nteminiz i\u00e7in bir banka havalesi se\u00e7menizdir. Baz\u0131 b\u00f6lgelerde, T\u00fcrkiye&#8217;ye transfer i\u00e7in bankadan bir \u00fccret al\u0131nmas\u0131 gerekebilir ve bu k\u00fc\u00e7\u00fck \u00fccreti de size aktaraca\u011f\u0131z.<\/p>\n<h2>Aksi takdirde, \u00f6deme iki yoldan biriyle ger\u00e7ekle\u015fir:<\/h2>\n<ul>\n<li>2500\u20ac&#8217;dan az kazan\u0131rsan\u0131z, otomatik olarak do\u011frudan hesab\u0131n\u0131za yat\u0131raca\u011f\u0131z, b\u00f6ylece ba\u015fka bir \u015fey yapman\u0131za gerek kalmayacak.<\/li>\n<li>2500\u20ac&#8217;dan fazla kazan\u0131rsan\u0131z, talep formunu doldurabilmeniz i\u00e7in destek ekibimizden bir e-posta beklemeniz gerekecektir. Bu, kazanc\u0131n\u0131z\u0131n do\u011frudan banka havalesi veya size g\u00f6nderilen bir \u00e7ek yoluyla yat\u0131r\u0131lmas\u0131n\u0131 m\u00fcmk\u00fcn k\u0131lacakt\u0131r.<\/li>\n<\/ul>\n","protected":false},"excerpt":{"rendered":"<p>T\u00fcrkiye&#8217;de ya\u015farken El Gordo biletlerini online sat\u0131n almay\u0131 merak ediyor musunuz? O zaman bu makaleyi ka\u00e7\u0131rmak istemeyeceksiniz \u00e7\u00fcnk\u00fc size s\u00fcre\u00e7 boyunca yol g\u00f6sterece\u011fiz, b\u00f6ylece istedi\u011finiz biletleri zahmetsizce ve normalde bu oyunu oynayan bir \u00fclkeye seyahat etmek zorunda kalmadan alabilirsiniz. Oynamak istedi\u011finiz piyangonun ana sayfas\u0131na g\u00f6z at\u0131n ve biletlerinizde istedi\u011finiz say\u0131lar\u0131 se\u00e7in Ayn\u0131 oyun i\u00e7in veya [&hellip;]<\/p>\n","protected":false},"author":1,"featured_media":0,"parent":5682,"menu_order":6,"comment_status":"closed","ping_status":"closed","template":"el-gordo-info.php","meta":{"_et_pb_use_builder":"","_et_pb_old_content":"","_et_gb_content_width":"","exclude_from_search":false,"footnotes":""},"class_list":["post-80265","page","type-page","status-publish","hentry"],"yoast_head":"<!-- This site is optimized with the Yoast SEO plugin v23.4 - https:\/\/yoast.com\/wordpress\/plugins\/seo\/ -->\n<title>T\u00fcrkiye&#039;den El Gordo - Online bilet nas\u0131l al\u0131n\u0131r<\/title>\n<meta name=\"description\" content=\"Bu \u0130spanyol piyangosu art\u0131k T\u00fcrkiye&#039;den de oynanabiliyor - biletleri online sat\u0131n al\u0131n\" \/>\n<meta name=\"robots\" content=\"index, follow, max-snippet:-1, max-image-preview:large, max-video-preview:-1\" \/>\n<link rel=\"canonical\" href=\"https:\/\/onlinelotto365.com\/tr\/bilet-satin-al\/el-gordo\/\" \/>\n<meta property=\"og:locale\" content=\"tr_TR\" \/>\n<meta property=\"og:type\" content=\"article\" \/>\n<meta property=\"og:title\" content=\"T\u00fcrkiye&#039;den El Gordo - Online bilet nas\u0131l al\u0131n\u0131r\" \/>\n<meta property=\"og:description\" content=\"Bu \u0130spanyol piyangosu art\u0131k T\u00fcrkiye&#039;den de oynanabiliyor - biletleri online sat\u0131n al\u0131n\" \/>\n<meta property=\"og:url\" content=\"https:\/\/onlinelotto365.com\/tr\/bilet-satin-al\/el-gordo\/\" \/>\n<meta property=\"og:site_name\" content=\"OnlineLotto365\" \/>\n<meta property=\"og:image\" content=\"https:\/\/redfoxlotto.com\/image?size=8&amp;lottery=el-gordo-primitiva\" \/>\n<meta name=\"twitter:card\" content=\"summary_large_image\" \/>\n<meta name=\"twitter:label1\" content=\"Tahmini okuma s\u00fcresi\" \/>\n\t<meta name=\"twitter:data1\" content=\"3 dakika\" \/>\n<script type=\"application\/ld+json\" class=\"yoast-schema-graph\">{\"@context\":\"https:\/\/schema.org\",\"@graph\":[{\"@type\":\"WebPage\",\"@id\":\"https:\/\/onlinelotto365.com\/tr\/bilet-satin-al\/el-gordo\/\",\"url\":\"https:\/\/onlinelotto365.com\/tr\/bilet-satin-al\/el-gordo\/\",\"name\":\"T\u00fcrkiye'den El Gordo - Online bilet nas\u0131l al\u0131n\u0131r\",\"isPartOf\":{\"@id\":\"https:\/\/onlinelotto365.com\/tr\/#website\"},\"primaryImageOfPage\":{\"@id\":\"https:\/\/onlinelotto365.com\/tr\/bilet-satin-al\/el-gordo\/#primaryimage\"},\"image\":{\"@id\":\"https:\/\/onlinelotto365.com\/tr\/bilet-satin-al\/el-gordo\/#primaryimage\"},\"thumbnailUrl\":\"https:\/\/redfoxlotto.com\/image?size=8&amp;lottery=el-gordo-primitiva\",\"datePublished\":\"2022-11-16T07:10:47+00:00\",\"dateModified\":\"2022-11-16T07:10:47+00:00\",\"description\":\"Bu \u0130spanyol piyangosu art\u0131k T\u00fcrkiye'den de oynanabiliyor - biletleri online sat\u0131n al\u0131n\",\"breadcrumb\":{\"@id\":\"https:\/\/onlinelotto365.com\/tr\/bilet-satin-al\/el-gordo\/#breadcrumb\"},\"inLanguage\":\"tr\",\"potentialAction\":[{\"@type\":\"ReadAction\",\"target\":[\"https:\/\/onlinelotto365.com\/tr\/bilet-satin-al\/el-gordo\/\"]}]},{\"@type\":\"ImageObject\",\"inLanguage\":\"tr\",\"@id\":\"https:\/\/onlinelotto365.com\/tr\/bilet-satin-al\/el-gordo\/#primaryimage\",\"url\":\"https:\/\/redfoxlotto.com\/image?size=8&amp;lottery=el-gordo-primitiva\",\"contentUrl\":\"https:\/\/redfoxlotto.com\/image?size=8&amp;lottery=el-gordo-primitiva\"},{\"@type\":\"BreadcrumbList\",\"@id\":\"https:\/\/onlinelotto365.com\/tr\/bilet-satin-al\/el-gordo\/#breadcrumb\",\"itemListElement\":[{\"@type\":\"ListItem\",\"position\":1,\"name\":\"Home\",\"item\":\"https:\/\/onlinelotto365.com\/tr\/\"},{\"@type\":\"ListItem\",\"position\":2,\"name\":\"Uluslararasi Loto Etkinlikleri i\u00e7in Online Bilet Servisi\",\"item\":\"https:\/\/onlinelotto365.com\/tr\/bilet-satin-al\/\"},{\"@type\":\"ListItem\",\"position\":3,\"name\":\"El Gordo Online Bilet Nas\u0131l Al\u0131n\u0131r\"}]},{\"@type\":\"WebSite\",\"@id\":\"https:\/\/onlinelotto365.com\/tr\/#website\",\"url\":\"https:\/\/onlinelotto365.com\/tr\/\",\"name\":\"OnlineLotto365\",\"description\":\"\",\"potentialAction\":[{\"@type\":\"SearchAction\",\"target\":{\"@type\":\"EntryPoint\",\"urlTemplate\":\"https:\/\/onlinelotto365.com\/tr\/?s={search_term_string}\"},\"query-input\":{\"@type\":\"PropertyValueSpecification\",\"valueRequired\":true,\"valueName\":\"search_term_string\"}}],\"inLanguage\":\"tr\"}]}<\/script>\n<!-- \/ Yoast SEO plugin. -->","yoast_head_json":{"title":"T\u00fcrkiye'den El Gordo - Online bilet nas\u0131l al\u0131n\u0131r","description":"Bu \u0130spanyol piyangosu art\u0131k T\u00fcrkiye'den de oynanabiliyor - biletleri online sat\u0131n al\u0131n","robots":{"index":"index","follow":"follow","max-snippet":"max-snippet:-1","max-image-preview":"max-image-preview:large","max-video-preview":"max-video-preview:-1"},"canonical":"https:\/\/onlinelotto365.com\/tr\/bilet-satin-al\/el-gordo\/","og_locale":"tr_TR","og_type":"article","og_title":"T\u00fcrkiye'den El Gordo - Online bilet nas\u0131l al\u0131n\u0131r","og_description":"Bu \u0130spanyol piyangosu art\u0131k T\u00fcrkiye'den de oynanabiliyor - biletleri online sat\u0131n al\u0131n","og_url":"https:\/\/onlinelotto365.com\/tr\/bilet-satin-al\/el-gordo\/","og_site_name":"OnlineLotto365","og_image":[{"url":"https:\/\/redfoxlotto.com\/image?size=8&amp;lottery=el-gordo-primitiva"}],"twitter_card":"summary_large_image","twitter_misc":{"Tahmini okuma s\u00fcresi":"3 dakika"},"schema":{"@context":"https:\/\/schema.org","@graph":[{"@type":"WebPage","@id":"https:\/\/onlinelotto365.com\/tr\/bilet-satin-al\/el-gordo\/","url":"https:\/\/onlinelotto365.com\/tr\/bilet-satin-al\/el-gordo\/","name":"T\u00fcrkiye'den El Gordo - Online bilet nas\u0131l al\u0131n\u0131r","isPartOf":{"@id":"https:\/\/onlinelotto365.com\/tr\/#website"},"primaryImageOfPage":{"@id":"https:\/\/onlinelotto365.com\/tr\/bilet-satin-al\/el-gordo\/#primaryimage"},"image":{"@id":"https:\/\/onlinelotto365.com\/tr\/bilet-satin-al\/el-gordo\/#primaryimage"},"thumbnailUrl":"https:\/\/redfoxlotto.com\/image?size=8&amp;lottery=el-gordo-primitiva","datePublished":"2022-11-16T07:10:47+00:00","dateModified":"2022-11-16T07:10:47+00:00","description":"Bu \u0130spanyol piyangosu art\u0131k T\u00fcrkiye'den de oynanabiliyor - biletleri online sat\u0131n al\u0131n","breadcrumb":{"@id":"https:\/\/onlinelotto365.com\/tr\/bilet-satin-al\/el-gordo\/#breadcrumb"},"inLanguage":"tr","potentialAction":[{"@type":"ReadAction","target":["https:\/\/onlinelotto365.com\/tr\/bilet-satin-al\/el-gordo\/"]}]},{"@type":"ImageObject","inLanguage":"tr","@id":"https:\/\/onlinelotto365.com\/tr\/bilet-satin-al\/el-gordo\/#primaryimage","url":"https:\/\/redfoxlotto.com\/image?size=8&amp;lottery=el-gordo-primitiva","contentUrl":"https:\/\/redfoxlotto.com\/image?size=8&amp;lottery=el-gordo-primitiva"},{"@type":"BreadcrumbList","@id":"https:\/\/onlinelotto365.com\/tr\/bilet-satin-al\/el-gordo\/#breadcrumb","itemListElement":[{"@type":"ListItem","position":1,"name":"Home","item":"https:\/\/onlinelotto365.com\/tr\/"},{"@type":"ListItem","position":2,"name":"Uluslararasi Loto Etkinlikleri i\u00e7in Online Bilet Servisi","item":"https:\/\/onlinelotto365.com\/tr\/bilet-satin-al\/"},{"@type":"ListItem","position":3,"name":"El Gordo Online Bilet Nas\u0131l Al\u0131n\u0131r"}]},{"@type":"WebSite","@id":"https:\/\/onlinelotto365.com\/tr\/#website","url":"https:\/\/onlinelotto365.com\/tr\/","name":"OnlineLotto365","description":"","potentialAction":[{"@type":"SearchAction","target":{"@type":"EntryPoint","urlTemplate":"https:\/\/onlinelotto365.com\/tr\/?s={search_term_string}"},"query-input":{"@type":"PropertyValueSpecification","valueRequired":true,"valueName":"search_term_string"}}],"inLanguage":"tr"}]}},"_links":{"self":[{"href":"https:\/\/onlinelotto365.com\/tr\/wp-json\/wp\/v2\/pages\/80265","targetHints":{"allow":["GET"]}}],"collection":[{"href":"https:\/\/onlinelotto365.com\/tr\/wp-json\/wp\/v2\/pages"}],"about":[{"href":"https:\/\/onlinelotto365.com\/tr\/wp-json\/wp\/v2\/types\/page"}],"author":[{"embeddable":true,"href":"https:\/\/onlinelotto365.com\/tr\/wp-json\/wp\/v2\/users\/1"}],"replies":[{"embeddable":true,"href":"https:\/\/onlinelotto365.com\/tr\/wp-json\/wp\/v2\/comments?post=80265"}],"version-history":[{"count":0,"href":"https:\/\/onlinelotto365.com\/tr\/wp-json\/wp\/v2\/pages\/80265\/revisions"}],"up":[{"embeddable":true,"href":"https:\/\/onlinelotto365.com\/tr\/wp-json\/wp\/v2\/pages\/5682"}],"wp:attachment":[{"href":"https:\/\/onlinelotto365.com\/tr\/wp-json\/wp\/v2\/media?parent=80265"}],"curies":[{"name":"wp","href":"https:\/\/api.w.org\/{rel}","templated":true}]}}