{"id":80297,"date":"2022-11-16T10:53:54","date_gmt":"2022-11-16T09:53:54","guid":{"rendered":"https:\/\/onlinelotto365.com\/?page_id=80297"},"modified":"2022-11-16T10:53:54","modified_gmt":"2022-11-16T09:53:54","slug":"la-primitiva","status":"publish","type":"page","link":"https:\/\/onlinelotto365.com\/tr\/bilet-satin-al\/la-primitiva\/","title":{"rendered":"La Primitiva biletlerini online sat\u0131n almak i\u00e7in"},"content":{"rendered":"<p>La Primitiva biletlerini online olarak sat\u0131n almak istiyor ancak bunu nas\u0131l yapaca\u011f\u0131n\u0131zdan hala emin de\u011filseniz, bu s\u00fcrece bir g\u00f6z att\u0131\u011f\u0131n\u0131zdan emin olun. T\u00fcrkiye i\u00e7in d\u00fc\u015f\u00fcnd\u00fc\u011f\u00fcn\u00fczden \u00e7ok daha kolay<br \/>\nLoto hayranlar\u0131 ve \u00e7ekili\u015fi d\u00fc\u015f\u00fcnd\u00fc\u011f\u00fcn\u00fczden daha h\u0131zl\u0131 bekliyor olabilirsiniz.<br \/>\n<a href=\"https:\/\/redfoxlotto.com\/play\/la-primitiva\/?ref=a8564250a2&amp;medium=ol365\" target=\"_blank\" rel=\"noopener noreferrer\"><img decoding=\"async\" class=\"aligncenter\" src=\"https:\/\/redfoxlotto.com\/image?size=8&amp;lottery=la-primitiva\" alt=\" la primitiva\" \/><\/a><\/p>\n<ul>\n<li>Oynamak istedi\u011finiz piyango oyununu se\u00e7in ve biletlerinizin her biri i\u00e7in numaralar\u0131 se\u00e7in. Ya da bilet numaralar\u0131n\u0131z\u0131 sizin i\u00e7in bilgisayar\u0131n se\u00e7mesine izin verin.<\/li>\n<li>\u00d6deme yapmaya haz\u0131r olmadan \u00f6nce sipari\u015finize istedi\u011finiz kadar farkl\u0131 bilet ve piyango oyunu ekleyin<\/li>\n<li>\u015eimdi \u00f6deme se\u00e7ene\u011fini se\u00e7in<\/li>\n<li>Bizimle daha \u00f6nce hi\u00e7 al\u0131\u015fveri\u015f yapmad\u0131ysan\u0131z yeni bir hesap a\u00e7\u0131n veya mevcut bir m\u00fc\u015fteriyseniz giri\u015f yap\u0131n<\/li>\n<li>E-posta adresinize g\u00f6nderilen do\u011frulama ba\u011flant\u0131s\u0131na t\u0131klayarak kay\u0131t i\u015flemini tamamlay\u0131n<\/li>\n<li>Onay e-postan\u0131z i\u00e7in hem gelen kutunuzu hem de spam klas\u00f6r\u00fcn\u00fcz\u00fc kontrol edin<\/li>\n<li>Web sitesindeki al\u0131\u015fveri\u015f sepetine gidin<\/li>\n<li>Bir \u00f6deme se\u00e7ene\u011fi se\u00e7mek ve biletlerinizin \u00f6demesini yapmak i\u00e7in talimatlar\u0131 izleyin<\/li>\n<\/ul>\n<h2>La Primitiva biletiniz i\u00e7in online \u00f6deme nas\u0131l yap\u0131l\u0131r<\/h2>\n<p>Kullan\u0131c\u0131lar\u0131m\u0131z i\u00e7in son derece g\u00fcvenli olan birka\u00e7 farkl\u0131 \u00f6deme se\u00e7ene\u011fi aras\u0131ndan se\u00e7im yapabilirsiniz. Size en uygun se\u00e7ene\u011fi se\u00e7menize izin veriyoruz.<br \/>\nBa\u015flamak i\u00e7in iki se\u00e7enekten birini se\u00e7in:<\/p>\n<ul>\n<li>Do\u011frudan kredi kart\u0131, banka hesab\u0131 veya ba\u015fka bir \u00f6deme y\u00f6ntemiyle \u00f6deme yap\u0131n<\/li>\n<li>Hesab\u0131n\u0131za para ekleyin ve oyuncu hesab\u0131n\u0131zdan biletlerinizi sat\u0131n almak i\u00e7in kullan\u0131n<\/li>\n<\/ul>\n<p>Bir sat\u0131n alma i\u015flemi yapmak i\u00e7in oyuncu hesaplar\u0131na ekleme yapanlar\u0131n, yapmay\u0131 se\u00e7tikleri sat\u0131n alma i\u015flemi i\u00e7in yeterli miktardan daha fazla para yat\u0131rmalar\u0131 gerekecektir.<\/p>\n<h2>La Primitiva hakk\u0131nda daha fazla bilgi<\/h2>\n<ul>\n<li>\u00dclke \u0130spanya<\/li>\n<li>Ana numaralar aral\u0131\u011f\u0131: 49<\/li>\n<li>Sen se\u00e7: 6<\/li>\n<li>Ekstra say\u0131 aral\u0131\u011f\u0131:<\/li>\n<li>Sen se\u00e7: 1<\/li>\n<li>\u00c7ekili\u015f g\u00fcnleri, saatleri: Per\u015fembe, Cumartesi, 21:30 CET, 21:30 CET<\/li>\n<li>Minimum ikramiye: 2 milyon \u20ac<\/li>\n<li>Maksimum ikramiye: yok<\/li>\n<li>B\u00fcy\u00fck ikramiyeyi kazanma olas\u0131l\u0131\u011f\u0131: 15537573&#8217;te 1<\/li>\n<li>2. kademe kazanma olas\u0131l\u0131\u011f\u0131: 542008&#8217;de 1<\/li>\n<li>Herhangi bir kademede kazanma olas\u0131l\u0131\u011f\u0131: 8,43&#8217;te 1<\/li>\n<li>\u00d6d\u00fcl kademesi say\u0131s\u0131: 9<\/li>\n<\/ul>\n<h2>La Primitiva biletlerini online sat\u0131n alman\u0131n avantajlar\u0131<\/h2>\n<ul>\n<li>Biletlerinizi evden \u00e7\u0131kmadan se\u00e7in<\/li>\n<li>Daha fazla piyango se\u00e7ene\u011fi aras\u0131ndan se\u00e7im yap\u0131n<\/li>\n<li>En \u00e7ok nerede kazanabilece\u011finizi g\u00f6rmek i\u00e7in farkl\u0131 jackpotlara bir g\u00f6z at\u0131n<\/li>\n<li>Biletlerinizi \u00f6demek i\u00e7in hesab\u0131n\u0131za para yat\u0131r\u0131n<\/li>\n<li>Biletlerinizi kaybetme endi\u015fesi yok<\/li>\n<li>Kazan\u0131rsan\u0131z bir bildirim alacaks\u0131n\u0131z<\/li>\n<li>Rastgele olu\u015fturulmu\u015f bir bilet se\u00e7ebilirsiniz<\/li>\n<\/ul>\n<h2>La Primitiva biletlerini \u00e7evrimi\u00e7i sat\u0131n almak yasal m\u0131?<\/h2>\n<p>Baz\u0131 insanlar, ikamet ettikleri \u00fclke taraf\u0131ndan \u00e7evrimi\u00e7i piyango bileti sat\u0131n almaya izin verilip verilmedi\u011fi konusunda endi\u015feleniyor. Ya da geleneksel yolla bilet al\u0131p alamayacaklar\u0131 konusunda. Ancak sistemimizi kullanman\u0131n yasal olup olmad\u0131\u011f\u0131 konusunda endi\u015felenmenize gerek yok \u00e7\u00fcnk\u00fc piyangonun d\u00fczenlendi\u011fi alan i\u00e7in d\u00fczenlemelerle ilgileniyoruz. Bu \u015fekilde, ne olursa olsun ve ne kadar kazan\u0131rsan\u0131z kazan\u0131n kazanc\u0131n\u0131z\u0131 al\u0131rs\u0131n\u0131z.<br \/>\nHizmetimizi kullanmak i\u00e7in en az 18 ya\u015f\u0131nda olman\u0131z yeterlidir.<\/p>\n<h2>\u00c7evrimi\u00e7i La Primitiva kazan\u0131rsam nas\u0131l \u00f6deme al\u0131r\u0131m?<\/h2>\n<p><img loading=\"lazy\" decoding=\"async\" class=\"alignright wp-image-3535\" src=\"https:\/\/onlinelotto365.com\/wp-content\/uploads\/2020\/11\/online_lottery-141-296x300.jpg\" alt=\"la primitiva online\" width=\"164\" height=\"166\" srcset=\"https:\/\/onlinelotto365.com\/wp-content\/uploads\/2020\/11\/online_lottery-141-296x300.jpg 296w, https:\/\/onlinelotto365.com\/wp-content\/uploads\/2020\/11\/online_lottery-141-100x100.jpg 100w, https:\/\/onlinelotto365.com\/wp-content\/uploads\/2020\/11\/online_lottery-141.jpg 491w\" sizes=\"auto, (max-width: 164px) 100vw, 164px\" \/><br \/>\nKonu \u00f6deme almaya geldi\u011finde, bunun sizin i\u00e7in ne kadar \u00f6nemli oldu\u011funu biliyoruz. Bu y\u00fczden \u00f6deme s\u00fcrecini olabildi\u011fince kolay hale getiriyoruz. Ve t\u00fcm bunlar\u0131 sizden herhangi bir \u00fccret veya komisyon talep etmeden yap\u0131yoruz. En az\u0131ndan, \u00f6demenizin banka havalesi yoluyla g\u00f6nderilmesini se\u00e7medi\u011finiz s\u00fcrece. Bu durumda, bankan\u0131z taraf\u0131ndan bizden bir \u00fccret talep edilebilir. B\u00f6yle bir durumda bu \u00fccreti size aktar\u0131r\u0131z.<br \/>\nTek yapman\u0131z gereken kazand\u0131\u011f\u0131n\u0131zda ne olaca\u011f\u0131n\u0131 bilmek:<\/p>\n<ul>\n<li>2500\u20ac&#8217;dan az kazan\u0131rsan\u0131z hi\u00e7bir \u015fey yapman\u0131za gerek yok \u00e7\u00fcnk\u00fc her \u015feyi sizin i\u00e7in biz hallediyoruz. T\u00fcm paran\u0131z\u0131 do\u011frudan oyuncu hesab\u0131n\u0131za alman\u0131z\u0131 sa\u011fl\u0131yoruz<\/li>\n<li>2500\u20ac&#8217;dan fazla kazan\u0131rsan\u0131z, paran\u0131z\u0131n \u00e7ek veya banka havalesi yoluyla g\u00f6nderilmesini sa\u011flayabilirsiniz. Bu durumda, destek ekibimizin size g\u00f6nderece\u011fi bir talep formu doldurman\u0131z gerekecek ve ard\u0131ndan geri kalan\u0131 i\u00e7in size yard\u0131mc\u0131 olaca\u011f\u0131z<\/li>\n<\/ul>\n","protected":false},"excerpt":{"rendered":"<p>La Primitiva biletlerini online olarak sat\u0131n almak istiyor ancak bunu nas\u0131l yapaca\u011f\u0131n\u0131zdan hala emin de\u011filseniz, bu s\u00fcrece bir g\u00f6z att\u0131\u011f\u0131n\u0131zdan emin olun. T\u00fcrkiye i\u00e7in d\u00fc\u015f\u00fcnd\u00fc\u011f\u00fcn\u00fczden \u00e7ok daha kolay Loto hayranlar\u0131 ve \u00e7ekili\u015fi d\u00fc\u015f\u00fcnd\u00fc\u011f\u00fcn\u00fczden daha h\u0131zl\u0131 bekliyor olabilirsiniz. Oynamak istedi\u011finiz piyango oyununu se\u00e7in ve biletlerinizin her biri i\u00e7in numaralar\u0131 se\u00e7in. Ya da bilet numaralar\u0131n\u0131z\u0131 sizin i\u00e7in [&hellip;]<\/p>\n","protected":false},"author":1,"featured_media":0,"parent":5682,"menu_order":7,"comment_status":"closed","ping_status":"closed","template":"la-primitiva-info.php","meta":{"_et_pb_use_builder":"","_et_pb_old_content":"","_et_gb_content_width":"","exclude_from_search":false,"footnotes":""},"class_list":["post-80297","page","type-page","status-publish","hentry"],"yoast_head":"<!-- This site is optimized with the Yoast SEO plugin v23.4 - https:\/\/yoast.com\/wordpress\/plugins\/seo\/ -->\n<title>La Primitiva biletleri i\u00e7in online hizmet | T\u00fcrkiye&#039;den La Primitiva<\/title>\n<meta name=\"description\" content=\"\u0130spanya&#039;n\u0131n La Primitiva piyangosu i\u00e7in T\u00fcrkiye&#039;den nas\u0131l bilet alabilece\u011finizi \u00f6\u011frenin\" \/>\n<meta name=\"robots\" content=\"index, follow, max-snippet:-1, max-image-preview:large, max-video-preview:-1\" \/>\n<link rel=\"canonical\" href=\"https:\/\/onlinelotto365.com\/tr\/bilet-satin-al\/la-primitiva\/\" \/>\n<meta property=\"og:locale\" content=\"tr_TR\" \/>\n<meta property=\"og:type\" content=\"article\" \/>\n<meta property=\"og:title\" content=\"La Primitiva biletleri i\u00e7in online hizmet | T\u00fcrkiye&#039;den La Primitiva\" \/>\n<meta property=\"og:description\" content=\"\u0130spanya&#039;n\u0131n La Primitiva piyangosu i\u00e7in T\u00fcrkiye&#039;den nas\u0131l bilet alabilece\u011finizi \u00f6\u011frenin\" \/>\n<meta property=\"og:url\" content=\"https:\/\/onlinelotto365.com\/tr\/bilet-satin-al\/la-primitiva\/\" \/>\n<meta property=\"og:site_name\" content=\"OnlineLotto365\" \/>\n<meta property=\"og:image\" content=\"https:\/\/redfoxlotto.com\/image?size=8&amp;lottery=la-primitiva\" \/>\n<meta name=\"twitter:card\" content=\"summary_large_image\" \/>\n<meta name=\"twitter:label1\" content=\"Tahmini okuma s\u00fcresi\" \/>\n\t<meta name=\"twitter:data1\" content=\"3 dakika\" \/>\n<script type=\"application\/ld+json\" class=\"yoast-schema-graph\">{\"@context\":\"https:\/\/schema.org\",\"@graph\":[{\"@type\":\"WebPage\",\"@id\":\"https:\/\/onlinelotto365.com\/tr\/bilet-satin-al\/la-primitiva\/\",\"url\":\"https:\/\/onlinelotto365.com\/tr\/bilet-satin-al\/la-primitiva\/\",\"name\":\"La Primitiva biletleri i\u00e7in online hizmet | T\u00fcrkiye'den La Primitiva\",\"isPartOf\":{\"@id\":\"https:\/\/onlinelotto365.com\/tr\/#website\"},\"primaryImageOfPage\":{\"@id\":\"https:\/\/onlinelotto365.com\/tr\/bilet-satin-al\/la-primitiva\/#primaryimage\"},\"image\":{\"@id\":\"https:\/\/onlinelotto365.com\/tr\/bilet-satin-al\/la-primitiva\/#primaryimage\"},\"thumbnailUrl\":\"https:\/\/redfoxlotto.com\/image?size=8&amp;lottery=la-primitiva\",\"datePublished\":\"2022-11-16T09:53:54+00:00\",\"dateModified\":\"2022-11-16T09:53:54+00:00\",\"description\":\"\u0130spanya'n\u0131n La Primitiva piyangosu i\u00e7in T\u00fcrkiye'den nas\u0131l bilet alabilece\u011finizi \u00f6\u011frenin\",\"breadcrumb\":{\"@id\":\"https:\/\/onlinelotto365.com\/tr\/bilet-satin-al\/la-primitiva\/#breadcrumb\"},\"inLanguage\":\"tr\",\"potentialAction\":[{\"@type\":\"ReadAction\",\"target\":[\"https:\/\/onlinelotto365.com\/tr\/bilet-satin-al\/la-primitiva\/\"]}]},{\"@type\":\"ImageObject\",\"inLanguage\":\"tr\",\"@id\":\"https:\/\/onlinelotto365.com\/tr\/bilet-satin-al\/la-primitiva\/#primaryimage\",\"url\":\"https:\/\/redfoxlotto.com\/image?size=8&amp;lottery=la-primitiva\",\"contentUrl\":\"https:\/\/redfoxlotto.com\/image?size=8&amp;lottery=la-primitiva\"},{\"@type\":\"BreadcrumbList\",\"@id\":\"https:\/\/onlinelotto365.com\/tr\/bilet-satin-al\/la-primitiva\/#breadcrumb\",\"itemListElement\":[{\"@type\":\"ListItem\",\"position\":1,\"name\":\"Home\",\"item\":\"https:\/\/onlinelotto365.com\/tr\/\"},{\"@type\":\"ListItem\",\"position\":2,\"name\":\"Uluslararasi Loto Etkinlikleri i\u00e7in Online Bilet Servisi\",\"item\":\"https:\/\/onlinelotto365.com\/tr\/bilet-satin-al\/\"},{\"@type\":\"ListItem\",\"position\":3,\"name\":\"La Primitiva biletlerini online sat\u0131n almak i\u00e7in\"}]},{\"@type\":\"WebSite\",\"@id\":\"https:\/\/onlinelotto365.com\/tr\/#website\",\"url\":\"https:\/\/onlinelotto365.com\/tr\/\",\"name\":\"OnlineLotto365\",\"description\":\"\",\"potentialAction\":[{\"@type\":\"SearchAction\",\"target\":{\"@type\":\"EntryPoint\",\"urlTemplate\":\"https:\/\/onlinelotto365.com\/tr\/?s={search_term_string}\"},\"query-input\":{\"@type\":\"PropertyValueSpecification\",\"valueRequired\":true,\"valueName\":\"search_term_string\"}}],\"inLanguage\":\"tr\"}]}<\/script>\n<!-- \/ Yoast SEO plugin. -->","yoast_head_json":{"title":"La Primitiva biletleri i\u00e7in online hizmet | T\u00fcrkiye'den La Primitiva","description":"\u0130spanya'n\u0131n La Primitiva piyangosu i\u00e7in T\u00fcrkiye'den nas\u0131l bilet alabilece\u011finizi \u00f6\u011frenin","robots":{"index":"index","follow":"follow","max-snippet":"max-snippet:-1","max-image-preview":"max-image-preview:large","max-video-preview":"max-video-preview:-1"},"canonical":"https:\/\/onlinelotto365.com\/tr\/bilet-satin-al\/la-primitiva\/","og_locale":"tr_TR","og_type":"article","og_title":"La Primitiva biletleri i\u00e7in online hizmet | T\u00fcrkiye'den La Primitiva","og_description":"\u0130spanya'n\u0131n La Primitiva piyangosu i\u00e7in T\u00fcrkiye'den nas\u0131l bilet alabilece\u011finizi \u00f6\u011frenin","og_url":"https:\/\/onlinelotto365.com\/tr\/bilet-satin-al\/la-primitiva\/","og_site_name":"OnlineLotto365","og_image":[{"url":"https:\/\/redfoxlotto.com\/image?size=8&amp;lottery=la-primitiva"}],"twitter_card":"summary_large_image","twitter_misc":{"Tahmini okuma s\u00fcresi":"3 dakika"},"schema":{"@context":"https:\/\/schema.org","@graph":[{"@type":"WebPage","@id":"https:\/\/onlinelotto365.com\/tr\/bilet-satin-al\/la-primitiva\/","url":"https:\/\/onlinelotto365.com\/tr\/bilet-satin-al\/la-primitiva\/","name":"La Primitiva biletleri i\u00e7in online hizmet | T\u00fcrkiye'den La Primitiva","isPartOf":{"@id":"https:\/\/onlinelotto365.com\/tr\/#website"},"primaryImageOfPage":{"@id":"https:\/\/onlinelotto365.com\/tr\/bilet-satin-al\/la-primitiva\/#primaryimage"},"image":{"@id":"https:\/\/onlinelotto365.com\/tr\/bilet-satin-al\/la-primitiva\/#primaryimage"},"thumbnailUrl":"https:\/\/redfoxlotto.com\/image?size=8&amp;lottery=la-primitiva","datePublished":"2022-11-16T09:53:54+00:00","dateModified":"2022-11-16T09:53:54+00:00","description":"\u0130spanya'n\u0131n La Primitiva piyangosu i\u00e7in T\u00fcrkiye'den nas\u0131l bilet alabilece\u011finizi \u00f6\u011frenin","breadcrumb":{"@id":"https:\/\/onlinelotto365.com\/tr\/bilet-satin-al\/la-primitiva\/#breadcrumb"},"inLanguage":"tr","potentialAction":[{"@type":"ReadAction","target":["https:\/\/onlinelotto365.com\/tr\/bilet-satin-al\/la-primitiva\/"]}]},{"@type":"ImageObject","inLanguage":"tr","@id":"https:\/\/onlinelotto365.com\/tr\/bilet-satin-al\/la-primitiva\/#primaryimage","url":"https:\/\/redfoxlotto.com\/image?size=8&amp;lottery=la-primitiva","contentUrl":"https:\/\/redfoxlotto.com\/image?size=8&amp;lottery=la-primitiva"},{"@type":"BreadcrumbList","@id":"https:\/\/onlinelotto365.com\/tr\/bilet-satin-al\/la-primitiva\/#breadcrumb","itemListElement":[{"@type":"ListItem","position":1,"name":"Home","item":"https:\/\/onlinelotto365.com\/tr\/"},{"@type":"ListItem","position":2,"name":"Uluslararasi Loto Etkinlikleri i\u00e7in Online Bilet Servisi","item":"https:\/\/onlinelotto365.com\/tr\/bilet-satin-al\/"},{"@type":"ListItem","position":3,"name":"La Primitiva biletlerini online sat\u0131n almak i\u00e7in"}]},{"@type":"WebSite","@id":"https:\/\/onlinelotto365.com\/tr\/#website","url":"https:\/\/onlinelotto365.com\/tr\/","name":"OnlineLotto365","description":"","potentialAction":[{"@type":"SearchAction","target":{"@type":"EntryPoint","urlTemplate":"https:\/\/onlinelotto365.com\/tr\/?s={search_term_string}"},"query-input":{"@type":"PropertyValueSpecification","valueRequired":true,"valueName":"search_term_string"}}],"inLanguage":"tr"}]}},"_links":{"self":[{"href":"https:\/\/onlinelotto365.com\/tr\/wp-json\/wp\/v2\/pages\/80297","targetHints":{"allow":["GET"]}}],"collection":[{"href":"https:\/\/onlinelotto365.com\/tr\/wp-json\/wp\/v2\/pages"}],"about":[{"href":"https:\/\/onlinelotto365.com\/tr\/wp-json\/wp\/v2\/types\/page"}],"author":[{"embeddable":true,"href":"https:\/\/onlinelotto365.com\/tr\/wp-json\/wp\/v2\/users\/1"}],"replies":[{"embeddable":true,"href":"https:\/\/onlinelotto365.com\/tr\/wp-json\/wp\/v2\/comments?post=80297"}],"version-history":[{"count":0,"href":"https:\/\/onlinelotto365.com\/tr\/wp-json\/wp\/v2\/pages\/80297\/revisions"}],"up":[{"embeddable":true,"href":"https:\/\/onlinelotto365.com\/tr\/wp-json\/wp\/v2\/pages\/5682"}],"wp:attachment":[{"href":"https:\/\/onlinelotto365.com\/tr\/wp-json\/wp\/v2\/media?parent=80297"}],"curies":[{"name":"wp","href":"https:\/\/api.w.org\/{rel}","templated":true}]}}