{"id":80329,"date":"2022-11-16T13:45:21","date_gmt":"2022-11-16T12:45:21","guid":{"rendered":"https:\/\/onlinelotto365.com\/?page_id=80329"},"modified":"2022-11-16T13:45:21","modified_gmt":"2022-11-16T12:45:21","slug":"bonoloto","status":"publish","type":"page","link":"https:\/\/onlinelotto365.com\/tr\/bilet-satin-al\/bonoloto\/","title":{"rendered":"BonoLoto biletlerini online sat\u0131n almak i\u00e7in"},"content":{"rendered":"<p>E\u011fer T\u00fcrkiye&#8217;de ya\u015f\u0131yorsan\u0131z<br \/>\nBonoLoto&#8217;yu online olarak nas\u0131l oynayaca\u011f\u0131n\u0131z\u0131 ve biletlerinizi nas\u0131l alaca\u011f\u0131n\u0131z\u0131 \u00f6\u011frenmek istiyorsan\u0131z do\u011fru yerdesiniz. T\u00fcm s\u00fcre\u00e7 boyunca size yard\u0131mc\u0131 olabiliriz ve d\u00fc\u015f\u00fcnd\u00fc\u011f\u00fcn\u00fczden \u00e7ok daha kolay olacak. Tek yapman\u0131z gereken a\u015fa\u011f\u0131da \u00f6zetledi\u011fimiz ad\u0131mlar\u0131 takip etmek.<br \/>\n<a href=\"https:\/\/redfoxlotto.com\/play\/bonoloto\/?ref=a8564250a2&amp;medium=ol365\" target=\"_blank\" rel=\"noopener noreferrer\"><img decoding=\"async\" class=\"aligncenter\" src=\"https:\/\/redfoxlotto.com\/image?size=8&amp;lottery=bonoloto\" alt=\"BonoLoto\" \/><\/a><\/p>\n<ul>\n<li>BonoLoto gibi oynamak istedi\u011finiz loto oyununun sayfas\u0131na gidin. Ard\u0131ndan, oynamak istedi\u011finiz say\u0131lar da dahil olmak \u00fczere istedi\u011finiz t\u00fcm biletleri se\u00e7in.<\/li>\n<li>\u00d6deme yapmaya haz\u0131r olana kadar BonoLoto veya di\u011fer oyunlar i\u00e7in sipari\u015finize ek biletler ekleyin.<\/li>\n<li>\u015eimdi \u00f6deme yapmak i\u00e7in d\u00fc\u011fmeyi se\u00e7in<\/li>\n<li>Hesab\u0131n\u0131za giri\u015f yap\u0131n veya yepyeni bir hesap olu\u015fturma se\u00e7ene\u011fini se\u00e7in ve kay\u0131t s\u00fcrecinden ge\u00e7in.<\/li>\n<li>Yeni bir hesap olu\u015fturuyorsan\u0131z, i\u015flemi tamamlaman\u0131z\u0131 sa\u011flayacak do\u011frulama ba\u011flant\u0131s\u0131n\u0131 almak i\u00e7in e-postan\u0131za gitmeniz gerekecektir.<\/li>\n<li>Ba\u011flant\u0131y\u0131 alamazsan\u0131z, normal gelen kutunuz yerine orada g\u00f6r\u00fcn\u00fcp g\u00f6r\u00fcnmedi\u011fini g\u00f6rmek i\u00e7in spam klas\u00f6r\u00fcn\u00fcz\u00fc kontrol etti\u011finizden emin olun.<\/li>\n<li>Web sitesindeki \u00f6deme sayfas\u0131na gidin ve \u00f6deme i\u015flemini ba\u015flat\u0131n.<\/li>\n<li>\u00d6deme y\u00f6nteminizi se\u00e7in ve \u00f6deme i\u015flemini tamamlay\u0131n.<\/li>\n<\/ul>\n<h2>BonoLoto biletiniz i\u00e7in online \u00f6deme nas\u0131l yap\u0131l\u0131r<\/h2>\n<p>BonoLoto biletlerinizi ve daha fazlas\u0131n\u0131 sat\u0131n almak i\u00e7in kullanabilece\u011finiz bir\u00e7ok farkl\u0131 \u00f6deme y\u00f6ntemine sahip olacaks\u0131n\u0131z.<br \/>\nBa\u015flamak i\u00e7in bu iki genel se\u00e7enek aras\u0131ndan se\u00e7im yaparak biletlerinizi al\u0131n:<\/p>\n<ul>\n<li>Sipari\u015finiz i\u00e7in \u00f6demeyi do\u011frudan bir kredi kart\u0131 veya finansal hesapla yap\u0131n<\/li>\n<li>Web sitemizdeki oyuncu hesab\u0131n\u0131za para yat\u0131r\u0131n ve bir sat\u0131n alma i\u015flemi yapmak i\u00e7in oyuncu hesab\u0131n\u0131z\u0131 kullan\u0131n<\/li>\n<\/ul>\n<p>Oyuncu hesaplar\u0131na para yat\u0131rmay\u0131 tercih edenler i\u00e7in, i\u015flem yapmak i\u00e7in mevcut sipari\u015finiz i\u00e7in ihtiyac\u0131n\u0131z olandan daha fazla para ekledi\u011finizden emin olun.<\/p>\n<h2>BonoLoto hakk\u0131nda daha fazla bilgi<\/h2>\n<ul>\n<li>\u00dclke \u0130spanya<\/li>\n<li>Ana numaralar aral\u0131\u011f\u0131: 49<\/li>\n<li>Se\u00e7iminiz: 6<\/li>\n<li>\u00c7ekili\u015f g\u00fcnleri, saatleri: Pazar g\u00fcnleri hari\u00e7 her g\u00fcn, 21:30 CET, 21:30 CET<\/li>\n<li>Minimum ikramiye: 400000<\/li>\n<li>Maksimum ikramiye: yok<\/li>\n<li>B\u00fcy\u00fck ikramiyeyi kazanma olas\u0131l\u0131\u011f\u0131: 13983816&#8217;da 1<\/li>\n<li>\u0130kinci kademe kazanma olas\u0131l\u0131\u011f\u0131: 2330636&#8217;da 1<\/li>\n<li>Herhangi bir kademede kazanma olas\u0131l\u0131\u011f\u0131: 8,43&#8217;te 1<\/li>\n<li>\u00d6d\u00fcl kademesi say\u0131s\u0131: 6<\/li>\n<\/ul>\n<h2>BonoLoto biletlerini online sat\u0131n alman\u0131n avantajlar\u0131<\/h2>\n<ul>\n<li>Evde kal\u0131n ve yine de T\u00fcrkiye&#8217;den istedi\u011finiz biletleri al\u0131n<\/li>\n<li>veya herhangi bir \u00fclkeden<\/li>\n<li>D\u00fcnyan\u0131n d\u00f6rt bir yan\u0131ndan \u00e7ok \u00e7e\u015fitli piyango oyunlar\u0131 aras\u0131ndan se\u00e7im yap\u0131n<\/li>\n<li>En iyi jackpotlar\u0131 se\u00e7erek b\u00fcy\u00fck \u00f6d\u00fcller kazanma \u015fans\u0131n\u0131 art\u0131r\u0131n<\/li>\n<li>Biletlerinizi \u00f6demek i\u00e7in hesab\u0131n\u0131za para yat\u0131r\u0131n<\/li>\n<li>Bir daha bilet kaybetme konusunda endi\u015felenmeyin<\/li>\n<li>Anl\u0131k bildirimlerle hi\u00e7bir kazanc\u0131 ka\u00e7\u0131rmay\u0131n<\/li>\n<li>Numaralar\u0131n\u0131z\u0131 sizin yerinize se\u00e7mesi i\u00e7in rastgele say\u0131 \u00fcretecini kullan\u0131n<\/li>\n<\/ul>\n<h2>BonoLoto biletlerini \u00e7evrimi\u00e7i sat\u0131n almak yasal m\u0131?<\/h2>\n<p>\u0130kamet etti\u011finiz \u00fclkede \u00e7evrimi\u00e7i loto oynaman\u0131n yasal olup olmad\u0131\u011f\u0131n\u0131 bilmiyorsan\u0131z, bu t\u00fcr bir oyunu oynamak konusunda biraz endi\u015feli hissedebilirsiniz. Ancak size yard\u0131mc\u0131 olmak i\u00e7in hizmetimize kesinlikle g\u00fcvenebilirsiniz. Loto&#8217;nun geldi\u011fi \u00fclke i\u00e7in t\u00fcm d\u00fczenlemelere uyuldu\u011fundan emin oluruz.<\/p>\n<p>Bu \u015fekilde, b\u00fcy\u00fck ikramiye de dahil olmak \u00fczere herhangi bir \u00f6d\u00fcl kazan\u0131rsan\u0131z, bunu talep edebilme konusunda endi\u015felenmenize gerek kalmaz. Kazand\u0131\u011f\u0131n\u0131z \u00f6d\u00fcl\u00fc alman\u0131z garantidir.<br \/>\nTek kural, oynamak i\u00e7in en az 18 ya\u015f\u0131nda olman\u0131z gerekti\u011fidir.<\/p>\n<h2>BonoLoto&#8217;yu \u00e7evrimi\u00e7i kazan\u0131rsam nas\u0131l \u00f6deme al\u0131r\u0131m?<\/h2>\n<p><img loading=\"lazy\" decoding=\"async\" class=\"alignright wp-image-3675\" src=\"https:\/\/onlinelotto365.com\/wp-content\/uploads\/2020\/11\/online_lottery-117-300x217.jpg\" alt=\"bonoloto bi\u0307letleri\u0307ni\u0307 onli\u0307ne satin alin\" width=\"195\" height=\"141\" srcset=\"https:\/\/onlinelotto365.com\/wp-content\/uploads\/2020\/11\/online_lottery-117-300x217.jpg 300w, https:\/\/onlinelotto365.com\/wp-content\/uploads\/2020\/11\/online_lottery-117.jpg 320w\" sizes=\"auto, (max-width: 195px) 100vw, 195px\" \/><br \/>\n\u00d6demeler \u00f6nemlidir ve hakk\u0131n\u0131z olan t\u00fcm paray\u0131 alaca\u011f\u0131n\u0131zdan emin olmak istersiniz. Bu bizim i\u00e7in bir sorun de\u011fil \u00e7\u00fcnk\u00fc kazanc\u0131n\u0131z\u0131n hi\u00e7biri i\u00e7in sizden komisyon alm\u0131yoruz. Hepsini do\u011frudan hesab\u0131n\u0131za alacaks\u0131n\u0131z.<\/p>\n<p>\u00dccret ald\u0131\u011f\u0131m\u0131z tek zaman, paran\u0131z\u0131n bankan\u0131za havale edilmesini tercih etmenizdir. Bankan\u0131z bu transfer i\u00e7in bir \u00fccret talep ederse, bu \u00fccreti hesab\u0131n\u0131za aktaraca\u011f\u0131z.<br \/>\nAncak \u00f6demeye hak kazand\u0131\u011f\u0131n\u0131zda iki \u015feyden biri ger\u00e7ekle\u015fecektir:<\/p>\n<ul>\n<li>2500\u20ac&#8217;dan az kazan\u0131rsan\u0131z para hemen hesab\u0131n\u0131za ge\u00e7er, b\u00f6ylece parayla istedi\u011finizi yapabilirsiniz.<\/li>\n<li>2500\u20ac&#8217;dan fazla kazan\u0131rsan\u0131z, kazand\u0131\u011f\u0131n\u0131z miktar size ya banka havalesi ya da \u00e7ek olarak g\u00f6nderilecektir. Personelimizin size g\u00f6nderece\u011fi talep formunu doldururken hangisini tercih edece\u011finizi se\u00e7ebilirsiniz. Bu \u015fekilde paran\u0131z\u0131 sadece birka\u00e7 g\u00fcn i\u00e7inde al\u0131rs\u0131n\u0131z.<\/li>\n<\/ul>\n","protected":false},"excerpt":{"rendered":"<p>E\u011fer T\u00fcrkiye&#8217;de ya\u015f\u0131yorsan\u0131z BonoLoto&#8217;yu online olarak nas\u0131l oynayaca\u011f\u0131n\u0131z\u0131 ve biletlerinizi nas\u0131l alaca\u011f\u0131n\u0131z\u0131 \u00f6\u011frenmek istiyorsan\u0131z do\u011fru yerdesiniz. T\u00fcm s\u00fcre\u00e7 boyunca size yard\u0131mc\u0131 olabiliriz ve d\u00fc\u015f\u00fcnd\u00fc\u011f\u00fcn\u00fczden \u00e7ok daha kolay olacak. Tek yapman\u0131z gereken a\u015fa\u011f\u0131da \u00f6zetledi\u011fimiz ad\u0131mlar\u0131 takip etmek. BonoLoto gibi oynamak istedi\u011finiz loto oyununun sayfas\u0131na gidin. Ard\u0131ndan, oynamak istedi\u011finiz say\u0131lar da dahil olmak \u00fczere istedi\u011finiz t\u00fcm biletleri [&hellip;]<\/p>\n","protected":false},"author":1,"featured_media":0,"parent":5682,"menu_order":8,"comment_status":"closed","ping_status":"closed","template":"template-rightsidebar.php","meta":{"_et_pb_use_builder":"","_et_pb_old_content":"","_et_gb_content_width":"","exclude_from_search":false,"footnotes":""},"class_list":["post-80329","page","type-page","status-publish","hentry"],"yoast_head":"<!-- This site is optimized with the Yoast SEO plugin v23.4 - https:\/\/yoast.com\/wordpress\/plugins\/seo\/ -->\n<title>BonoLoto biletleri online | T\u00fcrkiye&#039;den bilet nas\u0131l al\u0131n\u0131r<\/title>\n<meta name=\"description\" content=\"Web sitemiz Bonoloto biletlerini \u00e7evrimi\u00e7i ve yasal olarak sat\u0131n alman\u0131z\u0131 sa\u011flar\" \/>\n<meta name=\"robots\" content=\"index, follow, max-snippet:-1, max-image-preview:large, max-video-preview:-1\" \/>\n<link rel=\"canonical\" href=\"https:\/\/onlinelotto365.com\/tr\/bilet-satin-al\/bonoloto\/\" \/>\n<meta property=\"og:locale\" content=\"tr_TR\" \/>\n<meta property=\"og:type\" content=\"article\" \/>\n<meta property=\"og:title\" content=\"BonoLoto biletleri online | T\u00fcrkiye&#039;den bilet nas\u0131l al\u0131n\u0131r\" \/>\n<meta property=\"og:description\" content=\"Web sitemiz Bonoloto biletlerini \u00e7evrimi\u00e7i ve yasal olarak sat\u0131n alman\u0131z\u0131 sa\u011flar\" \/>\n<meta property=\"og:url\" content=\"https:\/\/onlinelotto365.com\/tr\/bilet-satin-al\/bonoloto\/\" \/>\n<meta property=\"og:site_name\" content=\"OnlineLotto365\" \/>\n<meta property=\"og:image\" content=\"https:\/\/redfoxlotto.com\/image?size=8&amp;lottery=bonoloto\" \/>\n<meta name=\"twitter:card\" content=\"summary_large_image\" \/>\n<meta name=\"twitter:label1\" content=\"Tahmini okuma s\u00fcresi\" \/>\n\t<meta name=\"twitter:data1\" content=\"3 dakika\" \/>\n<script type=\"application\/ld+json\" class=\"yoast-schema-graph\">{\"@context\":\"https:\/\/schema.org\",\"@graph\":[{\"@type\":\"WebPage\",\"@id\":\"https:\/\/onlinelotto365.com\/tr\/bilet-satin-al\/bonoloto\/\",\"url\":\"https:\/\/onlinelotto365.com\/tr\/bilet-satin-al\/bonoloto\/\",\"name\":\"BonoLoto biletleri online | T\u00fcrkiye'den bilet nas\u0131l al\u0131n\u0131r\",\"isPartOf\":{\"@id\":\"https:\/\/onlinelotto365.com\/tr\/#website\"},\"primaryImageOfPage\":{\"@id\":\"https:\/\/onlinelotto365.com\/tr\/bilet-satin-al\/bonoloto\/#primaryimage\"},\"image\":{\"@id\":\"https:\/\/onlinelotto365.com\/tr\/bilet-satin-al\/bonoloto\/#primaryimage\"},\"thumbnailUrl\":\"https:\/\/redfoxlotto.com\/image?size=8&amp;lottery=bonoloto\",\"datePublished\":\"2022-11-16T12:45:21+00:00\",\"dateModified\":\"2022-11-16T12:45:21+00:00\",\"description\":\"Web sitemiz Bonoloto biletlerini \u00e7evrimi\u00e7i ve yasal olarak sat\u0131n alman\u0131z\u0131 sa\u011flar\",\"breadcrumb\":{\"@id\":\"https:\/\/onlinelotto365.com\/tr\/bilet-satin-al\/bonoloto\/#breadcrumb\"},\"inLanguage\":\"tr\",\"potentialAction\":[{\"@type\":\"ReadAction\",\"target\":[\"https:\/\/onlinelotto365.com\/tr\/bilet-satin-al\/bonoloto\/\"]}]},{\"@type\":\"ImageObject\",\"inLanguage\":\"tr\",\"@id\":\"https:\/\/onlinelotto365.com\/tr\/bilet-satin-al\/bonoloto\/#primaryimage\",\"url\":\"https:\/\/redfoxlotto.com\/image?size=8&amp;lottery=bonoloto\",\"contentUrl\":\"https:\/\/redfoxlotto.com\/image?size=8&amp;lottery=bonoloto\"},{\"@type\":\"BreadcrumbList\",\"@id\":\"https:\/\/onlinelotto365.com\/tr\/bilet-satin-al\/bonoloto\/#breadcrumb\",\"itemListElement\":[{\"@type\":\"ListItem\",\"position\":1,\"name\":\"Home\",\"item\":\"https:\/\/onlinelotto365.com\/tr\/\"},{\"@type\":\"ListItem\",\"position\":2,\"name\":\"Uluslararasi Loto Etkinlikleri i\u00e7in Online Bilet Servisi\",\"item\":\"https:\/\/onlinelotto365.com\/tr\/bilet-satin-al\/\"},{\"@type\":\"ListItem\",\"position\":3,\"name\":\"BonoLoto biletlerini online sat\u0131n almak i\u00e7in\"}]},{\"@type\":\"WebSite\",\"@id\":\"https:\/\/onlinelotto365.com\/tr\/#website\",\"url\":\"https:\/\/onlinelotto365.com\/tr\/\",\"name\":\"OnlineLotto365\",\"description\":\"\",\"potentialAction\":[{\"@type\":\"SearchAction\",\"target\":{\"@type\":\"EntryPoint\",\"urlTemplate\":\"https:\/\/onlinelotto365.com\/tr\/?s={search_term_string}\"},\"query-input\":{\"@type\":\"PropertyValueSpecification\",\"valueRequired\":true,\"valueName\":\"search_term_string\"}}],\"inLanguage\":\"tr\"}]}<\/script>\n<!-- \/ Yoast SEO plugin. -->","yoast_head_json":{"title":"BonoLoto biletleri online | T\u00fcrkiye'den bilet nas\u0131l al\u0131n\u0131r","description":"Web sitemiz Bonoloto biletlerini \u00e7evrimi\u00e7i ve yasal olarak sat\u0131n alman\u0131z\u0131 sa\u011flar","robots":{"index":"index","follow":"follow","max-snippet":"max-snippet:-1","max-image-preview":"max-image-preview:large","max-video-preview":"max-video-preview:-1"},"canonical":"https:\/\/onlinelotto365.com\/tr\/bilet-satin-al\/bonoloto\/","og_locale":"tr_TR","og_type":"article","og_title":"BonoLoto biletleri online | T\u00fcrkiye'den bilet nas\u0131l al\u0131n\u0131r","og_description":"Web sitemiz Bonoloto biletlerini \u00e7evrimi\u00e7i ve yasal olarak sat\u0131n alman\u0131z\u0131 sa\u011flar","og_url":"https:\/\/onlinelotto365.com\/tr\/bilet-satin-al\/bonoloto\/","og_site_name":"OnlineLotto365","og_image":[{"url":"https:\/\/redfoxlotto.com\/image?size=8&amp;lottery=bonoloto"}],"twitter_card":"summary_large_image","twitter_misc":{"Tahmini okuma s\u00fcresi":"3 dakika"},"schema":{"@context":"https:\/\/schema.org","@graph":[{"@type":"WebPage","@id":"https:\/\/onlinelotto365.com\/tr\/bilet-satin-al\/bonoloto\/","url":"https:\/\/onlinelotto365.com\/tr\/bilet-satin-al\/bonoloto\/","name":"BonoLoto biletleri online | T\u00fcrkiye'den bilet nas\u0131l al\u0131n\u0131r","isPartOf":{"@id":"https:\/\/onlinelotto365.com\/tr\/#website"},"primaryImageOfPage":{"@id":"https:\/\/onlinelotto365.com\/tr\/bilet-satin-al\/bonoloto\/#primaryimage"},"image":{"@id":"https:\/\/onlinelotto365.com\/tr\/bilet-satin-al\/bonoloto\/#primaryimage"},"thumbnailUrl":"https:\/\/redfoxlotto.com\/image?size=8&amp;lottery=bonoloto","datePublished":"2022-11-16T12:45:21+00:00","dateModified":"2022-11-16T12:45:21+00:00","description":"Web sitemiz Bonoloto biletlerini \u00e7evrimi\u00e7i ve yasal olarak sat\u0131n alman\u0131z\u0131 sa\u011flar","breadcrumb":{"@id":"https:\/\/onlinelotto365.com\/tr\/bilet-satin-al\/bonoloto\/#breadcrumb"},"inLanguage":"tr","potentialAction":[{"@type":"ReadAction","target":["https:\/\/onlinelotto365.com\/tr\/bilet-satin-al\/bonoloto\/"]}]},{"@type":"ImageObject","inLanguage":"tr","@id":"https:\/\/onlinelotto365.com\/tr\/bilet-satin-al\/bonoloto\/#primaryimage","url":"https:\/\/redfoxlotto.com\/image?size=8&amp;lottery=bonoloto","contentUrl":"https:\/\/redfoxlotto.com\/image?size=8&amp;lottery=bonoloto"},{"@type":"BreadcrumbList","@id":"https:\/\/onlinelotto365.com\/tr\/bilet-satin-al\/bonoloto\/#breadcrumb","itemListElement":[{"@type":"ListItem","position":1,"name":"Home","item":"https:\/\/onlinelotto365.com\/tr\/"},{"@type":"ListItem","position":2,"name":"Uluslararasi Loto Etkinlikleri i\u00e7in Online Bilet Servisi","item":"https:\/\/onlinelotto365.com\/tr\/bilet-satin-al\/"},{"@type":"ListItem","position":3,"name":"BonoLoto biletlerini online sat\u0131n almak i\u00e7in"}]},{"@type":"WebSite","@id":"https:\/\/onlinelotto365.com\/tr\/#website","url":"https:\/\/onlinelotto365.com\/tr\/","name":"OnlineLotto365","description":"","potentialAction":[{"@type":"SearchAction","target":{"@type":"EntryPoint","urlTemplate":"https:\/\/onlinelotto365.com\/tr\/?s={search_term_string}"},"query-input":{"@type":"PropertyValueSpecification","valueRequired":true,"valueName":"search_term_string"}}],"inLanguage":"tr"}]}},"_links":{"self":[{"href":"https:\/\/onlinelotto365.com\/tr\/wp-json\/wp\/v2\/pages\/80329","targetHints":{"allow":["GET"]}}],"collection":[{"href":"https:\/\/onlinelotto365.com\/tr\/wp-json\/wp\/v2\/pages"}],"about":[{"href":"https:\/\/onlinelotto365.com\/tr\/wp-json\/wp\/v2\/types\/page"}],"author":[{"embeddable":true,"href":"https:\/\/onlinelotto365.com\/tr\/wp-json\/wp\/v2\/users\/1"}],"replies":[{"embeddable":true,"href":"https:\/\/onlinelotto365.com\/tr\/wp-json\/wp\/v2\/comments?post=80329"}],"version-history":[{"count":0,"href":"https:\/\/onlinelotto365.com\/tr\/wp-json\/wp\/v2\/pages\/80329\/revisions"}],"up":[{"embeddable":true,"href":"https:\/\/onlinelotto365.com\/tr\/wp-json\/wp\/v2\/pages\/5682"}],"wp:attachment":[{"href":"https:\/\/onlinelotto365.com\/tr\/wp-json\/wp\/v2\/media?parent=80329"}],"curies":[{"name":"wp","href":"https:\/\/api.w.org\/{rel}","templated":true}]}}