{"id":80367,"date":"2022-11-17T08:51:45","date_gmt":"2022-11-17T07:51:45","guid":{"rendered":"https:\/\/onlinelotto365.com\/?page_id=80367"},"modified":"2022-11-17T08:51:45","modified_gmt":"2022-11-17T07:51:45","slug":"uk-lottery","status":"publish","type":"page","link":"https:\/\/onlinelotto365.com\/tr\/bilet-satin-al\/uk-lottery\/","title":{"rendered":"\u0130ngiltere Piyango biletlerini \u00e7evrimi\u00e7i sat\u0131n alma"},"content":{"rendered":"<p>T\u00fcrkiye&#8217;de UK Lottery i\u00e7in loto biletlerinizi sat\u0131n almak istiyorsan\u0131z endi\u015felenmenize gerek yok \u00e7\u00fcnk\u00fc t\u00fcm s\u00fcreci sizin i\u00e7in h\u0131zl\u0131 ve kolay bir \u015fekilde haz\u0131rlad\u0131k. Sadece a\u015fa\u011f\u0131daki basit ad\u0131mlara bir g\u00f6z atman\u0131z yeterlidir ve hi\u00e7 vakit kaybetmeden haz\u0131r olacaks\u0131n\u0131z.<br \/>\n<a href=\"https:\/\/redfoxlotto.com\/play\/lotto-uk\/?ref=a8564250a2&amp;medium=ol365\" target=\"_blank\" rel=\"noopener noreferrer\"><img decoding=\"async\" class=\"aligncenter\" src=\"https:\/\/redfoxlotto.com\/image?size=8&amp;lottery=lotto-uk\" alt=\"i\u0307ngi\u0307ltere pi\u0307yangosu\" \/><\/a><\/p>\n<ul>\n<li>UK Lottery gibi oynamak istedi\u011finiz piyango oyunu i\u00e7in do\u011fru sayfaya gidin. Ve sonra biletiniz i\u00e7in istedi\u011finiz numaralar\u0131 se\u00e7in.<\/li>\n<li>Bu veya oynayaca\u011f\u0131n\u0131z di\u011fer piyango oyunlar\u0131 i\u00e7in istedi\u011finiz ek piyango biletlerini se\u00e7in<\/li>\n<li>Biletleriniz i\u00e7in \u00f6deme se\u00e7ene\u011fini se\u00e7in<\/li>\n<li>Yeni bir kullan\u0131c\u0131ysan\u0131z bir hesap kaydetme s\u00fcrecinden ge\u00e7in veya zaten mevcut bir kullan\u0131c\u0131ysan\u0131z hesab\u0131n\u0131zda oturum a\u00e7\u0131n<\/li>\n<li>Hala kay\u0131t olmas\u0131 gerekenler i\u00e7in birka\u00e7 dakika i\u00e7inde gelen kutunuza veya spam klas\u00f6r\u00fcn\u00fcze bir do\u011frulama e-postas\u0131 alacaks\u0131n\u0131z<\/li>\n<li>E-postan\u0131z\u0131 birka\u00e7 dakika i\u00e7inde almad\u0131ysan\u0131z, al\u0131p almad\u0131\u011f\u0131n\u0131zdan emin olmak i\u00e7in spam klas\u00f6r\u00fcn\u00fc kontrol edin<\/li>\n<li>Web sitesine d\u00f6n\u00fcn ve biletlerinizin \u00f6demesini yapmak i\u00e7in al\u0131\u015fveri\u015f sepetini se\u00e7in<\/li>\n<li>\u00d6deme y\u00f6nteminizi se\u00e7in ve \u00f6deme talimatlar\u0131n\u0131 g\u00f6zden ge\u00e7irin<\/li>\n<\/ul>\n<h2>Birle\u015fik Krall\u0131k Piyango biletinizi \u00e7evrimi\u00e7i olarak nas\u0131l \u00f6deyebilirsiniz?<\/h2>\n<p>T\u00fcrkiye&#8217;den ve di\u011fer \u00fclkelerden m\u00fc\u015fterilerimiz i\u00e7in tamamen g\u00fcvenli birka\u00e7 farkl\u0131 \u00f6deme y\u00f6ntemi sunuyoruz. Bu \u015fekilde sizin i\u00e7in en uygun y\u00f6ntemi se\u00e7ebilirsiniz.<br \/>\n\u0130ki farkl\u0131 genel \u00f6deme se\u00e7ene\u011finden birini se\u00e7in:<\/p>\n<p>Her sipari\u015f i\u00e7in tercih etti\u011finiz \u00f6deme y\u00f6ntemini kullanarak \u00f6deme yap\u0131n<br \/>\nHesab\u0131n\u0131za para yat\u0131r\u0131n ve istedi\u011finiz biletleri sat\u0131n almak i\u00e7in kullan\u0131n<\/p>\n<p>Do\u011frudan hesab\u0131n\u0131za para eklemeyi se\u00e7erseniz, biletleriniz i\u00e7in ihtiyac\u0131n\u0131z olan miktardan daha fazlas\u0131n\u0131 yat\u0131rd\u0131\u011f\u0131n\u0131zdan emin olun.<\/p>\n<h2>UK Lottery hakk\u0131nda daha fazla bilgi<\/h2>\n<ul>\n<li>\u00dclke: Birle\u015fik Krall\u0131k Piyangosu<\/li>\n<li>Ana numaralar aral\u0131\u011f\u0131: 59<\/li>\n<li>Sen se\u00e7: 6<\/li>\n<li>Ekstra say\u0131 aral\u0131\u011f\u0131:<\/li>\n<li>Sen se\u00e7:<\/li>\n<li>\u00c7ekili\u015f g\u00fcnleri, saatleri: \u00c7ar\u015famba, Cumartesi, , 19:30 UTC, 19:30 CET<\/li>\n<li>Minimum ikramiye: 2,5 milyon GBP<\/li>\n<li>Maksimum ikramiye: 22 milyon GBP<\/li>\n<li>B\u00fcy\u00fck ikramiyeyi kazanma olas\u0131l\u0131\u011f\u0131: 45057474&#8217;te 1<\/li>\n<li>\u0130kinci kademe kazanma olas\u0131l\u0131\u011f\u0131: 7509579&#8217;da 1<\/li>\n<li>Herhangi bir kademede kazanma olas\u0131l\u0131\u011f\u0131: 9,27&#8217;de 1<\/li>\n<li>\u00d6d\u00fcl kademesi say\u0131s\u0131: 6<\/li>\n<\/ul>\n<h2>\u0130ngiltere Piyango biletlerini \u00e7evrimi\u00e7i sat\u0131n alman\u0131n avantajlar\u0131<\/h2>\n<ul>\n<li>Evden \u00e7\u0131kmadan istedi\u011finiz biletleri al\u0131n<\/li>\n<li>\u00c7ok \u00e7e\u015fitli piyango oyunlar\u0131 aras\u0131ndan se\u00e7im yap\u0131n<\/li>\n<li>Farkl\u0131 oyunlar aras\u0131ndan se\u00e7im yaparak b\u00fcy\u00fck ikramiye i\u00e7in en iyi \u015fans\u0131 yakalay\u0131n<\/li>\n<li>Biletlerin \u00f6demesini yapmak i\u00e7in do\u011frudan \u00f6deme hesab\u0131n\u0131za para ekleyin<\/li>\n<li>Biletlerinizi bir daha kaybetme endi\u015fesi yok<\/li>\n<li>Kazan\u00e7lar i\u00e7in do\u011frudan size g\u00f6nderilen bildirimler<\/li>\n<li>Kendi numaralar\u0131n\u0131z\u0131 se\u00e7mek istemiyorsan\u0131z kolay se\u00e7im se\u00e7enekleri<\/li>\n<\/ul>\n<h2>\u0130ngiltere Piyango biletlerini \u00e7evrimi\u00e7i sat\u0131n almak yasal m\u0131?<\/h2>\n<p>T\u00fcrkiye&#8217;den \u00e7evrimi\u00e7i olarak veya daha geleneksel bir \u015fekilde Birle\u015fik Krall\u0131k Piyango bileti sat\u0131n alman\u0131n yasall\u0131\u011f\u0131 konusunda herhangi bir endi\u015fe yoktur. Ne olursa olsun biletlerinizi alaca\u011f\u0131n\u0131zdan ve ikramiye kazanma konusunda bile endi\u015felenmenize gerek kalmayaca\u011f\u0131ndan emin olabilirsiniz.<\/p>\n<p>\u0130kamet etti\u011finiz \u00fclkeye g\u00f6re hizmetin yasal olup olmad\u0131\u011f\u0131 konusunda endi\u015felenmenize gerek kalmadan size para kazand\u0131rmaya \u00f6zen g\u00f6sterece\u011fiz. Bizimle bilet sat\u0131n almak i\u00e7in 18 ya\u015f\u0131nda veya daha b\u00fcy\u00fck oldu\u011funuzdan emin olun<\/p>\n<h2>\u00c7evrimi\u00e7i UK Lottery&#8217;yi kazan\u0131rsam \u00f6dememi nas\u0131l al\u0131r\u0131m?<\/h2>\n<p><img loading=\"lazy\" decoding=\"async\" class=\"alignright size-medium wp-image-3655\" src=\"https:\/\/onlinelotto365.com\/wp-content\/uploads\/2020\/11\/online_lottery-59-300x182.jpg\" alt=\"online uk lottery oyna\" width=\"300\" height=\"182\" srcset=\"https:\/\/onlinelotto365.com\/wp-content\/uploads\/2020\/11\/online_lottery-59-300x182.jpg 300w, https:\/\/onlinelotto365.com\/wp-content\/uploads\/2020\/11\/online_lottery-59.jpg 320w\" sizes=\"auto, (max-width: 300px) 100vw, 300px\" \/><br \/>\n\u00d6deme alman\u0131n sizin i\u00e7in en \u00f6nemli k\u0131s\u0131mlardan biri oldu\u011funu biliyoruz ve bu y\u00fczden \u00f6deme s\u00fcrecinin m\u00fcmk\u00fcn oldu\u011funca basit oldu\u011fundan emin olmak istiyoruz. Ayr\u0131ca kazanc\u0131n\u0131zdan herhangi bir komisyon alm\u0131yoruz, b\u00f6ylece kazand\u0131\u011f\u0131n\u0131z\u0131n her par\u00e7as\u0131n\u0131 al\u0131yorsunuz. \u00dccret ald\u0131\u011f\u0131m\u0131z tek zaman, bir banka transferi talep etmeniz ve bankan\u0131n bizden bir \u00fccret talep etmesidir. Bu tutar size yans\u0131t\u0131labilir.<br \/>\nAksi takdirde, \u00f6demeleriniz i\u00e7in ne oldu\u011funa buradan g\u00f6z atabilirsiniz:<\/p>\n<ul>\n<li>2500\u20ac&#8217;nun alt\u0131ndaki \u00f6demeler otomatik olarak hesab\u0131n\u0131za yat\u0131r\u0131lacakt\u0131r. Hi\u00e7bir \u015fey yapman\u0131za gerek yok<\/li>\n<li>2500 \u20ac \u00fczerindeki \u00f6demeler i\u00e7in piyango komisyonuna sunulabilecek bir talep formu gerekecektir. Bu form size destek ekibimiz taraf\u0131ndan g\u00f6nderilecek ve paran\u0131z\u0131n \u00e7ek veya banka havalesi yoluyla g\u00f6nderilmesini se\u00e7menize izin verecektir<\/li>\n<\/ul>\n","protected":false},"excerpt":{"rendered":"<p>T\u00fcrkiye&#8217;de UK Lottery i\u00e7in loto biletlerinizi sat\u0131n almak istiyorsan\u0131z endi\u015felenmenize gerek yok \u00e7\u00fcnk\u00fc t\u00fcm s\u00fcreci sizin i\u00e7in h\u0131zl\u0131 ve kolay bir \u015fekilde haz\u0131rlad\u0131k. Sadece a\u015fa\u011f\u0131daki basit ad\u0131mlara bir g\u00f6z atman\u0131z yeterlidir ve hi\u00e7 vakit kaybetmeden haz\u0131r olacaks\u0131n\u0131z. UK Lottery gibi oynamak istedi\u011finiz piyango oyunu i\u00e7in do\u011fru sayfaya gidin. Ve sonra biletiniz i\u00e7in istedi\u011finiz numaralar\u0131 se\u00e7in. [&hellip;]<\/p>\n","protected":false},"author":1,"featured_media":0,"parent":5682,"menu_order":9,"comment_status":"closed","ping_status":"closed","template":"lotto-uk-info.php","meta":{"_et_pb_use_builder":"","_et_pb_old_content":"","_et_gb_content_width":"","exclude_from_search":false,"footnotes":""},"class_list":["post-80367","page","type-page","status-publish","hentry"],"yoast_head":"<!-- This site is optimized with the Yoast SEO plugin v23.4 - https:\/\/yoast.com\/wordpress\/plugins\/seo\/ -->\n<title>UK Lottery i\u00e7in T\u00fcrkiye&#039;den online bilet sat\u0131n al\u0131n | UK Lottery bilgileri, nas\u0131l bilet sat\u0131n al\u0131n\u0131r<\/title>\n<meta name=\"description\" content=\"T\u00fcrkiye&#039;den loto oyuncular\u0131n\u0131n Birle\u015fik Krall\u0131k Piyangosu i\u00e7in bilet almas\u0131n\u0131 m\u00fcmk\u00fcn k\u0131l\u0131yoruz\" \/>\n<meta name=\"robots\" content=\"index, follow, max-snippet:-1, max-image-preview:large, max-video-preview:-1\" \/>\n<link rel=\"canonical\" href=\"https:\/\/onlinelotto365.com\/tr\/bilet-satin-al\/uk-lottery\/\" \/>\n<meta property=\"og:locale\" content=\"tr_TR\" \/>\n<meta property=\"og:type\" content=\"article\" \/>\n<meta property=\"og:title\" content=\"UK Lottery i\u00e7in T\u00fcrkiye&#039;den online bilet sat\u0131n al\u0131n | UK Lottery bilgileri, nas\u0131l bilet sat\u0131n al\u0131n\u0131r\" \/>\n<meta property=\"og:description\" content=\"T\u00fcrkiye&#039;den loto oyuncular\u0131n\u0131n Birle\u015fik Krall\u0131k Piyangosu i\u00e7in bilet almas\u0131n\u0131 m\u00fcmk\u00fcn k\u0131l\u0131yoruz\" \/>\n<meta property=\"og:url\" content=\"https:\/\/onlinelotto365.com\/tr\/bilet-satin-al\/uk-lottery\/\" \/>\n<meta property=\"og:site_name\" content=\"OnlineLotto365\" \/>\n<meta property=\"og:image\" content=\"https:\/\/redfoxlotto.com\/image?size=8&amp;lottery=lotto-uk\" \/>\n<meta name=\"twitter:card\" content=\"summary_large_image\" \/>\n<meta name=\"twitter:label1\" content=\"Tahmini okuma s\u00fcresi\" \/>\n\t<meta name=\"twitter:data1\" content=\"3 dakika\" \/>\n<script type=\"application\/ld+json\" class=\"yoast-schema-graph\">{\"@context\":\"https:\/\/schema.org\",\"@graph\":[{\"@type\":\"WebPage\",\"@id\":\"https:\/\/onlinelotto365.com\/tr\/bilet-satin-al\/uk-lottery\/\",\"url\":\"https:\/\/onlinelotto365.com\/tr\/bilet-satin-al\/uk-lottery\/\",\"name\":\"UK Lottery i\u00e7in T\u00fcrkiye'den online bilet sat\u0131n al\u0131n | UK Lottery bilgileri, nas\u0131l bilet sat\u0131n al\u0131n\u0131r\",\"isPartOf\":{\"@id\":\"https:\/\/onlinelotto365.com\/tr\/#website\"},\"primaryImageOfPage\":{\"@id\":\"https:\/\/onlinelotto365.com\/tr\/bilet-satin-al\/uk-lottery\/#primaryimage\"},\"image\":{\"@id\":\"https:\/\/onlinelotto365.com\/tr\/bilet-satin-al\/uk-lottery\/#primaryimage\"},\"thumbnailUrl\":\"https:\/\/redfoxlotto.com\/image?size=8&amp;lottery=lotto-uk\",\"datePublished\":\"2022-11-17T07:51:45+00:00\",\"dateModified\":\"2022-11-17T07:51:45+00:00\",\"description\":\"T\u00fcrkiye'den loto oyuncular\u0131n\u0131n Birle\u015fik Krall\u0131k Piyangosu i\u00e7in bilet almas\u0131n\u0131 m\u00fcmk\u00fcn k\u0131l\u0131yoruz\",\"breadcrumb\":{\"@id\":\"https:\/\/onlinelotto365.com\/tr\/bilet-satin-al\/uk-lottery\/#breadcrumb\"},\"inLanguage\":\"tr\",\"potentialAction\":[{\"@type\":\"ReadAction\",\"target\":[\"https:\/\/onlinelotto365.com\/tr\/bilet-satin-al\/uk-lottery\/\"]}]},{\"@type\":\"ImageObject\",\"inLanguage\":\"tr\",\"@id\":\"https:\/\/onlinelotto365.com\/tr\/bilet-satin-al\/uk-lottery\/#primaryimage\",\"url\":\"https:\/\/redfoxlotto.com\/image?size=8&amp;lottery=lotto-uk\",\"contentUrl\":\"https:\/\/redfoxlotto.com\/image?size=8&amp;lottery=lotto-uk\"},{\"@type\":\"BreadcrumbList\",\"@id\":\"https:\/\/onlinelotto365.com\/tr\/bilet-satin-al\/uk-lottery\/#breadcrumb\",\"itemListElement\":[{\"@type\":\"ListItem\",\"position\":1,\"name\":\"Home\",\"item\":\"https:\/\/onlinelotto365.com\/tr\/\"},{\"@type\":\"ListItem\",\"position\":2,\"name\":\"Uluslararasi Loto Etkinlikleri i\u00e7in Online Bilet Servisi\",\"item\":\"https:\/\/onlinelotto365.com\/tr\/bilet-satin-al\/\"},{\"@type\":\"ListItem\",\"position\":3,\"name\":\"\u0130ngiltere Piyango biletlerini \u00e7evrimi\u00e7i sat\u0131n alma\"}]},{\"@type\":\"WebSite\",\"@id\":\"https:\/\/onlinelotto365.com\/tr\/#website\",\"url\":\"https:\/\/onlinelotto365.com\/tr\/\",\"name\":\"OnlineLotto365\",\"description\":\"\",\"potentialAction\":[{\"@type\":\"SearchAction\",\"target\":{\"@type\":\"EntryPoint\",\"urlTemplate\":\"https:\/\/onlinelotto365.com\/tr\/?s={search_term_string}\"},\"query-input\":{\"@type\":\"PropertyValueSpecification\",\"valueRequired\":true,\"valueName\":\"search_term_string\"}}],\"inLanguage\":\"tr\"}]}<\/script>\n<!-- \/ Yoast SEO plugin. -->","yoast_head_json":{"title":"UK Lottery i\u00e7in T\u00fcrkiye'den online bilet sat\u0131n al\u0131n | UK Lottery bilgileri, nas\u0131l bilet sat\u0131n al\u0131n\u0131r","description":"T\u00fcrkiye'den loto oyuncular\u0131n\u0131n Birle\u015fik Krall\u0131k Piyangosu i\u00e7in bilet almas\u0131n\u0131 m\u00fcmk\u00fcn k\u0131l\u0131yoruz","robots":{"index":"index","follow":"follow","max-snippet":"max-snippet:-1","max-image-preview":"max-image-preview:large","max-video-preview":"max-video-preview:-1"},"canonical":"https:\/\/onlinelotto365.com\/tr\/bilet-satin-al\/uk-lottery\/","og_locale":"tr_TR","og_type":"article","og_title":"UK Lottery i\u00e7in T\u00fcrkiye'den online bilet sat\u0131n al\u0131n | UK Lottery bilgileri, nas\u0131l bilet sat\u0131n al\u0131n\u0131r","og_description":"T\u00fcrkiye'den loto oyuncular\u0131n\u0131n Birle\u015fik Krall\u0131k Piyangosu i\u00e7in bilet almas\u0131n\u0131 m\u00fcmk\u00fcn k\u0131l\u0131yoruz","og_url":"https:\/\/onlinelotto365.com\/tr\/bilet-satin-al\/uk-lottery\/","og_site_name":"OnlineLotto365","og_image":[{"url":"https:\/\/redfoxlotto.com\/image?size=8&amp;lottery=lotto-uk"}],"twitter_card":"summary_large_image","twitter_misc":{"Tahmini okuma s\u00fcresi":"3 dakika"},"schema":{"@context":"https:\/\/schema.org","@graph":[{"@type":"WebPage","@id":"https:\/\/onlinelotto365.com\/tr\/bilet-satin-al\/uk-lottery\/","url":"https:\/\/onlinelotto365.com\/tr\/bilet-satin-al\/uk-lottery\/","name":"UK Lottery i\u00e7in T\u00fcrkiye'den online bilet sat\u0131n al\u0131n | UK Lottery bilgileri, nas\u0131l bilet sat\u0131n al\u0131n\u0131r","isPartOf":{"@id":"https:\/\/onlinelotto365.com\/tr\/#website"},"primaryImageOfPage":{"@id":"https:\/\/onlinelotto365.com\/tr\/bilet-satin-al\/uk-lottery\/#primaryimage"},"image":{"@id":"https:\/\/onlinelotto365.com\/tr\/bilet-satin-al\/uk-lottery\/#primaryimage"},"thumbnailUrl":"https:\/\/redfoxlotto.com\/image?size=8&amp;lottery=lotto-uk","datePublished":"2022-11-17T07:51:45+00:00","dateModified":"2022-11-17T07:51:45+00:00","description":"T\u00fcrkiye'den loto oyuncular\u0131n\u0131n Birle\u015fik Krall\u0131k Piyangosu i\u00e7in bilet almas\u0131n\u0131 m\u00fcmk\u00fcn k\u0131l\u0131yoruz","breadcrumb":{"@id":"https:\/\/onlinelotto365.com\/tr\/bilet-satin-al\/uk-lottery\/#breadcrumb"},"inLanguage":"tr","potentialAction":[{"@type":"ReadAction","target":["https:\/\/onlinelotto365.com\/tr\/bilet-satin-al\/uk-lottery\/"]}]},{"@type":"ImageObject","inLanguage":"tr","@id":"https:\/\/onlinelotto365.com\/tr\/bilet-satin-al\/uk-lottery\/#primaryimage","url":"https:\/\/redfoxlotto.com\/image?size=8&amp;lottery=lotto-uk","contentUrl":"https:\/\/redfoxlotto.com\/image?size=8&amp;lottery=lotto-uk"},{"@type":"BreadcrumbList","@id":"https:\/\/onlinelotto365.com\/tr\/bilet-satin-al\/uk-lottery\/#breadcrumb","itemListElement":[{"@type":"ListItem","position":1,"name":"Home","item":"https:\/\/onlinelotto365.com\/tr\/"},{"@type":"ListItem","position":2,"name":"Uluslararasi Loto Etkinlikleri i\u00e7in Online Bilet Servisi","item":"https:\/\/onlinelotto365.com\/tr\/bilet-satin-al\/"},{"@type":"ListItem","position":3,"name":"\u0130ngiltere Piyango biletlerini \u00e7evrimi\u00e7i sat\u0131n alma"}]},{"@type":"WebSite","@id":"https:\/\/onlinelotto365.com\/tr\/#website","url":"https:\/\/onlinelotto365.com\/tr\/","name":"OnlineLotto365","description":"","potentialAction":[{"@type":"SearchAction","target":{"@type":"EntryPoint","urlTemplate":"https:\/\/onlinelotto365.com\/tr\/?s={search_term_string}"},"query-input":{"@type":"PropertyValueSpecification","valueRequired":true,"valueName":"search_term_string"}}],"inLanguage":"tr"}]}},"_links":{"self":[{"href":"https:\/\/onlinelotto365.com\/tr\/wp-json\/wp\/v2\/pages\/80367","targetHints":{"allow":["GET"]}}],"collection":[{"href":"https:\/\/onlinelotto365.com\/tr\/wp-json\/wp\/v2\/pages"}],"about":[{"href":"https:\/\/onlinelotto365.com\/tr\/wp-json\/wp\/v2\/types\/page"}],"author":[{"embeddable":true,"href":"https:\/\/onlinelotto365.com\/tr\/wp-json\/wp\/v2\/users\/1"}],"replies":[{"embeddable":true,"href":"https:\/\/onlinelotto365.com\/tr\/wp-json\/wp\/v2\/comments?post=80367"}],"version-history":[{"count":0,"href":"https:\/\/onlinelotto365.com\/tr\/wp-json\/wp\/v2\/pages\/80367\/revisions"}],"up":[{"embeddable":true,"href":"https:\/\/onlinelotto365.com\/tr\/wp-json\/wp\/v2\/pages\/5682"}],"wp:attachment":[{"href":"https:\/\/onlinelotto365.com\/tr\/wp-json\/wp\/v2\/media?parent=80367"}],"curies":[{"name":"wp","href":"https:\/\/api.w.org\/{rel}","templated":true}]}}