{"id":80421,"date":"2022-11-17T13:09:28","date_gmt":"2022-11-17T12:09:28","guid":{"rendered":"https:\/\/onlinelotto365.com\/?page_id=80421"},"modified":"2022-11-17T13:09:28","modified_gmt":"2022-11-17T12:09:28","slug":"omur-boyu-set","status":"publish","type":"page","link":"https:\/\/onlinelotto365.com\/tr\/bilet-satin-al\/omur-boyu-set\/","title":{"rendered":"Set for life biletleri online olarak nas\u0131l sat\u0131n al\u0131n\u0131r"},"content":{"rendered":"<p>Set for Life biletlerinizi \u015fimdi sat\u0131n almak istiyorsan\u0131z, bunu nas\u0131l yapaca\u011f\u0131n\u0131z\u0131 bilmeniz gerekecek. T\u00fcrkiye&#8217;de ya\u015f\u0131yorsan\u0131z, bu sizin i\u00e7in kolayd\u0131r ve muhtemelen nas\u0131l bilet alaca\u011f\u0131n\u0131z\u0131 zaten biliyorsunuzdur. Peki ya Avustralya gibi di\u011fer \u00fclkelerden gelen loto oyuncular\u0131? Bu \u00e7ok basit bir s\u00fcre\u00e7 ve hi\u00e7 vakit kaybetmeden ba\u015flaman\u0131z\u0131 sa\u011flayabiliriz. Tek yapman\u0131z gereken a\u015fa\u011f\u0131da belirtti\u011fimiz ad\u0131mlar\u0131 takip etmek. Oradan, bir sonraki \u00e7ekili\u015f i\u00e7in istedi\u011finiz biletleri alabilirsiniz.<br \/>\n<a href=\"https:\/\/redfoxlotto.com\/play\/set-for-life-uk\/?ref=a8564250a2&amp;medium=ol365\" target=\"_blank\" rel=\"noopener noreferrer\"><img decoding=\"async\" class=\"aligncenter\" src=\"https:\/\/redfoxlotto.com\/image?size=8&amp;lottery=set-for-life-uk\" alt=\"&quot;Set\" \/><\/a><\/p>\n<ul>\n<li>Set for Life piyangosunun sayfas\u0131na gidin ve istedi\u011finiz bilet say\u0131s\u0131n\u0131 se\u00e7in ve bu biletlerin her biri i\u00e7in istedi\u011finiz numaralar\u0131 se\u00e7in<\/li>\n<li>Sepetinizi doldurmak i\u00e7in Set for Life veya di\u011fer loto oyunlar\u0131 i\u00e7in ek biletler se\u00e7in<\/li>\n<li>\u015eimdi \u00f6deme se\u00e7ene\u011fini se\u00e7in<\/li>\n<li>Hesab\u0131n\u0131za giri\u015f yapmak i\u00e7in y\u00f6nergeleri izleyin veya yeni bir hesap olu\u015fturma s\u00fcrecinden ge\u00e7in<\/li>\n<li>Hesab\u0131n\u0131za girerek ve e-postan\u0131zdaki ba\u011flant\u0131ya t\u0131klayarak do\u011frulama i\u015flemini tamamlay\u0131n<\/li>\n<li>E-posta gelen kutunuzda g\u00f6r\u00fcnm\u00fcyorsa, ald\u0131\u011f\u0131n\u0131zdan emin olmak i\u00e7in spam klas\u00f6r\u00fcn\u00fcz\u00fc kontrol edin<\/li>\n<li>Hesab\u0131n\u0131z\u0131 do\u011frulad\u0131ktan sonra web sitesindeki al\u0131\u015fveri\u015f sepetine gidin<\/li>\n<li>Tercih etti\u011finiz \u00f6deme y\u00f6ntemini se\u00e7in ve \u00f6deme s\u00fcrecinden ge\u00e7in<\/li>\n<\/ul>\n<h2>Set for life biletinizi online olarak nas\u0131l \u00f6deyebilirsiniz?<\/h2>\n<p>Biletleriniz i\u00e7in \u00f6deme yapmak s\u00f6z konusu oldu\u011funda, bunun sadece kolay de\u011fil, ayn\u0131 zamanda tamamen g\u00fcvenli oldu\u011funu ve size bir\u00e7ok se\u00e7enek sundu\u011funu g\u00f6receksiniz.<br \/>\nBiletleriniz i\u00e7in \u00f6deme yapmay\u0131 se\u00e7in:<\/p>\n<p>Se\u00e7ti\u011finiz \u00f6deme y\u00f6ntemiyle do\u011frudan sat\u0131n alma<br \/>\nHesab\u0131n\u0131za para yat\u0131rmak ve bunu bir sat\u0131n alma i\u015flemi yapmak i\u00e7in kullanmak<\/p>\n<p>Hesab\u0131n\u0131za para yat\u0131rmay\u0131 se\u00e7erseniz, \u00f6deme se\u00e7iminizin ger\u00e7ekle\u015fmesi i\u00e7in biraz daha fazla para yat\u0131rd\u0131\u011f\u0131n\u0131zdan emin olun.<\/p>\n<h2>Set for life hakk\u0131nda daha fazla bilgi<\/h2>\n<ul>\n<li>\u00dclke T\u00fcrkiye<\/li>\n<li>Ana numaralar aral\u0131\u011f\u0131: 45<\/li>\n<li>Sen se\u00e7: 5<\/li>\n<li>Ekstra say\u0131 aral\u0131\u011f\u0131: 10<\/li>\n<li>Sen se\u00e7: 1<\/li>\n<li>\u00c7ekili\u015f g\u00fcnleri, saatleri: Pazartesi, Per\u015fembe, 20:00 GMT, 21:00 CET<\/li>\n<li>Minimum ikramiye:<\/li>\n<li>Maksimum ikramiye:<\/li>\n<li>B\u00fcy\u00fck ikramiyeyi kazanma olas\u0131l\u0131\u011f\u0131: 15339390&#8217;da 1<\/li>\n<li>\u0130kinci kademe kazanma olas\u0131l\u0131\u011f\u0131: 1704377&#8217;de 1<\/li>\n<li>Herhangi bir kademede kazanma olas\u0131l\u0131\u011f\u0131: 12,4&#8217;te 1<\/li>\n<li>\u00d6d\u00fcl kademesi say\u0131s\u0131: 8<\/li>\n<\/ul>\n<h2>Set for life biletlerini online sat\u0131n alman\u0131n avantajlar\u0131<\/h2>\n<ul>\n<li>Biletlerinizi almak i\u00e7in asla evinizden ayr\u0131lmay\u0131n<\/li>\n<li>Avustralya&#8217;dan piyango oynamakla s\u0131n\u0131rl\u0131 de\u011filsiniz<\/li>\n<li>D\u00fcnyan\u0131n d\u00f6rt bir yan\u0131ndan bir dizi farkl\u0131 piyango aras\u0131ndan se\u00e7im yap\u0131n<\/li>\n<li>\u015eans\u0131n\u0131z\u0131 art\u0131rmak i\u00e7in en y\u00fcksek ikramiyeli oyunlar\u0131 se\u00e7in<\/li>\n<li>\u0130stedi\u011finiz biletleri sat\u0131n almak i\u00e7in hesap bakiyenizi kullan\u0131n<\/li>\n<li>Biletlerinizi her zaman takip edin<\/li>\n<li>Biletiniz kazand\u0131\u011f\u0131nda bir bildirim al\u0131n<\/li>\n<li>H\u0131zl\u0131 se\u00e7imlerle bilet se\u00e7eneklerini se\u00e7me konusunda endi\u015felenmeyin<\/li>\n<\/ul>\n<h2>Set for life biletlerini internetten sat\u0131n almak yasal m\u0131?<\/h2>\n<p>Biletlerinizi \u00e7evrimi\u00e7i veya geleneksel \u015fekilde sat\u0131n alman\u0131n yasall\u0131\u011f\u0131 konusunda endi\u015felenmenize gerek yok. Arkan\u0131za yaslan\u0131p rahatlayabilir ve bu oyunlar\u0131n geldi\u011fi \u00fclkedeki t\u00fcm d\u00fczenlemeleri takip edece\u011fimize g\u00fcvenebilirsiniz. Tek yapman\u0131z gereken bir bilet sat\u0131n almak ve b\u00fcy\u00fck ikramiye de dahil olmak \u00fczere bir \u00f6d\u00fcle hak kazan\u0131rsan\u0131z, bunu alaca\u011f\u0131n\u0131z\u0131 garanti ediyoruz.<br \/>\nWeb sitemizi kullanabilmek i\u00e7in en az 18 ya\u015f\u0131nda olman\u0131z gerekmektedir.<\/p>\n<h2>Online Set for life kazan\u0131rsam nas\u0131l \u00f6deme al\u0131r\u0131m?<\/h2>\n<p>Bir \u015fey kazand\u0131\u011f\u0131n\u0131zda size bor\u00e7lu olunan her kuru\u015fun \u00f6denmesini istersiniz ve biz de tam olarak bunu yap\u0131yoruz. Kazanc\u0131n\u0131zdan hi\u00e7bir komisyon ve \u00fccret almadan her zaman t\u00fcm paray\u0131 alman\u0131z\u0131 sa\u011fl\u0131yoruz.<br \/>\nHerhangi bir \u00f6deme yapman\u0131z gereken tek zaman, banka havalesi yapmaya karar verdi\u011finiz zamand\u0131r. Banka bizden \u00fccret al\u0131rsa, ki bu uluslararas\u0131 transferlerde olabilir, o zaman \u00fccret i\u00e7in hesab\u0131n\u0131zdan \u00fccret al\u0131r\u0131z. Kazanc\u0131n\u0131zdan herhangi bir \u015fey almam\u0131z\u0131n tek nedeni budur.<br \/>\nVe e\u011fer kazan\u0131rsan\u0131z, paran\u0131z\u0131 sadece birka\u00e7 yoldan biriyle al\u0131rs\u0131n\u0131z:<\/p>\n<ul>\n<li>2500 \u20ac&#8217;nun alt\u0131ndaki t\u00fcm tutarlar kolayd\u0131r \u00e7\u00fcnk\u00fc destek ekibimiz paray\u0131 sizin i\u00e7in do\u011frudan hesab\u0131n\u0131za yat\u0131racakt\u0131r<\/li>\n<li>2500 \u20ac \u00fczerindeki t\u00fcm tutarlar sizin i\u00e7in yine de kolay olacakt\u0131r \u00e7\u00fcnk\u00fc destek ekibimiz s\u00fcre\u00e7 boyunca size yard\u0131mc\u0131 olacakt\u0131r. Talep formunu doldurabilmeniz i\u00e7in size ula\u015ft\u0131raca\u011f\u0131z ve paran\u0131z\u0131n bankan\u0131za havale edilmesini mi yoksa \u00e7ek olarak g\u00f6nderilmesini mi istedi\u011finizi bize bildireceksiniz.<\/li>\n<\/ul>\n","protected":false},"excerpt":{"rendered":"<p>Set for Life biletlerinizi \u015fimdi sat\u0131n almak istiyorsan\u0131z, bunu nas\u0131l yapaca\u011f\u0131n\u0131z\u0131 bilmeniz gerekecek. T\u00fcrkiye&#8217;de ya\u015f\u0131yorsan\u0131z, bu sizin i\u00e7in kolayd\u0131r ve muhtemelen nas\u0131l bilet alaca\u011f\u0131n\u0131z\u0131 zaten biliyorsunuzdur. Peki ya Avustralya gibi di\u011fer \u00fclkelerden gelen loto oyuncular\u0131? Bu \u00e7ok basit bir s\u00fcre\u00e7 ve hi\u00e7 vakit kaybetmeden ba\u015flaman\u0131z\u0131 sa\u011flayabiliriz. Tek yapman\u0131z gereken a\u015fa\u011f\u0131da belirtti\u011fimiz ad\u0131mlar\u0131 takip etmek. Oradan, [&hellip;]<\/p>\n","protected":false},"author":1,"featured_media":0,"parent":5682,"menu_order":10,"comment_status":"closed","ping_status":"closed","template":"set-for-life-info.php","meta":{"_et_pb_use_builder":"","_et_pb_old_content":"","_et_gb_content_width":"","exclude_from_search":false,"footnotes":""},"class_list":["post-80421","page","type-page","status-publish","hentry"],"yoast_head":"<!-- This site is optimized with the Yoast SEO plugin v23.4 - https:\/\/yoast.com\/wordpress\/plugins\/seo\/ -->\n<title>Set for life i\u00e7in Avustralya&#039;dan online bilet sat\u0131n al\u0131n | Set for life piyango bilgileri, nas\u0131l bilet sat\u0131n al\u0131n\u0131r<\/title>\n<meta name=\"description\" content=\"Set for Life piyangosu Avustralya&#039;dan kazan\u0131labilir - biletleri buradan online sat\u0131n alabilirsiniz\" \/>\n<meta name=\"robots\" content=\"index, follow, max-snippet:-1, max-image-preview:large, max-video-preview:-1\" \/>\n<link rel=\"canonical\" href=\"https:\/\/onlinelotto365.com\/tr\/bilet-satin-al\/omur-boyu-set\/\" \/>\n<meta property=\"og:locale\" content=\"tr_TR\" \/>\n<meta property=\"og:type\" content=\"article\" \/>\n<meta property=\"og:title\" content=\"Set for life i\u00e7in Avustralya&#039;dan online bilet sat\u0131n al\u0131n | Set for life piyango bilgileri, nas\u0131l bilet sat\u0131n al\u0131n\u0131r\" \/>\n<meta property=\"og:description\" content=\"Set for Life piyangosu Avustralya&#039;dan kazan\u0131labilir - biletleri buradan online sat\u0131n alabilirsiniz\" \/>\n<meta property=\"og:url\" content=\"https:\/\/onlinelotto365.com\/tr\/bilet-satin-al\/omur-boyu-set\/\" \/>\n<meta property=\"og:site_name\" content=\"OnlineLotto365\" \/>\n<meta property=\"og:image\" content=\"https:\/\/redfoxlotto.com\/image?size=8&amp;lottery=set-for-life-uk\" \/>\n<meta name=\"twitter:card\" content=\"summary_large_image\" \/>\n<meta name=\"twitter:label1\" content=\"Tahmini okuma s\u00fcresi\" \/>\n\t<meta name=\"twitter:data1\" content=\"3 dakika\" \/>\n<script type=\"application\/ld+json\" class=\"yoast-schema-graph\">{\"@context\":\"https:\/\/schema.org\",\"@graph\":[{\"@type\":\"WebPage\",\"@id\":\"https:\/\/onlinelotto365.com\/tr\/bilet-satin-al\/omur-boyu-set\/\",\"url\":\"https:\/\/onlinelotto365.com\/tr\/bilet-satin-al\/omur-boyu-set\/\",\"name\":\"Set for life i\u00e7in Avustralya'dan online bilet sat\u0131n al\u0131n | Set for life piyango bilgileri, nas\u0131l bilet sat\u0131n al\u0131n\u0131r\",\"isPartOf\":{\"@id\":\"https:\/\/onlinelotto365.com\/tr\/#website\"},\"primaryImageOfPage\":{\"@id\":\"https:\/\/onlinelotto365.com\/tr\/bilet-satin-al\/omur-boyu-set\/#primaryimage\"},\"image\":{\"@id\":\"https:\/\/onlinelotto365.com\/tr\/bilet-satin-al\/omur-boyu-set\/#primaryimage\"},\"thumbnailUrl\":\"https:\/\/redfoxlotto.com\/image?size=8&amp;lottery=set-for-life-uk\",\"datePublished\":\"2022-11-17T12:09:28+00:00\",\"dateModified\":\"2022-11-17T12:09:28+00:00\",\"description\":\"Set for Life piyangosu Avustralya'dan kazan\u0131labilir - biletleri buradan online sat\u0131n alabilirsiniz\",\"breadcrumb\":{\"@id\":\"https:\/\/onlinelotto365.com\/tr\/bilet-satin-al\/omur-boyu-set\/#breadcrumb\"},\"inLanguage\":\"tr\",\"potentialAction\":[{\"@type\":\"ReadAction\",\"target\":[\"https:\/\/onlinelotto365.com\/tr\/bilet-satin-al\/omur-boyu-set\/\"]}]},{\"@type\":\"ImageObject\",\"inLanguage\":\"tr\",\"@id\":\"https:\/\/onlinelotto365.com\/tr\/bilet-satin-al\/omur-boyu-set\/#primaryimage\",\"url\":\"https:\/\/redfoxlotto.com\/image?size=8&amp;lottery=set-for-life-uk\",\"contentUrl\":\"https:\/\/redfoxlotto.com\/image?size=8&amp;lottery=set-for-life-uk\"},{\"@type\":\"BreadcrumbList\",\"@id\":\"https:\/\/onlinelotto365.com\/tr\/bilet-satin-al\/omur-boyu-set\/#breadcrumb\",\"itemListElement\":[{\"@type\":\"ListItem\",\"position\":1,\"name\":\"Home\",\"item\":\"https:\/\/onlinelotto365.com\/tr\/\"},{\"@type\":\"ListItem\",\"position\":2,\"name\":\"Uluslararasi Loto Etkinlikleri i\u00e7in Online Bilet Servisi\",\"item\":\"https:\/\/onlinelotto365.com\/tr\/bilet-satin-al\/\"},{\"@type\":\"ListItem\",\"position\":3,\"name\":\"Set for life biletleri online olarak nas\u0131l sat\u0131n al\u0131n\u0131r\"}]},{\"@type\":\"WebSite\",\"@id\":\"https:\/\/onlinelotto365.com\/tr\/#website\",\"url\":\"https:\/\/onlinelotto365.com\/tr\/\",\"name\":\"OnlineLotto365\",\"description\":\"\",\"potentialAction\":[{\"@type\":\"SearchAction\",\"target\":{\"@type\":\"EntryPoint\",\"urlTemplate\":\"https:\/\/onlinelotto365.com\/tr\/?s={search_term_string}\"},\"query-input\":{\"@type\":\"PropertyValueSpecification\",\"valueRequired\":true,\"valueName\":\"search_term_string\"}}],\"inLanguage\":\"tr\"}]}<\/script>\n<!-- \/ Yoast SEO plugin. -->","yoast_head_json":{"title":"Set for life i\u00e7in Avustralya'dan online bilet sat\u0131n al\u0131n | Set for life piyango bilgileri, nas\u0131l bilet sat\u0131n al\u0131n\u0131r","description":"Set for Life piyangosu Avustralya'dan kazan\u0131labilir - biletleri buradan online sat\u0131n alabilirsiniz","robots":{"index":"index","follow":"follow","max-snippet":"max-snippet:-1","max-image-preview":"max-image-preview:large","max-video-preview":"max-video-preview:-1"},"canonical":"https:\/\/onlinelotto365.com\/tr\/bilet-satin-al\/omur-boyu-set\/","og_locale":"tr_TR","og_type":"article","og_title":"Set for life i\u00e7in Avustralya'dan online bilet sat\u0131n al\u0131n | Set for life piyango bilgileri, nas\u0131l bilet sat\u0131n al\u0131n\u0131r","og_description":"Set for Life piyangosu Avustralya'dan kazan\u0131labilir - biletleri buradan online sat\u0131n alabilirsiniz","og_url":"https:\/\/onlinelotto365.com\/tr\/bilet-satin-al\/omur-boyu-set\/","og_site_name":"OnlineLotto365","og_image":[{"url":"https:\/\/redfoxlotto.com\/image?size=8&amp;lottery=set-for-life-uk"}],"twitter_card":"summary_large_image","twitter_misc":{"Tahmini okuma s\u00fcresi":"3 dakika"},"schema":{"@context":"https:\/\/schema.org","@graph":[{"@type":"WebPage","@id":"https:\/\/onlinelotto365.com\/tr\/bilet-satin-al\/omur-boyu-set\/","url":"https:\/\/onlinelotto365.com\/tr\/bilet-satin-al\/omur-boyu-set\/","name":"Set for life i\u00e7in Avustralya'dan online bilet sat\u0131n al\u0131n | Set for life piyango bilgileri, nas\u0131l bilet sat\u0131n al\u0131n\u0131r","isPartOf":{"@id":"https:\/\/onlinelotto365.com\/tr\/#website"},"primaryImageOfPage":{"@id":"https:\/\/onlinelotto365.com\/tr\/bilet-satin-al\/omur-boyu-set\/#primaryimage"},"image":{"@id":"https:\/\/onlinelotto365.com\/tr\/bilet-satin-al\/omur-boyu-set\/#primaryimage"},"thumbnailUrl":"https:\/\/redfoxlotto.com\/image?size=8&amp;lottery=set-for-life-uk","datePublished":"2022-11-17T12:09:28+00:00","dateModified":"2022-11-17T12:09:28+00:00","description":"Set for Life piyangosu Avustralya'dan kazan\u0131labilir - biletleri buradan online sat\u0131n alabilirsiniz","breadcrumb":{"@id":"https:\/\/onlinelotto365.com\/tr\/bilet-satin-al\/omur-boyu-set\/#breadcrumb"},"inLanguage":"tr","potentialAction":[{"@type":"ReadAction","target":["https:\/\/onlinelotto365.com\/tr\/bilet-satin-al\/omur-boyu-set\/"]}]},{"@type":"ImageObject","inLanguage":"tr","@id":"https:\/\/onlinelotto365.com\/tr\/bilet-satin-al\/omur-boyu-set\/#primaryimage","url":"https:\/\/redfoxlotto.com\/image?size=8&amp;lottery=set-for-life-uk","contentUrl":"https:\/\/redfoxlotto.com\/image?size=8&amp;lottery=set-for-life-uk"},{"@type":"BreadcrumbList","@id":"https:\/\/onlinelotto365.com\/tr\/bilet-satin-al\/omur-boyu-set\/#breadcrumb","itemListElement":[{"@type":"ListItem","position":1,"name":"Home","item":"https:\/\/onlinelotto365.com\/tr\/"},{"@type":"ListItem","position":2,"name":"Uluslararasi Loto Etkinlikleri i\u00e7in Online Bilet Servisi","item":"https:\/\/onlinelotto365.com\/tr\/bilet-satin-al\/"},{"@type":"ListItem","position":3,"name":"Set for life biletleri online olarak nas\u0131l sat\u0131n al\u0131n\u0131r"}]},{"@type":"WebSite","@id":"https:\/\/onlinelotto365.com\/tr\/#website","url":"https:\/\/onlinelotto365.com\/tr\/","name":"OnlineLotto365","description":"","potentialAction":[{"@type":"SearchAction","target":{"@type":"EntryPoint","urlTemplate":"https:\/\/onlinelotto365.com\/tr\/?s={search_term_string}"},"query-input":{"@type":"PropertyValueSpecification","valueRequired":true,"valueName":"search_term_string"}}],"inLanguage":"tr"}]}},"_links":{"self":[{"href":"https:\/\/onlinelotto365.com\/tr\/wp-json\/wp\/v2\/pages\/80421","targetHints":{"allow":["GET"]}}],"collection":[{"href":"https:\/\/onlinelotto365.com\/tr\/wp-json\/wp\/v2\/pages"}],"about":[{"href":"https:\/\/onlinelotto365.com\/tr\/wp-json\/wp\/v2\/types\/page"}],"author":[{"embeddable":true,"href":"https:\/\/onlinelotto365.com\/tr\/wp-json\/wp\/v2\/users\/1"}],"replies":[{"embeddable":true,"href":"https:\/\/onlinelotto365.com\/tr\/wp-json\/wp\/v2\/comments?post=80421"}],"version-history":[{"count":0,"href":"https:\/\/onlinelotto365.com\/tr\/wp-json\/wp\/v2\/pages\/80421\/revisions"}],"up":[{"embeddable":true,"href":"https:\/\/onlinelotto365.com\/tr\/wp-json\/wp\/v2\/pages\/5682"}],"wp:attachment":[{"href":"https:\/\/onlinelotto365.com\/tr\/wp-json\/wp\/v2\/media?parent=80421"}],"curies":[{"name":"wp","href":"https:\/\/api.w.org\/{rel}","templated":true}]}}