{"id":80485,"date":"2022-11-18T11:59:52","date_gmt":"2022-11-18T10:59:52","guid":{"rendered":"https:\/\/onlinelotto365.com\/?page_id=80485"},"modified":"2022-11-18T11:59:52","modified_gmt":"2022-11-18T10:59:52","slug":"mega-sena","status":"publish","type":"page","link":"https:\/\/onlinelotto365.com\/tr\/bilet-satin-al\/mega-sena\/","title":{"rendered":"Mega-Sena Brezilya biletleri online olarak nas\u0131l sat\u0131n al\u0131n\u0131r"},"content":{"rendered":"<p>T\u00fcrkiye&#8217;de veya Brezilya d\u0131\u015f\u0131nda ba\u015fka bir \u00fclkede ya\u015f\u0131yor olman\u0131za ra\u011fmen Mega-Sena i\u00e7in ihtiyac\u0131n\u0131z olan biletleri nas\u0131l alabilece\u011finizi bilmek ister misiniz? O zaman, biraz daha okumak isteyeceksiniz \u00e7\u00fcnk\u00fc t\u00fcm s\u00fcre\u00e7te size yard\u0131mc\u0131 olabilir ve oynamak istedi\u011finiz t\u00fcm oyunlar i\u00e7in istedi\u011finiz biletleri alma yolunda ilerledi\u011finizden emin olabiliriz.<br \/>\n<a href=\"https:\/\/redfoxlotto.com\/play\/mega-sena\/?ref=a8564250a2&amp;medium=ol365\" target=\"_blank\" rel=\"noopener noreferrer\"><img decoding=\"async\" class=\"aligncenter\" src=\"https:\/\/redfoxlotto.com\/image?size=8&amp;lottery=mega-sena\" alt=\"mega-sena\" \/><\/a><\/p>\n<ul>\n<li>Ba\u015flamak i\u00e7in tek yapman\u0131z gereken oynamak istedi\u011finiz oyunu se\u00e7mek ve o oyun i\u00e7in istedi\u011finiz bilet numaralar\u0131n\u0131 se\u00e7mektir.<\/li>\n<li>Bu oyun veya oynamak istedi\u011finiz ba\u015fka bir oyun i\u00e7in istedi\u011finiz kadar bilet ekleyin<\/li>\n<li>\u00d6deme i\u015flemini ba\u015flatmak i\u00e7in butona t\u0131klay\u0131n.<\/li>\n<li>Biletlerinizi sat\u0131n almak i\u00e7in mevcut hesab\u0131n\u0131za giri\u015f yap\u0131n veya yeni bir hesap olu\u015fturun.<\/li>\n<li>Yeni bir hesap olu\u015fturman\u0131z gerekiyorsa, kay\u0131t s\u00fcrecinden ge\u00e7meniz gerekecektir. Do\u011frulama ba\u011flant\u0131n\u0131z e-postan\u0131za g\u00f6nderilecektir.<\/li>\n<li>E-posta gelen kutunuzda g\u00f6r\u00fcnmezse, al\u0131nd\u0131\u011f\u0131ndan emin olmak i\u00e7in spam klas\u00f6r\u00fcn\u00fc kontrol etmek isteyeceksiniz.<\/li>\n<li>Hesab\u0131n\u0131z\u0131 do\u011frulad\u0131ktan sonra web sitesindeki al\u0131\u015fveri\u015f sepetine gidin.<\/li>\n<li>Se\u00e7ti\u011finiz \u00f6deme y\u00f6ntemini kullanarak biletlerinizin \u00f6demesini yapmak i\u00e7in talimatlar\u0131 izleyin.<\/li>\n<\/ul>\n<h2>Mega-Sena biletiniz i\u00e7in online \u00f6deme nas\u0131l yap\u0131l\u0131r<\/h2>\n<p>Biletleriniz i\u00e7in g\u00fcvenli bir \u015fekilde \u00f6deme yapmak sizin i\u00e7in \u00f6nemlidir ve size bir\u00e7ok farkl\u0131 do\u011frudan \u00f6deme se\u00e7ene\u011fi ve biletlerinizi sat\u0131n almak i\u00e7in ikincil bir se\u00e7enek sunarak bunu olabildi\u011fince kolayla\u015ft\u0131r\u0131yoruz. Tek yapman\u0131z gereken a\u015fa\u011f\u0131daki iki se\u00e7enekten biriyle ba\u015flamak.<\/p>\n<p>Favori \u00f6deme y\u00f6nteminizi kullanarak do\u011frudan \u00f6deme yap\u0131n<br \/>\nOyuncu hesab\u0131n\u0131za para ekleyin, b\u00f6ylece do\u011frudan hesaptan bilet sat\u0131n alabilirsiniz.<\/p>\n<p>Bu y\u00f6ntemi se\u00e7ecekseniz oyuncu hesab\u0131n\u0131za biraz daha para ekledi\u011finizden emin olun. Bu \u015fekilde hesap bakiyeniz sat\u0131n alma i\u00e7in \u00f6deme yapabilecektir.<\/p>\n<h2>Mega-Sena hakk\u0131nda daha fazla bilgi<\/h2>\n<ul>\n<li>\u00dclke Brezilya<\/li>\n<li>Ana numaralar aral\u0131\u011f\u0131: 60<\/li>\n<li>Sen se\u00e7: 6<\/li>\n<li>\u00c7ekili\u015f g\u00fcnleri, saatleri: \u00c7ar\u015famba, Cumartesi, 20:00 GMT -3, 24:00 CET<\/li>\n<li>Minimum ikramiye: 2 milyon R$<\/li>\n<li>Maksimum ikramiye: yok<\/li>\n<li>B\u00fcy\u00fck ikramiyeyi kazanma olas\u0131l\u0131\u011f\u0131: 50063860&#8217;da 1<\/li>\n<li>\u0130kinci kademe kazanma olas\u0131l\u0131\u011f\u0131: 15451809&#8217;da 1<\/li>\n<li>Herhangi bir kademede kazanma olas\u0131l\u0131\u011f\u0131: 2297,56&#8217;da 1<\/li>\n<li>\u00d6d\u00fcl kademelerinin say\u0131s\u0131: 3<\/li>\n<\/ul>\n<h2>Mega-Sena biletlerini online sat\u0131n alman\u0131n avantajlar\u0131<\/h2>\n<ul>\n<li>Seyahate gerek yok &#8211; sadece evden bilet al\u0131n<\/li>\n<li>Farkl\u0131 piyango oyunlar\u0131ndan istedi\u011finizi se\u00e7in<\/li>\n<li>Y\u00fcksek ikramiyeli oyunlarda en iyi kazanma \u015fans\u0131n\u0131 yakalay\u0131n<\/li>\n<li>Sat\u0131n alma i\u015fleminizde kullanmak \u00fczere do\u011frudan hesab\u0131n\u0131za para yat\u0131r\u0131n<\/li>\n<li>Biletlerinizi kolayca takip edin<\/li>\n<li>Biletlerinizde kazand\u0131\u011f\u0131n\u0131zda bildirim al\u0131n<\/li>\n<li>Numara se\u00e7meden bilet almak i\u00e7in h\u0131zl\u0131 se\u00e7im se\u00e7ene\u011fini kullan\u0131n<\/li>\n<\/ul>\n<h2>\u0130nternetten Mega-Sena bileti sat\u0131n almak yasal m\u0131?<\/h2>\n<p>Bir\u00e7ok ki\u015fi, ikamet ettikleri \u00fclke T\u00fcrkiye oldu\u011fu i\u00e7in Mega Sena loto biletlerini \u00e7evrimi\u00e7i sat\u0131n al\u0131p alamayacaklar\u0131 konusunda endi\u015feleniyor. Ya da belki ba\u015fka bir \u00fclkede ya\u015f\u0131yorlar ama Brezilya&#8217;da de\u011filler. Yapt\u0131\u011f\u0131m\u0131z her \u015feyin piyangoyu y\u00f6neten \u00fclkenin d\u00fczenlemelerine dayand\u0131\u011f\u0131ndan emin olarak baz\u0131 endi\u015felerinizi gidermenize yard\u0131mc\u0131 oluyoruz. Bu, biletlerinizi sat\u0131n alman\u0131z\u0131 ve s\u00fcre\u00e7le ilgili kendinizi rahat hissetmenizi kolayla\u015ft\u0131r\u0131r. Ayr\u0131ca, b\u00fcy\u00fck ikramiye de dahil olmak \u00fczere kazand\u0131\u011f\u0131n\u0131z t\u00fcm paray\u0131 alman\u0131z garanti edilir.<\/p>\n<h2>Mega-Sena&#8217;y\u0131 \u00e7evrimi\u00e7i kazan\u0131rsam nas\u0131l \u00f6deme al\u0131r\u0131m?<\/h2>\n<p><img loading=\"lazy\" decoding=\"async\" class=\"alignright wp-image-3660\" src=\"https:\/\/onlinelotto365.com\/wp-content\/uploads\/2020\/11\/online_lottery-133-300x212.jpg\" alt=\"mega-sena online T\u00fcrkiye\" width=\"177\" height=\"125\" srcset=\"https:\/\/onlinelotto365.com\/wp-content\/uploads\/2020\/11\/online_lottery-133-300x212.jpg 300w, https:\/\/onlinelotto365.com\/wp-content\/uploads\/2020\/11\/online_lottery-133.jpg 320w\" sizes=\"auto, (max-width: 177px) 100vw, 177px\" \/><br \/>\nKazananlara \u00f6deme yapmak s\u00f6z konusu oldu\u011funda, bunu en iyi \u015fekilde, her kuru\u015funu size vererek yap\u0131yoruz. \u0130ster k\u00fc\u00e7\u00fck bir \u00f6d\u00fcl ister b\u00fcy\u00fck ikramiye olsun, kazand\u0131\u011f\u0131n\u0131z herhangi bir miktar i\u00e7in bize komisyon \u00f6demek zorunda de\u011filsiniz. Banka havalesini se\u00e7medi\u011finiz s\u00fcrece bize herhangi bir \u00fccret \u00f6demeniz de gerekmez.<br \/>\nDi\u011fer t\u00fcm \u00f6deme y\u00f6ntemlerinde, kazand\u0131\u011f\u0131n\u0131z paran\u0131n tamam\u0131n\u0131 al\u0131rs\u0131n\u0131z. Banka transferlerinde bazen bankadan \u00fccret al\u0131yoruz ve bu \u00fccret transfer i\u015flemi s\u0131ras\u0131nda kazanc\u0131n\u0131zdan kesiliyor.<\/p>\n<p><strong>Bununla birlikte, kazand\u0131\u011f\u0131n\u0131zda, size paray\u0131 almak i\u00e7in ger\u00e7ekle\u015fen s\u00fcreci bilmelisiniz:<\/strong><\/p>\n<ul>\n<li>2500\u20ac&#8217;dan az kazanan herkesin paras\u0131, hi\u00e7bir \u015fey yapmas\u0131na gerek kalmadan do\u011frudan hesab\u0131na yat\u0131r\u0131l\u0131r<\/li>\n<li>Bununla birlikte, 2500 \u20ac \u00fczerinde kazanan herkesten destek ekibimiz taraf\u0131ndan bir talep formu doldurmas\u0131 istenecektir. Bu, paran\u0131z\u0131 iki yoldan biriyle alman\u0131z\u0131 sa\u011flayacakt\u0131r. Tutar\u0131n tamam\u0131 i\u00e7in bir \u00e7ek almay\u0131 ya da banka havalesi yapt\u0131rmay\u0131 se\u00e7ebilirsiniz. Her iki durumda da paran\u0131z birka\u00e7 g\u00fcn i\u00e7inde T\u00fcrkiye de dahil olmak \u00fczere herhangi bir \u00fclkeye transfer edilir.<\/li>\n<\/ul>\n","protected":false},"excerpt":{"rendered":"<p>T\u00fcrkiye&#8217;de veya Brezilya d\u0131\u015f\u0131nda ba\u015fka bir \u00fclkede ya\u015f\u0131yor olman\u0131za ra\u011fmen Mega-Sena i\u00e7in ihtiyac\u0131n\u0131z olan biletleri nas\u0131l alabilece\u011finizi bilmek ister misiniz? O zaman, biraz daha okumak isteyeceksiniz \u00e7\u00fcnk\u00fc t\u00fcm s\u00fcre\u00e7te size yard\u0131mc\u0131 olabilir ve oynamak istedi\u011finiz t\u00fcm oyunlar i\u00e7in istedi\u011finiz biletleri alma yolunda ilerledi\u011finizden emin olabiliriz. Ba\u015flamak i\u00e7in tek yapman\u0131z gereken oynamak istedi\u011finiz oyunu se\u00e7mek ve [&hellip;]<\/p>\n","protected":false},"author":1,"featured_media":0,"parent":5682,"menu_order":12,"comment_status":"closed","ping_status":"closed","template":"megasena-info.php","meta":{"_et_pb_use_builder":"","_et_pb_old_content":"","_et_gb_content_width":"","exclude_from_search":false,"footnotes":""},"class_list":["post-80485","page","type-page","status-publish","hentry"],"yoast_head":"<!-- This site is optimized with the Yoast SEO plugin v23.4 - https:\/\/yoast.com\/wordpress\/plugins\/seo\/ -->\n<title>Mega-Sena i\u00e7in T\u00fcrkiye&#039;den online bilet sat\u0131n al\u0131n | Mega-Sena hakk\u0131nda ve nas\u0131l bilet al\u0131n\u0131r<\/title>\n<meta name=\"description\" content=\"Bu Brezilya&#039;dan harika bir piyango - ve art\u0131k online bilet sat\u0131n alabilirsiniz\" \/>\n<meta name=\"robots\" content=\"index, follow, max-snippet:-1, max-image-preview:large, max-video-preview:-1\" \/>\n<link rel=\"canonical\" href=\"https:\/\/onlinelotto365.com\/tr\/bilet-satin-al\/mega-sena\/\" \/>\n<meta property=\"og:locale\" content=\"tr_TR\" \/>\n<meta property=\"og:type\" content=\"article\" \/>\n<meta property=\"og:title\" content=\"Mega-Sena i\u00e7in T\u00fcrkiye&#039;den online bilet sat\u0131n al\u0131n | Mega-Sena hakk\u0131nda ve nas\u0131l bilet al\u0131n\u0131r\" \/>\n<meta property=\"og:description\" content=\"Bu Brezilya&#039;dan harika bir piyango - ve art\u0131k online bilet sat\u0131n alabilirsiniz\" \/>\n<meta property=\"og:url\" content=\"https:\/\/onlinelotto365.com\/tr\/bilet-satin-al\/mega-sena\/\" \/>\n<meta property=\"og:site_name\" content=\"OnlineLotto365\" \/>\n<meta property=\"og:image\" content=\"https:\/\/redfoxlotto.com\/image?size=8&amp;lottery=mega-sena\" \/>\n<meta name=\"twitter:card\" content=\"summary_large_image\" \/>\n<meta name=\"twitter:label1\" content=\"Tahmini okuma s\u00fcresi\" \/>\n\t<meta name=\"twitter:data1\" content=\"3 dakika\" \/>\n<script type=\"application\/ld+json\" class=\"yoast-schema-graph\">{\"@context\":\"https:\/\/schema.org\",\"@graph\":[{\"@type\":\"WebPage\",\"@id\":\"https:\/\/onlinelotto365.com\/tr\/bilet-satin-al\/mega-sena\/\",\"url\":\"https:\/\/onlinelotto365.com\/tr\/bilet-satin-al\/mega-sena\/\",\"name\":\"Mega-Sena i\u00e7in T\u00fcrkiye'den online bilet sat\u0131n al\u0131n | Mega-Sena hakk\u0131nda ve nas\u0131l bilet al\u0131n\u0131r\",\"isPartOf\":{\"@id\":\"https:\/\/onlinelotto365.com\/tr\/#website\"},\"primaryImageOfPage\":{\"@id\":\"https:\/\/onlinelotto365.com\/tr\/bilet-satin-al\/mega-sena\/#primaryimage\"},\"image\":{\"@id\":\"https:\/\/onlinelotto365.com\/tr\/bilet-satin-al\/mega-sena\/#primaryimage\"},\"thumbnailUrl\":\"https:\/\/redfoxlotto.com\/image?size=8&amp;lottery=mega-sena\",\"datePublished\":\"2022-11-18T10:59:52+00:00\",\"dateModified\":\"2022-11-18T10:59:52+00:00\",\"description\":\"Bu Brezilya'dan harika bir piyango - ve art\u0131k online bilet sat\u0131n alabilirsiniz\",\"breadcrumb\":{\"@id\":\"https:\/\/onlinelotto365.com\/tr\/bilet-satin-al\/mega-sena\/#breadcrumb\"},\"inLanguage\":\"tr\",\"potentialAction\":[{\"@type\":\"ReadAction\",\"target\":[\"https:\/\/onlinelotto365.com\/tr\/bilet-satin-al\/mega-sena\/\"]}]},{\"@type\":\"ImageObject\",\"inLanguage\":\"tr\",\"@id\":\"https:\/\/onlinelotto365.com\/tr\/bilet-satin-al\/mega-sena\/#primaryimage\",\"url\":\"https:\/\/redfoxlotto.com\/image?size=8&amp;lottery=mega-sena\",\"contentUrl\":\"https:\/\/redfoxlotto.com\/image?size=8&amp;lottery=mega-sena\"},{\"@type\":\"BreadcrumbList\",\"@id\":\"https:\/\/onlinelotto365.com\/tr\/bilet-satin-al\/mega-sena\/#breadcrumb\",\"itemListElement\":[{\"@type\":\"ListItem\",\"position\":1,\"name\":\"Home\",\"item\":\"https:\/\/onlinelotto365.com\/tr\/\"},{\"@type\":\"ListItem\",\"position\":2,\"name\":\"Uluslararasi Loto Etkinlikleri i\u00e7in Online Bilet Servisi\",\"item\":\"https:\/\/onlinelotto365.com\/tr\/bilet-satin-al\/\"},{\"@type\":\"ListItem\",\"position\":3,\"name\":\"Mega-Sena Brezilya biletleri online olarak nas\u0131l sat\u0131n al\u0131n\u0131r\"}]},{\"@type\":\"WebSite\",\"@id\":\"https:\/\/onlinelotto365.com\/tr\/#website\",\"url\":\"https:\/\/onlinelotto365.com\/tr\/\",\"name\":\"OnlineLotto365\",\"description\":\"\",\"potentialAction\":[{\"@type\":\"SearchAction\",\"target\":{\"@type\":\"EntryPoint\",\"urlTemplate\":\"https:\/\/onlinelotto365.com\/tr\/?s={search_term_string}\"},\"query-input\":{\"@type\":\"PropertyValueSpecification\",\"valueRequired\":true,\"valueName\":\"search_term_string\"}}],\"inLanguage\":\"tr\"}]}<\/script>\n<!-- \/ Yoast SEO plugin. -->","yoast_head_json":{"title":"Mega-Sena i\u00e7in T\u00fcrkiye'den online bilet sat\u0131n al\u0131n | Mega-Sena hakk\u0131nda ve nas\u0131l bilet al\u0131n\u0131r","description":"Bu Brezilya'dan harika bir piyango - ve art\u0131k online bilet sat\u0131n alabilirsiniz","robots":{"index":"index","follow":"follow","max-snippet":"max-snippet:-1","max-image-preview":"max-image-preview:large","max-video-preview":"max-video-preview:-1"},"canonical":"https:\/\/onlinelotto365.com\/tr\/bilet-satin-al\/mega-sena\/","og_locale":"tr_TR","og_type":"article","og_title":"Mega-Sena i\u00e7in T\u00fcrkiye'den online bilet sat\u0131n al\u0131n | Mega-Sena hakk\u0131nda ve nas\u0131l bilet al\u0131n\u0131r","og_description":"Bu Brezilya'dan harika bir piyango - ve art\u0131k online bilet sat\u0131n alabilirsiniz","og_url":"https:\/\/onlinelotto365.com\/tr\/bilet-satin-al\/mega-sena\/","og_site_name":"OnlineLotto365","og_image":[{"url":"https:\/\/redfoxlotto.com\/image?size=8&amp;lottery=mega-sena"}],"twitter_card":"summary_large_image","twitter_misc":{"Tahmini okuma s\u00fcresi":"3 dakika"},"schema":{"@context":"https:\/\/schema.org","@graph":[{"@type":"WebPage","@id":"https:\/\/onlinelotto365.com\/tr\/bilet-satin-al\/mega-sena\/","url":"https:\/\/onlinelotto365.com\/tr\/bilet-satin-al\/mega-sena\/","name":"Mega-Sena i\u00e7in T\u00fcrkiye'den online bilet sat\u0131n al\u0131n | Mega-Sena hakk\u0131nda ve nas\u0131l bilet al\u0131n\u0131r","isPartOf":{"@id":"https:\/\/onlinelotto365.com\/tr\/#website"},"primaryImageOfPage":{"@id":"https:\/\/onlinelotto365.com\/tr\/bilet-satin-al\/mega-sena\/#primaryimage"},"image":{"@id":"https:\/\/onlinelotto365.com\/tr\/bilet-satin-al\/mega-sena\/#primaryimage"},"thumbnailUrl":"https:\/\/redfoxlotto.com\/image?size=8&amp;lottery=mega-sena","datePublished":"2022-11-18T10:59:52+00:00","dateModified":"2022-11-18T10:59:52+00:00","description":"Bu Brezilya'dan harika bir piyango - ve art\u0131k online bilet sat\u0131n alabilirsiniz","breadcrumb":{"@id":"https:\/\/onlinelotto365.com\/tr\/bilet-satin-al\/mega-sena\/#breadcrumb"},"inLanguage":"tr","potentialAction":[{"@type":"ReadAction","target":["https:\/\/onlinelotto365.com\/tr\/bilet-satin-al\/mega-sena\/"]}]},{"@type":"ImageObject","inLanguage":"tr","@id":"https:\/\/onlinelotto365.com\/tr\/bilet-satin-al\/mega-sena\/#primaryimage","url":"https:\/\/redfoxlotto.com\/image?size=8&amp;lottery=mega-sena","contentUrl":"https:\/\/redfoxlotto.com\/image?size=8&amp;lottery=mega-sena"},{"@type":"BreadcrumbList","@id":"https:\/\/onlinelotto365.com\/tr\/bilet-satin-al\/mega-sena\/#breadcrumb","itemListElement":[{"@type":"ListItem","position":1,"name":"Home","item":"https:\/\/onlinelotto365.com\/tr\/"},{"@type":"ListItem","position":2,"name":"Uluslararasi Loto Etkinlikleri i\u00e7in Online Bilet Servisi","item":"https:\/\/onlinelotto365.com\/tr\/bilet-satin-al\/"},{"@type":"ListItem","position":3,"name":"Mega-Sena Brezilya biletleri online olarak nas\u0131l sat\u0131n al\u0131n\u0131r"}]},{"@type":"WebSite","@id":"https:\/\/onlinelotto365.com\/tr\/#website","url":"https:\/\/onlinelotto365.com\/tr\/","name":"OnlineLotto365","description":"","potentialAction":[{"@type":"SearchAction","target":{"@type":"EntryPoint","urlTemplate":"https:\/\/onlinelotto365.com\/tr\/?s={search_term_string}"},"query-input":{"@type":"PropertyValueSpecification","valueRequired":true,"valueName":"search_term_string"}}],"inLanguage":"tr"}]}},"_links":{"self":[{"href":"https:\/\/onlinelotto365.com\/tr\/wp-json\/wp\/v2\/pages\/80485","targetHints":{"allow":["GET"]}}],"collection":[{"href":"https:\/\/onlinelotto365.com\/tr\/wp-json\/wp\/v2\/pages"}],"about":[{"href":"https:\/\/onlinelotto365.com\/tr\/wp-json\/wp\/v2\/types\/page"}],"author":[{"embeddable":true,"href":"https:\/\/onlinelotto365.com\/tr\/wp-json\/wp\/v2\/users\/1"}],"replies":[{"embeddable":true,"href":"https:\/\/onlinelotto365.com\/tr\/wp-json\/wp\/v2\/comments?post=80485"}],"version-history":[{"count":0,"href":"https:\/\/onlinelotto365.com\/tr\/wp-json\/wp\/v2\/pages\/80485\/revisions"}],"up":[{"embeddable":true,"href":"https:\/\/onlinelotto365.com\/tr\/wp-json\/wp\/v2\/pages\/5682"}],"wp:attachment":[{"href":"https:\/\/onlinelotto365.com\/tr\/wp-json\/wp\/v2\/media?parent=80485"}],"curies":[{"name":"wp","href":"https:\/\/api.w.org\/{rel}","templated":true}]}}