{"id":80525,"date":"2022-11-21T09:06:51","date_gmt":"2022-11-21T08:06:51","guid":{"rendered":"https:\/\/onlinelotto365.com\/?page_id=80525"},"modified":"2022-11-21T09:06:51","modified_gmt":"2022-11-21T08:06:51","slug":"powerball-avustralya","status":"publish","type":"page","link":"https:\/\/onlinelotto365.com\/tr\/bilet-satin-al\/powerball-avustralya\/","title":{"rendered":"Powerball Avustralya biletlerini \u00e7evrimi\u00e7i sat\u0131n alma"},"content":{"rendered":"<p>Powerball Avustralya biletlerinizi \u00e7evrimi\u00e7i olarak nas\u0131l sat\u0131n alabilece\u011finizi bilmek ister misiniz? T\u00fcrkiye&#8217;den ve di\u011fer \u00fclkelerden m\u00fc\u015fterilerimiz i\u00e7in bunu birka\u00e7 basit ad\u0131ma ay\u0131rd\u0131k, b\u00f6ylece hemen \u015fimdi s\u00fcrece ba\u015flayabilirsiniz. Ve bunu d\u00fc\u015f\u00fcnd\u00fc\u011f\u00fcn\u00fczden \u00e7ok daha h\u0131zl\u0131 ve kolay bir \u015fekilde yapabilirsiniz.<br \/>\n<a href=\"https:\/\/redfoxlotto.com\/play\/powerball-au\/?ref=a8564250a2&amp;medium=ol365\" target=\"_blank\" rel=\"noopener noreferrer\"><img decoding=\"async\" class=\"aligncenter\" src=\"https:\/\/redfoxlotto.com\/image?size=8&amp;lottery=powerball-au\" alt=\"Powerball Avustralya\" \/><\/a><\/p>\n<ul>\n<li>Powerball Avustralya sayfas\u0131na gidin ve istedi\u011finiz biletleri ve bu biletler i\u00e7in numaralar\u0131 se\u00e7in veya bilgisayar\u0131n sizin i\u00e7in se\u00e7mesine izin verin.<\/li>\n<li>\u0130\u015finiz bitmeden \u00f6nce sipari\u015finize istedi\u011finiz kadar bilet ve oyun ekleyin.<\/li>\n<li>\u015eimdi \u00f6deme yapmak i\u00e7in d\u00fc\u011fmeye t\u0131klay\u0131n<\/li>\n<li>Web sitemizde bir hesap olu\u015fturun veya zaten bir hesab\u0131n\u0131z varsa mevcut hesab\u0131n\u0131za giri\u015f yap\u0131n.<\/li>\n<li>Bir hesap olu\u015fturmas\u0131 gerekenler i\u00e7in, e-posta adresinizle kay\u0131t olman\u0131z gerekecektir.<\/li>\n<li>Do\u011frulama e-postas\u0131 i\u00e7in normal gelen kutunuzun yan\u0131 s\u0131ra spam klas\u00f6r\u00fcn\u00fcz\u00fc de kontrol edin<\/li>\n<li>Sat\u0131n alma i\u015fleminizi tamamlamak i\u00e7in sepetinize gidin<\/li>\n<li>Kullanmak istedi\u011finiz \u00f6deme y\u00f6ntemini se\u00e7in ve \u00f6deme s\u00fcrecinden ge\u00e7in<\/li>\n<\/ul>\n<h2>Powerball Avustralya biletiniz i\u00e7in online \u00f6deme nas\u0131l yap\u0131l\u0131r<\/h2>\n<p>T\u00fcrkiye&#8217;den \u00e7evrimi\u00e7i bir \u015fey sat\u0131n al\u0131rken bekledi\u011finiz kadar g\u00fcvenli olan bir dizi farkl\u0131 \u00f6deme se\u00e7ene\u011fi aras\u0131ndan se\u00e7im yapabilirsiniz.<br \/>\nBiletlerinizi \u015fu \u015fekilde sat\u0131n al\u0131n:<\/p>\n<p>Tercih etti\u011finiz \u00f6deme se\u00e7ene\u011fiyle sipari\u015f i\u00e7in do\u011frudan \u00f6deme yaparak<br \/>\nOyuncu hesab\u0131n\u0131za para yat\u0131rmak ve bunu biletlerinizi sat\u0131n almak i\u00e7in kullanmak<\/p>\n<p>Bu se\u00e7ene\u011fi se\u00e7erseniz, istedi\u011finiz biletleri sat\u0131n almak i\u00e7in oyuncu hesab\u0131n\u0131za yeterli miktardan daha fazla para yat\u0131rman\u0131z gerekece\u011fini unutmay\u0131n.<\/p>\n<h2>Powerball Avustralya hakk\u0131nda daha fazla bilgi<\/h2>\n<ul>\n<li>\u00dclke Avustralya<\/li>\n<li>Ana numaralar aral\u0131\u011f\u0131: 35<\/li>\n<li>Sen se\u00e7: 7<\/li>\n<li>Ekstra say\u0131 aral\u0131\u011f\u0131: 20<\/li>\n<li>Sen se\u00e7: 1<\/li>\n<li>\u00c7ekili\u015f g\u00fcnleri, saatleri: Per\u015fembe, 21:30 GMT+11, 10:30 CET<\/li>\n<li>Minimum ikramiye: 3 milyon AU$<\/li>\n<li>Maksimum ikramiye: 150 milyon AU$<\/li>\n<li>B\u00fcy\u00fck ikramiyeyi kazanma olas\u0131l\u0131\u011f\u0131: 134490400&#8217;de 1<\/li>\n<li>\u0130kinci kademe kazanma olas\u0131l\u0131\u011f\u0131: 7078443&#8217;te 1<\/li>\n<li>Herhangi bir kademede kazanma olas\u0131l\u0131\u011f\u0131: 24,87&#8217;de 1<\/li>\n<li>\u00d6d\u00fcl kademelerinin say\u0131s\u0131: 7<\/li>\n<\/ul>\n<h2>Powerball Avustralya biletlerini \u00e7evrimi\u00e7i sat\u0131n alman\u0131n avantajlar\u0131<\/h2>\n<ul>\n<li>Evden \u00e7\u0131kmak zorunda kalmadan istedi\u011finiz biletleri al\u0131n<\/li>\n<li>Bir\u00e7ok farkl\u0131 piyango t\u00fcr\u00fc i\u00e7in bilet sat\u0131n al\u0131n<\/li>\n<li>En iyi se\u00e7enekleri se\u00e7erek b\u00fcy\u00fck ikramiyeyi kazanma \u015fans\u0131n\u0131z\u0131 art\u0131r\u0131n<\/li>\n<li>Hesab\u0131n\u0131za para yat\u0131r\u0131n ve biletlerinizi sat\u0131n almak i\u00e7in kullan\u0131n<\/li>\n<li>Biletlerinizi kaybetme konusunda endi\u015felenmeyin<\/li>\n<li>Biletinizin kazanmas\u0131 durumunda bildirimler<\/li>\n<li>Say\u0131 \u00fcreteci ile rastgele bilet se\u00e7in<\/li>\n<\/ul>\n<h2>T\u00fcrkiye&#8217;de online Powerball Avustralya bileti sat\u0131n almak yasal m\u0131?<\/h2>\n<p>\u0130kamet etti\u011finiz \u00fclkenin d\u00fczenlemeleri s\u00f6z konusu oldu\u011funda \u00e7evrimi\u00e7i veya geleneksel yolla bilet sat\u0131n alma konusunda endi\u015felenmenize gerek yok. Kazanc\u0131n\u0131z\u0131 alabilmeniz i\u00e7in piyangonun ger\u00e7ekle\u015fti\u011fi \u00fclkenin d\u00fczenlemelerine uymaya \u00f6zen g\u00f6steriyoruz. B\u00fcy\u00fck ikramiyeyi kazansan\u0131z bile paray\u0131 almakta sorun ya\u015famazs\u0131n\u0131z.<br \/>\nHizmetimizi kullanan herkesin en az 18 ya\u015f\u0131nda olmas\u0131 gerekir.<\/p>\n<h2>Powerball Australia&#8217;y\u0131 \u00e7evrimi\u00e7i olarak kazan\u0131rsam nas\u0131l \u00f6deme al\u0131r\u0131m?<\/h2>\n<p><img loading=\"lazy\" decoding=\"async\" class=\"alignright wp-image-3631\" src=\"https:\/\/onlinelotto365.com\/wp-content\/uploads\/2020\/11\/online_lottery-40-300x200.jpg\" alt=\"powerball avustralya online\" width=\"252\" height=\"168\" srcset=\"https:\/\/onlinelotto365.com\/wp-content\/uploads\/2020\/11\/online_lottery-40-300x200.jpg 300w, https:\/\/onlinelotto365.com\/wp-content\/uploads\/2020\/11\/online_lottery-40.jpg 424w\" sizes=\"auto, (max-width: 252px) 100vw, 252px\" \/><br \/>\nKazanc\u0131n\u0131z\u0131 m\u00fcmk\u00fcn olan en k\u0131sa s\u00fcrede almak istedi\u011finizi ve bu kazan\u00e7tan kesinlikle ba\u015fka birine para \u00f6demek istemedi\u011finizi biliyoruz. Bu y\u00fczden kazanc\u0131n\u0131zdan asla komisyon alm\u0131yoruz. E\u011fer kazan\u0131rsan\u0131z paray\u0131 al\u0131rs\u0131n\u0131z. \u00dccret ald\u0131\u011f\u0131m\u0131z tek zaman, paran\u0131n bankan\u0131za havale yoluyla transfer edilmesini se\u00e7menizdir, bu da bizden size aktar\u0131lan bir \u00fccret alacakt\u0131r.<br \/>\nPara kazan\u0131rsan\u0131z bunu akl\u0131n\u0131zda tutman\u0131z yeterlidir:<\/p>\n<ul>\n<li>2500 \u20ac alt\u0131ndaki tutarlar, sizin hi\u00e7bir \u015fey yapman\u0131za gerek kalmadan otomatik olarak oyuncu hesab\u0131n\u0131za \u00f6denir<\/li>\n<li>2500 \u20ac \u00fczerindeki tutarlar \u00e7ek veya banka havalesi yoluyla \u00f6denir ve destek ekibi taraf\u0131ndan g\u00f6nderilecek bir formu doldurman\u0131z gerekir. Bu \u015fekilde, paray\u0131 piyango komisyonu arac\u0131l\u0131\u011f\u0131yla temizletebilirsiniz.<\/li>\n<\/ul>\n","protected":false},"excerpt":{"rendered":"<p>Powerball Avustralya biletlerinizi \u00e7evrimi\u00e7i olarak nas\u0131l sat\u0131n alabilece\u011finizi bilmek ister misiniz? T\u00fcrkiye&#8217;den ve di\u011fer \u00fclkelerden m\u00fc\u015fterilerimiz i\u00e7in bunu birka\u00e7 basit ad\u0131ma ay\u0131rd\u0131k, b\u00f6ylece hemen \u015fimdi s\u00fcrece ba\u015flayabilirsiniz. Ve bunu d\u00fc\u015f\u00fcnd\u00fc\u011f\u00fcn\u00fczden \u00e7ok daha h\u0131zl\u0131 ve kolay bir \u015fekilde yapabilirsiniz. Powerball Avustralya sayfas\u0131na gidin ve istedi\u011finiz biletleri ve bu biletler i\u00e7in numaralar\u0131 se\u00e7in veya bilgisayar\u0131n sizin i\u00e7in [&hellip;]<\/p>\n","protected":false},"author":1,"featured_media":0,"parent":5682,"menu_order":13,"comment_status":"closed","ping_status":"closed","template":"powerball-au-info.php","meta":{"_et_pb_use_builder":"","_et_pb_old_content":"","_et_gb_content_width":"","exclude_from_search":false,"footnotes":""},"class_list":["post-80525","page","type-page","status-publish","hentry"],"yoast_head":"<!-- This site is optimized with the Yoast SEO plugin v23.4 - https:\/\/yoast.com\/wordpress\/plugins\/seo\/ -->\n<title>Online hizmet arac\u0131l\u0131\u011f\u0131yla T\u00fcrkiye&#039;den Powerball Avustralya i\u00e7in bilet sat\u0131n al\u0131n<\/title>\n<meta name=\"description\" content=\"Powerball Avustralya biletlerini online sat\u0131n al\u0131n - T\u00fcrkiye&#039;deki oyuncular i\u00e7in bunu m\u00fcmk\u00fcn k\u0131l\u0131yoruz\" \/>\n<meta name=\"robots\" content=\"index, follow, max-snippet:-1, max-image-preview:large, max-video-preview:-1\" \/>\n<link rel=\"canonical\" href=\"https:\/\/onlinelotto365.com\/tr\/bilet-satin-al\/powerball-avustralya\/\" \/>\n<meta property=\"og:locale\" content=\"tr_TR\" \/>\n<meta property=\"og:type\" content=\"article\" \/>\n<meta property=\"og:title\" content=\"Online hizmet arac\u0131l\u0131\u011f\u0131yla T\u00fcrkiye&#039;den Powerball Avustralya i\u00e7in bilet sat\u0131n al\u0131n\" \/>\n<meta property=\"og:description\" content=\"Powerball Avustralya biletlerini online sat\u0131n al\u0131n - T\u00fcrkiye&#039;deki oyuncular i\u00e7in bunu m\u00fcmk\u00fcn k\u0131l\u0131yoruz\" \/>\n<meta property=\"og:url\" content=\"https:\/\/onlinelotto365.com\/tr\/bilet-satin-al\/powerball-avustralya\/\" \/>\n<meta property=\"og:site_name\" content=\"OnlineLotto365\" \/>\n<meta property=\"og:image\" content=\"https:\/\/redfoxlotto.com\/image?size=8&amp;lottery=powerball-au\" \/>\n<meta name=\"twitter:card\" content=\"summary_large_image\" \/>\n<meta name=\"twitter:label1\" content=\"Tahmini okuma s\u00fcresi\" \/>\n\t<meta name=\"twitter:data1\" content=\"3 dakika\" \/>\n<script type=\"application\/ld+json\" class=\"yoast-schema-graph\">{\"@context\":\"https:\/\/schema.org\",\"@graph\":[{\"@type\":\"WebPage\",\"@id\":\"https:\/\/onlinelotto365.com\/tr\/bilet-satin-al\/powerball-avustralya\/\",\"url\":\"https:\/\/onlinelotto365.com\/tr\/bilet-satin-al\/powerball-avustralya\/\",\"name\":\"Online hizmet arac\u0131l\u0131\u011f\u0131yla T\u00fcrkiye'den Powerball Avustralya i\u00e7in bilet sat\u0131n al\u0131n\",\"isPartOf\":{\"@id\":\"https:\/\/onlinelotto365.com\/tr\/#website\"},\"primaryImageOfPage\":{\"@id\":\"https:\/\/onlinelotto365.com\/tr\/bilet-satin-al\/powerball-avustralya\/#primaryimage\"},\"image\":{\"@id\":\"https:\/\/onlinelotto365.com\/tr\/bilet-satin-al\/powerball-avustralya\/#primaryimage\"},\"thumbnailUrl\":\"https:\/\/redfoxlotto.com\/image?size=8&amp;lottery=powerball-au\",\"datePublished\":\"2022-11-21T08:06:51+00:00\",\"dateModified\":\"2022-11-21T08:06:51+00:00\",\"description\":\"Powerball Avustralya biletlerini online sat\u0131n al\u0131n - T\u00fcrkiye'deki oyuncular i\u00e7in bunu m\u00fcmk\u00fcn k\u0131l\u0131yoruz\",\"breadcrumb\":{\"@id\":\"https:\/\/onlinelotto365.com\/tr\/bilet-satin-al\/powerball-avustralya\/#breadcrumb\"},\"inLanguage\":\"tr\",\"potentialAction\":[{\"@type\":\"ReadAction\",\"target\":[\"https:\/\/onlinelotto365.com\/tr\/bilet-satin-al\/powerball-avustralya\/\"]}]},{\"@type\":\"ImageObject\",\"inLanguage\":\"tr\",\"@id\":\"https:\/\/onlinelotto365.com\/tr\/bilet-satin-al\/powerball-avustralya\/#primaryimage\",\"url\":\"https:\/\/redfoxlotto.com\/image?size=8&amp;lottery=powerball-au\",\"contentUrl\":\"https:\/\/redfoxlotto.com\/image?size=8&amp;lottery=powerball-au\"},{\"@type\":\"BreadcrumbList\",\"@id\":\"https:\/\/onlinelotto365.com\/tr\/bilet-satin-al\/powerball-avustralya\/#breadcrumb\",\"itemListElement\":[{\"@type\":\"ListItem\",\"position\":1,\"name\":\"Home\",\"item\":\"https:\/\/onlinelotto365.com\/tr\/\"},{\"@type\":\"ListItem\",\"position\":2,\"name\":\"Uluslararasi Loto Etkinlikleri i\u00e7in Online Bilet Servisi\",\"item\":\"https:\/\/onlinelotto365.com\/tr\/bilet-satin-al\/\"},{\"@type\":\"ListItem\",\"position\":3,\"name\":\"Powerball Avustralya biletlerini \u00e7evrimi\u00e7i sat\u0131n alma\"}]},{\"@type\":\"WebSite\",\"@id\":\"https:\/\/onlinelotto365.com\/tr\/#website\",\"url\":\"https:\/\/onlinelotto365.com\/tr\/\",\"name\":\"OnlineLotto365\",\"description\":\"\",\"potentialAction\":[{\"@type\":\"SearchAction\",\"target\":{\"@type\":\"EntryPoint\",\"urlTemplate\":\"https:\/\/onlinelotto365.com\/tr\/?s={search_term_string}\"},\"query-input\":{\"@type\":\"PropertyValueSpecification\",\"valueRequired\":true,\"valueName\":\"search_term_string\"}}],\"inLanguage\":\"tr\"}]}<\/script>\n<!-- \/ Yoast SEO plugin. -->","yoast_head_json":{"title":"Online hizmet arac\u0131l\u0131\u011f\u0131yla T\u00fcrkiye'den Powerball Avustralya i\u00e7in bilet sat\u0131n al\u0131n","description":"Powerball Avustralya biletlerini online sat\u0131n al\u0131n - T\u00fcrkiye'deki oyuncular i\u00e7in bunu m\u00fcmk\u00fcn k\u0131l\u0131yoruz","robots":{"index":"index","follow":"follow","max-snippet":"max-snippet:-1","max-image-preview":"max-image-preview:large","max-video-preview":"max-video-preview:-1"},"canonical":"https:\/\/onlinelotto365.com\/tr\/bilet-satin-al\/powerball-avustralya\/","og_locale":"tr_TR","og_type":"article","og_title":"Online hizmet arac\u0131l\u0131\u011f\u0131yla T\u00fcrkiye'den Powerball Avustralya i\u00e7in bilet sat\u0131n al\u0131n","og_description":"Powerball Avustralya biletlerini online sat\u0131n al\u0131n - T\u00fcrkiye'deki oyuncular i\u00e7in bunu m\u00fcmk\u00fcn k\u0131l\u0131yoruz","og_url":"https:\/\/onlinelotto365.com\/tr\/bilet-satin-al\/powerball-avustralya\/","og_site_name":"OnlineLotto365","og_image":[{"url":"https:\/\/redfoxlotto.com\/image?size=8&amp;lottery=powerball-au"}],"twitter_card":"summary_large_image","twitter_misc":{"Tahmini okuma s\u00fcresi":"3 dakika"},"schema":{"@context":"https:\/\/schema.org","@graph":[{"@type":"WebPage","@id":"https:\/\/onlinelotto365.com\/tr\/bilet-satin-al\/powerball-avustralya\/","url":"https:\/\/onlinelotto365.com\/tr\/bilet-satin-al\/powerball-avustralya\/","name":"Online hizmet arac\u0131l\u0131\u011f\u0131yla T\u00fcrkiye'den Powerball Avustralya i\u00e7in bilet sat\u0131n al\u0131n","isPartOf":{"@id":"https:\/\/onlinelotto365.com\/tr\/#website"},"primaryImageOfPage":{"@id":"https:\/\/onlinelotto365.com\/tr\/bilet-satin-al\/powerball-avustralya\/#primaryimage"},"image":{"@id":"https:\/\/onlinelotto365.com\/tr\/bilet-satin-al\/powerball-avustralya\/#primaryimage"},"thumbnailUrl":"https:\/\/redfoxlotto.com\/image?size=8&amp;lottery=powerball-au","datePublished":"2022-11-21T08:06:51+00:00","dateModified":"2022-11-21T08:06:51+00:00","description":"Powerball Avustralya biletlerini online sat\u0131n al\u0131n - T\u00fcrkiye'deki oyuncular i\u00e7in bunu m\u00fcmk\u00fcn k\u0131l\u0131yoruz","breadcrumb":{"@id":"https:\/\/onlinelotto365.com\/tr\/bilet-satin-al\/powerball-avustralya\/#breadcrumb"},"inLanguage":"tr","potentialAction":[{"@type":"ReadAction","target":["https:\/\/onlinelotto365.com\/tr\/bilet-satin-al\/powerball-avustralya\/"]}]},{"@type":"ImageObject","inLanguage":"tr","@id":"https:\/\/onlinelotto365.com\/tr\/bilet-satin-al\/powerball-avustralya\/#primaryimage","url":"https:\/\/redfoxlotto.com\/image?size=8&amp;lottery=powerball-au","contentUrl":"https:\/\/redfoxlotto.com\/image?size=8&amp;lottery=powerball-au"},{"@type":"BreadcrumbList","@id":"https:\/\/onlinelotto365.com\/tr\/bilet-satin-al\/powerball-avustralya\/#breadcrumb","itemListElement":[{"@type":"ListItem","position":1,"name":"Home","item":"https:\/\/onlinelotto365.com\/tr\/"},{"@type":"ListItem","position":2,"name":"Uluslararasi Loto Etkinlikleri i\u00e7in Online Bilet Servisi","item":"https:\/\/onlinelotto365.com\/tr\/bilet-satin-al\/"},{"@type":"ListItem","position":3,"name":"Powerball Avustralya biletlerini \u00e7evrimi\u00e7i sat\u0131n alma"}]},{"@type":"WebSite","@id":"https:\/\/onlinelotto365.com\/tr\/#website","url":"https:\/\/onlinelotto365.com\/tr\/","name":"OnlineLotto365","description":"","potentialAction":[{"@type":"SearchAction","target":{"@type":"EntryPoint","urlTemplate":"https:\/\/onlinelotto365.com\/tr\/?s={search_term_string}"},"query-input":{"@type":"PropertyValueSpecification","valueRequired":true,"valueName":"search_term_string"}}],"inLanguage":"tr"}]}},"_links":{"self":[{"href":"https:\/\/onlinelotto365.com\/tr\/wp-json\/wp\/v2\/pages\/80525","targetHints":{"allow":["GET"]}}],"collection":[{"href":"https:\/\/onlinelotto365.com\/tr\/wp-json\/wp\/v2\/pages"}],"about":[{"href":"https:\/\/onlinelotto365.com\/tr\/wp-json\/wp\/v2\/types\/page"}],"author":[{"embeddable":true,"href":"https:\/\/onlinelotto365.com\/tr\/wp-json\/wp\/v2\/users\/1"}],"replies":[{"embeddable":true,"href":"https:\/\/onlinelotto365.com\/tr\/wp-json\/wp\/v2\/comments?post=80525"}],"version-history":[{"count":0,"href":"https:\/\/onlinelotto365.com\/tr\/wp-json\/wp\/v2\/pages\/80525\/revisions"}],"up":[{"embeddable":true,"href":"https:\/\/onlinelotto365.com\/tr\/wp-json\/wp\/v2\/pages\/5682"}],"wp:attachment":[{"href":"https:\/\/onlinelotto365.com\/tr\/wp-json\/wp\/v2\/media?parent=80525"}],"curies":[{"name":"wp","href":"https:\/\/api.w.org\/{rel}","templated":true}]}}