{"id":80555,"date":"2022-11-21T12:19:45","date_gmt":"2022-11-21T11:19:45","guid":{"rendered":"https:\/\/onlinelotto365.com\/?page_id=80555"},"modified":"2022-11-21T12:19:45","modified_gmt":"2022-11-21T11:19:45","slug":"oz-lotto","status":"publish","type":"page","link":"https:\/\/onlinelotto365.com\/tr\/bilet-satin-al\/oz-lotto\/","title":{"rendered":"Oz Lotto biletleri \u00e7evrimi\u00e7i olarak nas\u0131l sat\u0131n al\u0131n\u0131r"},"content":{"rendered":"<p>\u015eansl\u0131s\u0131n\u0131z \u00e7\u00fcnk\u00fc Oz Lotto biletlerinizi tam buradan ve T\u00fcrkiye&#8217;den almak i\u00e7in yapman\u0131z gerekenleri g\u00f6zden ge\u00e7irdik<br \/>\nayn\u0131 zamanda. Sizin i\u00e7in haz\u0131rlad\u0131\u011f\u0131m\u0131z bu basit ad\u0131mlar\u0131 takip ederseniz kolayca \u00e7evrimi\u00e7i sat\u0131n alabilirsiniz.<br \/>\n<a href=\"https:\/\/redfoxlotto.com\/play\/oz-lotto\/?ref=a8564250a2&amp;medium=ol365\" target=\"_blank\" rel=\"noopener noreferrer\"><img decoding=\"async\" class=\"aligncenter\" src=\"https:\/\/redfoxlotto.com\/image?size=8&amp;lottery=oz-lotto\" alt=\"Oz Lotto\" \/><\/a><\/p>\n<ul>\n<li>Oynamak istedi\u011finiz piyangonun sayfas\u0131na gidin ve istedi\u011finiz say\u0131lar\u0131 se\u00e7in. Ya da bilgisayar\u0131n sizin i\u00e7in baz\u0131 say\u0131lar\u0131 se\u00e7mesine izin verin.<\/li>\n<li>Daha fazla piyango ve bu oyun i\u00e7in de bilet ekleyin<\/li>\n<li>Biletleriniz i\u00e7in hemen \u015fimdi \u00f6deme yap\u0131n<\/li>\n<li>\u00d6deme s\u00fcrecinden ge\u00e7mek i\u00e7in yepyeni bir hesap a\u00e7\u0131n veya mevcut hesab\u0131n\u0131zda oturum a\u00e7\u0131n<\/li>\n<li>Kay\u0131t olmas\u0131 gereken hesaplar i\u00e7in, ba\u015flamak \u00fczere do\u011frulama ba\u011flant\u0131s\u0131 i\u00e7in e-postan\u0131z\u0131 kontrol etti\u011finizden emin olun<\/li>\n<li>E-postay\u0131 normal gelen kutunuzda almad\u0131ysan\u0131z spam klas\u00f6r\u00fcn\u00fcze bak\u0131n ve do\u011frulamak i\u00e7in ba\u011flant\u0131ya t\u0131klay\u0131n<\/li>\n<li>Biletlerinizi sat\u0131n almak i\u00e7in al\u0131\u015fveri\u015f sepetinize gidin<\/li>\n<li>Biletlerinizi almak i\u00e7in \u00f6deme s\u00fcrecinden ge\u00e7in<\/li>\n<\/ul>\n<h2>Oz Lotto biletiniz i\u00e7in online \u00f6deme nas\u0131l yap\u0131l\u0131r<\/h2>\n<p>Oz Lotto biletleriniz i\u00e7in \u00f6deme yapmak s\u00f6z konusu oldu\u011funda tamamen g\u00fcvenli birka\u00e7 farkl\u0131 se\u00e7enek aras\u0131ndan se\u00e7im yapabilirsiniz.<br \/>\nBunlar\u0131n her biri iki farkl\u0131 kategoriye uymaktad\u0131r:<\/p>\n<p>Sipari\u015f i\u00e7in se\u00e7ti\u011finiz herhangi bir \u00f6deme y\u00f6ntemiyle \u00f6deme yap\u0131n<br \/>\nmevcut oyuncu hesab\u0131n\u0131za para yat\u0131r\u0131n ve bu paray\u0131 bir sat\u0131n alma i\u015flemi yapmak i\u00e7in kullan\u0131n<\/p>\n<p>Oyuncu hesab\u0131n\u0131z\u0131 kullanacaksan\u0131z, sat\u0131n almak i\u00e7in ihtiyac\u0131n\u0131z olandan daha fazla para yat\u0131rd\u0131\u011f\u0131n\u0131zdan emin olun.<\/p>\n<h2>Oz Lotto hakk\u0131nda daha fazla bilgi<\/h2>\n<ul>\n<li>\u00dclke Avustralya<\/li>\n<li>Ana numaralar aral\u0131\u011f\u0131: 45<\/li>\n<li>Sen se\u00e7: 7<\/li>\n<li>\u00c7ekili\u015f g\u00fcnleri, saatleri: Sal\u0131, 21:30 GMT+11, 10:30 CET<\/li>\n<li>Minimum ikramiye: 2 milyon AU$<\/li>\n<li>Maksimum ikramiye: yok<\/li>\n<li>B\u00fcy\u00fck ikramiyeyi kazanma olas\u0131l\u0131\u011f\u0131: 45379620&#8217;de 1<\/li>\n<li>\u0130kinci kademe kazanma olas\u0131l\u0131\u011f\u0131: 3241401&#8217;de 1<\/li>\n<li>Herhangi bir kademede kazanma olas\u0131l\u0131\u011f\u0131: 54,59&#8217;da 1<\/li>\n<li>\u00d6d\u00fcl kademelerinin say\u0131s\u0131: 7<\/li>\n<\/ul>\n<h2>Oz Lotto biletlerini \u00e7evrimi\u00e7i sat\u0131n alman\u0131n avantajlar\u0131<\/h2>\n<ul>\n<li>Biletlerinizi se\u00e7mek i\u00e7in evden \u00e7\u0131kman\u0131za gerek yok<\/li>\n<li>\u00c7ok say\u0131da farkl\u0131 se\u00e7enek aras\u0131ndan se\u00e7im yapabilirsiniz<\/li>\n<li>Hangi piyangoyu sat\u0131n almak istedi\u011finize karar vermek i\u00e7in ikramiye tutarlar\u0131na bak\u0131n<\/li>\n<li>Do\u011frudan oyuncu hesab\u0131n\u0131za para ekleyin ve biletlerinizi sat\u0131n almak i\u00e7in kullan\u0131n<\/li>\n<li>Biletlerinizi kaybetme konusunda asla endi\u015felenmeyin<\/li>\n<li>Bir \u015fey kazand\u0131\u011f\u0131n\u0131zda bildirim al\u0131n<\/li>\n<li>Kendi numaralar\u0131n\u0131z\u0131 se\u00e7meden bilet almak i\u00e7in h\u0131zl\u0131 se\u00e7im se\u00e7ene\u011fini kullan\u0131n<\/li>\n<\/ul>\n<h2>Oz Lotto biletlerini \u00e7evrimi\u00e7i sat\u0131n almak yasal m\u0131?<\/h2>\n<p>\u0130kamet etti\u011finiz \u00fclkenin \u00e7evrimi\u00e7i veya hatta geleneksel yolla piyango bileti sat\u0131n almaya izin verip vermedi\u011fi konusunda kendinizi emin bulamayabilirsiniz. Endi\u015felenmenize gerek yok, ister T\u00fcrkiye&#8217;de<br \/>\nveya ba\u015fka bir yerde, \u00e7\u00fcnk\u00fc oyunun oynand\u0131\u011f\u0131 \u00fclke i\u00e7in d\u00fczenlemeler s\u00f6z konusu oldu\u011funda her \u015feyle biz ilgileniyoruz. En az 18 ya\u015f\u0131nda oldu\u011funuz s\u00fcrece sundu\u011fumuz hizmeti kullanman\u0131n yasal olup olmad\u0131\u011f\u0131 konusunda endi\u015felenmenize gerek yok. Ne olursa olsun \u00f6deme alman\u0131z\u0131 sa\u011flayaca\u011f\u0131z.<\/p>\n<h2>\u00c7evrimi\u00e7i Oz Lotto kazan\u0131rsam nas\u0131l \u00f6deme al\u0131r\u0131m?<\/h2>\n<p><img loading=\"lazy\" decoding=\"async\" class=\"alignright wp-image-3659\" src=\"https:\/\/onlinelotto365.com\/wp-content\/uploads\/2020\/11\/online_lottery-4-300x300.jpg\" alt=\"\u0130ngiltere'den Oz lotosu\" width=\"246\" height=\"246\" srcset=\"https:\/\/onlinelotto365.com\/wp-content\/uploads\/2020\/11\/online_lottery-4-300x300.jpg 300w, https:\/\/onlinelotto365.com\/wp-content\/uploads\/2020\/11\/online_lottery-4-100x100.jpg 100w, https:\/\/onlinelotto365.com\/wp-content\/uploads\/2020\/11\/online_lottery-4-150x150.jpg 150w, https:\/\/onlinelotto365.com\/wp-content\/uploads\/2020\/11\/online_lottery-4.jpg 320w\" sizes=\"auto, (max-width: 246px) 100vw, 246px\" \/><br \/>\nPiyango oynaman\u0131z s\u00f6z konusu oldu\u011funda \u00f6demeler s\u00fcrecin \u00f6nemli bir par\u00e7as\u0131d\u0131r. Paran\u0131z\u0131n tamam\u0131n\u0131 ald\u0131\u011f\u0131n\u0131zdan emin olmak istiyoruz ve bu y\u00fczden bir \u015fey kazand\u0131\u011f\u0131n\u0131zda sizden komisyon al\u0131nmamas\u0131n\u0131 sa\u011fl\u0131yoruz.<\/p>\n<p>Ayr\u0131ca, paran\u0131z\u0131 hesab\u0131n\u0131za yat\u0131rmak i\u00e7in banka havalesi yapt\u0131rmay\u0131 tercih etmedi\u011finiz s\u00fcrece sizden herhangi bir \u00fccret al\u0131nmayacakt\u0131r. Bu durumda, muhtemelen bankan\u0131n transfer i\u00e7in ald\u0131\u011f\u0131 \u00fccret tutar\u0131nda bir \u00fccret tahsil edilecektir.<\/p>\n<p><strong>Aksi takdirde, bunu akl\u0131n\u0131zda bulundurun:<\/strong><\/p>\n<ul>\n<li>2500\u20ac&#8217;dan az kazan\u0131rsan\u0131z, para otomatik olarak hesab\u0131n\u0131za yat\u0131r\u0131l\u0131r. Hi\u00e7bir \u015fey i\u00e7in endi\u015felenmenize gerek yok<\/li>\n<li>2500\u20ac&#8217;dan fazla kazan\u0131rsan\u0131z, paran\u0131n uygun kanallardan ge\u00e7mesi gerekecektir. Bu, bizden piyango komisyonuna bir talep formu doldurman\u0131zla ilgili bir e-posta alaca\u011f\u0131n\u0131z anlam\u0131na gelir. Ard\u0131ndan, para banka hesab\u0131n\u0131za havale edilecek veya do\u011frudan size \u00e7ekle g\u00f6nderilecektir.<\/li>\n<\/ul>\n","protected":false},"excerpt":{"rendered":"<p>\u015eansl\u0131s\u0131n\u0131z \u00e7\u00fcnk\u00fc Oz Lotto biletlerinizi tam buradan ve T\u00fcrkiye&#8217;den almak i\u00e7in yapman\u0131z gerekenleri g\u00f6zden ge\u00e7irdik ayn\u0131 zamanda. Sizin i\u00e7in haz\u0131rlad\u0131\u011f\u0131m\u0131z bu basit ad\u0131mlar\u0131 takip ederseniz kolayca \u00e7evrimi\u00e7i sat\u0131n alabilirsiniz. Oynamak istedi\u011finiz piyangonun sayfas\u0131na gidin ve istedi\u011finiz say\u0131lar\u0131 se\u00e7in. Ya da bilgisayar\u0131n sizin i\u00e7in baz\u0131 say\u0131lar\u0131 se\u00e7mesine izin verin. Daha fazla piyango ve bu oyun i\u00e7in [&hellip;]<\/p>\n","protected":false},"author":1,"featured_media":0,"parent":5682,"menu_order":14,"comment_status":"closed","ping_status":"closed","template":"template-rightsidebar.php","meta":{"_et_pb_use_builder":"","_et_pb_old_content":"","_et_gb_content_width":"","exclude_from_search":false,"footnotes":""},"class_list":["post-80555","page","type-page","status-publish","hentry"],"yoast_head":"<!-- This site is optimized with the Yoast SEO plugin v23.4 - https:\/\/yoast.com\/wordpress\/plugins\/seo\/ -->\n<title>Oz Lotto i\u00e7in T\u00fcrkiye&#039;den online bilet almak<\/title>\n<meta name=\"description\" content=\"Avustralya Oz Lotosu i\u00e7in biletlerinizi T\u00fcrkiye&#039;den al\u0131n\" \/>\n<meta name=\"robots\" content=\"index, follow, max-snippet:-1, max-image-preview:large, max-video-preview:-1\" \/>\n<link rel=\"canonical\" href=\"https:\/\/onlinelotto365.com\/tr\/bilet-satin-al\/oz-lotto\/\" \/>\n<meta property=\"og:locale\" content=\"tr_TR\" \/>\n<meta property=\"og:type\" content=\"article\" \/>\n<meta property=\"og:title\" content=\"Oz Lotto i\u00e7in T\u00fcrkiye&#039;den online bilet almak\" \/>\n<meta property=\"og:description\" content=\"Avustralya Oz Lotosu i\u00e7in biletlerinizi T\u00fcrkiye&#039;den al\u0131n\" \/>\n<meta property=\"og:url\" content=\"https:\/\/onlinelotto365.com\/tr\/bilet-satin-al\/oz-lotto\/\" \/>\n<meta property=\"og:site_name\" content=\"OnlineLotto365\" \/>\n<meta property=\"og:image\" content=\"https:\/\/redfoxlotto.com\/image?size=8&amp;lottery=oz-lotto\" \/>\n<meta name=\"twitter:card\" content=\"summary_large_image\" \/>\n<meta name=\"twitter:label1\" content=\"Tahmini okuma s\u00fcresi\" \/>\n\t<meta name=\"twitter:data1\" content=\"3 dakika\" \/>\n<script type=\"application\/ld+json\" class=\"yoast-schema-graph\">{\"@context\":\"https:\/\/schema.org\",\"@graph\":[{\"@type\":\"WebPage\",\"@id\":\"https:\/\/onlinelotto365.com\/tr\/bilet-satin-al\/oz-lotto\/\",\"url\":\"https:\/\/onlinelotto365.com\/tr\/bilet-satin-al\/oz-lotto\/\",\"name\":\"Oz Lotto i\u00e7in T\u00fcrkiye'den online bilet almak\",\"isPartOf\":{\"@id\":\"https:\/\/onlinelotto365.com\/tr\/#website\"},\"primaryImageOfPage\":{\"@id\":\"https:\/\/onlinelotto365.com\/tr\/bilet-satin-al\/oz-lotto\/#primaryimage\"},\"image\":{\"@id\":\"https:\/\/onlinelotto365.com\/tr\/bilet-satin-al\/oz-lotto\/#primaryimage\"},\"thumbnailUrl\":\"https:\/\/redfoxlotto.com\/image?size=8&amp;lottery=oz-lotto\",\"datePublished\":\"2022-11-21T11:19:45+00:00\",\"dateModified\":\"2022-11-21T11:19:45+00:00\",\"description\":\"Avustralya Oz Lotosu i\u00e7in biletlerinizi T\u00fcrkiye'den al\u0131n\",\"breadcrumb\":{\"@id\":\"https:\/\/onlinelotto365.com\/tr\/bilet-satin-al\/oz-lotto\/#breadcrumb\"},\"inLanguage\":\"tr\",\"potentialAction\":[{\"@type\":\"ReadAction\",\"target\":[\"https:\/\/onlinelotto365.com\/tr\/bilet-satin-al\/oz-lotto\/\"]}]},{\"@type\":\"ImageObject\",\"inLanguage\":\"tr\",\"@id\":\"https:\/\/onlinelotto365.com\/tr\/bilet-satin-al\/oz-lotto\/#primaryimage\",\"url\":\"https:\/\/redfoxlotto.com\/image?size=8&amp;lottery=oz-lotto\",\"contentUrl\":\"https:\/\/redfoxlotto.com\/image?size=8&amp;lottery=oz-lotto\"},{\"@type\":\"BreadcrumbList\",\"@id\":\"https:\/\/onlinelotto365.com\/tr\/bilet-satin-al\/oz-lotto\/#breadcrumb\",\"itemListElement\":[{\"@type\":\"ListItem\",\"position\":1,\"name\":\"Home\",\"item\":\"https:\/\/onlinelotto365.com\/tr\/\"},{\"@type\":\"ListItem\",\"position\":2,\"name\":\"Uluslararasi Loto Etkinlikleri i\u00e7in Online Bilet Servisi\",\"item\":\"https:\/\/onlinelotto365.com\/tr\/bilet-satin-al\/\"},{\"@type\":\"ListItem\",\"position\":3,\"name\":\"Oz Lotto biletleri \u00e7evrimi\u00e7i olarak nas\u0131l sat\u0131n al\u0131n\u0131r\"}]},{\"@type\":\"WebSite\",\"@id\":\"https:\/\/onlinelotto365.com\/tr\/#website\",\"url\":\"https:\/\/onlinelotto365.com\/tr\/\",\"name\":\"OnlineLotto365\",\"description\":\"\",\"potentialAction\":[{\"@type\":\"SearchAction\",\"target\":{\"@type\":\"EntryPoint\",\"urlTemplate\":\"https:\/\/onlinelotto365.com\/tr\/?s={search_term_string}\"},\"query-input\":{\"@type\":\"PropertyValueSpecification\",\"valueRequired\":true,\"valueName\":\"search_term_string\"}}],\"inLanguage\":\"tr\"}]}<\/script>\n<!-- \/ Yoast SEO plugin. -->","yoast_head_json":{"title":"Oz Lotto i\u00e7in T\u00fcrkiye'den online bilet almak","description":"Avustralya Oz Lotosu i\u00e7in biletlerinizi T\u00fcrkiye'den al\u0131n","robots":{"index":"index","follow":"follow","max-snippet":"max-snippet:-1","max-image-preview":"max-image-preview:large","max-video-preview":"max-video-preview:-1"},"canonical":"https:\/\/onlinelotto365.com\/tr\/bilet-satin-al\/oz-lotto\/","og_locale":"tr_TR","og_type":"article","og_title":"Oz Lotto i\u00e7in T\u00fcrkiye'den online bilet almak","og_description":"Avustralya Oz Lotosu i\u00e7in biletlerinizi T\u00fcrkiye'den al\u0131n","og_url":"https:\/\/onlinelotto365.com\/tr\/bilet-satin-al\/oz-lotto\/","og_site_name":"OnlineLotto365","og_image":[{"url":"https:\/\/redfoxlotto.com\/image?size=8&amp;lottery=oz-lotto"}],"twitter_card":"summary_large_image","twitter_misc":{"Tahmini okuma s\u00fcresi":"3 dakika"},"schema":{"@context":"https:\/\/schema.org","@graph":[{"@type":"WebPage","@id":"https:\/\/onlinelotto365.com\/tr\/bilet-satin-al\/oz-lotto\/","url":"https:\/\/onlinelotto365.com\/tr\/bilet-satin-al\/oz-lotto\/","name":"Oz Lotto i\u00e7in T\u00fcrkiye'den online bilet almak","isPartOf":{"@id":"https:\/\/onlinelotto365.com\/tr\/#website"},"primaryImageOfPage":{"@id":"https:\/\/onlinelotto365.com\/tr\/bilet-satin-al\/oz-lotto\/#primaryimage"},"image":{"@id":"https:\/\/onlinelotto365.com\/tr\/bilet-satin-al\/oz-lotto\/#primaryimage"},"thumbnailUrl":"https:\/\/redfoxlotto.com\/image?size=8&amp;lottery=oz-lotto","datePublished":"2022-11-21T11:19:45+00:00","dateModified":"2022-11-21T11:19:45+00:00","description":"Avustralya Oz Lotosu i\u00e7in biletlerinizi T\u00fcrkiye'den al\u0131n","breadcrumb":{"@id":"https:\/\/onlinelotto365.com\/tr\/bilet-satin-al\/oz-lotto\/#breadcrumb"},"inLanguage":"tr","potentialAction":[{"@type":"ReadAction","target":["https:\/\/onlinelotto365.com\/tr\/bilet-satin-al\/oz-lotto\/"]}]},{"@type":"ImageObject","inLanguage":"tr","@id":"https:\/\/onlinelotto365.com\/tr\/bilet-satin-al\/oz-lotto\/#primaryimage","url":"https:\/\/redfoxlotto.com\/image?size=8&amp;lottery=oz-lotto","contentUrl":"https:\/\/redfoxlotto.com\/image?size=8&amp;lottery=oz-lotto"},{"@type":"BreadcrumbList","@id":"https:\/\/onlinelotto365.com\/tr\/bilet-satin-al\/oz-lotto\/#breadcrumb","itemListElement":[{"@type":"ListItem","position":1,"name":"Home","item":"https:\/\/onlinelotto365.com\/tr\/"},{"@type":"ListItem","position":2,"name":"Uluslararasi Loto Etkinlikleri i\u00e7in Online Bilet Servisi","item":"https:\/\/onlinelotto365.com\/tr\/bilet-satin-al\/"},{"@type":"ListItem","position":3,"name":"Oz Lotto biletleri \u00e7evrimi\u00e7i olarak nas\u0131l sat\u0131n al\u0131n\u0131r"}]},{"@type":"WebSite","@id":"https:\/\/onlinelotto365.com\/tr\/#website","url":"https:\/\/onlinelotto365.com\/tr\/","name":"OnlineLotto365","description":"","potentialAction":[{"@type":"SearchAction","target":{"@type":"EntryPoint","urlTemplate":"https:\/\/onlinelotto365.com\/tr\/?s={search_term_string}"},"query-input":{"@type":"PropertyValueSpecification","valueRequired":true,"valueName":"search_term_string"}}],"inLanguage":"tr"}]}},"_links":{"self":[{"href":"https:\/\/onlinelotto365.com\/tr\/wp-json\/wp\/v2\/pages\/80555","targetHints":{"allow":["GET"]}}],"collection":[{"href":"https:\/\/onlinelotto365.com\/tr\/wp-json\/wp\/v2\/pages"}],"about":[{"href":"https:\/\/onlinelotto365.com\/tr\/wp-json\/wp\/v2\/types\/page"}],"author":[{"embeddable":true,"href":"https:\/\/onlinelotto365.com\/tr\/wp-json\/wp\/v2\/users\/1"}],"replies":[{"embeddable":true,"href":"https:\/\/onlinelotto365.com\/tr\/wp-json\/wp\/v2\/comments?post=80555"}],"version-history":[{"count":0,"href":"https:\/\/onlinelotto365.com\/tr\/wp-json\/wp\/v2\/pages\/80555\/revisions"}],"up":[{"embeddable":true,"href":"https:\/\/onlinelotto365.com\/tr\/wp-json\/wp\/v2\/pages\/5682"}],"wp:attachment":[{"href":"https:\/\/onlinelotto365.com\/tr\/wp-json\/wp\/v2\/media?parent=80555"}],"curies":[{"name":"wp","href":"https:\/\/api.w.org\/{rel}","templated":true}]}}