{"id":80620,"date":"2022-11-22T08:52:20","date_gmt":"2022-11-22T07:52:20","guid":{"rendered":"https:\/\/onlinelotto365.com\/?page_id=80620"},"modified":"2022-11-22T08:52:20","modified_gmt":"2022-11-22T07:52:20","slug":"mon-wed-lotto","status":"publish","type":"page","link":"https:\/\/onlinelotto365.com\/tr\/bilet-satin-al\/mon-wed-lotto\/","title":{"rendered":"Avustralya Pzt &#038; \u00c7ar Loto biletlerini \u00e7evrimi\u00e7i sat\u0131n alma"},"content":{"rendered":"<p>Web sitemizden Mon &amp; Wed Lotto Australia biletleri sat\u0131n almak istiyorsan\u0131z izlemeniz gereken farkl\u0131 ad\u0131mlar\u0131 yazd\u0131k. Basit ve kolayd\u0131r ve bu ad\u0131mlar\u0131 izledi\u011finizde biletlerinizin h\u0131zl\u0131 bir \u015fekilde kullan\u0131ma haz\u0131r oldu\u011funu g\u00f6receksiniz.<br \/>\n<a href=\"https:\/\/redfoxlotto.com\/play\/monday-wednesday-lotto-au\/?ref=a8564250a2&amp;medium=ol365\" target=\"_blank\" rel=\"noopener noreferrer\"><img decoding=\"async\" class=\"aligncenter\" src=\"https:\/\/redfoxlotto.com\/image?size=8&amp;lottery=monday-wednesday-lotto-au\" alt=\"Pzt &amp; \u00c7ar Loto Avustralya\" \/><\/a><\/p>\n<ul>\n<li>Oynamak istedi\u011finiz piyango i\u00e7in sayfaya gidin ve her bilette oynayaca\u011f\u0131n\u0131z say\u0131lar\u0131 se\u00e7in<\/li>\n<li>Sipari\u015finizi olu\u015fturmak i\u00e7in bu veya ba\u015fka bir oyun i\u00e7in istedi\u011finiz kadar bilet ekleyin<\/li>\n<li>\u015eimdi \u00f6deme se\u00e7ene\u011fini se\u00e7in<\/li>\n<li>Mevcut hesab\u0131n\u0131za giri\u015f yap\u0131n veya yeni bir hesap olu\u015fturma ve kaydetme s\u00fcrecinden ge\u00e7in<\/li>\n<li>Hesab\u0131n\u0131z\u0131 kaydetmek ve sat\u0131n alma i\u015flemi yapmak i\u00e7in do\u011frulama ba\u011flant\u0131s\u0131n\u0131 almak \u00fczere e-postan\u0131za gidin<\/li>\n<li>Gelen kutunuzda g\u00f6remiyorsan\u0131z, e-postan\u0131n yanl\u0131\u015fl\u0131kla oraya g\u00f6nderilip g\u00f6nderilmedi\u011fini g\u00f6rmek i\u00e7in spam e-posta klas\u00f6r\u00fcn\u00fcz\u00fc kontrol edin<\/li>\n<li>Al\u0131\u015fveri\u015f sepetinizdeki \u00f6deme s\u00fcrecinden ge\u00e7in<\/li>\n<li>Kullanmak istedi\u011finiz \u00f6deme y\u00f6ntemini se\u00e7in ve \u00f6demenizi i\u015fleme koymak i\u00e7in talimatlar\u0131 izleyin<\/li>\n<\/ul>\n<h2>Mon &amp; Wed Lotto Australia biletiniz i\u00e7in online \u00f6deme nas\u0131l yap\u0131l\u0131r<\/h2>\n<p>\u00d6deme yapmak s\u00f6z konusu oldu\u011funda, tamamen g\u00fcvenli birka\u00e7 farkl\u0131 se\u00e7ene\u011finiz vard\u0131r. Tek yapman\u0131z gereken buraya bir g\u00f6z atmak ve bu se\u00e7eneklerden baz\u0131lar\u0131n\u0131n neler olaca\u011f\u0131n\u0131 g\u00f6rmek.<br \/>\n\u0130ki se\u00e7enekten birini se\u00e7erek biletlerinizi al\u0131n:<\/p>\n<p>Se\u00e7ti\u011finiz bir \u00f6deme y\u00f6ntemiyle do\u011frudan \u00f6deme yap\u0131n<br \/>\nBir oyuncu hesab\u0131na para ekleyin ve biletlerinizi sat\u0131n almak i\u00e7in bu hesab\u0131 kullan\u0131n<\/p>\n<p>Biletlerinizi \u00f6demek i\u00e7in hesab\u0131n\u0131za \u00e7ok az para yat\u0131rma hatas\u0131na d\u00fc\u015fmeyin. Sepetinizdeki miktardan biraz daha fazlas\u0131na ihtiyac\u0131n\u0131z var.<\/p>\n<h2>Mon &amp; Wed Lotto Australia hakk\u0131nda daha fazla bilgi<\/h2>\n<ul>\n<li>\u00dclke Avustralya<\/li>\n<li>Ana numaralar aral\u0131\u011f\u0131: 45<\/li>\n<li>Sen se\u00e7: 6<\/li>\n<li>\u00c7ekili\u015f g\u00fcnleri, saatleri: Pazartesi, \u00c7ar\u015famba, 21:30 GMT+11, 10:30 CET<\/li>\n<li>Minimum ikramiye: 2,5 milyon AU$<\/li>\n<li>Maksimum ikramiye: sabit ikramiye<\/li>\n<li>B\u00fcy\u00fck ikramiyeyi kazanma olas\u0131l\u0131\u011f\u0131: 8145060&#8217;da 1<\/li>\n<li>2. kademe kazanma olas\u0131l\u0131\u011f\u0131: 678755&#8217;te 1<\/li>\n<li>Herhangi bir kademede kazanma olas\u0131l\u0131\u011f\u0131: 85,44&#8217;te 1<\/li>\n<li>\u00d6d\u00fcl kademesi say\u0131s\u0131: 6<\/li>\n<\/ul>\n<h2>Mon &amp; Wed Lotto Australia biletlerini \u00e7evrimi\u00e7i sat\u0131n alman\u0131n avantajlar\u0131<\/h2>\n<ul>\n<li>D\u0131\u015far\u0131 \u00e7\u0131kma endi\u015fesi olmadan evden loto bileti al\u0131n<\/li>\n<li>T\u00fcm favori biletleriniz aras\u0131ndan se\u00e7im yap\u0131n<\/li>\n<li>En y\u00fcksek ikramiye miktarlar\u0131na sahip oyunlar\u0131 se\u00e7erek daha iyi oranlar elde edin<\/li>\n<li>Para yat\u0131rarak bilet sat\u0131n almak i\u00e7in hesap bakiyenizi kullan\u0131n<\/li>\n<li>Biletlerinizi \u00e7evrimi\u00e7i bir hesap \u00fczerinden takip edin<\/li>\n<li>Kazanan bir biletiniz oldu\u011funda bildirim al\u0131n<\/li>\n<li>Sizin i\u00e7in bilet se\u00e7mek \u00fczere rastgele say\u0131 \u00fcretecini kullan\u0131n<\/li>\n<\/ul>\n<h2>Mon &amp; Wed Lotto Australia biletlerini \u00e7evrimi\u00e7i sat\u0131n almak yasal m\u0131?<\/h2>\n<p><img loading=\"lazy\" decoding=\"async\" class=\"alignright wp-image-3685\" src=\"https:\/\/onlinelotto365.com\/wp-content\/uploads\/2020\/11\/online_lottery-4-300x192.jpeg\" alt=\"mon wed lotto avustralya online\" width=\"255\" height=\"163\" srcset=\"https:\/\/onlinelotto365.com\/wp-content\/uploads\/2020\/11\/online_lottery-4-300x192.jpeg 300w, https:\/\/onlinelotto365.com\/wp-content\/uploads\/2020\/11\/online_lottery-4-600x383.jpeg 600w, https:\/\/onlinelotto365.com\/wp-content\/uploads\/2020\/11\/online_lottery-4.jpeg 751w\" sizes=\"auto, (max-width: 255px) 100vw, 255px\" \/><br \/>\nBir\u00e7ok ki\u015fi internetten bilet sat\u0131n alman\u0131n yasa d\u0131\u015f\u0131 oldu\u011fundan veya geleneksel y\u00f6ntemlerle bilet sat\u0131n alman\u0131n kendi \u00fclkelerinde yasa d\u0131\u015f\u0131 olabilece\u011finden endi\u015fe etmektedir. Biz, piyangonun \u00e7\u0131kt\u0131\u011f\u0131 \u00fclke i\u00e7in t\u00fcm d\u00fczenlemelere uyuldu\u011fundan emin oluruz. Piyango kazanc\u0131n\u0131z\u0131 da alman\u0131z\u0131 sa\u011flayaca\u011f\u0131z. \u0130ster k\u00fc\u00e7\u00fck bir \u00f6d\u00fcl ister b\u00fcy\u00fck bir \u00f6d\u00fcl kazan\u0131n, arad\u0131\u011f\u0131n\u0131z\u0131 ve hakk\u0131n\u0131z olan\u0131 alman\u0131za yard\u0131mc\u0131 olaca\u011f\u0131z.<br \/>\nWeb sitemizin t\u00fcm kullan\u0131c\u0131lar\u0131 en az 18 ya\u015f\u0131nda olmal\u0131d\u0131r.<\/p>\n<h2>Mon &amp; Wed Lotto Australia&#8217;y\u0131 \u00e7evrimi\u00e7i olarak kazan\u0131rsam nas\u0131l \u00f6deme al\u0131r\u0131m?<\/h2>\n<p>Kazan\u00e7lar\u0131 m\u00fc\u015fterilerimize ula\u015ft\u0131rmak s\u00fcrecin en \u00f6nemli k\u0131sm\u0131d\u0131r ve bunu hi\u00e7bir komisyon olmad\u0131\u011f\u0131ndan emin olarak yapar\u0131z. Banka havalesi yapmay\u0131 tercih etmedi\u011finiz s\u00fcrece kazanc\u0131n\u0131zdan herhangi bir \u015fey almam\u0131z konusunda endi\u015felenmenize gerek yok.<br \/>\nBu \u00f6deme y\u00f6ntemi, \u00f6zellikle uluslararas\u0131 bir i\u015flem olarak yap\u0131ld\u0131\u011f\u0131nda, banka \u00fccret talep etti\u011finde bize mal olabilir. B\u00f6yle bir durumda bu maliyet size yans\u0131t\u0131labilir ve kazanc\u0131n\u0131zdan kesilebilir.<br \/>\n\u00d6demelerin yap\u0131lmas\u0131n\u0131n iki farkl\u0131 yolu vard\u0131r.<\/p>\n<ul>\n<li>2500\u20ac&#8217;nun alt\u0131nda olan \u00f6demeler sizin hi\u00e7bir katk\u0131n\u0131z olmadan yap\u0131l\u0131r. Ekibimiz paran\u0131n do\u011frudan hesab\u0131n\u0131za yat\u0131r\u0131ld\u0131\u011f\u0131ndan emin olur.<\/li>\n<li>2500\u20ac&#8217;dan fazla olan kazan\u00e7 tutarlar\u0131 farkl\u0131 bir \u015fekilde i\u015flenir. Bu tutarlar\u0131n piyango komisyonu ile i\u015fleme al\u0131nmas\u0131 gerekir ve bu da bir talep formunun doldurulmas\u0131 gerekti\u011fi anlam\u0131na gelir. Formu size g\u00f6nderece\u011fiz ve tek yapman\u0131z gereken formu doldurmak ve paran\u0131z\u0131 banka havalesi veya \u00e7ek yoluyla isteyip istemedi\u011finizi bize bildirmek.<\/li>\n<\/ul>\n","protected":false},"excerpt":{"rendered":"<p>Web sitemizden Mon &amp; Wed Lotto Australia biletleri sat\u0131n almak istiyorsan\u0131z izlemeniz gereken farkl\u0131 ad\u0131mlar\u0131 yazd\u0131k. Basit ve kolayd\u0131r ve bu ad\u0131mlar\u0131 izledi\u011finizde biletlerinizin h\u0131zl\u0131 bir \u015fekilde kullan\u0131ma haz\u0131r oldu\u011funu g\u00f6receksiniz. Oynamak istedi\u011finiz piyango i\u00e7in sayfaya gidin ve her bilette oynayaca\u011f\u0131n\u0131z say\u0131lar\u0131 se\u00e7in Sipari\u015finizi olu\u015fturmak i\u00e7in bu veya ba\u015fka bir oyun i\u00e7in istedi\u011finiz kadar bilet [&hellip;]<\/p>\n","protected":false},"author":1,"featured_media":0,"parent":5682,"menu_order":16,"comment_status":"closed","ping_status":"closed","template":"template-rightsidebar.php","meta":{"_et_pb_use_builder":"","_et_pb_old_content":"","_et_gb_content_width":"","exclude_from_search":false,"footnotes":""},"class_list":["post-80620","page","type-page","status-publish","hentry"],"yoast_head":"<!-- This site is optimized with the Yoast SEO plugin v23.4 - https:\/\/yoast.com\/wordpress\/plugins\/seo\/ -->\n<title>Avustralya Pzt &amp; \u00c7ar Loto i\u00e7in online bilet sat\u0131n alma<\/title>\n<meta name=\"description\" content=\"Nerede ya\u015f\u0131yor olursan\u0131z olun ve \u015fimdi ne ar\u0131yor olursan\u0131z olun, Mon &amp; Wed Lotto Australia biletlerini buradan alabilirsiniz!\" \/>\n<meta name=\"robots\" content=\"index, follow, max-snippet:-1, max-image-preview:large, max-video-preview:-1\" \/>\n<link rel=\"canonical\" href=\"https:\/\/onlinelotto365.com\/tr\/bilet-satin-al\/mon-wed-lotto\/\" \/>\n<meta property=\"og:locale\" content=\"tr_TR\" \/>\n<meta property=\"og:type\" content=\"article\" \/>\n<meta property=\"og:title\" content=\"Avustralya Pzt &amp; \u00c7ar Loto i\u00e7in online bilet sat\u0131n alma\" \/>\n<meta property=\"og:description\" content=\"Nerede ya\u015f\u0131yor olursan\u0131z olun ve \u015fimdi ne ar\u0131yor olursan\u0131z olun, Mon &amp; Wed Lotto Australia biletlerini buradan alabilirsiniz!\" \/>\n<meta property=\"og:url\" content=\"https:\/\/onlinelotto365.com\/tr\/bilet-satin-al\/mon-wed-lotto\/\" \/>\n<meta property=\"og:site_name\" content=\"OnlineLotto365\" \/>\n<meta property=\"og:image\" content=\"https:\/\/redfoxlotto.com\/image?size=8&amp;lottery=monday-wednesday-lotto-au\" \/>\n<meta name=\"twitter:card\" content=\"summary_large_image\" \/>\n<meta name=\"twitter:label1\" content=\"Tahmini okuma s\u00fcresi\" \/>\n\t<meta name=\"twitter:data1\" content=\"3 dakika\" \/>\n<script type=\"application\/ld+json\" class=\"yoast-schema-graph\">{\"@context\":\"https:\/\/schema.org\",\"@graph\":[{\"@type\":\"WebPage\",\"@id\":\"https:\/\/onlinelotto365.com\/tr\/bilet-satin-al\/mon-wed-lotto\/\",\"url\":\"https:\/\/onlinelotto365.com\/tr\/bilet-satin-al\/mon-wed-lotto\/\",\"name\":\"Avustralya Pzt & \u00c7ar Loto i\u00e7in online bilet sat\u0131n alma\",\"isPartOf\":{\"@id\":\"https:\/\/onlinelotto365.com\/tr\/#website\"},\"primaryImageOfPage\":{\"@id\":\"https:\/\/onlinelotto365.com\/tr\/bilet-satin-al\/mon-wed-lotto\/#primaryimage\"},\"image\":{\"@id\":\"https:\/\/onlinelotto365.com\/tr\/bilet-satin-al\/mon-wed-lotto\/#primaryimage\"},\"thumbnailUrl\":\"https:\/\/redfoxlotto.com\/image?size=8&amp;lottery=monday-wednesday-lotto-au\",\"datePublished\":\"2022-11-22T07:52:20+00:00\",\"dateModified\":\"2022-11-22T07:52:20+00:00\",\"description\":\"Nerede ya\u015f\u0131yor olursan\u0131z olun ve \u015fimdi ne ar\u0131yor olursan\u0131z olun, Mon & Wed Lotto Australia biletlerini buradan alabilirsiniz!\",\"breadcrumb\":{\"@id\":\"https:\/\/onlinelotto365.com\/tr\/bilet-satin-al\/mon-wed-lotto\/#breadcrumb\"},\"inLanguage\":\"tr\",\"potentialAction\":[{\"@type\":\"ReadAction\",\"target\":[\"https:\/\/onlinelotto365.com\/tr\/bilet-satin-al\/mon-wed-lotto\/\"]}]},{\"@type\":\"ImageObject\",\"inLanguage\":\"tr\",\"@id\":\"https:\/\/onlinelotto365.com\/tr\/bilet-satin-al\/mon-wed-lotto\/#primaryimage\",\"url\":\"https:\/\/redfoxlotto.com\/image?size=8&amp;lottery=monday-wednesday-lotto-au\",\"contentUrl\":\"https:\/\/redfoxlotto.com\/image?size=8&amp;lottery=monday-wednesday-lotto-au\"},{\"@type\":\"BreadcrumbList\",\"@id\":\"https:\/\/onlinelotto365.com\/tr\/bilet-satin-al\/mon-wed-lotto\/#breadcrumb\",\"itemListElement\":[{\"@type\":\"ListItem\",\"position\":1,\"name\":\"Home\",\"item\":\"https:\/\/onlinelotto365.com\/tr\/\"},{\"@type\":\"ListItem\",\"position\":2,\"name\":\"Uluslararasi Loto Etkinlikleri i\u00e7in Online Bilet Servisi\",\"item\":\"https:\/\/onlinelotto365.com\/tr\/bilet-satin-al\/\"},{\"@type\":\"ListItem\",\"position\":3,\"name\":\"Avustralya Pzt &#038; \u00c7ar Loto biletlerini \u00e7evrimi\u00e7i sat\u0131n alma\"}]},{\"@type\":\"WebSite\",\"@id\":\"https:\/\/onlinelotto365.com\/tr\/#website\",\"url\":\"https:\/\/onlinelotto365.com\/tr\/\",\"name\":\"OnlineLotto365\",\"description\":\"\",\"potentialAction\":[{\"@type\":\"SearchAction\",\"target\":{\"@type\":\"EntryPoint\",\"urlTemplate\":\"https:\/\/onlinelotto365.com\/tr\/?s={search_term_string}\"},\"query-input\":{\"@type\":\"PropertyValueSpecification\",\"valueRequired\":true,\"valueName\":\"search_term_string\"}}],\"inLanguage\":\"tr\"}]}<\/script>\n<!-- \/ Yoast SEO plugin. -->","yoast_head_json":{"title":"Avustralya Pzt & \u00c7ar Loto i\u00e7in online bilet sat\u0131n alma","description":"Nerede ya\u015f\u0131yor olursan\u0131z olun ve \u015fimdi ne ar\u0131yor olursan\u0131z olun, Mon & Wed Lotto Australia biletlerini buradan alabilirsiniz!","robots":{"index":"index","follow":"follow","max-snippet":"max-snippet:-1","max-image-preview":"max-image-preview:large","max-video-preview":"max-video-preview:-1"},"canonical":"https:\/\/onlinelotto365.com\/tr\/bilet-satin-al\/mon-wed-lotto\/","og_locale":"tr_TR","og_type":"article","og_title":"Avustralya Pzt & \u00c7ar Loto i\u00e7in online bilet sat\u0131n alma","og_description":"Nerede ya\u015f\u0131yor olursan\u0131z olun ve \u015fimdi ne ar\u0131yor olursan\u0131z olun, Mon & Wed Lotto Australia biletlerini buradan alabilirsiniz!","og_url":"https:\/\/onlinelotto365.com\/tr\/bilet-satin-al\/mon-wed-lotto\/","og_site_name":"OnlineLotto365","og_image":[{"url":"https:\/\/redfoxlotto.com\/image?size=8&amp;lottery=monday-wednesday-lotto-au"}],"twitter_card":"summary_large_image","twitter_misc":{"Tahmini okuma s\u00fcresi":"3 dakika"},"schema":{"@context":"https:\/\/schema.org","@graph":[{"@type":"WebPage","@id":"https:\/\/onlinelotto365.com\/tr\/bilet-satin-al\/mon-wed-lotto\/","url":"https:\/\/onlinelotto365.com\/tr\/bilet-satin-al\/mon-wed-lotto\/","name":"Avustralya Pzt & \u00c7ar Loto i\u00e7in online bilet sat\u0131n alma","isPartOf":{"@id":"https:\/\/onlinelotto365.com\/tr\/#website"},"primaryImageOfPage":{"@id":"https:\/\/onlinelotto365.com\/tr\/bilet-satin-al\/mon-wed-lotto\/#primaryimage"},"image":{"@id":"https:\/\/onlinelotto365.com\/tr\/bilet-satin-al\/mon-wed-lotto\/#primaryimage"},"thumbnailUrl":"https:\/\/redfoxlotto.com\/image?size=8&amp;lottery=monday-wednesday-lotto-au","datePublished":"2022-11-22T07:52:20+00:00","dateModified":"2022-11-22T07:52:20+00:00","description":"Nerede ya\u015f\u0131yor olursan\u0131z olun ve \u015fimdi ne ar\u0131yor olursan\u0131z olun, Mon & Wed Lotto Australia biletlerini buradan alabilirsiniz!","breadcrumb":{"@id":"https:\/\/onlinelotto365.com\/tr\/bilet-satin-al\/mon-wed-lotto\/#breadcrumb"},"inLanguage":"tr","potentialAction":[{"@type":"ReadAction","target":["https:\/\/onlinelotto365.com\/tr\/bilet-satin-al\/mon-wed-lotto\/"]}]},{"@type":"ImageObject","inLanguage":"tr","@id":"https:\/\/onlinelotto365.com\/tr\/bilet-satin-al\/mon-wed-lotto\/#primaryimage","url":"https:\/\/redfoxlotto.com\/image?size=8&amp;lottery=monday-wednesday-lotto-au","contentUrl":"https:\/\/redfoxlotto.com\/image?size=8&amp;lottery=monday-wednesday-lotto-au"},{"@type":"BreadcrumbList","@id":"https:\/\/onlinelotto365.com\/tr\/bilet-satin-al\/mon-wed-lotto\/#breadcrumb","itemListElement":[{"@type":"ListItem","position":1,"name":"Home","item":"https:\/\/onlinelotto365.com\/tr\/"},{"@type":"ListItem","position":2,"name":"Uluslararasi Loto Etkinlikleri i\u00e7in Online Bilet Servisi","item":"https:\/\/onlinelotto365.com\/tr\/bilet-satin-al\/"},{"@type":"ListItem","position":3,"name":"Avustralya Pzt &#038; \u00c7ar Loto biletlerini \u00e7evrimi\u00e7i sat\u0131n alma"}]},{"@type":"WebSite","@id":"https:\/\/onlinelotto365.com\/tr\/#website","url":"https:\/\/onlinelotto365.com\/tr\/","name":"OnlineLotto365","description":"","potentialAction":[{"@type":"SearchAction","target":{"@type":"EntryPoint","urlTemplate":"https:\/\/onlinelotto365.com\/tr\/?s={search_term_string}"},"query-input":{"@type":"PropertyValueSpecification","valueRequired":true,"valueName":"search_term_string"}}],"inLanguage":"tr"}]}},"_links":{"self":[{"href":"https:\/\/onlinelotto365.com\/tr\/wp-json\/wp\/v2\/pages\/80620","targetHints":{"allow":["GET"]}}],"collection":[{"href":"https:\/\/onlinelotto365.com\/tr\/wp-json\/wp\/v2\/pages"}],"about":[{"href":"https:\/\/onlinelotto365.com\/tr\/wp-json\/wp\/v2\/types\/page"}],"author":[{"embeddable":true,"href":"https:\/\/onlinelotto365.com\/tr\/wp-json\/wp\/v2\/users\/1"}],"replies":[{"embeddable":true,"href":"https:\/\/onlinelotto365.com\/tr\/wp-json\/wp\/v2\/comments?post=80620"}],"version-history":[{"count":0,"href":"https:\/\/onlinelotto365.com\/tr\/wp-json\/wp\/v2\/pages\/80620\/revisions"}],"up":[{"embeddable":true,"href":"https:\/\/onlinelotto365.com\/tr\/wp-json\/wp\/v2\/pages\/5682"}],"wp:attachment":[{"href":"https:\/\/onlinelotto365.com\/tr\/wp-json\/wp\/v2\/media?parent=80620"}],"curies":[{"name":"wp","href":"https:\/\/api.w.org\/{rel}","templated":true}]}}