{"id":80628,"date":"2022-11-22T09:32:00","date_gmt":"2022-11-22T08:32:00","guid":{"rendered":"https:\/\/onlinelotto365.com\/?page_id=80628"},"modified":"2022-11-22T09:32:00","modified_gmt":"2022-11-22T08:32:00","slug":"saturday-lotto-australia","status":"publish","type":"page","link":"https:\/\/onlinelotto365.com\/tr\/bilet-satin-al\/saturday-lotto-australia\/","title":{"rendered":"Avustralya Cumartesi Loto biletleri \u00e7evrimi\u00e7i olarak nas\u0131l sat\u0131n al\u0131n\u0131r"},"content":{"rendered":"<p>Avustralya Cumartesi Loto biletlerini \u00e7evrimi\u00e7i olarak nas\u0131l sat\u0131n alaca\u011f\u0131n\u0131zdan tam olarak emin de\u011filseniz, h\u0131zl\u0131 bir \u015fekilde ula\u015fman\u0131za yard\u0131mc\u0131 olmak i\u00e7in tasarlanm\u0131\u015f bu ad\u0131m ad\u0131m k\u0131lavuza g\u00f6z atmak isteyeceksiniz. Hi\u00e7bir \u015fey i\u00e7in endi\u015felenmenize gerek kalmayacak \u00e7\u00fcnk\u00fc size yard\u0131mc\u0131 olaca\u011f\u0131z.<br \/>\n<a href=\"https:\/\/redfoxlotto.com\/play\/saturday-lotto-au\/?ref=a8564250a2&amp;medium=ol365\" target=\"_blank\" rel=\"noopener noreferrer\"><img decoding=\"async\" class=\"aligncenter\" src=\"https:\/\/redfoxlotto.com\/image?size=8&amp;lottery=saturday-lotto-au\" alt=\"Cumartesi Loto Avustralya\" \/><\/a><\/p>\n<ul>\n<li>Avustralya Cumartesi Loto sayfas\u0131na gidin ve biletlerinizin her birinde oynamak istedi\u011finiz say\u0131lar\u0131 se\u00e7in<\/li>\n<li>Ayn\u0131 oyun veya farkl\u0131 oyunlar i\u00e7in daha fazla bilet ekleyin<\/li>\n<li>\u015eimdi \u00f6de se\u00e7ene\u011fine gidin<\/li>\n<li>Mevcut hesab\u0131n\u0131za giri\u015f yap\u0131n veya yeni bir hesap i\u00e7in kaydolma se\u00e7ene\u011fini se\u00e7in ve y\u00f6nergeleri izleyin<\/li>\n<li>Yeni hesaplar i\u00e7in do\u011frulama ba\u011flant\u0131s\u0131 i\u00e7eren bir onay e-postas\u0131 i\u00e7in e-posta gelen kutunuzu kontrol etti\u011finizden emin olun<\/li>\n<li>Onay e-postas\u0131n\u0131 g\u00f6rm\u00fcyorsan\u0131z spam klas\u00f6r\u00fcn\u00fcz\u00fc kontrol edin ve ba\u011flant\u0131ya t\u0131klay\u0131n<\/li>\n<li>Al\u0131\u015fveri\u015f sepetinize gidin<\/li>\n<li>Kullanmak istedi\u011finiz \u00f6deme se\u00e7ene\u011fini se\u00e7in ve \u00f6deme s\u00fcrecinden ge\u00e7in<\/li>\n<\/ul>\n<h2>Avustralya Cumartesi Loto biletiniz i\u00e7in online \u00f6deme nas\u0131l yap\u0131l\u0131r<\/h2>\n<p>Bir sonraki piyango biletinizi T\u00fcrkiye&#8217;den bizimle sat\u0131n almaya haz\u0131r oldu\u011funuzda bir\u00e7ok farkl\u0131 g\u00fcvenli \u00f6deme se\u00e7ene\u011finden birini kullanabilirsiniz.<br \/>\nBu farkl\u0131 se\u00e7enekler aras\u0131ndan se\u00e7im yap\u0131n:<\/p>\n<p>Sipari\u015f i\u00e7in do\u011frudan tercih etti\u011finiz \u00f6deme y\u00f6ntemiyle \u00f6deme yap\u0131n<br \/>\nHesab\u0131n\u0131za para yat\u0131r\u0131n ve bunu bilet sat\u0131n almak i\u00e7in kullan\u0131n<\/p>\n<p>Hesab\u0131n\u0131za para yat\u0131rmaya karar verirseniz, sat\u0131n alma i\u00e7in yeterli paradan fazlas\u0131n\u0131 ekledi\u011finizden emin olun.<\/p>\n<h2>Saturday Lotto Australia hakk\u0131nda daha fazla bilgi<\/h2>\n<ul>\n<li>\u00dclke Avustralya<\/li>\n<li>Ana numaralar aral\u0131\u011f\u0131: 45<\/li>\n<li>Sen se\u00e7: 6<\/li>\n<li>\u00c7ekili\u015f g\u00fcnleri, saatleri: Cumartesi, 21:30 GMT+11, 10:30 CET<\/li>\n<li>Minimum ikramiye: 5 milyon AU$<\/li>\n<li>Maksimum ikramiye: 150 milyon AU$<\/li>\n<li>B\u00fcy\u00fck ikramiyeyi kazanma olas\u0131l\u0131\u011f\u0131: 8145060&#8217;da 1<\/li>\n<li>2. kademe kazanma olas\u0131l\u0131\u011f\u0131: 678755&#8217;te 1<\/li>\n<li>Herhangi bir kademede kazanma olas\u0131l\u0131\u011f\u0131: 85,44&#8217;te 1<\/li>\n<li>\u00d6d\u00fcl kademesi say\u0131s\u0131: 6<\/li>\n<\/ul>\n<h2>Avustralya Cumartesi Loto biletlerini \u00e7evrimi\u00e7i sat\u0131n alman\u0131n avantajlar\u0131<\/h2>\n<ul>\n<li>\u0130stedi\u011finiz biletleri al\u0131n ve asla kap\u0131dan \u00e7\u0131kmak zorunda kalmay\u0131n<\/li>\n<li>\u00c7ok say\u0131da farkl\u0131 piyango oyunundan istedi\u011finizi se\u00e7in<\/li>\n<li>En b\u00fcy\u00fck ikramiyelere oynayarak daha y\u00fcksek kazanma \u015fans\u0131 elde edin<\/li>\n<li>Paran\u0131z\u0131 bir hesaba yat\u0131r\u0131n ve ard\u0131ndan biletlerinizi \u00f6deyin<\/li>\n<li>Biletlerinizi kolayca takip edin<\/li>\n<li>Her seferinde kazanma bildirimleri al\u0131n<\/li>\n<li>Numaralar\u0131 se\u00e7meden bilet almak i\u00e7in h\u0131zl\u0131 se\u00e7im kullan\u0131n<\/li>\n<\/ul>\n<h2>Avustralya Cumartesi Loto biletlerini internetten sat\u0131n almak yasal m\u0131?<\/h2>\n<p>T\u00fcrkiye&#8217;de ikamet ederken bu \u015fekilde piyango bileti sat\u0131n alman\u0131n ikamet etti\u011finiz \u00fclkede ger\u00e7ekten yasal olup olmad\u0131\u011f\u0131 konusunda endi\u015feli olabilirsiniz. Endi\u015felenmenize gerek yok \u00e7\u00fcnk\u00fc piyangonun d\u00fczenlendi\u011fi \u00fclke de dahil olmak \u00fczere biletlerin sat\u0131n al\u0131nd\u0131\u011f\u0131 \u00fclkeye g\u00f6re her \u015feyin yasal oldu\u011fundan emin olmaya \u00f6zen g\u00f6steriyoruz. Biletleri sat\u0131n almak i\u00e7in yasal olarak yeterince b\u00fcy\u00fck oldu\u011funuzdan emin olmak d\u0131\u015f\u0131nda hi\u00e7bir \u015fey i\u00e7in endi\u015felenmenize gerek yok. Web sitemizi kullanmak i\u00e7in 18 ya\u015f\u0131nda olman\u0131z gerekir.<\/p>\n<h2>Saturday Lotto Australia&#8217;y\u0131 \u00e7evrimi\u00e7i olarak kazan\u0131rsam nas\u0131l \u00f6deme al\u0131r\u0131m?<\/h2>\n<p><img loading=\"lazy\" decoding=\"async\" class=\"alignright wp-image-3694\" src=\"https:\/\/onlinelotto365.com\/wp-content\/uploads\/2020\/11\/online_lottery-11-300x300.jpeg\" alt=\"cumartesi\u0307 loto bi\u0307letleri\u0307ni\u0307 onli\u0307ne satin alin\" width=\"187\" height=\"187\" srcset=\"https:\/\/onlinelotto365.com\/wp-content\/uploads\/2020\/11\/online_lottery-11-300x300.jpeg 300w, https:\/\/onlinelotto365.com\/wp-content\/uploads\/2020\/11\/online_lottery-11-100x100.jpeg 100w, https:\/\/onlinelotto365.com\/wp-content\/uploads\/2020\/11\/online_lottery-11-150x150.jpeg 150w, https:\/\/onlinelotto365.com\/wp-content\/uploads\/2020\/11\/online_lottery-11.jpeg 480w\" sizes=\"auto, (max-width: 187px) 100vw, 187px\" \/><br \/>\nKimsenin kazanc\u0131n\u0131zdan pay almas\u0131n\u0131 istemedi\u011finizi biliyoruz ve bu y\u00fczden bunu yapmad\u0131\u011f\u0131m\u0131zdan emin oluyoruz. En sevdi\u011finiz piyango oyunlar\u0131n\u0131 kazand\u0131\u011f\u0131n\u0131zda bize asla komisyon \u00f6demeyeceksiniz. Ve kazan\u00e7lar\u0131n\u0131z i\u00e7in bize komisyon \u00f6deme konusunda da endi\u015felenmenize gerek yok.<\/p>\n<p>\u00dccret \u00f6deyece\u011finiz tek zaman, piyango kazanc\u0131n\u0131z\u0131n banka havalesi yoluyla, \u00f6rne\u011fin T\u00fcrkiye&#8217;deki bir bankaya yat\u0131r\u0131lmas\u0131n\u0131 tercih etmenizdir. Bankalar uluslararas\u0131 transferler i\u00e7in \u00fccret ald\u0131\u011f\u0131ndan, bu havaleler bazen bize \u00fccrete mal olabilir. Bu \u00fccret size yans\u0131t\u0131labilir ve elde etti\u011finiz kazan\u00e7tan kesilebilir.<br \/>\n\u00d6deme almak s\u00f6z konusu oldu\u011funda sadece hat\u0131rlaman\u0131z gerekir:<\/p>\n<ul>\n<li>2500 \u20ac alt\u0131ndaki \u00f6demeler hesab\u0131n\u0131za yat\u0131r\u0131l\u0131r. Hi\u00e7bir \u015fey yapman\u0131za gerek yok \u00e7\u00fcnk\u00fc hepsini sizin i\u00e7in biz yapaca\u011f\u0131z.<\/li>\n<li>2500 \u20ac \u00fczerindeki \u00f6demeler banka havalesi veya \u00e7ek ile \u00f6denir. Paray\u0131 size nas\u0131l ula\u015ft\u0131raca\u011f\u0131m\u0131z\u0131 bize bildiren bir form doldurman\u0131z i\u00e7in destek ekibimiz sizinle ileti\u015fime ge\u00e7ecektir. Ard\u0131ndan paran\u0131n size ula\u015fmas\u0131 i\u00e7in birka\u00e7 g\u00fcn beklemeniz yeterli olacakt\u0131r.<\/li>\n<\/ul>\n","protected":false},"excerpt":{"rendered":"<p>Avustralya Cumartesi Loto biletlerini \u00e7evrimi\u00e7i olarak nas\u0131l sat\u0131n alaca\u011f\u0131n\u0131zdan tam olarak emin de\u011filseniz, h\u0131zl\u0131 bir \u015fekilde ula\u015fman\u0131za yard\u0131mc\u0131 olmak i\u00e7in tasarlanm\u0131\u015f bu ad\u0131m ad\u0131m k\u0131lavuza g\u00f6z atmak isteyeceksiniz. Hi\u00e7bir \u015fey i\u00e7in endi\u015felenmenize gerek kalmayacak \u00e7\u00fcnk\u00fc size yard\u0131mc\u0131 olaca\u011f\u0131z. Avustralya Cumartesi Loto sayfas\u0131na gidin ve biletlerinizin her birinde oynamak istedi\u011finiz say\u0131lar\u0131 se\u00e7in Ayn\u0131 oyun veya farkl\u0131 [&hellip;]<\/p>\n","protected":false},"author":1,"featured_media":0,"parent":5682,"menu_order":15,"comment_status":"closed","ping_status":"closed","template":"saturday-lotto-info.php","meta":{"_et_pb_use_builder":"","_et_pb_old_content":"","_et_gb_content_width":"","exclude_from_search":false,"footnotes":""},"class_list":["post-80628","page","type-page","status-publish","hentry"],"yoast_head":"<!-- This site is optimized with the Yoast SEO plugin v23.4 - https:\/\/yoast.com\/wordpress\/plugins\/seo\/ -->\n<title>T\u00fcrkiye&#039;de ikamet ediyorsan\u0131z Avustralya Cumartesi Loto&#039;su i\u00e7in nas\u0131l bilet alabilirsiniz?<\/title>\n<meta name=\"description\" content=\"T\u00fcrkiye&#039;de ikamet edenler art\u0131k Avustralya Cumartesi lotolar\u0131 i\u00e7in bilet sat\u0131n alabilirler\" \/>\n<meta name=\"robots\" content=\"index, follow, max-snippet:-1, max-image-preview:large, max-video-preview:-1\" \/>\n<link rel=\"canonical\" href=\"https:\/\/onlinelotto365.com\/tr\/bilet-satin-al\/saturday-lotto-australia\/\" \/>\n<meta property=\"og:locale\" content=\"tr_TR\" \/>\n<meta property=\"og:type\" content=\"article\" \/>\n<meta property=\"og:title\" content=\"T\u00fcrkiye&#039;de ikamet ediyorsan\u0131z Avustralya Cumartesi Loto&#039;su i\u00e7in nas\u0131l bilet alabilirsiniz?\" \/>\n<meta property=\"og:description\" content=\"T\u00fcrkiye&#039;de ikamet edenler art\u0131k Avustralya Cumartesi lotolar\u0131 i\u00e7in bilet sat\u0131n alabilirler\" \/>\n<meta property=\"og:url\" content=\"https:\/\/onlinelotto365.com\/tr\/bilet-satin-al\/saturday-lotto-australia\/\" \/>\n<meta property=\"og:site_name\" content=\"OnlineLotto365\" \/>\n<meta property=\"og:image\" content=\"https:\/\/redfoxlotto.com\/image?size=8&amp;lottery=saturday-lotto-au\" \/>\n<meta name=\"twitter:card\" content=\"summary_large_image\" \/>\n<meta name=\"twitter:label1\" content=\"Tahmini okuma s\u00fcresi\" \/>\n\t<meta name=\"twitter:data1\" content=\"3 dakika\" \/>\n<script type=\"application\/ld+json\" class=\"yoast-schema-graph\">{\"@context\":\"https:\/\/schema.org\",\"@graph\":[{\"@type\":\"WebPage\",\"@id\":\"https:\/\/onlinelotto365.com\/tr\/bilet-satin-al\/saturday-lotto-australia\/\",\"url\":\"https:\/\/onlinelotto365.com\/tr\/bilet-satin-al\/saturday-lotto-australia\/\",\"name\":\"T\u00fcrkiye'de ikamet ediyorsan\u0131z Avustralya Cumartesi Loto'su i\u00e7in nas\u0131l bilet alabilirsiniz?\",\"isPartOf\":{\"@id\":\"https:\/\/onlinelotto365.com\/tr\/#website\"},\"primaryImageOfPage\":{\"@id\":\"https:\/\/onlinelotto365.com\/tr\/bilet-satin-al\/saturday-lotto-australia\/#primaryimage\"},\"image\":{\"@id\":\"https:\/\/onlinelotto365.com\/tr\/bilet-satin-al\/saturday-lotto-australia\/#primaryimage\"},\"thumbnailUrl\":\"https:\/\/redfoxlotto.com\/image?size=8&amp;lottery=saturday-lotto-au\",\"datePublished\":\"2022-11-22T08:32:00+00:00\",\"dateModified\":\"2022-11-22T08:32:00+00:00\",\"description\":\"T\u00fcrkiye'de ikamet edenler art\u0131k Avustralya Cumartesi lotolar\u0131 i\u00e7in bilet sat\u0131n alabilirler\",\"breadcrumb\":{\"@id\":\"https:\/\/onlinelotto365.com\/tr\/bilet-satin-al\/saturday-lotto-australia\/#breadcrumb\"},\"inLanguage\":\"tr\",\"potentialAction\":[{\"@type\":\"ReadAction\",\"target\":[\"https:\/\/onlinelotto365.com\/tr\/bilet-satin-al\/saturday-lotto-australia\/\"]}]},{\"@type\":\"ImageObject\",\"inLanguage\":\"tr\",\"@id\":\"https:\/\/onlinelotto365.com\/tr\/bilet-satin-al\/saturday-lotto-australia\/#primaryimage\",\"url\":\"https:\/\/redfoxlotto.com\/image?size=8&amp;lottery=saturday-lotto-au\",\"contentUrl\":\"https:\/\/redfoxlotto.com\/image?size=8&amp;lottery=saturday-lotto-au\"},{\"@type\":\"BreadcrumbList\",\"@id\":\"https:\/\/onlinelotto365.com\/tr\/bilet-satin-al\/saturday-lotto-australia\/#breadcrumb\",\"itemListElement\":[{\"@type\":\"ListItem\",\"position\":1,\"name\":\"Home\",\"item\":\"https:\/\/onlinelotto365.com\/tr\/\"},{\"@type\":\"ListItem\",\"position\":2,\"name\":\"Uluslararasi Loto Etkinlikleri i\u00e7in Online Bilet Servisi\",\"item\":\"https:\/\/onlinelotto365.com\/tr\/bilet-satin-al\/\"},{\"@type\":\"ListItem\",\"position\":3,\"name\":\"Avustralya Cumartesi Loto biletleri \u00e7evrimi\u00e7i olarak nas\u0131l sat\u0131n al\u0131n\u0131r\"}]},{\"@type\":\"WebSite\",\"@id\":\"https:\/\/onlinelotto365.com\/tr\/#website\",\"url\":\"https:\/\/onlinelotto365.com\/tr\/\",\"name\":\"OnlineLotto365\",\"description\":\"\",\"potentialAction\":[{\"@type\":\"SearchAction\",\"target\":{\"@type\":\"EntryPoint\",\"urlTemplate\":\"https:\/\/onlinelotto365.com\/tr\/?s={search_term_string}\"},\"query-input\":{\"@type\":\"PropertyValueSpecification\",\"valueRequired\":true,\"valueName\":\"search_term_string\"}}],\"inLanguage\":\"tr\"}]}<\/script>\n<!-- \/ Yoast SEO plugin. -->","yoast_head_json":{"title":"T\u00fcrkiye'de ikamet ediyorsan\u0131z Avustralya Cumartesi Loto'su i\u00e7in nas\u0131l bilet alabilirsiniz?","description":"T\u00fcrkiye'de ikamet edenler art\u0131k Avustralya Cumartesi lotolar\u0131 i\u00e7in bilet sat\u0131n alabilirler","robots":{"index":"index","follow":"follow","max-snippet":"max-snippet:-1","max-image-preview":"max-image-preview:large","max-video-preview":"max-video-preview:-1"},"canonical":"https:\/\/onlinelotto365.com\/tr\/bilet-satin-al\/saturday-lotto-australia\/","og_locale":"tr_TR","og_type":"article","og_title":"T\u00fcrkiye'de ikamet ediyorsan\u0131z Avustralya Cumartesi Loto'su i\u00e7in nas\u0131l bilet alabilirsiniz?","og_description":"T\u00fcrkiye'de ikamet edenler art\u0131k Avustralya Cumartesi lotolar\u0131 i\u00e7in bilet sat\u0131n alabilirler","og_url":"https:\/\/onlinelotto365.com\/tr\/bilet-satin-al\/saturday-lotto-australia\/","og_site_name":"OnlineLotto365","og_image":[{"url":"https:\/\/redfoxlotto.com\/image?size=8&amp;lottery=saturday-lotto-au"}],"twitter_card":"summary_large_image","twitter_misc":{"Tahmini okuma s\u00fcresi":"3 dakika"},"schema":{"@context":"https:\/\/schema.org","@graph":[{"@type":"WebPage","@id":"https:\/\/onlinelotto365.com\/tr\/bilet-satin-al\/saturday-lotto-australia\/","url":"https:\/\/onlinelotto365.com\/tr\/bilet-satin-al\/saturday-lotto-australia\/","name":"T\u00fcrkiye'de ikamet ediyorsan\u0131z Avustralya Cumartesi Loto'su i\u00e7in nas\u0131l bilet alabilirsiniz?","isPartOf":{"@id":"https:\/\/onlinelotto365.com\/tr\/#website"},"primaryImageOfPage":{"@id":"https:\/\/onlinelotto365.com\/tr\/bilet-satin-al\/saturday-lotto-australia\/#primaryimage"},"image":{"@id":"https:\/\/onlinelotto365.com\/tr\/bilet-satin-al\/saturday-lotto-australia\/#primaryimage"},"thumbnailUrl":"https:\/\/redfoxlotto.com\/image?size=8&amp;lottery=saturday-lotto-au","datePublished":"2022-11-22T08:32:00+00:00","dateModified":"2022-11-22T08:32:00+00:00","description":"T\u00fcrkiye'de ikamet edenler art\u0131k Avustralya Cumartesi lotolar\u0131 i\u00e7in bilet sat\u0131n alabilirler","breadcrumb":{"@id":"https:\/\/onlinelotto365.com\/tr\/bilet-satin-al\/saturday-lotto-australia\/#breadcrumb"},"inLanguage":"tr","potentialAction":[{"@type":"ReadAction","target":["https:\/\/onlinelotto365.com\/tr\/bilet-satin-al\/saturday-lotto-australia\/"]}]},{"@type":"ImageObject","inLanguage":"tr","@id":"https:\/\/onlinelotto365.com\/tr\/bilet-satin-al\/saturday-lotto-australia\/#primaryimage","url":"https:\/\/redfoxlotto.com\/image?size=8&amp;lottery=saturday-lotto-au","contentUrl":"https:\/\/redfoxlotto.com\/image?size=8&amp;lottery=saturday-lotto-au"},{"@type":"BreadcrumbList","@id":"https:\/\/onlinelotto365.com\/tr\/bilet-satin-al\/saturday-lotto-australia\/#breadcrumb","itemListElement":[{"@type":"ListItem","position":1,"name":"Home","item":"https:\/\/onlinelotto365.com\/tr\/"},{"@type":"ListItem","position":2,"name":"Uluslararasi Loto Etkinlikleri i\u00e7in Online Bilet Servisi","item":"https:\/\/onlinelotto365.com\/tr\/bilet-satin-al\/"},{"@type":"ListItem","position":3,"name":"Avustralya Cumartesi Loto biletleri \u00e7evrimi\u00e7i olarak nas\u0131l sat\u0131n al\u0131n\u0131r"}]},{"@type":"WebSite","@id":"https:\/\/onlinelotto365.com\/tr\/#website","url":"https:\/\/onlinelotto365.com\/tr\/","name":"OnlineLotto365","description":"","potentialAction":[{"@type":"SearchAction","target":{"@type":"EntryPoint","urlTemplate":"https:\/\/onlinelotto365.com\/tr\/?s={search_term_string}"},"query-input":{"@type":"PropertyValueSpecification","valueRequired":true,"valueName":"search_term_string"}}],"inLanguage":"tr"}]}},"_links":{"self":[{"href":"https:\/\/onlinelotto365.com\/tr\/wp-json\/wp\/v2\/pages\/80628","targetHints":{"allow":["GET"]}}],"collection":[{"href":"https:\/\/onlinelotto365.com\/tr\/wp-json\/wp\/v2\/pages"}],"about":[{"href":"https:\/\/onlinelotto365.com\/tr\/wp-json\/wp\/v2\/types\/page"}],"author":[{"embeddable":true,"href":"https:\/\/onlinelotto365.com\/tr\/wp-json\/wp\/v2\/users\/1"}],"replies":[{"embeddable":true,"href":"https:\/\/onlinelotto365.com\/tr\/wp-json\/wp\/v2\/comments?post=80628"}],"version-history":[{"count":0,"href":"https:\/\/onlinelotto365.com\/tr\/wp-json\/wp\/v2\/pages\/80628\/revisions"}],"up":[{"embeddable":true,"href":"https:\/\/onlinelotto365.com\/tr\/wp-json\/wp\/v2\/pages\/5682"}],"wp:attachment":[{"href":"https:\/\/onlinelotto365.com\/tr\/wp-json\/wp\/v2\/media?parent=80628"}],"curies":[{"name":"wp","href":"https:\/\/api.w.org\/{rel}","templated":true}]}}