{"id":80649,"date":"2022-11-22T10:38:22","date_gmt":"2022-11-22T09:38:22","guid":{"rendered":"https:\/\/onlinelotto365.com\/?page_id=80649"},"modified":"2022-11-22T10:38:22","modified_gmt":"2022-11-22T09:38:22","slug":"euromillions","status":"publish","type":"page","link":"https:\/\/onlinelotto365.com\/tr\/bilet-satin-al\/euromillions\/","title":{"rendered":"Euromillions biletleri online olarak nas\u0131l sat\u0131n al\u0131n\u0131r"},"content":{"rendered":"<p>Bir sonraki \u00e7ekili\u015f i\u00e7in EuroMillions bileti mi sat\u0131n almak istiyorsunuz? Biletlerinizi tamamen \u00e7evrimi\u00e7i olarak m\u0131 almak istiyorsunuz? Avustralya&#8217;da mevcut olmayan piyangolar\u0131 m\u0131 oynamak istiyorsunuz? O zaman, ilgili ad\u0131mlar\u0131 g\u00f6zden ge\u00e7irece\u011fimiz buraya daha yak\u0131ndan bakmak isteyeceksiniz. Ve neyse ki sizin i\u00e7in, ba\u015flamak \u00e7ok basit.<br \/>\n<a href=\"https:\/\/redfoxlotto.com\/play\/euromillions\/?ref=a8564250a2&amp;medium=ol365\" target=\"_blank\" rel=\"noopener noreferrer\"><img decoding=\"async\" class=\"aligncenter\" src=\"https:\/\/redfoxlotto.com\/image?size=8&amp;lottery=euromillions\" alt=\"euromillions\" \/><\/a><\/p>\n<ul>\n<li>Oynamak istedi\u011finiz piyangoyu se\u00e7in ve oynamak istedi\u011finiz say\u0131lar\u0131 se\u00e7in veya bilgisayar\u0131n sizin i\u00e7in se\u00e7mesi i\u00e7in h\u0131zl\u0131 bir se\u00e7im yap\u0131n<\/li>\n<li>Daha fazla piyango oyunu ve Avustralya d\u0131\u015f\u0131ndaki oyunlar i\u00e7in bile daha fazla bilet ekleyin, b\u00f6ylece sipari\u015finiz istedi\u011finiz toplam bileti yans\u0131t\u0131r<\/li>\n<li>\u015eimdi \u00f6de se\u00e7ene\u011fini se\u00e7in<\/li>\n<li>Biletlerinizi sat\u0131n almak i\u00e7in hesab\u0131n\u0131z\u0131 olu\u015fturun ve kaydedin veya mevcut \u00fcye hesab\u0131n\u0131za giri\u015f yap\u0131n<\/li>\n<li>Kay\u0131t olmas\u0131 gerekenler i\u00e7in, s\u00fcreci tamamlayabilmeniz i\u00e7in e-postan\u0131zda bir do\u011frulama ba\u011flant\u0131s\u0131 olup olmad\u0131\u011f\u0131n\u0131 kontrol edin<\/li>\n<li>E-postan\u0131n yanl\u0131\u015fl\u0131kla oraya g\u00f6nderilmesi ihtimaline kar\u015f\u0131 spam klas\u00f6r\u00fcn\u00fcze dikkat edin<\/li>\n<li>E-postan\u0131z\u0131 do\u011frulay\u0131n ve web sitesindeki al\u0131\u015fveri\u015f sepetine t\u0131klay\u0131n<\/li>\n<li>Tercih etti\u011finiz \u00f6deme se\u00e7ene\u011fini se\u00e7in ve ard\u0131ndan biletlerinizin \u00f6demesini yapmak i\u00e7in talimatlar\u0131 izleyin<\/li>\n<\/ul>\n<h2>EuroMillions biletiniz i\u00e7in online \u00f6deme nas\u0131l yap\u0131l\u0131r<\/h2>\n<p>EuroMillions biletleriniz i\u00e7in \u00e7evrimi\u00e7i \u00f6deme yapmak basittir \u00e7\u00fcnk\u00fc bir\u00e7ok farkl\u0131 g\u00fcvenli \u00f6deme y\u00f6ntemi mevcuttur. Sadece tercih etti\u011finizi se\u00e7in.<br \/>\nA\u015fa\u011f\u0131dakilerden birini yaparak biletlerinizi sat\u0131n al\u0131n ve \u00f6deyin:<\/p>\n<p>Sipari\u015f i\u00e7in bir \u00f6deme hesab\u0131 ile \u00f6deme yap\u0131n<br \/>\nOyuncu hesab\u0131n\u0131za para ekleyin ve oyuncu hesab\u0131ndan bilet sat\u0131n al\u0131n<\/p>\n<p>Do\u011frudan oyuncu hesaplar\u0131na para eklemeyi tercih edenler i\u00e7in, yapmak \u00fczere oldu\u011funuz sipari\u015f i\u00e7in yeterli miktardan daha fazlas\u0131na sahip oldu\u011funuzdan emin olman\u0131z yeterlidir.<\/p>\n<h2>EuroMillions hakk\u0131nda daha fazla bilgi<\/h2>\n<ul>\n<li>\u00dclke: \u00e7e\u015fitli Avrupa<\/li>\n<li>Ana numaralar aral\u0131\u011f\u0131: 50<\/li>\n<li>Sen se\u00e7: 5<\/li>\n<li>Ekstra say\u0131 aral\u0131\u011f\u0131: 12<\/li>\n<li>Sen se\u00e7: 2<\/li>\n<li>\u00c7ekili\u015f g\u00fcnleri, saatleri: Sal\u0131, Cuma, 19:30 GMT, 20:30 CET<\/li>\n<li>Minimum ikramiye: 17 milyon \u20ac<\/li>\n<li>Maksimum ikramiye: 190 milyon \u20ac<\/li>\n<li>B\u00fcy\u00fck ikramiyeyi kazanma olas\u0131l\u0131\u011f\u0131: 186450880&#8217;de 1<\/li>\n<li>\u0130kinci kademe kazanma olas\u0131l\u0131\u011f\u0131: 2118760&#8217;da 1<\/li>\n<li>Herhangi bir kademede kazanma olas\u0131l\u0131\u011f\u0131: 12,98&#8217;de 1<\/li>\n<li>\u00d6d\u00fcl kademelerinin say\u0131s\u0131: 13<\/li>\n<\/ul>\n<h2>Online EuroMillions bileti sat\u0131n alman\u0131n avantajlar\u0131<\/h2>\n<ul>\n<li>\u0130stedi\u011finiz biletleri almak i\u00e7in evden \u00e7\u0131kman\u0131za gerek yok<\/li>\n<li>Birka\u00e7 farkl\u0131 piyango aras\u0131ndan se\u00e7im yap\u0131n<\/li>\n<li>Daha y\u00fcksek jackpotlu oyunlar\u0131 se\u00e7erek kazanc\u0131n\u0131z i\u00e7in daha iyi oranlar elde edin<\/li>\n<li>Do\u011frudan hesab\u0131n\u0131za para ekleyin ve bilet sat\u0131n almak i\u00e7in kullan\u0131n<\/li>\n<li>Biletinizi kaybetme \u015fans\u0131n\u0131z yok<\/li>\n<li>\u00d6d\u00fcl kazan\u0131mlar\u0131 i\u00e7in an\u0131nda bildirimler<\/li>\n<li>Rastgele say\u0131 \u00fcretimi i\u00e7in kolay se\u00e7im se\u00e7enekleri<\/li>\n<\/ul>\n<h2>\u0130nternetten EuroMillions bileti sat\u0131n almak yasal m\u0131?<\/h2>\n<p><img loading=\"lazy\" decoding=\"async\" class=\"alignright size-medium wp-image-3672\" src=\"https:\/\/onlinelotto365.com\/wp-content\/uploads\/2020\/11\/online_lottery-161-300x207.jpg\" alt=\"Euromillions Avustralya sat\u0131n al\" width=\"300\" height=\"207\" srcset=\"https:\/\/onlinelotto365.com\/wp-content\/uploads\/2020\/11\/online_lottery-161-300x207.jpg 300w, https:\/\/onlinelotto365.com\/wp-content\/uploads\/2020\/11\/online_lottery-161.jpg 320w\" sizes=\"auto, (max-width: 300px) 100vw, 300px\" \/><br \/>\n\u00d6zellikle ikamet etti\u011finiz \u00fclkenin kat\u0131 kurallar\u0131 varsa, \u00e7evrimi\u00e7i loto bileti sat\u0131n alman\u0131n yasal olup olmad\u0131\u011f\u0131n\u0131 merak etmi\u015f olabilirsiniz. Ancak harika olan \u015fey, hizmetimizle hi\u00e7bir \u015fey i\u00e7in endi\u015felenmenize gerek olmamas\u0131d\u0131r. Her \u015feyi y\u00f6netmeliklere g\u00f6re y\u00fcr\u00fct\u00fcyoruz ve ne kazan\u0131rsan\u0131z kazan\u0131n veya nerede kazan\u0131rsan\u0131z kazan\u0131n \u00f6d\u00fcl\u00fcn\u00fcz\u00fc alabilece\u011finizden ve hatta b\u00fcy\u00fck ikramiyeyi kazanabilece\u011finizden emin oluyoruz.<br \/>\nYapman\u0131z gereken tek \u015fey en az 18 ya\u015f\u0131nda oldu\u011funuzdan emin olmak.<\/p>\n<h2>\u00c7evrimi\u00e7i EuroMillions kazan\u0131rsam nas\u0131l \u00f6deme al\u0131r\u0131m?<\/h2>\n<p>Para kazand\u0131\u011f\u0131n\u0131zda, m\u00fcmk\u00fcn oldu\u011funca kolay bir \u015fekilde alman\u0131z\u0131 sa\u011fl\u0131yoruz. Tek yapman\u0131z gereken biletinizi bizden sat\u0131n almak ve kazanc\u0131n\u0131z\u0131 talep etmek ve size ula\u015ft\u0131rmakla biz ilgileniyoruz. Avustralya&#8217;daki bir banka hesab\u0131na banka havalesi yoluyla \u00f6deme yapmay\u0131 se\u00e7medi\u011finiz s\u00fcrece kazanc\u0131n\u0131zdan herhangi bir komisyon alm\u0131yoruz.<\/p>\n<p>Bu durumda, banka bizden bir \u00fccret talep eder ve bu \u00fccreti de sizin \u00f6demenizi isteriz. Bu \u00fccret, paran\u0131n nereye g\u00f6nderildi\u011fine ba\u011fl\u0131 olarak de\u011fi\u015fecektir. Bunun d\u0131\u015f\u0131nda, \u00f6demeler hakk\u0131nda bilmeniz gereken tek \u015fey:<\/p>\n<ul>\n<li>2500 \u20ac veya daha az kazan\u0131rsan\u0131z, para otomatik olarak ve an\u0131nda do\u011frudan oyuncu hesab\u0131n\u0131za yat\u0131r\u0131l\u0131r.<\/li>\n<li>2500\u20ac&#8217;dan fazla kazan\u0131rsan\u0131z, piyango komisyonuna g\u00f6nderilmek \u00fczere bir talep formu i\u00e7eren bir e-posta alacaks\u0131n\u0131z. Bu formda, banka havalesi veya \u00e7ek dahil olmak \u00fczere nas\u0131l \u00f6deme almak istedi\u011finiz ayr\u0131nt\u0131l\u0131 olarak belirtilecektir. Talebiniz i\u015fleme al\u0131nacakt\u0131r ve paran\u0131z\u0131n size ula\u015fmas\u0131 birka\u00e7 g\u00fcn s\u00fcrebilir.<\/li>\n<\/ul>\n","protected":false},"excerpt":{"rendered":"<p>Bir sonraki \u00e7ekili\u015f i\u00e7in EuroMillions bileti mi sat\u0131n almak istiyorsunuz? Biletlerinizi tamamen \u00e7evrimi\u00e7i olarak m\u0131 almak istiyorsunuz? Avustralya&#8217;da mevcut olmayan piyangolar\u0131 m\u0131 oynamak istiyorsunuz? O zaman, ilgili ad\u0131mlar\u0131 g\u00f6zden ge\u00e7irece\u011fimiz buraya daha yak\u0131ndan bakmak isteyeceksiniz. Ve neyse ki sizin i\u00e7in, ba\u015flamak \u00e7ok basit. Oynamak istedi\u011finiz piyangoyu se\u00e7in ve oynamak istedi\u011finiz say\u0131lar\u0131 se\u00e7in veya bilgisayar\u0131n sizin [&hellip;]<\/p>\n","protected":false},"author":1,"featured_media":0,"parent":5682,"menu_order":3,"comment_status":"closed","ping_status":"closed","template":"euromillions-info.php","meta":{"_et_pb_use_builder":"","_et_pb_old_content":"","_et_gb_content_width":"","exclude_from_search":false,"footnotes":""},"class_list":["post-80649","page","type-page","status-publish","hentry"],"yoast_head":"<!-- This site is optimized with the Yoast SEO plugin v23.4 - https:\/\/yoast.com\/wordpress\/plugins\/seo\/ -->\n<title>Euromillions i\u00e7in Avustralya&#039;dan online bilet sat\u0131n al\u0131n | Euromillions bilgileri, nas\u0131l bilet sat\u0131n al\u0131n\u0131r<\/title>\n<meta name=\"description\" content=\"Avustralya dahil herhangi bir \u00fclkeden loto hayranlar\u0131 art\u0131k Euromillions biletlerini buradan sat\u0131n alabilirler\" \/>\n<meta name=\"robots\" content=\"index, follow, max-snippet:-1, max-image-preview:large, max-video-preview:-1\" \/>\n<link rel=\"canonical\" href=\"https:\/\/onlinelotto365.com\/tr\/bilet-satin-al\/euromillions\/\" \/>\n<meta property=\"og:locale\" content=\"tr_TR\" \/>\n<meta property=\"og:type\" content=\"article\" \/>\n<meta property=\"og:title\" content=\"Euromillions i\u00e7in Avustralya&#039;dan online bilet sat\u0131n al\u0131n | Euromillions bilgileri, nas\u0131l bilet sat\u0131n al\u0131n\u0131r\" \/>\n<meta property=\"og:description\" content=\"Avustralya dahil herhangi bir \u00fclkeden loto hayranlar\u0131 art\u0131k Euromillions biletlerini buradan sat\u0131n alabilirler\" \/>\n<meta property=\"og:url\" content=\"https:\/\/onlinelotto365.com\/tr\/bilet-satin-al\/euromillions\/\" \/>\n<meta property=\"og:site_name\" content=\"OnlineLotto365\" \/>\n<meta property=\"og:image\" content=\"https:\/\/redfoxlotto.com\/image?size=8&amp;lottery=euromillions\" \/>\n<meta name=\"twitter:card\" content=\"summary_large_image\" \/>\n<meta name=\"twitter:label1\" content=\"Tahmini okuma s\u00fcresi\" \/>\n\t<meta name=\"twitter:data1\" content=\"3 dakika\" \/>\n<script type=\"application\/ld+json\" class=\"yoast-schema-graph\">{\"@context\":\"https:\/\/schema.org\",\"@graph\":[{\"@type\":\"WebPage\",\"@id\":\"https:\/\/onlinelotto365.com\/tr\/bilet-satin-al\/euromillions\/\",\"url\":\"https:\/\/onlinelotto365.com\/tr\/bilet-satin-al\/euromillions\/\",\"name\":\"Euromillions i\u00e7in Avustralya'dan online bilet sat\u0131n al\u0131n | Euromillions bilgileri, nas\u0131l bilet sat\u0131n al\u0131n\u0131r\",\"isPartOf\":{\"@id\":\"https:\/\/onlinelotto365.com\/tr\/#website\"},\"primaryImageOfPage\":{\"@id\":\"https:\/\/onlinelotto365.com\/tr\/bilet-satin-al\/euromillions\/#primaryimage\"},\"image\":{\"@id\":\"https:\/\/onlinelotto365.com\/tr\/bilet-satin-al\/euromillions\/#primaryimage\"},\"thumbnailUrl\":\"https:\/\/redfoxlotto.com\/image?size=8&amp;lottery=euromillions\",\"datePublished\":\"2022-11-22T09:38:22+00:00\",\"dateModified\":\"2022-11-22T09:38:22+00:00\",\"description\":\"Avustralya dahil herhangi bir \u00fclkeden loto hayranlar\u0131 art\u0131k Euromillions biletlerini buradan sat\u0131n alabilirler\",\"breadcrumb\":{\"@id\":\"https:\/\/onlinelotto365.com\/tr\/bilet-satin-al\/euromillions\/#breadcrumb\"},\"inLanguage\":\"tr\",\"potentialAction\":[{\"@type\":\"ReadAction\",\"target\":[\"https:\/\/onlinelotto365.com\/tr\/bilet-satin-al\/euromillions\/\"]}]},{\"@type\":\"ImageObject\",\"inLanguage\":\"tr\",\"@id\":\"https:\/\/onlinelotto365.com\/tr\/bilet-satin-al\/euromillions\/#primaryimage\",\"url\":\"https:\/\/redfoxlotto.com\/image?size=8&amp;lottery=euromillions\",\"contentUrl\":\"https:\/\/redfoxlotto.com\/image?size=8&amp;lottery=euromillions\"},{\"@type\":\"BreadcrumbList\",\"@id\":\"https:\/\/onlinelotto365.com\/tr\/bilet-satin-al\/euromillions\/#breadcrumb\",\"itemListElement\":[{\"@type\":\"ListItem\",\"position\":1,\"name\":\"Home\",\"item\":\"https:\/\/onlinelotto365.com\/tr\/\"},{\"@type\":\"ListItem\",\"position\":2,\"name\":\"Uluslararasi Loto Etkinlikleri i\u00e7in Online Bilet Servisi\",\"item\":\"https:\/\/onlinelotto365.com\/tr\/bilet-satin-al\/\"},{\"@type\":\"ListItem\",\"position\":3,\"name\":\"Euromillions biletleri online olarak nas\u0131l sat\u0131n al\u0131n\u0131r\"}]},{\"@type\":\"WebSite\",\"@id\":\"https:\/\/onlinelotto365.com\/tr\/#website\",\"url\":\"https:\/\/onlinelotto365.com\/tr\/\",\"name\":\"OnlineLotto365\",\"description\":\"\",\"potentialAction\":[{\"@type\":\"SearchAction\",\"target\":{\"@type\":\"EntryPoint\",\"urlTemplate\":\"https:\/\/onlinelotto365.com\/tr\/?s={search_term_string}\"},\"query-input\":{\"@type\":\"PropertyValueSpecification\",\"valueRequired\":true,\"valueName\":\"search_term_string\"}}],\"inLanguage\":\"tr\"}]}<\/script>\n<!-- \/ Yoast SEO plugin. -->","yoast_head_json":{"title":"Euromillions i\u00e7in Avustralya'dan online bilet sat\u0131n al\u0131n | Euromillions bilgileri, nas\u0131l bilet sat\u0131n al\u0131n\u0131r","description":"Avustralya dahil herhangi bir \u00fclkeden loto hayranlar\u0131 art\u0131k Euromillions biletlerini buradan sat\u0131n alabilirler","robots":{"index":"index","follow":"follow","max-snippet":"max-snippet:-1","max-image-preview":"max-image-preview:large","max-video-preview":"max-video-preview:-1"},"canonical":"https:\/\/onlinelotto365.com\/tr\/bilet-satin-al\/euromillions\/","og_locale":"tr_TR","og_type":"article","og_title":"Euromillions i\u00e7in Avustralya'dan online bilet sat\u0131n al\u0131n | Euromillions bilgileri, nas\u0131l bilet sat\u0131n al\u0131n\u0131r","og_description":"Avustralya dahil herhangi bir \u00fclkeden loto hayranlar\u0131 art\u0131k Euromillions biletlerini buradan sat\u0131n alabilirler","og_url":"https:\/\/onlinelotto365.com\/tr\/bilet-satin-al\/euromillions\/","og_site_name":"OnlineLotto365","og_image":[{"url":"https:\/\/redfoxlotto.com\/image?size=8&amp;lottery=euromillions"}],"twitter_card":"summary_large_image","twitter_misc":{"Tahmini okuma s\u00fcresi":"3 dakika"},"schema":{"@context":"https:\/\/schema.org","@graph":[{"@type":"WebPage","@id":"https:\/\/onlinelotto365.com\/tr\/bilet-satin-al\/euromillions\/","url":"https:\/\/onlinelotto365.com\/tr\/bilet-satin-al\/euromillions\/","name":"Euromillions i\u00e7in Avustralya'dan online bilet sat\u0131n al\u0131n | Euromillions bilgileri, nas\u0131l bilet sat\u0131n al\u0131n\u0131r","isPartOf":{"@id":"https:\/\/onlinelotto365.com\/tr\/#website"},"primaryImageOfPage":{"@id":"https:\/\/onlinelotto365.com\/tr\/bilet-satin-al\/euromillions\/#primaryimage"},"image":{"@id":"https:\/\/onlinelotto365.com\/tr\/bilet-satin-al\/euromillions\/#primaryimage"},"thumbnailUrl":"https:\/\/redfoxlotto.com\/image?size=8&amp;lottery=euromillions","datePublished":"2022-11-22T09:38:22+00:00","dateModified":"2022-11-22T09:38:22+00:00","description":"Avustralya dahil herhangi bir \u00fclkeden loto hayranlar\u0131 art\u0131k Euromillions biletlerini buradan sat\u0131n alabilirler","breadcrumb":{"@id":"https:\/\/onlinelotto365.com\/tr\/bilet-satin-al\/euromillions\/#breadcrumb"},"inLanguage":"tr","potentialAction":[{"@type":"ReadAction","target":["https:\/\/onlinelotto365.com\/tr\/bilet-satin-al\/euromillions\/"]}]},{"@type":"ImageObject","inLanguage":"tr","@id":"https:\/\/onlinelotto365.com\/tr\/bilet-satin-al\/euromillions\/#primaryimage","url":"https:\/\/redfoxlotto.com\/image?size=8&amp;lottery=euromillions","contentUrl":"https:\/\/redfoxlotto.com\/image?size=8&amp;lottery=euromillions"},{"@type":"BreadcrumbList","@id":"https:\/\/onlinelotto365.com\/tr\/bilet-satin-al\/euromillions\/#breadcrumb","itemListElement":[{"@type":"ListItem","position":1,"name":"Home","item":"https:\/\/onlinelotto365.com\/tr\/"},{"@type":"ListItem","position":2,"name":"Uluslararasi Loto Etkinlikleri i\u00e7in Online Bilet Servisi","item":"https:\/\/onlinelotto365.com\/tr\/bilet-satin-al\/"},{"@type":"ListItem","position":3,"name":"Euromillions biletleri online olarak nas\u0131l sat\u0131n al\u0131n\u0131r"}]},{"@type":"WebSite","@id":"https:\/\/onlinelotto365.com\/tr\/#website","url":"https:\/\/onlinelotto365.com\/tr\/","name":"OnlineLotto365","description":"","potentialAction":[{"@type":"SearchAction","target":{"@type":"EntryPoint","urlTemplate":"https:\/\/onlinelotto365.com\/tr\/?s={search_term_string}"},"query-input":{"@type":"PropertyValueSpecification","valueRequired":true,"valueName":"search_term_string"}}],"inLanguage":"tr"}]}},"_links":{"self":[{"href":"https:\/\/onlinelotto365.com\/tr\/wp-json\/wp\/v2\/pages\/80649","targetHints":{"allow":["GET"]}}],"collection":[{"href":"https:\/\/onlinelotto365.com\/tr\/wp-json\/wp\/v2\/pages"}],"about":[{"href":"https:\/\/onlinelotto365.com\/tr\/wp-json\/wp\/v2\/types\/page"}],"author":[{"embeddable":true,"href":"https:\/\/onlinelotto365.com\/tr\/wp-json\/wp\/v2\/users\/1"}],"replies":[{"embeddable":true,"href":"https:\/\/onlinelotto365.com\/tr\/wp-json\/wp\/v2\/comments?post=80649"}],"version-history":[{"count":0,"href":"https:\/\/onlinelotto365.com\/tr\/wp-json\/wp\/v2\/pages\/80649\/revisions"}],"up":[{"embeddable":true,"href":"https:\/\/onlinelotto365.com\/tr\/wp-json\/wp\/v2\/pages\/5682"}],"wp:attachment":[{"href":"https:\/\/onlinelotto365.com\/tr\/wp-json\/wp\/v2\/media?parent=80649"}],"curies":[{"name":"wp","href":"https:\/\/api.w.org\/{rel}","templated":true}]}}