{"id":80685,"date":"2022-11-22T11:51:55","date_gmt":"2022-11-22T10:51:55","guid":{"rendered":"https:\/\/onlinelotto365.com\/?page_id=80685"},"modified":"2022-11-22T11:51:55","modified_gmt":"2022-11-22T10:51:55","slug":"el-gordo","status":"publish","type":"page","link":"https:\/\/onlinelotto365.com\/tr\/kazanan-numaralar\/el-gordo\/","title":{"rendered":"El Gordo sonu\u00e7lar\u0131 ve kazan\u00e7lar\u0131n\u0131 buradan kontrol edin"},"content":{"rendered":"<p>\u00c7ok say\u0131da farkl\u0131 uluslararas\u0131 piyango sundu\u011fumuzu biliyoruz ve kazanan numaralar\u0131 bulmaya \u00e7al\u0131\u015fmak biraz kafa kar\u0131\u015ft\u0131r\u0131c\u0131 olabilir. Bir\u00e7ok ki\u015fi favori oyunlar\u0131n\u0131n kazanan numaralar\u0131n\u0131 bulmak i\u00e7in gazeteye bakar, ancak b\u00f6lgede ya\u015fam\u0131yorsan\u0131z El Gordo i\u00e7in numaralar\u0131 bulmak zor olabilir. Ayn\u0131 durum \u00e7ekili\u015fi izlemek ya da kazanan numaralar\u0131 televizyonda g\u00f6rmek i\u00e7in de ge\u00e7erlidir.<br \/>\n<a href=\"https:\/\/redfoxlotto.com\/play\/el-gordo-primitiva\/?ref=a8564250a2&amp;medium=ol365\" target=\"_blank\" rel=\"noopener noreferrer\"><img decoding=\"async\" class=\"aligncenter\" src=\"https:\/\/redfoxlotto.com\/image?size=8&amp;lottery=el-gordo-primitiva\" alt=\"el gordo\" \/><\/a><br \/>\nBir ba\u015fka se\u00e7enek de El Gordo&#8217;nun resmi web sitesine bakmak ve \u00e7ekili\u015f s\u00fcrecinin canl\u0131 yay\u0131n\u0131n\u0131 sunup sunmad\u0131klar\u0131n\u0131 g\u00f6rmektir. Bunu yapan oyunlar i\u00e7in bu, herkes i\u00e7in e\u011flenceli ve ilgin\u00e7 bir f\u0131rsat olabilir.<\/p>\n<p>Ancak asl\u0131nda bunu sunmayan bir\u00e7ok oyun var. Bunun yerine, \u00e7ekili\u015f bitene ve sonu\u00e7lar\u0131 g\u00f6rmek i\u00e7in her \u015fey rapor edilene kadar beklemeniz gerekir.<br \/>\nSon olarak, e\u011fer \u00e7ekili\u015f \u00e7oktan bittiyse YouTube&#8217;a gidebilir ve El Gordo \u00e7ekili\u015fini orada bulabilirsiniz. Ancak bu, ba\u015far\u0131l\u0131 olamayabilece\u011finiz ba\u015fka bir aland\u0131r. \u00c7iziminiz i\u00e7in herhangi bir \u015fey mevcut olmayabilir.<\/p>\n<p>Bununla birlikte, kazanan numaralar\u0131 bulman\u0131n en iyi ve en kolay yollar\u0131ndan biri web sitemizdir. El Gordo ve mevcut di\u011fer piyango oyunlar\u0131m\u0131z\u0131n sonu\u00e7lar\u0131n\u0131 bulmak i\u00e7in kazanan numaralar ve sonu\u00e7lar sayfalar\u0131m\u0131z\u0131 kontrol edin.<\/p>\n<h2>Online biletinizin kazan\u0131p kazanmad\u0131\u011f\u0131n\u0131 nas\u0131l \u00f6\u011frenebilirsiniz?<\/h2>\n<p>\u0130\u015fin daha da iyi yan\u0131, piyango sonu\u00e7lar\u0131 sayfas\u0131na gitmenize bile gerek olmamas\u0131d\u0131r. Bilet sat\u0131n ald\u0131ysan\u0131z do\u011frudan hesab\u0131n\u0131za gidebilirsiniz. Buradan sadece kazanan numaralar\u0131 de\u011fil, numaralar\u0131n\u0131z\u0131n nas\u0131l s\u0131raland\u0131\u011f\u0131n\u0131 da g\u00f6rebileceksiniz. Say\u0131lar\u0131n kar\u015f\u0131la\u015ft\u0131r\u0131ld\u0131\u011f\u0131n\u0131 g\u00f6rebilir ve ard\u0131ndan hangisinin e\u015fle\u015fti\u011fini ve ger\u00e7ekte ne kadar kazand\u0131\u011f\u0131n\u0131z\u0131 g\u00f6rebilirsiniz. E\u011fer 2500\u20ac&#8217;dan daha az kazand\u0131ysan\u0131z hi\u00e7bir \u015fey yapman\u0131za gerek yok \u00e7\u00fcnk\u00fc kazanc\u0131n\u0131z hesab\u0131n\u0131zda olacak.<\/p>\n<h2>El Gordo sonu\u00e7 ar\u015fivi<\/h2>\n<p>Eski say\u0131lara bakmak ve ne olduklar\u0131n\u0131 g\u00f6rmek istiyorsan\u0131z bunu da kolayca yapabilirsiniz. Asl\u0131nda, web sitemizde en son El Gordo sonu\u00e7lar\u0131n\u0131 g\u00f6rebilece\u011finiz herhangi bir sayfa, baz\u0131 eski say\u0131lar\u0131 da kontrol etmenize izin verecektir. Bu sayede bir dahaki sefere hangi numaralar\u0131 oynamak istedi\u011finizi daha kolay anlayabilirsiniz.<\/p>\n<h2>Biletim kazand\u0131, sonra ne olacak?<\/h2>\n<p><img loading=\"lazy\" decoding=\"async\" class=\"alignright wp-image-3573\" src=\"https:\/\/onlinelotto365.com\/wp-content\/uploads\/2020\/11\/online_lottery-96-300x212.jpg\" alt=\"El Gordo sonu\u00e7lar\u0131\" width=\"166\" height=\"117\" srcset=\"https:\/\/onlinelotto365.com\/wp-content\/uploads\/2020\/11\/online_lottery-96-300x212.jpg 300w, https:\/\/onlinelotto365.com\/wp-content\/uploads\/2020\/11\/online_lottery-96.jpg 320w\" sizes=\"auto, (max-width: 166px) 100vw, 166px\" \/><br \/>\nKazan\u0131rsan\u0131z paran\u0131z\u0131 kolayca al\u0131rs\u0131n\u0131z \u00e7\u00fcnk\u00fc sonu\u00e7lar onaylan\u0131r onaylanmaz do\u011frudan hesab\u0131n\u0131za yat\u0131r\u0131r\u0131z. E\u011fer 2500 \u20ac&#8217;nun alt\u0131ndaysa paran\u0131z hemen hesab\u0131n\u0131za ge\u00e7er. Ard\u0131ndan, 10 \u20ac&#8217;nun \u00fczerindeyse, paray\u0131 hesab\u0131n\u0131za \u00e7ekebilirsiniz.<br \/>\nYa da paray\u0131 oyuncu hesab\u0131n\u0131zda b\u0131rakabilir ve ek oyunlar i\u00e7in daha fazla bilet sat\u0131n almak i\u00e7in kullanabilirsiniz. Paran\u0131z\u0131 \u00e7ekerken federal d\u00fczenlemelere uymak i\u00e7in baz\u0131 belgelere ihtiya\u00e7 duyaca\u011f\u0131n\u0131z\u0131 unutmay\u0131n. Ayr\u0131ca para yat\u0131rmak i\u00e7in daha \u00f6nce kulland\u0131\u011f\u0131n\u0131z bir y\u00f6ntemi kullanman\u0131z gerekir.<\/p>\n","protected":false},"excerpt":{"rendered":"<p>\u00c7ok say\u0131da farkl\u0131 uluslararas\u0131 piyango sundu\u011fumuzu biliyoruz ve kazanan numaralar\u0131 bulmaya \u00e7al\u0131\u015fmak biraz kafa kar\u0131\u015ft\u0131r\u0131c\u0131 olabilir. Bir\u00e7ok ki\u015fi favori oyunlar\u0131n\u0131n kazanan numaralar\u0131n\u0131 bulmak i\u00e7in gazeteye bakar, ancak b\u00f6lgede ya\u015fam\u0131yorsan\u0131z El Gordo i\u00e7in numaralar\u0131 bulmak zor olabilir. Ayn\u0131 durum \u00e7ekili\u015fi izlemek ya da kazanan numaralar\u0131 televizyonda g\u00f6rmek i\u00e7in de ge\u00e7erlidir. Bir ba\u015fka se\u00e7enek de El Gordo&#8217;nun [&hellip;]<\/p>\n","protected":false},"author":1,"featured_media":0,"parent":5871,"menu_order":6,"comment_status":"closed","ping_status":"closed","template":"el-gordo-results.php","meta":{"_et_pb_use_builder":"","_et_pb_old_content":"","_et_gb_content_width":"","exclude_from_search":false,"footnotes":""},"class_list":["post-80685","page","type-page","status-publish","hentry"],"yoast_head":"<!-- This site is optimized with the Yoast SEO plugin v23.4 - https:\/\/yoast.com\/wordpress\/plugins\/seo\/ -->\n<title>El Gordo kazanan numaralar | El Gordo \u00e7ekili\u015f sonu\u00e7lar\u0131 ve \u00f6d\u00fclleri<\/title>\n<meta name=\"description\" content=\"El Gordo ve di\u011fer bir\u00e7ok piyango i\u00e7in kazanan numaralar, sonu\u00e7lar, \u00f6d\u00fcller, web sitemizde her zaman g\u00fcncellenir\" \/>\n<meta name=\"robots\" content=\"index, follow, max-snippet:-1, max-image-preview:large, max-video-preview:-1\" \/>\n<link rel=\"canonical\" href=\"https:\/\/onlinelotto365.com\/tr\/kazanan-numaralar\/el-gordo\/\" \/>\n<meta property=\"og:locale\" content=\"tr_TR\" \/>\n<meta property=\"og:type\" content=\"article\" \/>\n<meta property=\"og:title\" content=\"El Gordo kazanan numaralar | El Gordo \u00e7ekili\u015f sonu\u00e7lar\u0131 ve \u00f6d\u00fclleri\" \/>\n<meta property=\"og:description\" content=\"El Gordo ve di\u011fer bir\u00e7ok piyango i\u00e7in kazanan numaralar, sonu\u00e7lar, \u00f6d\u00fcller, web sitemizde her zaman g\u00fcncellenir\" \/>\n<meta property=\"og:url\" content=\"https:\/\/onlinelotto365.com\/tr\/kazanan-numaralar\/el-gordo\/\" \/>\n<meta property=\"og:site_name\" content=\"OnlineLotto365\" \/>\n<meta property=\"og:image\" content=\"https:\/\/redfoxlotto.com\/image?size=8&amp;lottery=el-gordo-primitiva\" \/>\n<meta name=\"twitter:card\" content=\"summary_large_image\" \/>\n<meta name=\"twitter:label1\" content=\"Tahmini okuma s\u00fcresi\" \/>\n\t<meta name=\"twitter:data1\" content=\"2 dakika\" \/>\n<script type=\"application\/ld+json\" class=\"yoast-schema-graph\">{\"@context\":\"https:\/\/schema.org\",\"@graph\":[{\"@type\":\"WebPage\",\"@id\":\"https:\/\/onlinelotto365.com\/tr\/kazanan-numaralar\/el-gordo\/\",\"url\":\"https:\/\/onlinelotto365.com\/tr\/kazanan-numaralar\/el-gordo\/\",\"name\":\"El Gordo kazanan numaralar | El Gordo \u00e7ekili\u015f sonu\u00e7lar\u0131 ve \u00f6d\u00fclleri\",\"isPartOf\":{\"@id\":\"https:\/\/onlinelotto365.com\/tr\/#website\"},\"primaryImageOfPage\":{\"@id\":\"https:\/\/onlinelotto365.com\/tr\/kazanan-numaralar\/el-gordo\/#primaryimage\"},\"image\":{\"@id\":\"https:\/\/onlinelotto365.com\/tr\/kazanan-numaralar\/el-gordo\/#primaryimage\"},\"thumbnailUrl\":\"https:\/\/redfoxlotto.com\/image?size=8&amp;lottery=el-gordo-primitiva\",\"datePublished\":\"2022-11-22T10:51:55+00:00\",\"dateModified\":\"2022-11-22T10:51:55+00:00\",\"description\":\"El Gordo ve di\u011fer bir\u00e7ok piyango i\u00e7in kazanan numaralar, sonu\u00e7lar, \u00f6d\u00fcller, web sitemizde her zaman g\u00fcncellenir\",\"breadcrumb\":{\"@id\":\"https:\/\/onlinelotto365.com\/tr\/kazanan-numaralar\/el-gordo\/#breadcrumb\"},\"inLanguage\":\"tr\",\"potentialAction\":[{\"@type\":\"ReadAction\",\"target\":[\"https:\/\/onlinelotto365.com\/tr\/kazanan-numaralar\/el-gordo\/\"]}]},{\"@type\":\"ImageObject\",\"inLanguage\":\"tr\",\"@id\":\"https:\/\/onlinelotto365.com\/tr\/kazanan-numaralar\/el-gordo\/#primaryimage\",\"url\":\"https:\/\/redfoxlotto.com\/image?size=8&amp;lottery=el-gordo-primitiva\",\"contentUrl\":\"https:\/\/redfoxlotto.com\/image?size=8&amp;lottery=el-gordo-primitiva\"},{\"@type\":\"BreadcrumbList\",\"@id\":\"https:\/\/onlinelotto365.com\/tr\/kazanan-numaralar\/el-gordo\/#breadcrumb\",\"itemListElement\":[{\"@type\":\"ListItem\",\"position\":1,\"name\":\"Home\",\"item\":\"https:\/\/onlinelotto365.com\/tr\/\"},{\"@type\":\"ListItem\",\"position\":2,\"name\":\"T\u00fcm piyangolari kazanan sayilar\",\"item\":\"https:\/\/onlinelotto365.com\/tr\/kazanan-numaralar\/\"},{\"@type\":\"ListItem\",\"position\":3,\"name\":\"El Gordo sonu\u00e7lar\u0131 ve kazan\u00e7lar\u0131n\u0131 buradan kontrol edin\"}]},{\"@type\":\"WebSite\",\"@id\":\"https:\/\/onlinelotto365.com\/tr\/#website\",\"url\":\"https:\/\/onlinelotto365.com\/tr\/\",\"name\":\"OnlineLotto365\",\"description\":\"\",\"potentialAction\":[{\"@type\":\"SearchAction\",\"target\":{\"@type\":\"EntryPoint\",\"urlTemplate\":\"https:\/\/onlinelotto365.com\/tr\/?s={search_term_string}\"},\"query-input\":{\"@type\":\"PropertyValueSpecification\",\"valueRequired\":true,\"valueName\":\"search_term_string\"}}],\"inLanguage\":\"tr\"}]}<\/script>\n<!-- \/ Yoast SEO plugin. -->","yoast_head_json":{"title":"El Gordo kazanan numaralar | El Gordo \u00e7ekili\u015f sonu\u00e7lar\u0131 ve \u00f6d\u00fclleri","description":"El Gordo ve di\u011fer bir\u00e7ok piyango i\u00e7in kazanan numaralar, sonu\u00e7lar, \u00f6d\u00fcller, web sitemizde her zaman g\u00fcncellenir","robots":{"index":"index","follow":"follow","max-snippet":"max-snippet:-1","max-image-preview":"max-image-preview:large","max-video-preview":"max-video-preview:-1"},"canonical":"https:\/\/onlinelotto365.com\/tr\/kazanan-numaralar\/el-gordo\/","og_locale":"tr_TR","og_type":"article","og_title":"El Gordo kazanan numaralar | El Gordo \u00e7ekili\u015f sonu\u00e7lar\u0131 ve \u00f6d\u00fclleri","og_description":"El Gordo ve di\u011fer bir\u00e7ok piyango i\u00e7in kazanan numaralar, sonu\u00e7lar, \u00f6d\u00fcller, web sitemizde her zaman g\u00fcncellenir","og_url":"https:\/\/onlinelotto365.com\/tr\/kazanan-numaralar\/el-gordo\/","og_site_name":"OnlineLotto365","og_image":[{"url":"https:\/\/redfoxlotto.com\/image?size=8&amp;lottery=el-gordo-primitiva"}],"twitter_card":"summary_large_image","twitter_misc":{"Tahmini okuma s\u00fcresi":"2 dakika"},"schema":{"@context":"https:\/\/schema.org","@graph":[{"@type":"WebPage","@id":"https:\/\/onlinelotto365.com\/tr\/kazanan-numaralar\/el-gordo\/","url":"https:\/\/onlinelotto365.com\/tr\/kazanan-numaralar\/el-gordo\/","name":"El Gordo kazanan numaralar | El Gordo \u00e7ekili\u015f sonu\u00e7lar\u0131 ve \u00f6d\u00fclleri","isPartOf":{"@id":"https:\/\/onlinelotto365.com\/tr\/#website"},"primaryImageOfPage":{"@id":"https:\/\/onlinelotto365.com\/tr\/kazanan-numaralar\/el-gordo\/#primaryimage"},"image":{"@id":"https:\/\/onlinelotto365.com\/tr\/kazanan-numaralar\/el-gordo\/#primaryimage"},"thumbnailUrl":"https:\/\/redfoxlotto.com\/image?size=8&amp;lottery=el-gordo-primitiva","datePublished":"2022-11-22T10:51:55+00:00","dateModified":"2022-11-22T10:51:55+00:00","description":"El Gordo ve di\u011fer bir\u00e7ok piyango i\u00e7in kazanan numaralar, sonu\u00e7lar, \u00f6d\u00fcller, web sitemizde her zaman g\u00fcncellenir","breadcrumb":{"@id":"https:\/\/onlinelotto365.com\/tr\/kazanan-numaralar\/el-gordo\/#breadcrumb"},"inLanguage":"tr","potentialAction":[{"@type":"ReadAction","target":["https:\/\/onlinelotto365.com\/tr\/kazanan-numaralar\/el-gordo\/"]}]},{"@type":"ImageObject","inLanguage":"tr","@id":"https:\/\/onlinelotto365.com\/tr\/kazanan-numaralar\/el-gordo\/#primaryimage","url":"https:\/\/redfoxlotto.com\/image?size=8&amp;lottery=el-gordo-primitiva","contentUrl":"https:\/\/redfoxlotto.com\/image?size=8&amp;lottery=el-gordo-primitiva"},{"@type":"BreadcrumbList","@id":"https:\/\/onlinelotto365.com\/tr\/kazanan-numaralar\/el-gordo\/#breadcrumb","itemListElement":[{"@type":"ListItem","position":1,"name":"Home","item":"https:\/\/onlinelotto365.com\/tr\/"},{"@type":"ListItem","position":2,"name":"T\u00fcm piyangolari kazanan sayilar","item":"https:\/\/onlinelotto365.com\/tr\/kazanan-numaralar\/"},{"@type":"ListItem","position":3,"name":"El Gordo sonu\u00e7lar\u0131 ve kazan\u00e7lar\u0131n\u0131 buradan kontrol edin"}]},{"@type":"WebSite","@id":"https:\/\/onlinelotto365.com\/tr\/#website","url":"https:\/\/onlinelotto365.com\/tr\/","name":"OnlineLotto365","description":"","potentialAction":[{"@type":"SearchAction","target":{"@type":"EntryPoint","urlTemplate":"https:\/\/onlinelotto365.com\/tr\/?s={search_term_string}"},"query-input":{"@type":"PropertyValueSpecification","valueRequired":true,"valueName":"search_term_string"}}],"inLanguage":"tr"}]}},"_links":{"self":[{"href":"https:\/\/onlinelotto365.com\/tr\/wp-json\/wp\/v2\/pages\/80685","targetHints":{"allow":["GET"]}}],"collection":[{"href":"https:\/\/onlinelotto365.com\/tr\/wp-json\/wp\/v2\/pages"}],"about":[{"href":"https:\/\/onlinelotto365.com\/tr\/wp-json\/wp\/v2\/types\/page"}],"author":[{"embeddable":true,"href":"https:\/\/onlinelotto365.com\/tr\/wp-json\/wp\/v2\/users\/1"}],"replies":[{"embeddable":true,"href":"https:\/\/onlinelotto365.com\/tr\/wp-json\/wp\/v2\/comments?post=80685"}],"version-history":[{"count":0,"href":"https:\/\/onlinelotto365.com\/tr\/wp-json\/wp\/v2\/pages\/80685\/revisions"}],"up":[{"embeddable":true,"href":"https:\/\/onlinelotto365.com\/tr\/wp-json\/wp\/v2\/pages\/5871"}],"wp:attachment":[{"href":"https:\/\/onlinelotto365.com\/tr\/wp-json\/wp\/v2\/media?parent=80685"}],"curies":[{"name":"wp","href":"https:\/\/api.w.org\/{rel}","templated":true}]}}