{"id":80718,"date":"2022-11-22T12:59:20","date_gmt":"2022-11-22T11:59:20","guid":{"rendered":"https:\/\/onlinelotto365.com\/?page_id=80718"},"modified":"2022-11-22T12:59:20","modified_gmt":"2022-11-22T11:59:20","slug":"la-primitiva","status":"publish","type":"page","link":"https:\/\/onlinelotto365.com\/tr\/kazanan-numaralar\/la-primitiva\/","title":{"rendered":"La Primitiva \u00e7ekili\u015f sonu\u00e7lar\u0131"},"content":{"rendered":"<p>\u00c7ok say\u0131da farkl\u0131 uluslararas\u0131 piyango oyunu sunuyoruz ve kazanan numaralar\u0131 h\u0131zl\u0131 bir \u015fekilde bulmak istedi\u011finizi biliyoruz. Bu y\u00fczden baz\u0131 insanlar say\u0131lar\u0131 gazetede aramay\u0131 tercih ediyor. Ancak La Primitiva i\u00e7in kazanan numaralar\u0131 gazetede bulmak zor olabilir. Do\u011fru kanal\u0131 bulmak i\u00e7in ara\u015ft\u0131rma yapman\u0131z gerekti\u011finden, bu say\u0131lar\u0131 TV&#8217;de de bulabilirsiniz.<br \/>\n<a href=\"https:\/\/redfoxlotto.com\/play\/la-primitiva\/?ref=a8564250a2&amp;medium=ol365\" target=\"_blank\" rel=\"noopener noreferrer\"><img decoding=\"async\" class=\"aligncenter\" src=\"https:\/\/redfoxlotto.com\/image?size=8&amp;lottery=la-primitiva\" alt=\" la primitiva\" \/><\/a><br \/>\nBir ba\u015fka se\u00e7enek de La Primitiva&#8217;n\u0131n web sitesine gidip oyunlar\u0131n\u0131n canl\u0131 \u00e7ekili\u015fini g\u00f6sterip g\u00f6stermediklerine bakabilirsiniz. E\u011fer g\u00f6steriyorlarsa izlemek heyecan verici olabilir. Ancak g\u00f6stermezlerse, ki bir\u00e7ok piyango oyunu g\u00f6stermez, o zaman biraz daha beklemek zorunda kal\u0131rs\u0131n\u0131z.<\/p>\n<p>\u00c7ekili\u015ften sonra, bazen en son La Primitiva \u00e7ekili\u015fini YouTube&#8217;da bulabilirsiniz. Ancak bunu yapmak i\u00e7in \u00e7ekili\u015ften sonra bir s\u00fcre beklemeniz gerekir.<\/p>\n<p>Ancak say\u0131lara ula\u015fmak i\u00e7in en uygun y\u00f6ntem web sitemizi kontrol etmektir. La Primitiva i\u00e7in kazanan numaralar\u0131 ve sonu\u00e7lar\u0131 ve hatta \u00f6d\u00fcl miktarlar\u0131n\u0131 do\u011frudan web sitemizde sunuyoruz ve sundu\u011fumuz di\u011fer piyangolar\u0131 da dahil ediyoruz.<\/p>\n<h2>Online biletinizin kazan\u0131p kazanmad\u0131\u011f\u0131n\u0131 nas\u0131l \u00f6\u011frenebilirsiniz?<\/h2>\n<p>La Primitiva i\u00e7in bilet sat\u0131n ald\u0131ysan\u0131z sonu\u00e7 sayfas\u0131na gitmenize bile gerek yok. Do\u011frudan hesab\u0131n\u0131za girebilir ve biletlerinize bakabilirsiniz. Ayn\u0131 ekranda, oynad\u0131\u011f\u0131n\u0131z her oyun i\u00e7in kazanan numaralar\u0131 g\u00f6receksiniz. Ve biletiniz ile kazanan numaralar aras\u0131nda e\u015fle\u015fen numaralar i\u00e7in vurgulanm\u0131\u015f numaralar\u0131 g\u00f6receksiniz.<br \/>\nE\u011fer do\u011fru numaraya sahipseniz kazanan siz olursunuz ve tam olarak ne kadar kazand\u0131\u011f\u0131n\u0131z\u0131 g\u00f6rebilirsiniz. Ayr\u0131ca, sonu\u00e7lar do\u011frulan\u0131r do\u011frulanmaz kazanc\u0131n\u0131z\u0131n (2500 \u20ac alt\u0131ndaki herhangi bir miktar i\u00e7in) hesab\u0131n\u0131zda zaten mevcut oldu\u011funu g\u00f6receksiniz.<\/p>\n<h2>La Primitiva sonu\u00e7 ar\u015fivi<\/h2>\n<p>Bir sonraki \u00e7ekili\u015f i\u00e7in numaralar\u0131n\u0131 se\u00e7mek isteyenler i\u00e7in, daha eski biletlere ve daha eski numaralara g\u00f6z atman\u0131n \u00f6nemli olabilece\u011fini biliyoruz. Bu nedenle, en son La Primitiva sonu\u00e7lar\u0131n\u0131 i\u00e7eren herhangi bir sayfan\u0131n eski say\u0131lara da eri\u015febildi\u011finden emin oluyoruz. Herhangi bir nedenle istedi\u011finiz zaman bunlar\u0131 kontrol edebilirsiniz.<\/p>\n<h2>Biletim kazand\u0131, sonra ne olacak?<\/h2>\n<p>Biletiniz kazand\u0131ysa tek yapman\u0131z gereken arkan\u0131za yaslan\u0131p rahatlamak \u00e7\u00fcnk\u00fc biz sizin i\u00e7in her \u015feyi halledece\u011fiz. 2500\u20ac&#8217;nun alt\u0131ndaki her tutar\u0131 do\u011frudan hesab\u0131n\u0131za yat\u0131r\u0131yoruz, b\u00f6ylece talep etmenize veya herhangi bir ekstra ad\u0131mdan ge\u00e7menize gerek kalm\u0131yor. Ard\u0131ndan, hesab\u0131n\u0131zda en az 10 \u20ac oldu\u011fu s\u00fcrece, paray\u0131 banka hesab\u0131n\u0131za veya kredi kart\u0131n\u0131za \u00e7ekebilirsiniz.<br \/>\n<img loading=\"lazy\" decoding=\"async\" class=\"alignright wp-image-3572\" src=\"https:\/\/onlinelotto365.com\/wp-content\/uploads\/2020\/11\/online_lottery-25-300x212.jpg\" alt=\"La Primitiva i\u00e7in kazanan numaralar\" width=\"232\" height=\"165\" srcset=\"https:\/\/onlinelotto365.com\/wp-content\/uploads\/2020\/11\/online_lottery-25-300x212.jpg 300w, https:\/\/onlinelotto365.com\/wp-content\/uploads\/2020\/11\/online_lottery-25.jpg 320w\" sizes=\"auto, (max-width: 232px) 100vw, 232px\" \/><br \/>\nSadece bu kart\u0131 veya hesab\u0131 daha \u00f6nce bizimle kulland\u0131\u011f\u0131n\u0131zdan emin olman\u0131z gerekir. Ayr\u0131ca, \u00f6deme i\u015flemcimizin sahip oldu\u011fu d\u00fczenlemelere uydu\u011fumuzdan emin olmak i\u00e7in baz\u0131 belgeleri doldurman\u0131z gerekecektir. Bu belgeler bizi korur ancak ayn\u0131 zamanda paran\u0131z\u0131 hesaptan \u00e7ekebilecek tek ki\u015finin siz oldu\u011funuzdan emin olarak sizi de korur.<\/p>\n","protected":false},"excerpt":{"rendered":"<p>\u00c7ok say\u0131da farkl\u0131 uluslararas\u0131 piyango oyunu sunuyoruz ve kazanan numaralar\u0131 h\u0131zl\u0131 bir \u015fekilde bulmak istedi\u011finizi biliyoruz. Bu y\u00fczden baz\u0131 insanlar say\u0131lar\u0131 gazetede aramay\u0131 tercih ediyor. Ancak La Primitiva i\u00e7in kazanan numaralar\u0131 gazetede bulmak zor olabilir. Do\u011fru kanal\u0131 bulmak i\u00e7in ara\u015ft\u0131rma yapman\u0131z gerekti\u011finden, bu say\u0131lar\u0131 TV&#8217;de de bulabilirsiniz. Bir ba\u015fka se\u00e7enek de La Primitiva&#8217;n\u0131n web sitesine [&hellip;]<\/p>\n","protected":false},"author":1,"featured_media":0,"parent":5871,"menu_order":7,"comment_status":"closed","ping_status":"closed","template":"la-primitiva-results.php","meta":{"_et_pb_use_builder":"","_et_pb_old_content":"","_et_gb_content_width":"","exclude_from_search":false,"footnotes":""},"class_list":["post-80718","page","type-page","status-publish","hentry"],"yoast_head":"<!-- This site is optimized with the Yoast SEO plugin v23.4 - https:\/\/yoast.com\/wordpress\/plugins\/seo\/ -->\n<title>Son \u00e7ekili\u015f sonu\u00e7lar\u0131, La Primitiva i\u00e7in kazanan numaralar<\/title>\n<meta name=\"description\" content=\"\u0130spanya&#039;daki La Primitiva&#039;n\u0131n en son kazanan numaralar\u0131n\u0131 ve di\u011fer sonu\u00e7lar\u0131 \u00f6\u011frenin\" \/>\n<meta name=\"robots\" content=\"index, follow, max-snippet:-1, max-image-preview:large, max-video-preview:-1\" \/>\n<link rel=\"canonical\" href=\"https:\/\/onlinelotto365.com\/tr\/kazanan-numaralar\/la-primitiva\/\" \/>\n<meta property=\"og:locale\" content=\"tr_TR\" \/>\n<meta property=\"og:type\" content=\"article\" \/>\n<meta property=\"og:title\" content=\"Son \u00e7ekili\u015f sonu\u00e7lar\u0131, La Primitiva i\u00e7in kazanan numaralar\" \/>\n<meta property=\"og:description\" content=\"\u0130spanya&#039;daki La Primitiva&#039;n\u0131n en son kazanan numaralar\u0131n\u0131 ve di\u011fer sonu\u00e7lar\u0131 \u00f6\u011frenin\" \/>\n<meta property=\"og:url\" content=\"https:\/\/onlinelotto365.com\/tr\/kazanan-numaralar\/la-primitiva\/\" \/>\n<meta property=\"og:site_name\" content=\"OnlineLotto365\" \/>\n<meta property=\"og:image\" content=\"https:\/\/redfoxlotto.com\/image?size=8&amp;lottery=la-primitiva\" \/>\n<meta name=\"twitter:card\" content=\"summary_large_image\" \/>\n<meta name=\"twitter:label1\" content=\"Tahmini okuma s\u00fcresi\" \/>\n\t<meta name=\"twitter:data1\" content=\"2 dakika\" \/>\n<script type=\"application\/ld+json\" class=\"yoast-schema-graph\">{\"@context\":\"https:\/\/schema.org\",\"@graph\":[{\"@type\":\"WebPage\",\"@id\":\"https:\/\/onlinelotto365.com\/tr\/kazanan-numaralar\/la-primitiva\/\",\"url\":\"https:\/\/onlinelotto365.com\/tr\/kazanan-numaralar\/la-primitiva\/\",\"name\":\"Son \u00e7ekili\u015f sonu\u00e7lar\u0131, La Primitiva i\u00e7in kazanan numaralar\",\"isPartOf\":{\"@id\":\"https:\/\/onlinelotto365.com\/tr\/#website\"},\"primaryImageOfPage\":{\"@id\":\"https:\/\/onlinelotto365.com\/tr\/kazanan-numaralar\/la-primitiva\/#primaryimage\"},\"image\":{\"@id\":\"https:\/\/onlinelotto365.com\/tr\/kazanan-numaralar\/la-primitiva\/#primaryimage\"},\"thumbnailUrl\":\"https:\/\/redfoxlotto.com\/image?size=8&amp;lottery=la-primitiva\",\"datePublished\":\"2022-11-22T11:59:20+00:00\",\"dateModified\":\"2022-11-22T11:59:20+00:00\",\"description\":\"\u0130spanya'daki La Primitiva'n\u0131n en son kazanan numaralar\u0131n\u0131 ve di\u011fer sonu\u00e7lar\u0131 \u00f6\u011frenin\",\"breadcrumb\":{\"@id\":\"https:\/\/onlinelotto365.com\/tr\/kazanan-numaralar\/la-primitiva\/#breadcrumb\"},\"inLanguage\":\"tr\",\"potentialAction\":[{\"@type\":\"ReadAction\",\"target\":[\"https:\/\/onlinelotto365.com\/tr\/kazanan-numaralar\/la-primitiva\/\"]}]},{\"@type\":\"ImageObject\",\"inLanguage\":\"tr\",\"@id\":\"https:\/\/onlinelotto365.com\/tr\/kazanan-numaralar\/la-primitiva\/#primaryimage\",\"url\":\"https:\/\/redfoxlotto.com\/image?size=8&amp;lottery=la-primitiva\",\"contentUrl\":\"https:\/\/redfoxlotto.com\/image?size=8&amp;lottery=la-primitiva\"},{\"@type\":\"BreadcrumbList\",\"@id\":\"https:\/\/onlinelotto365.com\/tr\/kazanan-numaralar\/la-primitiva\/#breadcrumb\",\"itemListElement\":[{\"@type\":\"ListItem\",\"position\":1,\"name\":\"Home\",\"item\":\"https:\/\/onlinelotto365.com\/tr\/\"},{\"@type\":\"ListItem\",\"position\":2,\"name\":\"T\u00fcm piyangolari kazanan sayilar\",\"item\":\"https:\/\/onlinelotto365.com\/tr\/kazanan-numaralar\/\"},{\"@type\":\"ListItem\",\"position\":3,\"name\":\"La Primitiva \u00e7ekili\u015f sonu\u00e7lar\u0131\"}]},{\"@type\":\"WebSite\",\"@id\":\"https:\/\/onlinelotto365.com\/tr\/#website\",\"url\":\"https:\/\/onlinelotto365.com\/tr\/\",\"name\":\"OnlineLotto365\",\"description\":\"\",\"potentialAction\":[{\"@type\":\"SearchAction\",\"target\":{\"@type\":\"EntryPoint\",\"urlTemplate\":\"https:\/\/onlinelotto365.com\/tr\/?s={search_term_string}\"},\"query-input\":{\"@type\":\"PropertyValueSpecification\",\"valueRequired\":true,\"valueName\":\"search_term_string\"}}],\"inLanguage\":\"tr\"}]}<\/script>\n<!-- \/ Yoast SEO plugin. -->","yoast_head_json":{"title":"Son \u00e7ekili\u015f sonu\u00e7lar\u0131, La Primitiva i\u00e7in kazanan numaralar","description":"\u0130spanya'daki La Primitiva'n\u0131n en son kazanan numaralar\u0131n\u0131 ve di\u011fer sonu\u00e7lar\u0131 \u00f6\u011frenin","robots":{"index":"index","follow":"follow","max-snippet":"max-snippet:-1","max-image-preview":"max-image-preview:large","max-video-preview":"max-video-preview:-1"},"canonical":"https:\/\/onlinelotto365.com\/tr\/kazanan-numaralar\/la-primitiva\/","og_locale":"tr_TR","og_type":"article","og_title":"Son \u00e7ekili\u015f sonu\u00e7lar\u0131, La Primitiva i\u00e7in kazanan numaralar","og_description":"\u0130spanya'daki La Primitiva'n\u0131n en son kazanan numaralar\u0131n\u0131 ve di\u011fer sonu\u00e7lar\u0131 \u00f6\u011frenin","og_url":"https:\/\/onlinelotto365.com\/tr\/kazanan-numaralar\/la-primitiva\/","og_site_name":"OnlineLotto365","og_image":[{"url":"https:\/\/redfoxlotto.com\/image?size=8&amp;lottery=la-primitiva"}],"twitter_card":"summary_large_image","twitter_misc":{"Tahmini okuma s\u00fcresi":"2 dakika"},"schema":{"@context":"https:\/\/schema.org","@graph":[{"@type":"WebPage","@id":"https:\/\/onlinelotto365.com\/tr\/kazanan-numaralar\/la-primitiva\/","url":"https:\/\/onlinelotto365.com\/tr\/kazanan-numaralar\/la-primitiva\/","name":"Son \u00e7ekili\u015f sonu\u00e7lar\u0131, La Primitiva i\u00e7in kazanan numaralar","isPartOf":{"@id":"https:\/\/onlinelotto365.com\/tr\/#website"},"primaryImageOfPage":{"@id":"https:\/\/onlinelotto365.com\/tr\/kazanan-numaralar\/la-primitiva\/#primaryimage"},"image":{"@id":"https:\/\/onlinelotto365.com\/tr\/kazanan-numaralar\/la-primitiva\/#primaryimage"},"thumbnailUrl":"https:\/\/redfoxlotto.com\/image?size=8&amp;lottery=la-primitiva","datePublished":"2022-11-22T11:59:20+00:00","dateModified":"2022-11-22T11:59:20+00:00","description":"\u0130spanya'daki La Primitiva'n\u0131n en son kazanan numaralar\u0131n\u0131 ve di\u011fer sonu\u00e7lar\u0131 \u00f6\u011frenin","breadcrumb":{"@id":"https:\/\/onlinelotto365.com\/tr\/kazanan-numaralar\/la-primitiva\/#breadcrumb"},"inLanguage":"tr","potentialAction":[{"@type":"ReadAction","target":["https:\/\/onlinelotto365.com\/tr\/kazanan-numaralar\/la-primitiva\/"]}]},{"@type":"ImageObject","inLanguage":"tr","@id":"https:\/\/onlinelotto365.com\/tr\/kazanan-numaralar\/la-primitiva\/#primaryimage","url":"https:\/\/redfoxlotto.com\/image?size=8&amp;lottery=la-primitiva","contentUrl":"https:\/\/redfoxlotto.com\/image?size=8&amp;lottery=la-primitiva"},{"@type":"BreadcrumbList","@id":"https:\/\/onlinelotto365.com\/tr\/kazanan-numaralar\/la-primitiva\/#breadcrumb","itemListElement":[{"@type":"ListItem","position":1,"name":"Home","item":"https:\/\/onlinelotto365.com\/tr\/"},{"@type":"ListItem","position":2,"name":"T\u00fcm piyangolari kazanan sayilar","item":"https:\/\/onlinelotto365.com\/tr\/kazanan-numaralar\/"},{"@type":"ListItem","position":3,"name":"La Primitiva \u00e7ekili\u015f sonu\u00e7lar\u0131"}]},{"@type":"WebSite","@id":"https:\/\/onlinelotto365.com\/tr\/#website","url":"https:\/\/onlinelotto365.com\/tr\/","name":"OnlineLotto365","description":"","potentialAction":[{"@type":"SearchAction","target":{"@type":"EntryPoint","urlTemplate":"https:\/\/onlinelotto365.com\/tr\/?s={search_term_string}"},"query-input":{"@type":"PropertyValueSpecification","valueRequired":true,"valueName":"search_term_string"}}],"inLanguage":"tr"}]}},"_links":{"self":[{"href":"https:\/\/onlinelotto365.com\/tr\/wp-json\/wp\/v2\/pages\/80718","targetHints":{"allow":["GET"]}}],"collection":[{"href":"https:\/\/onlinelotto365.com\/tr\/wp-json\/wp\/v2\/pages"}],"about":[{"href":"https:\/\/onlinelotto365.com\/tr\/wp-json\/wp\/v2\/types\/page"}],"author":[{"embeddable":true,"href":"https:\/\/onlinelotto365.com\/tr\/wp-json\/wp\/v2\/users\/1"}],"replies":[{"embeddable":true,"href":"https:\/\/onlinelotto365.com\/tr\/wp-json\/wp\/v2\/comments?post=80718"}],"version-history":[{"count":0,"href":"https:\/\/onlinelotto365.com\/tr\/wp-json\/wp\/v2\/pages\/80718\/revisions"}],"up":[{"embeddable":true,"href":"https:\/\/onlinelotto365.com\/tr\/wp-json\/wp\/v2\/pages\/5871"}],"wp:attachment":[{"href":"https:\/\/onlinelotto365.com\/tr\/wp-json\/wp\/v2\/media?parent=80718"}],"curies":[{"name":"wp","href":"https:\/\/api.w.org\/{rel}","templated":true}]}}