{"id":80750,"date":"2022-11-22T13:50:55","date_gmt":"2022-11-22T12:50:55","guid":{"rendered":"https:\/\/onlinelotto365.com\/?page_id=80750"},"modified":"2022-11-22T13:50:55","modified_gmt":"2022-11-22T12:50:55","slug":"bonoloto","status":"publish","type":"page","link":"https:\/\/onlinelotto365.com\/tr\/kazanan-numaralar\/bonoloto\/","title":{"rendered":"\u0130spanyol Bonoloto sonu\u00e7lar\u0131"},"content":{"rendered":"<p>Uluslararas\u0131 piyango oyunlar\u0131 \u00e7ok e\u011flenceli olabilir ancak kazanan numaralar\u0131 nas\u0131l kontrol edece\u011finizi bilmeniz gerekir. Kazanan BonoLoto numaralar\u0131na bakman\u0131n bir yolu gazeteye gitmektir. Ancak yaln\u0131zca yerel gazeteler genellikle arad\u0131\u011f\u0131n\u0131z sonu\u00e7lara sahip olacakt\u0131r.<br \/>\n<a href=\"https:\/\/redfoxlotto.com\/play\/bonoloto\/?ref=a8564250a2&amp;medium=ol365\" target=\"_blank\" rel=\"noopener noreferrer\"><img decoding=\"async\" class=\"aligncenter\" src=\"https:\/\/redfoxlotto.com\/image?size=8&amp;lottery=bonoloto\" alt=\"BonoLoto\" \/><\/a><br \/>\nDi\u011fer bir se\u00e7enek de televizyon kanallar\u0131na bakmakt\u0131r, ancak arad\u0131\u011f\u0131n\u0131z bilgileri orada da bulamayabilirsiniz. Do\u011fru b\u00f6lgede ya\u015f\u0131yor olman\u0131z ve rakamlar\u0131 ne zaman kontrol edece\u011finizi bilmeniz gerekir.<\/p>\n<p>Ard\u0131ndan, BonoLoto&#8217;nun resmi web sitesine bakarak \u00e7evrimi\u00e7i canl\u0131 bir \u00e7ekili\u015f sunup sunmad\u0131klar\u0131n\u0131 g\u00f6rebilirsiniz. Bunu yapan oyunlar herkes i\u00e7in heyecan verici olabilir \u00e7\u00fcnk\u00fc hemen gelen say\u0131lara bakma an\u0131na kendinizi kapt\u0131rabilirsiniz. Ancak t\u00fcm piyango oyunlar\u0131n\u0131n asl\u0131nda bu se\u00e7ene\u011fi sunmad\u0131\u011f\u0131n\u0131 unutmay\u0131n.<\/p>\n<p>Son olarak, birisinin \u00e7ekili\u015fin canl\u0131 bir videosunu yay\u0131nlay\u0131p yay\u0131nlamad\u0131\u011f\u0131n\u0131 veya BonoLoto \u00e7ekili\u015fini payla\u015fmak i\u00e7in kazanan say\u0131lar\u0131 ba\u015fka bir \u015fekilde kaydedip kaydetmedi\u011fini g\u00f6rmek i\u00e7in YouTube&#8217;a bakabilirsiniz.<\/p>\n<p>Ancak kazanan numaralar\u0131 \u00f6\u011frenmenin en uygun yolu kesinlikle web sitemizi kontrol etmektir. Size BonoLoto i\u00e7in t\u00fcm kazanan numaralar\u0131 ve web sitemizde bulunan di\u011fer oyunlar\u0131 verece\u011fiz, b\u00f6ylece tek bir yerden takip edebilirsiniz.<\/p>\n<h2>Online biletinizin kazan\u0131p kazanmad\u0131\u011f\u0131n\u0131 nas\u0131l \u00f6\u011frenebilirsiniz?<\/h2>\n<p>BonoLoto i\u00e7in \u00f6nceden bilet alm\u0131\u015f olanlar, do\u011frudan hesab\u0131n\u0131za girebilirler. Giri\u015f yap\u0131n ve biletlerinizin bulundu\u011fu sayfaya gidin. Oraya gitti\u011finizde, bilet sat\u0131n ald\u0131\u011f\u0131n\u0131z t\u00fcm oyunlar\u0131n sonu\u00e7lar\u0131n\u0131 g\u00f6rebileceksiniz. Bu, hangi numaralar\u0131n e\u015fle\u015fti\u011fini ve hangilerinin e\u015fle\u015fmedi\u011fini g\u00f6rmenizi \u00e7ok daha kolay hale getirecektir. Ayr\u0131ca 2500 \u20ac&#8217;dan az kazand\u0131ysan\u0131z paran\u0131z\u0131 hemen alabileceksiniz. Bunun nedeni, bu miktarlar\u0131n sizin hi\u00e7bir \u015fey yapman\u0131za gerek kalmadan do\u011frudan hesab\u0131n\u0131za yat\u0131r\u0131lmas\u0131d\u0131r.<\/p>\n<h2>BonoLoto sonu\u00e7 ar\u015fivi<\/h2>\n<p>BonoLoto i\u00e7in eski numaralar\u0131 ar\u0131yorsan\u0131z \u00e7ok uza\u011fa bakman\u0131za gerek yok. \u00c7\u00fcnk\u00fc sizin i\u00e7in her \u015feyi hallettik. Hatta t\u00fcm eski numaralar\u0131 en son numaralarla ayn\u0131 yere koyduk, b\u00f6ylece onlar\u0131 bulmaya \u00e7al\u0131\u015fmak konusunda endi\u015felenmenize gerek kalmad\u0131. \u00c7\u00fcnk\u00fc bu numaralar\u0131 istedi\u011finiz zaman bulabilmenin sizin i\u00e7in ne kadar \u00f6nemli oldu\u011funu biliyoruz.<\/p>\n<h2>Biletim kazand\u0131, sonra ne olacak?<\/h2>\n<p><img loading=\"lazy\" decoding=\"async\" class=\"alignright wp-image-3651\" src=\"https:\/\/onlinelotto365.com\/wp-content\/uploads\/2020\/11\/online_lottery-79-300x292.jpg\" alt=\"bonoloto kazanan numaralar\" width=\"148\" height=\"145\" srcset=\"https:\/\/onlinelotto365.com\/wp-content\/uploads\/2020\/11\/online_lottery-79-300x292.jpg 300w, https:\/\/onlinelotto365.com\/wp-content\/uploads\/2020\/11\/online_lottery-79.jpg 320w\" sizes=\"auto, (max-width: 148px) 100vw, 148px\" \/><br \/>\nHerhangi bir loto oyunu i\u00e7in k\u00fc\u00e7\u00fck \u00f6d\u00fcllerden baz\u0131lar\u0131n\u0131 kazan\u0131rsan\u0131z, paran\u0131z\u0131 alma konusunda endi\u015felenmenize gerek olmad\u0131\u011f\u0131ndan bahsetmi\u015ftik. \u00c7\u00fcnk\u00fc paran\u0131z\u0131n do\u011frudan hesab\u0131n\u0131za yat\u0131r\u0131lmas\u0131n\u0131 sizin i\u00e7in biz \u00fcstleniyoruz. 2500 \u20ac alt\u0131ndaki herhangi bir miktar otomatik olarak hesab\u0131n\u0131za eklenecek, b\u00f6ylece istedi\u011finiz zaman haz\u0131r olacakt\u0131r.<br \/>\nBu kesinlikle sizin i\u00e7in uygun olacak ve bu paray\u0131 kullanmaya ba\u015flaman\u0131za yard\u0131mc\u0131 olacakt\u0131r. \u00c7\u00fcnk\u00fc bu paray\u0131 istedi\u011finiz zaman daha fazla bilet sat\u0131n almak i\u00e7in kullanabilirsiniz. E\u011fer 10 \u20ac&#8217;nun \u00fczerindeyse, paray\u0131 daha \u00f6nce sitemizde kulland\u0131\u011f\u0131n\u0131z herhangi bir hesaba bile \u00e7ekebilirsiniz.<\/p>\n","protected":false},"excerpt":{"rendered":"<p>Uluslararas\u0131 piyango oyunlar\u0131 \u00e7ok e\u011flenceli olabilir ancak kazanan numaralar\u0131 nas\u0131l kontrol edece\u011finizi bilmeniz gerekir. Kazanan BonoLoto numaralar\u0131na bakman\u0131n bir yolu gazeteye gitmektir. Ancak yaln\u0131zca yerel gazeteler genellikle arad\u0131\u011f\u0131n\u0131z sonu\u00e7lara sahip olacakt\u0131r. Di\u011fer bir se\u00e7enek de televizyon kanallar\u0131na bakmakt\u0131r, ancak arad\u0131\u011f\u0131n\u0131z bilgileri orada da bulamayabilirsiniz. Do\u011fru b\u00f6lgede ya\u015f\u0131yor olman\u0131z ve rakamlar\u0131 ne zaman kontrol edece\u011finizi bilmeniz [&hellip;]<\/p>\n","protected":false},"author":1,"featured_media":0,"parent":5871,"menu_order":8,"comment_status":"closed","ping_status":"closed","template":"template-rightsidebar.php","meta":{"_et_pb_use_builder":"","_et_pb_old_content":"","_et_gb_content_width":"","exclude_from_search":false,"footnotes":""},"class_list":["post-80750","page","type-page","status-publish","hentry"],"yoast_head":"<!-- This site is optimized with the Yoast SEO plugin v23.4 - https:\/\/yoast.com\/wordpress\/plugins\/seo\/ -->\n<title>\u0130spanyol BonoLoto i\u00e7in sonu\u00e7lar ve \u00f6d\u00fcller<\/title>\n<meta name=\"description\" content=\"Bonoloto biletlerinizin kazan\u0131p kazanmad\u0131\u011f\u0131n\u0131 \u00f6\u011frenmek i\u00e7in buraya bak\u0131n\" \/>\n<meta name=\"robots\" content=\"index, follow, max-snippet:-1, max-image-preview:large, max-video-preview:-1\" \/>\n<link rel=\"canonical\" href=\"https:\/\/onlinelotto365.com\/tr\/kazanan-numaralar\/bonoloto\/\" \/>\n<meta property=\"og:locale\" content=\"tr_TR\" \/>\n<meta property=\"og:type\" content=\"article\" \/>\n<meta property=\"og:title\" content=\"\u0130spanyol BonoLoto i\u00e7in sonu\u00e7lar ve \u00f6d\u00fcller\" \/>\n<meta property=\"og:description\" content=\"Bonoloto biletlerinizin kazan\u0131p kazanmad\u0131\u011f\u0131n\u0131 \u00f6\u011frenmek i\u00e7in buraya bak\u0131n\" \/>\n<meta property=\"og:url\" content=\"https:\/\/onlinelotto365.com\/tr\/kazanan-numaralar\/bonoloto\/\" \/>\n<meta property=\"og:site_name\" content=\"OnlineLotto365\" \/>\n<meta property=\"og:image\" content=\"https:\/\/redfoxlotto.com\/image?size=8&amp;lottery=bonoloto\" \/>\n<meta name=\"twitter:card\" content=\"summary_large_image\" \/>\n<meta name=\"twitter:label1\" content=\"Tahmini okuma s\u00fcresi\" \/>\n\t<meta name=\"twitter:data1\" content=\"2 dakika\" \/>\n<script type=\"application\/ld+json\" class=\"yoast-schema-graph\">{\"@context\":\"https:\/\/schema.org\",\"@graph\":[{\"@type\":\"WebPage\",\"@id\":\"https:\/\/onlinelotto365.com\/tr\/kazanan-numaralar\/bonoloto\/\",\"url\":\"https:\/\/onlinelotto365.com\/tr\/kazanan-numaralar\/bonoloto\/\",\"name\":\"\u0130spanyol BonoLoto i\u00e7in sonu\u00e7lar ve \u00f6d\u00fcller\",\"isPartOf\":{\"@id\":\"https:\/\/onlinelotto365.com\/tr\/#website\"},\"primaryImageOfPage\":{\"@id\":\"https:\/\/onlinelotto365.com\/tr\/kazanan-numaralar\/bonoloto\/#primaryimage\"},\"image\":{\"@id\":\"https:\/\/onlinelotto365.com\/tr\/kazanan-numaralar\/bonoloto\/#primaryimage\"},\"thumbnailUrl\":\"https:\/\/redfoxlotto.com\/image?size=8&amp;lottery=bonoloto\",\"datePublished\":\"2022-11-22T12:50:55+00:00\",\"dateModified\":\"2022-11-22T12:50:55+00:00\",\"description\":\"Bonoloto biletlerinizin kazan\u0131p kazanmad\u0131\u011f\u0131n\u0131 \u00f6\u011frenmek i\u00e7in buraya bak\u0131n\",\"breadcrumb\":{\"@id\":\"https:\/\/onlinelotto365.com\/tr\/kazanan-numaralar\/bonoloto\/#breadcrumb\"},\"inLanguage\":\"tr\",\"potentialAction\":[{\"@type\":\"ReadAction\",\"target\":[\"https:\/\/onlinelotto365.com\/tr\/kazanan-numaralar\/bonoloto\/\"]}]},{\"@type\":\"ImageObject\",\"inLanguage\":\"tr\",\"@id\":\"https:\/\/onlinelotto365.com\/tr\/kazanan-numaralar\/bonoloto\/#primaryimage\",\"url\":\"https:\/\/redfoxlotto.com\/image?size=8&amp;lottery=bonoloto\",\"contentUrl\":\"https:\/\/redfoxlotto.com\/image?size=8&amp;lottery=bonoloto\"},{\"@type\":\"BreadcrumbList\",\"@id\":\"https:\/\/onlinelotto365.com\/tr\/kazanan-numaralar\/bonoloto\/#breadcrumb\",\"itemListElement\":[{\"@type\":\"ListItem\",\"position\":1,\"name\":\"Home\",\"item\":\"https:\/\/onlinelotto365.com\/tr\/\"},{\"@type\":\"ListItem\",\"position\":2,\"name\":\"T\u00fcm piyangolari kazanan sayilar\",\"item\":\"https:\/\/onlinelotto365.com\/tr\/kazanan-numaralar\/\"},{\"@type\":\"ListItem\",\"position\":3,\"name\":\"\u0130spanyol Bonoloto sonu\u00e7lar\u0131\"}]},{\"@type\":\"WebSite\",\"@id\":\"https:\/\/onlinelotto365.com\/tr\/#website\",\"url\":\"https:\/\/onlinelotto365.com\/tr\/\",\"name\":\"OnlineLotto365\",\"description\":\"\",\"potentialAction\":[{\"@type\":\"SearchAction\",\"target\":{\"@type\":\"EntryPoint\",\"urlTemplate\":\"https:\/\/onlinelotto365.com\/tr\/?s={search_term_string}\"},\"query-input\":{\"@type\":\"PropertyValueSpecification\",\"valueRequired\":true,\"valueName\":\"search_term_string\"}}],\"inLanguage\":\"tr\"}]}<\/script>\n<!-- \/ Yoast SEO plugin. -->","yoast_head_json":{"title":"\u0130spanyol BonoLoto i\u00e7in sonu\u00e7lar ve \u00f6d\u00fcller","description":"Bonoloto biletlerinizin kazan\u0131p kazanmad\u0131\u011f\u0131n\u0131 \u00f6\u011frenmek i\u00e7in buraya bak\u0131n","robots":{"index":"index","follow":"follow","max-snippet":"max-snippet:-1","max-image-preview":"max-image-preview:large","max-video-preview":"max-video-preview:-1"},"canonical":"https:\/\/onlinelotto365.com\/tr\/kazanan-numaralar\/bonoloto\/","og_locale":"tr_TR","og_type":"article","og_title":"\u0130spanyol BonoLoto i\u00e7in sonu\u00e7lar ve \u00f6d\u00fcller","og_description":"Bonoloto biletlerinizin kazan\u0131p kazanmad\u0131\u011f\u0131n\u0131 \u00f6\u011frenmek i\u00e7in buraya bak\u0131n","og_url":"https:\/\/onlinelotto365.com\/tr\/kazanan-numaralar\/bonoloto\/","og_site_name":"OnlineLotto365","og_image":[{"url":"https:\/\/redfoxlotto.com\/image?size=8&amp;lottery=bonoloto"}],"twitter_card":"summary_large_image","twitter_misc":{"Tahmini okuma s\u00fcresi":"2 dakika"},"schema":{"@context":"https:\/\/schema.org","@graph":[{"@type":"WebPage","@id":"https:\/\/onlinelotto365.com\/tr\/kazanan-numaralar\/bonoloto\/","url":"https:\/\/onlinelotto365.com\/tr\/kazanan-numaralar\/bonoloto\/","name":"\u0130spanyol BonoLoto i\u00e7in sonu\u00e7lar ve \u00f6d\u00fcller","isPartOf":{"@id":"https:\/\/onlinelotto365.com\/tr\/#website"},"primaryImageOfPage":{"@id":"https:\/\/onlinelotto365.com\/tr\/kazanan-numaralar\/bonoloto\/#primaryimage"},"image":{"@id":"https:\/\/onlinelotto365.com\/tr\/kazanan-numaralar\/bonoloto\/#primaryimage"},"thumbnailUrl":"https:\/\/redfoxlotto.com\/image?size=8&amp;lottery=bonoloto","datePublished":"2022-11-22T12:50:55+00:00","dateModified":"2022-11-22T12:50:55+00:00","description":"Bonoloto biletlerinizin kazan\u0131p kazanmad\u0131\u011f\u0131n\u0131 \u00f6\u011frenmek i\u00e7in buraya bak\u0131n","breadcrumb":{"@id":"https:\/\/onlinelotto365.com\/tr\/kazanan-numaralar\/bonoloto\/#breadcrumb"},"inLanguage":"tr","potentialAction":[{"@type":"ReadAction","target":["https:\/\/onlinelotto365.com\/tr\/kazanan-numaralar\/bonoloto\/"]}]},{"@type":"ImageObject","inLanguage":"tr","@id":"https:\/\/onlinelotto365.com\/tr\/kazanan-numaralar\/bonoloto\/#primaryimage","url":"https:\/\/redfoxlotto.com\/image?size=8&amp;lottery=bonoloto","contentUrl":"https:\/\/redfoxlotto.com\/image?size=8&amp;lottery=bonoloto"},{"@type":"BreadcrumbList","@id":"https:\/\/onlinelotto365.com\/tr\/kazanan-numaralar\/bonoloto\/#breadcrumb","itemListElement":[{"@type":"ListItem","position":1,"name":"Home","item":"https:\/\/onlinelotto365.com\/tr\/"},{"@type":"ListItem","position":2,"name":"T\u00fcm piyangolari kazanan sayilar","item":"https:\/\/onlinelotto365.com\/tr\/kazanan-numaralar\/"},{"@type":"ListItem","position":3,"name":"\u0130spanyol Bonoloto sonu\u00e7lar\u0131"}]},{"@type":"WebSite","@id":"https:\/\/onlinelotto365.com\/tr\/#website","url":"https:\/\/onlinelotto365.com\/tr\/","name":"OnlineLotto365","description":"","potentialAction":[{"@type":"SearchAction","target":{"@type":"EntryPoint","urlTemplate":"https:\/\/onlinelotto365.com\/tr\/?s={search_term_string}"},"query-input":{"@type":"PropertyValueSpecification","valueRequired":true,"valueName":"search_term_string"}}],"inLanguage":"tr"}]}},"_links":{"self":[{"href":"https:\/\/onlinelotto365.com\/tr\/wp-json\/wp\/v2\/pages\/80750","targetHints":{"allow":["GET"]}}],"collection":[{"href":"https:\/\/onlinelotto365.com\/tr\/wp-json\/wp\/v2\/pages"}],"about":[{"href":"https:\/\/onlinelotto365.com\/tr\/wp-json\/wp\/v2\/types\/page"}],"author":[{"embeddable":true,"href":"https:\/\/onlinelotto365.com\/tr\/wp-json\/wp\/v2\/users\/1"}],"replies":[{"embeddable":true,"href":"https:\/\/onlinelotto365.com\/tr\/wp-json\/wp\/v2\/comments?post=80750"}],"version-history":[{"count":0,"href":"https:\/\/onlinelotto365.com\/tr\/wp-json\/wp\/v2\/pages\/80750\/revisions"}],"up":[{"embeddable":true,"href":"https:\/\/onlinelotto365.com\/tr\/wp-json\/wp\/v2\/pages\/5871"}],"wp:attachment":[{"href":"https:\/\/onlinelotto365.com\/tr\/wp-json\/wp\/v2\/media?parent=80750"}],"curies":[{"name":"wp","href":"https:\/\/api.w.org\/{rel}","templated":true}]}}