{"id":80782,"date":"2022-11-23T07:42:17","date_gmt":"2022-11-23T06:42:17","guid":{"rendered":"https:\/\/onlinelotto365.com\/?page_id=80782"},"modified":"2022-11-23T07:42:17","modified_gmt":"2022-11-23T06:42:17","slug":"uk-lottery","status":"publish","type":"page","link":"https:\/\/onlinelotto365.com\/tr\/kazanan-numaralar\/uk-lottery\/","title":{"rendered":"Birle\u015fik Krall\u0131k piyango sonu\u00e7lar\u0131"},"content":{"rendered":"<p>Piyasada \u00e7ok say\u0131da farkl\u0131 uluslararas\u0131 oyun var ve biz de bunlardan bir\u00e7o\u011funu sunuyoruz. Bu, \u00e7ekili\u015ften sonra sonu\u00e7lar\u0131 bulmakta zorlanaca\u011f\u0131n\u0131z anlam\u0131na gelebilir. Baz\u0131lar\u0131 gazeteye bakmak ister, ancak yerel gazetenizde Birle\u015fik Krall\u0131k Piyangosunun sonu\u00e7lar\u0131 olmayabilir. \u00d6te yandan, televizyon kanallar\u0131 da bu sonu\u00e7lara sahip olmayabilir veya sahip olan do\u011fru kanal\u0131 bulmak zaman alabilir.<br \/>\n<a href=\"https:\/\/redfoxlotto.com\/play\/lotto-uk\/?ref=a8564250a2&amp;medium=ol365\" target=\"_blank\" rel=\"noopener noreferrer\"><img decoding=\"async\" class=\"aligncenter\" src=\"https:\/\/redfoxlotto.com\/image?size=8&amp;lottery=lotto-uk\" alt=\"i\u0307ngi\u0307ltere pi\u0307yangosu\" \/><\/a><br \/>\nBa\u015fka bir se\u00e7enek de, \u00e7ekili\u015f s\u00fcrecinin canl\u0131 yay\u0131n\u0131na sahip olabilen Birle\u015fik Krall\u0131k Piyangosu&#8217;nun resmi web sitesine bakmakt\u0131r. Ancak t\u00fcm piyango oyunlar\u0131 bu t\u00fcr bir canl\u0131 yay\u0131n sistemi sunmaz ve sunduklar\u0131nda bile do\u011fru zamanda orada olman\u0131z gerekir. Peki, Birle\u015fik Krall\u0131k Piyangosunun sonu\u00e7lar\u0131n\u0131 bulmak i\u00e7in hangi yolu kullanabilirsiniz?<br \/>\nBa\u015fka bir se\u00e7enek de, e\u011fer \u00e7oktan bitmi\u015fse, en son Birle\u015fik Krall\u0131k Piyango \u00e7ekili\u015fi i\u00e7in YouTube&#8217;u kontrol etmektir. Bazen insanlar kayd\u0131 y\u00fckler veya kazanan numaralar\u0131 bir \u015fekilde yay\u0131nlar.<\/p>\n<p>Ancak kazanan numaralar\u0131 \u00f6\u011frenmeniz i\u00e7in en kolay y\u00f6ntem web sitemizi kontrol etmektir. Piyango sonu\u00e7lar\u0131 sayfam\u0131z size UK Lottery&#8217;nin yan\u0131 s\u0131ra mevcut di\u011fer t\u00fcm piyango oyunlar\u0131n\u0131n sonu\u00e7lar\u0131n\u0131 ve \u00f6d\u00fcllerini g\u00f6sterecektir.<\/p>\n<h2>Online biletinizin kazan\u0131p kazanmad\u0131\u011f\u0131n\u0131 nas\u0131l \u00f6\u011frenebilirsiniz?<\/h2>\n<p>Sizin i\u00e7in daha da iyi olan \u015fey, daha \u00f6nce bilet sat\u0131n ald\u0131ysan\u0131z hesap sayfan\u0131z\u0131 kontrol edebilmenizdir. Hesap sayfan\u0131zda, sahip oldu\u011funuz herhangi bir biletin kazanan numaralar\u0131n\u0131 size g\u00f6sterece\u011fiz ve bunlar\u0131 kendi biletinizle kar\u015f\u0131la\u015ft\u0131raca\u011f\u0131z. E\u015fle\u015fen say\u0131lar\u0131 bile vurgulayaca\u011f\u0131z.<br \/>\nVe 2500 \u20ac&#8217;dan az kazan\u0131rsan\u0131z, hi\u00e7bir \u015fey yapman\u0131za gerek yok \u00e7\u00fcnk\u00fc sonu\u00e7lar do\u011frulan\u0131r do\u011frulanmaz para do\u011frudan oyuncu hesab\u0131n\u0131za yat\u0131r\u0131lacakt\u0131r. Bu da bir sonraki \u00e7ekili\u015f i\u00e7in daha fazla bilet alman\u0131z\u0131 kolayla\u015ft\u0131r\u0131r.<\/p>\n<h2>Birle\u015fik Krall\u0131k Piyango sonu\u00e7lar\u0131 ar\u015fivi<\/h2>\n<p>Web sitemizdeki mevcut kazanan numaralar\u0131 g\u00f6steren sayfalar\u0131n her biri size eski UK Lottery sonu\u00e7lar\u0131n\u0131 da g\u00f6sterecektir. Eski biletler i\u00e7in \u00f6nceki \u00e7ekili\u015fleri kontrol edebilecek veya bir dahaki sefere oynamak istedi\u011finiz say\u0131lar\u0131 bulabileceksiniz. Sonu\u00e7ta, bir\u00e7ok insan kendi numaralar\u0131n\u0131 se\u00e7mek i\u00e7in eski numaralar\u0131 kontrol etmeyi sever.<\/p>\n<h2>Biletim kazand\u0131, sonra ne olacak?<\/h2>\n<p><img loading=\"lazy\" decoding=\"async\" class=\"alignright wp-image-3550\" src=\"https:\/\/onlinelotto365.com\/wp-content\/uploads\/2020\/11\/online_lottery-108-300x232.jpg\" alt=\"i\u0307ngi\u0307ltere pi\u0307yango sonu\u00e7lari\" width=\"146\" height=\"113\" srcset=\"https:\/\/onlinelotto365.com\/wp-content\/uploads\/2020\/11\/online_lottery-108-300x232.jpg 300w, https:\/\/onlinelotto365.com\/wp-content\/uploads\/2020\/11\/online_lottery-108.jpg 320w\" sizes=\"auto, (max-width: 146px) 100vw, 146px\" \/><br \/>\nKazanan bir biletiniz varsa ve 2500 \u20ac&#8217;dan daha az\u0131n\u0131 almaya hak kazand\u0131ysan\u0131z hi\u00e7bir \u015fey yapman\u0131za gerek yok. Sizin i\u00e7in her \u015feyi hallediyoruz ve kazanc\u0131n\u0131z\u0131n do\u011frudan hesab\u0131n\u0131za yat\u0131r\u0131lmas\u0131n\u0131 sa\u011fl\u0131yoruz. E\u011fer bu paray\u0131 kullanmak isterseniz, daha fazla bilet sat\u0131n almak i\u00e7in kullanabilirsiniz. Kullanmak istemiyorsan\u0131z, en az 10 \u20ac&#8217;nuz oldu\u011fu s\u00fcrece paray\u0131 \u00e7ekebilirsiniz. Bu para, sitemizde daha \u00f6nce kullan\u0131lm\u0131\u015f bir \u00f6deme y\u00f6ntemiyle \u00e7ekilmelidir ve federal d\u00fczenlemelere uymak i\u00e7in kimli\u011finizi do\u011frulaman\u0131z gerekebilir.<\/p>\n","protected":false},"excerpt":{"rendered":"<p>Piyasada \u00e7ok say\u0131da farkl\u0131 uluslararas\u0131 oyun var ve biz de bunlardan bir\u00e7o\u011funu sunuyoruz. Bu, \u00e7ekili\u015ften sonra sonu\u00e7lar\u0131 bulmakta zorlanaca\u011f\u0131n\u0131z anlam\u0131na gelebilir. Baz\u0131lar\u0131 gazeteye bakmak ister, ancak yerel gazetenizde Birle\u015fik Krall\u0131k Piyangosunun sonu\u00e7lar\u0131 olmayabilir. \u00d6te yandan, televizyon kanallar\u0131 da bu sonu\u00e7lara sahip olmayabilir veya sahip olan do\u011fru kanal\u0131 bulmak zaman alabilir. Ba\u015fka bir se\u00e7enek de, \u00e7ekili\u015f [&hellip;]<\/p>\n","protected":false},"author":1,"featured_media":0,"parent":5871,"menu_order":9,"comment_status":"closed","ping_status":"closed","template":"lotto-uk-results.php","meta":{"_et_pb_use_builder":"","_et_pb_old_content":"","_et_gb_content_width":"","exclude_from_search":false,"footnotes":""},"class_list":["post-80782","page","type-page","status-publish","hentry"],"yoast_head":"<!-- This site is optimized with the Yoast SEO plugin v23.4 - https:\/\/yoast.com\/wordpress\/plugins\/seo\/ -->\n<title>Sonu\u00e7lar, Birle\u015fik Krall\u0131k Piyangosu i\u00e7in kazanan numaralar<\/title>\n<meta name=\"description\" content=\"\u00c7ekili\u015ften hemen sonra, Birle\u015fik Krall\u0131k piyangosunun sonu\u00e7lar\u0131n\u0131 ve say\u0131lar\u0131n\u0131 buradan g\u00f6rebilirsiniz\" \/>\n<meta name=\"robots\" content=\"index, follow, max-snippet:-1, max-image-preview:large, max-video-preview:-1\" \/>\n<link rel=\"canonical\" href=\"https:\/\/onlinelotto365.com\/tr\/kazanan-numaralar\/uk-lottery\/\" \/>\n<meta property=\"og:locale\" content=\"tr_TR\" \/>\n<meta property=\"og:type\" content=\"article\" \/>\n<meta property=\"og:title\" content=\"Sonu\u00e7lar, Birle\u015fik Krall\u0131k Piyangosu i\u00e7in kazanan numaralar\" \/>\n<meta property=\"og:description\" content=\"\u00c7ekili\u015ften hemen sonra, Birle\u015fik Krall\u0131k piyangosunun sonu\u00e7lar\u0131n\u0131 ve say\u0131lar\u0131n\u0131 buradan g\u00f6rebilirsiniz\" \/>\n<meta property=\"og:url\" content=\"https:\/\/onlinelotto365.com\/tr\/kazanan-numaralar\/uk-lottery\/\" \/>\n<meta property=\"og:site_name\" content=\"OnlineLotto365\" \/>\n<meta property=\"og:image\" content=\"https:\/\/redfoxlotto.com\/image?size=8&amp;lottery=lotto-uk\" \/>\n<meta name=\"twitter:card\" content=\"summary_large_image\" \/>\n<meta name=\"twitter:label1\" content=\"Tahmini okuma s\u00fcresi\" \/>\n\t<meta name=\"twitter:data1\" content=\"2 dakika\" \/>\n<script type=\"application\/ld+json\" class=\"yoast-schema-graph\">{\"@context\":\"https:\/\/schema.org\",\"@graph\":[{\"@type\":\"WebPage\",\"@id\":\"https:\/\/onlinelotto365.com\/tr\/kazanan-numaralar\/uk-lottery\/\",\"url\":\"https:\/\/onlinelotto365.com\/tr\/kazanan-numaralar\/uk-lottery\/\",\"name\":\"Sonu\u00e7lar, Birle\u015fik Krall\u0131k Piyangosu i\u00e7in kazanan numaralar\",\"isPartOf\":{\"@id\":\"https:\/\/onlinelotto365.com\/tr\/#website\"},\"primaryImageOfPage\":{\"@id\":\"https:\/\/onlinelotto365.com\/tr\/kazanan-numaralar\/uk-lottery\/#primaryimage\"},\"image\":{\"@id\":\"https:\/\/onlinelotto365.com\/tr\/kazanan-numaralar\/uk-lottery\/#primaryimage\"},\"thumbnailUrl\":\"https:\/\/redfoxlotto.com\/image?size=8&amp;lottery=lotto-uk\",\"datePublished\":\"2022-11-23T06:42:17+00:00\",\"dateModified\":\"2022-11-23T06:42:17+00:00\",\"description\":\"\u00c7ekili\u015ften hemen sonra, Birle\u015fik Krall\u0131k piyangosunun sonu\u00e7lar\u0131n\u0131 ve say\u0131lar\u0131n\u0131 buradan g\u00f6rebilirsiniz\",\"breadcrumb\":{\"@id\":\"https:\/\/onlinelotto365.com\/tr\/kazanan-numaralar\/uk-lottery\/#breadcrumb\"},\"inLanguage\":\"tr\",\"potentialAction\":[{\"@type\":\"ReadAction\",\"target\":[\"https:\/\/onlinelotto365.com\/tr\/kazanan-numaralar\/uk-lottery\/\"]}]},{\"@type\":\"ImageObject\",\"inLanguage\":\"tr\",\"@id\":\"https:\/\/onlinelotto365.com\/tr\/kazanan-numaralar\/uk-lottery\/#primaryimage\",\"url\":\"https:\/\/redfoxlotto.com\/image?size=8&amp;lottery=lotto-uk\",\"contentUrl\":\"https:\/\/redfoxlotto.com\/image?size=8&amp;lottery=lotto-uk\"},{\"@type\":\"BreadcrumbList\",\"@id\":\"https:\/\/onlinelotto365.com\/tr\/kazanan-numaralar\/uk-lottery\/#breadcrumb\",\"itemListElement\":[{\"@type\":\"ListItem\",\"position\":1,\"name\":\"Home\",\"item\":\"https:\/\/onlinelotto365.com\/tr\/\"},{\"@type\":\"ListItem\",\"position\":2,\"name\":\"T\u00fcm piyangolari kazanan sayilar\",\"item\":\"https:\/\/onlinelotto365.com\/tr\/kazanan-numaralar\/\"},{\"@type\":\"ListItem\",\"position\":3,\"name\":\"Birle\u015fik Krall\u0131k piyango sonu\u00e7lar\u0131\"}]},{\"@type\":\"WebSite\",\"@id\":\"https:\/\/onlinelotto365.com\/tr\/#website\",\"url\":\"https:\/\/onlinelotto365.com\/tr\/\",\"name\":\"OnlineLotto365\",\"description\":\"\",\"potentialAction\":[{\"@type\":\"SearchAction\",\"target\":{\"@type\":\"EntryPoint\",\"urlTemplate\":\"https:\/\/onlinelotto365.com\/tr\/?s={search_term_string}\"},\"query-input\":{\"@type\":\"PropertyValueSpecification\",\"valueRequired\":true,\"valueName\":\"search_term_string\"}}],\"inLanguage\":\"tr\"}]}<\/script>\n<!-- \/ Yoast SEO plugin. -->","yoast_head_json":{"title":"Sonu\u00e7lar, Birle\u015fik Krall\u0131k Piyangosu i\u00e7in kazanan numaralar","description":"\u00c7ekili\u015ften hemen sonra, Birle\u015fik Krall\u0131k piyangosunun sonu\u00e7lar\u0131n\u0131 ve say\u0131lar\u0131n\u0131 buradan g\u00f6rebilirsiniz","robots":{"index":"index","follow":"follow","max-snippet":"max-snippet:-1","max-image-preview":"max-image-preview:large","max-video-preview":"max-video-preview:-1"},"canonical":"https:\/\/onlinelotto365.com\/tr\/kazanan-numaralar\/uk-lottery\/","og_locale":"tr_TR","og_type":"article","og_title":"Sonu\u00e7lar, Birle\u015fik Krall\u0131k Piyangosu i\u00e7in kazanan numaralar","og_description":"\u00c7ekili\u015ften hemen sonra, Birle\u015fik Krall\u0131k piyangosunun sonu\u00e7lar\u0131n\u0131 ve say\u0131lar\u0131n\u0131 buradan g\u00f6rebilirsiniz","og_url":"https:\/\/onlinelotto365.com\/tr\/kazanan-numaralar\/uk-lottery\/","og_site_name":"OnlineLotto365","og_image":[{"url":"https:\/\/redfoxlotto.com\/image?size=8&amp;lottery=lotto-uk"}],"twitter_card":"summary_large_image","twitter_misc":{"Tahmini okuma s\u00fcresi":"2 dakika"},"schema":{"@context":"https:\/\/schema.org","@graph":[{"@type":"WebPage","@id":"https:\/\/onlinelotto365.com\/tr\/kazanan-numaralar\/uk-lottery\/","url":"https:\/\/onlinelotto365.com\/tr\/kazanan-numaralar\/uk-lottery\/","name":"Sonu\u00e7lar, Birle\u015fik Krall\u0131k Piyangosu i\u00e7in kazanan numaralar","isPartOf":{"@id":"https:\/\/onlinelotto365.com\/tr\/#website"},"primaryImageOfPage":{"@id":"https:\/\/onlinelotto365.com\/tr\/kazanan-numaralar\/uk-lottery\/#primaryimage"},"image":{"@id":"https:\/\/onlinelotto365.com\/tr\/kazanan-numaralar\/uk-lottery\/#primaryimage"},"thumbnailUrl":"https:\/\/redfoxlotto.com\/image?size=8&amp;lottery=lotto-uk","datePublished":"2022-11-23T06:42:17+00:00","dateModified":"2022-11-23T06:42:17+00:00","description":"\u00c7ekili\u015ften hemen sonra, Birle\u015fik Krall\u0131k piyangosunun sonu\u00e7lar\u0131n\u0131 ve say\u0131lar\u0131n\u0131 buradan g\u00f6rebilirsiniz","breadcrumb":{"@id":"https:\/\/onlinelotto365.com\/tr\/kazanan-numaralar\/uk-lottery\/#breadcrumb"},"inLanguage":"tr","potentialAction":[{"@type":"ReadAction","target":["https:\/\/onlinelotto365.com\/tr\/kazanan-numaralar\/uk-lottery\/"]}]},{"@type":"ImageObject","inLanguage":"tr","@id":"https:\/\/onlinelotto365.com\/tr\/kazanan-numaralar\/uk-lottery\/#primaryimage","url":"https:\/\/redfoxlotto.com\/image?size=8&amp;lottery=lotto-uk","contentUrl":"https:\/\/redfoxlotto.com\/image?size=8&amp;lottery=lotto-uk"},{"@type":"BreadcrumbList","@id":"https:\/\/onlinelotto365.com\/tr\/kazanan-numaralar\/uk-lottery\/#breadcrumb","itemListElement":[{"@type":"ListItem","position":1,"name":"Home","item":"https:\/\/onlinelotto365.com\/tr\/"},{"@type":"ListItem","position":2,"name":"T\u00fcm piyangolari kazanan sayilar","item":"https:\/\/onlinelotto365.com\/tr\/kazanan-numaralar\/"},{"@type":"ListItem","position":3,"name":"Birle\u015fik Krall\u0131k piyango sonu\u00e7lar\u0131"}]},{"@type":"WebSite","@id":"https:\/\/onlinelotto365.com\/tr\/#website","url":"https:\/\/onlinelotto365.com\/tr\/","name":"OnlineLotto365","description":"","potentialAction":[{"@type":"SearchAction","target":{"@type":"EntryPoint","urlTemplate":"https:\/\/onlinelotto365.com\/tr\/?s={search_term_string}"},"query-input":{"@type":"PropertyValueSpecification","valueRequired":true,"valueName":"search_term_string"}}],"inLanguage":"tr"}]}},"_links":{"self":[{"href":"https:\/\/onlinelotto365.com\/tr\/wp-json\/wp\/v2\/pages\/80782","targetHints":{"allow":["GET"]}}],"collection":[{"href":"https:\/\/onlinelotto365.com\/tr\/wp-json\/wp\/v2\/pages"}],"about":[{"href":"https:\/\/onlinelotto365.com\/tr\/wp-json\/wp\/v2\/types\/page"}],"author":[{"embeddable":true,"href":"https:\/\/onlinelotto365.com\/tr\/wp-json\/wp\/v2\/users\/1"}],"replies":[{"embeddable":true,"href":"https:\/\/onlinelotto365.com\/tr\/wp-json\/wp\/v2\/comments?post=80782"}],"version-history":[{"count":0,"href":"https:\/\/onlinelotto365.com\/tr\/wp-json\/wp\/v2\/pages\/80782\/revisions"}],"up":[{"embeddable":true,"href":"https:\/\/onlinelotto365.com\/tr\/wp-json\/wp\/v2\/pages\/5871"}],"wp:attachment":[{"href":"https:\/\/onlinelotto365.com\/tr\/wp-json\/wp\/v2\/media?parent=80782"}],"curies":[{"name":"wp","href":"https:\/\/api.w.org\/{rel}","templated":true}]}}